{"id":489782,"date":"2024-11-19T20:07:51","date_gmt":"2024-11-20T01:07:51","guid":{"rendered":"http:\/\/www.dumoulinbicyclettes.com\/?post_type=product&#038;p=489782"},"modified":"2025-09-04T14:21:27","modified_gmt":"2025-09-04T18:21:27","slug":"sacoche-arkel-coccinelle-xpac","status":"publish","type":"product","link":"https:\/\/dumoulin.absoludev.ca\/en\/produit\/sacoche-arkel-coccinelle-xpac\/","title":{"rendered":"Sacoche et sac \u00e0 dos Arkel Coccinelle"},"content":{"rendered":"<p>Renouvel\u00e9e enti\u00e8rement, ce classique de chez Arkel nous a beaucoup surpris dans sa nouvelle mouture. D&#8217;un c\u00f4t\u00e9, c&#8217;est d&#8217;abord et avant tout une vraie sacoche de v\u00e9lo, avec le syst\u00e8me solide d&#8217;attaches Cam-lock, signature de Arkel. De l&#8217;autre, cette sacoche se porte tr\u00e8s bien sur le dos. Sans \u00eatre un sac de randonn\u00e9e, c&#8217;est tr\u00e8s tr\u00e8s envisageable d&#8217;utiliser la Coccinelle pour se d\u00e9placer du point d&#8217;attache de son v\u00e9lo \u00e0 sa destination finale.<\/p>\n<p>Le design final et l&#8217;\u00e9l\u00e9gance nouvelle apport\u00e9e \u00e0 la Coccinnelle est un ravissement ! Une tr\u00e8s belle option pour tous les cyclo-navetteurs!<\/p>\n","protected":false},"excerpt":{"rendered":"<p>Renouvel\u00e9e enti\u00e8rement, ce classique de chez Arkel nous a beaucoup surpris dans sa nouvelle mouture. D&#8217;un c\u00f4t\u00e9, c&#8217;est d&#8217;abord et avant tout une vraie sacoche de v\u00e9lo, avec le syst\u00e8me solide d&#8217;attaches Cam-lock, signature de Arkel. De l&#8217;autre, cette sacoche se porte tr\u00e8s bien sur le dos. Sans \u00eatre un sac de randonn\u00e9e, c&#8217;est tr\u00e8s [&hellip;]<\/p>\n","protected":false},"featured_media":489788,"template":"","meta":{"_acf_changed":false},"product_brand":[],"product_cat":[197,195,188],"product_tag":[3088,3094,3093,2526],"marque-produit":[1299],"collection-produit":[],"type-surface-produit":[],"type-velo-produit":[],"vetement-produit":[],"thematique-produit":[],"position-sur-le-v\u00e9lo":[],"class_list":{"0":"post-489782","1":"product","2":"type-product","3":"status-publish","4":"has-post-thumbnail","6":"product_cat-sac-a-dos-et-sacs-de-messagers","7":"product_cat-sacoches","8":"product_cat-sacs-et-porte-bagages","9":"product_tag-arkel","10":"product_tag-coccinnelle","11":"product_tag-sac-a-dos","12":"product_tag-sacoche","13":"marque-produit-arkel","15":"first","16":"outofstock","17":"taxable","18":"shipping-taxable","19":"purchasable","20":"product-type-variable"},"acf":[],"yoast_head":"<!-- This site is optimized with the Yoast SEO plugin v24.3 - https:\/\/yoast.com\/wordpress\/plugins\/seo\/ -->\n<title>Sacoche et sac \u00e0 dos Arkel Coccinelle - Dumoulin Bicyclettes<\/title>\n<meta name=\"description\" content=\"\u00c9l\u00e9gante, v\u00e9ritable sacoche de v\u00e9lo, mais convertible de fa\u00e7on tr\u00e8s convaincante en sac \u00e0 dos, la Arkel Coccinelle est une option de choix pour les cyclistes du quotidien.\" \/>\n<meta name=\"robots\" content=\"noindex, follow, max-snippet:-1, max-image-preview:large, max-video-preview:-1\" \/>\n<meta property=\"og:locale\" content=\"en_US\" \/>\n<meta property=\"og:type\" content=\"article\" \/>\n<meta property=\"og:title\" content=\"Sacoche et sac \u00e0 dos Arkel Coccinelle - Dumoulin Bicyclettes\" \/>\n<meta property=\"og:description\" content=\"\u00c9l\u00e9gante, v\u00e9ritable sacoche de v\u00e9lo, mais convertible de fa\u00e7on tr\u00e8s convaincante en sac \u00e0 dos, la Arkel Coccinelle est une option de choix pour les cyclistes du quotidien.\" \/>\n<meta property=\"og:url\" content=\"https:\/\/dumoulin.absoludev.ca\/en\/produit\/sacoche-arkel-coccinelle-xpac\/\" \/>\n<meta property=\"og:site_name\" content=\"Dumoulin Bicyclettes\" \/>\n<meta property=\"article:publisher\" content=\"https:\/\/www.facebook.com\/dumoulinbicyclettes\" \/>\n<meta property=\"article:modified_time\" content=\"2025-09-04T18:21:27+00:00\" \/>\n<meta property=\"og:image\" content=\"https:\/\/dumoulin.absoludev.ca\/wp-content\/uploads\/2024\/11\/Sacoche-et-sac-a-dos-ARKEL-Coccinellel-dumoulin-bicyclettes-XPac-Noir.png\" \/>\n\t<meta property=\"og:image:width\" content=\"604\" \/>\n\t<meta property=\"og:image:height\" content=\"604\" \/>\n\t<meta property=\"og:image:type\" content=\"image\/png\" \/>\n<meta name=\"twitter:card\" content=\"summary_large_image\" \/>\n<meta name=\"twitter:label1\" content=\"Est. reading time\" \/>\n\t<meta name=\"twitter:data1\" content=\"1 minute\" \/>\n<script type=\"application\/ld+json\" class=\"yoast-schema-graph\">{\"@context\":\"https:\/\/schema.org\",\"@graph\":[{\"@type\":\"WebPage\",\"@id\":\"https:\/\/dumoulin.absoludev.ca\/en\/produit\/sacoche-arkel-coccinelle-xpac\/\",\"url\":\"https:\/\/dumoulin.absoludev.ca\/en\/produit\/sacoche-arkel-coccinelle-xpac\/\",\"name\":\"Sacoche et sac \u00e0 dos Arkel Coccinelle - Dumoulin Bicyclettes\",\"isPartOf\":{\"@id\":\"https:\/\/dumoulin.absoludev.ca\/#website\"},\"primaryImageOfPage\":{\"@id\":\"https:\/\/dumoulin.absoludev.ca\/en\/produit\/sacoche-arkel-coccinelle-xpac\/#primaryimage\"},\"image\":{\"@id\":\"https:\/\/dumoulin.absoludev.ca\/en\/produit\/sacoche-arkel-coccinelle-xpac\/#primaryimage\"},\"thumbnailUrl\":\"https:\/\/dumoulin.absoludev.ca\/wp-content\/uploads\/2024\/11\/Sacoche-et-sac-a-dos-ARKEL-Coccinellel-dumoulin-bicyclettes-XPac-Noir.png\",\"datePublished\":\"2024-11-20T01:07:51+00:00\",\"dateModified\":\"2025-09-04T18:21:27+00:00\",\"description\":\"\u00c9l\u00e9gante, v\u00e9ritable sacoche de v\u00e9lo, mais convertible de fa\u00e7on tr\u00e8s convaincante en sac \u00e0 dos, la Arkel Coccinelle est une option de choix pour les cyclistes du quotidien.\",\"breadcrumb\":{\"@id\":\"https:\/\/dumoulin.absoludev.ca\/en\/produit\/sacoche-arkel-coccinelle-xpac\/#breadcrumb\"},\"inLanguage\":\"en-US\",\"potentialAction\":[{\"@type\":\"ReadAction\",\"target\":[\"https:\/\/dumoulin.absoludev.ca\/en\/produit\/sacoche-arkel-coccinelle-xpac\/\"]}]},{\"@type\":\"ImageObject\",\"inLanguage\":\"en-US\",\"@id\":\"https:\/\/dumoulin.absoludev.ca\/en\/produit\/sacoche-arkel-coccinelle-xpac\/#primaryimage\",\"url\":\"https:\/\/dumoulin.absoludev.ca\/wp-content\/uploads\/2024\/11\/Sacoche-et-sac-a-dos-ARKEL-Coccinellel-dumoulin-bicyclettes-XPac-Noir.png\",\"contentUrl\":\"https:\/\/dumoulin.absoludev.ca\/wp-content\/uploads\/2024\/11\/Sacoche-et-sac-a-dos-ARKEL-Coccinellel-dumoulin-bicyclettes-XPac-Noir.png\",\"width\":604,\"height\":604},{\"@type\":\"BreadcrumbList\",\"@id\":\"https:\/\/dumoulin.absoludev.ca\/en\/produit\/sacoche-arkel-coccinelle-xpac\/#breadcrumb\",\"itemListElement\":[{\"@type\":\"ListItem\",\"position\":1,\"name\":\"Home\",\"item\":\"https:\/\/dumoulin.absoludev.ca\/en\/\"},{\"@type\":\"ListItem\",\"position\":2,\"name\":\"Shop\",\"item\":\"https:\/\/dumoulin.absoludev.ca\/en\/shop\/\"},{\"@type\":\"ListItem\",\"position\":3,\"name\":\"Sacoche et sac \u00e0 dos Arkel Coccinelle\"}]},{\"@type\":\"WebSite\",\"@id\":\"https:\/\/dumoulin.absoludev.ca\/#website\",\"url\":\"https:\/\/dumoulin.absoludev.ca\/\",\"name\":\"Dumoulin Bicyclettes\",\"description\":\"\",\"publisher\":{\"@id\":\"https:\/\/dumoulin.absoludev.ca\/#organization\"},\"potentialAction\":[{\"@type\":\"SearchAction\",\"target\":{\"@type\":\"EntryPoint\",\"urlTemplate\":\"https:\/\/dumoulin.absoludev.ca\/?s={search_term_string}\"},\"query-input\":{\"@type\":\"PropertyValueSpecification\",\"valueRequired\":true,\"valueName\":\"search_term_string\"}}],\"inLanguage\":\"en-US\"},{\"@type\":\"Organization\",\"@id\":\"https:\/\/dumoulin.absoludev.ca\/#organization\",\"name\":\"Dumoulin Bicyclettes\",\"url\":\"https:\/\/dumoulin.absoludev.ca\/\",\"logo\":{\"@type\":\"ImageObject\",\"inLanguage\":\"en-US\",\"@id\":\"https:\/\/dumoulin.absoludev.ca\/#\/schema\/logo\/image\/\",\"url\":\"https:\/\/www.dumoulinbicyclettes.com\/wp-content\/uploads\/2021\/04\/Logo.svg\",\"contentUrl\":\"https:\/\/www.dumoulinbicyclettes.com\/wp-content\/uploads\/2021\/04\/Logo.svg\",\"width\":254,\"height\":86,\"caption\":\"Dumoulin Bicyclettes\"},\"image\":{\"@id\":\"https:\/\/dumoulin.absoludev.ca\/#\/schema\/logo\/image\/\"},\"sameAs\":[\"https:\/\/www.facebook.com\/dumoulinbicyclettes\",\"https:\/\/www.instagram.com\/dumoulin.ca\/\",\"https:\/\/www.youtube.com\/user\/dumoulinbicyclettes\"]}]}<\/script>\n<!-- \/ Yoast SEO plugin. -->","yoast_head_json":{"title":"Sacoche et sac \u00e0 dos Arkel Coccinelle - Dumoulin Bicyclettes","description":"\u00c9l\u00e9gante, v\u00e9ritable sacoche de v\u00e9lo, mais convertible de fa\u00e7on tr\u00e8s convaincante en sac \u00e0 dos, la Arkel Coccinelle est une option de choix pour les cyclistes du quotidien.","robots":{"index":"noindex","follow":"follow","max-snippet":"max-snippet:-1","max-image-preview":"max-image-preview:large","max-video-preview":"max-video-preview:-1"},"og_locale":"en_US","og_type":"article","og_title":"Sacoche et sac \u00e0 dos Arkel Coccinelle - Dumoulin Bicyclettes","og_description":"\u00c9l\u00e9gante, v\u00e9ritable sacoche de v\u00e9lo, mais convertible de fa\u00e7on tr\u00e8s convaincante en sac \u00e0 dos, la Arkel Coccinelle est une option de choix pour les cyclistes du quotidien.","og_url":"https:\/\/dumoulin.absoludev.ca\/en\/produit\/sacoche-arkel-coccinelle-xpac\/","og_site_name":"Dumoulin Bicyclettes","article_publisher":"https:\/\/www.facebook.com\/dumoulinbicyclettes","article_modified_time":"2025-09-04T18:21:27+00:00","og_image":[{"width":604,"height":604,"url":"https:\/\/dumoulin.absoludev.ca\/wp-content\/uploads\/2024\/11\/Sacoche-et-sac-a-dos-ARKEL-Coccinellel-dumoulin-bicyclettes-XPac-Noir.png","type":"image\/png"}],"twitter_card":"summary_large_image","twitter_misc":{"Est. reading time":"1 minute"},"schema":{"@context":"https:\/\/schema.org","@graph":[{"@type":"WebPage","@id":"https:\/\/dumoulin.absoludev.ca\/en\/produit\/sacoche-arkel-coccinelle-xpac\/","url":"https:\/\/dumoulin.absoludev.ca\/en\/produit\/sacoche-arkel-coccinelle-xpac\/","name":"Sacoche et sac \u00e0 dos Arkel Coccinelle - Dumoulin Bicyclettes","isPartOf":{"@id":"https:\/\/dumoulin.absoludev.ca\/#website"},"primaryImageOfPage":{"@id":"https:\/\/dumoulin.absoludev.ca\/en\/produit\/sacoche-arkel-coccinelle-xpac\/#primaryimage"},"image":{"@id":"https:\/\/dumoulin.absoludev.ca\/en\/produit\/sacoche-arkel-coccinelle-xpac\/#primaryimage"},"thumbnailUrl":"https:\/\/dumoulin.absoludev.ca\/wp-content\/uploads\/2024\/11\/Sacoche-et-sac-a-dos-ARKEL-Coccinellel-dumoulin-bicyclettes-XPac-Noir.png","datePublished":"2024-11-20T01:07:51+00:00","dateModified":"2025-09-04T18:21:27+00:00","description":"\u00c9l\u00e9gante, v\u00e9ritable sacoche de v\u00e9lo, mais convertible de fa\u00e7on tr\u00e8s convaincante en sac \u00e0 dos, la Arkel Coccinelle est une option de choix pour les cyclistes du quotidien.","breadcrumb":{"@id":"https:\/\/dumoulin.absoludev.ca\/en\/produit\/sacoche-arkel-coccinelle-xpac\/#breadcrumb"},"inLanguage":"en-US","potentialAction":[{"@type":"ReadAction","target":["https:\/\/dumoulin.absoludev.ca\/en\/produit\/sacoche-arkel-coccinelle-xpac\/"]}]},{"@type":"ImageObject","inLanguage":"en-US","@id":"https:\/\/dumoulin.absoludev.ca\/en\/produit\/sacoche-arkel-coccinelle-xpac\/#primaryimage","url":"https:\/\/dumoulin.absoludev.ca\/wp-content\/uploads\/2024\/11\/Sacoche-et-sac-a-dos-ARKEL-Coccinellel-dumoulin-bicyclettes-XPac-Noir.png","contentUrl":"https:\/\/dumoulin.absoludev.ca\/wp-content\/uploads\/2024\/11\/Sacoche-et-sac-a-dos-ARKEL-Coccinellel-dumoulin-bicyclettes-XPac-Noir.png","width":604,"height":604},{"@type":"BreadcrumbList","@id":"https:\/\/dumoulin.absoludev.ca\/en\/produit\/sacoche-arkel-coccinelle-xpac\/#breadcrumb","itemListElement":[{"@type":"ListItem","position":1,"name":"Home","item":"https:\/\/dumoulin.absoludev.ca\/en\/"},{"@type":"ListItem","position":2,"name":"Shop","item":"https:\/\/dumoulin.absoludev.ca\/en\/shop\/"},{"@type":"ListItem","position":3,"name":"Sacoche et sac \u00e0 dos Arkel Coccinelle"}]},{"@type":"WebSite","@id":"https:\/\/dumoulin.absoludev.ca\/#website","url":"https:\/\/dumoulin.absoludev.ca\/","name":"Dumoulin Bicyclettes","description":"","publisher":{"@id":"https:\/\/dumoulin.absoludev.ca\/#organization"},"potentialAction":[{"@type":"SearchAction","target":{"@type":"EntryPoint","urlTemplate":"https:\/\/dumoulin.absoludev.ca\/?s={search_term_string}"},"query-input":{"@type":"PropertyValueSpecification","valueRequired":true,"valueName":"search_term_string"}}],"inLanguage":"en-US"},{"@type":"Organization","@id":"https:\/\/dumoulin.absoludev.ca\/#organization","name":"Dumoulin Bicyclettes","url":"https:\/\/dumoulin.absoludev.ca\/","logo":{"@type":"ImageObject","inLanguage":"en-US","@id":"https:\/\/dumoulin.absoludev.ca\/#\/schema\/logo\/image\/","url":"https:\/\/www.dumoulinbicyclettes.com\/wp-content\/uploads\/2021\/04\/Logo.svg","contentUrl":"https:\/\/www.dumoulinbicyclettes.com\/wp-content\/uploads\/2021\/04\/Logo.svg","width":254,"height":86,"caption":"Dumoulin Bicyclettes"},"image":{"@id":"https:\/\/dumoulin.absoludev.ca\/#\/schema\/logo\/image\/"},"sameAs":["https:\/\/www.facebook.com\/dumoulinbicyclettes","https:\/\/www.instagram.com\/dumoulin.ca\/","https:\/\/www.youtube.com\/user\/dumoulinbicyclettes"]}]}},"_links":{"self":[{"href":"https:\/\/dumoulin.absoludev.ca\/en\/wp-json\/wp\/v2\/product\/489782","targetHints":{"allow":["GET"]}}],"collection":[{"href":"https:\/\/dumoulin.absoludev.ca\/en\/wp-json\/wp\/v2\/product"}],"about":[{"href":"https:\/\/dumoulin.absoludev.ca\/en\/wp-json\/wp\/v2\/types\/product"}],"wp:featuredmedia":[{"embeddable":true,"href":"https:\/\/dumoulin.absoludev.ca\/en\/wp-json\/wp\/v2\/media\/489788"}],"wp:attachment":[{"href":"https:\/\/dumoulin.absoludev.ca\/en\/wp-json\/wp\/v2\/media?parent=489782"}],"wp:term":[{"taxonomy":"product_brand","embeddable":true,"href":"https:\/\/dumoulin.absoludev.ca\/en\/wp-json\/wp\/v2\/product_brand?post=489782"},{"taxonomy":"product_cat","embeddable":true,"href":"https:\/\/dumoulin.absoludev.ca\/en\/wp-json\/wp\/v2\/product_cat?post=489782"},{"taxonomy":"product_tag","embeddable":true,"href":"https:\/\/dumoulin.absoludev.ca\/en\/wp-json\/wp\/v2\/product_tag?post=489782"},{"taxonomy":"marque-produit","embeddable":true,"href":"https:\/\/dumoulin.absoludev.ca\/en\/wp-json\/wp\/v2\/marque-produit?post=489782"},{"taxonomy":"collection-produit","embeddable":true,"href":"https:\/\/dumoulin.absoludev.ca\/en\/wp-json\/wp\/v2\/collection-produit?post=489782"},{"taxonomy":"type-surface-produit","embeddable":true,"href":"https:\/\/dumoulin.absoludev.ca\/en\/wp-json\/wp\/v2\/type-surface-produit?post=489782"},{"taxonomy":"type-velo-produit","embeddable":true,"href":"https:\/\/dumoulin.absoludev.ca\/en\/wp-json\/wp\/v2\/type-velo-produit?post=489782"},{"taxonomy":"vetement-produit","embeddable":true,"href":"https:\/\/dumoulin.absoludev.ca\/en\/wp-json\/wp\/v2\/vetement-produit?post=489782"},{"taxonomy":"thematique-produit","embeddable":true,"href":"https:\/\/dumoulin.absoludev.ca\/en\/wp-json\/wp\/v2\/thematique-produit?post=489782"},{"taxonomy":"position-sur-le-v\u00e9lo","embeddable":true,"href":"https:\/\/dumoulin.absoludev.ca\/en\/wp-json\/wp\/v2\/position-sur-le-v\u00e9lo?post=489782"}],"curies":[{"name":"wp","href":"https:\/\/api.w.org\/{rel}","templated":true}]}}