{"id":489497,"date":"2024-11-19T14:08:41","date_gmt":"2024-11-19T19:08:41","guid":{"rendered":"http:\/\/www.dumoulinbicyclettes.com\/?post_type=product&#038;p=489497"},"modified":"2025-09-04T14:21:27","modified_gmt":"2025-09-04T18:21:27","slug":"sacoche-arkel-signature-m","status":"publish","type":"product","link":"https:\/\/dumoulin.absoludev.ca\/en\/produit\/sacoche-arkel-signature-m\/","title":{"rendered":"Sacoche Arkel Signature M"},"content":{"rendered":"<p>Petite derni\u00e8re de la s\u00e9rie Signature, la Arkel Signature M est une sacoche de v\u00e9lo \u00e9tanche, proposant un volume de 18 litres. Construite solidement pour durer et vous accompagner tous les jours, elle est fonctionnelle et commode.<\/p>\n<p>Fabriqu\u00e9e au Qu\u00e9bec, on adore cette petite sacoche bien utile. Une option \u00e0 consid\u00e9rer pour toutes les personnes qui se d\u00e9placent en v\u00e9lo quotidiennement !<\/p>\n","protected":false},"excerpt":{"rendered":"<p>Petite derni\u00e8re de la s\u00e9rie Signature, la Arkel Signature M est une sacoche de v\u00e9lo \u00e9tanche, proposant un volume de 18 litres. Construite solidement pour durer et vous accompagner tous les jours, elle est fonctionnelle et commode. Fabriqu\u00e9e au Qu\u00e9bec, on adore cette petite sacoche bien utile. Une option \u00e0 consid\u00e9rer pour toutes les personnes [&hellip;]<\/p>\n","protected":false},"featured_media":490042,"template":"","meta":{"_acf_changed":false},"product_brand":[],"product_cat":[195,188],"product_tag":[3088,2526,3091],"marque-produit":[1299],"collection-produit":[],"type-surface-produit":[],"type-velo-produit":[],"vetement-produit":[],"thematique-produit":[],"position-sur-le-v\u00e9lo":[],"class_list":{"0":"post-489497","1":"product","2":"type-product","3":"status-publish","4":"has-post-thumbnail","6":"product_cat-sacoches","7":"product_cat-sacs-et-porte-bagages","8":"product_tag-arkel","9":"product_tag-sacoche","10":"product_tag-signature-m","11":"marque-produit-arkel","13":"first","14":"instock","15":"taxable","16":"shipping-taxable","17":"purchasable","18":"product-type-variable"},"acf":[],"yoast_head":"<!-- This site is optimized with the Yoast SEO plugin v24.3 - https:\/\/yoast.com\/wordpress\/plugins\/seo\/ -->\n<title>Sacoche Arkel Signature M - Dumoulin Bicyclettes - Montr\u00e9al - Qu\u00e9bec -<\/title>\n<meta name=\"description\" content=\"La Arkel Signature M est une sacoche de v\u00e9lo au volume compact, dessin\u00e9e pour \u00eatre fonctionnelle et \u00e9l\u00e9gante, robuste et tr\u00e8s pratique. \u00c0 consid\u00e9rer !\" \/>\n<meta name=\"robots\" content=\"noindex, follow, max-snippet:-1, max-image-preview:large, max-video-preview:-1\" \/>\n<meta property=\"og:locale\" content=\"en_US\" \/>\n<meta property=\"og:type\" content=\"article\" \/>\n<meta property=\"og:title\" content=\"Sacoche Arkel Signature M - Dumoulin Bicyclettes - Montr\u00e9al - Qu\u00e9bec -\" \/>\n<meta property=\"og:description\" content=\"La Arkel Signature M est une sacoche de v\u00e9lo au volume compact, dessin\u00e9e pour \u00eatre fonctionnelle et \u00e9l\u00e9gante, robuste et tr\u00e8s pratique. \u00c0 consid\u00e9rer !\" \/>\n<meta property=\"og:url\" content=\"https:\/\/dumoulin.absoludev.ca\/en\/produit\/sacoche-arkel-signature-m\/\" \/>\n<meta property=\"og:site_name\" content=\"Dumoulin Bicyclettes\" \/>\n<meta property=\"article:publisher\" content=\"https:\/\/www.facebook.com\/dumoulinbicyclettes\" \/>\n<meta property=\"article:modified_time\" content=\"2025-09-04T18:21:27+00:00\" \/>\n<meta property=\"og:image\" content=\"https:\/\/dumoulin.absoludev.ca\/wp-content\/uploads\/2024\/11\/sacoche-panier-arkel-signature-m-montreal-dumoulin-bicyclettes-cordura-cuivre.png\" \/>\n\t<meta property=\"og:image:width\" content=\"694\" \/>\n\t<meta property=\"og:image:height\" content=\"792\" \/>\n\t<meta property=\"og:image:type\" content=\"image\/png\" \/>\n<meta name=\"twitter:card\" content=\"summary_large_image\" \/>\n<meta name=\"twitter:label1\" content=\"Est. reading time\" \/>\n\t<meta name=\"twitter:data1\" content=\"1 minute\" \/>\n<script type=\"application\/ld+json\" class=\"yoast-schema-graph\">{\"@context\":\"https:\/\/schema.org\",\"@graph\":[{\"@type\":\"WebPage\",\"@id\":\"https:\/\/dumoulin.absoludev.ca\/en\/produit\/sacoche-arkel-signature-m\/\",\"url\":\"https:\/\/dumoulin.absoludev.ca\/en\/produit\/sacoche-arkel-signature-m\/\",\"name\":\"Sacoche Arkel Signature M - Dumoulin Bicyclettes - Montr\u00e9al - Qu\u00e9bec -\",\"isPartOf\":{\"@id\":\"https:\/\/dumoulin.absoludev.ca\/#website\"},\"primaryImageOfPage\":{\"@id\":\"https:\/\/dumoulin.absoludev.ca\/en\/produit\/sacoche-arkel-signature-m\/#primaryimage\"},\"image\":{\"@id\":\"https:\/\/dumoulin.absoludev.ca\/en\/produit\/sacoche-arkel-signature-m\/#primaryimage\"},\"thumbnailUrl\":\"https:\/\/dumoulin.absoludev.ca\/wp-content\/uploads\/2024\/11\/sacoche-panier-arkel-signature-m-montreal-dumoulin-bicyclettes-cordura-cuivre.png\",\"datePublished\":\"2024-11-19T19:08:41+00:00\",\"dateModified\":\"2025-09-04T18:21:27+00:00\",\"description\":\"La Arkel Signature M est une sacoche de v\u00e9lo au volume compact, dessin\u00e9e pour \u00eatre fonctionnelle et \u00e9l\u00e9gante, robuste et tr\u00e8s pratique. \u00c0 consid\u00e9rer !\",\"breadcrumb\":{\"@id\":\"https:\/\/dumoulin.absoludev.ca\/en\/produit\/sacoche-arkel-signature-m\/#breadcrumb\"},\"inLanguage\":\"en-US\",\"potentialAction\":[{\"@type\":\"ReadAction\",\"target\":[\"https:\/\/dumoulin.absoludev.ca\/en\/produit\/sacoche-arkel-signature-m\/\"]}]},{\"@type\":\"ImageObject\",\"inLanguage\":\"en-US\",\"@id\":\"https:\/\/dumoulin.absoludev.ca\/en\/produit\/sacoche-arkel-signature-m\/#primaryimage\",\"url\":\"https:\/\/dumoulin.absoludev.ca\/wp-content\/uploads\/2024\/11\/sacoche-panier-arkel-signature-m-montreal-dumoulin-bicyclettes-cordura-cuivre.png\",\"contentUrl\":\"https:\/\/dumoulin.absoludev.ca\/wp-content\/uploads\/2024\/11\/sacoche-panier-arkel-signature-m-montreal-dumoulin-bicyclettes-cordura-cuivre.png\",\"width\":694,\"height\":792},{\"@type\":\"BreadcrumbList\",\"@id\":\"https:\/\/dumoulin.absoludev.ca\/en\/produit\/sacoche-arkel-signature-m\/#breadcrumb\",\"itemListElement\":[{\"@type\":\"ListItem\",\"position\":1,\"name\":\"Home\",\"item\":\"https:\/\/dumoulin.absoludev.ca\/en\/\"},{\"@type\":\"ListItem\",\"position\":2,\"name\":\"Shop\",\"item\":\"https:\/\/dumoulin.absoludev.ca\/en\/shop\/\"},{\"@type\":\"ListItem\",\"position\":3,\"name\":\"Sacoche Arkel Signature M\"}]},{\"@type\":\"WebSite\",\"@id\":\"https:\/\/dumoulin.absoludev.ca\/#website\",\"url\":\"https:\/\/dumoulin.absoludev.ca\/\",\"name\":\"Dumoulin Bicyclettes\",\"description\":\"\",\"publisher\":{\"@id\":\"https:\/\/dumoulin.absoludev.ca\/#organization\"},\"potentialAction\":[{\"@type\":\"SearchAction\",\"target\":{\"@type\":\"EntryPoint\",\"urlTemplate\":\"https:\/\/dumoulin.absoludev.ca\/?s={search_term_string}\"},\"query-input\":{\"@type\":\"PropertyValueSpecification\",\"valueRequired\":true,\"valueName\":\"search_term_string\"}}],\"inLanguage\":\"en-US\"},{\"@type\":\"Organization\",\"@id\":\"https:\/\/dumoulin.absoludev.ca\/#organization\",\"name\":\"Dumoulin Bicyclettes\",\"url\":\"https:\/\/dumoulin.absoludev.ca\/\",\"logo\":{\"@type\":\"ImageObject\",\"inLanguage\":\"en-US\",\"@id\":\"https:\/\/dumoulin.absoludev.ca\/#\/schema\/logo\/image\/\",\"url\":\"https:\/\/www.dumoulinbicyclettes.com\/wp-content\/uploads\/2021\/04\/Logo.svg\",\"contentUrl\":\"https:\/\/www.dumoulinbicyclettes.com\/wp-content\/uploads\/2021\/04\/Logo.svg\",\"width\":254,\"height\":86,\"caption\":\"Dumoulin Bicyclettes\"},\"image\":{\"@id\":\"https:\/\/dumoulin.absoludev.ca\/#\/schema\/logo\/image\/\"},\"sameAs\":[\"https:\/\/www.facebook.com\/dumoulinbicyclettes\",\"https:\/\/www.instagram.com\/dumoulin.ca\/\",\"https:\/\/www.youtube.com\/user\/dumoulinbicyclettes\"]}]}<\/script>\n<!-- \/ Yoast SEO plugin. -->","yoast_head_json":{"title":"Sacoche Arkel Signature M - Dumoulin Bicyclettes - Montr\u00e9al - Qu\u00e9bec -","description":"La Arkel Signature M est une sacoche de v\u00e9lo au volume compact, dessin\u00e9e pour \u00eatre fonctionnelle et \u00e9l\u00e9gante, robuste et tr\u00e8s pratique. \u00c0 consid\u00e9rer !","robots":{"index":"noindex","follow":"follow","max-snippet":"max-snippet:-1","max-image-preview":"max-image-preview:large","max-video-preview":"max-video-preview:-1"},"og_locale":"en_US","og_type":"article","og_title":"Sacoche Arkel Signature M - Dumoulin Bicyclettes - Montr\u00e9al - Qu\u00e9bec -","og_description":"La Arkel Signature M est une sacoche de v\u00e9lo au volume compact, dessin\u00e9e pour \u00eatre fonctionnelle et \u00e9l\u00e9gante, robuste et tr\u00e8s pratique. \u00c0 consid\u00e9rer !","og_url":"https:\/\/dumoulin.absoludev.ca\/en\/produit\/sacoche-arkel-signature-m\/","og_site_name":"Dumoulin Bicyclettes","article_publisher":"https:\/\/www.facebook.com\/dumoulinbicyclettes","article_modified_time":"2025-09-04T18:21:27+00:00","og_image":[{"width":694,"height":792,"url":"https:\/\/dumoulin.absoludev.ca\/wp-content\/uploads\/2024\/11\/sacoche-panier-arkel-signature-m-montreal-dumoulin-bicyclettes-cordura-cuivre.png","type":"image\/png"}],"twitter_card":"summary_large_image","twitter_misc":{"Est. reading time":"1 minute"},"schema":{"@context":"https:\/\/schema.org","@graph":[{"@type":"WebPage","@id":"https:\/\/dumoulin.absoludev.ca\/en\/produit\/sacoche-arkel-signature-m\/","url":"https:\/\/dumoulin.absoludev.ca\/en\/produit\/sacoche-arkel-signature-m\/","name":"Sacoche Arkel Signature M - Dumoulin Bicyclettes - Montr\u00e9al - Qu\u00e9bec -","isPartOf":{"@id":"https:\/\/dumoulin.absoludev.ca\/#website"},"primaryImageOfPage":{"@id":"https:\/\/dumoulin.absoludev.ca\/en\/produit\/sacoche-arkel-signature-m\/#primaryimage"},"image":{"@id":"https:\/\/dumoulin.absoludev.ca\/en\/produit\/sacoche-arkel-signature-m\/#primaryimage"},"thumbnailUrl":"https:\/\/dumoulin.absoludev.ca\/wp-content\/uploads\/2024\/11\/sacoche-panier-arkel-signature-m-montreal-dumoulin-bicyclettes-cordura-cuivre.png","datePublished":"2024-11-19T19:08:41+00:00","dateModified":"2025-09-04T18:21:27+00:00","description":"La Arkel Signature M est une sacoche de v\u00e9lo au volume compact, dessin\u00e9e pour \u00eatre fonctionnelle et \u00e9l\u00e9gante, robuste et tr\u00e8s pratique. \u00c0 consid\u00e9rer !","breadcrumb":{"@id":"https:\/\/dumoulin.absoludev.ca\/en\/produit\/sacoche-arkel-signature-m\/#breadcrumb"},"inLanguage":"en-US","potentialAction":[{"@type":"ReadAction","target":["https:\/\/dumoulin.absoludev.ca\/en\/produit\/sacoche-arkel-signature-m\/"]}]},{"@type":"ImageObject","inLanguage":"en-US","@id":"https:\/\/dumoulin.absoludev.ca\/en\/produit\/sacoche-arkel-signature-m\/#primaryimage","url":"https:\/\/dumoulin.absoludev.ca\/wp-content\/uploads\/2024\/11\/sacoche-panier-arkel-signature-m-montreal-dumoulin-bicyclettes-cordura-cuivre.png","contentUrl":"https:\/\/dumoulin.absoludev.ca\/wp-content\/uploads\/2024\/11\/sacoche-panier-arkel-signature-m-montreal-dumoulin-bicyclettes-cordura-cuivre.png","width":694,"height":792},{"@type":"BreadcrumbList","@id":"https:\/\/dumoulin.absoludev.ca\/en\/produit\/sacoche-arkel-signature-m\/#breadcrumb","itemListElement":[{"@type":"ListItem","position":1,"name":"Home","item":"https:\/\/dumoulin.absoludev.ca\/en\/"},{"@type":"ListItem","position":2,"name":"Shop","item":"https:\/\/dumoulin.absoludev.ca\/en\/shop\/"},{"@type":"ListItem","position":3,"name":"Sacoche Arkel Signature M"}]},{"@type":"WebSite","@id":"https:\/\/dumoulin.absoludev.ca\/#website","url":"https:\/\/dumoulin.absoludev.ca\/","name":"Dumoulin Bicyclettes","description":"","publisher":{"@id":"https:\/\/dumoulin.absoludev.ca\/#organization"},"potentialAction":[{"@type":"SearchAction","target":{"@type":"EntryPoint","urlTemplate":"https:\/\/dumoulin.absoludev.ca\/?s={search_term_string}"},"query-input":{"@type":"PropertyValueSpecification","valueRequired":true,"valueName":"search_term_string"}}],"inLanguage":"en-US"},{"@type":"Organization","@id":"https:\/\/dumoulin.absoludev.ca\/#organization","name":"Dumoulin Bicyclettes","url":"https:\/\/dumoulin.absoludev.ca\/","logo":{"@type":"ImageObject","inLanguage":"en-US","@id":"https:\/\/dumoulin.absoludev.ca\/#\/schema\/logo\/image\/","url":"https:\/\/www.dumoulinbicyclettes.com\/wp-content\/uploads\/2021\/04\/Logo.svg","contentUrl":"https:\/\/www.dumoulinbicyclettes.com\/wp-content\/uploads\/2021\/04\/Logo.svg","width":254,"height":86,"caption":"Dumoulin Bicyclettes"},"image":{"@id":"https:\/\/dumoulin.absoludev.ca\/#\/schema\/logo\/image\/"},"sameAs":["https:\/\/www.facebook.com\/dumoulinbicyclettes","https:\/\/www.instagram.com\/dumoulin.ca\/","https:\/\/www.youtube.com\/user\/dumoulinbicyclettes"]}]}},"_links":{"self":[{"href":"https:\/\/dumoulin.absoludev.ca\/en\/wp-json\/wp\/v2\/product\/489497","targetHints":{"allow":["GET"]}}],"collection":[{"href":"https:\/\/dumoulin.absoludev.ca\/en\/wp-json\/wp\/v2\/product"}],"about":[{"href":"https:\/\/dumoulin.absoludev.ca\/en\/wp-json\/wp\/v2\/types\/product"}],"wp:featuredmedia":[{"embeddable":true,"href":"https:\/\/dumoulin.absoludev.ca\/en\/wp-json\/wp\/v2\/media\/490042"}],"wp:attachment":[{"href":"https:\/\/dumoulin.absoludev.ca\/en\/wp-json\/wp\/v2\/media?parent=489497"}],"wp:term":[{"taxonomy":"product_brand","embeddable":true,"href":"https:\/\/dumoulin.absoludev.ca\/en\/wp-json\/wp\/v2\/product_brand?post=489497"},{"taxonomy":"product_cat","embeddable":true,"href":"https:\/\/dumoulin.absoludev.ca\/en\/wp-json\/wp\/v2\/product_cat?post=489497"},{"taxonomy":"product_tag","embeddable":true,"href":"https:\/\/dumoulin.absoludev.ca\/en\/wp-json\/wp\/v2\/product_tag?post=489497"},{"taxonomy":"marque-produit","embeddable":true,"href":"https:\/\/dumoulin.absoludev.ca\/en\/wp-json\/wp\/v2\/marque-produit?post=489497"},{"taxonomy":"collection-produit","embeddable":true,"href":"https:\/\/dumoulin.absoludev.ca\/en\/wp-json\/wp\/v2\/collection-produit?post=489497"},{"taxonomy":"type-surface-produit","embeddable":true,"href":"https:\/\/dumoulin.absoludev.ca\/en\/wp-json\/wp\/v2\/type-surface-produit?post=489497"},{"taxonomy":"type-velo-produit","embeddable":true,"href":"https:\/\/dumoulin.absoludev.ca\/en\/wp-json\/wp\/v2\/type-velo-produit?post=489497"},{"taxonomy":"vetement-produit","embeddable":true,"href":"https:\/\/dumoulin.absoludev.ca\/en\/wp-json\/wp\/v2\/vetement-produit?post=489497"},{"taxonomy":"thematique-produit","embeddable":true,"href":"https:\/\/dumoulin.absoludev.ca\/en\/wp-json\/wp\/v2\/thematique-produit?post=489497"},{"taxonomy":"position-sur-le-v\u00e9lo","embeddable":true,"href":"https:\/\/dumoulin.absoludev.ca\/en\/wp-json\/wp\/v2\/position-sur-le-v\u00e9lo?post=489497"}],"curies":[{"name":"wp","href":"https:\/\/api.w.org\/{rel}","templated":true}]}}