{"id":489489,"date":"2024-11-19T14:08:39","date_gmt":"2024-11-19T19:08:39","guid":{"rendered":"http:\/\/www.dumoulinbicyclettes.com\/?post_type=product&#038;p=489489"},"modified":"2025-09-04T14:21:27","modified_gmt":"2025-09-04T18:21:27","slug":"sacoche-arkel-signature-h","status":"publish","type":"product","link":"https:\/\/dumoulin.absoludev.ca\/en\/produit\/sacoche-arkel-signature-h\/","title":{"rendered":"Sacoche Arkel Signature H"},"content":{"rendered":"<p>Fabriqu\u00e9e au Qu\u00e9bec, la Signature H est une sacoche de v\u00e9lo de 24L de style mallette. Con\u00e7ue pour vos d\u00e9placements du quotidien, cette sacoche imperm\u00e9able dispose, entre autres, d&#8217;un compartiment pour emporter votre ordinateur en toute s\u00e9curit\u00e9.<\/p>\n","protected":false},"excerpt":{"rendered":"<p>Fabriqu\u00e9e au Qu\u00e9bec, la Signature H est une sacoche de v\u00e9lo de 24L de style mallette. Con\u00e7ue pour vos d\u00e9placements du quotidien, cette sacoche imperm\u00e9able dispose, entre autres, d&#8217;un compartiment pour emporter votre ordinateur en toute s\u00e9curit\u00e9.<\/p>\n","protected":false},"featured_media":489616,"template":"","meta":{"_acf_changed":false},"product_brand":[],"product_cat":[195,188],"product_tag":[3088,2526,3090],"marque-produit":[1299],"collection-produit":[],"type-surface-produit":[],"type-velo-produit":[],"vetement-produit":[],"thematique-produit":[],"position-sur-le-v\u00e9lo":[],"class_list":{"0":"post-489489","1":"product","2":"type-product","3":"status-publish","4":"has-post-thumbnail","6":"product_cat-sacoches","7":"product_cat-sacs-et-porte-bagages","8":"product_tag-arkel","9":"product_tag-sacoche","10":"product_tag-signature-h","11":"marque-produit-arkel","13":"first","14":"instock","15":"taxable","16":"shipping-taxable","17":"purchasable","18":"product-type-variable"},"acf":[],"yoast_head":"<!-- This site is optimized with the Yoast SEO plugin v24.3 - https:\/\/yoast.com\/wordpress\/plugins\/seo\/ -->\n<title>Sacoche Arkel Signature H - Dumoulin Bicyclettes | Montr\u00e9al | Qu\u00e9bec<\/title>\n<meta name=\"description\" content=\"Fabriqu\u00e9e au Qu\u00e9bec, la Arkel Signature H est une sacoche de v\u00e9lo de 24 L de style mallette vous permettant d&#039;emporter votre ordinateur en toute s\u00e9curit\u00e9.\" \/>\n<meta name=\"robots\" content=\"noindex, follow, max-snippet:-1, max-image-preview:large, max-video-preview:-1\" \/>\n<meta property=\"og:locale\" content=\"en_US\" \/>\n<meta property=\"og:type\" content=\"article\" \/>\n<meta property=\"og:title\" content=\"Sacoche Arkel Signature H - Dumoulin Bicyclettes | Montr\u00e9al | Qu\u00e9bec\" \/>\n<meta property=\"og:description\" content=\"Fabriqu\u00e9e au Qu\u00e9bec, la Arkel Signature H est une sacoche de v\u00e9lo de 24 L de style mallette vous permettant d&#039;emporter votre ordinateur en toute s\u00e9curit\u00e9.\" \/>\n<meta property=\"og:url\" content=\"https:\/\/dumoulin.absoludev.ca\/en\/produit\/sacoche-arkel-signature-h\/\" \/>\n<meta property=\"og:site_name\" content=\"Dumoulin Bicyclettes\" \/>\n<meta property=\"article:publisher\" content=\"https:\/\/www.facebook.com\/dumoulinbicyclettes\" \/>\n<meta property=\"article:modified_time\" content=\"2025-09-04T18:21:27+00:00\" \/>\n<meta property=\"og:image\" content=\"https:\/\/dumoulin.absoludev.ca\/wp-content\/uploads\/2024\/11\/sacoche-panier-arkel-signature-h-montreal-dumoulin-bicyclettes.jpg\" \/>\n\t<meta property=\"og:image:width\" content=\"1200\" \/>\n\t<meta property=\"og:image:height\" content=\"1200\" \/>\n\t<meta property=\"og:image:type\" content=\"image\/jpeg\" \/>\n<meta name=\"twitter:card\" content=\"summary_large_image\" \/>\n<meta name=\"twitter:label1\" content=\"Est. reading time\" \/>\n\t<meta name=\"twitter:data1\" content=\"1 minute\" \/>\n<script type=\"application\/ld+json\" class=\"yoast-schema-graph\">{\"@context\":\"https:\/\/schema.org\",\"@graph\":[{\"@type\":\"WebPage\",\"@id\":\"https:\/\/dumoulin.absoludev.ca\/en\/produit\/sacoche-arkel-signature-h\/\",\"url\":\"https:\/\/dumoulin.absoludev.ca\/en\/produit\/sacoche-arkel-signature-h\/\",\"name\":\"Sacoche Arkel Signature H - Dumoulin Bicyclettes | Montr\u00e9al | Qu\u00e9bec\",\"isPartOf\":{\"@id\":\"https:\/\/dumoulin.absoludev.ca\/#website\"},\"primaryImageOfPage\":{\"@id\":\"https:\/\/dumoulin.absoludev.ca\/en\/produit\/sacoche-arkel-signature-h\/#primaryimage\"},\"image\":{\"@id\":\"https:\/\/dumoulin.absoludev.ca\/en\/produit\/sacoche-arkel-signature-h\/#primaryimage\"},\"thumbnailUrl\":\"https:\/\/dumoulin.absoludev.ca\/wp-content\/uploads\/2024\/11\/sacoche-panier-arkel-signature-h-montreal-dumoulin-bicyclettes.jpg\",\"datePublished\":\"2024-11-19T19:08:39+00:00\",\"dateModified\":\"2025-09-04T18:21:27+00:00\",\"description\":\"Fabriqu\u00e9e au Qu\u00e9bec, la Arkel Signature H est une sacoche de v\u00e9lo de 24 L de style mallette vous permettant d'emporter votre ordinateur en toute s\u00e9curit\u00e9.\",\"breadcrumb\":{\"@id\":\"https:\/\/dumoulin.absoludev.ca\/en\/produit\/sacoche-arkel-signature-h\/#breadcrumb\"},\"inLanguage\":\"en-US\",\"potentialAction\":[{\"@type\":\"ReadAction\",\"target\":[\"https:\/\/dumoulin.absoludev.ca\/en\/produit\/sacoche-arkel-signature-h\/\"]}]},{\"@type\":\"ImageObject\",\"inLanguage\":\"en-US\",\"@id\":\"https:\/\/dumoulin.absoludev.ca\/en\/produit\/sacoche-arkel-signature-h\/#primaryimage\",\"url\":\"https:\/\/dumoulin.absoludev.ca\/wp-content\/uploads\/2024\/11\/sacoche-panier-arkel-signature-h-montreal-dumoulin-bicyclettes.jpg\",\"contentUrl\":\"https:\/\/dumoulin.absoludev.ca\/wp-content\/uploads\/2024\/11\/sacoche-panier-arkel-signature-h-montreal-dumoulin-bicyclettes.jpg\",\"width\":1200,\"height\":1200},{\"@type\":\"BreadcrumbList\",\"@id\":\"https:\/\/dumoulin.absoludev.ca\/en\/produit\/sacoche-arkel-signature-h\/#breadcrumb\",\"itemListElement\":[{\"@type\":\"ListItem\",\"position\":1,\"name\":\"Home\",\"item\":\"https:\/\/dumoulin.absoludev.ca\/en\/\"},{\"@type\":\"ListItem\",\"position\":2,\"name\":\"Shop\",\"item\":\"https:\/\/dumoulin.absoludev.ca\/en\/shop\/\"},{\"@type\":\"ListItem\",\"position\":3,\"name\":\"Sacoche Arkel Signature H\"}]},{\"@type\":\"WebSite\",\"@id\":\"https:\/\/dumoulin.absoludev.ca\/#website\",\"url\":\"https:\/\/dumoulin.absoludev.ca\/\",\"name\":\"Dumoulin Bicyclettes\",\"description\":\"\",\"publisher\":{\"@id\":\"https:\/\/dumoulin.absoludev.ca\/#organization\"},\"potentialAction\":[{\"@type\":\"SearchAction\",\"target\":{\"@type\":\"EntryPoint\",\"urlTemplate\":\"https:\/\/dumoulin.absoludev.ca\/?s={search_term_string}\"},\"query-input\":{\"@type\":\"PropertyValueSpecification\",\"valueRequired\":true,\"valueName\":\"search_term_string\"}}],\"inLanguage\":\"en-US\"},{\"@type\":\"Organization\",\"@id\":\"https:\/\/dumoulin.absoludev.ca\/#organization\",\"name\":\"Dumoulin Bicyclettes\",\"url\":\"https:\/\/dumoulin.absoludev.ca\/\",\"logo\":{\"@type\":\"ImageObject\",\"inLanguage\":\"en-US\",\"@id\":\"https:\/\/dumoulin.absoludev.ca\/#\/schema\/logo\/image\/\",\"url\":\"https:\/\/www.dumoulinbicyclettes.com\/wp-content\/uploads\/2021\/04\/Logo.svg\",\"contentUrl\":\"https:\/\/www.dumoulinbicyclettes.com\/wp-content\/uploads\/2021\/04\/Logo.svg\",\"width\":254,\"height\":86,\"caption\":\"Dumoulin Bicyclettes\"},\"image\":{\"@id\":\"https:\/\/dumoulin.absoludev.ca\/#\/schema\/logo\/image\/\"},\"sameAs\":[\"https:\/\/www.facebook.com\/dumoulinbicyclettes\",\"https:\/\/www.instagram.com\/dumoulin.ca\/\",\"https:\/\/www.youtube.com\/user\/dumoulinbicyclettes\"]}]}<\/script>\n<!-- \/ Yoast SEO plugin. -->","yoast_head_json":{"title":"Sacoche Arkel Signature H - Dumoulin Bicyclettes | Montr\u00e9al | Qu\u00e9bec","description":"Fabriqu\u00e9e au Qu\u00e9bec, la Arkel Signature H est une sacoche de v\u00e9lo de 24 L de style mallette vous permettant d'emporter votre ordinateur en toute s\u00e9curit\u00e9.","robots":{"index":"noindex","follow":"follow","max-snippet":"max-snippet:-1","max-image-preview":"max-image-preview:large","max-video-preview":"max-video-preview:-1"},"og_locale":"en_US","og_type":"article","og_title":"Sacoche Arkel Signature H - Dumoulin Bicyclettes | Montr\u00e9al | Qu\u00e9bec","og_description":"Fabriqu\u00e9e au Qu\u00e9bec, la Arkel Signature H est une sacoche de v\u00e9lo de 24 L de style mallette vous permettant d'emporter votre ordinateur en toute s\u00e9curit\u00e9.","og_url":"https:\/\/dumoulin.absoludev.ca\/en\/produit\/sacoche-arkel-signature-h\/","og_site_name":"Dumoulin Bicyclettes","article_publisher":"https:\/\/www.facebook.com\/dumoulinbicyclettes","article_modified_time":"2025-09-04T18:21:27+00:00","og_image":[{"width":1200,"height":1200,"url":"https:\/\/dumoulin.absoludev.ca\/wp-content\/uploads\/2024\/11\/sacoche-panier-arkel-signature-h-montreal-dumoulin-bicyclettes.jpg","type":"image\/jpeg"}],"twitter_card":"summary_large_image","twitter_misc":{"Est. reading time":"1 minute"},"schema":{"@context":"https:\/\/schema.org","@graph":[{"@type":"WebPage","@id":"https:\/\/dumoulin.absoludev.ca\/en\/produit\/sacoche-arkel-signature-h\/","url":"https:\/\/dumoulin.absoludev.ca\/en\/produit\/sacoche-arkel-signature-h\/","name":"Sacoche Arkel Signature H - Dumoulin Bicyclettes | Montr\u00e9al | Qu\u00e9bec","isPartOf":{"@id":"https:\/\/dumoulin.absoludev.ca\/#website"},"primaryImageOfPage":{"@id":"https:\/\/dumoulin.absoludev.ca\/en\/produit\/sacoche-arkel-signature-h\/#primaryimage"},"image":{"@id":"https:\/\/dumoulin.absoludev.ca\/en\/produit\/sacoche-arkel-signature-h\/#primaryimage"},"thumbnailUrl":"https:\/\/dumoulin.absoludev.ca\/wp-content\/uploads\/2024\/11\/sacoche-panier-arkel-signature-h-montreal-dumoulin-bicyclettes.jpg","datePublished":"2024-11-19T19:08:39+00:00","dateModified":"2025-09-04T18:21:27+00:00","description":"Fabriqu\u00e9e au Qu\u00e9bec, la Arkel Signature H est une sacoche de v\u00e9lo de 24 L de style mallette vous permettant d'emporter votre ordinateur en toute s\u00e9curit\u00e9.","breadcrumb":{"@id":"https:\/\/dumoulin.absoludev.ca\/en\/produit\/sacoche-arkel-signature-h\/#breadcrumb"},"inLanguage":"en-US","potentialAction":[{"@type":"ReadAction","target":["https:\/\/dumoulin.absoludev.ca\/en\/produit\/sacoche-arkel-signature-h\/"]}]},{"@type":"ImageObject","inLanguage":"en-US","@id":"https:\/\/dumoulin.absoludev.ca\/en\/produit\/sacoche-arkel-signature-h\/#primaryimage","url":"https:\/\/dumoulin.absoludev.ca\/wp-content\/uploads\/2024\/11\/sacoche-panier-arkel-signature-h-montreal-dumoulin-bicyclettes.jpg","contentUrl":"https:\/\/dumoulin.absoludev.ca\/wp-content\/uploads\/2024\/11\/sacoche-panier-arkel-signature-h-montreal-dumoulin-bicyclettes.jpg","width":1200,"height":1200},{"@type":"BreadcrumbList","@id":"https:\/\/dumoulin.absoludev.ca\/en\/produit\/sacoche-arkel-signature-h\/#breadcrumb","itemListElement":[{"@type":"ListItem","position":1,"name":"Home","item":"https:\/\/dumoulin.absoludev.ca\/en\/"},{"@type":"ListItem","position":2,"name":"Shop","item":"https:\/\/dumoulin.absoludev.ca\/en\/shop\/"},{"@type":"ListItem","position":3,"name":"Sacoche Arkel Signature H"}]},{"@type":"WebSite","@id":"https:\/\/dumoulin.absoludev.ca\/#website","url":"https:\/\/dumoulin.absoludev.ca\/","name":"Dumoulin Bicyclettes","description":"","publisher":{"@id":"https:\/\/dumoulin.absoludev.ca\/#organization"},"potentialAction":[{"@type":"SearchAction","target":{"@type":"EntryPoint","urlTemplate":"https:\/\/dumoulin.absoludev.ca\/?s={search_term_string}"},"query-input":{"@type":"PropertyValueSpecification","valueRequired":true,"valueName":"search_term_string"}}],"inLanguage":"en-US"},{"@type":"Organization","@id":"https:\/\/dumoulin.absoludev.ca\/#organization","name":"Dumoulin Bicyclettes","url":"https:\/\/dumoulin.absoludev.ca\/","logo":{"@type":"ImageObject","inLanguage":"en-US","@id":"https:\/\/dumoulin.absoludev.ca\/#\/schema\/logo\/image\/","url":"https:\/\/www.dumoulinbicyclettes.com\/wp-content\/uploads\/2021\/04\/Logo.svg","contentUrl":"https:\/\/www.dumoulinbicyclettes.com\/wp-content\/uploads\/2021\/04\/Logo.svg","width":254,"height":86,"caption":"Dumoulin Bicyclettes"},"image":{"@id":"https:\/\/dumoulin.absoludev.ca\/#\/schema\/logo\/image\/"},"sameAs":["https:\/\/www.facebook.com\/dumoulinbicyclettes","https:\/\/www.instagram.com\/dumoulin.ca\/","https:\/\/www.youtube.com\/user\/dumoulinbicyclettes"]}]}},"_links":{"self":[{"href":"https:\/\/dumoulin.absoludev.ca\/en\/wp-json\/wp\/v2\/product\/489489","targetHints":{"allow":["GET"]}}],"collection":[{"href":"https:\/\/dumoulin.absoludev.ca\/en\/wp-json\/wp\/v2\/product"}],"about":[{"href":"https:\/\/dumoulin.absoludev.ca\/en\/wp-json\/wp\/v2\/types\/product"}],"wp:featuredmedia":[{"embeddable":true,"href":"https:\/\/dumoulin.absoludev.ca\/en\/wp-json\/wp\/v2\/media\/489616"}],"wp:attachment":[{"href":"https:\/\/dumoulin.absoludev.ca\/en\/wp-json\/wp\/v2\/media?parent=489489"}],"wp:term":[{"taxonomy":"product_brand","embeddable":true,"href":"https:\/\/dumoulin.absoludev.ca\/en\/wp-json\/wp\/v2\/product_brand?post=489489"},{"taxonomy":"product_cat","embeddable":true,"href":"https:\/\/dumoulin.absoludev.ca\/en\/wp-json\/wp\/v2\/product_cat?post=489489"},{"taxonomy":"product_tag","embeddable":true,"href":"https:\/\/dumoulin.absoludev.ca\/en\/wp-json\/wp\/v2\/product_tag?post=489489"},{"taxonomy":"marque-produit","embeddable":true,"href":"https:\/\/dumoulin.absoludev.ca\/en\/wp-json\/wp\/v2\/marque-produit?post=489489"},{"taxonomy":"collection-produit","embeddable":true,"href":"https:\/\/dumoulin.absoludev.ca\/en\/wp-json\/wp\/v2\/collection-produit?post=489489"},{"taxonomy":"type-surface-produit","embeddable":true,"href":"https:\/\/dumoulin.absoludev.ca\/en\/wp-json\/wp\/v2\/type-surface-produit?post=489489"},{"taxonomy":"type-velo-produit","embeddable":true,"href":"https:\/\/dumoulin.absoludev.ca\/en\/wp-json\/wp\/v2\/type-velo-produit?post=489489"},{"taxonomy":"vetement-produit","embeddable":true,"href":"https:\/\/dumoulin.absoludev.ca\/en\/wp-json\/wp\/v2\/vetement-produit?post=489489"},{"taxonomy":"thematique-produit","embeddable":true,"href":"https:\/\/dumoulin.absoludev.ca\/en\/wp-json\/wp\/v2\/thematique-produit?post=489489"},{"taxonomy":"position-sur-le-v\u00e9lo","embeddable":true,"href":"https:\/\/dumoulin.absoludev.ca\/en\/wp-json\/wp\/v2\/position-sur-le-v\u00e9lo?post=489489"}],"curies":[{"name":"wp","href":"https:\/\/api.w.org\/{rel}","templated":true}]}}