{"id":481581,"date":"2024-11-01T20:09:25","date_gmt":"2024-11-02T00:09:25","guid":{"rendered":"http:\/\/www.dumoulinbicyclettes.com\/?post_type=product&#038;p=481581"},"modified":"2025-09-04T14:17:28","modified_gmt":"2025-09-04T18:17:28","slug":"siege-pour-grands-enfants-polisport-guppy-junior","status":"publish","type":"product","link":"https:\/\/dumoulin.absoludev.ca\/en\/produit\/siege-pour-grands-enfants-polisport-guppy-junior\/","title":{"rendered":"Si\u00e8ge enfant Polisport &#8220;Guppy Junior&#8221;"},"content":{"rendered":"<p>Ce si\u00e8ge \u00abGuppy Junior\u00bb permet de transporter un enfant plus grand.<\/p>\n<p>M\u00eame \u00e0 6 ou 7 ans, votre grand.e n&#8217;est peut-\u00eatre pas pr\u00eat.e \u00e0 enfourcher son v\u00e9lo tous les jours, beau temps mauvais temps. Certains matins sont plus difficiles, certaines conduites doivent \u00eatre plus \u00abefficaces\u00bb que d&#8217;autres. C&#8217;est pour cette raison que le si\u00e8ge \u00abJunior\u00bb est tr\u00e8s tr\u00e8s recherch\u00e9 et appr\u00e9ci\u00e9.<\/p>\n<p>Le si\u00e8ge vient avec une jupe protectrice et des appuie-pieds pour assurer le confort et la s\u00e9curit\u00e9 de votre enfant.<\/p>\n<p><strong>Attention, avec une plus grande charge doit venir une plus grande pr\u00e9caution ! Oui, par rapport \u00e0 votre \u00e9quilibre, mais surtout par rapport \u00e0 la masse que votre porte-bagages peut supporter.<\/strong><\/p>\n","protected":false},"excerpt":{"rendered":"<p>Ce si\u00e8ge \u00abGuppy Junior\u00bb permet de transporter un enfant plus grand. M\u00eame \u00e0 6 ou 7 ans, votre grand.e n&#8217;est peut-\u00eatre pas pr\u00eat.e \u00e0 enfourcher son v\u00e9lo tous les jours, beau temps mauvais temps. Certains matins sont plus difficiles, certaines conduites doivent \u00eatre plus \u00abefficaces\u00bb que d&#8217;autres. C&#8217;est pour cette raison que le si\u00e8ge \u00abJunior\u00bb [&hellip;]<\/p>\n","protected":false},"featured_media":481582,"template":"","meta":{"_acf_changed":false},"product_brand":[],"product_cat":[214,193],"product_tag":[3488,3489,3487,2586,3486],"marque-produit":[3484],"collection-produit":[],"type-surface-produit":[],"type-velo-produit":[],"vetement-produit":[],"thematique-produit":[],"position-sur-le-v\u00e9lo":[],"class_list":{"0":"post-481581","1":"product","2":"type-product","3":"status-publish","4":"has-post-thumbnail","6":"product_cat-sieges","7":"product_cat-transport-denfants-et-remorques","8":"product_tag-guppy","9":"product_tag-junior","10":"product_tag-polisport","11":"product_tag-porte-bagages","12":"product_tag-siege-denfant","13":"marque-produit-polisport","15":"first","16":"outofstock","17":"taxable","18":"shipping-taxable","19":"purchasable","20":"product-type-simple"},"acf":[],"yoast_head":"<!-- This site is optimized with the Yoast SEO plugin v24.3 - https:\/\/yoast.com\/wordpress\/plugins\/seo\/ -->\n<title>Si\u00e8ge enfant Polisport &quot;Guppy Junior&quot; - Dumoulin Bicyclettes<\/title>\n<meta name=\"description\" content=\"Si\u00e8ge Polisport Guppy Junior : un fauteuil pour les plus grands enfants. Facile \u00e0 installer sur un v\u00e9lo long tail ou un porte-bagages con\u00e7u \u00e0 cet effet.\" \/>\n<meta name=\"robots\" content=\"noindex, follow, max-snippet:-1, max-image-preview:large, max-video-preview:-1\" \/>\n<meta property=\"og:locale\" content=\"en_US\" \/>\n<meta property=\"og:type\" content=\"article\" \/>\n<meta property=\"og:title\" content=\"Si\u00e8ge enfant Polisport &quot;Guppy Junior&quot; - Dumoulin Bicyclettes\" \/>\n<meta property=\"og:description\" content=\"Si\u00e8ge Polisport Guppy Junior : un fauteuil pour les plus grands enfants. Facile \u00e0 installer sur un v\u00e9lo long tail ou un porte-bagages con\u00e7u \u00e0 cet effet.\" \/>\n<meta property=\"og:url\" content=\"https:\/\/dumoulin.absoludev.ca\/en\/produit\/siege-pour-grands-enfants-polisport-guppy-junior\/\" \/>\n<meta property=\"og:site_name\" content=\"Dumoulin Bicyclettes\" \/>\n<meta property=\"article:publisher\" content=\"https:\/\/www.facebook.com\/dumoulinbicyclettes\" \/>\n<meta property=\"article:modified_time\" content=\"2025-09-04T18:17:28+00:00\" \/>\n<meta property=\"og:image\" content=\"https:\/\/dumoulin.absoludev.ca\/wp-content\/uploads\/2024\/11\/SIEGE-DE-BEBE-POLISPORT-GUPPY-JR-GRIS-SUR-SUPPORT-ARRIERE-2.jpg\" \/>\n\t<meta property=\"og:image:width\" content=\"900\" \/>\n\t<meta property=\"og:image:height\" content=\"900\" \/>\n\t<meta property=\"og:image:type\" content=\"image\/jpeg\" \/>\n<meta name=\"twitter:card\" content=\"summary_large_image\" \/>\n<meta name=\"twitter:label1\" content=\"Est. reading time\" \/>\n\t<meta name=\"twitter:data1\" content=\"1 minute\" \/>\n<script type=\"application\/ld+json\" class=\"yoast-schema-graph\">{\"@context\":\"https:\/\/schema.org\",\"@graph\":[{\"@type\":\"WebPage\",\"@id\":\"https:\/\/dumoulin.absoludev.ca\/en\/produit\/siege-pour-grands-enfants-polisport-guppy-junior\/\",\"url\":\"https:\/\/dumoulin.absoludev.ca\/en\/produit\/siege-pour-grands-enfants-polisport-guppy-junior\/\",\"name\":\"Si\u00e8ge enfant Polisport \\\"Guppy Junior\\\" - Dumoulin Bicyclettes\",\"isPartOf\":{\"@id\":\"https:\/\/dumoulin.absoludev.ca\/#website\"},\"primaryImageOfPage\":{\"@id\":\"https:\/\/dumoulin.absoludev.ca\/en\/produit\/siege-pour-grands-enfants-polisport-guppy-junior\/#primaryimage\"},\"image\":{\"@id\":\"https:\/\/dumoulin.absoludev.ca\/en\/produit\/siege-pour-grands-enfants-polisport-guppy-junior\/#primaryimage\"},\"thumbnailUrl\":\"https:\/\/dumoulin.absoludev.ca\/wp-content\/uploads\/2024\/11\/SIEGE-DE-BEBE-POLISPORT-GUPPY-JR-GRIS-SUR-SUPPORT-ARRIERE-2.jpg\",\"datePublished\":\"2024-11-02T00:09:25+00:00\",\"dateModified\":\"2025-09-04T18:17:28+00:00\",\"description\":\"Si\u00e8ge Polisport Guppy Junior : un fauteuil pour les plus grands enfants. Facile \u00e0 installer sur un v\u00e9lo long tail ou un porte-bagages con\u00e7u \u00e0 cet effet.\",\"breadcrumb\":{\"@id\":\"https:\/\/dumoulin.absoludev.ca\/en\/produit\/siege-pour-grands-enfants-polisport-guppy-junior\/#breadcrumb\"},\"inLanguage\":\"en-US\",\"potentialAction\":[{\"@type\":\"ReadAction\",\"target\":[\"https:\/\/dumoulin.absoludev.ca\/en\/produit\/siege-pour-grands-enfants-polisport-guppy-junior\/\"]}]},{\"@type\":\"ImageObject\",\"inLanguage\":\"en-US\",\"@id\":\"https:\/\/dumoulin.absoludev.ca\/en\/produit\/siege-pour-grands-enfants-polisport-guppy-junior\/#primaryimage\",\"url\":\"https:\/\/dumoulin.absoludev.ca\/wp-content\/uploads\/2024\/11\/SIEGE-DE-BEBE-POLISPORT-GUPPY-JR-GRIS-SUR-SUPPORT-ARRIERE-2.jpg\",\"contentUrl\":\"https:\/\/dumoulin.absoludev.ca\/wp-content\/uploads\/2024\/11\/SIEGE-DE-BEBE-POLISPORT-GUPPY-JR-GRIS-SUR-SUPPORT-ARRIERE-2.jpg\",\"width\":900,\"height\":900},{\"@type\":\"BreadcrumbList\",\"@id\":\"https:\/\/dumoulin.absoludev.ca\/en\/produit\/siege-pour-grands-enfants-polisport-guppy-junior\/#breadcrumb\",\"itemListElement\":[{\"@type\":\"ListItem\",\"position\":1,\"name\":\"Home\",\"item\":\"https:\/\/dumoulin.absoludev.ca\/en\/\"},{\"@type\":\"ListItem\",\"position\":2,\"name\":\"Shop\",\"item\":\"https:\/\/dumoulin.absoludev.ca\/en\/shop\/\"},{\"@type\":\"ListItem\",\"position\":3,\"name\":\"Si\u00e8ge enfant Polisport &#8220;Guppy Junior&#8221;\"}]},{\"@type\":\"WebSite\",\"@id\":\"https:\/\/dumoulin.absoludev.ca\/#website\",\"url\":\"https:\/\/dumoulin.absoludev.ca\/\",\"name\":\"Dumoulin Bicyclettes\",\"description\":\"\",\"publisher\":{\"@id\":\"https:\/\/dumoulin.absoludev.ca\/#organization\"},\"potentialAction\":[{\"@type\":\"SearchAction\",\"target\":{\"@type\":\"EntryPoint\",\"urlTemplate\":\"https:\/\/dumoulin.absoludev.ca\/?s={search_term_string}\"},\"query-input\":{\"@type\":\"PropertyValueSpecification\",\"valueRequired\":true,\"valueName\":\"search_term_string\"}}],\"inLanguage\":\"en-US\"},{\"@type\":\"Organization\",\"@id\":\"https:\/\/dumoulin.absoludev.ca\/#organization\",\"name\":\"Dumoulin Bicyclettes\",\"url\":\"https:\/\/dumoulin.absoludev.ca\/\",\"logo\":{\"@type\":\"ImageObject\",\"inLanguage\":\"en-US\",\"@id\":\"https:\/\/dumoulin.absoludev.ca\/#\/schema\/logo\/image\/\",\"url\":\"https:\/\/www.dumoulinbicyclettes.com\/wp-content\/uploads\/2021\/04\/Logo.svg\",\"contentUrl\":\"https:\/\/www.dumoulinbicyclettes.com\/wp-content\/uploads\/2021\/04\/Logo.svg\",\"width\":254,\"height\":86,\"caption\":\"Dumoulin Bicyclettes\"},\"image\":{\"@id\":\"https:\/\/dumoulin.absoludev.ca\/#\/schema\/logo\/image\/\"},\"sameAs\":[\"https:\/\/www.facebook.com\/dumoulinbicyclettes\",\"https:\/\/www.instagram.com\/dumoulin.ca\/\",\"https:\/\/www.youtube.com\/user\/dumoulinbicyclettes\"]}]}<\/script>\n<!-- \/ Yoast SEO plugin. -->","yoast_head_json":{"title":"Si\u00e8ge enfant Polisport \"Guppy Junior\" - Dumoulin Bicyclettes","description":"Si\u00e8ge Polisport Guppy Junior : un fauteuil pour les plus grands enfants. Facile \u00e0 installer sur un v\u00e9lo long tail ou un porte-bagages con\u00e7u \u00e0 cet effet.","robots":{"index":"noindex","follow":"follow","max-snippet":"max-snippet:-1","max-image-preview":"max-image-preview:large","max-video-preview":"max-video-preview:-1"},"og_locale":"en_US","og_type":"article","og_title":"Si\u00e8ge enfant Polisport \"Guppy Junior\" - Dumoulin Bicyclettes","og_description":"Si\u00e8ge Polisport Guppy Junior : un fauteuil pour les plus grands enfants. Facile \u00e0 installer sur un v\u00e9lo long tail ou un porte-bagages con\u00e7u \u00e0 cet effet.","og_url":"https:\/\/dumoulin.absoludev.ca\/en\/produit\/siege-pour-grands-enfants-polisport-guppy-junior\/","og_site_name":"Dumoulin Bicyclettes","article_publisher":"https:\/\/www.facebook.com\/dumoulinbicyclettes","article_modified_time":"2025-09-04T18:17:28+00:00","og_image":[{"width":900,"height":900,"url":"https:\/\/dumoulin.absoludev.ca\/wp-content\/uploads\/2024\/11\/SIEGE-DE-BEBE-POLISPORT-GUPPY-JR-GRIS-SUR-SUPPORT-ARRIERE-2.jpg","type":"image\/jpeg"}],"twitter_card":"summary_large_image","twitter_misc":{"Est. reading time":"1 minute"},"schema":{"@context":"https:\/\/schema.org","@graph":[{"@type":"WebPage","@id":"https:\/\/dumoulin.absoludev.ca\/en\/produit\/siege-pour-grands-enfants-polisport-guppy-junior\/","url":"https:\/\/dumoulin.absoludev.ca\/en\/produit\/siege-pour-grands-enfants-polisport-guppy-junior\/","name":"Si\u00e8ge enfant Polisport \"Guppy Junior\" - Dumoulin Bicyclettes","isPartOf":{"@id":"https:\/\/dumoulin.absoludev.ca\/#website"},"primaryImageOfPage":{"@id":"https:\/\/dumoulin.absoludev.ca\/en\/produit\/siege-pour-grands-enfants-polisport-guppy-junior\/#primaryimage"},"image":{"@id":"https:\/\/dumoulin.absoludev.ca\/en\/produit\/siege-pour-grands-enfants-polisport-guppy-junior\/#primaryimage"},"thumbnailUrl":"https:\/\/dumoulin.absoludev.ca\/wp-content\/uploads\/2024\/11\/SIEGE-DE-BEBE-POLISPORT-GUPPY-JR-GRIS-SUR-SUPPORT-ARRIERE-2.jpg","datePublished":"2024-11-02T00:09:25+00:00","dateModified":"2025-09-04T18:17:28+00:00","description":"Si\u00e8ge Polisport Guppy Junior : un fauteuil pour les plus grands enfants. Facile \u00e0 installer sur un v\u00e9lo long tail ou un porte-bagages con\u00e7u \u00e0 cet effet.","breadcrumb":{"@id":"https:\/\/dumoulin.absoludev.ca\/en\/produit\/siege-pour-grands-enfants-polisport-guppy-junior\/#breadcrumb"},"inLanguage":"en-US","potentialAction":[{"@type":"ReadAction","target":["https:\/\/dumoulin.absoludev.ca\/en\/produit\/siege-pour-grands-enfants-polisport-guppy-junior\/"]}]},{"@type":"ImageObject","inLanguage":"en-US","@id":"https:\/\/dumoulin.absoludev.ca\/en\/produit\/siege-pour-grands-enfants-polisport-guppy-junior\/#primaryimage","url":"https:\/\/dumoulin.absoludev.ca\/wp-content\/uploads\/2024\/11\/SIEGE-DE-BEBE-POLISPORT-GUPPY-JR-GRIS-SUR-SUPPORT-ARRIERE-2.jpg","contentUrl":"https:\/\/dumoulin.absoludev.ca\/wp-content\/uploads\/2024\/11\/SIEGE-DE-BEBE-POLISPORT-GUPPY-JR-GRIS-SUR-SUPPORT-ARRIERE-2.jpg","width":900,"height":900},{"@type":"BreadcrumbList","@id":"https:\/\/dumoulin.absoludev.ca\/en\/produit\/siege-pour-grands-enfants-polisport-guppy-junior\/#breadcrumb","itemListElement":[{"@type":"ListItem","position":1,"name":"Home","item":"https:\/\/dumoulin.absoludev.ca\/en\/"},{"@type":"ListItem","position":2,"name":"Shop","item":"https:\/\/dumoulin.absoludev.ca\/en\/shop\/"},{"@type":"ListItem","position":3,"name":"Si\u00e8ge enfant Polisport &#8220;Guppy Junior&#8221;"}]},{"@type":"WebSite","@id":"https:\/\/dumoulin.absoludev.ca\/#website","url":"https:\/\/dumoulin.absoludev.ca\/","name":"Dumoulin Bicyclettes","description":"","publisher":{"@id":"https:\/\/dumoulin.absoludev.ca\/#organization"},"potentialAction":[{"@type":"SearchAction","target":{"@type":"EntryPoint","urlTemplate":"https:\/\/dumoulin.absoludev.ca\/?s={search_term_string}"},"query-input":{"@type":"PropertyValueSpecification","valueRequired":true,"valueName":"search_term_string"}}],"inLanguage":"en-US"},{"@type":"Organization","@id":"https:\/\/dumoulin.absoludev.ca\/#organization","name":"Dumoulin Bicyclettes","url":"https:\/\/dumoulin.absoludev.ca\/","logo":{"@type":"ImageObject","inLanguage":"en-US","@id":"https:\/\/dumoulin.absoludev.ca\/#\/schema\/logo\/image\/","url":"https:\/\/www.dumoulinbicyclettes.com\/wp-content\/uploads\/2021\/04\/Logo.svg","contentUrl":"https:\/\/www.dumoulinbicyclettes.com\/wp-content\/uploads\/2021\/04\/Logo.svg","width":254,"height":86,"caption":"Dumoulin Bicyclettes"},"image":{"@id":"https:\/\/dumoulin.absoludev.ca\/#\/schema\/logo\/image\/"},"sameAs":["https:\/\/www.facebook.com\/dumoulinbicyclettes","https:\/\/www.instagram.com\/dumoulin.ca\/","https:\/\/www.youtube.com\/user\/dumoulinbicyclettes"]}]}},"_links":{"self":[{"href":"https:\/\/dumoulin.absoludev.ca\/en\/wp-json\/wp\/v2\/product\/481581","targetHints":{"allow":["GET"]}}],"collection":[{"href":"https:\/\/dumoulin.absoludev.ca\/en\/wp-json\/wp\/v2\/product"}],"about":[{"href":"https:\/\/dumoulin.absoludev.ca\/en\/wp-json\/wp\/v2\/types\/product"}],"wp:featuredmedia":[{"embeddable":true,"href":"https:\/\/dumoulin.absoludev.ca\/en\/wp-json\/wp\/v2\/media\/481582"}],"wp:attachment":[{"href":"https:\/\/dumoulin.absoludev.ca\/en\/wp-json\/wp\/v2\/media?parent=481581"}],"wp:term":[{"taxonomy":"product_brand","embeddable":true,"href":"https:\/\/dumoulin.absoludev.ca\/en\/wp-json\/wp\/v2\/product_brand?post=481581"},{"taxonomy":"product_cat","embeddable":true,"href":"https:\/\/dumoulin.absoludev.ca\/en\/wp-json\/wp\/v2\/product_cat?post=481581"},{"taxonomy":"product_tag","embeddable":true,"href":"https:\/\/dumoulin.absoludev.ca\/en\/wp-json\/wp\/v2\/product_tag?post=481581"},{"taxonomy":"marque-produit","embeddable":true,"href":"https:\/\/dumoulin.absoludev.ca\/en\/wp-json\/wp\/v2\/marque-produit?post=481581"},{"taxonomy":"collection-produit","embeddable":true,"href":"https:\/\/dumoulin.absoludev.ca\/en\/wp-json\/wp\/v2\/collection-produit?post=481581"},{"taxonomy":"type-surface-produit","embeddable":true,"href":"https:\/\/dumoulin.absoludev.ca\/en\/wp-json\/wp\/v2\/type-surface-produit?post=481581"},{"taxonomy":"type-velo-produit","embeddable":true,"href":"https:\/\/dumoulin.absoludev.ca\/en\/wp-json\/wp\/v2\/type-velo-produit?post=481581"},{"taxonomy":"vetement-produit","embeddable":true,"href":"https:\/\/dumoulin.absoludev.ca\/en\/wp-json\/wp\/v2\/vetement-produit?post=481581"},{"taxonomy":"thematique-produit","embeddable":true,"href":"https:\/\/dumoulin.absoludev.ca\/en\/wp-json\/wp\/v2\/thematique-produit?post=481581"},{"taxonomy":"position-sur-le-v\u00e9lo","embeddable":true,"href":"https:\/\/dumoulin.absoludev.ca\/en\/wp-json\/wp\/v2\/position-sur-le-v\u00e9lo?post=481581"}],"curies":[{"name":"wp","href":"https:\/\/api.w.org\/{rel}","templated":true}]}}