{"id":480729,"date":"2024-10-31T14:10:45","date_gmt":"2024-10-31T18:10:45","guid":{"rendered":"http:\/\/www.dumoulinbicyclettes.com\/?post_type=product&#038;p=480729"},"modified":"2025-09-04T14:21:36","modified_gmt":"2025-09-04T18:21:36","slug":"cas-abus-smiley-3-0-led","status":"publish","type":"product","link":"https:\/\/dumoulin.absoludev.ca\/en\/produit\/cas-abus-smiley-3-0-led\/","title":{"rendered":"Casque enfant Abus Smiley 3.0 LED"},"content":{"rendered":"<p>Comme les enfants se d\u00e9veloppent un peu plus chaque jour, il en va de m\u00eame pour le c\u00e9l\u00e8bre casque pour enfants Smiley. La version 3.0 LED pr\u00e9serve tous les points forts de ce casque et pr\u00e9pare l\u2019avenir avec des caract\u00e9ristiques pratiques, une lumi\u00e8re arri\u00e8re pour une meilleure visibilit\u00e9 et de superbes designs.<\/p>\n","protected":false},"excerpt":{"rendered":"<p>Comme les enfants se d\u00e9veloppent un peu plus chaque jour, il en va de m\u00eame pour le c\u00e9l\u00e8bre casque pour enfants Smiley. La version 3.0 LED pr\u00e9serve tous les points forts de ce casque et pr\u00e9pare l\u2019avenir avec des caract\u00e9ristiques pratiques, une lumi\u00e8re arri\u00e8re pour une meilleure visibilit\u00e9 et de superbes designs.<\/p>\n","protected":false},"featured_media":536773,"template":"","meta":{"_acf_changed":false},"product_brand":[],"product_cat":[185,187],"product_tag":[3358,2478,3355,3361,2600],"marque-produit":[1417],"collection-produit":[],"type-surface-produit":[],"type-velo-produit":[],"vetement-produit":[],"thematique-produit":[],"position-sur-le-v\u00e9lo":[],"class_list":{"0":"post-480729","1":"product","2":"type-product","3":"status-publish","4":"has-post-thumbnail","6":"product_cat-casques","7":"product_cat-enfants","8":"product_tag-3-0","9":"product_tag-abus","10":"product_tag-casque-enfant","11":"product_tag-led","12":"product_tag-smiley","13":"marque-produit-abus","15":"first","16":"instock","17":"taxable","18":"shipping-taxable","19":"purchasable","20":"product-type-variable"},"acf":[],"yoast_head":"<!-- This site is optimized with the Yoast SEO plugin v24.3 - https:\/\/yoast.com\/wordpress\/plugins\/seo\/ -->\n<title>Casque enfant Abus Smiley 3.0 LED - Dumoulin Bicyclettes<\/title>\n<meta name=\"description\" content=\"Le casque Abus Smiley 3.0 LED est un classique des casques pour enfants maintenant dans une version am\u00e9lior\u00e9e et avec une lampe arri\u00e8re.\" \/>\n<meta name=\"robots\" content=\"noindex, follow, max-snippet:-1, max-image-preview:large, max-video-preview:-1\" \/>\n<meta property=\"og:locale\" content=\"en_US\" \/>\n<meta property=\"og:type\" content=\"article\" \/>\n<meta property=\"og:title\" content=\"Casque enfant Abus Smiley 3.0 LED - Dumoulin Bicyclettes\" \/>\n<meta property=\"og:description\" content=\"Le casque Abus Smiley 3.0 LED est un classique des casques pour enfants maintenant dans une version am\u00e9lior\u00e9e et avec une lampe arri\u00e8re.\" \/>\n<meta property=\"og:url\" content=\"https:\/\/dumoulin.absoludev.ca\/en\/produit\/cas-abus-smiley-3-0-led\/\" \/>\n<meta property=\"og:site_name\" content=\"Dumoulin Bicyclettes\" \/>\n<meta property=\"article:publisher\" content=\"https:\/\/www.facebook.com\/dumoulinbicyclettes\" \/>\n<meta property=\"article:modified_time\" content=\"2025-09-04T18:21:36+00:00\" \/>\n<meta property=\"og:image\" content=\"https:\/\/dumoulin.absoludev.ca\/wp-content\/uploads\/2024\/10\/casque-abus-smiley-30-led-dumoulin-bicyclettes-montreal-fraise-3.png\" \/>\n\t<meta property=\"og:image:width\" content=\"640\" \/>\n\t<meta property=\"og:image:height\" content=\"825\" \/>\n\t<meta property=\"og:image:type\" content=\"image\/png\" \/>\n<meta name=\"twitter:card\" content=\"summary_large_image\" \/>\n<meta name=\"twitter:label1\" content=\"Est. reading time\" \/>\n\t<meta name=\"twitter:data1\" content=\"1 minute\" \/>\n<script type=\"application\/ld+json\" class=\"yoast-schema-graph\">{\"@context\":\"https:\/\/schema.org\",\"@graph\":[{\"@type\":\"WebPage\",\"@id\":\"https:\/\/dumoulin.absoludev.ca\/en\/produit\/cas-abus-smiley-3-0-led\/\",\"url\":\"https:\/\/dumoulin.absoludev.ca\/en\/produit\/cas-abus-smiley-3-0-led\/\",\"name\":\"Casque enfant Abus Smiley 3.0 LED - Dumoulin Bicyclettes\",\"isPartOf\":{\"@id\":\"https:\/\/dumoulin.absoludev.ca\/#website\"},\"primaryImageOfPage\":{\"@id\":\"https:\/\/dumoulin.absoludev.ca\/en\/produit\/cas-abus-smiley-3-0-led\/#primaryimage\"},\"image\":{\"@id\":\"https:\/\/dumoulin.absoludev.ca\/en\/produit\/cas-abus-smiley-3-0-led\/#primaryimage\"},\"thumbnailUrl\":\"https:\/\/dumoulin.absoludev.ca\/wp-content\/uploads\/2024\/10\/casque-abus-smiley-30-led-dumoulin-bicyclettes-montreal-fraise-3.png\",\"datePublished\":\"2024-10-31T18:10:45+00:00\",\"dateModified\":\"2025-09-04T18:21:36+00:00\",\"description\":\"Le casque Abus Smiley 3.0 LED est un classique des casques pour enfants maintenant dans une version am\u00e9lior\u00e9e et avec une lampe arri\u00e8re.\",\"breadcrumb\":{\"@id\":\"https:\/\/dumoulin.absoludev.ca\/en\/produit\/cas-abus-smiley-3-0-led\/#breadcrumb\"},\"inLanguage\":\"en-US\",\"potentialAction\":[{\"@type\":\"ReadAction\",\"target\":[\"https:\/\/dumoulin.absoludev.ca\/en\/produit\/cas-abus-smiley-3-0-led\/\"]}]},{\"@type\":\"ImageObject\",\"inLanguage\":\"en-US\",\"@id\":\"https:\/\/dumoulin.absoludev.ca\/en\/produit\/cas-abus-smiley-3-0-led\/#primaryimage\",\"url\":\"https:\/\/dumoulin.absoludev.ca\/wp-content\/uploads\/2024\/10\/casque-abus-smiley-30-led-dumoulin-bicyclettes-montreal-fraise-3.png\",\"contentUrl\":\"https:\/\/dumoulin.absoludev.ca\/wp-content\/uploads\/2024\/10\/casque-abus-smiley-30-led-dumoulin-bicyclettes-montreal-fraise-3.png\",\"width\":640,\"height\":825},{\"@type\":\"BreadcrumbList\",\"@id\":\"https:\/\/dumoulin.absoludev.ca\/en\/produit\/cas-abus-smiley-3-0-led\/#breadcrumb\",\"itemListElement\":[{\"@type\":\"ListItem\",\"position\":1,\"name\":\"Home\",\"item\":\"https:\/\/dumoulin.absoludev.ca\/en\/\"},{\"@type\":\"ListItem\",\"position\":2,\"name\":\"Shop\",\"item\":\"https:\/\/dumoulin.absoludev.ca\/en\/shop\/\"},{\"@type\":\"ListItem\",\"position\":3,\"name\":\"Casque enfant Abus Smiley 3.0 LED\"}]},{\"@type\":\"WebSite\",\"@id\":\"https:\/\/dumoulin.absoludev.ca\/#website\",\"url\":\"https:\/\/dumoulin.absoludev.ca\/\",\"name\":\"Dumoulin Bicyclettes\",\"description\":\"\",\"publisher\":{\"@id\":\"https:\/\/dumoulin.absoludev.ca\/#organization\"},\"potentialAction\":[{\"@type\":\"SearchAction\",\"target\":{\"@type\":\"EntryPoint\",\"urlTemplate\":\"https:\/\/dumoulin.absoludev.ca\/?s={search_term_string}\"},\"query-input\":{\"@type\":\"PropertyValueSpecification\",\"valueRequired\":true,\"valueName\":\"search_term_string\"}}],\"inLanguage\":\"en-US\"},{\"@type\":\"Organization\",\"@id\":\"https:\/\/dumoulin.absoludev.ca\/#organization\",\"name\":\"Dumoulin Bicyclettes\",\"url\":\"https:\/\/dumoulin.absoludev.ca\/\",\"logo\":{\"@type\":\"ImageObject\",\"inLanguage\":\"en-US\",\"@id\":\"https:\/\/dumoulin.absoludev.ca\/#\/schema\/logo\/image\/\",\"url\":\"https:\/\/www.dumoulinbicyclettes.com\/wp-content\/uploads\/2021\/04\/Logo.svg\",\"contentUrl\":\"https:\/\/www.dumoulinbicyclettes.com\/wp-content\/uploads\/2021\/04\/Logo.svg\",\"width\":254,\"height\":86,\"caption\":\"Dumoulin Bicyclettes\"},\"image\":{\"@id\":\"https:\/\/dumoulin.absoludev.ca\/#\/schema\/logo\/image\/\"},\"sameAs\":[\"https:\/\/www.facebook.com\/dumoulinbicyclettes\",\"https:\/\/www.instagram.com\/dumoulin.ca\/\",\"https:\/\/www.youtube.com\/user\/dumoulinbicyclettes\"]}]}<\/script>\n<!-- \/ Yoast SEO plugin. -->","yoast_head_json":{"title":"Casque enfant Abus Smiley 3.0 LED - Dumoulin Bicyclettes","description":"Le casque Abus Smiley 3.0 LED est un classique des casques pour enfants maintenant dans une version am\u00e9lior\u00e9e et avec une lampe arri\u00e8re.","robots":{"index":"noindex","follow":"follow","max-snippet":"max-snippet:-1","max-image-preview":"max-image-preview:large","max-video-preview":"max-video-preview:-1"},"og_locale":"en_US","og_type":"article","og_title":"Casque enfant Abus Smiley 3.0 LED - Dumoulin Bicyclettes","og_description":"Le casque Abus Smiley 3.0 LED est un classique des casques pour enfants maintenant dans une version am\u00e9lior\u00e9e et avec une lampe arri\u00e8re.","og_url":"https:\/\/dumoulin.absoludev.ca\/en\/produit\/cas-abus-smiley-3-0-led\/","og_site_name":"Dumoulin Bicyclettes","article_publisher":"https:\/\/www.facebook.com\/dumoulinbicyclettes","article_modified_time":"2025-09-04T18:21:36+00:00","og_image":[{"width":640,"height":825,"url":"https:\/\/dumoulin.absoludev.ca\/wp-content\/uploads\/2024\/10\/casque-abus-smiley-30-led-dumoulin-bicyclettes-montreal-fraise-3.png","type":"image\/png"}],"twitter_card":"summary_large_image","twitter_misc":{"Est. reading time":"1 minute"},"schema":{"@context":"https:\/\/schema.org","@graph":[{"@type":"WebPage","@id":"https:\/\/dumoulin.absoludev.ca\/en\/produit\/cas-abus-smiley-3-0-led\/","url":"https:\/\/dumoulin.absoludev.ca\/en\/produit\/cas-abus-smiley-3-0-led\/","name":"Casque enfant Abus Smiley 3.0 LED - Dumoulin Bicyclettes","isPartOf":{"@id":"https:\/\/dumoulin.absoludev.ca\/#website"},"primaryImageOfPage":{"@id":"https:\/\/dumoulin.absoludev.ca\/en\/produit\/cas-abus-smiley-3-0-led\/#primaryimage"},"image":{"@id":"https:\/\/dumoulin.absoludev.ca\/en\/produit\/cas-abus-smiley-3-0-led\/#primaryimage"},"thumbnailUrl":"https:\/\/dumoulin.absoludev.ca\/wp-content\/uploads\/2024\/10\/casque-abus-smiley-30-led-dumoulin-bicyclettes-montreal-fraise-3.png","datePublished":"2024-10-31T18:10:45+00:00","dateModified":"2025-09-04T18:21:36+00:00","description":"Le casque Abus Smiley 3.0 LED est un classique des casques pour enfants maintenant dans une version am\u00e9lior\u00e9e et avec une lampe arri\u00e8re.","breadcrumb":{"@id":"https:\/\/dumoulin.absoludev.ca\/en\/produit\/cas-abus-smiley-3-0-led\/#breadcrumb"},"inLanguage":"en-US","potentialAction":[{"@type":"ReadAction","target":["https:\/\/dumoulin.absoludev.ca\/en\/produit\/cas-abus-smiley-3-0-led\/"]}]},{"@type":"ImageObject","inLanguage":"en-US","@id":"https:\/\/dumoulin.absoludev.ca\/en\/produit\/cas-abus-smiley-3-0-led\/#primaryimage","url":"https:\/\/dumoulin.absoludev.ca\/wp-content\/uploads\/2024\/10\/casque-abus-smiley-30-led-dumoulin-bicyclettes-montreal-fraise-3.png","contentUrl":"https:\/\/dumoulin.absoludev.ca\/wp-content\/uploads\/2024\/10\/casque-abus-smiley-30-led-dumoulin-bicyclettes-montreal-fraise-3.png","width":640,"height":825},{"@type":"BreadcrumbList","@id":"https:\/\/dumoulin.absoludev.ca\/en\/produit\/cas-abus-smiley-3-0-led\/#breadcrumb","itemListElement":[{"@type":"ListItem","position":1,"name":"Home","item":"https:\/\/dumoulin.absoludev.ca\/en\/"},{"@type":"ListItem","position":2,"name":"Shop","item":"https:\/\/dumoulin.absoludev.ca\/en\/shop\/"},{"@type":"ListItem","position":3,"name":"Casque enfant Abus Smiley 3.0 LED"}]},{"@type":"WebSite","@id":"https:\/\/dumoulin.absoludev.ca\/#website","url":"https:\/\/dumoulin.absoludev.ca\/","name":"Dumoulin Bicyclettes","description":"","publisher":{"@id":"https:\/\/dumoulin.absoludev.ca\/#organization"},"potentialAction":[{"@type":"SearchAction","target":{"@type":"EntryPoint","urlTemplate":"https:\/\/dumoulin.absoludev.ca\/?s={search_term_string}"},"query-input":{"@type":"PropertyValueSpecification","valueRequired":true,"valueName":"search_term_string"}}],"inLanguage":"en-US"},{"@type":"Organization","@id":"https:\/\/dumoulin.absoludev.ca\/#organization","name":"Dumoulin Bicyclettes","url":"https:\/\/dumoulin.absoludev.ca\/","logo":{"@type":"ImageObject","inLanguage":"en-US","@id":"https:\/\/dumoulin.absoludev.ca\/#\/schema\/logo\/image\/","url":"https:\/\/www.dumoulinbicyclettes.com\/wp-content\/uploads\/2021\/04\/Logo.svg","contentUrl":"https:\/\/www.dumoulinbicyclettes.com\/wp-content\/uploads\/2021\/04\/Logo.svg","width":254,"height":86,"caption":"Dumoulin Bicyclettes"},"image":{"@id":"https:\/\/dumoulin.absoludev.ca\/#\/schema\/logo\/image\/"},"sameAs":["https:\/\/www.facebook.com\/dumoulinbicyclettes","https:\/\/www.instagram.com\/dumoulin.ca\/","https:\/\/www.youtube.com\/user\/dumoulinbicyclettes"]}]}},"_links":{"self":[{"href":"https:\/\/dumoulin.absoludev.ca\/en\/wp-json\/wp\/v2\/product\/480729","targetHints":{"allow":["GET"]}}],"collection":[{"href":"https:\/\/dumoulin.absoludev.ca\/en\/wp-json\/wp\/v2\/product"}],"about":[{"href":"https:\/\/dumoulin.absoludev.ca\/en\/wp-json\/wp\/v2\/types\/product"}],"wp:featuredmedia":[{"embeddable":true,"href":"https:\/\/dumoulin.absoludev.ca\/en\/wp-json\/wp\/v2\/media\/536773"}],"wp:attachment":[{"href":"https:\/\/dumoulin.absoludev.ca\/en\/wp-json\/wp\/v2\/media?parent=480729"}],"wp:term":[{"taxonomy":"product_brand","embeddable":true,"href":"https:\/\/dumoulin.absoludev.ca\/en\/wp-json\/wp\/v2\/product_brand?post=480729"},{"taxonomy":"product_cat","embeddable":true,"href":"https:\/\/dumoulin.absoludev.ca\/en\/wp-json\/wp\/v2\/product_cat?post=480729"},{"taxonomy":"product_tag","embeddable":true,"href":"https:\/\/dumoulin.absoludev.ca\/en\/wp-json\/wp\/v2\/product_tag?post=480729"},{"taxonomy":"marque-produit","embeddable":true,"href":"https:\/\/dumoulin.absoludev.ca\/en\/wp-json\/wp\/v2\/marque-produit?post=480729"},{"taxonomy":"collection-produit","embeddable":true,"href":"https:\/\/dumoulin.absoludev.ca\/en\/wp-json\/wp\/v2\/collection-produit?post=480729"},{"taxonomy":"type-surface-produit","embeddable":true,"href":"https:\/\/dumoulin.absoludev.ca\/en\/wp-json\/wp\/v2\/type-surface-produit?post=480729"},{"taxonomy":"type-velo-produit","embeddable":true,"href":"https:\/\/dumoulin.absoludev.ca\/en\/wp-json\/wp\/v2\/type-velo-produit?post=480729"},{"taxonomy":"vetement-produit","embeddable":true,"href":"https:\/\/dumoulin.absoludev.ca\/en\/wp-json\/wp\/v2\/vetement-produit?post=480729"},{"taxonomy":"thematique-produit","embeddable":true,"href":"https:\/\/dumoulin.absoludev.ca\/en\/wp-json\/wp\/v2\/thematique-produit?post=480729"},{"taxonomy":"position-sur-le-v\u00e9lo","embeddable":true,"href":"https:\/\/dumoulin.absoludev.ca\/en\/wp-json\/wp\/v2\/position-sur-le-v\u00e9lo?post=480729"}],"curies":[{"name":"wp","href":"https:\/\/api.w.org\/{rel}","templated":true}]}}