{"id":476614,"date":"2024-10-21T15:09:13","date_gmt":"2024-10-21T19:09:13","guid":{"rendered":"http:\/\/www.dumoulinbicyclettes.com\/?post_type=product&#038;p=476614"},"modified":"2025-09-04T14:16:31","modified_gmt":"2025-09-04T18:16:31","slug":"tern-poignee-sidekick-handle","status":"publish","type":"product","link":"https:\/\/dumoulin.absoludev.ca\/en\/produit\/tern-poignee-sidekick-handle\/","title":{"rendered":"Poign\u00e9e Tern \u00ab Sidekick Handle \u00bb"},"content":{"rendered":"<p>La poign\u00e9e Tern \u00ab Sidekick Handle \u00bb offre \u00e0 votre passager arri\u00e8re une prise s\u00fbre pendant la conduite. Facile \u00e0 fixer et \u00e0 retirer, la poign\u00e9e \u00ab Sidekick Handle \u00bb se monte sur le porte-bagages arri\u00e8re plut\u00f4t que sur la tige de selle. Elle peut donc \u00eatre utilis\u00e9e m\u00eame si votre selle est toujours compl\u00e8tement baiss\u00e9e.<\/p>\n","protected":false},"excerpt":{"rendered":"<p>La poign\u00e9e Tern \u00ab Sidekick Handle \u00bb offre \u00e0 votre passager arri\u00e8re une prise s\u00fbre pendant la conduite. Facile \u00e0 fixer et \u00e0 retirer, la poign\u00e9e \u00ab Sidekick Handle \u00bb se monte sur le porte-bagages arri\u00e8re plut\u00f4t que sur la tige de selle. Elle peut donc \u00eatre utilis\u00e9e m\u00eame si votre selle est toujours compl\u00e8tement [&hellip;]<\/p>\n","protected":false},"featured_media":476615,"template":"","meta":{"_acf_changed":false},"product_brand":[],"product_cat":[183,2509],"product_tag":[2453,3107,2203],"marque-produit":[154],"collection-produit":[2843,2842],"type-surface-produit":[],"type-velo-produit":[],"vetement-produit":[],"thematique-produit":[],"position-sur-le-v\u00e9lo":[],"class_list":{"0":"post-476614","1":"product","2":"type-product","3":"status-publish","4":"has-post-thumbnail","6":"product_cat-accessoires-pour-velo-cargo","7":"product_cat-tern","8":"product_tag-poignee","9":"product_tag-sidekick-handle","10":"product_tag-tern","11":"marque-produit-tern","12":"collection-produit-tern-gsd","13":"collection-produit-tern-hsd","15":"first","16":"instock","17":"taxable","18":"shipping-taxable","19":"purchasable","20":"product-type-simple"},"acf":[],"yoast_head":"<!-- This site is optimized with the Yoast SEO plugin v24.3 - https:\/\/yoast.com\/wordpress\/plugins\/seo\/ -->\n<title>Poign\u00e9e Tern \u00ab Sidekick Handle \u00bb - Dumoulin Bicyclettes<\/title>\n<meta name=\"description\" content=\"La poign\u00e9e Tern \u00ab Sidekick Handle \u00bb offre \u00e0 votre passager arri\u00e8re une prise s\u00fbre pendant la conduite. Elle se monte sur le porte-bagages arri\u00e8re.\" \/>\n<meta name=\"robots\" content=\"noindex, follow, max-snippet:-1, max-image-preview:large, max-video-preview:-1\" \/>\n<meta property=\"og:locale\" content=\"en_US\" \/>\n<meta property=\"og:type\" content=\"article\" \/>\n<meta property=\"og:title\" content=\"Poign\u00e9e Tern \u00ab Sidekick Handle \u00bb - Dumoulin Bicyclettes\" \/>\n<meta property=\"og:description\" content=\"La poign\u00e9e Tern \u00ab Sidekick Handle \u00bb offre \u00e0 votre passager arri\u00e8re une prise s\u00fbre pendant la conduite. Elle se monte sur le porte-bagages arri\u00e8re.\" \/>\n<meta property=\"og:url\" content=\"https:\/\/dumoulin.absoludev.ca\/produit\/tern-poignee-sidekick-handle\/\" \/>\n<meta property=\"og:site_name\" content=\"Dumoulin Bicyclettes\" \/>\n<meta property=\"article:publisher\" content=\"https:\/\/www.facebook.com\/dumoulinbicyclettes\" \/>\n<meta property=\"article:modified_time\" content=\"2025-09-04T18:16:31+00:00\" \/>\n<meta property=\"og:image\" content=\"https:\/\/dumoulin.absoludev.ca\/wp-content\/uploads\/2024\/10\/TN-photo-sidekick_handle-seatpad-GSD-detail-1-web.jpg.webp\" \/>\n\t<meta property=\"og:image:width\" content=\"480\" \/>\n\t<meta property=\"og:image:height\" content=\"320\" \/>\n\t<meta property=\"og:image:type\" content=\"image\/webp\" \/>\n<meta name=\"twitter:card\" content=\"summary_large_image\" \/>\n<meta name=\"twitter:label1\" content=\"Est. reading time\" \/>\n\t<meta name=\"twitter:data1\" content=\"1 minute\" \/>\n<script type=\"application\/ld+json\" class=\"yoast-schema-graph\">{\"@context\":\"https:\/\/schema.org\",\"@graph\":[{\"@type\":\"WebPage\",\"@id\":\"https:\/\/dumoulin.absoludev.ca\/produit\/tern-poignee-sidekick-handle\/\",\"url\":\"https:\/\/dumoulin.absoludev.ca\/produit\/tern-poignee-sidekick-handle\/\",\"name\":\"Poign\u00e9e Tern \u00ab Sidekick Handle \u00bb - Dumoulin Bicyclettes\",\"isPartOf\":{\"@id\":\"https:\/\/dumoulin.absoludev.ca\/#website\"},\"primaryImageOfPage\":{\"@id\":\"https:\/\/dumoulin.absoludev.ca\/produit\/tern-poignee-sidekick-handle\/#primaryimage\"},\"image\":{\"@id\":\"https:\/\/dumoulin.absoludev.ca\/produit\/tern-poignee-sidekick-handle\/#primaryimage\"},\"thumbnailUrl\":\"https:\/\/dumoulin.absoludev.ca\/wp-content\/uploads\/2024\/10\/TN-photo-sidekick_handle-seatpad-GSD-detail-1-web.jpg.webp\",\"datePublished\":\"2024-10-21T19:09:13+00:00\",\"dateModified\":\"2025-09-04T18:16:31+00:00\",\"description\":\"La poign\u00e9e Tern \u00ab Sidekick Handle \u00bb offre \u00e0 votre passager arri\u00e8re une prise s\u00fbre pendant la conduite. Elle se monte sur le porte-bagages arri\u00e8re.\",\"breadcrumb\":{\"@id\":\"https:\/\/dumoulin.absoludev.ca\/produit\/tern-poignee-sidekick-handle\/#breadcrumb\"},\"inLanguage\":\"en-US\",\"potentialAction\":[{\"@type\":\"ReadAction\",\"target\":[\"https:\/\/dumoulin.absoludev.ca\/produit\/tern-poignee-sidekick-handle\/\"]}]},{\"@type\":\"ImageObject\",\"inLanguage\":\"en-US\",\"@id\":\"https:\/\/dumoulin.absoludev.ca\/produit\/tern-poignee-sidekick-handle\/#primaryimage\",\"url\":\"https:\/\/dumoulin.absoludev.ca\/wp-content\/uploads\/2024\/10\/TN-photo-sidekick_handle-seatpad-GSD-detail-1-web.jpg.webp\",\"contentUrl\":\"https:\/\/dumoulin.absoludev.ca\/wp-content\/uploads\/2024\/10\/TN-photo-sidekick_handle-seatpad-GSD-detail-1-web.jpg.webp\",\"width\":480,\"height\":320},{\"@type\":\"BreadcrumbList\",\"@id\":\"https:\/\/dumoulin.absoludev.ca\/produit\/tern-poignee-sidekick-handle\/#breadcrumb\",\"itemListElement\":[{\"@type\":\"ListItem\",\"position\":1,\"name\":\"Home\",\"item\":\"https:\/\/dumoulin.absoludev.ca\/en\/\"},{\"@type\":\"ListItem\",\"position\":2,\"name\":\"Shop\",\"item\":\"https:\/\/dumoulin.absoludev.ca\/en\/shop\/\"},{\"@type\":\"ListItem\",\"position\":3,\"name\":\"Poign\u00e9e Tern \u00ab Sidekick Handle \u00bb\"}]},{\"@type\":\"WebSite\",\"@id\":\"https:\/\/dumoulin.absoludev.ca\/#website\",\"url\":\"https:\/\/dumoulin.absoludev.ca\/\",\"name\":\"Dumoulin Bicyclettes\",\"description\":\"\",\"publisher\":{\"@id\":\"https:\/\/dumoulin.absoludev.ca\/#organization\"},\"potentialAction\":[{\"@type\":\"SearchAction\",\"target\":{\"@type\":\"EntryPoint\",\"urlTemplate\":\"https:\/\/dumoulin.absoludev.ca\/?s={search_term_string}\"},\"query-input\":{\"@type\":\"PropertyValueSpecification\",\"valueRequired\":true,\"valueName\":\"search_term_string\"}}],\"inLanguage\":\"en-US\"},{\"@type\":\"Organization\",\"@id\":\"https:\/\/dumoulin.absoludev.ca\/#organization\",\"name\":\"Dumoulin Bicyclettes\",\"url\":\"https:\/\/dumoulin.absoludev.ca\/\",\"logo\":{\"@type\":\"ImageObject\",\"inLanguage\":\"en-US\",\"@id\":\"https:\/\/dumoulin.absoludev.ca\/#\/schema\/logo\/image\/\",\"url\":\"https:\/\/www.dumoulinbicyclettes.com\/wp-content\/uploads\/2021\/04\/Logo.svg\",\"contentUrl\":\"https:\/\/www.dumoulinbicyclettes.com\/wp-content\/uploads\/2021\/04\/Logo.svg\",\"width\":254,\"height\":86,\"caption\":\"Dumoulin Bicyclettes\"},\"image\":{\"@id\":\"https:\/\/dumoulin.absoludev.ca\/#\/schema\/logo\/image\/\"},\"sameAs\":[\"https:\/\/www.facebook.com\/dumoulinbicyclettes\",\"https:\/\/www.instagram.com\/dumoulin.ca\/\",\"https:\/\/www.youtube.com\/user\/dumoulinbicyclettes\"]}]}<\/script>\n<!-- \/ Yoast SEO plugin. -->","yoast_head_json":{"title":"Poign\u00e9e Tern \u00ab Sidekick Handle \u00bb - Dumoulin Bicyclettes","description":"La poign\u00e9e Tern \u00ab Sidekick Handle \u00bb offre \u00e0 votre passager arri\u00e8re une prise s\u00fbre pendant la conduite. Elle se monte sur le porte-bagages arri\u00e8re.","robots":{"index":"noindex","follow":"follow","max-snippet":"max-snippet:-1","max-image-preview":"max-image-preview:large","max-video-preview":"max-video-preview:-1"},"og_locale":"en_US","og_type":"article","og_title":"Poign\u00e9e Tern \u00ab Sidekick Handle \u00bb - Dumoulin Bicyclettes","og_description":"La poign\u00e9e Tern \u00ab Sidekick Handle \u00bb offre \u00e0 votre passager arri\u00e8re une prise s\u00fbre pendant la conduite. Elle se monte sur le porte-bagages arri\u00e8re.","og_url":"https:\/\/dumoulin.absoludev.ca\/produit\/tern-poignee-sidekick-handle\/","og_site_name":"Dumoulin Bicyclettes","article_publisher":"https:\/\/www.facebook.com\/dumoulinbicyclettes","article_modified_time":"2025-09-04T18:16:31+00:00","og_image":[{"width":480,"height":320,"url":"https:\/\/dumoulin.absoludev.ca\/wp-content\/uploads\/2024\/10\/TN-photo-sidekick_handle-seatpad-GSD-detail-1-web.jpg.webp","type":"image\/webp"}],"twitter_card":"summary_large_image","twitter_misc":{"Est. reading time":"1 minute"},"schema":{"@context":"https:\/\/schema.org","@graph":[{"@type":"WebPage","@id":"https:\/\/dumoulin.absoludev.ca\/produit\/tern-poignee-sidekick-handle\/","url":"https:\/\/dumoulin.absoludev.ca\/produit\/tern-poignee-sidekick-handle\/","name":"Poign\u00e9e Tern \u00ab Sidekick Handle \u00bb - Dumoulin Bicyclettes","isPartOf":{"@id":"https:\/\/dumoulin.absoludev.ca\/#website"},"primaryImageOfPage":{"@id":"https:\/\/dumoulin.absoludev.ca\/produit\/tern-poignee-sidekick-handle\/#primaryimage"},"image":{"@id":"https:\/\/dumoulin.absoludev.ca\/produit\/tern-poignee-sidekick-handle\/#primaryimage"},"thumbnailUrl":"https:\/\/dumoulin.absoludev.ca\/wp-content\/uploads\/2024\/10\/TN-photo-sidekick_handle-seatpad-GSD-detail-1-web.jpg.webp","datePublished":"2024-10-21T19:09:13+00:00","dateModified":"2025-09-04T18:16:31+00:00","description":"La poign\u00e9e Tern \u00ab Sidekick Handle \u00bb offre \u00e0 votre passager arri\u00e8re une prise s\u00fbre pendant la conduite. Elle se monte sur le porte-bagages arri\u00e8re.","breadcrumb":{"@id":"https:\/\/dumoulin.absoludev.ca\/produit\/tern-poignee-sidekick-handle\/#breadcrumb"},"inLanguage":"en-US","potentialAction":[{"@type":"ReadAction","target":["https:\/\/dumoulin.absoludev.ca\/produit\/tern-poignee-sidekick-handle\/"]}]},{"@type":"ImageObject","inLanguage":"en-US","@id":"https:\/\/dumoulin.absoludev.ca\/produit\/tern-poignee-sidekick-handle\/#primaryimage","url":"https:\/\/dumoulin.absoludev.ca\/wp-content\/uploads\/2024\/10\/TN-photo-sidekick_handle-seatpad-GSD-detail-1-web.jpg.webp","contentUrl":"https:\/\/dumoulin.absoludev.ca\/wp-content\/uploads\/2024\/10\/TN-photo-sidekick_handle-seatpad-GSD-detail-1-web.jpg.webp","width":480,"height":320},{"@type":"BreadcrumbList","@id":"https:\/\/dumoulin.absoludev.ca\/produit\/tern-poignee-sidekick-handle\/#breadcrumb","itemListElement":[{"@type":"ListItem","position":1,"name":"Home","item":"https:\/\/dumoulin.absoludev.ca\/en\/"},{"@type":"ListItem","position":2,"name":"Shop","item":"https:\/\/dumoulin.absoludev.ca\/en\/shop\/"},{"@type":"ListItem","position":3,"name":"Poign\u00e9e Tern \u00ab Sidekick Handle \u00bb"}]},{"@type":"WebSite","@id":"https:\/\/dumoulin.absoludev.ca\/#website","url":"https:\/\/dumoulin.absoludev.ca\/","name":"Dumoulin Bicyclettes","description":"","publisher":{"@id":"https:\/\/dumoulin.absoludev.ca\/#organization"},"potentialAction":[{"@type":"SearchAction","target":{"@type":"EntryPoint","urlTemplate":"https:\/\/dumoulin.absoludev.ca\/?s={search_term_string}"},"query-input":{"@type":"PropertyValueSpecification","valueRequired":true,"valueName":"search_term_string"}}],"inLanguage":"en-US"},{"@type":"Organization","@id":"https:\/\/dumoulin.absoludev.ca\/#organization","name":"Dumoulin Bicyclettes","url":"https:\/\/dumoulin.absoludev.ca\/","logo":{"@type":"ImageObject","inLanguage":"en-US","@id":"https:\/\/dumoulin.absoludev.ca\/#\/schema\/logo\/image\/","url":"https:\/\/www.dumoulinbicyclettes.com\/wp-content\/uploads\/2021\/04\/Logo.svg","contentUrl":"https:\/\/www.dumoulinbicyclettes.com\/wp-content\/uploads\/2021\/04\/Logo.svg","width":254,"height":86,"caption":"Dumoulin Bicyclettes"},"image":{"@id":"https:\/\/dumoulin.absoludev.ca\/#\/schema\/logo\/image\/"},"sameAs":["https:\/\/www.facebook.com\/dumoulinbicyclettes","https:\/\/www.instagram.com\/dumoulin.ca\/","https:\/\/www.youtube.com\/user\/dumoulinbicyclettes"]}]}},"_links":{"self":[{"href":"https:\/\/dumoulin.absoludev.ca\/en\/wp-json\/wp\/v2\/product\/476614","targetHints":{"allow":["GET"]}}],"collection":[{"href":"https:\/\/dumoulin.absoludev.ca\/en\/wp-json\/wp\/v2\/product"}],"about":[{"href":"https:\/\/dumoulin.absoludev.ca\/en\/wp-json\/wp\/v2\/types\/product"}],"wp:featuredmedia":[{"embeddable":true,"href":"https:\/\/dumoulin.absoludev.ca\/en\/wp-json\/wp\/v2\/media\/476615"}],"wp:attachment":[{"href":"https:\/\/dumoulin.absoludev.ca\/en\/wp-json\/wp\/v2\/media?parent=476614"}],"wp:term":[{"taxonomy":"product_brand","embeddable":true,"href":"https:\/\/dumoulin.absoludev.ca\/en\/wp-json\/wp\/v2\/product_brand?post=476614"},{"taxonomy":"product_cat","embeddable":true,"href":"https:\/\/dumoulin.absoludev.ca\/en\/wp-json\/wp\/v2\/product_cat?post=476614"},{"taxonomy":"product_tag","embeddable":true,"href":"https:\/\/dumoulin.absoludev.ca\/en\/wp-json\/wp\/v2\/product_tag?post=476614"},{"taxonomy":"marque-produit","embeddable":true,"href":"https:\/\/dumoulin.absoludev.ca\/en\/wp-json\/wp\/v2\/marque-produit?post=476614"},{"taxonomy":"collection-produit","embeddable":true,"href":"https:\/\/dumoulin.absoludev.ca\/en\/wp-json\/wp\/v2\/collection-produit?post=476614"},{"taxonomy":"type-surface-produit","embeddable":true,"href":"https:\/\/dumoulin.absoludev.ca\/en\/wp-json\/wp\/v2\/type-surface-produit?post=476614"},{"taxonomy":"type-velo-produit","embeddable":true,"href":"https:\/\/dumoulin.absoludev.ca\/en\/wp-json\/wp\/v2\/type-velo-produit?post=476614"},{"taxonomy":"vetement-produit","embeddable":true,"href":"https:\/\/dumoulin.absoludev.ca\/en\/wp-json\/wp\/v2\/vetement-produit?post=476614"},{"taxonomy":"thematique-produit","embeddable":true,"href":"https:\/\/dumoulin.absoludev.ca\/en\/wp-json\/wp\/v2\/thematique-produit?post=476614"},{"taxonomy":"position-sur-le-v\u00e9lo","embeddable":true,"href":"https:\/\/dumoulin.absoludev.ca\/en\/wp-json\/wp\/v2\/position-sur-le-v\u00e9lo?post=476614"}],"curies":[{"name":"wp","href":"https:\/\/api.w.org\/{rel}","templated":true}]}}