{"id":472558,"date":"2024-10-12T00:07:45","date_gmt":"2024-10-12T04:07:45","guid":{"rendered":"http:\/\/www.dumoulinbicyclettes.com\/?post_type=product&#038;p=472558"},"modified":"2025-09-04T14:17:26","modified_gmt":"2025-09-04T18:17:26","slug":"retroviseur-ergon-rm-miroir-de-velo","status":"publish","type":"product","link":"https:\/\/dumoulin.absoludev.ca\/en\/produit\/retroviseur-ergon-rm-miroir-de-velo\/","title":{"rendered":"R\u00e9troviseur Ergon &#8220;RM Touring&#8221;"},"content":{"rendered":"<p>Le miroir Ergon &#8220;RM Touring&#8221; est un essentiel pour rouler en toute s\u00e9curit\u00e9. Con\u00e7u pour vous offrir une vue claire derri\u00e8re vous, il est ainsi plus facile de jeter un coup d&#8217;\u0153il par-dessus votre \u00e9paule et de garder le contr\u00f4le de votre v\u00e9lo dans toutes les situations. Il r\u00e9duit \u00e9galement l&#8217;angle mort et vous permet d&#8217;estimer avec pr\u00e9cision la vitesse et la distance des obstacles avant de tourner ou de d\u00e9passer.<\/p>\n","protected":false},"excerpt":{"rendered":"<p>Le miroir Ergon &#8220;RM Touring&#8221; est un essentiel pour rouler en toute s\u00e9curit\u00e9. Con\u00e7u pour vous offrir une vue claire derri\u00e8re vous, il est ainsi plus facile de jeter un coup d&#8217;\u0153il par-dessus votre \u00e9paule et de garder le contr\u00f4le de votre v\u00e9lo dans toutes les situations. Il r\u00e9duit \u00e9galement l&#8217;angle mort et vous permet [&hellip;]<\/p>\n","protected":false},"featured_media":589677,"template":"","meta":{"_acf_changed":false},"product_brand":[],"product_cat":[2993,192],"product_tag":[3491,2873,2487,3492],"marque-produit":[3490],"collection-produit":[],"type-surface-produit":[],"type-velo-produit":[],"vetement-produit":[],"thematique-produit":[],"position-sur-le-v\u00e9lo":[],"class_list":{"0":"post-472558","1":"product","2":"type-product","3":"status-publish","4":"has-post-thumbnail","6":"product_cat-retroviseurs","7":"product_cat-visibilite","8":"product_tag-ergon","9":"product_tag-miroir","10":"product_tag-retroviseur","11":"product_tag-rm-touring","12":"marque-produit-ergon","14":"first","15":"instock","16":"taxable","17":"shipping-taxable","18":"purchasable","19":"product-type-simple"},"acf":[],"yoast_head":"<!-- This site is optimized with the Yoast SEO plugin v24.3 - https:\/\/yoast.com\/wordpress\/plugins\/seo\/ -->\n<title>R\u00e9troviseur Ergon &quot;RM Touring&quot; - Dumoulin Bicyclettes<\/title>\n<meta name=\"description\" content=\"Le miroir Ergon &quot;RM Touring&quot; est con\u00e7u pour vous offrir une vue claire derri\u00e8re vous pour vous permettre de rouler en toute s\u00e9curit\u00e9.\" \/>\n<meta name=\"robots\" content=\"noindex, follow, max-snippet:-1, max-image-preview:large, max-video-preview:-1\" \/>\n<meta property=\"og:locale\" content=\"en_US\" \/>\n<meta property=\"og:type\" content=\"article\" \/>\n<meta property=\"og:title\" content=\"R\u00e9troviseur Ergon &quot;RM Touring&quot; - Dumoulin Bicyclettes\" \/>\n<meta property=\"og:description\" content=\"Le miroir Ergon &quot;RM Touring&quot; est con\u00e7u pour vous offrir une vue claire derri\u00e8re vous pour vous permettre de rouler en toute s\u00e9curit\u00e9.\" \/>\n<meta property=\"og:url\" content=\"https:\/\/dumoulin.absoludev.ca\/produit\/retroviseur-ergon-rm-miroir-de-velo\/\" \/>\n<meta property=\"og:site_name\" content=\"Dumoulin Bicyclettes\" \/>\n<meta property=\"article:publisher\" content=\"https:\/\/www.facebook.com\/dumoulinbicyclettes\" \/>\n<meta property=\"article:modified_time\" content=\"2025-09-04T18:17:26+00:00\" \/>\n<meta property=\"og:image\" content=\"https:\/\/dumoulin.absoludev.ca\/wp-content\/uploads\/2024\/10\/miroir-ergon-rm-dumoulin-bicyclettes-montreal-1.jpeg\" \/>\n\t<meta property=\"og:image:width\" content=\"960\" \/>\n\t<meta property=\"og:image:height\" content=\"960\" \/>\n\t<meta property=\"og:image:type\" content=\"image\/jpeg\" \/>\n<meta name=\"twitter:card\" content=\"summary_large_image\" \/>\n<meta name=\"twitter:label1\" content=\"Est. reading time\" \/>\n\t<meta name=\"twitter:data1\" content=\"1 minute\" \/>\n<script type=\"application\/ld+json\" class=\"yoast-schema-graph\">{\"@context\":\"https:\/\/schema.org\",\"@graph\":[{\"@type\":\"WebPage\",\"@id\":\"https:\/\/dumoulin.absoludev.ca\/produit\/retroviseur-ergon-rm-miroir-de-velo\/\",\"url\":\"https:\/\/dumoulin.absoludev.ca\/produit\/retroviseur-ergon-rm-miroir-de-velo\/\",\"name\":\"R\u00e9troviseur Ergon \\\"RM Touring\\\" - Dumoulin Bicyclettes\",\"isPartOf\":{\"@id\":\"https:\/\/dumoulin.absoludev.ca\/#website\"},\"primaryImageOfPage\":{\"@id\":\"https:\/\/dumoulin.absoludev.ca\/produit\/retroviseur-ergon-rm-miroir-de-velo\/#primaryimage\"},\"image\":{\"@id\":\"https:\/\/dumoulin.absoludev.ca\/produit\/retroviseur-ergon-rm-miroir-de-velo\/#primaryimage\"},\"thumbnailUrl\":\"https:\/\/dumoulin.absoludev.ca\/wp-content\/uploads\/2024\/10\/miroir-ergon-rm-dumoulin-bicyclettes-montreal-1.jpeg\",\"datePublished\":\"2024-10-12T04:07:45+00:00\",\"dateModified\":\"2025-09-04T18:17:26+00:00\",\"description\":\"Le miroir Ergon \\\"RM Touring\\\" est con\u00e7u pour vous offrir une vue claire derri\u00e8re vous pour vous permettre de rouler en toute s\u00e9curit\u00e9.\",\"breadcrumb\":{\"@id\":\"https:\/\/dumoulin.absoludev.ca\/produit\/retroviseur-ergon-rm-miroir-de-velo\/#breadcrumb\"},\"inLanguage\":\"en-US\",\"potentialAction\":[{\"@type\":\"ReadAction\",\"target\":[\"https:\/\/dumoulin.absoludev.ca\/produit\/retroviseur-ergon-rm-miroir-de-velo\/\"]}]},{\"@type\":\"ImageObject\",\"inLanguage\":\"en-US\",\"@id\":\"https:\/\/dumoulin.absoludev.ca\/produit\/retroviseur-ergon-rm-miroir-de-velo\/#primaryimage\",\"url\":\"https:\/\/dumoulin.absoludev.ca\/wp-content\/uploads\/2024\/10\/miroir-ergon-rm-dumoulin-bicyclettes-montreal-1.jpeg\",\"contentUrl\":\"https:\/\/dumoulin.absoludev.ca\/wp-content\/uploads\/2024\/10\/miroir-ergon-rm-dumoulin-bicyclettes-montreal-1.jpeg\",\"width\":960,\"height\":960},{\"@type\":\"BreadcrumbList\",\"@id\":\"https:\/\/dumoulin.absoludev.ca\/produit\/retroviseur-ergon-rm-miroir-de-velo\/#breadcrumb\",\"itemListElement\":[{\"@type\":\"ListItem\",\"position\":1,\"name\":\"Home\",\"item\":\"https:\/\/dumoulin.absoludev.ca\/en\/\"},{\"@type\":\"ListItem\",\"position\":2,\"name\":\"Shop\",\"item\":\"https:\/\/dumoulin.absoludev.ca\/en\/shop\/\"},{\"@type\":\"ListItem\",\"position\":3,\"name\":\"R\u00e9troviseur Ergon \u00ab\u00a0RM Touring\u00a0\u00bb\"}]},{\"@type\":\"WebSite\",\"@id\":\"https:\/\/dumoulin.absoludev.ca\/#website\",\"url\":\"https:\/\/dumoulin.absoludev.ca\/\",\"name\":\"Dumoulin Bicyclettes\",\"description\":\"\",\"publisher\":{\"@id\":\"https:\/\/dumoulin.absoludev.ca\/#organization\"},\"potentialAction\":[{\"@type\":\"SearchAction\",\"target\":{\"@type\":\"EntryPoint\",\"urlTemplate\":\"https:\/\/dumoulin.absoludev.ca\/?s={search_term_string}\"},\"query-input\":{\"@type\":\"PropertyValueSpecification\",\"valueRequired\":true,\"valueName\":\"search_term_string\"}}],\"inLanguage\":\"en-US\"},{\"@type\":\"Organization\",\"@id\":\"https:\/\/dumoulin.absoludev.ca\/#organization\",\"name\":\"Dumoulin Bicyclettes\",\"url\":\"https:\/\/dumoulin.absoludev.ca\/\",\"logo\":{\"@type\":\"ImageObject\",\"inLanguage\":\"en-US\",\"@id\":\"https:\/\/dumoulin.absoludev.ca\/#\/schema\/logo\/image\/\",\"url\":\"https:\/\/www.dumoulinbicyclettes.com\/wp-content\/uploads\/2021\/04\/Logo.svg\",\"contentUrl\":\"https:\/\/www.dumoulinbicyclettes.com\/wp-content\/uploads\/2021\/04\/Logo.svg\",\"width\":254,\"height\":86,\"caption\":\"Dumoulin Bicyclettes\"},\"image\":{\"@id\":\"https:\/\/dumoulin.absoludev.ca\/#\/schema\/logo\/image\/\"},\"sameAs\":[\"https:\/\/www.facebook.com\/dumoulinbicyclettes\",\"https:\/\/www.instagram.com\/dumoulin.ca\/\",\"https:\/\/www.youtube.com\/user\/dumoulinbicyclettes\"]}]}<\/script>\n<!-- \/ Yoast SEO plugin. -->","yoast_head_json":{"title":"R\u00e9troviseur Ergon \"RM Touring\" - Dumoulin Bicyclettes","description":"Le miroir Ergon \"RM Touring\" est con\u00e7u pour vous offrir une vue claire derri\u00e8re vous pour vous permettre de rouler en toute s\u00e9curit\u00e9.","robots":{"index":"noindex","follow":"follow","max-snippet":"max-snippet:-1","max-image-preview":"max-image-preview:large","max-video-preview":"max-video-preview:-1"},"og_locale":"en_US","og_type":"article","og_title":"R\u00e9troviseur Ergon \"RM Touring\" - Dumoulin Bicyclettes","og_description":"Le miroir Ergon \"RM Touring\" est con\u00e7u pour vous offrir une vue claire derri\u00e8re vous pour vous permettre de rouler en toute s\u00e9curit\u00e9.","og_url":"https:\/\/dumoulin.absoludev.ca\/produit\/retroviseur-ergon-rm-miroir-de-velo\/","og_site_name":"Dumoulin Bicyclettes","article_publisher":"https:\/\/www.facebook.com\/dumoulinbicyclettes","article_modified_time":"2025-09-04T18:17:26+00:00","og_image":[{"width":960,"height":960,"url":"https:\/\/dumoulin.absoludev.ca\/wp-content\/uploads\/2024\/10\/miroir-ergon-rm-dumoulin-bicyclettes-montreal-1.jpeg","type":"image\/jpeg"}],"twitter_card":"summary_large_image","twitter_misc":{"Est. reading time":"1 minute"},"schema":{"@context":"https:\/\/schema.org","@graph":[{"@type":"WebPage","@id":"https:\/\/dumoulin.absoludev.ca\/produit\/retroviseur-ergon-rm-miroir-de-velo\/","url":"https:\/\/dumoulin.absoludev.ca\/produit\/retroviseur-ergon-rm-miroir-de-velo\/","name":"R\u00e9troviseur Ergon \"RM Touring\" - Dumoulin Bicyclettes","isPartOf":{"@id":"https:\/\/dumoulin.absoludev.ca\/#website"},"primaryImageOfPage":{"@id":"https:\/\/dumoulin.absoludev.ca\/produit\/retroviseur-ergon-rm-miroir-de-velo\/#primaryimage"},"image":{"@id":"https:\/\/dumoulin.absoludev.ca\/produit\/retroviseur-ergon-rm-miroir-de-velo\/#primaryimage"},"thumbnailUrl":"https:\/\/dumoulin.absoludev.ca\/wp-content\/uploads\/2024\/10\/miroir-ergon-rm-dumoulin-bicyclettes-montreal-1.jpeg","datePublished":"2024-10-12T04:07:45+00:00","dateModified":"2025-09-04T18:17:26+00:00","description":"Le miroir Ergon \"RM Touring\" est con\u00e7u pour vous offrir une vue claire derri\u00e8re vous pour vous permettre de rouler en toute s\u00e9curit\u00e9.","breadcrumb":{"@id":"https:\/\/dumoulin.absoludev.ca\/produit\/retroviseur-ergon-rm-miroir-de-velo\/#breadcrumb"},"inLanguage":"en-US","potentialAction":[{"@type":"ReadAction","target":["https:\/\/dumoulin.absoludev.ca\/produit\/retroviseur-ergon-rm-miroir-de-velo\/"]}]},{"@type":"ImageObject","inLanguage":"en-US","@id":"https:\/\/dumoulin.absoludev.ca\/produit\/retroviseur-ergon-rm-miroir-de-velo\/#primaryimage","url":"https:\/\/dumoulin.absoludev.ca\/wp-content\/uploads\/2024\/10\/miroir-ergon-rm-dumoulin-bicyclettes-montreal-1.jpeg","contentUrl":"https:\/\/dumoulin.absoludev.ca\/wp-content\/uploads\/2024\/10\/miroir-ergon-rm-dumoulin-bicyclettes-montreal-1.jpeg","width":960,"height":960},{"@type":"BreadcrumbList","@id":"https:\/\/dumoulin.absoludev.ca\/produit\/retroviseur-ergon-rm-miroir-de-velo\/#breadcrumb","itemListElement":[{"@type":"ListItem","position":1,"name":"Home","item":"https:\/\/dumoulin.absoludev.ca\/en\/"},{"@type":"ListItem","position":2,"name":"Shop","item":"https:\/\/dumoulin.absoludev.ca\/en\/shop\/"},{"@type":"ListItem","position":3,"name":"R\u00e9troviseur Ergon \u00ab\u00a0RM Touring\u00a0\u00bb"}]},{"@type":"WebSite","@id":"https:\/\/dumoulin.absoludev.ca\/#website","url":"https:\/\/dumoulin.absoludev.ca\/","name":"Dumoulin Bicyclettes","description":"","publisher":{"@id":"https:\/\/dumoulin.absoludev.ca\/#organization"},"potentialAction":[{"@type":"SearchAction","target":{"@type":"EntryPoint","urlTemplate":"https:\/\/dumoulin.absoludev.ca\/?s={search_term_string}"},"query-input":{"@type":"PropertyValueSpecification","valueRequired":true,"valueName":"search_term_string"}}],"inLanguage":"en-US"},{"@type":"Organization","@id":"https:\/\/dumoulin.absoludev.ca\/#organization","name":"Dumoulin Bicyclettes","url":"https:\/\/dumoulin.absoludev.ca\/","logo":{"@type":"ImageObject","inLanguage":"en-US","@id":"https:\/\/dumoulin.absoludev.ca\/#\/schema\/logo\/image\/","url":"https:\/\/www.dumoulinbicyclettes.com\/wp-content\/uploads\/2021\/04\/Logo.svg","contentUrl":"https:\/\/www.dumoulinbicyclettes.com\/wp-content\/uploads\/2021\/04\/Logo.svg","width":254,"height":86,"caption":"Dumoulin Bicyclettes"},"image":{"@id":"https:\/\/dumoulin.absoludev.ca\/#\/schema\/logo\/image\/"},"sameAs":["https:\/\/www.facebook.com\/dumoulinbicyclettes","https:\/\/www.instagram.com\/dumoulin.ca\/","https:\/\/www.youtube.com\/user\/dumoulinbicyclettes"]}]}},"_links":{"self":[{"href":"https:\/\/dumoulin.absoludev.ca\/en\/wp-json\/wp\/v2\/product\/472558","targetHints":{"allow":["GET"]}}],"collection":[{"href":"https:\/\/dumoulin.absoludev.ca\/en\/wp-json\/wp\/v2\/product"}],"about":[{"href":"https:\/\/dumoulin.absoludev.ca\/en\/wp-json\/wp\/v2\/types\/product"}],"wp:featuredmedia":[{"embeddable":true,"href":"https:\/\/dumoulin.absoludev.ca\/en\/wp-json\/wp\/v2\/media\/589677"}],"wp:attachment":[{"href":"https:\/\/dumoulin.absoludev.ca\/en\/wp-json\/wp\/v2\/media?parent=472558"}],"wp:term":[{"taxonomy":"product_brand","embeddable":true,"href":"https:\/\/dumoulin.absoludev.ca\/en\/wp-json\/wp\/v2\/product_brand?post=472558"},{"taxonomy":"product_cat","embeddable":true,"href":"https:\/\/dumoulin.absoludev.ca\/en\/wp-json\/wp\/v2\/product_cat?post=472558"},{"taxonomy":"product_tag","embeddable":true,"href":"https:\/\/dumoulin.absoludev.ca\/en\/wp-json\/wp\/v2\/product_tag?post=472558"},{"taxonomy":"marque-produit","embeddable":true,"href":"https:\/\/dumoulin.absoludev.ca\/en\/wp-json\/wp\/v2\/marque-produit?post=472558"},{"taxonomy":"collection-produit","embeddable":true,"href":"https:\/\/dumoulin.absoludev.ca\/en\/wp-json\/wp\/v2\/collection-produit?post=472558"},{"taxonomy":"type-surface-produit","embeddable":true,"href":"https:\/\/dumoulin.absoludev.ca\/en\/wp-json\/wp\/v2\/type-surface-produit?post=472558"},{"taxonomy":"type-velo-produit","embeddable":true,"href":"https:\/\/dumoulin.absoludev.ca\/en\/wp-json\/wp\/v2\/type-velo-produit?post=472558"},{"taxonomy":"vetement-produit","embeddable":true,"href":"https:\/\/dumoulin.absoludev.ca\/en\/wp-json\/wp\/v2\/vetement-produit?post=472558"},{"taxonomy":"thematique-produit","embeddable":true,"href":"https:\/\/dumoulin.absoludev.ca\/en\/wp-json\/wp\/v2\/thematique-produit?post=472558"},{"taxonomy":"position-sur-le-v\u00e9lo","embeddable":true,"href":"https:\/\/dumoulin.absoludev.ca\/en\/wp-json\/wp\/v2\/position-sur-le-v\u00e9lo?post=472558"}],"curies":[{"name":"wp","href":"https:\/\/api.w.org\/{rel}","templated":true}]}}