{"id":461075,"date":"2024-09-19T22:08:45","date_gmt":"2024-09-20T02:08:45","guid":{"rendered":"http:\/\/www.dumoulinbicyclettes.com\/?post_type=product&#038;p=461075"},"modified":"2025-09-04T14:17:19","modified_gmt":"2025-09-04T18:17:19","slug":"sonnette-numerique-et-haut-parleur-trek-bellbeats","status":"publish","type":"product","link":"https:\/\/dumoulin.absoludev.ca\/en\/produit\/sonnette-numerique-et-haut-parleur-trek-bellbeats\/","title":{"rendered":"Clochette num\u00e9rique et haut parleur Trek &#8220;Bellbeats&#8221;"},"content":{"rendered":"<div class=\"prod-overview__intro__marketing-text\">\n<p class=\"mb-1\">Ajoutez une bande-son et un sourire \u00e0 vos sorties avec BellBeats, une sonnette num\u00e9rique associ\u00e9e \u00e0 une enceinte Bluetooth\u00ae qui se monte sans probl\u00e8me sur le cintre de votre v\u00e9lo. Le haut-parleur de haute qualit\u00e9 Harman fournit un son clair pour la musique, les syst\u00e8mes de navigation et les alertes.<\/p>\n<\/div>\n<div class=\"prod-overview__intro__marketing-text\">\n<p>Les huit sons pr\u00e9enregistr\u00e9s vont du niveau amical et amusant jusqu\u2019au niveau urgent afin de vous aider \u00e0 communiquer le bon message aux autres usagers.<\/p>\n<\/div>\n","protected":false},"excerpt":{"rendered":"<p>Ajoutez une bande-son et un sourire \u00e0 vos sorties avec BellBeats, une sonnette num\u00e9rique associ\u00e9e \u00e0 une enceinte Bluetooth\u00ae qui se monte sans probl\u00e8me sur le cintre de votre v\u00e9lo. Le haut-parleur de haute qualit\u00e9 Harman fournit un son clair pour la musique, les syst\u00e8mes de navigation et les alertes. Les huit sons pr\u00e9enregistr\u00e9s vont [&hellip;]<\/p>\n","protected":false},"featured_media":461076,"template":"","meta":{"_acf_changed":false},"product_brand":[],"product_cat":[194],"product_tag":[3373,2876,3372,3371,2194],"marque-produit":[1277],"collection-produit":[],"type-surface-produit":[],"type-velo-produit":[],"vetement-produit":[],"thematique-produit":[],"position-sur-le-v\u00e9lo":[],"class_list":{"0":"post-461075","1":"product","2":"type-product","3":"status-publish","4":"has-post-thumbnail","6":"product_cat-accessoires-divers","7":"product_tag-bellbeats","8":"product_tag-clochette","9":"product_tag-haut-parleur","10":"product_tag-numerique","11":"product_tag-trek","12":"marque-produit-trek","14":"first","15":"instock","16":"taxable","17":"shipping-taxable","18":"purchasable","19":"product-type-simple"},"acf":[],"yoast_head":"<!-- This site is optimized with the Yoast SEO plugin v24.3 - https:\/\/yoast.com\/wordpress\/plugins\/seo\/ -->\n<title>Clochette num\u00e9rique et haut parleur Trek &quot;Bellbeats&quot; - Dumoulin Bicyclettes<\/title>\n<meta name=\"description\" content=\"Ajoutez une bande-son (et un peu de divertissement) \u00e0 vos sorties avec BellBeats, une sonnette et une enceinte Bluetooth mont\u00e9es sur le cintre du v\u00e9lo.\" \/>\n<meta name=\"robots\" content=\"noindex, follow, max-snippet:-1, max-image-preview:large, max-video-preview:-1\" \/>\n<meta property=\"og:locale\" content=\"en_US\" \/>\n<meta property=\"og:type\" content=\"article\" \/>\n<meta property=\"og:title\" content=\"Clochette num\u00e9rique et haut parleur Trek &quot;Bellbeats&quot; - Dumoulin Bicyclettes\" \/>\n<meta property=\"og:description\" content=\"Ajoutez une bande-son (et un peu de divertissement) \u00e0 vos sorties avec BellBeats, une sonnette et une enceinte Bluetooth mont\u00e9es sur le cintre du v\u00e9lo.\" \/>\n<meta property=\"og:url\" content=\"https:\/\/dumoulin.absoludev.ca\/produit\/sonnette-numerique-et-haut-parleur-trek-bellbeats\/\" \/>\n<meta property=\"og:site_name\" content=\"Dumoulin Bicyclettes\" \/>\n<meta property=\"article:publisher\" content=\"https:\/\/www.facebook.com\/dumoulinbicyclettes\" \/>\n<meta property=\"article:modified_time\" content=\"2025-09-04T18:17:19+00:00\" \/>\n<meta property=\"og:image\" content=\"https:\/\/dumoulin.absoludev.ca\/wp-content\/uploads\/2024\/09\/haut-parleur-bluetooth-Trek-Bellbeats-sonnette-numerique-et-haut-parleur-montreal-dumoulin-bicyclettes-quebec.webp\" \/>\n\t<meta property=\"og:image:width\" content=\"1920\" \/>\n\t<meta property=\"og:image:height\" content=\"1440\" \/>\n\t<meta property=\"og:image:type\" content=\"image\/webp\" \/>\n<meta name=\"twitter:card\" content=\"summary_large_image\" \/>\n<meta name=\"twitter:label1\" content=\"Est. reading time\" \/>\n\t<meta name=\"twitter:data1\" content=\"1 minute\" \/>\n<script type=\"application\/ld+json\" class=\"yoast-schema-graph\">{\"@context\":\"https:\/\/schema.org\",\"@graph\":[{\"@type\":\"WebPage\",\"@id\":\"https:\/\/dumoulin.absoludev.ca\/produit\/sonnette-numerique-et-haut-parleur-trek-bellbeats\/\",\"url\":\"https:\/\/dumoulin.absoludev.ca\/produit\/sonnette-numerique-et-haut-parleur-trek-bellbeats\/\",\"name\":\"Clochette num\u00e9rique et haut parleur Trek \\\"Bellbeats\\\" - Dumoulin Bicyclettes\",\"isPartOf\":{\"@id\":\"https:\/\/dumoulin.absoludev.ca\/#website\"},\"primaryImageOfPage\":{\"@id\":\"https:\/\/dumoulin.absoludev.ca\/produit\/sonnette-numerique-et-haut-parleur-trek-bellbeats\/#primaryimage\"},\"image\":{\"@id\":\"https:\/\/dumoulin.absoludev.ca\/produit\/sonnette-numerique-et-haut-parleur-trek-bellbeats\/#primaryimage\"},\"thumbnailUrl\":\"https:\/\/dumoulin.absoludev.ca\/wp-content\/uploads\/2024\/09\/haut-parleur-bluetooth-Trek-Bellbeats-sonnette-numerique-et-haut-parleur-montreal-dumoulin-bicyclettes-quebec.webp\",\"datePublished\":\"2024-09-20T02:08:45+00:00\",\"dateModified\":\"2025-09-04T18:17:19+00:00\",\"description\":\"Ajoutez une bande-son (et un peu de divertissement) \u00e0 vos sorties avec BellBeats, une sonnette et une enceinte Bluetooth mont\u00e9es sur le cintre du v\u00e9lo.\",\"breadcrumb\":{\"@id\":\"https:\/\/dumoulin.absoludev.ca\/produit\/sonnette-numerique-et-haut-parleur-trek-bellbeats\/#breadcrumb\"},\"inLanguage\":\"en-US\",\"potentialAction\":[{\"@type\":\"ReadAction\",\"target\":[\"https:\/\/dumoulin.absoludev.ca\/produit\/sonnette-numerique-et-haut-parleur-trek-bellbeats\/\"]}]},{\"@type\":\"ImageObject\",\"inLanguage\":\"en-US\",\"@id\":\"https:\/\/dumoulin.absoludev.ca\/produit\/sonnette-numerique-et-haut-parleur-trek-bellbeats\/#primaryimage\",\"url\":\"https:\/\/dumoulin.absoludev.ca\/wp-content\/uploads\/2024\/09\/haut-parleur-bluetooth-Trek-Bellbeats-sonnette-numerique-et-haut-parleur-montreal-dumoulin-bicyclettes-quebec.webp\",\"contentUrl\":\"https:\/\/dumoulin.absoludev.ca\/wp-content\/uploads\/2024\/09\/haut-parleur-bluetooth-Trek-Bellbeats-sonnette-numerique-et-haut-parleur-montreal-dumoulin-bicyclettes-quebec.webp\",\"width\":1920,\"height\":1440},{\"@type\":\"BreadcrumbList\",\"@id\":\"https:\/\/dumoulin.absoludev.ca\/produit\/sonnette-numerique-et-haut-parleur-trek-bellbeats\/#breadcrumb\",\"itemListElement\":[{\"@type\":\"ListItem\",\"position\":1,\"name\":\"Home\",\"item\":\"https:\/\/dumoulin.absoludev.ca\/en\/\"},{\"@type\":\"ListItem\",\"position\":2,\"name\":\"Shop\",\"item\":\"https:\/\/dumoulin.absoludev.ca\/en\/shop\/\"},{\"@type\":\"ListItem\",\"position\":3,\"name\":\"Clochette num\u00e9rique et haut parleur Trek \u00ab\u00a0Bellbeats\u00a0\u00bb\"}]},{\"@type\":\"WebSite\",\"@id\":\"https:\/\/dumoulin.absoludev.ca\/#website\",\"url\":\"https:\/\/dumoulin.absoludev.ca\/\",\"name\":\"Dumoulin Bicyclettes\",\"description\":\"\",\"publisher\":{\"@id\":\"https:\/\/dumoulin.absoludev.ca\/#organization\"},\"potentialAction\":[{\"@type\":\"SearchAction\",\"target\":{\"@type\":\"EntryPoint\",\"urlTemplate\":\"https:\/\/dumoulin.absoludev.ca\/?s={search_term_string}\"},\"query-input\":{\"@type\":\"PropertyValueSpecification\",\"valueRequired\":true,\"valueName\":\"search_term_string\"}}],\"inLanguage\":\"en-US\"},{\"@type\":\"Organization\",\"@id\":\"https:\/\/dumoulin.absoludev.ca\/#organization\",\"name\":\"Dumoulin Bicyclettes\",\"url\":\"https:\/\/dumoulin.absoludev.ca\/\",\"logo\":{\"@type\":\"ImageObject\",\"inLanguage\":\"en-US\",\"@id\":\"https:\/\/dumoulin.absoludev.ca\/#\/schema\/logo\/image\/\",\"url\":\"https:\/\/www.dumoulinbicyclettes.com\/wp-content\/uploads\/2021\/04\/Logo.svg\",\"contentUrl\":\"https:\/\/www.dumoulinbicyclettes.com\/wp-content\/uploads\/2021\/04\/Logo.svg\",\"width\":254,\"height\":86,\"caption\":\"Dumoulin Bicyclettes\"},\"image\":{\"@id\":\"https:\/\/dumoulin.absoludev.ca\/#\/schema\/logo\/image\/\"},\"sameAs\":[\"https:\/\/www.facebook.com\/dumoulinbicyclettes\",\"https:\/\/www.instagram.com\/dumoulin.ca\/\",\"https:\/\/www.youtube.com\/user\/dumoulinbicyclettes\"]}]}<\/script>\n<!-- \/ Yoast SEO plugin. -->","yoast_head_json":{"title":"Clochette num\u00e9rique et haut parleur Trek \"Bellbeats\" - Dumoulin Bicyclettes","description":"Ajoutez une bande-son (et un peu de divertissement) \u00e0 vos sorties avec BellBeats, une sonnette et une enceinte Bluetooth mont\u00e9es sur le cintre du v\u00e9lo.","robots":{"index":"noindex","follow":"follow","max-snippet":"max-snippet:-1","max-image-preview":"max-image-preview:large","max-video-preview":"max-video-preview:-1"},"og_locale":"en_US","og_type":"article","og_title":"Clochette num\u00e9rique et haut parleur Trek \"Bellbeats\" - Dumoulin Bicyclettes","og_description":"Ajoutez une bande-son (et un peu de divertissement) \u00e0 vos sorties avec BellBeats, une sonnette et une enceinte Bluetooth mont\u00e9es sur le cintre du v\u00e9lo.","og_url":"https:\/\/dumoulin.absoludev.ca\/produit\/sonnette-numerique-et-haut-parleur-trek-bellbeats\/","og_site_name":"Dumoulin Bicyclettes","article_publisher":"https:\/\/www.facebook.com\/dumoulinbicyclettes","article_modified_time":"2025-09-04T18:17:19+00:00","og_image":[{"width":1920,"height":1440,"url":"https:\/\/dumoulin.absoludev.ca\/wp-content\/uploads\/2024\/09\/haut-parleur-bluetooth-Trek-Bellbeats-sonnette-numerique-et-haut-parleur-montreal-dumoulin-bicyclettes-quebec.webp","type":"image\/webp"}],"twitter_card":"summary_large_image","twitter_misc":{"Est. reading time":"1 minute"},"schema":{"@context":"https:\/\/schema.org","@graph":[{"@type":"WebPage","@id":"https:\/\/dumoulin.absoludev.ca\/produit\/sonnette-numerique-et-haut-parleur-trek-bellbeats\/","url":"https:\/\/dumoulin.absoludev.ca\/produit\/sonnette-numerique-et-haut-parleur-trek-bellbeats\/","name":"Clochette num\u00e9rique et haut parleur Trek \"Bellbeats\" - Dumoulin Bicyclettes","isPartOf":{"@id":"https:\/\/dumoulin.absoludev.ca\/#website"},"primaryImageOfPage":{"@id":"https:\/\/dumoulin.absoludev.ca\/produit\/sonnette-numerique-et-haut-parleur-trek-bellbeats\/#primaryimage"},"image":{"@id":"https:\/\/dumoulin.absoludev.ca\/produit\/sonnette-numerique-et-haut-parleur-trek-bellbeats\/#primaryimage"},"thumbnailUrl":"https:\/\/dumoulin.absoludev.ca\/wp-content\/uploads\/2024\/09\/haut-parleur-bluetooth-Trek-Bellbeats-sonnette-numerique-et-haut-parleur-montreal-dumoulin-bicyclettes-quebec.webp","datePublished":"2024-09-20T02:08:45+00:00","dateModified":"2025-09-04T18:17:19+00:00","description":"Ajoutez une bande-son (et un peu de divertissement) \u00e0 vos sorties avec BellBeats, une sonnette et une enceinte Bluetooth mont\u00e9es sur le cintre du v\u00e9lo.","breadcrumb":{"@id":"https:\/\/dumoulin.absoludev.ca\/produit\/sonnette-numerique-et-haut-parleur-trek-bellbeats\/#breadcrumb"},"inLanguage":"en-US","potentialAction":[{"@type":"ReadAction","target":["https:\/\/dumoulin.absoludev.ca\/produit\/sonnette-numerique-et-haut-parleur-trek-bellbeats\/"]}]},{"@type":"ImageObject","inLanguage":"en-US","@id":"https:\/\/dumoulin.absoludev.ca\/produit\/sonnette-numerique-et-haut-parleur-trek-bellbeats\/#primaryimage","url":"https:\/\/dumoulin.absoludev.ca\/wp-content\/uploads\/2024\/09\/haut-parleur-bluetooth-Trek-Bellbeats-sonnette-numerique-et-haut-parleur-montreal-dumoulin-bicyclettes-quebec.webp","contentUrl":"https:\/\/dumoulin.absoludev.ca\/wp-content\/uploads\/2024\/09\/haut-parleur-bluetooth-Trek-Bellbeats-sonnette-numerique-et-haut-parleur-montreal-dumoulin-bicyclettes-quebec.webp","width":1920,"height":1440},{"@type":"BreadcrumbList","@id":"https:\/\/dumoulin.absoludev.ca\/produit\/sonnette-numerique-et-haut-parleur-trek-bellbeats\/#breadcrumb","itemListElement":[{"@type":"ListItem","position":1,"name":"Home","item":"https:\/\/dumoulin.absoludev.ca\/en\/"},{"@type":"ListItem","position":2,"name":"Shop","item":"https:\/\/dumoulin.absoludev.ca\/en\/shop\/"},{"@type":"ListItem","position":3,"name":"Clochette num\u00e9rique et haut parleur Trek \u00ab\u00a0Bellbeats\u00a0\u00bb"}]},{"@type":"WebSite","@id":"https:\/\/dumoulin.absoludev.ca\/#website","url":"https:\/\/dumoulin.absoludev.ca\/","name":"Dumoulin Bicyclettes","description":"","publisher":{"@id":"https:\/\/dumoulin.absoludev.ca\/#organization"},"potentialAction":[{"@type":"SearchAction","target":{"@type":"EntryPoint","urlTemplate":"https:\/\/dumoulin.absoludev.ca\/?s={search_term_string}"},"query-input":{"@type":"PropertyValueSpecification","valueRequired":true,"valueName":"search_term_string"}}],"inLanguage":"en-US"},{"@type":"Organization","@id":"https:\/\/dumoulin.absoludev.ca\/#organization","name":"Dumoulin Bicyclettes","url":"https:\/\/dumoulin.absoludev.ca\/","logo":{"@type":"ImageObject","inLanguage":"en-US","@id":"https:\/\/dumoulin.absoludev.ca\/#\/schema\/logo\/image\/","url":"https:\/\/www.dumoulinbicyclettes.com\/wp-content\/uploads\/2021\/04\/Logo.svg","contentUrl":"https:\/\/www.dumoulinbicyclettes.com\/wp-content\/uploads\/2021\/04\/Logo.svg","width":254,"height":86,"caption":"Dumoulin Bicyclettes"},"image":{"@id":"https:\/\/dumoulin.absoludev.ca\/#\/schema\/logo\/image\/"},"sameAs":["https:\/\/www.facebook.com\/dumoulinbicyclettes","https:\/\/www.instagram.com\/dumoulin.ca\/","https:\/\/www.youtube.com\/user\/dumoulinbicyclettes"]}]}},"_links":{"self":[{"href":"https:\/\/dumoulin.absoludev.ca\/en\/wp-json\/wp\/v2\/product\/461075","targetHints":{"allow":["GET"]}}],"collection":[{"href":"https:\/\/dumoulin.absoludev.ca\/en\/wp-json\/wp\/v2\/product"}],"about":[{"href":"https:\/\/dumoulin.absoludev.ca\/en\/wp-json\/wp\/v2\/types\/product"}],"wp:featuredmedia":[{"embeddable":true,"href":"https:\/\/dumoulin.absoludev.ca\/en\/wp-json\/wp\/v2\/media\/461076"}],"wp:attachment":[{"href":"https:\/\/dumoulin.absoludev.ca\/en\/wp-json\/wp\/v2\/media?parent=461075"}],"wp:term":[{"taxonomy":"product_brand","embeddable":true,"href":"https:\/\/dumoulin.absoludev.ca\/en\/wp-json\/wp\/v2\/product_brand?post=461075"},{"taxonomy":"product_cat","embeddable":true,"href":"https:\/\/dumoulin.absoludev.ca\/en\/wp-json\/wp\/v2\/product_cat?post=461075"},{"taxonomy":"product_tag","embeddable":true,"href":"https:\/\/dumoulin.absoludev.ca\/en\/wp-json\/wp\/v2\/product_tag?post=461075"},{"taxonomy":"marque-produit","embeddable":true,"href":"https:\/\/dumoulin.absoludev.ca\/en\/wp-json\/wp\/v2\/marque-produit?post=461075"},{"taxonomy":"collection-produit","embeddable":true,"href":"https:\/\/dumoulin.absoludev.ca\/en\/wp-json\/wp\/v2\/collection-produit?post=461075"},{"taxonomy":"type-surface-produit","embeddable":true,"href":"https:\/\/dumoulin.absoludev.ca\/en\/wp-json\/wp\/v2\/type-surface-produit?post=461075"},{"taxonomy":"type-velo-produit","embeddable":true,"href":"https:\/\/dumoulin.absoludev.ca\/en\/wp-json\/wp\/v2\/type-velo-produit?post=461075"},{"taxonomy":"vetement-produit","embeddable":true,"href":"https:\/\/dumoulin.absoludev.ca\/en\/wp-json\/wp\/v2\/vetement-produit?post=461075"},{"taxonomy":"thematique-produit","embeddable":true,"href":"https:\/\/dumoulin.absoludev.ca\/en\/wp-json\/wp\/v2\/thematique-produit?post=461075"},{"taxonomy":"position-sur-le-v\u00e9lo","embeddable":true,"href":"https:\/\/dumoulin.absoludev.ca\/en\/wp-json\/wp\/v2\/position-sur-le-v\u00e9lo?post=461075"}],"curies":[{"name":"wp","href":"https:\/\/api.w.org\/{rel}","templated":true}]}}