{"id":453076,"date":"2024-08-30T15:07:02","date_gmt":"2024-08-30T19:07:02","guid":{"rendered":"http:\/\/www.dumoulinbicyclettes.com\/?post_type=product&#038;p=453076"},"modified":"2025-09-04T14:19:44","modified_gmt":"2025-09-04T18:19:44","slug":"cadenas-pliant-abus-bordo-granit-6500k","status":"publish","type":"product","link":"https:\/\/dumoulin.absoludev.ca\/en\/produit\/cadenas-pliant-abus-bordo-granit-6500k\/","title":{"rendered":"Cadenas Abus Bordo Granit 6500K"},"content":{"rendered":"<p>\u00c9minemment pratique, ce cadenas pliable Abus Bordo offre une protection antivol des plus rassurantes.<\/p>\n<p>Fabriqu\u00e9 en Allemagne, en acier tremp\u00e9 et renforc\u00e9, la serrure est solide et b\u00e9n\u00e9ficie des meilleures techniques anti-crochetage.<\/p>\n<p>Offert en deux longueurs : 90 ou 120 cm.<\/p>\n","protected":false},"excerpt":{"rendered":"<p>\u00c9minemment pratique, ce cadenas pliable Abus Bordo offre une protection antivol des plus rassurantes. Fabriqu\u00e9 en Allemagne, en acier tremp\u00e9 et renforc\u00e9, la serrure est solide et b\u00e9n\u00e9ficie des meilleures techniques anti-crochetage. Offert en deux longueurs : 90 ou 120 cm.<\/p>\n","protected":false},"featured_media":453079,"template":"","meta":{"_acf_changed":false},"product_brand":[],"product_cat":[190,3319],"product_tag":[3264,2478,2479,2480],"marque-produit":[1417],"collection-produit":[],"type-surface-produit":[],"type-velo-produit":[],"vetement-produit":[],"thematique-produit":[],"position-sur-le-v\u00e9lo":[],"class_list":{"0":"post-453076","1":"product","2":"type-product","3":"status-publish","4":"has-post-thumbnail","6":"product_cat-cadenas","7":"product_cat-cadenas-pliant","8":"product_tag-6500k","9":"product_tag-abus","10":"product_tag-bordo","11":"product_tag-granit","12":"marque-produit-abus","14":"first","15":"instock","16":"taxable","17":"shipping-taxable","18":"purchasable","19":"product-type-variable"},"acf":[],"yoast_head":"<!-- This site is optimized with the Yoast SEO plugin v24.3 - https:\/\/yoast.com\/wordpress\/plugins\/seo\/ -->\n<title>Cadenas Abus Bordo Granit 6500K - Dumoulin Bicyclettes contre le vol de v\u00e9lo | Montr\u00e9al<\/title>\n<meta name=\"description\" content=\"Cadenas pliable Abus Bordo Granit 6500K : protection haute et hyper commodit\u00e9. Cet antivol est une solution super int\u00e9ressante pour le quotidien.\" \/>\n<meta name=\"robots\" content=\"noindex, follow, max-snippet:-1, max-image-preview:large, max-video-preview:-1\" \/>\n<meta property=\"og:locale\" content=\"en_US\" \/>\n<meta property=\"og:type\" content=\"article\" \/>\n<meta property=\"og:title\" content=\"Cadenas Abus Bordo Granit 6500K - Dumoulin Bicyclettes contre le vol de v\u00e9lo | Montr\u00e9al\" \/>\n<meta property=\"og:description\" content=\"Cadenas pliable Abus Bordo Granit 6500K : protection haute et hyper commodit\u00e9. Cet antivol est une solution super int\u00e9ressante pour le quotidien.\" \/>\n<meta property=\"og:url\" content=\"https:\/\/dumoulin.absoludev.ca\/produit\/cadenas-pliant-abus-bordo-granit-6500k\/\" \/>\n<meta property=\"og:site_name\" content=\"Dumoulin Bicyclettes\" \/>\n<meta property=\"article:publisher\" content=\"https:\/\/www.facebook.com\/dumoulinbicyclettes\" \/>\n<meta property=\"article:modified_time\" content=\"2025-09-04T18:19:44+00:00\" \/>\n<meta property=\"og:image\" content=\"https:\/\/dumoulin.absoludev.ca\/wp-content\/uploads\/2024\/08\/cadenas_abus_bordo_6500K_antivol-dumoulin-bicyclettes-montreal.jpg\" \/>\n\t<meta property=\"og:image:width\" content=\"900\" \/>\n\t<meta property=\"og:image:height\" content=\"900\" \/>\n\t<meta property=\"og:image:type\" content=\"image\/jpeg\" \/>\n<meta name=\"twitter:card\" content=\"summary_large_image\" \/>\n<meta name=\"twitter:label1\" content=\"Est. reading time\" \/>\n\t<meta name=\"twitter:data1\" content=\"1 minute\" \/>\n<script type=\"application\/ld+json\" class=\"yoast-schema-graph\">{\"@context\":\"https:\/\/schema.org\",\"@graph\":[{\"@type\":\"WebPage\",\"@id\":\"https:\/\/dumoulin.absoludev.ca\/produit\/cadenas-pliant-abus-bordo-granit-6500k\/\",\"url\":\"https:\/\/dumoulin.absoludev.ca\/produit\/cadenas-pliant-abus-bordo-granit-6500k\/\",\"name\":\"Cadenas Abus Bordo Granit 6500K - Dumoulin Bicyclettes contre le vol de v\u00e9lo | Montr\u00e9al\",\"isPartOf\":{\"@id\":\"https:\/\/dumoulin.absoludev.ca\/#website\"},\"primaryImageOfPage\":{\"@id\":\"https:\/\/dumoulin.absoludev.ca\/produit\/cadenas-pliant-abus-bordo-granit-6500k\/#primaryimage\"},\"image\":{\"@id\":\"https:\/\/dumoulin.absoludev.ca\/produit\/cadenas-pliant-abus-bordo-granit-6500k\/#primaryimage\"},\"thumbnailUrl\":\"https:\/\/dumoulin.absoludev.ca\/wp-content\/uploads\/2024\/08\/cadenas_abus_bordo_6500K_antivol-dumoulin-bicyclettes-montreal.jpg\",\"datePublished\":\"2024-08-30T19:07:02+00:00\",\"dateModified\":\"2025-09-04T18:19:44+00:00\",\"description\":\"Cadenas pliable Abus Bordo Granit 6500K : protection haute et hyper commodit\u00e9. Cet antivol est une solution super int\u00e9ressante pour le quotidien.\",\"breadcrumb\":{\"@id\":\"https:\/\/dumoulin.absoludev.ca\/produit\/cadenas-pliant-abus-bordo-granit-6500k\/#breadcrumb\"},\"inLanguage\":\"en-US\",\"potentialAction\":[{\"@type\":\"ReadAction\",\"target\":[\"https:\/\/dumoulin.absoludev.ca\/produit\/cadenas-pliant-abus-bordo-granit-6500k\/\"]}]},{\"@type\":\"ImageObject\",\"inLanguage\":\"en-US\",\"@id\":\"https:\/\/dumoulin.absoludev.ca\/produit\/cadenas-pliant-abus-bordo-granit-6500k\/#primaryimage\",\"url\":\"https:\/\/dumoulin.absoludev.ca\/wp-content\/uploads\/2024\/08\/cadenas_abus_bordo_6500K_antivol-dumoulin-bicyclettes-montreal.jpg\",\"contentUrl\":\"https:\/\/dumoulin.absoludev.ca\/wp-content\/uploads\/2024\/08\/cadenas_abus_bordo_6500K_antivol-dumoulin-bicyclettes-montreal.jpg\",\"width\":900,\"height\":900,\"caption\":\"cadenas_abus_bordo_6500K_antivol-dumoulin-bicyclettes-montreal-contre-le-vol-de-velo\"},{\"@type\":\"BreadcrumbList\",\"@id\":\"https:\/\/dumoulin.absoludev.ca\/produit\/cadenas-pliant-abus-bordo-granit-6500k\/#breadcrumb\",\"itemListElement\":[{\"@type\":\"ListItem\",\"position\":1,\"name\":\"Home\",\"item\":\"https:\/\/dumoulin.absoludev.ca\/en\/\"},{\"@type\":\"ListItem\",\"position\":2,\"name\":\"Shop\",\"item\":\"https:\/\/dumoulin.absoludev.ca\/en\/shop\/\"},{\"@type\":\"ListItem\",\"position\":3,\"name\":\"Cadenas Abus Bordo Granit 6500K\"}]},{\"@type\":\"WebSite\",\"@id\":\"https:\/\/dumoulin.absoludev.ca\/#website\",\"url\":\"https:\/\/dumoulin.absoludev.ca\/\",\"name\":\"Dumoulin Bicyclettes\",\"description\":\"\",\"publisher\":{\"@id\":\"https:\/\/dumoulin.absoludev.ca\/#organization\"},\"potentialAction\":[{\"@type\":\"SearchAction\",\"target\":{\"@type\":\"EntryPoint\",\"urlTemplate\":\"https:\/\/dumoulin.absoludev.ca\/?s={search_term_string}\"},\"query-input\":{\"@type\":\"PropertyValueSpecification\",\"valueRequired\":true,\"valueName\":\"search_term_string\"}}],\"inLanguage\":\"en-US\"},{\"@type\":\"Organization\",\"@id\":\"https:\/\/dumoulin.absoludev.ca\/#organization\",\"name\":\"Dumoulin Bicyclettes\",\"url\":\"https:\/\/dumoulin.absoludev.ca\/\",\"logo\":{\"@type\":\"ImageObject\",\"inLanguage\":\"en-US\",\"@id\":\"https:\/\/dumoulin.absoludev.ca\/#\/schema\/logo\/image\/\",\"url\":\"https:\/\/www.dumoulinbicyclettes.com\/wp-content\/uploads\/2021\/04\/Logo.svg\",\"contentUrl\":\"https:\/\/www.dumoulinbicyclettes.com\/wp-content\/uploads\/2021\/04\/Logo.svg\",\"width\":254,\"height\":86,\"caption\":\"Dumoulin Bicyclettes\"},\"image\":{\"@id\":\"https:\/\/dumoulin.absoludev.ca\/#\/schema\/logo\/image\/\"},\"sameAs\":[\"https:\/\/www.facebook.com\/dumoulinbicyclettes\",\"https:\/\/www.instagram.com\/dumoulin.ca\/\",\"https:\/\/www.youtube.com\/user\/dumoulinbicyclettes\"]}]}<\/script>\n<!-- \/ Yoast SEO plugin. -->","yoast_head_json":{"title":"Cadenas Abus Bordo Granit 6500K - Dumoulin Bicyclettes contre le vol de v\u00e9lo | Montr\u00e9al","description":"Cadenas pliable Abus Bordo Granit 6500K : protection haute et hyper commodit\u00e9. Cet antivol est une solution super int\u00e9ressante pour le quotidien.","robots":{"index":"noindex","follow":"follow","max-snippet":"max-snippet:-1","max-image-preview":"max-image-preview:large","max-video-preview":"max-video-preview:-1"},"og_locale":"en_US","og_type":"article","og_title":"Cadenas Abus Bordo Granit 6500K - Dumoulin Bicyclettes contre le vol de v\u00e9lo | Montr\u00e9al","og_description":"Cadenas pliable Abus Bordo Granit 6500K : protection haute et hyper commodit\u00e9. Cet antivol est une solution super int\u00e9ressante pour le quotidien.","og_url":"https:\/\/dumoulin.absoludev.ca\/produit\/cadenas-pliant-abus-bordo-granit-6500k\/","og_site_name":"Dumoulin Bicyclettes","article_publisher":"https:\/\/www.facebook.com\/dumoulinbicyclettes","article_modified_time":"2025-09-04T18:19:44+00:00","og_image":[{"width":900,"height":900,"url":"https:\/\/dumoulin.absoludev.ca\/wp-content\/uploads\/2024\/08\/cadenas_abus_bordo_6500K_antivol-dumoulin-bicyclettes-montreal.jpg","type":"image\/jpeg"}],"twitter_card":"summary_large_image","twitter_misc":{"Est. reading time":"1 minute"},"schema":{"@context":"https:\/\/schema.org","@graph":[{"@type":"WebPage","@id":"https:\/\/dumoulin.absoludev.ca\/produit\/cadenas-pliant-abus-bordo-granit-6500k\/","url":"https:\/\/dumoulin.absoludev.ca\/produit\/cadenas-pliant-abus-bordo-granit-6500k\/","name":"Cadenas Abus Bordo Granit 6500K - Dumoulin Bicyclettes contre le vol de v\u00e9lo | Montr\u00e9al","isPartOf":{"@id":"https:\/\/dumoulin.absoludev.ca\/#website"},"primaryImageOfPage":{"@id":"https:\/\/dumoulin.absoludev.ca\/produit\/cadenas-pliant-abus-bordo-granit-6500k\/#primaryimage"},"image":{"@id":"https:\/\/dumoulin.absoludev.ca\/produit\/cadenas-pliant-abus-bordo-granit-6500k\/#primaryimage"},"thumbnailUrl":"https:\/\/dumoulin.absoludev.ca\/wp-content\/uploads\/2024\/08\/cadenas_abus_bordo_6500K_antivol-dumoulin-bicyclettes-montreal.jpg","datePublished":"2024-08-30T19:07:02+00:00","dateModified":"2025-09-04T18:19:44+00:00","description":"Cadenas pliable Abus Bordo Granit 6500K : protection haute et hyper commodit\u00e9. Cet antivol est une solution super int\u00e9ressante pour le quotidien.","breadcrumb":{"@id":"https:\/\/dumoulin.absoludev.ca\/produit\/cadenas-pliant-abus-bordo-granit-6500k\/#breadcrumb"},"inLanguage":"en-US","potentialAction":[{"@type":"ReadAction","target":["https:\/\/dumoulin.absoludev.ca\/produit\/cadenas-pliant-abus-bordo-granit-6500k\/"]}]},{"@type":"ImageObject","inLanguage":"en-US","@id":"https:\/\/dumoulin.absoludev.ca\/produit\/cadenas-pliant-abus-bordo-granit-6500k\/#primaryimage","url":"https:\/\/dumoulin.absoludev.ca\/wp-content\/uploads\/2024\/08\/cadenas_abus_bordo_6500K_antivol-dumoulin-bicyclettes-montreal.jpg","contentUrl":"https:\/\/dumoulin.absoludev.ca\/wp-content\/uploads\/2024\/08\/cadenas_abus_bordo_6500K_antivol-dumoulin-bicyclettes-montreal.jpg","width":900,"height":900,"caption":"cadenas_abus_bordo_6500K_antivol-dumoulin-bicyclettes-montreal-contre-le-vol-de-velo"},{"@type":"BreadcrumbList","@id":"https:\/\/dumoulin.absoludev.ca\/produit\/cadenas-pliant-abus-bordo-granit-6500k\/#breadcrumb","itemListElement":[{"@type":"ListItem","position":1,"name":"Home","item":"https:\/\/dumoulin.absoludev.ca\/en\/"},{"@type":"ListItem","position":2,"name":"Shop","item":"https:\/\/dumoulin.absoludev.ca\/en\/shop\/"},{"@type":"ListItem","position":3,"name":"Cadenas Abus Bordo Granit 6500K"}]},{"@type":"WebSite","@id":"https:\/\/dumoulin.absoludev.ca\/#website","url":"https:\/\/dumoulin.absoludev.ca\/","name":"Dumoulin Bicyclettes","description":"","publisher":{"@id":"https:\/\/dumoulin.absoludev.ca\/#organization"},"potentialAction":[{"@type":"SearchAction","target":{"@type":"EntryPoint","urlTemplate":"https:\/\/dumoulin.absoludev.ca\/?s={search_term_string}"},"query-input":{"@type":"PropertyValueSpecification","valueRequired":true,"valueName":"search_term_string"}}],"inLanguage":"en-US"},{"@type":"Organization","@id":"https:\/\/dumoulin.absoludev.ca\/#organization","name":"Dumoulin Bicyclettes","url":"https:\/\/dumoulin.absoludev.ca\/","logo":{"@type":"ImageObject","inLanguage":"en-US","@id":"https:\/\/dumoulin.absoludev.ca\/#\/schema\/logo\/image\/","url":"https:\/\/www.dumoulinbicyclettes.com\/wp-content\/uploads\/2021\/04\/Logo.svg","contentUrl":"https:\/\/www.dumoulinbicyclettes.com\/wp-content\/uploads\/2021\/04\/Logo.svg","width":254,"height":86,"caption":"Dumoulin Bicyclettes"},"image":{"@id":"https:\/\/dumoulin.absoludev.ca\/#\/schema\/logo\/image\/"},"sameAs":["https:\/\/www.facebook.com\/dumoulinbicyclettes","https:\/\/www.instagram.com\/dumoulin.ca\/","https:\/\/www.youtube.com\/user\/dumoulinbicyclettes"]}]}},"_links":{"self":[{"href":"https:\/\/dumoulin.absoludev.ca\/en\/wp-json\/wp\/v2\/product\/453076","targetHints":{"allow":["GET"]}}],"collection":[{"href":"https:\/\/dumoulin.absoludev.ca\/en\/wp-json\/wp\/v2\/product"}],"about":[{"href":"https:\/\/dumoulin.absoludev.ca\/en\/wp-json\/wp\/v2\/types\/product"}],"wp:featuredmedia":[{"embeddable":true,"href":"https:\/\/dumoulin.absoludev.ca\/en\/wp-json\/wp\/v2\/media\/453079"}],"wp:attachment":[{"href":"https:\/\/dumoulin.absoludev.ca\/en\/wp-json\/wp\/v2\/media?parent=453076"}],"wp:term":[{"taxonomy":"product_brand","embeddable":true,"href":"https:\/\/dumoulin.absoludev.ca\/en\/wp-json\/wp\/v2\/product_brand?post=453076"},{"taxonomy":"product_cat","embeddable":true,"href":"https:\/\/dumoulin.absoludev.ca\/en\/wp-json\/wp\/v2\/product_cat?post=453076"},{"taxonomy":"product_tag","embeddable":true,"href":"https:\/\/dumoulin.absoludev.ca\/en\/wp-json\/wp\/v2\/product_tag?post=453076"},{"taxonomy":"marque-produit","embeddable":true,"href":"https:\/\/dumoulin.absoludev.ca\/en\/wp-json\/wp\/v2\/marque-produit?post=453076"},{"taxonomy":"collection-produit","embeddable":true,"href":"https:\/\/dumoulin.absoludev.ca\/en\/wp-json\/wp\/v2\/collection-produit?post=453076"},{"taxonomy":"type-surface-produit","embeddable":true,"href":"https:\/\/dumoulin.absoludev.ca\/en\/wp-json\/wp\/v2\/type-surface-produit?post=453076"},{"taxonomy":"type-velo-produit","embeddable":true,"href":"https:\/\/dumoulin.absoludev.ca\/en\/wp-json\/wp\/v2\/type-velo-produit?post=453076"},{"taxonomy":"vetement-produit","embeddable":true,"href":"https:\/\/dumoulin.absoludev.ca\/en\/wp-json\/wp\/v2\/vetement-produit?post=453076"},{"taxonomy":"thematique-produit","embeddable":true,"href":"https:\/\/dumoulin.absoludev.ca\/en\/wp-json\/wp\/v2\/thematique-produit?post=453076"},{"taxonomy":"position-sur-le-v\u00e9lo","embeddable":true,"href":"https:\/\/dumoulin.absoludev.ca\/en\/wp-json\/wp\/v2\/position-sur-le-v\u00e9lo?post=453076"}],"curies":[{"name":"wp","href":"https:\/\/api.w.org\/{rel}","templated":true}]}}