{"id":421445,"date":"2024-06-14T17:09:34","date_gmt":"2024-06-14T21:09:34","guid":{"rendered":"http:\/\/www.dumoulinbicyclettes.com\/?post_type=product&#038;p=421445"},"modified":"2025-09-04T14:17:00","modified_gmt":"2025-09-04T18:17:00","slug":"bache-bullitt-garage","status":"publish","type":"product","link":"https:\/\/dumoulin.absoludev.ca\/en\/produit\/bache-bullitt-garage\/","title":{"rendered":"B\u00e2che de v\u00e9lo cargo Bullitt \u00abgarage\u00bb"},"content":{"rendered":"<p>L\u2019utilisation d\u2019une b\u00e2che a quelque chose de r\u00e9barbatif. D\u00e9rouler, plier un tel accessoire, en plus d\u2019avoir cadenass\u00e9 son v\u00e9lo\u2026 \u00e7a fait bien des affaires \u00e0 r\u00e9aliser. Cependant, l&#8217;objectif est d&#8217;invisibiliser son v\u00e9lo, de le prot\u00e9ger des intemp\u00e9ries.<\/p>\n<p>La b\u00e2che Bullitt \u00abGarage\u00bb est finement con\u00e7ue pour les \u00abfront loader\u00bb ou les v\u00e9los cargo sur deux roues avec boite avant. \u00c9videmment d&#8217;abord et avant tout pour les Larry Vs Harry Bullitt, mais \u00e7a fonctionnera aussi sur les Triobike ou les Babboe City.<\/p>\n","protected":false},"excerpt":{"rendered":"<p>L\u2019utilisation d\u2019une b\u00e2che a quelque chose de r\u00e9barbatif. D\u00e9rouler, plier un tel accessoire, en plus d\u2019avoir cadenass\u00e9 son v\u00e9lo\u2026 \u00e7a fait bien des affaires \u00e0 r\u00e9aliser. Cependant, l&#8217;objectif est d&#8217;invisibiliser son v\u00e9lo, de le prot\u00e9ger des intemp\u00e9ries. La b\u00e2che Bullitt \u00abGarage\u00bb est finement con\u00e7ue pour les \u00abfront loader\u00bb ou les v\u00e9los cargo sur deux roues [&hellip;]<\/p>\n","protected":false},"featured_media":421448,"template":"","meta":{"_acf_changed":false},"product_brand":[],"product_cat":[183,2477,190],"product_tag":[3081,2460,3082],"marque-produit":[1434],"collection-produit":[],"type-surface-produit":[],"type-velo-produit":[1248],"vetement-produit":[],"thematique-produit":[],"position-sur-le-v\u00e9lo":[],"class_list":{"0":"post-421445","1":"product","2":"type-product","3":"status-publish","4":"has-post-thumbnail","6":"product_cat-accessoires-pour-velo-cargo","7":"product_cat-bullitt","8":"product_cat-cadenas","9":"product_tag-bache","10":"product_tag-bullitt","11":"product_tag-garage","12":"marque-produit-bullitt","13":"type-velo-produit-cargo","15":"first","16":"instock","17":"taxable","18":"shipping-taxable","19":"purchasable","20":"product-type-simple"},"acf":[],"yoast_head":"<!-- This site is optimized with the Yoast SEO plugin v24.3 - https:\/\/yoast.com\/wordpress\/plugins\/seo\/ -->\n<title>B\u00e2che de v\u00e9lo cargo Bullitt \u00abgarage\u00bb - Dumoulin Bicyclettes |strat\u00e9gie anti-vol | v\u00e9lo cargo<\/title>\n<meta name=\"description\" content=\"La b\u00e2che de protection Bullitt Garage s&#039;occupe de prot\u00e9ger votre v\u00e9lo contre les intemp\u00e9ries, mais aussi d&#039;invisibiliser votre v\u00e9lo. Une mani\u00e8re d&#039;\u00e9viter le vandalisme et de r\u00e9duire les risques de vol de v\u00e9lo.\" \/>\n<meta name=\"robots\" content=\"noindex, follow, max-snippet:-1, max-image-preview:large, max-video-preview:-1\" \/>\n<meta property=\"og:locale\" content=\"en_US\" \/>\n<meta property=\"og:type\" content=\"article\" \/>\n<meta property=\"og:title\" content=\"B\u00e2che de v\u00e9lo cargo Bullitt \u00abgarage\u00bb - Dumoulin Bicyclettes |strat\u00e9gie anti-vol | v\u00e9lo cargo\" \/>\n<meta property=\"og:description\" content=\"La b\u00e2che de protection Bullitt Garage s&#039;occupe de prot\u00e9ger votre v\u00e9lo contre les intemp\u00e9ries, mais aussi d&#039;invisibiliser votre v\u00e9lo. Une mani\u00e8re d&#039;\u00e9viter le vandalisme et de r\u00e9duire les risques de vol de v\u00e9lo.\" \/>\n<meta property=\"og:url\" content=\"https:\/\/dumoulin.absoludev.ca\/produit\/bache-bullitt-garage\/\" \/>\n<meta property=\"og:site_name\" content=\"Dumoulin Bicyclettes\" \/>\n<meta property=\"article:publisher\" content=\"https:\/\/www.facebook.com\/dumoulinbicyclettes\" \/>\n<meta property=\"article:modified_time\" content=\"2025-09-04T18:17:00+00:00\" \/>\n<meta property=\"og:image\" content=\"https:\/\/dumoulin.absoludev.ca\/wp-content\/uploads\/2024\/06\/bache-bullitt-garage-larry-vs-harry-velo-cargo-montreal-quebec-dumoulin-bicyclettes.jpg\" \/>\n\t<meta property=\"og:image:width\" content=\"650\" \/>\n\t<meta property=\"og:image:height\" content=\"366\" \/>\n\t<meta property=\"og:image:type\" content=\"image\/jpeg\" \/>\n<meta name=\"twitter:card\" content=\"summary_large_image\" \/>\n<script type=\"application\/ld+json\" class=\"yoast-schema-graph\">{\"@context\":\"https:\/\/schema.org\",\"@graph\":[{\"@type\":\"WebPage\",\"@id\":\"https:\/\/dumoulin.absoludev.ca\/produit\/bache-bullitt-garage\/\",\"url\":\"https:\/\/dumoulin.absoludev.ca\/produit\/bache-bullitt-garage\/\",\"name\":\"B\u00e2che de v\u00e9lo cargo Bullitt \u00abgarage\u00bb - Dumoulin Bicyclettes |strat\u00e9gie anti-vol | v\u00e9lo cargo\",\"isPartOf\":{\"@id\":\"https:\/\/dumoulin.absoludev.ca\/#website\"},\"primaryImageOfPage\":{\"@id\":\"https:\/\/dumoulin.absoludev.ca\/produit\/bache-bullitt-garage\/#primaryimage\"},\"image\":{\"@id\":\"https:\/\/dumoulin.absoludev.ca\/produit\/bache-bullitt-garage\/#primaryimage\"},\"thumbnailUrl\":\"https:\/\/dumoulin.absoludev.ca\/wp-content\/uploads\/2024\/06\/bache-bullitt-garage-larry-vs-harry-velo-cargo-montreal-quebec-dumoulin-bicyclettes.jpg\",\"datePublished\":\"2024-06-14T21:09:34+00:00\",\"dateModified\":\"2025-09-04T18:17:00+00:00\",\"description\":\"La b\u00e2che de protection Bullitt Garage s'occupe de prot\u00e9ger votre v\u00e9lo contre les intemp\u00e9ries, mais aussi d'invisibiliser votre v\u00e9lo. Une mani\u00e8re d'\u00e9viter le vandalisme et de r\u00e9duire les risques de vol de v\u00e9lo.\",\"breadcrumb\":{\"@id\":\"https:\/\/dumoulin.absoludev.ca\/produit\/bache-bullitt-garage\/#breadcrumb\"},\"inLanguage\":\"en-US\",\"potentialAction\":[{\"@type\":\"ReadAction\",\"target\":[\"https:\/\/dumoulin.absoludev.ca\/produit\/bache-bullitt-garage\/\"]}]},{\"@type\":\"ImageObject\",\"inLanguage\":\"en-US\",\"@id\":\"https:\/\/dumoulin.absoludev.ca\/produit\/bache-bullitt-garage\/#primaryimage\",\"url\":\"https:\/\/dumoulin.absoludev.ca\/wp-content\/uploads\/2024\/06\/bache-bullitt-garage-larry-vs-harry-velo-cargo-montreal-quebec-dumoulin-bicyclettes.jpg\",\"contentUrl\":\"https:\/\/dumoulin.absoludev.ca\/wp-content\/uploads\/2024\/06\/bache-bullitt-garage-larry-vs-harry-velo-cargo-montreal-quebec-dumoulin-bicyclettes.jpg\",\"width\":650,\"height\":366,\"caption\":\"bache-bullitt-garage-larry-vs-harry-velo-cargo-montreal-quebec-dumoulin-bicyclettes\"},{\"@type\":\"BreadcrumbList\",\"@id\":\"https:\/\/dumoulin.absoludev.ca\/produit\/bache-bullitt-garage\/#breadcrumb\",\"itemListElement\":[{\"@type\":\"ListItem\",\"position\":1,\"name\":\"Home\",\"item\":\"https:\/\/dumoulin.absoludev.ca\/en\/\"},{\"@type\":\"ListItem\",\"position\":2,\"name\":\"Shop\",\"item\":\"https:\/\/dumoulin.absoludev.ca\/en\/shop\/\"},{\"@type\":\"ListItem\",\"position\":3,\"name\":\"B\u00e2che de v\u00e9lo cargo Bullitt \u00abgarage\u00bb\"}]},{\"@type\":\"WebSite\",\"@id\":\"https:\/\/dumoulin.absoludev.ca\/#website\",\"url\":\"https:\/\/dumoulin.absoludev.ca\/\",\"name\":\"Dumoulin Bicyclettes\",\"description\":\"\",\"publisher\":{\"@id\":\"https:\/\/dumoulin.absoludev.ca\/#organization\"},\"potentialAction\":[{\"@type\":\"SearchAction\",\"target\":{\"@type\":\"EntryPoint\",\"urlTemplate\":\"https:\/\/dumoulin.absoludev.ca\/?s={search_term_string}\"},\"query-input\":{\"@type\":\"PropertyValueSpecification\",\"valueRequired\":true,\"valueName\":\"search_term_string\"}}],\"inLanguage\":\"en-US\"},{\"@type\":\"Organization\",\"@id\":\"https:\/\/dumoulin.absoludev.ca\/#organization\",\"name\":\"Dumoulin Bicyclettes\",\"url\":\"https:\/\/dumoulin.absoludev.ca\/\",\"logo\":{\"@type\":\"ImageObject\",\"inLanguage\":\"en-US\",\"@id\":\"https:\/\/dumoulin.absoludev.ca\/#\/schema\/logo\/image\/\",\"url\":\"https:\/\/www.dumoulinbicyclettes.com\/wp-content\/uploads\/2021\/04\/Logo.svg\",\"contentUrl\":\"https:\/\/www.dumoulinbicyclettes.com\/wp-content\/uploads\/2021\/04\/Logo.svg\",\"width\":254,\"height\":86,\"caption\":\"Dumoulin Bicyclettes\"},\"image\":{\"@id\":\"https:\/\/dumoulin.absoludev.ca\/#\/schema\/logo\/image\/\"},\"sameAs\":[\"https:\/\/www.facebook.com\/dumoulinbicyclettes\",\"https:\/\/www.instagram.com\/dumoulin.ca\/\",\"https:\/\/www.youtube.com\/user\/dumoulinbicyclettes\"]}]}<\/script>\n<!-- \/ Yoast SEO plugin. -->","yoast_head_json":{"title":"B\u00e2che de v\u00e9lo cargo Bullitt \u00abgarage\u00bb - Dumoulin Bicyclettes |strat\u00e9gie anti-vol | v\u00e9lo cargo","description":"La b\u00e2che de protection Bullitt Garage s'occupe de prot\u00e9ger votre v\u00e9lo contre les intemp\u00e9ries, mais aussi d'invisibiliser votre v\u00e9lo. Une mani\u00e8re d'\u00e9viter le vandalisme et de r\u00e9duire les risques de vol de v\u00e9lo.","robots":{"index":"noindex","follow":"follow","max-snippet":"max-snippet:-1","max-image-preview":"max-image-preview:large","max-video-preview":"max-video-preview:-1"},"og_locale":"en_US","og_type":"article","og_title":"B\u00e2che de v\u00e9lo cargo Bullitt \u00abgarage\u00bb - Dumoulin Bicyclettes |strat\u00e9gie anti-vol | v\u00e9lo cargo","og_description":"La b\u00e2che de protection Bullitt Garage s'occupe de prot\u00e9ger votre v\u00e9lo contre les intemp\u00e9ries, mais aussi d'invisibiliser votre v\u00e9lo. Une mani\u00e8re d'\u00e9viter le vandalisme et de r\u00e9duire les risques de vol de v\u00e9lo.","og_url":"https:\/\/dumoulin.absoludev.ca\/produit\/bache-bullitt-garage\/","og_site_name":"Dumoulin Bicyclettes","article_publisher":"https:\/\/www.facebook.com\/dumoulinbicyclettes","article_modified_time":"2025-09-04T18:17:00+00:00","og_image":[{"width":650,"height":366,"url":"https:\/\/dumoulin.absoludev.ca\/wp-content\/uploads\/2024\/06\/bache-bullitt-garage-larry-vs-harry-velo-cargo-montreal-quebec-dumoulin-bicyclettes.jpg","type":"image\/jpeg"}],"twitter_card":"summary_large_image","schema":{"@context":"https:\/\/schema.org","@graph":[{"@type":"WebPage","@id":"https:\/\/dumoulin.absoludev.ca\/produit\/bache-bullitt-garage\/","url":"https:\/\/dumoulin.absoludev.ca\/produit\/bache-bullitt-garage\/","name":"B\u00e2che de v\u00e9lo cargo Bullitt \u00abgarage\u00bb - Dumoulin Bicyclettes |strat\u00e9gie anti-vol | v\u00e9lo cargo","isPartOf":{"@id":"https:\/\/dumoulin.absoludev.ca\/#website"},"primaryImageOfPage":{"@id":"https:\/\/dumoulin.absoludev.ca\/produit\/bache-bullitt-garage\/#primaryimage"},"image":{"@id":"https:\/\/dumoulin.absoludev.ca\/produit\/bache-bullitt-garage\/#primaryimage"},"thumbnailUrl":"https:\/\/dumoulin.absoludev.ca\/wp-content\/uploads\/2024\/06\/bache-bullitt-garage-larry-vs-harry-velo-cargo-montreal-quebec-dumoulin-bicyclettes.jpg","datePublished":"2024-06-14T21:09:34+00:00","dateModified":"2025-09-04T18:17:00+00:00","description":"La b\u00e2che de protection Bullitt Garage s'occupe de prot\u00e9ger votre v\u00e9lo contre les intemp\u00e9ries, mais aussi d'invisibiliser votre v\u00e9lo. Une mani\u00e8re d'\u00e9viter le vandalisme et de r\u00e9duire les risques de vol de v\u00e9lo.","breadcrumb":{"@id":"https:\/\/dumoulin.absoludev.ca\/produit\/bache-bullitt-garage\/#breadcrumb"},"inLanguage":"en-US","potentialAction":[{"@type":"ReadAction","target":["https:\/\/dumoulin.absoludev.ca\/produit\/bache-bullitt-garage\/"]}]},{"@type":"ImageObject","inLanguage":"en-US","@id":"https:\/\/dumoulin.absoludev.ca\/produit\/bache-bullitt-garage\/#primaryimage","url":"https:\/\/dumoulin.absoludev.ca\/wp-content\/uploads\/2024\/06\/bache-bullitt-garage-larry-vs-harry-velo-cargo-montreal-quebec-dumoulin-bicyclettes.jpg","contentUrl":"https:\/\/dumoulin.absoludev.ca\/wp-content\/uploads\/2024\/06\/bache-bullitt-garage-larry-vs-harry-velo-cargo-montreal-quebec-dumoulin-bicyclettes.jpg","width":650,"height":366,"caption":"bache-bullitt-garage-larry-vs-harry-velo-cargo-montreal-quebec-dumoulin-bicyclettes"},{"@type":"BreadcrumbList","@id":"https:\/\/dumoulin.absoludev.ca\/produit\/bache-bullitt-garage\/#breadcrumb","itemListElement":[{"@type":"ListItem","position":1,"name":"Home","item":"https:\/\/dumoulin.absoludev.ca\/en\/"},{"@type":"ListItem","position":2,"name":"Shop","item":"https:\/\/dumoulin.absoludev.ca\/en\/shop\/"},{"@type":"ListItem","position":3,"name":"B\u00e2che de v\u00e9lo cargo Bullitt \u00abgarage\u00bb"}]},{"@type":"WebSite","@id":"https:\/\/dumoulin.absoludev.ca\/#website","url":"https:\/\/dumoulin.absoludev.ca\/","name":"Dumoulin Bicyclettes","description":"","publisher":{"@id":"https:\/\/dumoulin.absoludev.ca\/#organization"},"potentialAction":[{"@type":"SearchAction","target":{"@type":"EntryPoint","urlTemplate":"https:\/\/dumoulin.absoludev.ca\/?s={search_term_string}"},"query-input":{"@type":"PropertyValueSpecification","valueRequired":true,"valueName":"search_term_string"}}],"inLanguage":"en-US"},{"@type":"Organization","@id":"https:\/\/dumoulin.absoludev.ca\/#organization","name":"Dumoulin Bicyclettes","url":"https:\/\/dumoulin.absoludev.ca\/","logo":{"@type":"ImageObject","inLanguage":"en-US","@id":"https:\/\/dumoulin.absoludev.ca\/#\/schema\/logo\/image\/","url":"https:\/\/www.dumoulinbicyclettes.com\/wp-content\/uploads\/2021\/04\/Logo.svg","contentUrl":"https:\/\/www.dumoulinbicyclettes.com\/wp-content\/uploads\/2021\/04\/Logo.svg","width":254,"height":86,"caption":"Dumoulin Bicyclettes"},"image":{"@id":"https:\/\/dumoulin.absoludev.ca\/#\/schema\/logo\/image\/"},"sameAs":["https:\/\/www.facebook.com\/dumoulinbicyclettes","https:\/\/www.instagram.com\/dumoulin.ca\/","https:\/\/www.youtube.com\/user\/dumoulinbicyclettes"]}]}},"_links":{"self":[{"href":"https:\/\/dumoulin.absoludev.ca\/en\/wp-json\/wp\/v2\/product\/421445","targetHints":{"allow":["GET"]}}],"collection":[{"href":"https:\/\/dumoulin.absoludev.ca\/en\/wp-json\/wp\/v2\/product"}],"about":[{"href":"https:\/\/dumoulin.absoludev.ca\/en\/wp-json\/wp\/v2\/types\/product"}],"wp:featuredmedia":[{"embeddable":true,"href":"https:\/\/dumoulin.absoludev.ca\/en\/wp-json\/wp\/v2\/media\/421448"}],"wp:attachment":[{"href":"https:\/\/dumoulin.absoludev.ca\/en\/wp-json\/wp\/v2\/media?parent=421445"}],"wp:term":[{"taxonomy":"product_brand","embeddable":true,"href":"https:\/\/dumoulin.absoludev.ca\/en\/wp-json\/wp\/v2\/product_brand?post=421445"},{"taxonomy":"product_cat","embeddable":true,"href":"https:\/\/dumoulin.absoludev.ca\/en\/wp-json\/wp\/v2\/product_cat?post=421445"},{"taxonomy":"product_tag","embeddable":true,"href":"https:\/\/dumoulin.absoludev.ca\/en\/wp-json\/wp\/v2\/product_tag?post=421445"},{"taxonomy":"marque-produit","embeddable":true,"href":"https:\/\/dumoulin.absoludev.ca\/en\/wp-json\/wp\/v2\/marque-produit?post=421445"},{"taxonomy":"collection-produit","embeddable":true,"href":"https:\/\/dumoulin.absoludev.ca\/en\/wp-json\/wp\/v2\/collection-produit?post=421445"},{"taxonomy":"type-surface-produit","embeddable":true,"href":"https:\/\/dumoulin.absoludev.ca\/en\/wp-json\/wp\/v2\/type-surface-produit?post=421445"},{"taxonomy":"type-velo-produit","embeddable":true,"href":"https:\/\/dumoulin.absoludev.ca\/en\/wp-json\/wp\/v2\/type-velo-produit?post=421445"},{"taxonomy":"vetement-produit","embeddable":true,"href":"https:\/\/dumoulin.absoludev.ca\/en\/wp-json\/wp\/v2\/vetement-produit?post=421445"},{"taxonomy":"thematique-produit","embeddable":true,"href":"https:\/\/dumoulin.absoludev.ca\/en\/wp-json\/wp\/v2\/thematique-produit?post=421445"},{"taxonomy":"position-sur-le-v\u00e9lo","embeddable":true,"href":"https:\/\/dumoulin.absoludev.ca\/en\/wp-json\/wp\/v2\/position-sur-le-v\u00e9lo?post=421445"}],"curies":[{"name":"wp","href":"https:\/\/api.w.org\/{rel}","templated":true}]}}