{"id":421332,"date":"2024-06-14T15:09:25","date_gmt":"2024-06-14T19:09:25","guid":{"rendered":"http:\/\/www.dumoulinbicyclettes.com\/?post_type=product&#038;p=421332"},"modified":"2025-09-04T14:16:41","modified_gmt":"2025-09-04T18:16:41","slug":"abus-granit-6950m-xplus","status":"publish","type":"product","link":"https:\/\/dumoulin.absoludev.ca\/en\/produit\/abus-granit-6950m-xplus\/","title":{"rendered":"Cadenas au cadre Abus Granit Xplus"},"content":{"rendered":"<p>Les <a href=\"https:\/\/www.dumoulinbicyclettes.com\/les-cadenas-depanneur-ca-change-la-vie\/\" target=\"_blank\" rel=\"noopener\">cadenas de cadre<\/a> sont tr\u00e8s pratiques au quotidien. Le Granit Xplus s\u00e9curise votre roue arri\u00e8re, immobilise votre v\u00e9lo pour les petits arr\u00eats rapides, puis surtout ajoute une entrave suppl\u00e9mentaire pour <a href=\"https:\/\/www.dumoulinbicyclettes.com\/proteger-son-velo-cargo-contre-le-vol\/\" target=\"_blank\" rel=\"noopener\">barrer votre v\u00e9lo <\/a>de fa\u00e7on efficace.<\/p>\n","protected":false},"excerpt":{"rendered":"<p>Les cadenas de cadre sont tr\u00e8s pratiques au quotidien. Le Granit Xplus s\u00e9curise votre roue arri\u00e8re, immobilise votre v\u00e9lo pour les petits arr\u00eats rapides, puis surtout ajoute une entrave suppl\u00e9mentaire pour barrer votre v\u00e9lo de fa\u00e7on efficace.<\/p>\n","protected":false},"featured_media":421333,"template":"","meta":{"_acf_changed":false},"product_brand":[],"product_cat":[190,206],"product_tag":[2478,3254,2321,3255],"marque-produit":[1417],"collection-produit":[],"type-surface-produit":[],"type-velo-produit":[],"vetement-produit":[],"thematique-produit":[],"position-sur-le-v\u00e9lo":[],"class_list":{"0":"post-421332","1":"product","2":"type-product","3":"status-publish","4":"has-post-thumbnail","6":"product_cat-cadenas","7":"product_cat-cadenas-de-roue","8":"product_tag-abus","9":"product_tag-au-cadenas-au-cadre","10":"product_tag-cadenas","11":"product_tag-granit-xplus","12":"marque-produit-abus","14":"first","15":"instock","16":"taxable","17":"shipping-taxable","18":"purchasable","19":"product-type-simple"},"acf":[],"yoast_head":"<!-- This site is optimized with the Yoast SEO plugin v24.3 - https:\/\/yoast.com\/wordpress\/plugins\/seo\/ -->\n<title>Cadenas au cadre Abus Granit Xplus - Dumoulin Bicyclettes | cadenas |contre le vol de v\u00e9lo<\/title>\n<meta name=\"description\" content=\"Le cadenas de roue ABUS Granit XPLUS est compatible avec de nombreux v\u00e9los. Super solide, il ajoute une entrave tr\u00e8s convaincante pour lutter contre le vol.\" \/>\n<meta name=\"robots\" content=\"noindex, follow, max-snippet:-1, max-image-preview:large, max-video-preview:-1\" \/>\n<meta property=\"og:locale\" content=\"en_US\" \/>\n<meta property=\"og:type\" content=\"article\" \/>\n<meta property=\"og:title\" content=\"Cadenas au cadre Abus Granit Xplus - Dumoulin Bicyclettes | cadenas |contre le vol de v\u00e9lo\" \/>\n<meta property=\"og:description\" content=\"Le cadenas de roue ABUS Granit XPLUS est compatible avec de nombreux v\u00e9los. Super solide, il ajoute une entrave tr\u00e8s convaincante pour lutter contre le vol.\" \/>\n<meta property=\"og:url\" content=\"https:\/\/dumoulin.absoludev.ca\/produit\/abus-granit-6950m-xplus\/\" \/>\n<meta property=\"og:site_name\" content=\"Dumoulin Bicyclettes\" \/>\n<meta property=\"article:publisher\" content=\"https:\/\/www.facebook.com\/dumoulinbicyclettes\" \/>\n<meta property=\"article:modified_time\" content=\"2025-09-04T18:16:41+00:00\" \/>\n<meta property=\"og:image\" content=\"https:\/\/dumoulin.absoludev.ca\/wp-content\/uploads\/2024\/06\/Abus_granit_6950M_XPLUS.jpg\" \/>\n\t<meta property=\"og:image:width\" content=\"900\" \/>\n\t<meta property=\"og:image:height\" content=\"900\" \/>\n\t<meta property=\"og:image:type\" content=\"image\/jpeg\" \/>\n<meta name=\"twitter:card\" content=\"summary_large_image\" \/>\n<meta name=\"twitter:label1\" content=\"Est. reading time\" \/>\n\t<meta name=\"twitter:data1\" content=\"1 minute\" \/>\n<script type=\"application\/ld+json\" class=\"yoast-schema-graph\">{\"@context\":\"https:\/\/schema.org\",\"@graph\":[{\"@type\":\"WebPage\",\"@id\":\"https:\/\/dumoulin.absoludev.ca\/produit\/abus-granit-6950m-xplus\/\",\"url\":\"https:\/\/dumoulin.absoludev.ca\/produit\/abus-granit-6950m-xplus\/\",\"name\":\"Cadenas au cadre Abus Granit Xplus - Dumoulin Bicyclettes | cadenas |contre le vol de v\u00e9lo\",\"isPartOf\":{\"@id\":\"https:\/\/dumoulin.absoludev.ca\/#website\"},\"primaryImageOfPage\":{\"@id\":\"https:\/\/dumoulin.absoludev.ca\/produit\/abus-granit-6950m-xplus\/#primaryimage\"},\"image\":{\"@id\":\"https:\/\/dumoulin.absoludev.ca\/produit\/abus-granit-6950m-xplus\/#primaryimage\"},\"thumbnailUrl\":\"https:\/\/dumoulin.absoludev.ca\/wp-content\/uploads\/2024\/06\/Abus_granit_6950M_XPLUS.jpg\",\"datePublished\":\"2024-06-14T19:09:25+00:00\",\"dateModified\":\"2025-09-04T18:16:41+00:00\",\"description\":\"Le cadenas de roue ABUS Granit XPLUS est compatible avec de nombreux v\u00e9los. Super solide, il ajoute une entrave tr\u00e8s convaincante pour lutter contre le vol.\",\"breadcrumb\":{\"@id\":\"https:\/\/dumoulin.absoludev.ca\/produit\/abus-granit-6950m-xplus\/#breadcrumb\"},\"inLanguage\":\"en-US\",\"potentialAction\":[{\"@type\":\"ReadAction\",\"target\":[\"https:\/\/dumoulin.absoludev.ca\/produit\/abus-granit-6950m-xplus\/\"]}]},{\"@type\":\"ImageObject\",\"inLanguage\":\"en-US\",\"@id\":\"https:\/\/dumoulin.absoludev.ca\/produit\/abus-granit-6950m-xplus\/#primaryimage\",\"url\":\"https:\/\/dumoulin.absoludev.ca\/wp-content\/uploads\/2024\/06\/Abus_granit_6950M_XPLUS.jpg\",\"contentUrl\":\"https:\/\/dumoulin.absoludev.ca\/wp-content\/uploads\/2024\/06\/Abus_granit_6950M_XPLUS.jpg\",\"width\":900,\"height\":900},{\"@type\":\"BreadcrumbList\",\"@id\":\"https:\/\/dumoulin.absoludev.ca\/produit\/abus-granit-6950m-xplus\/#breadcrumb\",\"itemListElement\":[{\"@type\":\"ListItem\",\"position\":1,\"name\":\"Home\",\"item\":\"https:\/\/dumoulin.absoludev.ca\/en\/\"},{\"@type\":\"ListItem\",\"position\":2,\"name\":\"Shop\",\"item\":\"https:\/\/dumoulin.absoludev.ca\/en\/shop\/\"},{\"@type\":\"ListItem\",\"position\":3,\"name\":\"Cadenas au cadre Abus Granit Xplus\"}]},{\"@type\":\"WebSite\",\"@id\":\"https:\/\/dumoulin.absoludev.ca\/#website\",\"url\":\"https:\/\/dumoulin.absoludev.ca\/\",\"name\":\"Dumoulin Bicyclettes\",\"description\":\"\",\"publisher\":{\"@id\":\"https:\/\/dumoulin.absoludev.ca\/#organization\"},\"potentialAction\":[{\"@type\":\"SearchAction\",\"target\":{\"@type\":\"EntryPoint\",\"urlTemplate\":\"https:\/\/dumoulin.absoludev.ca\/?s={search_term_string}\"},\"query-input\":{\"@type\":\"PropertyValueSpecification\",\"valueRequired\":true,\"valueName\":\"search_term_string\"}}],\"inLanguage\":\"en-US\"},{\"@type\":\"Organization\",\"@id\":\"https:\/\/dumoulin.absoludev.ca\/#organization\",\"name\":\"Dumoulin Bicyclettes\",\"url\":\"https:\/\/dumoulin.absoludev.ca\/\",\"logo\":{\"@type\":\"ImageObject\",\"inLanguage\":\"en-US\",\"@id\":\"https:\/\/dumoulin.absoludev.ca\/#\/schema\/logo\/image\/\",\"url\":\"https:\/\/www.dumoulinbicyclettes.com\/wp-content\/uploads\/2021\/04\/Logo.svg\",\"contentUrl\":\"https:\/\/www.dumoulinbicyclettes.com\/wp-content\/uploads\/2021\/04\/Logo.svg\",\"width\":254,\"height\":86,\"caption\":\"Dumoulin Bicyclettes\"},\"image\":{\"@id\":\"https:\/\/dumoulin.absoludev.ca\/#\/schema\/logo\/image\/\"},\"sameAs\":[\"https:\/\/www.facebook.com\/dumoulinbicyclettes\",\"https:\/\/www.instagram.com\/dumoulin.ca\/\",\"https:\/\/www.youtube.com\/user\/dumoulinbicyclettes\"]}]}<\/script>\n<!-- \/ Yoast SEO plugin. -->","yoast_head_json":{"title":"Cadenas au cadre Abus Granit Xplus - Dumoulin Bicyclettes | cadenas |contre le vol de v\u00e9lo","description":"Le cadenas de roue ABUS Granit XPLUS est compatible avec de nombreux v\u00e9los. Super solide, il ajoute une entrave tr\u00e8s convaincante pour lutter contre le vol.","robots":{"index":"noindex","follow":"follow","max-snippet":"max-snippet:-1","max-image-preview":"max-image-preview:large","max-video-preview":"max-video-preview:-1"},"og_locale":"en_US","og_type":"article","og_title":"Cadenas au cadre Abus Granit Xplus - Dumoulin Bicyclettes | cadenas |contre le vol de v\u00e9lo","og_description":"Le cadenas de roue ABUS Granit XPLUS est compatible avec de nombreux v\u00e9los. Super solide, il ajoute une entrave tr\u00e8s convaincante pour lutter contre le vol.","og_url":"https:\/\/dumoulin.absoludev.ca\/produit\/abus-granit-6950m-xplus\/","og_site_name":"Dumoulin Bicyclettes","article_publisher":"https:\/\/www.facebook.com\/dumoulinbicyclettes","article_modified_time":"2025-09-04T18:16:41+00:00","og_image":[{"width":900,"height":900,"url":"https:\/\/dumoulin.absoludev.ca\/wp-content\/uploads\/2024\/06\/Abus_granit_6950M_XPLUS.jpg","type":"image\/jpeg"}],"twitter_card":"summary_large_image","twitter_misc":{"Est. reading time":"1 minute"},"schema":{"@context":"https:\/\/schema.org","@graph":[{"@type":"WebPage","@id":"https:\/\/dumoulin.absoludev.ca\/produit\/abus-granit-6950m-xplus\/","url":"https:\/\/dumoulin.absoludev.ca\/produit\/abus-granit-6950m-xplus\/","name":"Cadenas au cadre Abus Granit Xplus - Dumoulin Bicyclettes | cadenas |contre le vol de v\u00e9lo","isPartOf":{"@id":"https:\/\/dumoulin.absoludev.ca\/#website"},"primaryImageOfPage":{"@id":"https:\/\/dumoulin.absoludev.ca\/produit\/abus-granit-6950m-xplus\/#primaryimage"},"image":{"@id":"https:\/\/dumoulin.absoludev.ca\/produit\/abus-granit-6950m-xplus\/#primaryimage"},"thumbnailUrl":"https:\/\/dumoulin.absoludev.ca\/wp-content\/uploads\/2024\/06\/Abus_granit_6950M_XPLUS.jpg","datePublished":"2024-06-14T19:09:25+00:00","dateModified":"2025-09-04T18:16:41+00:00","description":"Le cadenas de roue ABUS Granit XPLUS est compatible avec de nombreux v\u00e9los. Super solide, il ajoute une entrave tr\u00e8s convaincante pour lutter contre le vol.","breadcrumb":{"@id":"https:\/\/dumoulin.absoludev.ca\/produit\/abus-granit-6950m-xplus\/#breadcrumb"},"inLanguage":"en-US","potentialAction":[{"@type":"ReadAction","target":["https:\/\/dumoulin.absoludev.ca\/produit\/abus-granit-6950m-xplus\/"]}]},{"@type":"ImageObject","inLanguage":"en-US","@id":"https:\/\/dumoulin.absoludev.ca\/produit\/abus-granit-6950m-xplus\/#primaryimage","url":"https:\/\/dumoulin.absoludev.ca\/wp-content\/uploads\/2024\/06\/Abus_granit_6950M_XPLUS.jpg","contentUrl":"https:\/\/dumoulin.absoludev.ca\/wp-content\/uploads\/2024\/06\/Abus_granit_6950M_XPLUS.jpg","width":900,"height":900},{"@type":"BreadcrumbList","@id":"https:\/\/dumoulin.absoludev.ca\/produit\/abus-granit-6950m-xplus\/#breadcrumb","itemListElement":[{"@type":"ListItem","position":1,"name":"Home","item":"https:\/\/dumoulin.absoludev.ca\/en\/"},{"@type":"ListItem","position":2,"name":"Shop","item":"https:\/\/dumoulin.absoludev.ca\/en\/shop\/"},{"@type":"ListItem","position":3,"name":"Cadenas au cadre Abus Granit Xplus"}]},{"@type":"WebSite","@id":"https:\/\/dumoulin.absoludev.ca\/#website","url":"https:\/\/dumoulin.absoludev.ca\/","name":"Dumoulin Bicyclettes","description":"","publisher":{"@id":"https:\/\/dumoulin.absoludev.ca\/#organization"},"potentialAction":[{"@type":"SearchAction","target":{"@type":"EntryPoint","urlTemplate":"https:\/\/dumoulin.absoludev.ca\/?s={search_term_string}"},"query-input":{"@type":"PropertyValueSpecification","valueRequired":true,"valueName":"search_term_string"}}],"inLanguage":"en-US"},{"@type":"Organization","@id":"https:\/\/dumoulin.absoludev.ca\/#organization","name":"Dumoulin Bicyclettes","url":"https:\/\/dumoulin.absoludev.ca\/","logo":{"@type":"ImageObject","inLanguage":"en-US","@id":"https:\/\/dumoulin.absoludev.ca\/#\/schema\/logo\/image\/","url":"https:\/\/www.dumoulinbicyclettes.com\/wp-content\/uploads\/2021\/04\/Logo.svg","contentUrl":"https:\/\/www.dumoulinbicyclettes.com\/wp-content\/uploads\/2021\/04\/Logo.svg","width":254,"height":86,"caption":"Dumoulin Bicyclettes"},"image":{"@id":"https:\/\/dumoulin.absoludev.ca\/#\/schema\/logo\/image\/"},"sameAs":["https:\/\/www.facebook.com\/dumoulinbicyclettes","https:\/\/www.instagram.com\/dumoulin.ca\/","https:\/\/www.youtube.com\/user\/dumoulinbicyclettes"]}]}},"_links":{"self":[{"href":"https:\/\/dumoulin.absoludev.ca\/en\/wp-json\/wp\/v2\/product\/421332","targetHints":{"allow":["GET"]}}],"collection":[{"href":"https:\/\/dumoulin.absoludev.ca\/en\/wp-json\/wp\/v2\/product"}],"about":[{"href":"https:\/\/dumoulin.absoludev.ca\/en\/wp-json\/wp\/v2\/types\/product"}],"wp:featuredmedia":[{"embeddable":true,"href":"https:\/\/dumoulin.absoludev.ca\/en\/wp-json\/wp\/v2\/media\/421333"}],"wp:attachment":[{"href":"https:\/\/dumoulin.absoludev.ca\/en\/wp-json\/wp\/v2\/media?parent=421332"}],"wp:term":[{"taxonomy":"product_brand","embeddable":true,"href":"https:\/\/dumoulin.absoludev.ca\/en\/wp-json\/wp\/v2\/product_brand?post=421332"},{"taxonomy":"product_cat","embeddable":true,"href":"https:\/\/dumoulin.absoludev.ca\/en\/wp-json\/wp\/v2\/product_cat?post=421332"},{"taxonomy":"product_tag","embeddable":true,"href":"https:\/\/dumoulin.absoludev.ca\/en\/wp-json\/wp\/v2\/product_tag?post=421332"},{"taxonomy":"marque-produit","embeddable":true,"href":"https:\/\/dumoulin.absoludev.ca\/en\/wp-json\/wp\/v2\/marque-produit?post=421332"},{"taxonomy":"collection-produit","embeddable":true,"href":"https:\/\/dumoulin.absoludev.ca\/en\/wp-json\/wp\/v2\/collection-produit?post=421332"},{"taxonomy":"type-surface-produit","embeddable":true,"href":"https:\/\/dumoulin.absoludev.ca\/en\/wp-json\/wp\/v2\/type-surface-produit?post=421332"},{"taxonomy":"type-velo-produit","embeddable":true,"href":"https:\/\/dumoulin.absoludev.ca\/en\/wp-json\/wp\/v2\/type-velo-produit?post=421332"},{"taxonomy":"vetement-produit","embeddable":true,"href":"https:\/\/dumoulin.absoludev.ca\/en\/wp-json\/wp\/v2\/vetement-produit?post=421332"},{"taxonomy":"thematique-produit","embeddable":true,"href":"https:\/\/dumoulin.absoludev.ca\/en\/wp-json\/wp\/v2\/thematique-produit?post=421332"},{"taxonomy":"position-sur-le-v\u00e9lo","embeddable":true,"href":"https:\/\/dumoulin.absoludev.ca\/en\/wp-json\/wp\/v2\/position-sur-le-v\u00e9lo?post=421332"}],"curies":[{"name":"wp","href":"https:\/\/api.w.org\/{rel}","templated":true}]}}