{"id":410334,"date":"2024-05-24T18:09:15","date_gmt":"2024-05-24T22:09:15","guid":{"rendered":"http:\/\/www.dumoulinbicyclettes.com\/?post_type=product&#038;p=410334"},"modified":"2025-09-04T14:16:57","modified_gmt":"2025-09-04T18:16:57","slug":"antivol-hiplok-dx1000-u-lock-montreal","status":"publish","type":"product","link":"https:\/\/dumoulin.absoludev.ca\/en\/produit\/antivol-hiplok-dx1000-u-lock-montreal\/","title":{"rendered":"Cadenas Hiplok DX1000"},"content":{"rendered":"<p>Quand on investit dans son v\u00e9lo comme moyen de transport, on aime le savoir en s\u00e9curit\u00e9. Peu de cadenas donnent autant de sentiment de tranquillit\u00e9 que le Hiplok DX1000.<\/p>\n<p>C&#8217;est tout simplement le meilleur antivol que nous tenions : nous le recommanderons pour barrer des v\u00e9los \u00e0 assistance \u00e9lectrique ou des v\u00e9los cargos. Le Hiplok DX1000 est plus large et plus long que le <a href=\"https:\/\/www.dumoulinbicyclettes.com\/produit\/cadenas-en-u-hiplok-d1000\/\" rel=\"noopener\" target=\"_blank\">D1000<\/a>. Choisissez le DX1000 pour plus de facilit\u00e9 d&#8217;action.<\/p>\n","protected":false},"excerpt":{"rendered":"<p>Quand on investit dans son v\u00e9lo comme moyen de transport, on aime le savoir en s\u00e9curit\u00e9. Peu de cadenas donnent autant de sentiment de tranquillit\u00e9 que le Hiplok DX1000. C&#8217;est tout simplement le meilleur antivol que nous tenions : nous le recommanderons pour barrer des v\u00e9los \u00e0 assistance \u00e9lectrique ou des v\u00e9los cargos. Le Hiplok [&hellip;]<\/p>\n","protected":false},"featured_media":411748,"template":"","meta":{"_acf_changed":false},"product_brand":[],"product_cat":[204],"product_tag":[3073,3068],"marque-produit":[1438],"collection-produit":[],"type-surface-produit":[],"type-velo-produit":[],"vetement-produit":[],"thematique-produit":[],"position-sur-le-v\u00e9lo":[],"class_list":{"0":"post-410334","1":"product","2":"type-product","3":"status-publish","4":"has-post-thumbnail","6":"product_cat-cadenas-en-u","7":"product_tag-dx1000","8":"product_tag-hiplok","9":"marque-produit-hiplok","11":"first","12":"instock","13":"taxable","14":"shipping-taxable","15":"purchasable","16":"product-type-simple"},"acf":[],"yoast_head":"<!-- This site is optimized with the Yoast SEO plugin v24.3 - https:\/\/yoast.com\/wordpress\/plugins\/seo\/ -->\n<title>Cadenas Hiplok DX1000 - Dumoulin Bicyclettes Antivol | Contre le vol de v\u00e9lo | U Lock<\/title>\n<meta name=\"description\" content=\"Le cadenas Hiplok DX1000 : tout simplement la meilleure strat\u00e9gie antivol disponible \u00e0 Montr\u00e9al ! Barrez votre v\u00e9lo \u00e9lectrique ou votre v\u00e9lo cargo avec le DX1000.\" \/>\n<meta name=\"robots\" content=\"noindex, follow, max-snippet:-1, max-image-preview:large, max-video-preview:-1\" \/>\n<meta property=\"og:locale\" content=\"en_US\" \/>\n<meta property=\"og:type\" content=\"article\" \/>\n<meta property=\"og:title\" content=\"Cadenas Hiplok DX1000 - Dumoulin Bicyclettes Antivol | Contre le vol de v\u00e9lo | U Lock\" \/>\n<meta property=\"og:description\" content=\"Le cadenas Hiplok DX1000 : tout simplement la meilleure strat\u00e9gie antivol disponible \u00e0 Montr\u00e9al ! Barrez votre v\u00e9lo \u00e9lectrique ou votre v\u00e9lo cargo avec le DX1000.\" \/>\n<meta property=\"og:url\" content=\"https:\/\/dumoulin.absoludev.ca\/produit\/antivol-hiplok-dx1000-u-lock-montreal\/\" \/>\n<meta property=\"og:site_name\" content=\"Dumoulin Bicyclettes\" \/>\n<meta property=\"article:publisher\" content=\"https:\/\/www.facebook.com\/dumoulinbicyclettes\" \/>\n<meta property=\"article:modified_time\" content=\"2025-09-04T18:16:57+00:00\" \/>\n<meta property=\"og:image\" content=\"https:\/\/dumoulin.absoludev.ca\/wp-content\/uploads\/2024\/05\/cadenas-en-u-hiplok-dx1000-montreal-quebec-dxm1ab-studio-ss-art.jpg\" \/>\n\t<meta property=\"og:image:width\" content=\"900\" \/>\n\t<meta property=\"og:image:height\" content=\"900\" \/>\n\t<meta property=\"og:image:type\" content=\"image\/jpeg\" \/>\n<meta name=\"twitter:card\" content=\"summary_large_image\" \/>\n<meta name=\"twitter:label1\" content=\"Est. reading time\" \/>\n\t<meta name=\"twitter:data1\" content=\"1 minute\" \/>\n<script type=\"application\/ld+json\" class=\"yoast-schema-graph\">{\"@context\":\"https:\/\/schema.org\",\"@graph\":[{\"@type\":\"WebPage\",\"@id\":\"https:\/\/dumoulin.absoludev.ca\/produit\/antivol-hiplok-dx1000-u-lock-montreal\/\",\"url\":\"https:\/\/dumoulin.absoludev.ca\/produit\/antivol-hiplok-dx1000-u-lock-montreal\/\",\"name\":\"Cadenas Hiplok DX1000 - Dumoulin Bicyclettes Antivol | Contre le vol de v\u00e9lo | U Lock\",\"isPartOf\":{\"@id\":\"https:\/\/dumoulin.absoludev.ca\/#website\"},\"primaryImageOfPage\":{\"@id\":\"https:\/\/dumoulin.absoludev.ca\/produit\/antivol-hiplok-dx1000-u-lock-montreal\/#primaryimage\"},\"image\":{\"@id\":\"https:\/\/dumoulin.absoludev.ca\/produit\/antivol-hiplok-dx1000-u-lock-montreal\/#primaryimage\"},\"thumbnailUrl\":\"https:\/\/dumoulin.absoludev.ca\/wp-content\/uploads\/2024\/05\/cadenas-en-u-hiplok-dx1000-montreal-quebec-dxm1ab-studio-ss-art.jpg\",\"datePublished\":\"2024-05-24T22:09:15+00:00\",\"dateModified\":\"2025-09-04T18:16:57+00:00\",\"description\":\"Le cadenas Hiplok DX1000 : tout simplement la meilleure strat\u00e9gie antivol disponible \u00e0 Montr\u00e9al ! Barrez votre v\u00e9lo \u00e9lectrique ou votre v\u00e9lo cargo avec le DX1000.\",\"breadcrumb\":{\"@id\":\"https:\/\/dumoulin.absoludev.ca\/produit\/antivol-hiplok-dx1000-u-lock-montreal\/#breadcrumb\"},\"inLanguage\":\"en-US\",\"potentialAction\":[{\"@type\":\"ReadAction\",\"target\":[\"https:\/\/dumoulin.absoludev.ca\/produit\/antivol-hiplok-dx1000-u-lock-montreal\/\"]}]},{\"@type\":\"ImageObject\",\"inLanguage\":\"en-US\",\"@id\":\"https:\/\/dumoulin.absoludev.ca\/produit\/antivol-hiplok-dx1000-u-lock-montreal\/#primaryimage\",\"url\":\"https:\/\/dumoulin.absoludev.ca\/wp-content\/uploads\/2024\/05\/cadenas-en-u-hiplok-dx1000-montreal-quebec-dxm1ab-studio-ss-art.jpg\",\"contentUrl\":\"https:\/\/dumoulin.absoludev.ca\/wp-content\/uploads\/2024\/05\/cadenas-en-u-hiplok-dx1000-montreal-quebec-dxm1ab-studio-ss-art.jpg\",\"width\":900,\"height\":900,\"caption\":\"Cadenas_en_U_Hiplok_DX1000_Montreal_Quebec_\"},{\"@type\":\"BreadcrumbList\",\"@id\":\"https:\/\/dumoulin.absoludev.ca\/produit\/antivol-hiplok-dx1000-u-lock-montreal\/#breadcrumb\",\"itemListElement\":[{\"@type\":\"ListItem\",\"position\":1,\"name\":\"Home\",\"item\":\"https:\/\/dumoulin.absoludev.ca\/en\/\"},{\"@type\":\"ListItem\",\"position\":2,\"name\":\"Shop\",\"item\":\"https:\/\/dumoulin.absoludev.ca\/en\/shop\/\"},{\"@type\":\"ListItem\",\"position\":3,\"name\":\"Cadenas Hiplok DX1000\"}]},{\"@type\":\"WebSite\",\"@id\":\"https:\/\/dumoulin.absoludev.ca\/#website\",\"url\":\"https:\/\/dumoulin.absoludev.ca\/\",\"name\":\"Dumoulin Bicyclettes\",\"description\":\"\",\"publisher\":{\"@id\":\"https:\/\/dumoulin.absoludev.ca\/#organization\"},\"potentialAction\":[{\"@type\":\"SearchAction\",\"target\":{\"@type\":\"EntryPoint\",\"urlTemplate\":\"https:\/\/dumoulin.absoludev.ca\/?s={search_term_string}\"},\"query-input\":{\"@type\":\"PropertyValueSpecification\",\"valueRequired\":true,\"valueName\":\"search_term_string\"}}],\"inLanguage\":\"en-US\"},{\"@type\":\"Organization\",\"@id\":\"https:\/\/dumoulin.absoludev.ca\/#organization\",\"name\":\"Dumoulin Bicyclettes\",\"url\":\"https:\/\/dumoulin.absoludev.ca\/\",\"logo\":{\"@type\":\"ImageObject\",\"inLanguage\":\"en-US\",\"@id\":\"https:\/\/dumoulin.absoludev.ca\/#\/schema\/logo\/image\/\",\"url\":\"https:\/\/www.dumoulinbicyclettes.com\/wp-content\/uploads\/2021\/04\/Logo.svg\",\"contentUrl\":\"https:\/\/www.dumoulinbicyclettes.com\/wp-content\/uploads\/2021\/04\/Logo.svg\",\"width\":254,\"height\":86,\"caption\":\"Dumoulin Bicyclettes\"},\"image\":{\"@id\":\"https:\/\/dumoulin.absoludev.ca\/#\/schema\/logo\/image\/\"},\"sameAs\":[\"https:\/\/www.facebook.com\/dumoulinbicyclettes\",\"https:\/\/www.instagram.com\/dumoulin.ca\/\",\"https:\/\/www.youtube.com\/user\/dumoulinbicyclettes\"]}]}<\/script>\n<!-- \/ Yoast SEO plugin. -->","yoast_head_json":{"title":"Cadenas Hiplok DX1000 - Dumoulin Bicyclettes Antivol | Contre le vol de v\u00e9lo | U Lock","description":"Le cadenas Hiplok DX1000 : tout simplement la meilleure strat\u00e9gie antivol disponible \u00e0 Montr\u00e9al ! Barrez votre v\u00e9lo \u00e9lectrique ou votre v\u00e9lo cargo avec le DX1000.","robots":{"index":"noindex","follow":"follow","max-snippet":"max-snippet:-1","max-image-preview":"max-image-preview:large","max-video-preview":"max-video-preview:-1"},"og_locale":"en_US","og_type":"article","og_title":"Cadenas Hiplok DX1000 - Dumoulin Bicyclettes Antivol | Contre le vol de v\u00e9lo | U Lock","og_description":"Le cadenas Hiplok DX1000 : tout simplement la meilleure strat\u00e9gie antivol disponible \u00e0 Montr\u00e9al ! Barrez votre v\u00e9lo \u00e9lectrique ou votre v\u00e9lo cargo avec le DX1000.","og_url":"https:\/\/dumoulin.absoludev.ca\/produit\/antivol-hiplok-dx1000-u-lock-montreal\/","og_site_name":"Dumoulin Bicyclettes","article_publisher":"https:\/\/www.facebook.com\/dumoulinbicyclettes","article_modified_time":"2025-09-04T18:16:57+00:00","og_image":[{"width":900,"height":900,"url":"https:\/\/dumoulin.absoludev.ca\/wp-content\/uploads\/2024\/05\/cadenas-en-u-hiplok-dx1000-montreal-quebec-dxm1ab-studio-ss-art.jpg","type":"image\/jpeg"}],"twitter_card":"summary_large_image","twitter_misc":{"Est. reading time":"1 minute"},"schema":{"@context":"https:\/\/schema.org","@graph":[{"@type":"WebPage","@id":"https:\/\/dumoulin.absoludev.ca\/produit\/antivol-hiplok-dx1000-u-lock-montreal\/","url":"https:\/\/dumoulin.absoludev.ca\/produit\/antivol-hiplok-dx1000-u-lock-montreal\/","name":"Cadenas Hiplok DX1000 - Dumoulin Bicyclettes Antivol | Contre le vol de v\u00e9lo | U Lock","isPartOf":{"@id":"https:\/\/dumoulin.absoludev.ca\/#website"},"primaryImageOfPage":{"@id":"https:\/\/dumoulin.absoludev.ca\/produit\/antivol-hiplok-dx1000-u-lock-montreal\/#primaryimage"},"image":{"@id":"https:\/\/dumoulin.absoludev.ca\/produit\/antivol-hiplok-dx1000-u-lock-montreal\/#primaryimage"},"thumbnailUrl":"https:\/\/dumoulin.absoludev.ca\/wp-content\/uploads\/2024\/05\/cadenas-en-u-hiplok-dx1000-montreal-quebec-dxm1ab-studio-ss-art.jpg","datePublished":"2024-05-24T22:09:15+00:00","dateModified":"2025-09-04T18:16:57+00:00","description":"Le cadenas Hiplok DX1000 : tout simplement la meilleure strat\u00e9gie antivol disponible \u00e0 Montr\u00e9al ! Barrez votre v\u00e9lo \u00e9lectrique ou votre v\u00e9lo cargo avec le DX1000.","breadcrumb":{"@id":"https:\/\/dumoulin.absoludev.ca\/produit\/antivol-hiplok-dx1000-u-lock-montreal\/#breadcrumb"},"inLanguage":"en-US","potentialAction":[{"@type":"ReadAction","target":["https:\/\/dumoulin.absoludev.ca\/produit\/antivol-hiplok-dx1000-u-lock-montreal\/"]}]},{"@type":"ImageObject","inLanguage":"en-US","@id":"https:\/\/dumoulin.absoludev.ca\/produit\/antivol-hiplok-dx1000-u-lock-montreal\/#primaryimage","url":"https:\/\/dumoulin.absoludev.ca\/wp-content\/uploads\/2024\/05\/cadenas-en-u-hiplok-dx1000-montreal-quebec-dxm1ab-studio-ss-art.jpg","contentUrl":"https:\/\/dumoulin.absoludev.ca\/wp-content\/uploads\/2024\/05\/cadenas-en-u-hiplok-dx1000-montreal-quebec-dxm1ab-studio-ss-art.jpg","width":900,"height":900,"caption":"Cadenas_en_U_Hiplok_DX1000_Montreal_Quebec_"},{"@type":"BreadcrumbList","@id":"https:\/\/dumoulin.absoludev.ca\/produit\/antivol-hiplok-dx1000-u-lock-montreal\/#breadcrumb","itemListElement":[{"@type":"ListItem","position":1,"name":"Home","item":"https:\/\/dumoulin.absoludev.ca\/en\/"},{"@type":"ListItem","position":2,"name":"Shop","item":"https:\/\/dumoulin.absoludev.ca\/en\/shop\/"},{"@type":"ListItem","position":3,"name":"Cadenas Hiplok DX1000"}]},{"@type":"WebSite","@id":"https:\/\/dumoulin.absoludev.ca\/#website","url":"https:\/\/dumoulin.absoludev.ca\/","name":"Dumoulin Bicyclettes","description":"","publisher":{"@id":"https:\/\/dumoulin.absoludev.ca\/#organization"},"potentialAction":[{"@type":"SearchAction","target":{"@type":"EntryPoint","urlTemplate":"https:\/\/dumoulin.absoludev.ca\/?s={search_term_string}"},"query-input":{"@type":"PropertyValueSpecification","valueRequired":true,"valueName":"search_term_string"}}],"inLanguage":"en-US"},{"@type":"Organization","@id":"https:\/\/dumoulin.absoludev.ca\/#organization","name":"Dumoulin Bicyclettes","url":"https:\/\/dumoulin.absoludev.ca\/","logo":{"@type":"ImageObject","inLanguage":"en-US","@id":"https:\/\/dumoulin.absoludev.ca\/#\/schema\/logo\/image\/","url":"https:\/\/www.dumoulinbicyclettes.com\/wp-content\/uploads\/2021\/04\/Logo.svg","contentUrl":"https:\/\/www.dumoulinbicyclettes.com\/wp-content\/uploads\/2021\/04\/Logo.svg","width":254,"height":86,"caption":"Dumoulin Bicyclettes"},"image":{"@id":"https:\/\/dumoulin.absoludev.ca\/#\/schema\/logo\/image\/"},"sameAs":["https:\/\/www.facebook.com\/dumoulinbicyclettes","https:\/\/www.instagram.com\/dumoulin.ca\/","https:\/\/www.youtube.com\/user\/dumoulinbicyclettes"]}]}},"_links":{"self":[{"href":"https:\/\/dumoulin.absoludev.ca\/en\/wp-json\/wp\/v2\/product\/410334","targetHints":{"allow":["GET"]}}],"collection":[{"href":"https:\/\/dumoulin.absoludev.ca\/en\/wp-json\/wp\/v2\/product"}],"about":[{"href":"https:\/\/dumoulin.absoludev.ca\/en\/wp-json\/wp\/v2\/types\/product"}],"wp:featuredmedia":[{"embeddable":true,"href":"https:\/\/dumoulin.absoludev.ca\/en\/wp-json\/wp\/v2\/media\/411748"}],"wp:attachment":[{"href":"https:\/\/dumoulin.absoludev.ca\/en\/wp-json\/wp\/v2\/media?parent=410334"}],"wp:term":[{"taxonomy":"product_brand","embeddable":true,"href":"https:\/\/dumoulin.absoludev.ca\/en\/wp-json\/wp\/v2\/product_brand?post=410334"},{"taxonomy":"product_cat","embeddable":true,"href":"https:\/\/dumoulin.absoludev.ca\/en\/wp-json\/wp\/v2\/product_cat?post=410334"},{"taxonomy":"product_tag","embeddable":true,"href":"https:\/\/dumoulin.absoludev.ca\/en\/wp-json\/wp\/v2\/product_tag?post=410334"},{"taxonomy":"marque-produit","embeddable":true,"href":"https:\/\/dumoulin.absoludev.ca\/en\/wp-json\/wp\/v2\/marque-produit?post=410334"},{"taxonomy":"collection-produit","embeddable":true,"href":"https:\/\/dumoulin.absoludev.ca\/en\/wp-json\/wp\/v2\/collection-produit?post=410334"},{"taxonomy":"type-surface-produit","embeddable":true,"href":"https:\/\/dumoulin.absoludev.ca\/en\/wp-json\/wp\/v2\/type-surface-produit?post=410334"},{"taxonomy":"type-velo-produit","embeddable":true,"href":"https:\/\/dumoulin.absoludev.ca\/en\/wp-json\/wp\/v2\/type-velo-produit?post=410334"},{"taxonomy":"vetement-produit","embeddable":true,"href":"https:\/\/dumoulin.absoludev.ca\/en\/wp-json\/wp\/v2\/vetement-produit?post=410334"},{"taxonomy":"thematique-produit","embeddable":true,"href":"https:\/\/dumoulin.absoludev.ca\/en\/wp-json\/wp\/v2\/thematique-produit?post=410334"},{"taxonomy":"position-sur-le-v\u00e9lo","embeddable":true,"href":"https:\/\/dumoulin.absoludev.ca\/en\/wp-json\/wp\/v2\/position-sur-le-v\u00e9lo?post=410334"}],"curies":[{"name":"wp","href":"https:\/\/api.w.org\/{rel}","templated":true}]}}