{"id":403722,"date":"2024-05-10T20:07:00","date_gmt":"2024-05-11T00:07:00","guid":{"rendered":"http:\/\/www.dumoulinbicyclettes.com\/?post_type=product&#038;p=403722"},"modified":"2025-09-04T14:14:52","modified_gmt":"2025-09-04T18:14:52","slug":"shimano-m375-689228720985","status":"publish","type":"product","link":"https:\/\/dumoulin.absoludev.ca\/en\/produit\/shimano-m375-689228720985\/","title":{"rendered":"\u00c9trier de frein \u00e0 disque Shimano M375"},"content":{"rendered":"<p>\u00c9trier de frein \u00e0 disque m\u00e9canique, Shimano M375. Pour frein avant ou arri\u00e8re, \u00e9trier seul.<\/p>\n","protected":false},"excerpt":{"rendered":"<p>\u00c9trier de frein \u00e0 disque m\u00e9canique, Shimano M375. Pour frein avant ou arri\u00e8re, \u00e9trier seul.<\/p>\n","protected":false},"featured_media":403723,"template":"","meta":{"_acf_changed":false},"product_brand":[],"product_cat":[234],"product_tag":[3067,2297],"marque-produit":[1290],"collection-produit":[],"type-surface-produit":[],"type-velo-produit":[],"vetement-produit":[],"thematique-produit":[],"position-sur-le-v\u00e9lo":[],"class_list":{"0":"post-403722","1":"product","2":"type-product","3":"status-publish","4":"has-post-thumbnail","6":"product_cat-freins","7":"product_tag-m375","8":"product_tag-shimano","9":"marque-produit-shimano","11":"first","12":"instock","13":"taxable","14":"shipping-taxable","15":"purchasable","16":"product-type-simple"},"acf":[],"yoast_head":"<!-- This site is optimized with the Yoast SEO plugin v24.3 - https:\/\/yoast.com\/wordpress\/plugins\/seo\/ -->\n<title>\u00c9trier de frein \u00e0 disque Shimano M375 - Dumoulin Bicyclettes<\/title>\n<meta name=\"description\" content=\"\u00c9trier de frein \u00e0 disque m\u00e9canique Shimano M375. Position \u00e0 l&#039;avant ou \u00e0 l&#039;arri\u00e8re. \u00c9trier seulement.\" \/>\n<meta name=\"robots\" content=\"noindex, follow, max-snippet:-1, max-image-preview:large, max-video-preview:-1\" \/>\n<meta property=\"og:locale\" content=\"en_US\" \/>\n<meta property=\"og:type\" content=\"article\" \/>\n<meta property=\"og:title\" content=\"\u00c9trier de frein \u00e0 disque Shimano M375 - Dumoulin Bicyclettes\" \/>\n<meta property=\"og:description\" content=\"\u00c9trier de frein \u00e0 disque m\u00e9canique Shimano M375. Position \u00e0 l&#039;avant ou \u00e0 l&#039;arri\u00e8re. \u00c9trier seulement.\" \/>\n<meta property=\"og:url\" content=\"https:\/\/dumoulin.absoludev.ca\/produit\/shimano-m375-689228720985\/\" \/>\n<meta property=\"og:site_name\" content=\"Dumoulin Bicyclettes\" \/>\n<meta property=\"article:publisher\" content=\"https:\/\/www.facebook.com\/dumoulinbicyclettes\" \/>\n<meta property=\"article:modified_time\" content=\"2025-09-04T18:14:52+00:00\" \/>\n<meta property=\"og:image\" content=\"https:\/\/dumoulin.absoludev.ca\/wp-content\/uploads\/2024\/05\/e597f809-769e-45fb-9c54-249fcfc36043.png\" \/>\n\t<meta property=\"og:image:width\" content=\"280\" \/>\n\t<meta property=\"og:image:height\" content=\"280\" \/>\n\t<meta property=\"og:image:type\" content=\"image\/png\" \/>\n<meta name=\"twitter:card\" content=\"summary_large_image\" \/>\n<script type=\"application\/ld+json\" class=\"yoast-schema-graph\">{\"@context\":\"https:\/\/schema.org\",\"@graph\":[{\"@type\":\"WebPage\",\"@id\":\"https:\/\/dumoulin.absoludev.ca\/produit\/shimano-m375-689228720985\/\",\"url\":\"https:\/\/dumoulin.absoludev.ca\/produit\/shimano-m375-689228720985\/\",\"name\":\"\u00c9trier de frein \u00e0 disque Shimano M375 - Dumoulin Bicyclettes\",\"isPartOf\":{\"@id\":\"https:\/\/dumoulin.absoludev.ca\/#website\"},\"primaryImageOfPage\":{\"@id\":\"https:\/\/dumoulin.absoludev.ca\/produit\/shimano-m375-689228720985\/#primaryimage\"},\"image\":{\"@id\":\"https:\/\/dumoulin.absoludev.ca\/produit\/shimano-m375-689228720985\/#primaryimage\"},\"thumbnailUrl\":\"https:\/\/dumoulin.absoludev.ca\/wp-content\/uploads\/2024\/05\/e597f809-769e-45fb-9c54-249fcfc36043.png\",\"datePublished\":\"2024-05-11T00:07:00+00:00\",\"dateModified\":\"2025-09-04T18:14:52+00:00\",\"description\":\"\u00c9trier de frein \u00e0 disque m\u00e9canique Shimano M375. Position \u00e0 l'avant ou \u00e0 l'arri\u00e8re. \u00c9trier seulement.\",\"breadcrumb\":{\"@id\":\"https:\/\/dumoulin.absoludev.ca\/produit\/shimano-m375-689228720985\/#breadcrumb\"},\"inLanguage\":\"en-US\",\"potentialAction\":[{\"@type\":\"ReadAction\",\"target\":[\"https:\/\/dumoulin.absoludev.ca\/produit\/shimano-m375-689228720985\/\"]}]},{\"@type\":\"ImageObject\",\"inLanguage\":\"en-US\",\"@id\":\"https:\/\/dumoulin.absoludev.ca\/produit\/shimano-m375-689228720985\/#primaryimage\",\"url\":\"https:\/\/dumoulin.absoludev.ca\/wp-content\/uploads\/2024\/05\/e597f809-769e-45fb-9c54-249fcfc36043.png\",\"contentUrl\":\"https:\/\/dumoulin.absoludev.ca\/wp-content\/uploads\/2024\/05\/e597f809-769e-45fb-9c54-249fcfc36043.png\",\"width\":280,\"height\":280,\"caption\":\"shimano-m375-Montreal-frein-a-disque\"},{\"@type\":\"BreadcrumbList\",\"@id\":\"https:\/\/dumoulin.absoludev.ca\/produit\/shimano-m375-689228720985\/#breadcrumb\",\"itemListElement\":[{\"@type\":\"ListItem\",\"position\":1,\"name\":\"Home\",\"item\":\"https:\/\/dumoulin.absoludev.ca\/en\/\"},{\"@type\":\"ListItem\",\"position\":2,\"name\":\"Shop\",\"item\":\"https:\/\/dumoulin.absoludev.ca\/en\/shop\/\"},{\"@type\":\"ListItem\",\"position\":3,\"name\":\"\u00c9trier de frein \u00e0 disque Shimano M375\"}]},{\"@type\":\"WebSite\",\"@id\":\"https:\/\/dumoulin.absoludev.ca\/#website\",\"url\":\"https:\/\/dumoulin.absoludev.ca\/\",\"name\":\"Dumoulin Bicyclettes\",\"description\":\"\",\"publisher\":{\"@id\":\"https:\/\/dumoulin.absoludev.ca\/#organization\"},\"potentialAction\":[{\"@type\":\"SearchAction\",\"target\":{\"@type\":\"EntryPoint\",\"urlTemplate\":\"https:\/\/dumoulin.absoludev.ca\/?s={search_term_string}\"},\"query-input\":{\"@type\":\"PropertyValueSpecification\",\"valueRequired\":true,\"valueName\":\"search_term_string\"}}],\"inLanguage\":\"en-US\"},{\"@type\":\"Organization\",\"@id\":\"https:\/\/dumoulin.absoludev.ca\/#organization\",\"name\":\"Dumoulin Bicyclettes\",\"url\":\"https:\/\/dumoulin.absoludev.ca\/\",\"logo\":{\"@type\":\"ImageObject\",\"inLanguage\":\"en-US\",\"@id\":\"https:\/\/dumoulin.absoludev.ca\/#\/schema\/logo\/image\/\",\"url\":\"https:\/\/www.dumoulinbicyclettes.com\/wp-content\/uploads\/2021\/04\/Logo.svg\",\"contentUrl\":\"https:\/\/www.dumoulinbicyclettes.com\/wp-content\/uploads\/2021\/04\/Logo.svg\",\"width\":254,\"height\":86,\"caption\":\"Dumoulin Bicyclettes\"},\"image\":{\"@id\":\"https:\/\/dumoulin.absoludev.ca\/#\/schema\/logo\/image\/\"},\"sameAs\":[\"https:\/\/www.facebook.com\/dumoulinbicyclettes\",\"https:\/\/www.instagram.com\/dumoulin.ca\/\",\"https:\/\/www.youtube.com\/user\/dumoulinbicyclettes\"]}]}<\/script>\n<!-- \/ Yoast SEO plugin. -->","yoast_head_json":{"title":"\u00c9trier de frein \u00e0 disque Shimano M375 - Dumoulin Bicyclettes","description":"\u00c9trier de frein \u00e0 disque m\u00e9canique Shimano M375. Position \u00e0 l'avant ou \u00e0 l'arri\u00e8re. \u00c9trier seulement.","robots":{"index":"noindex","follow":"follow","max-snippet":"max-snippet:-1","max-image-preview":"max-image-preview:large","max-video-preview":"max-video-preview:-1"},"og_locale":"en_US","og_type":"article","og_title":"\u00c9trier de frein \u00e0 disque Shimano M375 - Dumoulin Bicyclettes","og_description":"\u00c9trier de frein \u00e0 disque m\u00e9canique Shimano M375. Position \u00e0 l'avant ou \u00e0 l'arri\u00e8re. \u00c9trier seulement.","og_url":"https:\/\/dumoulin.absoludev.ca\/produit\/shimano-m375-689228720985\/","og_site_name":"Dumoulin Bicyclettes","article_publisher":"https:\/\/www.facebook.com\/dumoulinbicyclettes","article_modified_time":"2025-09-04T18:14:52+00:00","og_image":[{"width":280,"height":280,"url":"https:\/\/dumoulin.absoludev.ca\/wp-content\/uploads\/2024\/05\/e597f809-769e-45fb-9c54-249fcfc36043.png","type":"image\/png"}],"twitter_card":"summary_large_image","schema":{"@context":"https:\/\/schema.org","@graph":[{"@type":"WebPage","@id":"https:\/\/dumoulin.absoludev.ca\/produit\/shimano-m375-689228720985\/","url":"https:\/\/dumoulin.absoludev.ca\/produit\/shimano-m375-689228720985\/","name":"\u00c9trier de frein \u00e0 disque Shimano M375 - Dumoulin Bicyclettes","isPartOf":{"@id":"https:\/\/dumoulin.absoludev.ca\/#website"},"primaryImageOfPage":{"@id":"https:\/\/dumoulin.absoludev.ca\/produit\/shimano-m375-689228720985\/#primaryimage"},"image":{"@id":"https:\/\/dumoulin.absoludev.ca\/produit\/shimano-m375-689228720985\/#primaryimage"},"thumbnailUrl":"https:\/\/dumoulin.absoludev.ca\/wp-content\/uploads\/2024\/05\/e597f809-769e-45fb-9c54-249fcfc36043.png","datePublished":"2024-05-11T00:07:00+00:00","dateModified":"2025-09-04T18:14:52+00:00","description":"\u00c9trier de frein \u00e0 disque m\u00e9canique Shimano M375. Position \u00e0 l'avant ou \u00e0 l'arri\u00e8re. \u00c9trier seulement.","breadcrumb":{"@id":"https:\/\/dumoulin.absoludev.ca\/produit\/shimano-m375-689228720985\/#breadcrumb"},"inLanguage":"en-US","potentialAction":[{"@type":"ReadAction","target":["https:\/\/dumoulin.absoludev.ca\/produit\/shimano-m375-689228720985\/"]}]},{"@type":"ImageObject","inLanguage":"en-US","@id":"https:\/\/dumoulin.absoludev.ca\/produit\/shimano-m375-689228720985\/#primaryimage","url":"https:\/\/dumoulin.absoludev.ca\/wp-content\/uploads\/2024\/05\/e597f809-769e-45fb-9c54-249fcfc36043.png","contentUrl":"https:\/\/dumoulin.absoludev.ca\/wp-content\/uploads\/2024\/05\/e597f809-769e-45fb-9c54-249fcfc36043.png","width":280,"height":280,"caption":"shimano-m375-Montreal-frein-a-disque"},{"@type":"BreadcrumbList","@id":"https:\/\/dumoulin.absoludev.ca\/produit\/shimano-m375-689228720985\/#breadcrumb","itemListElement":[{"@type":"ListItem","position":1,"name":"Home","item":"https:\/\/dumoulin.absoludev.ca\/en\/"},{"@type":"ListItem","position":2,"name":"Shop","item":"https:\/\/dumoulin.absoludev.ca\/en\/shop\/"},{"@type":"ListItem","position":3,"name":"\u00c9trier de frein \u00e0 disque Shimano M375"}]},{"@type":"WebSite","@id":"https:\/\/dumoulin.absoludev.ca\/#website","url":"https:\/\/dumoulin.absoludev.ca\/","name":"Dumoulin Bicyclettes","description":"","publisher":{"@id":"https:\/\/dumoulin.absoludev.ca\/#organization"},"potentialAction":[{"@type":"SearchAction","target":{"@type":"EntryPoint","urlTemplate":"https:\/\/dumoulin.absoludev.ca\/?s={search_term_string}"},"query-input":{"@type":"PropertyValueSpecification","valueRequired":true,"valueName":"search_term_string"}}],"inLanguage":"en-US"},{"@type":"Organization","@id":"https:\/\/dumoulin.absoludev.ca\/#organization","name":"Dumoulin Bicyclettes","url":"https:\/\/dumoulin.absoludev.ca\/","logo":{"@type":"ImageObject","inLanguage":"en-US","@id":"https:\/\/dumoulin.absoludev.ca\/#\/schema\/logo\/image\/","url":"https:\/\/www.dumoulinbicyclettes.com\/wp-content\/uploads\/2021\/04\/Logo.svg","contentUrl":"https:\/\/www.dumoulinbicyclettes.com\/wp-content\/uploads\/2021\/04\/Logo.svg","width":254,"height":86,"caption":"Dumoulin Bicyclettes"},"image":{"@id":"https:\/\/dumoulin.absoludev.ca\/#\/schema\/logo\/image\/"},"sameAs":["https:\/\/www.facebook.com\/dumoulinbicyclettes","https:\/\/www.instagram.com\/dumoulin.ca\/","https:\/\/www.youtube.com\/user\/dumoulinbicyclettes"]}]}},"_links":{"self":[{"href":"https:\/\/dumoulin.absoludev.ca\/en\/wp-json\/wp\/v2\/product\/403722","targetHints":{"allow":["GET"]}}],"collection":[{"href":"https:\/\/dumoulin.absoludev.ca\/en\/wp-json\/wp\/v2\/product"}],"about":[{"href":"https:\/\/dumoulin.absoludev.ca\/en\/wp-json\/wp\/v2\/types\/product"}],"wp:featuredmedia":[{"embeddable":true,"href":"https:\/\/dumoulin.absoludev.ca\/en\/wp-json\/wp\/v2\/media\/403723"}],"wp:attachment":[{"href":"https:\/\/dumoulin.absoludev.ca\/en\/wp-json\/wp\/v2\/media?parent=403722"}],"wp:term":[{"taxonomy":"product_brand","embeddable":true,"href":"https:\/\/dumoulin.absoludev.ca\/en\/wp-json\/wp\/v2\/product_brand?post=403722"},{"taxonomy":"product_cat","embeddable":true,"href":"https:\/\/dumoulin.absoludev.ca\/en\/wp-json\/wp\/v2\/product_cat?post=403722"},{"taxonomy":"product_tag","embeddable":true,"href":"https:\/\/dumoulin.absoludev.ca\/en\/wp-json\/wp\/v2\/product_tag?post=403722"},{"taxonomy":"marque-produit","embeddable":true,"href":"https:\/\/dumoulin.absoludev.ca\/en\/wp-json\/wp\/v2\/marque-produit?post=403722"},{"taxonomy":"collection-produit","embeddable":true,"href":"https:\/\/dumoulin.absoludev.ca\/en\/wp-json\/wp\/v2\/collection-produit?post=403722"},{"taxonomy":"type-surface-produit","embeddable":true,"href":"https:\/\/dumoulin.absoludev.ca\/en\/wp-json\/wp\/v2\/type-surface-produit?post=403722"},{"taxonomy":"type-velo-produit","embeddable":true,"href":"https:\/\/dumoulin.absoludev.ca\/en\/wp-json\/wp\/v2\/type-velo-produit?post=403722"},{"taxonomy":"vetement-produit","embeddable":true,"href":"https:\/\/dumoulin.absoludev.ca\/en\/wp-json\/wp\/v2\/vetement-produit?post=403722"},{"taxonomy":"thematique-produit","embeddable":true,"href":"https:\/\/dumoulin.absoludev.ca\/en\/wp-json\/wp\/v2\/thematique-produit?post=403722"},{"taxonomy":"position-sur-le-v\u00e9lo","embeddable":true,"href":"https:\/\/dumoulin.absoludev.ca\/en\/wp-json\/wp\/v2\/position-sur-le-v\u00e9lo?post=403722"}],"curies":[{"name":"wp","href":"https:\/\/api.w.org\/{rel}","templated":true}]}}