{"id":403373,"date":"2024-05-10T15:09:10","date_gmt":"2024-05-10T19:09:10","guid":{"rendered":"http:\/\/www.dumoulinbicyclettes.com\/?post_type=product&#038;p=403373"},"modified":"2025-09-04T14:16:40","modified_gmt":"2025-09-04T18:16:40","slug":"sacoche-de-velo-vaude-road-master-roll-it-14300v","status":"publish","type":"product","link":"https:\/\/dumoulin.absoludev.ca\/en\/produit\/sacoche-de-velo-vaude-road-master-roll-it-14300v\/","title":{"rendered":"Sacoche Vaude \u00abRoad Master Roll-it\u00bb"},"content":{"rendered":"<p>La marque allemande <a href=\"https:\/\/www.dumoulinbicyclettes.com\/vaude-une-marque-pas-comme-les-autres\/\" rel=\"noopener\" target=\"_blank\">Vaude<\/a> nous offre une sacoche toute simple mais rudement bien faite. La Road Master se fixe rapidement \u00e0 votre <a href=\"https:\/\/www.dumoulinbicyclettes.com\/produit\/porte-bag-ar-bontrager-backrack-deluxe-small\/\" rel=\"noopener\" target=\"_blank\">porte-bagages<\/a> et ne bouge pas gr\u00e2ce au syst\u00e8me d&#8217;attache de Vaude.<\/p>\n<p>Le sac est compos\u00e9 d&#8217;un grand compartiment volumineux et de petites poches suppl\u00e9mentaires.<\/p>\n<p>Sans PFC, cette sacoche a tout de m\u00eame un traitement imperm\u00e9abilisant.<\/p>\n<p>Volume initial 18L avec option \u00abroll top\u00bb de 4L suppl\u00e9mentaire.<\/p>\n","protected":false},"excerpt":{"rendered":"<p>La marque allemande Vaude nous offre une sacoche toute simple mais rudement bien faite. La Road Master se fixe rapidement \u00e0 votre porte-bagages et ne bouge pas gr\u00e2ce au syst\u00e8me d&#8217;attache de Vaude. Le sac est compos\u00e9 d&#8217;un grand compartiment volumineux et de petites poches suppl\u00e9mentaires. Sans PFC, cette sacoche a tout de m\u00eame un [&hellip;]<\/p>\n","protected":false},"featured_media":403374,"template":"","meta":{"_acf_changed":false},"product_brand":[],"product_cat":[195],"product_tag":[3066,2216],"marque-produit":[1265],"collection-produit":[],"type-surface-produit":[],"type-velo-produit":[],"vetement-produit":[],"thematique-produit":[],"position-sur-le-v\u00e9lo":[],"class_list":{"0":"post-403373","1":"product","2":"type-product","3":"status-publish","4":"has-post-thumbnail","6":"product_cat-sacoches","7":"product_tag-road-master","8":"product_tag-vaude","9":"marque-produit-vaude","11":"first","12":"instock","13":"taxable","14":"shipping-taxable","15":"purchasable","16":"product-type-simple"},"acf":[],"yoast_head":"<!-- This site is optimized with the Yoast SEO plugin v24.3 - https:\/\/yoast.com\/wordpress\/plugins\/seo\/ -->\n<title>Sacoche Vaude \u00abRoad Master Roll-it\u00bb - Dumoulin Bicyclettes | sac de v\u00e9lo | Montr\u00e9al<\/title>\n<meta name=\"description\" content=\"La sacoche Vaude Road Master est simple, solide et pratique. Elle permet d&#039;emporter les essentiels pour une balade ou pour les d\u00e9placements autour de chez vous.\" \/>\n<meta name=\"robots\" content=\"noindex, follow, max-snippet:-1, max-image-preview:large, max-video-preview:-1\" \/>\n<meta property=\"og:locale\" content=\"en_US\" \/>\n<meta property=\"og:type\" content=\"article\" \/>\n<meta property=\"og:title\" content=\"Sacoche Vaude \u00abRoad Master Roll-it\u00bb - Dumoulin Bicyclettes | sac de v\u00e9lo | Montr\u00e9al\" \/>\n<meta property=\"og:description\" content=\"La sacoche Vaude Road Master est simple, solide et pratique. Elle permet d&#039;emporter les essentiels pour une balade ou pour les d\u00e9placements autour de chez vous.\" \/>\n<meta property=\"og:url\" content=\"https:\/\/dumoulin.absoludev.ca\/produit\/sacoche-de-velo-vaude-road-master-roll-it-14300v\/\" \/>\n<meta property=\"og:site_name\" content=\"Dumoulin Bicyclettes\" \/>\n<meta property=\"article:publisher\" content=\"https:\/\/www.facebook.com\/dumoulinbicyclettes\" \/>\n<meta property=\"article:modified_time\" content=\"2025-09-04T18:16:40+00:00\" \/>\n<meta property=\"og:image\" content=\"https:\/\/dumoulin.absoludev.ca\/wp-content\/uploads\/2024\/05\/Sacoche-de-velo-Vaude-Road-master-Roll-it-bike-pannier.jpg\" \/>\n\t<meta property=\"og:image:width\" content=\"1000\" \/>\n\t<meta property=\"og:image:height\" content=\"1000\" \/>\n\t<meta property=\"og:image:type\" content=\"image\/jpeg\" \/>\n<meta name=\"twitter:card\" content=\"summary_large_image\" \/>\n<meta name=\"twitter:label1\" content=\"Est. reading time\" \/>\n\t<meta name=\"twitter:data1\" content=\"1 minute\" \/>\n<script type=\"application\/ld+json\" class=\"yoast-schema-graph\">{\"@context\":\"https:\/\/schema.org\",\"@graph\":[{\"@type\":\"WebPage\",\"@id\":\"https:\/\/dumoulin.absoludev.ca\/produit\/sacoche-de-velo-vaude-road-master-roll-it-14300v\/\",\"url\":\"https:\/\/dumoulin.absoludev.ca\/produit\/sacoche-de-velo-vaude-road-master-roll-it-14300v\/\",\"name\":\"Sacoche Vaude \u00abRoad Master Roll-it\u00bb - Dumoulin Bicyclettes | sac de v\u00e9lo | Montr\u00e9al\",\"isPartOf\":{\"@id\":\"https:\/\/dumoulin.absoludev.ca\/#website\"},\"primaryImageOfPage\":{\"@id\":\"https:\/\/dumoulin.absoludev.ca\/produit\/sacoche-de-velo-vaude-road-master-roll-it-14300v\/#primaryimage\"},\"image\":{\"@id\":\"https:\/\/dumoulin.absoludev.ca\/produit\/sacoche-de-velo-vaude-road-master-roll-it-14300v\/#primaryimage\"},\"thumbnailUrl\":\"https:\/\/dumoulin.absoludev.ca\/wp-content\/uploads\/2024\/05\/Sacoche-de-velo-Vaude-Road-master-Roll-it-bike-pannier.jpg\",\"datePublished\":\"2024-05-10T19:09:10+00:00\",\"dateModified\":\"2025-09-04T18:16:40+00:00\",\"description\":\"La sacoche Vaude Road Master est simple, solide et pratique. Elle permet d'emporter les essentiels pour une balade ou pour les d\u00e9placements autour de chez vous.\",\"breadcrumb\":{\"@id\":\"https:\/\/dumoulin.absoludev.ca\/produit\/sacoche-de-velo-vaude-road-master-roll-it-14300v\/#breadcrumb\"},\"inLanguage\":\"en-US\",\"potentialAction\":[{\"@type\":\"ReadAction\",\"target\":[\"https:\/\/dumoulin.absoludev.ca\/produit\/sacoche-de-velo-vaude-road-master-roll-it-14300v\/\"]}]},{\"@type\":\"ImageObject\",\"inLanguage\":\"en-US\",\"@id\":\"https:\/\/dumoulin.absoludev.ca\/produit\/sacoche-de-velo-vaude-road-master-roll-it-14300v\/#primaryimage\",\"url\":\"https:\/\/dumoulin.absoludev.ca\/wp-content\/uploads\/2024\/05\/Sacoche-de-velo-Vaude-Road-master-Roll-it-bike-pannier.jpg\",\"contentUrl\":\"https:\/\/dumoulin.absoludev.ca\/wp-content\/uploads\/2024\/05\/Sacoche-de-velo-Vaude-Road-master-Roll-it-bike-pannier.jpg\",\"width\":1000,\"height\":1000},{\"@type\":\"BreadcrumbList\",\"@id\":\"https:\/\/dumoulin.absoludev.ca\/produit\/sacoche-de-velo-vaude-road-master-roll-it-14300v\/#breadcrumb\",\"itemListElement\":[{\"@type\":\"ListItem\",\"position\":1,\"name\":\"Home\",\"item\":\"https:\/\/dumoulin.absoludev.ca\/en\/\"},{\"@type\":\"ListItem\",\"position\":2,\"name\":\"Shop\",\"item\":\"https:\/\/dumoulin.absoludev.ca\/en\/shop\/\"},{\"@type\":\"ListItem\",\"position\":3,\"name\":\"Sacoche Vaude \u00abRoad Master Roll-it\u00bb\"}]},{\"@type\":\"WebSite\",\"@id\":\"https:\/\/dumoulin.absoludev.ca\/#website\",\"url\":\"https:\/\/dumoulin.absoludev.ca\/\",\"name\":\"Dumoulin Bicyclettes\",\"description\":\"\",\"publisher\":{\"@id\":\"https:\/\/dumoulin.absoludev.ca\/#organization\"},\"potentialAction\":[{\"@type\":\"SearchAction\",\"target\":{\"@type\":\"EntryPoint\",\"urlTemplate\":\"https:\/\/dumoulin.absoludev.ca\/?s={search_term_string}\"},\"query-input\":{\"@type\":\"PropertyValueSpecification\",\"valueRequired\":true,\"valueName\":\"search_term_string\"}}],\"inLanguage\":\"en-US\"},{\"@type\":\"Organization\",\"@id\":\"https:\/\/dumoulin.absoludev.ca\/#organization\",\"name\":\"Dumoulin Bicyclettes\",\"url\":\"https:\/\/dumoulin.absoludev.ca\/\",\"logo\":{\"@type\":\"ImageObject\",\"inLanguage\":\"en-US\",\"@id\":\"https:\/\/dumoulin.absoludev.ca\/#\/schema\/logo\/image\/\",\"url\":\"https:\/\/www.dumoulinbicyclettes.com\/wp-content\/uploads\/2021\/04\/Logo.svg\",\"contentUrl\":\"https:\/\/www.dumoulinbicyclettes.com\/wp-content\/uploads\/2021\/04\/Logo.svg\",\"width\":254,\"height\":86,\"caption\":\"Dumoulin Bicyclettes\"},\"image\":{\"@id\":\"https:\/\/dumoulin.absoludev.ca\/#\/schema\/logo\/image\/\"},\"sameAs\":[\"https:\/\/www.facebook.com\/dumoulinbicyclettes\",\"https:\/\/www.instagram.com\/dumoulin.ca\/\",\"https:\/\/www.youtube.com\/user\/dumoulinbicyclettes\"]}]}<\/script>\n<!-- \/ Yoast SEO plugin. -->","yoast_head_json":{"title":"Sacoche Vaude \u00abRoad Master Roll-it\u00bb - Dumoulin Bicyclettes | sac de v\u00e9lo | Montr\u00e9al","description":"La sacoche Vaude Road Master est simple, solide et pratique. Elle permet d'emporter les essentiels pour une balade ou pour les d\u00e9placements autour de chez vous.","robots":{"index":"noindex","follow":"follow","max-snippet":"max-snippet:-1","max-image-preview":"max-image-preview:large","max-video-preview":"max-video-preview:-1"},"og_locale":"en_US","og_type":"article","og_title":"Sacoche Vaude \u00abRoad Master Roll-it\u00bb - Dumoulin Bicyclettes | sac de v\u00e9lo | Montr\u00e9al","og_description":"La sacoche Vaude Road Master est simple, solide et pratique. Elle permet d'emporter les essentiels pour une balade ou pour les d\u00e9placements autour de chez vous.","og_url":"https:\/\/dumoulin.absoludev.ca\/produit\/sacoche-de-velo-vaude-road-master-roll-it-14300v\/","og_site_name":"Dumoulin Bicyclettes","article_publisher":"https:\/\/www.facebook.com\/dumoulinbicyclettes","article_modified_time":"2025-09-04T18:16:40+00:00","og_image":[{"width":1000,"height":1000,"url":"https:\/\/dumoulin.absoludev.ca\/wp-content\/uploads\/2024\/05\/Sacoche-de-velo-Vaude-Road-master-Roll-it-bike-pannier.jpg","type":"image\/jpeg"}],"twitter_card":"summary_large_image","twitter_misc":{"Est. reading time":"1 minute"},"schema":{"@context":"https:\/\/schema.org","@graph":[{"@type":"WebPage","@id":"https:\/\/dumoulin.absoludev.ca\/produit\/sacoche-de-velo-vaude-road-master-roll-it-14300v\/","url":"https:\/\/dumoulin.absoludev.ca\/produit\/sacoche-de-velo-vaude-road-master-roll-it-14300v\/","name":"Sacoche Vaude \u00abRoad Master Roll-it\u00bb - Dumoulin Bicyclettes | sac de v\u00e9lo | Montr\u00e9al","isPartOf":{"@id":"https:\/\/dumoulin.absoludev.ca\/#website"},"primaryImageOfPage":{"@id":"https:\/\/dumoulin.absoludev.ca\/produit\/sacoche-de-velo-vaude-road-master-roll-it-14300v\/#primaryimage"},"image":{"@id":"https:\/\/dumoulin.absoludev.ca\/produit\/sacoche-de-velo-vaude-road-master-roll-it-14300v\/#primaryimage"},"thumbnailUrl":"https:\/\/dumoulin.absoludev.ca\/wp-content\/uploads\/2024\/05\/Sacoche-de-velo-Vaude-Road-master-Roll-it-bike-pannier.jpg","datePublished":"2024-05-10T19:09:10+00:00","dateModified":"2025-09-04T18:16:40+00:00","description":"La sacoche Vaude Road Master est simple, solide et pratique. Elle permet d'emporter les essentiels pour une balade ou pour les d\u00e9placements autour de chez vous.","breadcrumb":{"@id":"https:\/\/dumoulin.absoludev.ca\/produit\/sacoche-de-velo-vaude-road-master-roll-it-14300v\/#breadcrumb"},"inLanguage":"en-US","potentialAction":[{"@type":"ReadAction","target":["https:\/\/dumoulin.absoludev.ca\/produit\/sacoche-de-velo-vaude-road-master-roll-it-14300v\/"]}]},{"@type":"ImageObject","inLanguage":"en-US","@id":"https:\/\/dumoulin.absoludev.ca\/produit\/sacoche-de-velo-vaude-road-master-roll-it-14300v\/#primaryimage","url":"https:\/\/dumoulin.absoludev.ca\/wp-content\/uploads\/2024\/05\/Sacoche-de-velo-Vaude-Road-master-Roll-it-bike-pannier.jpg","contentUrl":"https:\/\/dumoulin.absoludev.ca\/wp-content\/uploads\/2024\/05\/Sacoche-de-velo-Vaude-Road-master-Roll-it-bike-pannier.jpg","width":1000,"height":1000},{"@type":"BreadcrumbList","@id":"https:\/\/dumoulin.absoludev.ca\/produit\/sacoche-de-velo-vaude-road-master-roll-it-14300v\/#breadcrumb","itemListElement":[{"@type":"ListItem","position":1,"name":"Home","item":"https:\/\/dumoulin.absoludev.ca\/en\/"},{"@type":"ListItem","position":2,"name":"Shop","item":"https:\/\/dumoulin.absoludev.ca\/en\/shop\/"},{"@type":"ListItem","position":3,"name":"Sacoche Vaude \u00abRoad Master Roll-it\u00bb"}]},{"@type":"WebSite","@id":"https:\/\/dumoulin.absoludev.ca\/#website","url":"https:\/\/dumoulin.absoludev.ca\/","name":"Dumoulin Bicyclettes","description":"","publisher":{"@id":"https:\/\/dumoulin.absoludev.ca\/#organization"},"potentialAction":[{"@type":"SearchAction","target":{"@type":"EntryPoint","urlTemplate":"https:\/\/dumoulin.absoludev.ca\/?s={search_term_string}"},"query-input":{"@type":"PropertyValueSpecification","valueRequired":true,"valueName":"search_term_string"}}],"inLanguage":"en-US"},{"@type":"Organization","@id":"https:\/\/dumoulin.absoludev.ca\/#organization","name":"Dumoulin Bicyclettes","url":"https:\/\/dumoulin.absoludev.ca\/","logo":{"@type":"ImageObject","inLanguage":"en-US","@id":"https:\/\/dumoulin.absoludev.ca\/#\/schema\/logo\/image\/","url":"https:\/\/www.dumoulinbicyclettes.com\/wp-content\/uploads\/2021\/04\/Logo.svg","contentUrl":"https:\/\/www.dumoulinbicyclettes.com\/wp-content\/uploads\/2021\/04\/Logo.svg","width":254,"height":86,"caption":"Dumoulin Bicyclettes"},"image":{"@id":"https:\/\/dumoulin.absoludev.ca\/#\/schema\/logo\/image\/"},"sameAs":["https:\/\/www.facebook.com\/dumoulinbicyclettes","https:\/\/www.instagram.com\/dumoulin.ca\/","https:\/\/www.youtube.com\/user\/dumoulinbicyclettes"]}]}},"_links":{"self":[{"href":"https:\/\/dumoulin.absoludev.ca\/en\/wp-json\/wp\/v2\/product\/403373","targetHints":{"allow":["GET"]}}],"collection":[{"href":"https:\/\/dumoulin.absoludev.ca\/en\/wp-json\/wp\/v2\/product"}],"about":[{"href":"https:\/\/dumoulin.absoludev.ca\/en\/wp-json\/wp\/v2\/types\/product"}],"wp:featuredmedia":[{"embeddable":true,"href":"https:\/\/dumoulin.absoludev.ca\/en\/wp-json\/wp\/v2\/media\/403374"}],"wp:attachment":[{"href":"https:\/\/dumoulin.absoludev.ca\/en\/wp-json\/wp\/v2\/media?parent=403373"}],"wp:term":[{"taxonomy":"product_brand","embeddable":true,"href":"https:\/\/dumoulin.absoludev.ca\/en\/wp-json\/wp\/v2\/product_brand?post=403373"},{"taxonomy":"product_cat","embeddable":true,"href":"https:\/\/dumoulin.absoludev.ca\/en\/wp-json\/wp\/v2\/product_cat?post=403373"},{"taxonomy":"product_tag","embeddable":true,"href":"https:\/\/dumoulin.absoludev.ca\/en\/wp-json\/wp\/v2\/product_tag?post=403373"},{"taxonomy":"marque-produit","embeddable":true,"href":"https:\/\/dumoulin.absoludev.ca\/en\/wp-json\/wp\/v2\/marque-produit?post=403373"},{"taxonomy":"collection-produit","embeddable":true,"href":"https:\/\/dumoulin.absoludev.ca\/en\/wp-json\/wp\/v2\/collection-produit?post=403373"},{"taxonomy":"type-surface-produit","embeddable":true,"href":"https:\/\/dumoulin.absoludev.ca\/en\/wp-json\/wp\/v2\/type-surface-produit?post=403373"},{"taxonomy":"type-velo-produit","embeddable":true,"href":"https:\/\/dumoulin.absoludev.ca\/en\/wp-json\/wp\/v2\/type-velo-produit?post=403373"},{"taxonomy":"vetement-produit","embeddable":true,"href":"https:\/\/dumoulin.absoludev.ca\/en\/wp-json\/wp\/v2\/vetement-produit?post=403373"},{"taxonomy":"thematique-produit","embeddable":true,"href":"https:\/\/dumoulin.absoludev.ca\/en\/wp-json\/wp\/v2\/thematique-produit?post=403373"},{"taxonomy":"position-sur-le-v\u00e9lo","embeddable":true,"href":"https:\/\/dumoulin.absoludev.ca\/en\/wp-json\/wp\/v2\/position-sur-le-v\u00e9lo?post=403373"}],"curies":[{"name":"wp","href":"https:\/\/api.w.org\/{rel}","templated":true}]}}