{"id":395817,"date":"2024-04-24T23:06:45","date_gmt":"2024-04-25T03:06:45","guid":{"rendered":"http:\/\/www.dumoulinbicyclettes.com\/?post_type=product&#038;p=395817"},"modified":"2025-09-04T14:15:14","modified_gmt":"2025-09-04T18:15:14","slug":"yuba-open-loader-supercargo-front-loader","status":"publish","type":"product","link":"https:\/\/dumoulin.absoludev.ca\/en\/produit\/yuba-open-loader-supercargo-front-loader\/","title":{"rendered":"Yuba Open Loader pour Supercargo"},"content":{"rendered":"<p>Le Yuba Open Loader s&#8217;installe sur tout Yuba Supermarch\u00e9 ou Supercargo. Il vous permet de profiter d&#8217;une \u00abboite\u00bb de chargement, \u00e0 un poids minime.<\/p>\n<p>Il est n\u00e9cessaire d&#8217;avoir le plancher \u00abBamboo base board\u00bb pour installer le Open Loader.<\/p>\n<p>Vous souhaitez utiliser le Open Loader pour transporter vos enfants ? C&#8217;est possible en ajoutant le si\u00e8ge et la planche arri\u00e8re contenus dans le \u00ab open loader seat kit\u00bb.<\/p>\n","protected":false},"excerpt":{"rendered":"<p>Le Yuba Open Loader s&#8217;installe sur tout Yuba Supermarch\u00e9 ou Supercargo. Il vous permet de profiter d&#8217;une \u00abboite\u00bb de chargement, \u00e0 un poids minime. Il est n\u00e9cessaire d&#8217;avoir le plancher \u00abBamboo base board\u00bb pour installer le Open Loader. Vous souhaitez utiliser le Open Loader pour transporter vos enfants ? C&#8217;est possible en ajoutant le si\u00e8ge [&hellip;]<\/p>\n","protected":false},"featured_media":395818,"template":"","meta":{"_acf_changed":false},"product_brand":[],"product_cat":[2506],"product_tag":[3075],"marque-produit":[1201],"collection-produit":[2848],"type-surface-produit":[],"type-velo-produit":[1248],"vetement-produit":[],"thematique-produit":[],"position-sur-le-v\u00e9lo":[],"class_list":{"0":"post-395817","1":"product","2":"type-product","3":"status-publish","4":"has-post-thumbnail","6":"product_cat-yuba","7":"product_tag-open-loader","8":"marque-produit-yuba","9":"collection-produit-yuba","10":"type-velo-produit-cargo","12":"first","13":"instock","14":"sale","15":"taxable","16":"shipping-taxable","17":"purchasable","18":"product-type-simple"},"acf":[],"yoast_head":"<!-- This site is optimized with the Yoast SEO plugin v24.3 - https:\/\/yoast.com\/wordpress\/plugins\/seo\/ -->\n<title>Yuba Open Loader pour Supercargo - Dumoulin Bicyclettes<\/title>\n<meta name=\"description\" content=\"Le Yuba Open Loader est une boite flexible qui s&#039;installe sur les v\u00e9los cargo Yuba Supermarch\u00e9 ou Supercargo. Une option l\u00e9g\u00e8re et int\u00e9ressante.\" \/>\n<meta name=\"robots\" content=\"noindex, follow, max-snippet:-1, max-image-preview:large, max-video-preview:-1\" \/>\n<meta property=\"og:locale\" content=\"en_US\" \/>\n<meta property=\"og:type\" content=\"article\" \/>\n<meta property=\"og:title\" content=\"Yuba Open Loader pour Supercargo - Dumoulin Bicyclettes\" \/>\n<meta property=\"og:description\" content=\"Le Yuba Open Loader est une boite flexible qui s&#039;installe sur les v\u00e9los cargo Yuba Supermarch\u00e9 ou Supercargo. Une option l\u00e9g\u00e8re et int\u00e9ressante.\" \/>\n<meta property=\"og:url\" content=\"https:\/\/dumoulin.absoludev.ca\/produit\/yuba-open-loader-supercargo-front-loader\/\" \/>\n<meta property=\"og:site_name\" content=\"Dumoulin Bicyclettes\" \/>\n<meta property=\"article:publisher\" content=\"https:\/\/www.facebook.com\/dumoulinbicyclettes\" \/>\n<meta property=\"article:modified_time\" content=\"2025-09-04T18:15:14+00:00\" \/>\n<meta property=\"og:image\" content=\"https:\/\/dumoulin.absoludev.ca\/wp-content\/uploads\/2024\/04\/Open-Loader3.webp\" \/>\n\t<meta property=\"og:image:width\" content=\"960\" \/>\n\t<meta property=\"og:image:height\" content=\"960\" \/>\n\t<meta property=\"og:image:type\" content=\"image\/webp\" \/>\n<meta name=\"twitter:card\" content=\"summary_large_image\" \/>\n<meta name=\"twitter:label1\" content=\"Est. reading time\" \/>\n\t<meta name=\"twitter:data1\" content=\"1 minute\" \/>\n<script type=\"application\/ld+json\" class=\"yoast-schema-graph\">{\"@context\":\"https:\/\/schema.org\",\"@graph\":[{\"@type\":\"WebPage\",\"@id\":\"https:\/\/dumoulin.absoludev.ca\/produit\/yuba-open-loader-supercargo-front-loader\/\",\"url\":\"https:\/\/dumoulin.absoludev.ca\/produit\/yuba-open-loader-supercargo-front-loader\/\",\"name\":\"Yuba Open Loader pour Supercargo - Dumoulin Bicyclettes\",\"isPartOf\":{\"@id\":\"https:\/\/dumoulin.absoludev.ca\/#website\"},\"primaryImageOfPage\":{\"@id\":\"https:\/\/dumoulin.absoludev.ca\/produit\/yuba-open-loader-supercargo-front-loader\/#primaryimage\"},\"image\":{\"@id\":\"https:\/\/dumoulin.absoludev.ca\/produit\/yuba-open-loader-supercargo-front-loader\/#primaryimage\"},\"thumbnailUrl\":\"https:\/\/dumoulin.absoludev.ca\/wp-content\/uploads\/2024\/04\/Open-Loader3.webp\",\"datePublished\":\"2024-04-25T03:06:45+00:00\",\"dateModified\":\"2025-09-04T18:15:14+00:00\",\"description\":\"Le Yuba Open Loader est une boite flexible qui s'installe sur les v\u00e9los cargo Yuba Supermarch\u00e9 ou Supercargo. Une option l\u00e9g\u00e8re et int\u00e9ressante.\",\"breadcrumb\":{\"@id\":\"https:\/\/dumoulin.absoludev.ca\/produit\/yuba-open-loader-supercargo-front-loader\/#breadcrumb\"},\"inLanguage\":\"en-US\",\"potentialAction\":[{\"@type\":\"ReadAction\",\"target\":[\"https:\/\/dumoulin.absoludev.ca\/produit\/yuba-open-loader-supercargo-front-loader\/\"]}]},{\"@type\":\"ImageObject\",\"inLanguage\":\"en-US\",\"@id\":\"https:\/\/dumoulin.absoludev.ca\/produit\/yuba-open-loader-supercargo-front-loader\/#primaryimage\",\"url\":\"https:\/\/dumoulin.absoludev.ca\/wp-content\/uploads\/2024\/04\/Open-Loader3.webp\",\"contentUrl\":\"https:\/\/dumoulin.absoludev.ca\/wp-content\/uploads\/2024\/04\/Open-Loader3.webp\",\"width\":960,\"height\":960,\"caption\":\"yuba-open-loader-supercargo-yuba-bicycles\"},{\"@type\":\"BreadcrumbList\",\"@id\":\"https:\/\/dumoulin.absoludev.ca\/produit\/yuba-open-loader-supercargo-front-loader\/#breadcrumb\",\"itemListElement\":[{\"@type\":\"ListItem\",\"position\":1,\"name\":\"Home\",\"item\":\"https:\/\/dumoulin.absoludev.ca\/en\/\"},{\"@type\":\"ListItem\",\"position\":2,\"name\":\"Shop\",\"item\":\"https:\/\/dumoulin.absoludev.ca\/en\/shop\/\"},{\"@type\":\"ListItem\",\"position\":3,\"name\":\"Yuba Open Loader pour Supercargo\"}]},{\"@type\":\"WebSite\",\"@id\":\"https:\/\/dumoulin.absoludev.ca\/#website\",\"url\":\"https:\/\/dumoulin.absoludev.ca\/\",\"name\":\"Dumoulin Bicyclettes\",\"description\":\"\",\"publisher\":{\"@id\":\"https:\/\/dumoulin.absoludev.ca\/#organization\"},\"potentialAction\":[{\"@type\":\"SearchAction\",\"target\":{\"@type\":\"EntryPoint\",\"urlTemplate\":\"https:\/\/dumoulin.absoludev.ca\/?s={search_term_string}\"},\"query-input\":{\"@type\":\"PropertyValueSpecification\",\"valueRequired\":true,\"valueName\":\"search_term_string\"}}],\"inLanguage\":\"en-US\"},{\"@type\":\"Organization\",\"@id\":\"https:\/\/dumoulin.absoludev.ca\/#organization\",\"name\":\"Dumoulin Bicyclettes\",\"url\":\"https:\/\/dumoulin.absoludev.ca\/\",\"logo\":{\"@type\":\"ImageObject\",\"inLanguage\":\"en-US\",\"@id\":\"https:\/\/dumoulin.absoludev.ca\/#\/schema\/logo\/image\/\",\"url\":\"https:\/\/www.dumoulinbicyclettes.com\/wp-content\/uploads\/2021\/04\/Logo.svg\",\"contentUrl\":\"https:\/\/www.dumoulinbicyclettes.com\/wp-content\/uploads\/2021\/04\/Logo.svg\",\"width\":254,\"height\":86,\"caption\":\"Dumoulin Bicyclettes\"},\"image\":{\"@id\":\"https:\/\/dumoulin.absoludev.ca\/#\/schema\/logo\/image\/\"},\"sameAs\":[\"https:\/\/www.facebook.com\/dumoulinbicyclettes\",\"https:\/\/www.instagram.com\/dumoulin.ca\/\",\"https:\/\/www.youtube.com\/user\/dumoulinbicyclettes\"]}]}<\/script>\n<!-- \/ Yoast SEO plugin. -->","yoast_head_json":{"title":"Yuba Open Loader pour Supercargo - Dumoulin Bicyclettes","description":"Le Yuba Open Loader est une boite flexible qui s'installe sur les v\u00e9los cargo Yuba Supermarch\u00e9 ou Supercargo. Une option l\u00e9g\u00e8re et int\u00e9ressante.","robots":{"index":"noindex","follow":"follow","max-snippet":"max-snippet:-1","max-image-preview":"max-image-preview:large","max-video-preview":"max-video-preview:-1"},"og_locale":"en_US","og_type":"article","og_title":"Yuba Open Loader pour Supercargo - Dumoulin Bicyclettes","og_description":"Le Yuba Open Loader est une boite flexible qui s'installe sur les v\u00e9los cargo Yuba Supermarch\u00e9 ou Supercargo. Une option l\u00e9g\u00e8re et int\u00e9ressante.","og_url":"https:\/\/dumoulin.absoludev.ca\/produit\/yuba-open-loader-supercargo-front-loader\/","og_site_name":"Dumoulin Bicyclettes","article_publisher":"https:\/\/www.facebook.com\/dumoulinbicyclettes","article_modified_time":"2025-09-04T18:15:14+00:00","og_image":[{"width":960,"height":960,"url":"https:\/\/dumoulin.absoludev.ca\/wp-content\/uploads\/2024\/04\/Open-Loader3.webp","type":"image\/webp"}],"twitter_card":"summary_large_image","twitter_misc":{"Est. reading time":"1 minute"},"schema":{"@context":"https:\/\/schema.org","@graph":[{"@type":"WebPage","@id":"https:\/\/dumoulin.absoludev.ca\/produit\/yuba-open-loader-supercargo-front-loader\/","url":"https:\/\/dumoulin.absoludev.ca\/produit\/yuba-open-loader-supercargo-front-loader\/","name":"Yuba Open Loader pour Supercargo - Dumoulin Bicyclettes","isPartOf":{"@id":"https:\/\/dumoulin.absoludev.ca\/#website"},"primaryImageOfPage":{"@id":"https:\/\/dumoulin.absoludev.ca\/produit\/yuba-open-loader-supercargo-front-loader\/#primaryimage"},"image":{"@id":"https:\/\/dumoulin.absoludev.ca\/produit\/yuba-open-loader-supercargo-front-loader\/#primaryimage"},"thumbnailUrl":"https:\/\/dumoulin.absoludev.ca\/wp-content\/uploads\/2024\/04\/Open-Loader3.webp","datePublished":"2024-04-25T03:06:45+00:00","dateModified":"2025-09-04T18:15:14+00:00","description":"Le Yuba Open Loader est une boite flexible qui s'installe sur les v\u00e9los cargo Yuba Supermarch\u00e9 ou Supercargo. Une option l\u00e9g\u00e8re et int\u00e9ressante.","breadcrumb":{"@id":"https:\/\/dumoulin.absoludev.ca\/produit\/yuba-open-loader-supercargo-front-loader\/#breadcrumb"},"inLanguage":"en-US","potentialAction":[{"@type":"ReadAction","target":["https:\/\/dumoulin.absoludev.ca\/produit\/yuba-open-loader-supercargo-front-loader\/"]}]},{"@type":"ImageObject","inLanguage":"en-US","@id":"https:\/\/dumoulin.absoludev.ca\/produit\/yuba-open-loader-supercargo-front-loader\/#primaryimage","url":"https:\/\/dumoulin.absoludev.ca\/wp-content\/uploads\/2024\/04\/Open-Loader3.webp","contentUrl":"https:\/\/dumoulin.absoludev.ca\/wp-content\/uploads\/2024\/04\/Open-Loader3.webp","width":960,"height":960,"caption":"yuba-open-loader-supercargo-yuba-bicycles"},{"@type":"BreadcrumbList","@id":"https:\/\/dumoulin.absoludev.ca\/produit\/yuba-open-loader-supercargo-front-loader\/#breadcrumb","itemListElement":[{"@type":"ListItem","position":1,"name":"Home","item":"https:\/\/dumoulin.absoludev.ca\/en\/"},{"@type":"ListItem","position":2,"name":"Shop","item":"https:\/\/dumoulin.absoludev.ca\/en\/shop\/"},{"@type":"ListItem","position":3,"name":"Yuba Open Loader pour Supercargo"}]},{"@type":"WebSite","@id":"https:\/\/dumoulin.absoludev.ca\/#website","url":"https:\/\/dumoulin.absoludev.ca\/","name":"Dumoulin Bicyclettes","description":"","publisher":{"@id":"https:\/\/dumoulin.absoludev.ca\/#organization"},"potentialAction":[{"@type":"SearchAction","target":{"@type":"EntryPoint","urlTemplate":"https:\/\/dumoulin.absoludev.ca\/?s={search_term_string}"},"query-input":{"@type":"PropertyValueSpecification","valueRequired":true,"valueName":"search_term_string"}}],"inLanguage":"en-US"},{"@type":"Organization","@id":"https:\/\/dumoulin.absoludev.ca\/#organization","name":"Dumoulin Bicyclettes","url":"https:\/\/dumoulin.absoludev.ca\/","logo":{"@type":"ImageObject","inLanguage":"en-US","@id":"https:\/\/dumoulin.absoludev.ca\/#\/schema\/logo\/image\/","url":"https:\/\/www.dumoulinbicyclettes.com\/wp-content\/uploads\/2021\/04\/Logo.svg","contentUrl":"https:\/\/www.dumoulinbicyclettes.com\/wp-content\/uploads\/2021\/04\/Logo.svg","width":254,"height":86,"caption":"Dumoulin Bicyclettes"},"image":{"@id":"https:\/\/dumoulin.absoludev.ca\/#\/schema\/logo\/image\/"},"sameAs":["https:\/\/www.facebook.com\/dumoulinbicyclettes","https:\/\/www.instagram.com\/dumoulin.ca\/","https:\/\/www.youtube.com\/user\/dumoulinbicyclettes"]}]}},"_links":{"self":[{"href":"https:\/\/dumoulin.absoludev.ca\/en\/wp-json\/wp\/v2\/product\/395817","targetHints":{"allow":["GET"]}}],"collection":[{"href":"https:\/\/dumoulin.absoludev.ca\/en\/wp-json\/wp\/v2\/product"}],"about":[{"href":"https:\/\/dumoulin.absoludev.ca\/en\/wp-json\/wp\/v2\/types\/product"}],"wp:featuredmedia":[{"embeddable":true,"href":"https:\/\/dumoulin.absoludev.ca\/en\/wp-json\/wp\/v2\/media\/395818"}],"wp:attachment":[{"href":"https:\/\/dumoulin.absoludev.ca\/en\/wp-json\/wp\/v2\/media?parent=395817"}],"wp:term":[{"taxonomy":"product_brand","embeddable":true,"href":"https:\/\/dumoulin.absoludev.ca\/en\/wp-json\/wp\/v2\/product_brand?post=395817"},{"taxonomy":"product_cat","embeddable":true,"href":"https:\/\/dumoulin.absoludev.ca\/en\/wp-json\/wp\/v2\/product_cat?post=395817"},{"taxonomy":"product_tag","embeddable":true,"href":"https:\/\/dumoulin.absoludev.ca\/en\/wp-json\/wp\/v2\/product_tag?post=395817"},{"taxonomy":"marque-produit","embeddable":true,"href":"https:\/\/dumoulin.absoludev.ca\/en\/wp-json\/wp\/v2\/marque-produit?post=395817"},{"taxonomy":"collection-produit","embeddable":true,"href":"https:\/\/dumoulin.absoludev.ca\/en\/wp-json\/wp\/v2\/collection-produit?post=395817"},{"taxonomy":"type-surface-produit","embeddable":true,"href":"https:\/\/dumoulin.absoludev.ca\/en\/wp-json\/wp\/v2\/type-surface-produit?post=395817"},{"taxonomy":"type-velo-produit","embeddable":true,"href":"https:\/\/dumoulin.absoludev.ca\/en\/wp-json\/wp\/v2\/type-velo-produit?post=395817"},{"taxonomy":"vetement-produit","embeddable":true,"href":"https:\/\/dumoulin.absoludev.ca\/en\/wp-json\/wp\/v2\/vetement-produit?post=395817"},{"taxonomy":"thematique-produit","embeddable":true,"href":"https:\/\/dumoulin.absoludev.ca\/en\/wp-json\/wp\/v2\/thematique-produit?post=395817"},{"taxonomy":"position-sur-le-v\u00e9lo","embeddable":true,"href":"https:\/\/dumoulin.absoludev.ca\/en\/wp-json\/wp\/v2\/position-sur-le-v\u00e9lo?post=395817"}],"curies":[{"name":"wp","href":"https:\/\/api.w.org\/{rel}","templated":true}]}}