{"id":394712,"date":"2024-04-23T00:05:04","date_gmt":"2024-04-23T04:05:04","guid":{"rendered":"http:\/\/www.dumoulinbicyclettes.com\/?post_type=product&#038;p=394712"},"modified":"2025-09-04T14:21:22","modified_gmt":"2025-09-04T18:21:22","slug":"casque-poc-omne-air-mips","status":"publish","type":"product","link":"https:\/\/dumoulin.absoludev.ca\/en\/produit\/casque-poc-omne-air-mips\/","title":{"rendered":"Casque POC Omne Air"},"content":{"rendered":"<p>Polyvalent, le casque Poc Omne Air vous aide \u00e0 penser v\u00e9lo. Il est \u00e9l\u00e9gant et se distingue par un design assez \u00abcompact\u00bb. Lors de vos balades estivales, il sera agr\u00e9able. Au quotidien, il vous donnera enti\u00e8re satisfaction. Tout ce qu&#8217;on attend d&#8217;un casque de v\u00e9lo, non ?<\/p>\n","protected":false},"excerpt":{"rendered":"<p>Polyvalent, le casque Poc Omne Air vous aide \u00e0 penser v\u00e9lo. Il est \u00e9l\u00e9gant et se distingue par un design assez \u00abcompact\u00bb. Lors de vos balades estivales, il sera agr\u00e9able. Au quotidien, il vous donnera enti\u00e8re satisfaction. Tout ce qu&#8217;on attend d&#8217;un casque de v\u00e9lo, non ?<\/p>\n","protected":false},"featured_media":394731,"template":"","meta":{"_acf_changed":false},"product_brand":[],"product_cat":[186,185],"product_tag":[2395,3060,3058],"marque-produit":[3057],"collection-produit":[3012,3013],"type-surface-produit":[],"type-velo-produit":[],"vetement-produit":[],"thematique-produit":[],"position-sur-le-v\u00e9lo":[],"class_list":{"0":"post-394712","1":"product","2":"type-product","3":"status-publish","4":"has-post-thumbnail","6":"product_cat-adultes","7":"product_cat-casques","8":"product_tag-casque","9":"product_tag-omne-air","10":"product_tag-poc","11":"marque-produit-poc","12":"collection-produit-casques-2","13":"collection-produit-urbains","15":"first","16":"instock","17":"sale","18":"taxable","19":"shipping-taxable","20":"purchasable","21":"product-type-variable"},"acf":[],"yoast_head":"<!-- This site is optimized with the Yoast SEO plugin v24.3 - https:\/\/yoast.com\/wordpress\/plugins\/seo\/ -->\n<title>Casque de v\u00e9lo POC Omne Air |\u00a0Dumoulin Bicyclettes | Montr\u00e9al<\/title>\n<meta name=\"description\" content=\"Casque polyvalent, le Omne Air est un classique de la marque su\u00e9doise Poc. A\u00e9r\u00e9, l\u00e9ger, \u00e9quilibr\u00e9, voici un casque \u00e0 essayer.\" \/>\n<meta name=\"robots\" content=\"noindex, follow, max-snippet:-1, max-image-preview:large, max-video-preview:-1\" \/>\n<meta property=\"og:locale\" content=\"en_US\" \/>\n<meta property=\"og:type\" content=\"article\" \/>\n<meta property=\"og:title\" content=\"Casque de v\u00e9lo POC Omne Air |\u00a0Dumoulin Bicyclettes | Montr\u00e9al\" \/>\n<meta property=\"og:description\" content=\"Casque polyvalent, le Omne Air est un classique de la marque su\u00e9doise Poc. A\u00e9r\u00e9, l\u00e9ger, \u00e9quilibr\u00e9, voici un casque \u00e0 essayer.\" \/>\n<meta property=\"og:url\" content=\"https:\/\/dumoulin.absoludev.ca\/produit\/casque-poc-omne-air-mips\/\" \/>\n<meta property=\"og:site_name\" content=\"Dumoulin Bicyclettes\" \/>\n<meta property=\"article:publisher\" content=\"https:\/\/www.facebook.com\/dumoulinbicyclettes\" \/>\n<meta property=\"article:modified_time\" content=\"2025-09-04T18:21:22+00:00\" \/>\n<meta property=\"og:image\" content=\"https:\/\/dumoulin.absoludev.ca\/wp-content\/uploads\/2024\/04\/casque-de-velo-POC-Omne-air-Mips-terre-battue-2.png\" \/>\n\t<meta property=\"og:image:width\" content=\"1200\" \/>\n\t<meta property=\"og:image:height\" content=\"1200\" \/>\n\t<meta property=\"og:image:type\" content=\"image\/png\" \/>\n<meta name=\"twitter:card\" content=\"summary_large_image\" \/>\n<meta name=\"twitter:label1\" content=\"Est. reading time\" \/>\n\t<meta name=\"twitter:data1\" content=\"1 minute\" \/>\n<script type=\"application\/ld+json\" class=\"yoast-schema-graph\">{\"@context\":\"https:\/\/schema.org\",\"@graph\":[{\"@type\":\"WebPage\",\"@id\":\"https:\/\/dumoulin.absoludev.ca\/produit\/casque-poc-omne-air-mips\/\",\"url\":\"https:\/\/dumoulin.absoludev.ca\/produit\/casque-poc-omne-air-mips\/\",\"name\":\"Casque de v\u00e9lo POC Omne Air |\u00a0Dumoulin Bicyclettes | Montr\u00e9al\",\"isPartOf\":{\"@id\":\"https:\/\/dumoulin.absoludev.ca\/#website\"},\"primaryImageOfPage\":{\"@id\":\"https:\/\/dumoulin.absoludev.ca\/produit\/casque-poc-omne-air-mips\/#primaryimage\"},\"image\":{\"@id\":\"https:\/\/dumoulin.absoludev.ca\/produit\/casque-poc-omne-air-mips\/#primaryimage\"},\"thumbnailUrl\":\"https:\/\/dumoulin.absoludev.ca\/wp-content\/uploads\/2024\/04\/casque-de-velo-POC-Omne-air-Mips-terre-battue-2.png\",\"datePublished\":\"2024-04-23T04:05:04+00:00\",\"dateModified\":\"2025-09-04T18:21:22+00:00\",\"description\":\"Casque polyvalent, le Omne Air est un classique de la marque su\u00e9doise Poc. A\u00e9r\u00e9, l\u00e9ger, \u00e9quilibr\u00e9, voici un casque \u00e0 essayer.\",\"breadcrumb\":{\"@id\":\"https:\/\/dumoulin.absoludev.ca\/produit\/casque-poc-omne-air-mips\/#breadcrumb\"},\"inLanguage\":\"en-US\",\"potentialAction\":[{\"@type\":\"ReadAction\",\"target\":[\"https:\/\/dumoulin.absoludev.ca\/produit\/casque-poc-omne-air-mips\/\"]}]},{\"@type\":\"ImageObject\",\"inLanguage\":\"en-US\",\"@id\":\"https:\/\/dumoulin.absoludev.ca\/produit\/casque-poc-omne-air-mips\/#primaryimage\",\"url\":\"https:\/\/dumoulin.absoludev.ca\/wp-content\/uploads\/2024\/04\/casque-de-velo-POC-Omne-air-Mips-terre-battue-2.png\",\"contentUrl\":\"https:\/\/dumoulin.absoludev.ca\/wp-content\/uploads\/2024\/04\/casque-de-velo-POC-Omne-air-Mips-terre-battue-2.png\",\"width\":1200,\"height\":1200,\"caption\":\"casque-de-velo-POC-Omne-air-Mips-2\"},{\"@type\":\"BreadcrumbList\",\"@id\":\"https:\/\/dumoulin.absoludev.ca\/produit\/casque-poc-omne-air-mips\/#breadcrumb\",\"itemListElement\":[{\"@type\":\"ListItem\",\"position\":1,\"name\":\"Home\",\"item\":\"https:\/\/dumoulin.absoludev.ca\/en\/\"},{\"@type\":\"ListItem\",\"position\":2,\"name\":\"Shop\",\"item\":\"https:\/\/dumoulin.absoludev.ca\/en\/shop\/\"},{\"@type\":\"ListItem\",\"position\":3,\"name\":\"Casque POC Omne Air\"}]},{\"@type\":\"WebSite\",\"@id\":\"https:\/\/dumoulin.absoludev.ca\/#website\",\"url\":\"https:\/\/dumoulin.absoludev.ca\/\",\"name\":\"Dumoulin Bicyclettes\",\"description\":\"\",\"publisher\":{\"@id\":\"https:\/\/dumoulin.absoludev.ca\/#organization\"},\"potentialAction\":[{\"@type\":\"SearchAction\",\"target\":{\"@type\":\"EntryPoint\",\"urlTemplate\":\"https:\/\/dumoulin.absoludev.ca\/?s={search_term_string}\"},\"query-input\":{\"@type\":\"PropertyValueSpecification\",\"valueRequired\":true,\"valueName\":\"search_term_string\"}}],\"inLanguage\":\"en-US\"},{\"@type\":\"Organization\",\"@id\":\"https:\/\/dumoulin.absoludev.ca\/#organization\",\"name\":\"Dumoulin Bicyclettes\",\"url\":\"https:\/\/dumoulin.absoludev.ca\/\",\"logo\":{\"@type\":\"ImageObject\",\"inLanguage\":\"en-US\",\"@id\":\"https:\/\/dumoulin.absoludev.ca\/#\/schema\/logo\/image\/\",\"url\":\"https:\/\/www.dumoulinbicyclettes.com\/wp-content\/uploads\/2021\/04\/Logo.svg\",\"contentUrl\":\"https:\/\/www.dumoulinbicyclettes.com\/wp-content\/uploads\/2021\/04\/Logo.svg\",\"width\":254,\"height\":86,\"caption\":\"Dumoulin Bicyclettes\"},\"image\":{\"@id\":\"https:\/\/dumoulin.absoludev.ca\/#\/schema\/logo\/image\/\"},\"sameAs\":[\"https:\/\/www.facebook.com\/dumoulinbicyclettes\",\"https:\/\/www.instagram.com\/dumoulin.ca\/\",\"https:\/\/www.youtube.com\/user\/dumoulinbicyclettes\"]}]}<\/script>\n<!-- \/ Yoast SEO plugin. -->","yoast_head_json":{"title":"Casque de v\u00e9lo POC Omne Air |\u00a0Dumoulin Bicyclettes | Montr\u00e9al","description":"Casque polyvalent, le Omne Air est un classique de la marque su\u00e9doise Poc. A\u00e9r\u00e9, l\u00e9ger, \u00e9quilibr\u00e9, voici un casque \u00e0 essayer.","robots":{"index":"noindex","follow":"follow","max-snippet":"max-snippet:-1","max-image-preview":"max-image-preview:large","max-video-preview":"max-video-preview:-1"},"og_locale":"en_US","og_type":"article","og_title":"Casque de v\u00e9lo POC Omne Air |\u00a0Dumoulin Bicyclettes | Montr\u00e9al","og_description":"Casque polyvalent, le Omne Air est un classique de la marque su\u00e9doise Poc. A\u00e9r\u00e9, l\u00e9ger, \u00e9quilibr\u00e9, voici un casque \u00e0 essayer.","og_url":"https:\/\/dumoulin.absoludev.ca\/produit\/casque-poc-omne-air-mips\/","og_site_name":"Dumoulin Bicyclettes","article_publisher":"https:\/\/www.facebook.com\/dumoulinbicyclettes","article_modified_time":"2025-09-04T18:21:22+00:00","og_image":[{"width":1200,"height":1200,"url":"https:\/\/dumoulin.absoludev.ca\/wp-content\/uploads\/2024\/04\/casque-de-velo-POC-Omne-air-Mips-terre-battue-2.png","type":"image\/png"}],"twitter_card":"summary_large_image","twitter_misc":{"Est. reading time":"1 minute"},"schema":{"@context":"https:\/\/schema.org","@graph":[{"@type":"WebPage","@id":"https:\/\/dumoulin.absoludev.ca\/produit\/casque-poc-omne-air-mips\/","url":"https:\/\/dumoulin.absoludev.ca\/produit\/casque-poc-omne-air-mips\/","name":"Casque de v\u00e9lo POC Omne Air |\u00a0Dumoulin Bicyclettes | Montr\u00e9al","isPartOf":{"@id":"https:\/\/dumoulin.absoludev.ca\/#website"},"primaryImageOfPage":{"@id":"https:\/\/dumoulin.absoludev.ca\/produit\/casque-poc-omne-air-mips\/#primaryimage"},"image":{"@id":"https:\/\/dumoulin.absoludev.ca\/produit\/casque-poc-omne-air-mips\/#primaryimage"},"thumbnailUrl":"https:\/\/dumoulin.absoludev.ca\/wp-content\/uploads\/2024\/04\/casque-de-velo-POC-Omne-air-Mips-terre-battue-2.png","datePublished":"2024-04-23T04:05:04+00:00","dateModified":"2025-09-04T18:21:22+00:00","description":"Casque polyvalent, le Omne Air est un classique de la marque su\u00e9doise Poc. A\u00e9r\u00e9, l\u00e9ger, \u00e9quilibr\u00e9, voici un casque \u00e0 essayer.","breadcrumb":{"@id":"https:\/\/dumoulin.absoludev.ca\/produit\/casque-poc-omne-air-mips\/#breadcrumb"},"inLanguage":"en-US","potentialAction":[{"@type":"ReadAction","target":["https:\/\/dumoulin.absoludev.ca\/produit\/casque-poc-omne-air-mips\/"]}]},{"@type":"ImageObject","inLanguage":"en-US","@id":"https:\/\/dumoulin.absoludev.ca\/produit\/casque-poc-omne-air-mips\/#primaryimage","url":"https:\/\/dumoulin.absoludev.ca\/wp-content\/uploads\/2024\/04\/casque-de-velo-POC-Omne-air-Mips-terre-battue-2.png","contentUrl":"https:\/\/dumoulin.absoludev.ca\/wp-content\/uploads\/2024\/04\/casque-de-velo-POC-Omne-air-Mips-terre-battue-2.png","width":1200,"height":1200,"caption":"casque-de-velo-POC-Omne-air-Mips-2"},{"@type":"BreadcrumbList","@id":"https:\/\/dumoulin.absoludev.ca\/produit\/casque-poc-omne-air-mips\/#breadcrumb","itemListElement":[{"@type":"ListItem","position":1,"name":"Home","item":"https:\/\/dumoulin.absoludev.ca\/en\/"},{"@type":"ListItem","position":2,"name":"Shop","item":"https:\/\/dumoulin.absoludev.ca\/en\/shop\/"},{"@type":"ListItem","position":3,"name":"Casque POC Omne Air"}]},{"@type":"WebSite","@id":"https:\/\/dumoulin.absoludev.ca\/#website","url":"https:\/\/dumoulin.absoludev.ca\/","name":"Dumoulin Bicyclettes","description":"","publisher":{"@id":"https:\/\/dumoulin.absoludev.ca\/#organization"},"potentialAction":[{"@type":"SearchAction","target":{"@type":"EntryPoint","urlTemplate":"https:\/\/dumoulin.absoludev.ca\/?s={search_term_string}"},"query-input":{"@type":"PropertyValueSpecification","valueRequired":true,"valueName":"search_term_string"}}],"inLanguage":"en-US"},{"@type":"Organization","@id":"https:\/\/dumoulin.absoludev.ca\/#organization","name":"Dumoulin Bicyclettes","url":"https:\/\/dumoulin.absoludev.ca\/","logo":{"@type":"ImageObject","inLanguage":"en-US","@id":"https:\/\/dumoulin.absoludev.ca\/#\/schema\/logo\/image\/","url":"https:\/\/www.dumoulinbicyclettes.com\/wp-content\/uploads\/2021\/04\/Logo.svg","contentUrl":"https:\/\/www.dumoulinbicyclettes.com\/wp-content\/uploads\/2021\/04\/Logo.svg","width":254,"height":86,"caption":"Dumoulin Bicyclettes"},"image":{"@id":"https:\/\/dumoulin.absoludev.ca\/#\/schema\/logo\/image\/"},"sameAs":["https:\/\/www.facebook.com\/dumoulinbicyclettes","https:\/\/www.instagram.com\/dumoulin.ca\/","https:\/\/www.youtube.com\/user\/dumoulinbicyclettes"]}]}},"_links":{"self":[{"href":"https:\/\/dumoulin.absoludev.ca\/en\/wp-json\/wp\/v2\/product\/394712","targetHints":{"allow":["GET"]}}],"collection":[{"href":"https:\/\/dumoulin.absoludev.ca\/en\/wp-json\/wp\/v2\/product"}],"about":[{"href":"https:\/\/dumoulin.absoludev.ca\/en\/wp-json\/wp\/v2\/types\/product"}],"wp:featuredmedia":[{"embeddable":true,"href":"https:\/\/dumoulin.absoludev.ca\/en\/wp-json\/wp\/v2\/media\/394731"}],"wp:attachment":[{"href":"https:\/\/dumoulin.absoludev.ca\/en\/wp-json\/wp\/v2\/media?parent=394712"}],"wp:term":[{"taxonomy":"product_brand","embeddable":true,"href":"https:\/\/dumoulin.absoludev.ca\/en\/wp-json\/wp\/v2\/product_brand?post=394712"},{"taxonomy":"product_cat","embeddable":true,"href":"https:\/\/dumoulin.absoludev.ca\/en\/wp-json\/wp\/v2\/product_cat?post=394712"},{"taxonomy":"product_tag","embeddable":true,"href":"https:\/\/dumoulin.absoludev.ca\/en\/wp-json\/wp\/v2\/product_tag?post=394712"},{"taxonomy":"marque-produit","embeddable":true,"href":"https:\/\/dumoulin.absoludev.ca\/en\/wp-json\/wp\/v2\/marque-produit?post=394712"},{"taxonomy":"collection-produit","embeddable":true,"href":"https:\/\/dumoulin.absoludev.ca\/en\/wp-json\/wp\/v2\/collection-produit?post=394712"},{"taxonomy":"type-surface-produit","embeddable":true,"href":"https:\/\/dumoulin.absoludev.ca\/en\/wp-json\/wp\/v2\/type-surface-produit?post=394712"},{"taxonomy":"type-velo-produit","embeddable":true,"href":"https:\/\/dumoulin.absoludev.ca\/en\/wp-json\/wp\/v2\/type-velo-produit?post=394712"},{"taxonomy":"vetement-produit","embeddable":true,"href":"https:\/\/dumoulin.absoludev.ca\/en\/wp-json\/wp\/v2\/vetement-produit?post=394712"},{"taxonomy":"thematique-produit","embeddable":true,"href":"https:\/\/dumoulin.absoludev.ca\/en\/wp-json\/wp\/v2\/thematique-produit?post=394712"},{"taxonomy":"position-sur-le-v\u00e9lo","embeddable":true,"href":"https:\/\/dumoulin.absoludev.ca\/en\/wp-json\/wp\/v2\/position-sur-le-v\u00e9lo?post=394712"}],"curies":[{"name":"wp","href":"https:\/\/api.w.org\/{rel}","templated":true}]}}