{"id":394641,"date":"2024-04-22T20:03:14","date_gmt":"2024-04-23T00:03:14","guid":{"rendered":"http:\/\/www.dumoulinbicyclettes.com\/?post_type=product&#038;p=394641"},"modified":"2025-09-04T14:17:59","modified_gmt":"2025-09-04T18:17:59","slug":"trek-allant-7-cadre-bas","status":"publish","type":"product","link":"https:\/\/dumoulin.absoludev.ca\/en\/produit\/trek-allant-7-cadre-bas\/","title":{"rendered":"Trek Allant + 7, cadre bas"},"content":{"rendered":"<p>Ce v\u00e9lo \u00e9lectrique est sensationnel, litt\u00e9ralement. Le Trek Allant + 7 est confortable, puissant, stable, dynamique : il a une assistance puissante et r\u00e9active <a href=\"https:\/\/www.bosch-ebike.com\/fr\/produits\/performance-line-cx-bdu450cx\" target=\"_blank\">Bosch Performance CX<\/a>, offrant jusqu&#8217;\u00e0 340% d&#8217;assistance. Avec les \u00e9quipements ajoutant de la fonctionnalit\u00e9, comme les garde-boue, la b\u00e9quille et le porte-bagages, le Allant + 7 est franchement int\u00e9ressant.<\/p>\n<p>Ses casquettes ? v\u00e9lo du quotidien, v\u00e9lo de chalet, v\u00e9lo d&#8217;aventures, v\u00e9lo de piste cyclable&#8230; Il peut tout faire, tr\u00e8s tr\u00e8s bien.<\/p>\n<p> \u00c0 saisir!<\/p>\n","protected":false},"excerpt":{"rendered":"<p>Ce v\u00e9lo \u00e9lectrique est sensationnel, litt\u00e9ralement. Le Trek Allant + 7 est confortable, puissant, stable, dynamique : il a une assistance puissante et r\u00e9active Bosch Performance CX, offrant jusqu&#8217;\u00e0 340% d&#8217;assistance. Avec les \u00e9quipements ajoutant de la fonctionnalit\u00e9, comme les garde-boue, la b\u00e9quille et le porte-bagages, le Allant + 7 est franchement int\u00e9ressant. Ses casquettes [&hellip;]<\/p>\n","protected":false},"featured_media":398908,"template":"","meta":{"_acf_changed":false},"product_brand":[],"product_cat":[176,161],"product_tag":[2716,2194,3061],"marque-produit":[1277],"collection-produit":[],"type-surface-produit":[],"type-velo-produit":[2164],"vetement-produit":[],"thematique-produit":[],"position-sur-le-v\u00e9lo":[],"class_list":{"0":"post-394641","1":"product","2":"type-product","3":"status-publish","4":"has-post-thumbnail","6":"product_cat-electriques-hybrides","7":"product_cat-velos","8":"product_tag-allant","9":"product_tag-trek","10":"product_tag-velo-electrique","11":"marque-produit-trek","12":"type-velo-produit-electriques-en","14":"first","15":"instock","16":"sale","17":"taxable","18":"shipping-taxable","19":"purchasable","20":"product-type-variable"},"acf":[],"yoast_head":"<!-- This site is optimized with the Yoast SEO plugin v24.3 - https:\/\/yoast.com\/wordpress\/plugins\/seo\/ -->\n<title>Trek Allant + 7, cadre bas - Dumoulin Bicyclettes | V\u00e9lo \u00e9lectrique | Montr\u00e9al | Qu\u00e9bec<\/title>\n<meta name=\"description\" content=\"V\u00e9lo \u00e0 assistance \u00e9lectrique confortable et puissant, vous \u00eates en pr\u00e9sence d&#039;un excellent v\u00e9lo polyvalent : le Trek Allant + 7.\" \/>\n<meta name=\"robots\" content=\"noindex, follow, max-snippet:-1, max-image-preview:large, max-video-preview:-1\" \/>\n<meta property=\"og:locale\" content=\"en_US\" \/>\n<meta property=\"og:type\" content=\"article\" \/>\n<meta property=\"og:title\" content=\"Trek Allant + 7, cadre bas - Dumoulin Bicyclettes | V\u00e9lo \u00e9lectrique | Montr\u00e9al | Qu\u00e9bec\" \/>\n<meta property=\"og:description\" content=\"V\u00e9lo \u00e0 assistance \u00e9lectrique confortable et puissant, vous \u00eates en pr\u00e9sence d&#039;un excellent v\u00e9lo polyvalent : le Trek Allant + 7.\" \/>\n<meta property=\"og:url\" content=\"https:\/\/dumoulin.absoludev.ca\/produit\/trek-allant-7-cadre-bas\/\" \/>\n<meta property=\"og:site_name\" content=\"Dumoulin Bicyclettes\" \/>\n<meta property=\"article:publisher\" content=\"https:\/\/www.facebook.com\/dumoulinbicyclettes\" \/>\n<meta property=\"article:modified_time\" content=\"2025-09-04T18:17:59+00:00\" \/>\n<meta property=\"og:image\" content=\"https:\/\/dumoulin.absoludev.ca\/wp-content\/uploads\/2024\/04\/velo-electrique-Trek-Allant_plus-7-Montreal-Dumoulin_bicyclettes-AllantPlus7Lowstep_20_30919_A_Primary.webp\" \/>\n\t<meta property=\"og:image:width\" content=\"1920\" \/>\n\t<meta property=\"og:image:height\" content=\"1440\" \/>\n\t<meta property=\"og:image:type\" content=\"image\/webp\" \/>\n<meta name=\"twitter:card\" content=\"summary_large_image\" \/>\n<meta name=\"twitter:label1\" content=\"Est. reading time\" \/>\n\t<meta name=\"twitter:data1\" content=\"1 minute\" \/>\n<script type=\"application\/ld+json\" class=\"yoast-schema-graph\">{\"@context\":\"https:\/\/schema.org\",\"@graph\":[{\"@type\":\"WebPage\",\"@id\":\"https:\/\/dumoulin.absoludev.ca\/produit\/trek-allant-7-cadre-bas\/\",\"url\":\"https:\/\/dumoulin.absoludev.ca\/produit\/trek-allant-7-cadre-bas\/\",\"name\":\"Trek Allant + 7, cadre bas - Dumoulin Bicyclettes | V\u00e9lo \u00e9lectrique | Montr\u00e9al | Qu\u00e9bec\",\"isPartOf\":{\"@id\":\"https:\/\/dumoulin.absoludev.ca\/#website\"},\"primaryImageOfPage\":{\"@id\":\"https:\/\/dumoulin.absoludev.ca\/produit\/trek-allant-7-cadre-bas\/#primaryimage\"},\"image\":{\"@id\":\"https:\/\/dumoulin.absoludev.ca\/produit\/trek-allant-7-cadre-bas\/#primaryimage\"},\"thumbnailUrl\":\"https:\/\/dumoulin.absoludev.ca\/wp-content\/uploads\/2024\/04\/velo-electrique-Trek-Allant_plus-7-Montreal-Dumoulin_bicyclettes-AllantPlus7Lowstep_20_30919_A_Primary.webp\",\"datePublished\":\"2024-04-23T00:03:14+00:00\",\"dateModified\":\"2025-09-04T18:17:59+00:00\",\"description\":\"V\u00e9lo \u00e0 assistance \u00e9lectrique confortable et puissant, vous \u00eates en pr\u00e9sence d'un excellent v\u00e9lo polyvalent : le Trek Allant + 7.\",\"breadcrumb\":{\"@id\":\"https:\/\/dumoulin.absoludev.ca\/produit\/trek-allant-7-cadre-bas\/#breadcrumb\"},\"inLanguage\":\"en-US\",\"potentialAction\":[{\"@type\":\"ReadAction\",\"target\":[\"https:\/\/dumoulin.absoludev.ca\/produit\/trek-allant-7-cadre-bas\/\"]}]},{\"@type\":\"ImageObject\",\"inLanguage\":\"en-US\",\"@id\":\"https:\/\/dumoulin.absoludev.ca\/produit\/trek-allant-7-cadre-bas\/#primaryimage\",\"url\":\"https:\/\/dumoulin.absoludev.ca\/wp-content\/uploads\/2024\/04\/velo-electrique-Trek-Allant_plus-7-Montreal-Dumoulin_bicyclettes-AllantPlus7Lowstep_20_30919_A_Primary.webp\",\"contentUrl\":\"https:\/\/dumoulin.absoludev.ca\/wp-content\/uploads\/2024\/04\/velo-electrique-Trek-Allant_plus-7-Montreal-Dumoulin_bicyclettes-AllantPlus7Lowstep_20_30919_A_Primary.webp\",\"width\":1920,\"height\":1440,\"caption\":\"velo-electrique-Trek-Allant_plus-7-Montreal-Dumoulin_bicyclettes-\"},{\"@type\":\"BreadcrumbList\",\"@id\":\"https:\/\/dumoulin.absoludev.ca\/produit\/trek-allant-7-cadre-bas\/#breadcrumb\",\"itemListElement\":[{\"@type\":\"ListItem\",\"position\":1,\"name\":\"Home\",\"item\":\"https:\/\/dumoulin.absoludev.ca\/en\/\"},{\"@type\":\"ListItem\",\"position\":2,\"name\":\"Shop\",\"item\":\"https:\/\/dumoulin.absoludev.ca\/en\/shop\/\"},{\"@type\":\"ListItem\",\"position\":3,\"name\":\"Trek Allant + 7, cadre bas\"}]},{\"@type\":\"WebSite\",\"@id\":\"https:\/\/dumoulin.absoludev.ca\/#website\",\"url\":\"https:\/\/dumoulin.absoludev.ca\/\",\"name\":\"Dumoulin Bicyclettes\",\"description\":\"\",\"publisher\":{\"@id\":\"https:\/\/dumoulin.absoludev.ca\/#organization\"},\"potentialAction\":[{\"@type\":\"SearchAction\",\"target\":{\"@type\":\"EntryPoint\",\"urlTemplate\":\"https:\/\/dumoulin.absoludev.ca\/?s={search_term_string}\"},\"query-input\":{\"@type\":\"PropertyValueSpecification\",\"valueRequired\":true,\"valueName\":\"search_term_string\"}}],\"inLanguage\":\"en-US\"},{\"@type\":\"Organization\",\"@id\":\"https:\/\/dumoulin.absoludev.ca\/#organization\",\"name\":\"Dumoulin Bicyclettes\",\"url\":\"https:\/\/dumoulin.absoludev.ca\/\",\"logo\":{\"@type\":\"ImageObject\",\"inLanguage\":\"en-US\",\"@id\":\"https:\/\/dumoulin.absoludev.ca\/#\/schema\/logo\/image\/\",\"url\":\"https:\/\/www.dumoulinbicyclettes.com\/wp-content\/uploads\/2021\/04\/Logo.svg\",\"contentUrl\":\"https:\/\/www.dumoulinbicyclettes.com\/wp-content\/uploads\/2021\/04\/Logo.svg\",\"width\":254,\"height\":86,\"caption\":\"Dumoulin Bicyclettes\"},\"image\":{\"@id\":\"https:\/\/dumoulin.absoludev.ca\/#\/schema\/logo\/image\/\"},\"sameAs\":[\"https:\/\/www.facebook.com\/dumoulinbicyclettes\",\"https:\/\/www.instagram.com\/dumoulin.ca\/\",\"https:\/\/www.youtube.com\/user\/dumoulinbicyclettes\"]}]}<\/script>\n<!-- \/ Yoast SEO plugin. -->","yoast_head_json":{"title":"Trek Allant + 7, cadre bas - Dumoulin Bicyclettes | V\u00e9lo \u00e9lectrique | Montr\u00e9al | Qu\u00e9bec","description":"V\u00e9lo \u00e0 assistance \u00e9lectrique confortable et puissant, vous \u00eates en pr\u00e9sence d'un excellent v\u00e9lo polyvalent : le Trek Allant + 7.","robots":{"index":"noindex","follow":"follow","max-snippet":"max-snippet:-1","max-image-preview":"max-image-preview:large","max-video-preview":"max-video-preview:-1"},"og_locale":"en_US","og_type":"article","og_title":"Trek Allant + 7, cadre bas - Dumoulin Bicyclettes | V\u00e9lo \u00e9lectrique | Montr\u00e9al | Qu\u00e9bec","og_description":"V\u00e9lo \u00e0 assistance \u00e9lectrique confortable et puissant, vous \u00eates en pr\u00e9sence d'un excellent v\u00e9lo polyvalent : le Trek Allant + 7.","og_url":"https:\/\/dumoulin.absoludev.ca\/produit\/trek-allant-7-cadre-bas\/","og_site_name":"Dumoulin Bicyclettes","article_publisher":"https:\/\/www.facebook.com\/dumoulinbicyclettes","article_modified_time":"2025-09-04T18:17:59+00:00","og_image":[{"width":1920,"height":1440,"url":"https:\/\/dumoulin.absoludev.ca\/wp-content\/uploads\/2024\/04\/velo-electrique-Trek-Allant_plus-7-Montreal-Dumoulin_bicyclettes-AllantPlus7Lowstep_20_30919_A_Primary.webp","type":"image\/webp"}],"twitter_card":"summary_large_image","twitter_misc":{"Est. reading time":"1 minute"},"schema":{"@context":"https:\/\/schema.org","@graph":[{"@type":"WebPage","@id":"https:\/\/dumoulin.absoludev.ca\/produit\/trek-allant-7-cadre-bas\/","url":"https:\/\/dumoulin.absoludev.ca\/produit\/trek-allant-7-cadre-bas\/","name":"Trek Allant + 7, cadre bas - Dumoulin Bicyclettes | V\u00e9lo \u00e9lectrique | Montr\u00e9al | Qu\u00e9bec","isPartOf":{"@id":"https:\/\/dumoulin.absoludev.ca\/#website"},"primaryImageOfPage":{"@id":"https:\/\/dumoulin.absoludev.ca\/produit\/trek-allant-7-cadre-bas\/#primaryimage"},"image":{"@id":"https:\/\/dumoulin.absoludev.ca\/produit\/trek-allant-7-cadre-bas\/#primaryimage"},"thumbnailUrl":"https:\/\/dumoulin.absoludev.ca\/wp-content\/uploads\/2024\/04\/velo-electrique-Trek-Allant_plus-7-Montreal-Dumoulin_bicyclettes-AllantPlus7Lowstep_20_30919_A_Primary.webp","datePublished":"2024-04-23T00:03:14+00:00","dateModified":"2025-09-04T18:17:59+00:00","description":"V\u00e9lo \u00e0 assistance \u00e9lectrique confortable et puissant, vous \u00eates en pr\u00e9sence d'un excellent v\u00e9lo polyvalent : le Trek Allant + 7.","breadcrumb":{"@id":"https:\/\/dumoulin.absoludev.ca\/produit\/trek-allant-7-cadre-bas\/#breadcrumb"},"inLanguage":"en-US","potentialAction":[{"@type":"ReadAction","target":["https:\/\/dumoulin.absoludev.ca\/produit\/trek-allant-7-cadre-bas\/"]}]},{"@type":"ImageObject","inLanguage":"en-US","@id":"https:\/\/dumoulin.absoludev.ca\/produit\/trek-allant-7-cadre-bas\/#primaryimage","url":"https:\/\/dumoulin.absoludev.ca\/wp-content\/uploads\/2024\/04\/velo-electrique-Trek-Allant_plus-7-Montreal-Dumoulin_bicyclettes-AllantPlus7Lowstep_20_30919_A_Primary.webp","contentUrl":"https:\/\/dumoulin.absoludev.ca\/wp-content\/uploads\/2024\/04\/velo-electrique-Trek-Allant_plus-7-Montreal-Dumoulin_bicyclettes-AllantPlus7Lowstep_20_30919_A_Primary.webp","width":1920,"height":1440,"caption":"velo-electrique-Trek-Allant_plus-7-Montreal-Dumoulin_bicyclettes-"},{"@type":"BreadcrumbList","@id":"https:\/\/dumoulin.absoludev.ca\/produit\/trek-allant-7-cadre-bas\/#breadcrumb","itemListElement":[{"@type":"ListItem","position":1,"name":"Home","item":"https:\/\/dumoulin.absoludev.ca\/en\/"},{"@type":"ListItem","position":2,"name":"Shop","item":"https:\/\/dumoulin.absoludev.ca\/en\/shop\/"},{"@type":"ListItem","position":3,"name":"Trek Allant + 7, cadre bas"}]},{"@type":"WebSite","@id":"https:\/\/dumoulin.absoludev.ca\/#website","url":"https:\/\/dumoulin.absoludev.ca\/","name":"Dumoulin Bicyclettes","description":"","publisher":{"@id":"https:\/\/dumoulin.absoludev.ca\/#organization"},"potentialAction":[{"@type":"SearchAction","target":{"@type":"EntryPoint","urlTemplate":"https:\/\/dumoulin.absoludev.ca\/?s={search_term_string}"},"query-input":{"@type":"PropertyValueSpecification","valueRequired":true,"valueName":"search_term_string"}}],"inLanguage":"en-US"},{"@type":"Organization","@id":"https:\/\/dumoulin.absoludev.ca\/#organization","name":"Dumoulin Bicyclettes","url":"https:\/\/dumoulin.absoludev.ca\/","logo":{"@type":"ImageObject","inLanguage":"en-US","@id":"https:\/\/dumoulin.absoludev.ca\/#\/schema\/logo\/image\/","url":"https:\/\/www.dumoulinbicyclettes.com\/wp-content\/uploads\/2021\/04\/Logo.svg","contentUrl":"https:\/\/www.dumoulinbicyclettes.com\/wp-content\/uploads\/2021\/04\/Logo.svg","width":254,"height":86,"caption":"Dumoulin Bicyclettes"},"image":{"@id":"https:\/\/dumoulin.absoludev.ca\/#\/schema\/logo\/image\/"},"sameAs":["https:\/\/www.facebook.com\/dumoulinbicyclettes","https:\/\/www.instagram.com\/dumoulin.ca\/","https:\/\/www.youtube.com\/user\/dumoulinbicyclettes"]}]}},"_links":{"self":[{"href":"https:\/\/dumoulin.absoludev.ca\/en\/wp-json\/wp\/v2\/product\/394641","targetHints":{"allow":["GET"]}}],"collection":[{"href":"https:\/\/dumoulin.absoludev.ca\/en\/wp-json\/wp\/v2\/product"}],"about":[{"href":"https:\/\/dumoulin.absoludev.ca\/en\/wp-json\/wp\/v2\/types\/product"}],"wp:featuredmedia":[{"embeddable":true,"href":"https:\/\/dumoulin.absoludev.ca\/en\/wp-json\/wp\/v2\/media\/398908"}],"wp:attachment":[{"href":"https:\/\/dumoulin.absoludev.ca\/en\/wp-json\/wp\/v2\/media?parent=394641"}],"wp:term":[{"taxonomy":"product_brand","embeddable":true,"href":"https:\/\/dumoulin.absoludev.ca\/en\/wp-json\/wp\/v2\/product_brand?post=394641"},{"taxonomy":"product_cat","embeddable":true,"href":"https:\/\/dumoulin.absoludev.ca\/en\/wp-json\/wp\/v2\/product_cat?post=394641"},{"taxonomy":"product_tag","embeddable":true,"href":"https:\/\/dumoulin.absoludev.ca\/en\/wp-json\/wp\/v2\/product_tag?post=394641"},{"taxonomy":"marque-produit","embeddable":true,"href":"https:\/\/dumoulin.absoludev.ca\/en\/wp-json\/wp\/v2\/marque-produit?post=394641"},{"taxonomy":"collection-produit","embeddable":true,"href":"https:\/\/dumoulin.absoludev.ca\/en\/wp-json\/wp\/v2\/collection-produit?post=394641"},{"taxonomy":"type-surface-produit","embeddable":true,"href":"https:\/\/dumoulin.absoludev.ca\/en\/wp-json\/wp\/v2\/type-surface-produit?post=394641"},{"taxonomy":"type-velo-produit","embeddable":true,"href":"https:\/\/dumoulin.absoludev.ca\/en\/wp-json\/wp\/v2\/type-velo-produit?post=394641"},{"taxonomy":"vetement-produit","embeddable":true,"href":"https:\/\/dumoulin.absoludev.ca\/en\/wp-json\/wp\/v2\/vetement-produit?post=394641"},{"taxonomy":"thematique-produit","embeddable":true,"href":"https:\/\/dumoulin.absoludev.ca\/en\/wp-json\/wp\/v2\/thematique-produit?post=394641"},{"taxonomy":"position-sur-le-v\u00e9lo","embeddable":true,"href":"https:\/\/dumoulin.absoludev.ca\/en\/wp-json\/wp\/v2\/position-sur-le-v\u00e9lo?post=394641"}],"curies":[{"name":"wp","href":"https:\/\/api.w.org\/{rel}","templated":true}]}}