{"id":391105,"date":"2024-04-15T16:06:53","date_gmt":"2024-04-15T20:06:53","guid":{"rendered":"http:\/\/www.dumoulinbicyclettes.com\/?post_type=product&#038;p=391105"},"modified":"2025-09-04T14:21:16","modified_gmt":"2025-09-04T18:21:16","slug":"tern-hsd-p10","status":"publish","type":"product","link":"https:\/\/dumoulin.absoludev.ca\/en\/produit\/tern-hsd-p10\/","title":{"rendered":"Tern HSD P10"},"content":{"rendered":"<p>V\u00e9lo \u00e0 assistance \u00e9lectrique <strong>Tern HSD P10<\/strong>, avec motorisation Bosch Performance Line Smart system et une batterie de 545Wh.<\/p>\n<p>Le Tern HSD P10 dispose d&#8217;une transmission classique avec un d\u00e9railleur externe et une cassette de 10 vitesses. Des freins \u00e0 disque hydrauliques viennent ajouter de la fiabilit\u00e9 et du contr\u00f4le.<\/p>\n","protected":false},"excerpt":{"rendered":"<p>V\u00e9lo \u00e0 assistance \u00e9lectrique Tern HSD P10, avec motorisation Bosch Performance Line Smart system et une batterie de 545Wh. Le Tern HSD P10 dispose d&#8217;une transmission classique avec un d\u00e9railleur externe et une cassette de 10 vitesses. Des freins \u00e0 disque hydrauliques viennent ajouter de la fiabilit\u00e9 et du contr\u00f4le.<\/p>\n","protected":false},"featured_media":391108,"template":"","meta":{"_acf_changed":false},"product_brand":[],"product_cat":[1566,169],"product_tag":[2846,3485,2203],"marque-produit":[154],"collection-produit":[],"type-surface-produit":[],"type-velo-produit":[1248,2164],"vetement-produit":[],"thematique-produit":[],"position-sur-le-v\u00e9lo":[],"class_list":{"0":"post-391105","1":"product","2":"type-product","3":"status-publish","4":"has-post-thumbnail","6":"product_cat-cargo","7":"product_cat-transport-denfant","8":"product_tag-hsd","9":"product_tag-p10","10":"product_tag-tern","11":"marque-produit-tern","12":"type-velo-produit-cargo","13":"type-velo-produit-electriques-en","15":"first","16":"onbackorder","17":"taxable","18":"shipping-taxable","19":"purchasable","20":"product-type-variable"},"acf":[],"yoast_head":"<!-- This site is optimized with the Yoast SEO plugin v24.3 - https:\/\/yoast.com\/wordpress\/plugins\/seo\/ -->\n<title>Tern HSD P10 - Dumoulin Bicyclettes | Montr\u00e9al | Qu\u00e9bec | Tern Bicycles Canada<\/title>\n<meta name=\"description\" content=\"Le Tern HSD P10 est un v\u00e9lo \u00e9lectrique compact, super capable. Un v\u00e9lo qui se glisse partout avec aisance, y compris dans votre vie quotidienne !\" \/>\n<meta name=\"robots\" content=\"noindex, follow, max-snippet:-1, max-image-preview:large, max-video-preview:-1\" \/>\n<meta property=\"og:locale\" content=\"en_US\" \/>\n<meta property=\"og:type\" content=\"article\" \/>\n<meta property=\"og:title\" content=\"Tern HSD P10 - Dumoulin Bicyclettes | Montr\u00e9al | Qu\u00e9bec | Tern Bicycles Canada\" \/>\n<meta property=\"og:description\" content=\"Le Tern HSD P10 est un v\u00e9lo \u00e9lectrique compact, super capable. Un v\u00e9lo qui se glisse partout avec aisance, y compris dans votre vie quotidienne !\" \/>\n<meta property=\"og:url\" content=\"https:\/\/dumoulin.absoludev.ca\/produit\/tern-hsd-p10\/\" \/>\n<meta property=\"og:site_name\" content=\"Dumoulin Bicyclettes\" \/>\n<meta property=\"article:publisher\" content=\"https:\/\/www.facebook.com\/dumoulinbicyclettes\" \/>\n<meta property=\"article:modified_time\" content=\"2025-09-04T18:21:16+00:00\" \/>\n<meta property=\"og:image\" content=\"https:\/\/dumoulin.absoludev.ca\/wp-content\/uploads\/2024\/04\/Tern_HSD_Gen_2_dumoulin_bicyclettes-Montreal_HSD_P10-gen2-satinblack.jpg\" \/>\n\t<meta property=\"og:image:width\" content=\"2400\" \/>\n\t<meta property=\"og:image:height\" content=\"1600\" \/>\n\t<meta property=\"og:image:type\" content=\"image\/jpeg\" \/>\n<meta name=\"twitter:card\" content=\"summary_large_image\" \/>\n<meta name=\"twitter:label1\" content=\"Est. reading time\" \/>\n\t<meta name=\"twitter:data1\" content=\"1 minute\" \/>\n<script type=\"application\/ld+json\" class=\"yoast-schema-graph\">{\"@context\":\"https:\/\/schema.org\",\"@graph\":[{\"@type\":\"WebPage\",\"@id\":\"https:\/\/dumoulin.absoludev.ca\/produit\/tern-hsd-p10\/\",\"url\":\"https:\/\/dumoulin.absoludev.ca\/produit\/tern-hsd-p10\/\",\"name\":\"Tern HSD P10 - Dumoulin Bicyclettes | Montr\u00e9al | Qu\u00e9bec | Tern Bicycles Canada\",\"isPartOf\":{\"@id\":\"https:\/\/dumoulin.absoludev.ca\/#website\"},\"primaryImageOfPage\":{\"@id\":\"https:\/\/dumoulin.absoludev.ca\/produit\/tern-hsd-p10\/#primaryimage\"},\"image\":{\"@id\":\"https:\/\/dumoulin.absoludev.ca\/produit\/tern-hsd-p10\/#primaryimage\"},\"thumbnailUrl\":\"https:\/\/dumoulin.absoludev.ca\/wp-content\/uploads\/2024\/04\/Tern_HSD_Gen_2_dumoulin_bicyclettes-Montreal_HSD_P10-gen2-satinblack.jpg\",\"datePublished\":\"2024-04-15T20:06:53+00:00\",\"dateModified\":\"2025-09-04T18:21:16+00:00\",\"description\":\"Le Tern HSD P10 est un v\u00e9lo \u00e9lectrique compact, super capable. Un v\u00e9lo qui se glisse partout avec aisance, y compris dans votre vie quotidienne !\",\"breadcrumb\":{\"@id\":\"https:\/\/dumoulin.absoludev.ca\/produit\/tern-hsd-p10\/#breadcrumb\"},\"inLanguage\":\"en-US\",\"potentialAction\":[{\"@type\":\"ReadAction\",\"target\":[\"https:\/\/dumoulin.absoludev.ca\/produit\/tern-hsd-p10\/\"]}]},{\"@type\":\"ImageObject\",\"inLanguage\":\"en-US\",\"@id\":\"https:\/\/dumoulin.absoludev.ca\/produit\/tern-hsd-p10\/#primaryimage\",\"url\":\"https:\/\/dumoulin.absoludev.ca\/wp-content\/uploads\/2024\/04\/Tern_HSD_Gen_2_dumoulin_bicyclettes-Montreal_HSD_P10-gen2-satinblack.jpg\",\"contentUrl\":\"https:\/\/dumoulin.absoludev.ca\/wp-content\/uploads\/2024\/04\/Tern_HSD_Gen_2_dumoulin_bicyclettes-Montreal_HSD_P10-gen2-satinblack.jpg\",\"width\":2400,\"height\":1600,\"caption\":\"Tern_HSD_Gen_2_dumoulin_bicyclettes-Montreal_HSD_P10-gen2-satinblack\"},{\"@type\":\"BreadcrumbList\",\"@id\":\"https:\/\/dumoulin.absoludev.ca\/produit\/tern-hsd-p10\/#breadcrumb\",\"itemListElement\":[{\"@type\":\"ListItem\",\"position\":1,\"name\":\"Home\",\"item\":\"https:\/\/dumoulin.absoludev.ca\/en\/\"},{\"@type\":\"ListItem\",\"position\":2,\"name\":\"Shop\",\"item\":\"https:\/\/dumoulin.absoludev.ca\/en\/shop\/\"},{\"@type\":\"ListItem\",\"position\":3,\"name\":\"Tern HSD P10\"}]},{\"@type\":\"WebSite\",\"@id\":\"https:\/\/dumoulin.absoludev.ca\/#website\",\"url\":\"https:\/\/dumoulin.absoludev.ca\/\",\"name\":\"Dumoulin Bicyclettes\",\"description\":\"\",\"publisher\":{\"@id\":\"https:\/\/dumoulin.absoludev.ca\/#organization\"},\"potentialAction\":[{\"@type\":\"SearchAction\",\"target\":{\"@type\":\"EntryPoint\",\"urlTemplate\":\"https:\/\/dumoulin.absoludev.ca\/?s={search_term_string}\"},\"query-input\":{\"@type\":\"PropertyValueSpecification\",\"valueRequired\":true,\"valueName\":\"search_term_string\"}}],\"inLanguage\":\"en-US\"},{\"@type\":\"Organization\",\"@id\":\"https:\/\/dumoulin.absoludev.ca\/#organization\",\"name\":\"Dumoulin Bicyclettes\",\"url\":\"https:\/\/dumoulin.absoludev.ca\/\",\"logo\":{\"@type\":\"ImageObject\",\"inLanguage\":\"en-US\",\"@id\":\"https:\/\/dumoulin.absoludev.ca\/#\/schema\/logo\/image\/\",\"url\":\"https:\/\/www.dumoulinbicyclettes.com\/wp-content\/uploads\/2021\/04\/Logo.svg\",\"contentUrl\":\"https:\/\/www.dumoulinbicyclettes.com\/wp-content\/uploads\/2021\/04\/Logo.svg\",\"width\":254,\"height\":86,\"caption\":\"Dumoulin Bicyclettes\"},\"image\":{\"@id\":\"https:\/\/dumoulin.absoludev.ca\/#\/schema\/logo\/image\/\"},\"sameAs\":[\"https:\/\/www.facebook.com\/dumoulinbicyclettes\",\"https:\/\/www.instagram.com\/dumoulin.ca\/\",\"https:\/\/www.youtube.com\/user\/dumoulinbicyclettes\"]}]}<\/script>\n<!-- \/ Yoast SEO plugin. -->","yoast_head_json":{"title":"Tern HSD P10 - Dumoulin Bicyclettes | Montr\u00e9al | Qu\u00e9bec | Tern Bicycles Canada","description":"Le Tern HSD P10 est un v\u00e9lo \u00e9lectrique compact, super capable. Un v\u00e9lo qui se glisse partout avec aisance, y compris dans votre vie quotidienne !","robots":{"index":"noindex","follow":"follow","max-snippet":"max-snippet:-1","max-image-preview":"max-image-preview:large","max-video-preview":"max-video-preview:-1"},"og_locale":"en_US","og_type":"article","og_title":"Tern HSD P10 - Dumoulin Bicyclettes | Montr\u00e9al | Qu\u00e9bec | Tern Bicycles Canada","og_description":"Le Tern HSD P10 est un v\u00e9lo \u00e9lectrique compact, super capable. Un v\u00e9lo qui se glisse partout avec aisance, y compris dans votre vie quotidienne !","og_url":"https:\/\/dumoulin.absoludev.ca\/produit\/tern-hsd-p10\/","og_site_name":"Dumoulin Bicyclettes","article_publisher":"https:\/\/www.facebook.com\/dumoulinbicyclettes","article_modified_time":"2025-09-04T18:21:16+00:00","og_image":[{"width":2400,"height":1600,"url":"https:\/\/dumoulin.absoludev.ca\/wp-content\/uploads\/2024\/04\/Tern_HSD_Gen_2_dumoulin_bicyclettes-Montreal_HSD_P10-gen2-satinblack.jpg","type":"image\/jpeg"}],"twitter_card":"summary_large_image","twitter_misc":{"Est. reading time":"1 minute"},"schema":{"@context":"https:\/\/schema.org","@graph":[{"@type":"WebPage","@id":"https:\/\/dumoulin.absoludev.ca\/produit\/tern-hsd-p10\/","url":"https:\/\/dumoulin.absoludev.ca\/produit\/tern-hsd-p10\/","name":"Tern HSD P10 - Dumoulin Bicyclettes | Montr\u00e9al | Qu\u00e9bec | Tern Bicycles Canada","isPartOf":{"@id":"https:\/\/dumoulin.absoludev.ca\/#website"},"primaryImageOfPage":{"@id":"https:\/\/dumoulin.absoludev.ca\/produit\/tern-hsd-p10\/#primaryimage"},"image":{"@id":"https:\/\/dumoulin.absoludev.ca\/produit\/tern-hsd-p10\/#primaryimage"},"thumbnailUrl":"https:\/\/dumoulin.absoludev.ca\/wp-content\/uploads\/2024\/04\/Tern_HSD_Gen_2_dumoulin_bicyclettes-Montreal_HSD_P10-gen2-satinblack.jpg","datePublished":"2024-04-15T20:06:53+00:00","dateModified":"2025-09-04T18:21:16+00:00","description":"Le Tern HSD P10 est un v\u00e9lo \u00e9lectrique compact, super capable. Un v\u00e9lo qui se glisse partout avec aisance, y compris dans votre vie quotidienne !","breadcrumb":{"@id":"https:\/\/dumoulin.absoludev.ca\/produit\/tern-hsd-p10\/#breadcrumb"},"inLanguage":"en-US","potentialAction":[{"@type":"ReadAction","target":["https:\/\/dumoulin.absoludev.ca\/produit\/tern-hsd-p10\/"]}]},{"@type":"ImageObject","inLanguage":"en-US","@id":"https:\/\/dumoulin.absoludev.ca\/produit\/tern-hsd-p10\/#primaryimage","url":"https:\/\/dumoulin.absoludev.ca\/wp-content\/uploads\/2024\/04\/Tern_HSD_Gen_2_dumoulin_bicyclettes-Montreal_HSD_P10-gen2-satinblack.jpg","contentUrl":"https:\/\/dumoulin.absoludev.ca\/wp-content\/uploads\/2024\/04\/Tern_HSD_Gen_2_dumoulin_bicyclettes-Montreal_HSD_P10-gen2-satinblack.jpg","width":2400,"height":1600,"caption":"Tern_HSD_Gen_2_dumoulin_bicyclettes-Montreal_HSD_P10-gen2-satinblack"},{"@type":"BreadcrumbList","@id":"https:\/\/dumoulin.absoludev.ca\/produit\/tern-hsd-p10\/#breadcrumb","itemListElement":[{"@type":"ListItem","position":1,"name":"Home","item":"https:\/\/dumoulin.absoludev.ca\/en\/"},{"@type":"ListItem","position":2,"name":"Shop","item":"https:\/\/dumoulin.absoludev.ca\/en\/shop\/"},{"@type":"ListItem","position":3,"name":"Tern HSD P10"}]},{"@type":"WebSite","@id":"https:\/\/dumoulin.absoludev.ca\/#website","url":"https:\/\/dumoulin.absoludev.ca\/","name":"Dumoulin Bicyclettes","description":"","publisher":{"@id":"https:\/\/dumoulin.absoludev.ca\/#organization"},"potentialAction":[{"@type":"SearchAction","target":{"@type":"EntryPoint","urlTemplate":"https:\/\/dumoulin.absoludev.ca\/?s={search_term_string}"},"query-input":{"@type":"PropertyValueSpecification","valueRequired":true,"valueName":"search_term_string"}}],"inLanguage":"en-US"},{"@type":"Organization","@id":"https:\/\/dumoulin.absoludev.ca\/#organization","name":"Dumoulin Bicyclettes","url":"https:\/\/dumoulin.absoludev.ca\/","logo":{"@type":"ImageObject","inLanguage":"en-US","@id":"https:\/\/dumoulin.absoludev.ca\/#\/schema\/logo\/image\/","url":"https:\/\/www.dumoulinbicyclettes.com\/wp-content\/uploads\/2021\/04\/Logo.svg","contentUrl":"https:\/\/www.dumoulinbicyclettes.com\/wp-content\/uploads\/2021\/04\/Logo.svg","width":254,"height":86,"caption":"Dumoulin Bicyclettes"},"image":{"@id":"https:\/\/dumoulin.absoludev.ca\/#\/schema\/logo\/image\/"},"sameAs":["https:\/\/www.facebook.com\/dumoulinbicyclettes","https:\/\/www.instagram.com\/dumoulin.ca\/","https:\/\/www.youtube.com\/user\/dumoulinbicyclettes"]}]}},"_links":{"self":[{"href":"https:\/\/dumoulin.absoludev.ca\/en\/wp-json\/wp\/v2\/product\/391105","targetHints":{"allow":["GET"]}}],"collection":[{"href":"https:\/\/dumoulin.absoludev.ca\/en\/wp-json\/wp\/v2\/product"}],"about":[{"href":"https:\/\/dumoulin.absoludev.ca\/en\/wp-json\/wp\/v2\/types\/product"}],"wp:featuredmedia":[{"embeddable":true,"href":"https:\/\/dumoulin.absoludev.ca\/en\/wp-json\/wp\/v2\/media\/391108"}],"wp:attachment":[{"href":"https:\/\/dumoulin.absoludev.ca\/en\/wp-json\/wp\/v2\/media?parent=391105"}],"wp:term":[{"taxonomy":"product_brand","embeddable":true,"href":"https:\/\/dumoulin.absoludev.ca\/en\/wp-json\/wp\/v2\/product_brand?post=391105"},{"taxonomy":"product_cat","embeddable":true,"href":"https:\/\/dumoulin.absoludev.ca\/en\/wp-json\/wp\/v2\/product_cat?post=391105"},{"taxonomy":"product_tag","embeddable":true,"href":"https:\/\/dumoulin.absoludev.ca\/en\/wp-json\/wp\/v2\/product_tag?post=391105"},{"taxonomy":"marque-produit","embeddable":true,"href":"https:\/\/dumoulin.absoludev.ca\/en\/wp-json\/wp\/v2\/marque-produit?post=391105"},{"taxonomy":"collection-produit","embeddable":true,"href":"https:\/\/dumoulin.absoludev.ca\/en\/wp-json\/wp\/v2\/collection-produit?post=391105"},{"taxonomy":"type-surface-produit","embeddable":true,"href":"https:\/\/dumoulin.absoludev.ca\/en\/wp-json\/wp\/v2\/type-surface-produit?post=391105"},{"taxonomy":"type-velo-produit","embeddable":true,"href":"https:\/\/dumoulin.absoludev.ca\/en\/wp-json\/wp\/v2\/type-velo-produit?post=391105"},{"taxonomy":"vetement-produit","embeddable":true,"href":"https:\/\/dumoulin.absoludev.ca\/en\/wp-json\/wp\/v2\/vetement-produit?post=391105"},{"taxonomy":"thematique-produit","embeddable":true,"href":"https:\/\/dumoulin.absoludev.ca\/en\/wp-json\/wp\/v2\/thematique-produit?post=391105"},{"taxonomy":"position-sur-le-v\u00e9lo","embeddable":true,"href":"https:\/\/dumoulin.absoludev.ca\/en\/wp-json\/wp\/v2\/position-sur-le-v\u00e9lo?post=391105"}],"curies":[{"name":"wp","href":"https:\/\/api.w.org\/{rel}","templated":true}]}}