{"id":384558,"date":"2024-03-30T19:05:41","date_gmt":"2024-03-30T23:05:41","guid":{"rendered":"http:\/\/www.dumoulinbicyclettes.com\/?post_type=product&#038;p=384558"},"modified":"2025-09-04T14:21:16","modified_gmt":"2025-09-04T18:21:16","slug":"tern-nbd-s5i","status":"publish","type":"product","link":"https:\/\/dumoulin.absoludev.ca\/en\/produit\/tern-nbd-s5i\/","title":{"rendered":"Tern NBD S5i"},"content":{"rendered":"<p>V\u00e9lo \u00e0 assistance \u00e9lectrique merveilleusement facile \u00e0 adopter et \u00e0 int\u00e9grer dans son quotidien, le Tern NBD est assur\u00e9ment \u00e0 consid\u00e9rer par tout le monde.<\/p>\n<p>En effet son centre de gravit\u00e9 bas le rend facile \u00e0 rouler. Cette qualit\u00e9 de conduite caract\u00e9ristiques des v\u00e9los <a href=\"https:\/\/www.ternbicycles.com\/en\/bikes\/471\/nbd\" target=\"_blank\" rel=\"noopener\">Tern<\/a> s&#8217;exp\u00e9rimente imm\u00e9diatement : le cadre super bas s&#8217;enjambe sans effort, on se tient moins sur le bout des orteils. C&#8217;est un v\u00e9lo \u00e9lectrique donnant des ailes et qui pourtant n&#8217;est pas sur-dimensionn\u00e9.<\/p>\n","protected":false},"excerpt":{"rendered":"<p>V\u00e9lo \u00e0 assistance \u00e9lectrique merveilleusement facile \u00e0 adopter et \u00e0 int\u00e9grer dans son quotidien, le Tern NBD est assur\u00e9ment \u00e0 consid\u00e9rer par tout le monde. En effet son centre de gravit\u00e9 bas le rend facile \u00e0 rouler. Cette qualit\u00e9 de conduite caract\u00e9ristiques des v\u00e9los Tern s&#8217;exp\u00e9rimente imm\u00e9diatement : le cadre super bas s&#8217;enjambe sans effort, [&hellip;]<\/p>\n","protected":false},"featured_media":391114,"template":"","meta":{"_acf_changed":false},"product_brand":[],"product_cat":[176],"product_tag":[2862,2203],"marque-produit":[154],"collection-produit":[],"type-surface-produit":[],"type-velo-produit":[2164],"vetement-produit":[],"thematique-produit":[],"position-sur-le-v\u00e9lo":[],"class_list":{"0":"post-384558","1":"product","2":"type-product","3":"status-publish","4":"has-post-thumbnail","6":"product_cat-electriques-hybrides","7":"product_tag-nbd","8":"product_tag-tern","9":"marque-produit-tern","10":"type-velo-produit-electriques-en","12":"first","13":"outofstock","14":"taxable","15":"shipping-taxable","16":"purchasable","17":"product-type-variable"},"acf":[],"yoast_head":"<!-- This site is optimized with the Yoast SEO plugin v24.3 - https:\/\/yoast.com\/wordpress\/plugins\/seo\/ -->\n<title>Tern NBD S5i |\u00a0V\u00e9los \u00e9lectriques | Montr\u00e9al | Dumoulin Bicyclettes<\/title>\n<meta name=\"description\" content=\"V\u00e9lo \u00e9lectrique \u00e9quip\u00e9 des derni\u00e8res technologies (courroie, moyeu interne, etc.), le Tern NBD s5i est enthousiasmant. Facile \u00e0 apprivoiser et compact, c&#039;est un charme !\" \/>\n<meta name=\"robots\" content=\"noindex, follow, max-snippet:-1, max-image-preview:large, max-video-preview:-1\" \/>\n<meta property=\"og:locale\" content=\"en_US\" \/>\n<meta property=\"og:type\" content=\"article\" \/>\n<meta property=\"og:title\" content=\"Tern NBD S5i |\u00a0V\u00e9los \u00e9lectriques | Montr\u00e9al | Dumoulin Bicyclettes\" \/>\n<meta property=\"og:description\" content=\"V\u00e9lo \u00e9lectrique \u00e9quip\u00e9 des derni\u00e8res technologies (courroie, moyeu interne, etc.), le Tern NBD s5i est enthousiasmant. Facile \u00e0 apprivoiser et compact, c&#039;est un charme !\" \/>\n<meta property=\"og:url\" content=\"https:\/\/dumoulin.absoludev.ca\/produit\/tern-nbd-s5i\/\" \/>\n<meta property=\"og:site_name\" content=\"Dumoulin Bicyclettes\" \/>\n<meta property=\"article:publisher\" content=\"https:\/\/www.facebook.com\/dumoulinbicyclettes\" \/>\n<meta property=\"article:modified_time\" content=\"2025-09-04T18:21:16+00:00\" \/>\n<meta property=\"og:image\" content=\"https:\/\/dumoulin.absoludev.ca\/wp-content\/uploads\/2024\/04\/tern-nbd-s5i-dumoulin-bicyclettes-blue.jpg\" \/>\n\t<meta property=\"og:image:width\" content=\"2400\" \/>\n\t<meta property=\"og:image:height\" content=\"1600\" \/>\n\t<meta property=\"og:image:type\" content=\"image\/jpeg\" \/>\n<meta name=\"twitter:card\" content=\"summary_large_image\" \/>\n<meta name=\"twitter:label1\" content=\"Est. reading time\" \/>\n\t<meta name=\"twitter:data1\" content=\"1 minute\" \/>\n<script type=\"application\/ld+json\" class=\"yoast-schema-graph\">{\"@context\":\"https:\/\/schema.org\",\"@graph\":[{\"@type\":\"WebPage\",\"@id\":\"https:\/\/dumoulin.absoludev.ca\/produit\/tern-nbd-s5i\/\",\"url\":\"https:\/\/dumoulin.absoludev.ca\/produit\/tern-nbd-s5i\/\",\"name\":\"Tern NBD S5i |\u00a0V\u00e9los \u00e9lectriques | Montr\u00e9al | Dumoulin Bicyclettes\",\"isPartOf\":{\"@id\":\"https:\/\/dumoulin.absoludev.ca\/#website\"},\"primaryImageOfPage\":{\"@id\":\"https:\/\/dumoulin.absoludev.ca\/produit\/tern-nbd-s5i\/#primaryimage\"},\"image\":{\"@id\":\"https:\/\/dumoulin.absoludev.ca\/produit\/tern-nbd-s5i\/#primaryimage\"},\"thumbnailUrl\":\"https:\/\/dumoulin.absoludev.ca\/wp-content\/uploads\/2024\/04\/tern-nbd-s5i-dumoulin-bicyclettes-blue.jpg\",\"datePublished\":\"2024-03-30T23:05:41+00:00\",\"dateModified\":\"2025-09-04T18:21:16+00:00\",\"description\":\"V\u00e9lo \u00e9lectrique \u00e9quip\u00e9 des derni\u00e8res technologies (courroie, moyeu interne, etc.), le Tern NBD s5i est enthousiasmant. Facile \u00e0 apprivoiser et compact, c'est un charme !\",\"breadcrumb\":{\"@id\":\"https:\/\/dumoulin.absoludev.ca\/produit\/tern-nbd-s5i\/#breadcrumb\"},\"inLanguage\":\"en-US\",\"potentialAction\":[{\"@type\":\"ReadAction\",\"target\":[\"https:\/\/dumoulin.absoludev.ca\/produit\/tern-nbd-s5i\/\"]}]},{\"@type\":\"ImageObject\",\"inLanguage\":\"en-US\",\"@id\":\"https:\/\/dumoulin.absoludev.ca\/produit\/tern-nbd-s5i\/#primaryimage\",\"url\":\"https:\/\/dumoulin.absoludev.ca\/wp-content\/uploads\/2024\/04\/tern-nbd-s5i-dumoulin-bicyclettes-blue.jpg\",\"contentUrl\":\"https:\/\/dumoulin.absoludev.ca\/wp-content\/uploads\/2024\/04\/tern-nbd-s5i-dumoulin-bicyclettes-blue.jpg\",\"width\":2400,\"height\":1600,\"caption\":\"Tern-NBD_s5i-dumoulin-bicyclettes-\"},{\"@type\":\"BreadcrumbList\",\"@id\":\"https:\/\/dumoulin.absoludev.ca\/produit\/tern-nbd-s5i\/#breadcrumb\",\"itemListElement\":[{\"@type\":\"ListItem\",\"position\":1,\"name\":\"Home\",\"item\":\"https:\/\/dumoulin.absoludev.ca\/en\/\"},{\"@type\":\"ListItem\",\"position\":2,\"name\":\"Shop\",\"item\":\"https:\/\/dumoulin.absoludev.ca\/en\/shop\/\"},{\"@type\":\"ListItem\",\"position\":3,\"name\":\"Tern NBD S5i\"}]},{\"@type\":\"WebSite\",\"@id\":\"https:\/\/dumoulin.absoludev.ca\/#website\",\"url\":\"https:\/\/dumoulin.absoludev.ca\/\",\"name\":\"Dumoulin Bicyclettes\",\"description\":\"\",\"publisher\":{\"@id\":\"https:\/\/dumoulin.absoludev.ca\/#organization\"},\"potentialAction\":[{\"@type\":\"SearchAction\",\"target\":{\"@type\":\"EntryPoint\",\"urlTemplate\":\"https:\/\/dumoulin.absoludev.ca\/?s={search_term_string}\"},\"query-input\":{\"@type\":\"PropertyValueSpecification\",\"valueRequired\":true,\"valueName\":\"search_term_string\"}}],\"inLanguage\":\"en-US\"},{\"@type\":\"Organization\",\"@id\":\"https:\/\/dumoulin.absoludev.ca\/#organization\",\"name\":\"Dumoulin Bicyclettes\",\"url\":\"https:\/\/dumoulin.absoludev.ca\/\",\"logo\":{\"@type\":\"ImageObject\",\"inLanguage\":\"en-US\",\"@id\":\"https:\/\/dumoulin.absoludev.ca\/#\/schema\/logo\/image\/\",\"url\":\"https:\/\/www.dumoulinbicyclettes.com\/wp-content\/uploads\/2021\/04\/Logo.svg\",\"contentUrl\":\"https:\/\/www.dumoulinbicyclettes.com\/wp-content\/uploads\/2021\/04\/Logo.svg\",\"width\":254,\"height\":86,\"caption\":\"Dumoulin Bicyclettes\"},\"image\":{\"@id\":\"https:\/\/dumoulin.absoludev.ca\/#\/schema\/logo\/image\/\"},\"sameAs\":[\"https:\/\/www.facebook.com\/dumoulinbicyclettes\",\"https:\/\/www.instagram.com\/dumoulin.ca\/\",\"https:\/\/www.youtube.com\/user\/dumoulinbicyclettes\"]}]}<\/script>\n<!-- \/ Yoast SEO plugin. -->","yoast_head_json":{"title":"Tern NBD S5i |\u00a0V\u00e9los \u00e9lectriques | Montr\u00e9al | Dumoulin Bicyclettes","description":"V\u00e9lo \u00e9lectrique \u00e9quip\u00e9 des derni\u00e8res technologies (courroie, moyeu interne, etc.), le Tern NBD s5i est enthousiasmant. Facile \u00e0 apprivoiser et compact, c'est un charme !","robots":{"index":"noindex","follow":"follow","max-snippet":"max-snippet:-1","max-image-preview":"max-image-preview:large","max-video-preview":"max-video-preview:-1"},"og_locale":"en_US","og_type":"article","og_title":"Tern NBD S5i |\u00a0V\u00e9los \u00e9lectriques | Montr\u00e9al | Dumoulin Bicyclettes","og_description":"V\u00e9lo \u00e9lectrique \u00e9quip\u00e9 des derni\u00e8res technologies (courroie, moyeu interne, etc.), le Tern NBD s5i est enthousiasmant. Facile \u00e0 apprivoiser et compact, c'est un charme !","og_url":"https:\/\/dumoulin.absoludev.ca\/produit\/tern-nbd-s5i\/","og_site_name":"Dumoulin Bicyclettes","article_publisher":"https:\/\/www.facebook.com\/dumoulinbicyclettes","article_modified_time":"2025-09-04T18:21:16+00:00","og_image":[{"width":2400,"height":1600,"url":"https:\/\/dumoulin.absoludev.ca\/wp-content\/uploads\/2024\/04\/tern-nbd-s5i-dumoulin-bicyclettes-blue.jpg","type":"image\/jpeg"}],"twitter_card":"summary_large_image","twitter_misc":{"Est. reading time":"1 minute"},"schema":{"@context":"https:\/\/schema.org","@graph":[{"@type":"WebPage","@id":"https:\/\/dumoulin.absoludev.ca\/produit\/tern-nbd-s5i\/","url":"https:\/\/dumoulin.absoludev.ca\/produit\/tern-nbd-s5i\/","name":"Tern NBD S5i |\u00a0V\u00e9los \u00e9lectriques | Montr\u00e9al | Dumoulin Bicyclettes","isPartOf":{"@id":"https:\/\/dumoulin.absoludev.ca\/#website"},"primaryImageOfPage":{"@id":"https:\/\/dumoulin.absoludev.ca\/produit\/tern-nbd-s5i\/#primaryimage"},"image":{"@id":"https:\/\/dumoulin.absoludev.ca\/produit\/tern-nbd-s5i\/#primaryimage"},"thumbnailUrl":"https:\/\/dumoulin.absoludev.ca\/wp-content\/uploads\/2024\/04\/tern-nbd-s5i-dumoulin-bicyclettes-blue.jpg","datePublished":"2024-03-30T23:05:41+00:00","dateModified":"2025-09-04T18:21:16+00:00","description":"V\u00e9lo \u00e9lectrique \u00e9quip\u00e9 des derni\u00e8res technologies (courroie, moyeu interne, etc.), le Tern NBD s5i est enthousiasmant. Facile \u00e0 apprivoiser et compact, c'est un charme !","breadcrumb":{"@id":"https:\/\/dumoulin.absoludev.ca\/produit\/tern-nbd-s5i\/#breadcrumb"},"inLanguage":"en-US","potentialAction":[{"@type":"ReadAction","target":["https:\/\/dumoulin.absoludev.ca\/produit\/tern-nbd-s5i\/"]}]},{"@type":"ImageObject","inLanguage":"en-US","@id":"https:\/\/dumoulin.absoludev.ca\/produit\/tern-nbd-s5i\/#primaryimage","url":"https:\/\/dumoulin.absoludev.ca\/wp-content\/uploads\/2024\/04\/tern-nbd-s5i-dumoulin-bicyclettes-blue.jpg","contentUrl":"https:\/\/dumoulin.absoludev.ca\/wp-content\/uploads\/2024\/04\/tern-nbd-s5i-dumoulin-bicyclettes-blue.jpg","width":2400,"height":1600,"caption":"Tern-NBD_s5i-dumoulin-bicyclettes-"},{"@type":"BreadcrumbList","@id":"https:\/\/dumoulin.absoludev.ca\/produit\/tern-nbd-s5i\/#breadcrumb","itemListElement":[{"@type":"ListItem","position":1,"name":"Home","item":"https:\/\/dumoulin.absoludev.ca\/en\/"},{"@type":"ListItem","position":2,"name":"Shop","item":"https:\/\/dumoulin.absoludev.ca\/en\/shop\/"},{"@type":"ListItem","position":3,"name":"Tern NBD S5i"}]},{"@type":"WebSite","@id":"https:\/\/dumoulin.absoludev.ca\/#website","url":"https:\/\/dumoulin.absoludev.ca\/","name":"Dumoulin Bicyclettes","description":"","publisher":{"@id":"https:\/\/dumoulin.absoludev.ca\/#organization"},"potentialAction":[{"@type":"SearchAction","target":{"@type":"EntryPoint","urlTemplate":"https:\/\/dumoulin.absoludev.ca\/?s={search_term_string}"},"query-input":{"@type":"PropertyValueSpecification","valueRequired":true,"valueName":"search_term_string"}}],"inLanguage":"en-US"},{"@type":"Organization","@id":"https:\/\/dumoulin.absoludev.ca\/#organization","name":"Dumoulin Bicyclettes","url":"https:\/\/dumoulin.absoludev.ca\/","logo":{"@type":"ImageObject","inLanguage":"en-US","@id":"https:\/\/dumoulin.absoludev.ca\/#\/schema\/logo\/image\/","url":"https:\/\/www.dumoulinbicyclettes.com\/wp-content\/uploads\/2021\/04\/Logo.svg","contentUrl":"https:\/\/www.dumoulinbicyclettes.com\/wp-content\/uploads\/2021\/04\/Logo.svg","width":254,"height":86,"caption":"Dumoulin Bicyclettes"},"image":{"@id":"https:\/\/dumoulin.absoludev.ca\/#\/schema\/logo\/image\/"},"sameAs":["https:\/\/www.facebook.com\/dumoulinbicyclettes","https:\/\/www.instagram.com\/dumoulin.ca\/","https:\/\/www.youtube.com\/user\/dumoulinbicyclettes"]}]}},"_links":{"self":[{"href":"https:\/\/dumoulin.absoludev.ca\/en\/wp-json\/wp\/v2\/product\/384558","targetHints":{"allow":["GET"]}}],"collection":[{"href":"https:\/\/dumoulin.absoludev.ca\/en\/wp-json\/wp\/v2\/product"}],"about":[{"href":"https:\/\/dumoulin.absoludev.ca\/en\/wp-json\/wp\/v2\/types\/product"}],"wp:featuredmedia":[{"embeddable":true,"href":"https:\/\/dumoulin.absoludev.ca\/en\/wp-json\/wp\/v2\/media\/391114"}],"wp:attachment":[{"href":"https:\/\/dumoulin.absoludev.ca\/en\/wp-json\/wp\/v2\/media?parent=384558"}],"wp:term":[{"taxonomy":"product_brand","embeddable":true,"href":"https:\/\/dumoulin.absoludev.ca\/en\/wp-json\/wp\/v2\/product_brand?post=384558"},{"taxonomy":"product_cat","embeddable":true,"href":"https:\/\/dumoulin.absoludev.ca\/en\/wp-json\/wp\/v2\/product_cat?post=384558"},{"taxonomy":"product_tag","embeddable":true,"href":"https:\/\/dumoulin.absoludev.ca\/en\/wp-json\/wp\/v2\/product_tag?post=384558"},{"taxonomy":"marque-produit","embeddable":true,"href":"https:\/\/dumoulin.absoludev.ca\/en\/wp-json\/wp\/v2\/marque-produit?post=384558"},{"taxonomy":"collection-produit","embeddable":true,"href":"https:\/\/dumoulin.absoludev.ca\/en\/wp-json\/wp\/v2\/collection-produit?post=384558"},{"taxonomy":"type-surface-produit","embeddable":true,"href":"https:\/\/dumoulin.absoludev.ca\/en\/wp-json\/wp\/v2\/type-surface-produit?post=384558"},{"taxonomy":"type-velo-produit","embeddable":true,"href":"https:\/\/dumoulin.absoludev.ca\/en\/wp-json\/wp\/v2\/type-velo-produit?post=384558"},{"taxonomy":"vetement-produit","embeddable":true,"href":"https:\/\/dumoulin.absoludev.ca\/en\/wp-json\/wp\/v2\/vetement-produit?post=384558"},{"taxonomy":"thematique-produit","embeddable":true,"href":"https:\/\/dumoulin.absoludev.ca\/en\/wp-json\/wp\/v2\/thematique-produit?post=384558"},{"taxonomy":"position-sur-le-v\u00e9lo","embeddable":true,"href":"https:\/\/dumoulin.absoludev.ca\/en\/wp-json\/wp\/v2\/position-sur-le-v\u00e9lo?post=384558"}],"curies":[{"name":"wp","href":"https:\/\/api.w.org\/{rel}","templated":true}]}}