{"id":384556,"date":"2024-03-30T19:03:31","date_gmt":"2024-03-30T23:03:31","guid":{"rendered":"http:\/\/www.dumoulinbicyclettes.com\/?post_type=product&#038;p=384556"},"modified":"2025-09-04T14:17:57","modified_gmt":"2025-09-04T18:17:57","slug":"tern-verge-s8i","status":"publish","type":"product","link":"https:\/\/dumoulin.absoludev.ca\/en\/produit\/tern-verge-s8i\/","title":{"rendered":"Tern Verge S8i"},"content":{"rendered":"<p>V\u00e9lo pliable utilitaire, taill\u00e9 pour les d\u00e9placements urbains, le Verge S8i contente les cyclistes du quotidien.<\/p>\n<p>Construit autour de la courroie Gates, qui remplace la chaine graisseuse \u00e0 lubrifier, ce v\u00e9lo a les \u00e9quipements qui facilitent l&#8217;adoption du v\u00e9lo comme mode de transport: garde-boue, porte-bagages, b\u00e9quille, <a href=\"https:\/\/www.dumoulinbicyclettes.com\/lumiere-sur-les-dynamos\/\">\u00e9clairage par dynamo<\/a>.<\/p>\n<p>Simple, efficace et utilitaire, le <a href=\"https:\/\/www.ternbicycles.com\/en\/bikes\/472\/verge-s8i\" rel=\"noopener\" target=\"_blank\">Tern<\/a> Verge S8i est un super hybride pliable, id\u00e9al pour se tranquilliser face \u00e0 la question du vol de v\u00e9lo.<\/p>\n","protected":false},"excerpt":{"rendered":"<p>V\u00e9lo pliable utilitaire, taill\u00e9 pour les d\u00e9placements urbains, le Verge S8i contente les cyclistes du quotidien. Construit autour de la courroie Gates, qui remplace la chaine graisseuse \u00e0 lubrifier, ce v\u00e9lo a les \u00e9quipements qui facilitent l&#8217;adoption du v\u00e9lo comme mode de transport: garde-boue, porte-bagages, b\u00e9quille, \u00e9clairage par dynamo. Simple, efficace et utilitaire, le Tern [&hellip;]<\/p>\n","protected":false},"featured_media":389702,"template":"","meta":{"_acf_changed":false},"product_brand":[],"product_cat":[1205],"product_tag":[2203,3050],"marque-produit":[154],"collection-produit":[],"type-surface-produit":[],"type-velo-produit":[1253],"vetement-produit":[],"thematique-produit":[],"position-sur-le-v\u00e9lo":[],"class_list":{"0":"post-384556","1":"product","2":"type-product","3":"status-publish","4":"has-post-thumbnail","6":"product_cat-velos-pliables","7":"product_tag-tern","8":"product_tag-verge","9":"marque-produit-tern","10":"type-velo-produit-pliables","12":"first","13":"instock","14":"taxable","15":"shipping-taxable","16":"purchasable","17":"product-type-variable"},"acf":[],"yoast_head":"<!-- This site is optimized with the Yoast SEO plugin v24.3 - https:\/\/yoast.com\/wordpress\/plugins\/seo\/ -->\n<title>Tern Verge S8i - Dumoulin Bicyclettes |V\u00e9lo pliable | Courroie Gates Carbon Drive<\/title>\n<meta name=\"description\" content=\"\u00c9quip\u00e9 pour les d\u00e9placements quotidiens, le Tern Verge S8i est une solution superbe pour contrer le vol de v\u00e9los. Pliable, moderne, confortable et fiable, Verge S8i.\" \/>\n<meta name=\"robots\" content=\"noindex, follow, max-snippet:-1, max-image-preview:large, max-video-preview:-1\" \/>\n<meta property=\"og:locale\" content=\"en_US\" \/>\n<meta property=\"og:type\" content=\"article\" \/>\n<meta property=\"og:title\" content=\"Tern Verge S8i - Dumoulin Bicyclettes |V\u00e9lo pliable | Courroie Gates Carbon Drive\" \/>\n<meta property=\"og:description\" content=\"\u00c9quip\u00e9 pour les d\u00e9placements quotidiens, le Tern Verge S8i est une solution superbe pour contrer le vol de v\u00e9los. Pliable, moderne, confortable et fiable, Verge S8i.\" \/>\n<meta property=\"og:url\" content=\"https:\/\/dumoulin.absoludev.ca\/produit\/tern-verge-s8i\/\" \/>\n<meta property=\"og:site_name\" content=\"Dumoulin Bicyclettes\" \/>\n<meta property=\"article:publisher\" content=\"https:\/\/www.facebook.com\/dumoulinbicyclettes\" \/>\n<meta property=\"article:modified_time\" content=\"2025-09-04T18:17:57+00:00\" \/>\n<meta property=\"og:image\" content=\"https:\/\/dumoulin.absoludev.ca\/wp-content\/uploads\/2024\/03\/velo-pliable-tern-verge-s8i-satin-space-grey-silver-unfold.jpg\" \/>\n\t<meta property=\"og:image:width\" content=\"1200\" \/>\n\t<meta property=\"og:image:height\" content=\"800\" \/>\n\t<meta property=\"og:image:type\" content=\"image\/jpeg\" \/>\n<meta name=\"twitter:card\" content=\"summary_large_image\" \/>\n<meta name=\"twitter:label1\" content=\"Est. reading time\" \/>\n\t<meta name=\"twitter:data1\" content=\"1 minute\" \/>\n<script type=\"application\/ld+json\" class=\"yoast-schema-graph\">{\"@context\":\"https:\/\/schema.org\",\"@graph\":[{\"@type\":\"WebPage\",\"@id\":\"https:\/\/dumoulin.absoludev.ca\/produit\/tern-verge-s8i\/\",\"url\":\"https:\/\/dumoulin.absoludev.ca\/produit\/tern-verge-s8i\/\",\"name\":\"Tern Verge S8i - Dumoulin Bicyclettes |V\u00e9lo pliable | Courroie Gates Carbon Drive\",\"isPartOf\":{\"@id\":\"https:\/\/dumoulin.absoludev.ca\/#website\"},\"primaryImageOfPage\":{\"@id\":\"https:\/\/dumoulin.absoludev.ca\/produit\/tern-verge-s8i\/#primaryimage\"},\"image\":{\"@id\":\"https:\/\/dumoulin.absoludev.ca\/produit\/tern-verge-s8i\/#primaryimage\"},\"thumbnailUrl\":\"https:\/\/dumoulin.absoludev.ca\/wp-content\/uploads\/2024\/03\/velo-pliable-tern-verge-s8i-satin-space-grey-silver-unfold.jpg\",\"datePublished\":\"2024-03-30T23:03:31+00:00\",\"dateModified\":\"2025-09-04T18:17:57+00:00\",\"description\":\"\u00c9quip\u00e9 pour les d\u00e9placements quotidiens, le Tern Verge S8i est une solution superbe pour contrer le vol de v\u00e9los. Pliable, moderne, confortable et fiable, Verge S8i.\",\"breadcrumb\":{\"@id\":\"https:\/\/dumoulin.absoludev.ca\/produit\/tern-verge-s8i\/#breadcrumb\"},\"inLanguage\":\"en-US\",\"potentialAction\":[{\"@type\":\"ReadAction\",\"target\":[\"https:\/\/dumoulin.absoludev.ca\/produit\/tern-verge-s8i\/\"]}]},{\"@type\":\"ImageObject\",\"inLanguage\":\"en-US\",\"@id\":\"https:\/\/dumoulin.absoludev.ca\/produit\/tern-verge-s8i\/#primaryimage\",\"url\":\"https:\/\/dumoulin.absoludev.ca\/wp-content\/uploads\/2024\/03\/velo-pliable-tern-verge-s8i-satin-space-grey-silver-unfold.jpg\",\"contentUrl\":\"https:\/\/dumoulin.absoludev.ca\/wp-content\/uploads\/2024\/03\/velo-pliable-tern-verge-s8i-satin-space-grey-silver-unfold.jpg\",\"width\":1200,\"height\":800,\"caption\":\"velo-pliable-tern-Verge_S8i-satin_space_grey-silver-unfold\"},{\"@type\":\"BreadcrumbList\",\"@id\":\"https:\/\/dumoulin.absoludev.ca\/produit\/tern-verge-s8i\/#breadcrumb\",\"itemListElement\":[{\"@type\":\"ListItem\",\"position\":1,\"name\":\"Home\",\"item\":\"https:\/\/dumoulin.absoludev.ca\/en\/\"},{\"@type\":\"ListItem\",\"position\":2,\"name\":\"Shop\",\"item\":\"https:\/\/dumoulin.absoludev.ca\/en\/shop\/\"},{\"@type\":\"ListItem\",\"position\":3,\"name\":\"Tern Verge S8i\"}]},{\"@type\":\"WebSite\",\"@id\":\"https:\/\/dumoulin.absoludev.ca\/#website\",\"url\":\"https:\/\/dumoulin.absoludev.ca\/\",\"name\":\"Dumoulin Bicyclettes\",\"description\":\"\",\"publisher\":{\"@id\":\"https:\/\/dumoulin.absoludev.ca\/#organization\"},\"potentialAction\":[{\"@type\":\"SearchAction\",\"target\":{\"@type\":\"EntryPoint\",\"urlTemplate\":\"https:\/\/dumoulin.absoludev.ca\/?s={search_term_string}\"},\"query-input\":{\"@type\":\"PropertyValueSpecification\",\"valueRequired\":true,\"valueName\":\"search_term_string\"}}],\"inLanguage\":\"en-US\"},{\"@type\":\"Organization\",\"@id\":\"https:\/\/dumoulin.absoludev.ca\/#organization\",\"name\":\"Dumoulin Bicyclettes\",\"url\":\"https:\/\/dumoulin.absoludev.ca\/\",\"logo\":{\"@type\":\"ImageObject\",\"inLanguage\":\"en-US\",\"@id\":\"https:\/\/dumoulin.absoludev.ca\/#\/schema\/logo\/image\/\",\"url\":\"https:\/\/www.dumoulinbicyclettes.com\/wp-content\/uploads\/2021\/04\/Logo.svg\",\"contentUrl\":\"https:\/\/www.dumoulinbicyclettes.com\/wp-content\/uploads\/2021\/04\/Logo.svg\",\"width\":254,\"height\":86,\"caption\":\"Dumoulin Bicyclettes\"},\"image\":{\"@id\":\"https:\/\/dumoulin.absoludev.ca\/#\/schema\/logo\/image\/\"},\"sameAs\":[\"https:\/\/www.facebook.com\/dumoulinbicyclettes\",\"https:\/\/www.instagram.com\/dumoulin.ca\/\",\"https:\/\/www.youtube.com\/user\/dumoulinbicyclettes\"]}]}<\/script>\n<!-- \/ Yoast SEO plugin. -->","yoast_head_json":{"title":"Tern Verge S8i - Dumoulin Bicyclettes |V\u00e9lo pliable | Courroie Gates Carbon Drive","description":"\u00c9quip\u00e9 pour les d\u00e9placements quotidiens, le Tern Verge S8i est une solution superbe pour contrer le vol de v\u00e9los. Pliable, moderne, confortable et fiable, Verge S8i.","robots":{"index":"noindex","follow":"follow","max-snippet":"max-snippet:-1","max-image-preview":"max-image-preview:large","max-video-preview":"max-video-preview:-1"},"og_locale":"en_US","og_type":"article","og_title":"Tern Verge S8i - Dumoulin Bicyclettes |V\u00e9lo pliable | Courroie Gates Carbon Drive","og_description":"\u00c9quip\u00e9 pour les d\u00e9placements quotidiens, le Tern Verge S8i est une solution superbe pour contrer le vol de v\u00e9los. Pliable, moderne, confortable et fiable, Verge S8i.","og_url":"https:\/\/dumoulin.absoludev.ca\/produit\/tern-verge-s8i\/","og_site_name":"Dumoulin Bicyclettes","article_publisher":"https:\/\/www.facebook.com\/dumoulinbicyclettes","article_modified_time":"2025-09-04T18:17:57+00:00","og_image":[{"width":1200,"height":800,"url":"https:\/\/dumoulin.absoludev.ca\/wp-content\/uploads\/2024\/03\/velo-pliable-tern-verge-s8i-satin-space-grey-silver-unfold.jpg","type":"image\/jpeg"}],"twitter_card":"summary_large_image","twitter_misc":{"Est. reading time":"1 minute"},"schema":{"@context":"https:\/\/schema.org","@graph":[{"@type":"WebPage","@id":"https:\/\/dumoulin.absoludev.ca\/produit\/tern-verge-s8i\/","url":"https:\/\/dumoulin.absoludev.ca\/produit\/tern-verge-s8i\/","name":"Tern Verge S8i - Dumoulin Bicyclettes |V\u00e9lo pliable | Courroie Gates Carbon Drive","isPartOf":{"@id":"https:\/\/dumoulin.absoludev.ca\/#website"},"primaryImageOfPage":{"@id":"https:\/\/dumoulin.absoludev.ca\/produit\/tern-verge-s8i\/#primaryimage"},"image":{"@id":"https:\/\/dumoulin.absoludev.ca\/produit\/tern-verge-s8i\/#primaryimage"},"thumbnailUrl":"https:\/\/dumoulin.absoludev.ca\/wp-content\/uploads\/2024\/03\/velo-pliable-tern-verge-s8i-satin-space-grey-silver-unfold.jpg","datePublished":"2024-03-30T23:03:31+00:00","dateModified":"2025-09-04T18:17:57+00:00","description":"\u00c9quip\u00e9 pour les d\u00e9placements quotidiens, le Tern Verge S8i est une solution superbe pour contrer le vol de v\u00e9los. Pliable, moderne, confortable et fiable, Verge S8i.","breadcrumb":{"@id":"https:\/\/dumoulin.absoludev.ca\/produit\/tern-verge-s8i\/#breadcrumb"},"inLanguage":"en-US","potentialAction":[{"@type":"ReadAction","target":["https:\/\/dumoulin.absoludev.ca\/produit\/tern-verge-s8i\/"]}]},{"@type":"ImageObject","inLanguage":"en-US","@id":"https:\/\/dumoulin.absoludev.ca\/produit\/tern-verge-s8i\/#primaryimage","url":"https:\/\/dumoulin.absoludev.ca\/wp-content\/uploads\/2024\/03\/velo-pliable-tern-verge-s8i-satin-space-grey-silver-unfold.jpg","contentUrl":"https:\/\/dumoulin.absoludev.ca\/wp-content\/uploads\/2024\/03\/velo-pliable-tern-verge-s8i-satin-space-grey-silver-unfold.jpg","width":1200,"height":800,"caption":"velo-pliable-tern-Verge_S8i-satin_space_grey-silver-unfold"},{"@type":"BreadcrumbList","@id":"https:\/\/dumoulin.absoludev.ca\/produit\/tern-verge-s8i\/#breadcrumb","itemListElement":[{"@type":"ListItem","position":1,"name":"Home","item":"https:\/\/dumoulin.absoludev.ca\/en\/"},{"@type":"ListItem","position":2,"name":"Shop","item":"https:\/\/dumoulin.absoludev.ca\/en\/shop\/"},{"@type":"ListItem","position":3,"name":"Tern Verge S8i"}]},{"@type":"WebSite","@id":"https:\/\/dumoulin.absoludev.ca\/#website","url":"https:\/\/dumoulin.absoludev.ca\/","name":"Dumoulin Bicyclettes","description":"","publisher":{"@id":"https:\/\/dumoulin.absoludev.ca\/#organization"},"potentialAction":[{"@type":"SearchAction","target":{"@type":"EntryPoint","urlTemplate":"https:\/\/dumoulin.absoludev.ca\/?s={search_term_string}"},"query-input":{"@type":"PropertyValueSpecification","valueRequired":true,"valueName":"search_term_string"}}],"inLanguage":"en-US"},{"@type":"Organization","@id":"https:\/\/dumoulin.absoludev.ca\/#organization","name":"Dumoulin Bicyclettes","url":"https:\/\/dumoulin.absoludev.ca\/","logo":{"@type":"ImageObject","inLanguage":"en-US","@id":"https:\/\/dumoulin.absoludev.ca\/#\/schema\/logo\/image\/","url":"https:\/\/www.dumoulinbicyclettes.com\/wp-content\/uploads\/2021\/04\/Logo.svg","contentUrl":"https:\/\/www.dumoulinbicyclettes.com\/wp-content\/uploads\/2021\/04\/Logo.svg","width":254,"height":86,"caption":"Dumoulin Bicyclettes"},"image":{"@id":"https:\/\/dumoulin.absoludev.ca\/#\/schema\/logo\/image\/"},"sameAs":["https:\/\/www.facebook.com\/dumoulinbicyclettes","https:\/\/www.instagram.com\/dumoulin.ca\/","https:\/\/www.youtube.com\/user\/dumoulinbicyclettes"]}]}},"_links":{"self":[{"href":"https:\/\/dumoulin.absoludev.ca\/en\/wp-json\/wp\/v2\/product\/384556","targetHints":{"allow":["GET"]}}],"collection":[{"href":"https:\/\/dumoulin.absoludev.ca\/en\/wp-json\/wp\/v2\/product"}],"about":[{"href":"https:\/\/dumoulin.absoludev.ca\/en\/wp-json\/wp\/v2\/types\/product"}],"wp:featuredmedia":[{"embeddable":true,"href":"https:\/\/dumoulin.absoludev.ca\/en\/wp-json\/wp\/v2\/media\/389702"}],"wp:attachment":[{"href":"https:\/\/dumoulin.absoludev.ca\/en\/wp-json\/wp\/v2\/media?parent=384556"}],"wp:term":[{"taxonomy":"product_brand","embeddable":true,"href":"https:\/\/dumoulin.absoludev.ca\/en\/wp-json\/wp\/v2\/product_brand?post=384556"},{"taxonomy":"product_cat","embeddable":true,"href":"https:\/\/dumoulin.absoludev.ca\/en\/wp-json\/wp\/v2\/product_cat?post=384556"},{"taxonomy":"product_tag","embeddable":true,"href":"https:\/\/dumoulin.absoludev.ca\/en\/wp-json\/wp\/v2\/product_tag?post=384556"},{"taxonomy":"marque-produit","embeddable":true,"href":"https:\/\/dumoulin.absoludev.ca\/en\/wp-json\/wp\/v2\/marque-produit?post=384556"},{"taxonomy":"collection-produit","embeddable":true,"href":"https:\/\/dumoulin.absoludev.ca\/en\/wp-json\/wp\/v2\/collection-produit?post=384556"},{"taxonomy":"type-surface-produit","embeddable":true,"href":"https:\/\/dumoulin.absoludev.ca\/en\/wp-json\/wp\/v2\/type-surface-produit?post=384556"},{"taxonomy":"type-velo-produit","embeddable":true,"href":"https:\/\/dumoulin.absoludev.ca\/en\/wp-json\/wp\/v2\/type-velo-produit?post=384556"},{"taxonomy":"vetement-produit","embeddable":true,"href":"https:\/\/dumoulin.absoludev.ca\/en\/wp-json\/wp\/v2\/vetement-produit?post=384556"},{"taxonomy":"thematique-produit","embeddable":true,"href":"https:\/\/dumoulin.absoludev.ca\/en\/wp-json\/wp\/v2\/thematique-produit?post=384556"},{"taxonomy":"position-sur-le-v\u00e9lo","embeddable":true,"href":"https:\/\/dumoulin.absoludev.ca\/en\/wp-json\/wp\/v2\/position-sur-le-v\u00e9lo?post=384556"}],"curies":[{"name":"wp","href":"https:\/\/api.w.org\/{rel}","templated":true}]}}