{"id":383405,"date":"2024-03-28T20:06:24","date_gmt":"2024-03-29T00:06:24","guid":{"rendered":"http:\/\/www.dumoulinbicyclettes.com\/?post_type=product&#038;p=383405"},"modified":"2025-08-01T16:19:06","modified_gmt":"2025-08-01T20:19:06","slug":"tern-verge-d9","status":"publish","type":"product","link":"https:\/\/dumoulin.absoludev.ca\/en\/produit\/tern-verge-d9\/","title":{"rendered":"Tern Verge D9"},"content":{"rendered":"<p>V\u00e9lo pliable confortable, le Tern Verge D9 se distingue par ses roues de 20&#8243; un peu plus grandes que la moyenne. R\u00e9sultat ? un sentiment plus proche d&#8217;un v\u00e9lo classique, tout en ayant une incidence minime sur la compacit\u00e9 du v\u00e9lo une fois pli\u00e9.<\/p>\n<p>Le Verge D9 est efficace et destin\u00e9 \u00e0 toutes les personnes qui veulent se d\u00e9placer au quotidien, tout en r\u00e9duisant au mieux les risques de vol. Pliable ais\u00e9ment, le Verge D9 s\u00e9duit les cyclistes qui veulent essayer d&#8217;int\u00e9grer un v\u00e9lo pliable dans leur mode de vie.<\/p>\n<p> \u00c0 voir ! <\/p>\n","protected":false},"excerpt":{"rendered":"<p>V\u00e9lo pliable confortable, le Tern Verge D9 se distingue par ses roues de 20&#8243; un peu plus grandes que la moyenne. R\u00e9sultat ? un sentiment plus proche d&#8217;un v\u00e9lo classique, tout en ayant une incidence minime sur la compacit\u00e9 du v\u00e9lo une fois pli\u00e9. Le Verge D9 est efficace et destin\u00e9 \u00e0 toutes les personnes [&hellip;]<\/p>\n","protected":false},"featured_media":383472,"template":"","meta":{"_acf_changed":false},"product_brand":[],"product_cat":[1205],"product_tag":[2203,3048],"marque-produit":[154],"collection-produit":[],"type-surface-produit":[],"type-velo-produit":[1253],"vetement-produit":[],"thematique-produit":[],"position-sur-le-v\u00e9lo":[],"class_list":{"0":"post-383405","1":"product","2":"type-product","3":"status-publish","4":"has-post-thumbnail","6":"product_cat-velos-pliables","7":"product_tag-tern","8":"product_tag-verge-d9","9":"marque-produit-tern","10":"type-velo-produit-pliables","12":"first","13":"instock","14":"sale","15":"taxable","16":"shipping-taxable","17":"purchasable","18":"product-type-variable"},"acf":[],"yoast_head":"<!-- This site is optimized with the Yoast SEO plugin v24.3 - https:\/\/yoast.com\/wordpress\/plugins\/seo\/ -->\n<title>Tern Verge D9 | V\u00e9lo pliable |\u00a0Montr\u00e9al | Dumoulin Bicyclettes<\/title>\n<meta name=\"description\" content=\"Simple, efficace, compact, le Tern Verge D9 est un choix de coeur et de raison pour toutes les personnes qui souhaitent int\u00e9grer le v\u00e9lo pliable dans leur quotidien.\" \/>\n<meta name=\"robots\" content=\"noindex, follow, max-snippet:-1, max-image-preview:large, max-video-preview:-1\" \/>\n<meta property=\"og:locale\" content=\"en_US\" \/>\n<meta property=\"og:type\" content=\"article\" \/>\n<meta property=\"og:title\" content=\"Tern Verge D9 | V\u00e9lo pliable |\u00a0Montr\u00e9al | Dumoulin Bicyclettes\" \/>\n<meta property=\"og:description\" content=\"Simple, efficace, compact, le Tern Verge D9 est un choix de coeur et de raison pour toutes les personnes qui souhaitent int\u00e9grer le v\u00e9lo pliable dans leur quotidien.\" \/>\n<meta property=\"og:url\" content=\"https:\/\/dumoulin.absoludev.ca\/en\/produit\/tern-verge-d9\/\" \/>\n<meta property=\"og:site_name\" content=\"Dumoulin Bicyclettes\" \/>\n<meta property=\"article:publisher\" content=\"https:\/\/www.facebook.com\/dumoulinbicyclettes\" \/>\n<meta property=\"article:modified_time\" content=\"2025-08-01T20:19:06+00:00\" \/>\n<meta property=\"og:image\" content=\"https:\/\/dumoulin.absoludev.ca\/wp-content\/uploads\/2024\/03\/velo-pliable-tern-verge-d9-montreal-quebec-verge-d9-00-red-red-silver-unfold.jpg\" \/>\n\t<meta property=\"og:image:width\" content=\"1200\" \/>\n\t<meta property=\"og:image:height\" content=\"800\" \/>\n\t<meta property=\"og:image:type\" content=\"image\/jpeg\" \/>\n<meta name=\"twitter:card\" content=\"summary_large_image\" \/>\n<meta name=\"twitter:label1\" content=\"Est. reading time\" \/>\n\t<meta name=\"twitter:data1\" content=\"1 minute\" \/>\n<script type=\"application\/ld+json\" class=\"yoast-schema-graph\">{\"@context\":\"https:\/\/schema.org\",\"@graph\":[{\"@type\":\"WebPage\",\"@id\":\"https:\/\/dumoulin.absoludev.ca\/en\/produit\/tern-verge-d9\/\",\"url\":\"https:\/\/dumoulin.absoludev.ca\/en\/produit\/tern-verge-d9\/\",\"name\":\"Tern Verge D9 | V\u00e9lo pliable |\u00a0Montr\u00e9al | Dumoulin Bicyclettes\",\"isPartOf\":{\"@id\":\"https:\/\/dumoulin.absoludev.ca\/#website\"},\"primaryImageOfPage\":{\"@id\":\"https:\/\/dumoulin.absoludev.ca\/en\/produit\/tern-verge-d9\/#primaryimage\"},\"image\":{\"@id\":\"https:\/\/dumoulin.absoludev.ca\/en\/produit\/tern-verge-d9\/#primaryimage\"},\"thumbnailUrl\":\"https:\/\/dumoulin.absoludev.ca\/wp-content\/uploads\/2024\/03\/velo-pliable-tern-verge-d9-montreal-quebec-verge-d9-00-red-red-silver-unfold.jpg\",\"datePublished\":\"2024-03-29T00:06:24+00:00\",\"dateModified\":\"2025-08-01T20:19:06+00:00\",\"description\":\"Simple, efficace, compact, le Tern Verge D9 est un choix de coeur et de raison pour toutes les personnes qui souhaitent int\u00e9grer le v\u00e9lo pliable dans leur quotidien.\",\"breadcrumb\":{\"@id\":\"https:\/\/dumoulin.absoludev.ca\/en\/produit\/tern-verge-d9\/#breadcrumb\"},\"inLanguage\":\"en-US\",\"potentialAction\":[{\"@type\":\"ReadAction\",\"target\":[\"https:\/\/dumoulin.absoludev.ca\/en\/produit\/tern-verge-d9\/\"]}]},{\"@type\":\"ImageObject\",\"inLanguage\":\"en-US\",\"@id\":\"https:\/\/dumoulin.absoludev.ca\/en\/produit\/tern-verge-d9\/#primaryimage\",\"url\":\"https:\/\/dumoulin.absoludev.ca\/wp-content\/uploads\/2024\/03\/velo-pliable-tern-verge-d9-montreal-quebec-verge-d9-00-red-red-silver-unfold.jpg\",\"contentUrl\":\"https:\/\/dumoulin.absoludev.ca\/wp-content\/uploads\/2024\/03\/velo-pliable-tern-verge-d9-montreal-quebec-verge-d9-00-red-red-silver-unfold.jpg\",\"width\":1200,\"height\":800,\"caption\":\"Velo-pliable-Tern_Verge_D9-Montreal-quebec-\"},{\"@type\":\"BreadcrumbList\",\"@id\":\"https:\/\/dumoulin.absoludev.ca\/en\/produit\/tern-verge-d9\/#breadcrumb\",\"itemListElement\":[{\"@type\":\"ListItem\",\"position\":1,\"name\":\"Home\",\"item\":\"https:\/\/dumoulin.absoludev.ca\/en\/\"},{\"@type\":\"ListItem\",\"position\":2,\"name\":\"Shop\",\"item\":\"https:\/\/dumoulin.absoludev.ca\/en\/shop\/\"},{\"@type\":\"ListItem\",\"position\":3,\"name\":\"Tern Verge D9\"}]},{\"@type\":\"WebSite\",\"@id\":\"https:\/\/dumoulin.absoludev.ca\/#website\",\"url\":\"https:\/\/dumoulin.absoludev.ca\/\",\"name\":\"Dumoulin Bicyclettes\",\"description\":\"\",\"publisher\":{\"@id\":\"https:\/\/dumoulin.absoludev.ca\/#organization\"},\"potentialAction\":[{\"@type\":\"SearchAction\",\"target\":{\"@type\":\"EntryPoint\",\"urlTemplate\":\"https:\/\/dumoulin.absoludev.ca\/?s={search_term_string}\"},\"query-input\":{\"@type\":\"PropertyValueSpecification\",\"valueRequired\":true,\"valueName\":\"search_term_string\"}}],\"inLanguage\":\"en-US\"},{\"@type\":\"Organization\",\"@id\":\"https:\/\/dumoulin.absoludev.ca\/#organization\",\"name\":\"Dumoulin Bicyclettes\",\"url\":\"https:\/\/dumoulin.absoludev.ca\/\",\"logo\":{\"@type\":\"ImageObject\",\"inLanguage\":\"en-US\",\"@id\":\"https:\/\/dumoulin.absoludev.ca\/#\/schema\/logo\/image\/\",\"url\":\"https:\/\/www.dumoulinbicyclettes.com\/wp-content\/uploads\/2021\/04\/Logo.svg\",\"contentUrl\":\"https:\/\/www.dumoulinbicyclettes.com\/wp-content\/uploads\/2021\/04\/Logo.svg\",\"width\":254,\"height\":86,\"caption\":\"Dumoulin Bicyclettes\"},\"image\":{\"@id\":\"https:\/\/dumoulin.absoludev.ca\/#\/schema\/logo\/image\/\"},\"sameAs\":[\"https:\/\/www.facebook.com\/dumoulinbicyclettes\",\"https:\/\/www.instagram.com\/dumoulin.ca\/\",\"https:\/\/www.youtube.com\/user\/dumoulinbicyclettes\"]}]}<\/script>\n<!-- \/ Yoast SEO plugin. -->","yoast_head_json":{"title":"Tern Verge D9 | V\u00e9lo pliable |\u00a0Montr\u00e9al | Dumoulin Bicyclettes","description":"Simple, efficace, compact, le Tern Verge D9 est un choix de coeur et de raison pour toutes les personnes qui souhaitent int\u00e9grer le v\u00e9lo pliable dans leur quotidien.","robots":{"index":"noindex","follow":"follow","max-snippet":"max-snippet:-1","max-image-preview":"max-image-preview:large","max-video-preview":"max-video-preview:-1"},"og_locale":"en_US","og_type":"article","og_title":"Tern Verge D9 | V\u00e9lo pliable |\u00a0Montr\u00e9al | Dumoulin Bicyclettes","og_description":"Simple, efficace, compact, le Tern Verge D9 est un choix de coeur et de raison pour toutes les personnes qui souhaitent int\u00e9grer le v\u00e9lo pliable dans leur quotidien.","og_url":"https:\/\/dumoulin.absoludev.ca\/en\/produit\/tern-verge-d9\/","og_site_name":"Dumoulin Bicyclettes","article_publisher":"https:\/\/www.facebook.com\/dumoulinbicyclettes","article_modified_time":"2025-08-01T20:19:06+00:00","og_image":[{"width":1200,"height":800,"url":"https:\/\/dumoulin.absoludev.ca\/wp-content\/uploads\/2024\/03\/velo-pliable-tern-verge-d9-montreal-quebec-verge-d9-00-red-red-silver-unfold.jpg","type":"image\/jpeg"}],"twitter_card":"summary_large_image","twitter_misc":{"Est. reading time":"1 minute"},"schema":{"@context":"https:\/\/schema.org","@graph":[{"@type":"WebPage","@id":"https:\/\/dumoulin.absoludev.ca\/en\/produit\/tern-verge-d9\/","url":"https:\/\/dumoulin.absoludev.ca\/en\/produit\/tern-verge-d9\/","name":"Tern Verge D9 | V\u00e9lo pliable |\u00a0Montr\u00e9al | Dumoulin Bicyclettes","isPartOf":{"@id":"https:\/\/dumoulin.absoludev.ca\/#website"},"primaryImageOfPage":{"@id":"https:\/\/dumoulin.absoludev.ca\/en\/produit\/tern-verge-d9\/#primaryimage"},"image":{"@id":"https:\/\/dumoulin.absoludev.ca\/en\/produit\/tern-verge-d9\/#primaryimage"},"thumbnailUrl":"https:\/\/dumoulin.absoludev.ca\/wp-content\/uploads\/2024\/03\/velo-pliable-tern-verge-d9-montreal-quebec-verge-d9-00-red-red-silver-unfold.jpg","datePublished":"2024-03-29T00:06:24+00:00","dateModified":"2025-08-01T20:19:06+00:00","description":"Simple, efficace, compact, le Tern Verge D9 est un choix de coeur et de raison pour toutes les personnes qui souhaitent int\u00e9grer le v\u00e9lo pliable dans leur quotidien.","breadcrumb":{"@id":"https:\/\/dumoulin.absoludev.ca\/en\/produit\/tern-verge-d9\/#breadcrumb"},"inLanguage":"en-US","potentialAction":[{"@type":"ReadAction","target":["https:\/\/dumoulin.absoludev.ca\/en\/produit\/tern-verge-d9\/"]}]},{"@type":"ImageObject","inLanguage":"en-US","@id":"https:\/\/dumoulin.absoludev.ca\/en\/produit\/tern-verge-d9\/#primaryimage","url":"https:\/\/dumoulin.absoludev.ca\/wp-content\/uploads\/2024\/03\/velo-pliable-tern-verge-d9-montreal-quebec-verge-d9-00-red-red-silver-unfold.jpg","contentUrl":"https:\/\/dumoulin.absoludev.ca\/wp-content\/uploads\/2024\/03\/velo-pliable-tern-verge-d9-montreal-quebec-verge-d9-00-red-red-silver-unfold.jpg","width":1200,"height":800,"caption":"Velo-pliable-Tern_Verge_D9-Montreal-quebec-"},{"@type":"BreadcrumbList","@id":"https:\/\/dumoulin.absoludev.ca\/en\/produit\/tern-verge-d9\/#breadcrumb","itemListElement":[{"@type":"ListItem","position":1,"name":"Home","item":"https:\/\/dumoulin.absoludev.ca\/en\/"},{"@type":"ListItem","position":2,"name":"Shop","item":"https:\/\/dumoulin.absoludev.ca\/en\/shop\/"},{"@type":"ListItem","position":3,"name":"Tern Verge D9"}]},{"@type":"WebSite","@id":"https:\/\/dumoulin.absoludev.ca\/#website","url":"https:\/\/dumoulin.absoludev.ca\/","name":"Dumoulin Bicyclettes","description":"","publisher":{"@id":"https:\/\/dumoulin.absoludev.ca\/#organization"},"potentialAction":[{"@type":"SearchAction","target":{"@type":"EntryPoint","urlTemplate":"https:\/\/dumoulin.absoludev.ca\/?s={search_term_string}"},"query-input":{"@type":"PropertyValueSpecification","valueRequired":true,"valueName":"search_term_string"}}],"inLanguage":"en-US"},{"@type":"Organization","@id":"https:\/\/dumoulin.absoludev.ca\/#organization","name":"Dumoulin Bicyclettes","url":"https:\/\/dumoulin.absoludev.ca\/","logo":{"@type":"ImageObject","inLanguage":"en-US","@id":"https:\/\/dumoulin.absoludev.ca\/#\/schema\/logo\/image\/","url":"https:\/\/www.dumoulinbicyclettes.com\/wp-content\/uploads\/2021\/04\/Logo.svg","contentUrl":"https:\/\/www.dumoulinbicyclettes.com\/wp-content\/uploads\/2021\/04\/Logo.svg","width":254,"height":86,"caption":"Dumoulin Bicyclettes"},"image":{"@id":"https:\/\/dumoulin.absoludev.ca\/#\/schema\/logo\/image\/"},"sameAs":["https:\/\/www.facebook.com\/dumoulinbicyclettes","https:\/\/www.instagram.com\/dumoulin.ca\/","https:\/\/www.youtube.com\/user\/dumoulinbicyclettes"]}]}},"_links":{"self":[{"href":"https:\/\/dumoulin.absoludev.ca\/en\/wp-json\/wp\/v2\/product\/383405","targetHints":{"allow":["GET"]}}],"collection":[{"href":"https:\/\/dumoulin.absoludev.ca\/en\/wp-json\/wp\/v2\/product"}],"about":[{"href":"https:\/\/dumoulin.absoludev.ca\/en\/wp-json\/wp\/v2\/types\/product"}],"wp:featuredmedia":[{"embeddable":true,"href":"https:\/\/dumoulin.absoludev.ca\/en\/wp-json\/wp\/v2\/media\/383472"}],"wp:attachment":[{"href":"https:\/\/dumoulin.absoludev.ca\/en\/wp-json\/wp\/v2\/media?parent=383405"}],"wp:term":[{"taxonomy":"product_brand","embeddable":true,"href":"https:\/\/dumoulin.absoludev.ca\/en\/wp-json\/wp\/v2\/product_brand?post=383405"},{"taxonomy":"product_cat","embeddable":true,"href":"https:\/\/dumoulin.absoludev.ca\/en\/wp-json\/wp\/v2\/product_cat?post=383405"},{"taxonomy":"product_tag","embeddable":true,"href":"https:\/\/dumoulin.absoludev.ca\/en\/wp-json\/wp\/v2\/product_tag?post=383405"},{"taxonomy":"marque-produit","embeddable":true,"href":"https:\/\/dumoulin.absoludev.ca\/en\/wp-json\/wp\/v2\/marque-produit?post=383405"},{"taxonomy":"collection-produit","embeddable":true,"href":"https:\/\/dumoulin.absoludev.ca\/en\/wp-json\/wp\/v2\/collection-produit?post=383405"},{"taxonomy":"type-surface-produit","embeddable":true,"href":"https:\/\/dumoulin.absoludev.ca\/en\/wp-json\/wp\/v2\/type-surface-produit?post=383405"},{"taxonomy":"type-velo-produit","embeddable":true,"href":"https:\/\/dumoulin.absoludev.ca\/en\/wp-json\/wp\/v2\/type-velo-produit?post=383405"},{"taxonomy":"vetement-produit","embeddable":true,"href":"https:\/\/dumoulin.absoludev.ca\/en\/wp-json\/wp\/v2\/vetement-produit?post=383405"},{"taxonomy":"thematique-produit","embeddable":true,"href":"https:\/\/dumoulin.absoludev.ca\/en\/wp-json\/wp\/v2\/thematique-produit?post=383405"},{"taxonomy":"position-sur-le-v\u00e9lo","embeddable":true,"href":"https:\/\/dumoulin.absoludev.ca\/en\/wp-json\/wp\/v2\/position-sur-le-v\u00e9lo?post=383405"}],"curies":[{"name":"wp","href":"https:\/\/api.w.org\/{rel}","templated":true}]}}