{"id":378419,"date":"2024-03-18T15:07:53","date_gmt":"2024-03-18T19:07:53","guid":{"rendered":"http:\/\/www.dumoulinbicyclettes.com\/?post_type=product&#038;p=378419"},"modified":"2025-09-04T14:15:02","modified_gmt":"2025-09-04T18:15:02","slug":"kit-velo-enfant-follow-me-tandem","status":"publish","type":"product","link":"https:\/\/dumoulin.absoludev.ca\/en\/produit\/kit-velo-enfant-follow-me-tandem\/","title":{"rendered":"Kit d&#8217;installation du Follow Me tandem sur v\u00e9lo d&#8217;enfant"},"content":{"rendered":"<p>Cet ensemble de pi\u00e8ces s&#8217;installent sur le v\u00e9lo de votre enfant et vous permettent d&#8217;attacher la remorque Follow Me tandem.<\/p>\n<p>Des questions ? <a href=\"https:\/\/www.dumoulinbicyclettes.com\/nous-contacter\/\" rel=\"noopener\" target=\"_blank\">Contactez-nous<\/a> pour \u00eatre s\u00fbr d&#8217;acheter les attaches compatibles avec votre v\u00e9lo.<\/p>\n","protected":false},"excerpt":{"rendered":"<p>Cet ensemble de pi\u00e8ces s&#8217;installent sur le v\u00e9lo de votre enfant et vous permettent d&#8217;attacher la remorque Follow Me tandem. Des questions ? Contactez-nous pour \u00eatre s\u00fbr d&#8217;acheter les attaches compatibles avec votre v\u00e9lo.<\/p>\n","protected":false},"featured_media":378420,"template":"","meta":{"_acf_changed":false},"product_brand":[],"product_cat":[215],"product_tag":[3045,3046],"marque-produit":[2689],"collection-produit":[],"type-surface-produit":[],"type-velo-produit":[],"vetement-produit":[],"thematique-produit":[],"position-sur-le-v\u00e9lo":[],"class_list":{"0":"post-378419","1":"product","2":"type-product","3":"status-publish","4":"has-post-thumbnail","6":"product_cat-remorques-et-giraffes","7":"product_tag-follow-me","8":"product_tag-pieces-follow-me-tandem","9":"marque-produit-followme-tandem","11":"first","12":"instock","13":"taxable","14":"shipping-taxable","15":"purchasable","16":"product-type-simple"},"acf":[],"yoast_head":"<!-- This site is optimized with the Yoast SEO plugin v24.3 - https:\/\/yoast.com\/wordpress\/plugins\/seo\/ -->\n<title>Kit d&#039;installation du Follow Me tandem sur v\u00e9lo d&#039;enfant - Dumoulin Bicyclettes<\/title>\n<meta name=\"description\" content=\"Cet ensemble de pi\u00e8ces s&#039;installent sur le v\u00e9lo de votre enfant et vous permettent d&#039;attacher la remorque Follow Me tandem.\" \/>\n<meta name=\"robots\" content=\"noindex, follow, max-snippet:-1, max-image-preview:large, max-video-preview:-1\" \/>\n<meta property=\"og:locale\" content=\"en_US\" \/>\n<meta property=\"og:type\" content=\"article\" \/>\n<meta property=\"og:title\" content=\"Kit d&#039;installation du Follow Me tandem sur v\u00e9lo d&#039;enfant - Dumoulin Bicyclettes\" \/>\n<meta property=\"og:description\" content=\"Cet ensemble de pi\u00e8ces s&#039;installent sur le v\u00e9lo de votre enfant et vous permettent d&#039;attacher la remorque Follow Me tandem.\" \/>\n<meta property=\"og:url\" content=\"https:\/\/dumoulin.absoludev.ca\/en\/produit\/kit-velo-enfant-follow-me-tandem\/\" \/>\n<meta property=\"og:site_name\" content=\"Dumoulin Bicyclettes\" \/>\n<meta property=\"article:publisher\" content=\"https:\/\/www.facebook.com\/dumoulinbicyclettes\" \/>\n<meta property=\"article:modified_time\" content=\"2025-09-04T18:15:02+00:00\" \/>\n<meta property=\"og:image\" content=\"https:\/\/dumoulin.absoludev.ca\/wp-content\/uploads\/2024\/03\/86ded9de-51e7-46d5-a356-75f572b60bae.png\" \/>\n\t<meta property=\"og:image:width\" content=\"626\" \/>\n\t<meta property=\"og:image:height\" content=\"455\" \/>\n\t<meta property=\"og:image:type\" content=\"image\/png\" \/>\n<meta name=\"twitter:card\" content=\"summary_large_image\" \/>\n<script type=\"application\/ld+json\" class=\"yoast-schema-graph\">{\"@context\":\"https:\/\/schema.org\",\"@graph\":[{\"@type\":\"WebPage\",\"@id\":\"https:\/\/dumoulin.absoludev.ca\/en\/produit\/kit-velo-enfant-follow-me-tandem\/\",\"url\":\"https:\/\/dumoulin.absoludev.ca\/en\/produit\/kit-velo-enfant-follow-me-tandem\/\",\"name\":\"Kit d'installation du Follow Me tandem sur v\u00e9lo d'enfant - Dumoulin Bicyclettes\",\"isPartOf\":{\"@id\":\"https:\/\/dumoulin.absoludev.ca\/#website\"},\"primaryImageOfPage\":{\"@id\":\"https:\/\/dumoulin.absoludev.ca\/en\/produit\/kit-velo-enfant-follow-me-tandem\/#primaryimage\"},\"image\":{\"@id\":\"https:\/\/dumoulin.absoludev.ca\/en\/produit\/kit-velo-enfant-follow-me-tandem\/#primaryimage\"},\"thumbnailUrl\":\"https:\/\/dumoulin.absoludev.ca\/wp-content\/uploads\/2024\/03\/86ded9de-51e7-46d5-a356-75f572b60bae.png\",\"datePublished\":\"2024-03-18T19:07:53+00:00\",\"dateModified\":\"2025-09-04T18:15:02+00:00\",\"description\":\"Cet ensemble de pi\u00e8ces s'installent sur le v\u00e9lo de votre enfant et vous permettent d'attacher la remorque Follow Me tandem.\",\"breadcrumb\":{\"@id\":\"https:\/\/dumoulin.absoludev.ca\/en\/produit\/kit-velo-enfant-follow-me-tandem\/#breadcrumb\"},\"inLanguage\":\"en-US\",\"potentialAction\":[{\"@type\":\"ReadAction\",\"target\":[\"https:\/\/dumoulin.absoludev.ca\/en\/produit\/kit-velo-enfant-follow-me-tandem\/\"]}]},{\"@type\":\"ImageObject\",\"inLanguage\":\"en-US\",\"@id\":\"https:\/\/dumoulin.absoludev.ca\/en\/produit\/kit-velo-enfant-follow-me-tandem\/#primaryimage\",\"url\":\"https:\/\/dumoulin.absoludev.ca\/wp-content\/uploads\/2024\/03\/86ded9de-51e7-46d5-a356-75f572b60bae.png\",\"contentUrl\":\"https:\/\/dumoulin.absoludev.ca\/wp-content\/uploads\/2024\/03\/86ded9de-51e7-46d5-a356-75f572b60bae.png\",\"width\":626,\"height\":455},{\"@type\":\"BreadcrumbList\",\"@id\":\"https:\/\/dumoulin.absoludev.ca\/en\/produit\/kit-velo-enfant-follow-me-tandem\/#breadcrumb\",\"itemListElement\":[{\"@type\":\"ListItem\",\"position\":1,\"name\":\"Home\",\"item\":\"https:\/\/dumoulin.absoludev.ca\/en\/\"},{\"@type\":\"ListItem\",\"position\":2,\"name\":\"Shop\",\"item\":\"https:\/\/dumoulin.absoludev.ca\/en\/shop\/\"},{\"@type\":\"ListItem\",\"position\":3,\"name\":\"Kit d&#8217;installation du Follow Me tandem sur v\u00e9lo d&#8217;enfant\"}]},{\"@type\":\"WebSite\",\"@id\":\"https:\/\/dumoulin.absoludev.ca\/#website\",\"url\":\"https:\/\/dumoulin.absoludev.ca\/\",\"name\":\"Dumoulin Bicyclettes\",\"description\":\"\",\"publisher\":{\"@id\":\"https:\/\/dumoulin.absoludev.ca\/#organization\"},\"potentialAction\":[{\"@type\":\"SearchAction\",\"target\":{\"@type\":\"EntryPoint\",\"urlTemplate\":\"https:\/\/dumoulin.absoludev.ca\/?s={search_term_string}\"},\"query-input\":{\"@type\":\"PropertyValueSpecification\",\"valueRequired\":true,\"valueName\":\"search_term_string\"}}],\"inLanguage\":\"en-US\"},{\"@type\":\"Organization\",\"@id\":\"https:\/\/dumoulin.absoludev.ca\/#organization\",\"name\":\"Dumoulin Bicyclettes\",\"url\":\"https:\/\/dumoulin.absoludev.ca\/\",\"logo\":{\"@type\":\"ImageObject\",\"inLanguage\":\"en-US\",\"@id\":\"https:\/\/dumoulin.absoludev.ca\/#\/schema\/logo\/image\/\",\"url\":\"https:\/\/www.dumoulinbicyclettes.com\/wp-content\/uploads\/2021\/04\/Logo.svg\",\"contentUrl\":\"https:\/\/www.dumoulinbicyclettes.com\/wp-content\/uploads\/2021\/04\/Logo.svg\",\"width\":254,\"height\":86,\"caption\":\"Dumoulin Bicyclettes\"},\"image\":{\"@id\":\"https:\/\/dumoulin.absoludev.ca\/#\/schema\/logo\/image\/\"},\"sameAs\":[\"https:\/\/www.facebook.com\/dumoulinbicyclettes\",\"https:\/\/www.instagram.com\/dumoulin.ca\/\",\"https:\/\/www.youtube.com\/user\/dumoulinbicyclettes\"]}]}<\/script>\n<!-- \/ Yoast SEO plugin. -->","yoast_head_json":{"title":"Kit d'installation du Follow Me tandem sur v\u00e9lo d'enfant - Dumoulin Bicyclettes","description":"Cet ensemble de pi\u00e8ces s'installent sur le v\u00e9lo de votre enfant et vous permettent d'attacher la remorque Follow Me tandem.","robots":{"index":"noindex","follow":"follow","max-snippet":"max-snippet:-1","max-image-preview":"max-image-preview:large","max-video-preview":"max-video-preview:-1"},"og_locale":"en_US","og_type":"article","og_title":"Kit d'installation du Follow Me tandem sur v\u00e9lo d'enfant - Dumoulin Bicyclettes","og_description":"Cet ensemble de pi\u00e8ces s'installent sur le v\u00e9lo de votre enfant et vous permettent d'attacher la remorque Follow Me tandem.","og_url":"https:\/\/dumoulin.absoludev.ca\/en\/produit\/kit-velo-enfant-follow-me-tandem\/","og_site_name":"Dumoulin Bicyclettes","article_publisher":"https:\/\/www.facebook.com\/dumoulinbicyclettes","article_modified_time":"2025-09-04T18:15:02+00:00","og_image":[{"width":626,"height":455,"url":"https:\/\/dumoulin.absoludev.ca\/wp-content\/uploads\/2024\/03\/86ded9de-51e7-46d5-a356-75f572b60bae.png","type":"image\/png"}],"twitter_card":"summary_large_image","schema":{"@context":"https:\/\/schema.org","@graph":[{"@type":"WebPage","@id":"https:\/\/dumoulin.absoludev.ca\/en\/produit\/kit-velo-enfant-follow-me-tandem\/","url":"https:\/\/dumoulin.absoludev.ca\/en\/produit\/kit-velo-enfant-follow-me-tandem\/","name":"Kit d'installation du Follow Me tandem sur v\u00e9lo d'enfant - Dumoulin Bicyclettes","isPartOf":{"@id":"https:\/\/dumoulin.absoludev.ca\/#website"},"primaryImageOfPage":{"@id":"https:\/\/dumoulin.absoludev.ca\/en\/produit\/kit-velo-enfant-follow-me-tandem\/#primaryimage"},"image":{"@id":"https:\/\/dumoulin.absoludev.ca\/en\/produit\/kit-velo-enfant-follow-me-tandem\/#primaryimage"},"thumbnailUrl":"https:\/\/dumoulin.absoludev.ca\/wp-content\/uploads\/2024\/03\/86ded9de-51e7-46d5-a356-75f572b60bae.png","datePublished":"2024-03-18T19:07:53+00:00","dateModified":"2025-09-04T18:15:02+00:00","description":"Cet ensemble de pi\u00e8ces s'installent sur le v\u00e9lo de votre enfant et vous permettent d'attacher la remorque Follow Me tandem.","breadcrumb":{"@id":"https:\/\/dumoulin.absoludev.ca\/en\/produit\/kit-velo-enfant-follow-me-tandem\/#breadcrumb"},"inLanguage":"en-US","potentialAction":[{"@type":"ReadAction","target":["https:\/\/dumoulin.absoludev.ca\/en\/produit\/kit-velo-enfant-follow-me-tandem\/"]}]},{"@type":"ImageObject","inLanguage":"en-US","@id":"https:\/\/dumoulin.absoludev.ca\/en\/produit\/kit-velo-enfant-follow-me-tandem\/#primaryimage","url":"https:\/\/dumoulin.absoludev.ca\/wp-content\/uploads\/2024\/03\/86ded9de-51e7-46d5-a356-75f572b60bae.png","contentUrl":"https:\/\/dumoulin.absoludev.ca\/wp-content\/uploads\/2024\/03\/86ded9de-51e7-46d5-a356-75f572b60bae.png","width":626,"height":455},{"@type":"BreadcrumbList","@id":"https:\/\/dumoulin.absoludev.ca\/en\/produit\/kit-velo-enfant-follow-me-tandem\/#breadcrumb","itemListElement":[{"@type":"ListItem","position":1,"name":"Home","item":"https:\/\/dumoulin.absoludev.ca\/en\/"},{"@type":"ListItem","position":2,"name":"Shop","item":"https:\/\/dumoulin.absoludev.ca\/en\/shop\/"},{"@type":"ListItem","position":3,"name":"Kit d&#8217;installation du Follow Me tandem sur v\u00e9lo d&#8217;enfant"}]},{"@type":"WebSite","@id":"https:\/\/dumoulin.absoludev.ca\/#website","url":"https:\/\/dumoulin.absoludev.ca\/","name":"Dumoulin Bicyclettes","description":"","publisher":{"@id":"https:\/\/dumoulin.absoludev.ca\/#organization"},"potentialAction":[{"@type":"SearchAction","target":{"@type":"EntryPoint","urlTemplate":"https:\/\/dumoulin.absoludev.ca\/?s={search_term_string}"},"query-input":{"@type":"PropertyValueSpecification","valueRequired":true,"valueName":"search_term_string"}}],"inLanguage":"en-US"},{"@type":"Organization","@id":"https:\/\/dumoulin.absoludev.ca\/#organization","name":"Dumoulin Bicyclettes","url":"https:\/\/dumoulin.absoludev.ca\/","logo":{"@type":"ImageObject","inLanguage":"en-US","@id":"https:\/\/dumoulin.absoludev.ca\/#\/schema\/logo\/image\/","url":"https:\/\/www.dumoulinbicyclettes.com\/wp-content\/uploads\/2021\/04\/Logo.svg","contentUrl":"https:\/\/www.dumoulinbicyclettes.com\/wp-content\/uploads\/2021\/04\/Logo.svg","width":254,"height":86,"caption":"Dumoulin Bicyclettes"},"image":{"@id":"https:\/\/dumoulin.absoludev.ca\/#\/schema\/logo\/image\/"},"sameAs":["https:\/\/www.facebook.com\/dumoulinbicyclettes","https:\/\/www.instagram.com\/dumoulin.ca\/","https:\/\/www.youtube.com\/user\/dumoulinbicyclettes"]}]}},"_links":{"self":[{"href":"https:\/\/dumoulin.absoludev.ca\/en\/wp-json\/wp\/v2\/product\/378419","targetHints":{"allow":["GET"]}}],"collection":[{"href":"https:\/\/dumoulin.absoludev.ca\/en\/wp-json\/wp\/v2\/product"}],"about":[{"href":"https:\/\/dumoulin.absoludev.ca\/en\/wp-json\/wp\/v2\/types\/product"}],"wp:featuredmedia":[{"embeddable":true,"href":"https:\/\/dumoulin.absoludev.ca\/en\/wp-json\/wp\/v2\/media\/378420"}],"wp:attachment":[{"href":"https:\/\/dumoulin.absoludev.ca\/en\/wp-json\/wp\/v2\/media?parent=378419"}],"wp:term":[{"taxonomy":"product_brand","embeddable":true,"href":"https:\/\/dumoulin.absoludev.ca\/en\/wp-json\/wp\/v2\/product_brand?post=378419"},{"taxonomy":"product_cat","embeddable":true,"href":"https:\/\/dumoulin.absoludev.ca\/en\/wp-json\/wp\/v2\/product_cat?post=378419"},{"taxonomy":"product_tag","embeddable":true,"href":"https:\/\/dumoulin.absoludev.ca\/en\/wp-json\/wp\/v2\/product_tag?post=378419"},{"taxonomy":"marque-produit","embeddable":true,"href":"https:\/\/dumoulin.absoludev.ca\/en\/wp-json\/wp\/v2\/marque-produit?post=378419"},{"taxonomy":"collection-produit","embeddable":true,"href":"https:\/\/dumoulin.absoludev.ca\/en\/wp-json\/wp\/v2\/collection-produit?post=378419"},{"taxonomy":"type-surface-produit","embeddable":true,"href":"https:\/\/dumoulin.absoludev.ca\/en\/wp-json\/wp\/v2\/type-surface-produit?post=378419"},{"taxonomy":"type-velo-produit","embeddable":true,"href":"https:\/\/dumoulin.absoludev.ca\/en\/wp-json\/wp\/v2\/type-velo-produit?post=378419"},{"taxonomy":"vetement-produit","embeddable":true,"href":"https:\/\/dumoulin.absoludev.ca\/en\/wp-json\/wp\/v2\/vetement-produit?post=378419"},{"taxonomy":"thematique-produit","embeddable":true,"href":"https:\/\/dumoulin.absoludev.ca\/en\/wp-json\/wp\/v2\/thematique-produit?post=378419"},{"taxonomy":"position-sur-le-v\u00e9lo","embeddable":true,"href":"https:\/\/dumoulin.absoludev.ca\/en\/wp-json\/wp\/v2\/position-sur-le-v\u00e9lo?post=378419"}],"curies":[{"name":"wp","href":"https:\/\/api.w.org\/{rel}","templated":true}]}}