{"id":366196,"date":"2024-02-23T10:06:22","date_gmt":"2024-02-23T15:06:22","guid":{"rendered":"http:\/\/www.dumoulinbicyclettes.com\/?post_type=product&#038;p=366196"},"modified":"2025-09-04T14:14:50","modified_gmt":"2025-09-04T18:14:50","slug":"cadenas-au-cadre-abus-pro-tectic-4960","status":"publish","type":"product","link":"https:\/\/dumoulin.absoludev.ca\/en\/produit\/cadenas-au-cadre-abus-pro-tectic-4960\/","title":{"rendered":"Cadenas au cadre Abus Pro-Tectic 4960"},"content":{"rendered":"<p>Le cadenas au cadre Abus &#8220;Pro-Tectic&#8221; est id\u00e9al pour s\u00e9curiser votre v\u00e9lo lors de courts arr\u00eats. Une fois verrouill\u00e9, votre roue est s\u00e9curis\u00e9e, ajoutant une protection suppl\u00e9mentaire \u00e0 votre v\u00e9lo.<\/p>\n","protected":false},"excerpt":{"rendered":"<p>Le cadenas au cadre Abus &#8220;Pro-Tectic&#8221; est id\u00e9al pour s\u00e9curiser votre v\u00e9lo lors de courts arr\u00eats. Une fois verrouill\u00e9, votre roue est s\u00e9curis\u00e9e, ajoutant une protection suppl\u00e9mentaire \u00e0 votre v\u00e9lo.<\/p>\n","protected":false},"featured_media":366197,"template":"","meta":{"_acf_changed":false},"product_brand":[],"product_cat":[190,206],"product_tag":[2478,2321,3243,3242,3241],"marque-produit":[1417],"collection-produit":[],"type-surface-produit":[],"type-velo-produit":[],"vetement-produit":[],"thematique-produit":[],"position-sur-le-v\u00e9lo":[],"class_list":{"0":"post-366196","1":"product","2":"type-product","3":"status-publish","4":"has-post-thumbnail","6":"product_cat-cadenas","7":"product_cat-cadenas-de-roue","8":"product_tag-abus","9":"product_tag-cadenas","10":"product_tag-cadenas-roue","11":"product_tag-pro-tectic","12":"product_tag-tectic-4960","13":"marque-produit-abus","15":"first","16":"instock","17":"taxable","18":"shipping-taxable","19":"purchasable","20":"product-type-simple"},"acf":[],"yoast_head":"<!-- This site is optimized with the Yoast SEO plugin v24.3 - https:\/\/yoast.com\/wordpress\/plugins\/seo\/ -->\n<title>Cadenas au cadre Abus Pro-Tectic 4960 - Dumoulin Bicyclettes<\/title>\n<meta name=\"description\" content=\"Le cadenas au cadre Abus Pro-Tectic est id\u00e9al pour les cours arr\u00eats tout en ajoutant une protection efficace et non encombrante suppl\u00e9mentaire \u00e0 votre v\u00e9lo.\" \/>\n<meta name=\"robots\" content=\"noindex, follow, max-snippet:-1, max-image-preview:large, max-video-preview:-1\" \/>\n<meta property=\"og:locale\" content=\"en_US\" \/>\n<meta property=\"og:type\" content=\"article\" \/>\n<meta property=\"og:title\" content=\"Cadenas au cadre Abus Pro-Tectic 4960 - Dumoulin Bicyclettes\" \/>\n<meta property=\"og:description\" content=\"Le cadenas au cadre Abus Pro-Tectic est id\u00e9al pour les cours arr\u00eats tout en ajoutant une protection efficace et non encombrante suppl\u00e9mentaire \u00e0 votre v\u00e9lo.\" \/>\n<meta property=\"og:url\" content=\"https:\/\/dumoulin.absoludev.ca\/produit\/cadenas-au-cadre-abus-pro-tectic-4960\/\" \/>\n<meta property=\"og:site_name\" content=\"Dumoulin Bicyclettes\" \/>\n<meta property=\"article:publisher\" content=\"https:\/\/www.facebook.com\/dumoulinbicyclettes\" \/>\n<meta property=\"article:modified_time\" content=\"2025-09-04T18:14:50+00:00\" \/>\n<meta property=\"og:image\" content=\"https:\/\/dumoulin.absoludev.ca\/wp-content\/uploads\/2024\/02\/3fe5ae34-8034-48fd-8726-b48b8cb9654d.png\" \/>\n\t<meta property=\"og:image:width\" content=\"280\" \/>\n\t<meta property=\"og:image:height\" content=\"280\" \/>\n\t<meta property=\"og:image:type\" content=\"image\/png\" \/>\n<meta name=\"twitter:card\" content=\"summary_large_image\" \/>\n<meta name=\"twitter:label1\" content=\"Est. reading time\" \/>\n\t<meta name=\"twitter:data1\" content=\"1 minute\" \/>\n<script type=\"application\/ld+json\" class=\"yoast-schema-graph\">{\"@context\":\"https:\/\/schema.org\",\"@graph\":[{\"@type\":\"WebPage\",\"@id\":\"https:\/\/dumoulin.absoludev.ca\/produit\/cadenas-au-cadre-abus-pro-tectic-4960\/\",\"url\":\"https:\/\/dumoulin.absoludev.ca\/produit\/cadenas-au-cadre-abus-pro-tectic-4960\/\",\"name\":\"Cadenas au cadre Abus Pro-Tectic 4960 - Dumoulin Bicyclettes\",\"isPartOf\":{\"@id\":\"https:\/\/dumoulin.absoludev.ca\/#website\"},\"primaryImageOfPage\":{\"@id\":\"https:\/\/dumoulin.absoludev.ca\/produit\/cadenas-au-cadre-abus-pro-tectic-4960\/#primaryimage\"},\"image\":{\"@id\":\"https:\/\/dumoulin.absoludev.ca\/produit\/cadenas-au-cadre-abus-pro-tectic-4960\/#primaryimage\"},\"thumbnailUrl\":\"https:\/\/dumoulin.absoludev.ca\/wp-content\/uploads\/2024\/02\/3fe5ae34-8034-48fd-8726-b48b8cb9654d.png\",\"datePublished\":\"2024-02-23T15:06:22+00:00\",\"dateModified\":\"2025-09-04T18:14:50+00:00\",\"description\":\"Le cadenas au cadre Abus Pro-Tectic est id\u00e9al pour les cours arr\u00eats tout en ajoutant une protection efficace et non encombrante suppl\u00e9mentaire \u00e0 votre v\u00e9lo.\",\"breadcrumb\":{\"@id\":\"https:\/\/dumoulin.absoludev.ca\/produit\/cadenas-au-cadre-abus-pro-tectic-4960\/#breadcrumb\"},\"inLanguage\":\"en-US\",\"potentialAction\":[{\"@type\":\"ReadAction\",\"target\":[\"https:\/\/dumoulin.absoludev.ca\/produit\/cadenas-au-cadre-abus-pro-tectic-4960\/\"]}]},{\"@type\":\"ImageObject\",\"inLanguage\":\"en-US\",\"@id\":\"https:\/\/dumoulin.absoludev.ca\/produit\/cadenas-au-cadre-abus-pro-tectic-4960\/#primaryimage\",\"url\":\"https:\/\/dumoulin.absoludev.ca\/wp-content\/uploads\/2024\/02\/3fe5ae34-8034-48fd-8726-b48b8cb9654d.png\",\"contentUrl\":\"https:\/\/dumoulin.absoludev.ca\/wp-content\/uploads\/2024\/02\/3fe5ae34-8034-48fd-8726-b48b8cb9654d.png\",\"width\":280,\"height\":280},{\"@type\":\"BreadcrumbList\",\"@id\":\"https:\/\/dumoulin.absoludev.ca\/produit\/cadenas-au-cadre-abus-pro-tectic-4960\/#breadcrumb\",\"itemListElement\":[{\"@type\":\"ListItem\",\"position\":1,\"name\":\"Home\",\"item\":\"https:\/\/dumoulin.absoludev.ca\/en\/\"},{\"@type\":\"ListItem\",\"position\":2,\"name\":\"Shop\",\"item\":\"https:\/\/dumoulin.absoludev.ca\/en\/shop\/\"},{\"@type\":\"ListItem\",\"position\":3,\"name\":\"Cadenas au cadre Abus Pro-Tectic 4960\"}]},{\"@type\":\"WebSite\",\"@id\":\"https:\/\/dumoulin.absoludev.ca\/#website\",\"url\":\"https:\/\/dumoulin.absoludev.ca\/\",\"name\":\"Dumoulin Bicyclettes\",\"description\":\"\",\"publisher\":{\"@id\":\"https:\/\/dumoulin.absoludev.ca\/#organization\"},\"potentialAction\":[{\"@type\":\"SearchAction\",\"target\":{\"@type\":\"EntryPoint\",\"urlTemplate\":\"https:\/\/dumoulin.absoludev.ca\/?s={search_term_string}\"},\"query-input\":{\"@type\":\"PropertyValueSpecification\",\"valueRequired\":true,\"valueName\":\"search_term_string\"}}],\"inLanguage\":\"en-US\"},{\"@type\":\"Organization\",\"@id\":\"https:\/\/dumoulin.absoludev.ca\/#organization\",\"name\":\"Dumoulin Bicyclettes\",\"url\":\"https:\/\/dumoulin.absoludev.ca\/\",\"logo\":{\"@type\":\"ImageObject\",\"inLanguage\":\"en-US\",\"@id\":\"https:\/\/dumoulin.absoludev.ca\/#\/schema\/logo\/image\/\",\"url\":\"https:\/\/www.dumoulinbicyclettes.com\/wp-content\/uploads\/2021\/04\/Logo.svg\",\"contentUrl\":\"https:\/\/www.dumoulinbicyclettes.com\/wp-content\/uploads\/2021\/04\/Logo.svg\",\"width\":254,\"height\":86,\"caption\":\"Dumoulin Bicyclettes\"},\"image\":{\"@id\":\"https:\/\/dumoulin.absoludev.ca\/#\/schema\/logo\/image\/\"},\"sameAs\":[\"https:\/\/www.facebook.com\/dumoulinbicyclettes\",\"https:\/\/www.instagram.com\/dumoulin.ca\/\",\"https:\/\/www.youtube.com\/user\/dumoulinbicyclettes\"]}]}<\/script>\n<!-- \/ Yoast SEO plugin. -->","yoast_head_json":{"title":"Cadenas au cadre Abus Pro-Tectic 4960 - Dumoulin Bicyclettes","description":"Le cadenas au cadre Abus Pro-Tectic est id\u00e9al pour les cours arr\u00eats tout en ajoutant une protection efficace et non encombrante suppl\u00e9mentaire \u00e0 votre v\u00e9lo.","robots":{"index":"noindex","follow":"follow","max-snippet":"max-snippet:-1","max-image-preview":"max-image-preview:large","max-video-preview":"max-video-preview:-1"},"og_locale":"en_US","og_type":"article","og_title":"Cadenas au cadre Abus Pro-Tectic 4960 - Dumoulin Bicyclettes","og_description":"Le cadenas au cadre Abus Pro-Tectic est id\u00e9al pour les cours arr\u00eats tout en ajoutant une protection efficace et non encombrante suppl\u00e9mentaire \u00e0 votre v\u00e9lo.","og_url":"https:\/\/dumoulin.absoludev.ca\/produit\/cadenas-au-cadre-abus-pro-tectic-4960\/","og_site_name":"Dumoulin Bicyclettes","article_publisher":"https:\/\/www.facebook.com\/dumoulinbicyclettes","article_modified_time":"2025-09-04T18:14:50+00:00","og_image":[{"width":280,"height":280,"url":"https:\/\/dumoulin.absoludev.ca\/wp-content\/uploads\/2024\/02\/3fe5ae34-8034-48fd-8726-b48b8cb9654d.png","type":"image\/png"}],"twitter_card":"summary_large_image","twitter_misc":{"Est. reading time":"1 minute"},"schema":{"@context":"https:\/\/schema.org","@graph":[{"@type":"WebPage","@id":"https:\/\/dumoulin.absoludev.ca\/produit\/cadenas-au-cadre-abus-pro-tectic-4960\/","url":"https:\/\/dumoulin.absoludev.ca\/produit\/cadenas-au-cadre-abus-pro-tectic-4960\/","name":"Cadenas au cadre Abus Pro-Tectic 4960 - Dumoulin Bicyclettes","isPartOf":{"@id":"https:\/\/dumoulin.absoludev.ca\/#website"},"primaryImageOfPage":{"@id":"https:\/\/dumoulin.absoludev.ca\/produit\/cadenas-au-cadre-abus-pro-tectic-4960\/#primaryimage"},"image":{"@id":"https:\/\/dumoulin.absoludev.ca\/produit\/cadenas-au-cadre-abus-pro-tectic-4960\/#primaryimage"},"thumbnailUrl":"https:\/\/dumoulin.absoludev.ca\/wp-content\/uploads\/2024\/02\/3fe5ae34-8034-48fd-8726-b48b8cb9654d.png","datePublished":"2024-02-23T15:06:22+00:00","dateModified":"2025-09-04T18:14:50+00:00","description":"Le cadenas au cadre Abus Pro-Tectic est id\u00e9al pour les cours arr\u00eats tout en ajoutant une protection efficace et non encombrante suppl\u00e9mentaire \u00e0 votre v\u00e9lo.","breadcrumb":{"@id":"https:\/\/dumoulin.absoludev.ca\/produit\/cadenas-au-cadre-abus-pro-tectic-4960\/#breadcrumb"},"inLanguage":"en-US","potentialAction":[{"@type":"ReadAction","target":["https:\/\/dumoulin.absoludev.ca\/produit\/cadenas-au-cadre-abus-pro-tectic-4960\/"]}]},{"@type":"ImageObject","inLanguage":"en-US","@id":"https:\/\/dumoulin.absoludev.ca\/produit\/cadenas-au-cadre-abus-pro-tectic-4960\/#primaryimage","url":"https:\/\/dumoulin.absoludev.ca\/wp-content\/uploads\/2024\/02\/3fe5ae34-8034-48fd-8726-b48b8cb9654d.png","contentUrl":"https:\/\/dumoulin.absoludev.ca\/wp-content\/uploads\/2024\/02\/3fe5ae34-8034-48fd-8726-b48b8cb9654d.png","width":280,"height":280},{"@type":"BreadcrumbList","@id":"https:\/\/dumoulin.absoludev.ca\/produit\/cadenas-au-cadre-abus-pro-tectic-4960\/#breadcrumb","itemListElement":[{"@type":"ListItem","position":1,"name":"Home","item":"https:\/\/dumoulin.absoludev.ca\/en\/"},{"@type":"ListItem","position":2,"name":"Shop","item":"https:\/\/dumoulin.absoludev.ca\/en\/shop\/"},{"@type":"ListItem","position":3,"name":"Cadenas au cadre Abus Pro-Tectic 4960"}]},{"@type":"WebSite","@id":"https:\/\/dumoulin.absoludev.ca\/#website","url":"https:\/\/dumoulin.absoludev.ca\/","name":"Dumoulin Bicyclettes","description":"","publisher":{"@id":"https:\/\/dumoulin.absoludev.ca\/#organization"},"potentialAction":[{"@type":"SearchAction","target":{"@type":"EntryPoint","urlTemplate":"https:\/\/dumoulin.absoludev.ca\/?s={search_term_string}"},"query-input":{"@type":"PropertyValueSpecification","valueRequired":true,"valueName":"search_term_string"}}],"inLanguage":"en-US"},{"@type":"Organization","@id":"https:\/\/dumoulin.absoludev.ca\/#organization","name":"Dumoulin Bicyclettes","url":"https:\/\/dumoulin.absoludev.ca\/","logo":{"@type":"ImageObject","inLanguage":"en-US","@id":"https:\/\/dumoulin.absoludev.ca\/#\/schema\/logo\/image\/","url":"https:\/\/www.dumoulinbicyclettes.com\/wp-content\/uploads\/2021\/04\/Logo.svg","contentUrl":"https:\/\/www.dumoulinbicyclettes.com\/wp-content\/uploads\/2021\/04\/Logo.svg","width":254,"height":86,"caption":"Dumoulin Bicyclettes"},"image":{"@id":"https:\/\/dumoulin.absoludev.ca\/#\/schema\/logo\/image\/"},"sameAs":["https:\/\/www.facebook.com\/dumoulinbicyclettes","https:\/\/www.instagram.com\/dumoulin.ca\/","https:\/\/www.youtube.com\/user\/dumoulinbicyclettes"]}]}},"_links":{"self":[{"href":"https:\/\/dumoulin.absoludev.ca\/en\/wp-json\/wp\/v2\/product\/366196","targetHints":{"allow":["GET"]}}],"collection":[{"href":"https:\/\/dumoulin.absoludev.ca\/en\/wp-json\/wp\/v2\/product"}],"about":[{"href":"https:\/\/dumoulin.absoludev.ca\/en\/wp-json\/wp\/v2\/types\/product"}],"wp:featuredmedia":[{"embeddable":true,"href":"https:\/\/dumoulin.absoludev.ca\/en\/wp-json\/wp\/v2\/media\/366197"}],"wp:attachment":[{"href":"https:\/\/dumoulin.absoludev.ca\/en\/wp-json\/wp\/v2\/media?parent=366196"}],"wp:term":[{"taxonomy":"product_brand","embeddable":true,"href":"https:\/\/dumoulin.absoludev.ca\/en\/wp-json\/wp\/v2\/product_brand?post=366196"},{"taxonomy":"product_cat","embeddable":true,"href":"https:\/\/dumoulin.absoludev.ca\/en\/wp-json\/wp\/v2\/product_cat?post=366196"},{"taxonomy":"product_tag","embeddable":true,"href":"https:\/\/dumoulin.absoludev.ca\/en\/wp-json\/wp\/v2\/product_tag?post=366196"},{"taxonomy":"marque-produit","embeddable":true,"href":"https:\/\/dumoulin.absoludev.ca\/en\/wp-json\/wp\/v2\/marque-produit?post=366196"},{"taxonomy":"collection-produit","embeddable":true,"href":"https:\/\/dumoulin.absoludev.ca\/en\/wp-json\/wp\/v2\/collection-produit?post=366196"},{"taxonomy":"type-surface-produit","embeddable":true,"href":"https:\/\/dumoulin.absoludev.ca\/en\/wp-json\/wp\/v2\/type-surface-produit?post=366196"},{"taxonomy":"type-velo-produit","embeddable":true,"href":"https:\/\/dumoulin.absoludev.ca\/en\/wp-json\/wp\/v2\/type-velo-produit?post=366196"},{"taxonomy":"vetement-produit","embeddable":true,"href":"https:\/\/dumoulin.absoludev.ca\/en\/wp-json\/wp\/v2\/vetement-produit?post=366196"},{"taxonomy":"thematique-produit","embeddable":true,"href":"https:\/\/dumoulin.absoludev.ca\/en\/wp-json\/wp\/v2\/thematique-produit?post=366196"},{"taxonomy":"position-sur-le-v\u00e9lo","embeddable":true,"href":"https:\/\/dumoulin.absoludev.ca\/en\/wp-json\/wp\/v2\/position-sur-le-v\u00e9lo?post=366196"}],"curies":[{"name":"wp","href":"https:\/\/api.w.org\/{rel}","templated":true}]}}