{"id":362908,"date":"2024-02-15T12:07:21","date_gmt":"2024-02-15T17:07:21","guid":{"rendered":"http:\/\/www.dumoulinbicyclettes.com\/?post_type=product&#038;p=362908"},"modified":"2025-09-04T14:16:38","modified_gmt":"2025-09-04T18:16:38","slug":"lumiere-arr-dynamo-spanninga-vena-xd-sur-garde-boue","status":"publish","type":"product","link":"https:\/\/dumoulin.absoludev.ca\/en\/produit\/lumiere-arr-dynamo-spanninga-vena-xd-sur-garde-boue\/","title":{"rendered":"Lumi\u00e8re arr. dynamo Spanninga Vena XD sur garde-boue"},"content":{"rendered":"<p>Le Spanninga Vena XD est un feu arri\u00e8re brillant, aliment\u00e9 par une dynamo et mont\u00e9 sur votre garde-boue. Con\u00e7u pour \u00eatre solide mais compact, le Vena s&#8217;installe parfaitement sur un garde-boue tout en conservant des lignes \u00e9pur\u00e9es et une grande visibilit\u00e9.<\/p>\n","protected":false},"excerpt":{"rendered":"<p>Le Spanninga Vena XD est un feu arri\u00e8re brillant, aliment\u00e9 par une dynamo et mont\u00e9 sur votre garde-boue. Con\u00e7u pour \u00eatre solide mais compact, le Vena s&#8217;installe parfaitement sur un garde-boue tout en conservant des lignes \u00e9pur\u00e9es et une grande visibilit\u00e9.<\/p>\n","protected":false},"featured_media":502967,"template":"","meta":{"_acf_changed":false},"product_brand":[],"product_cat":[210],"product_tag":[3192,2262,2300,2310,2294,2301,3200,3201],"marque-produit":[1460],"collection-produit":[],"type-surface-produit":[],"type-velo-produit":[],"vetement-produit":[],"thematique-produit":[],"position-sur-le-v\u00e9lo":[],"class_list":{"0":"post-362908","1":"product","2":"type-product","3":"status-publish","4":"has-post-thumbnail","6":"product_cat-dynamos-moyeux-et-lumieres","7":"product_tag-arriere","8":"product_tag-dynamo","9":"product_tag-eclairage","10":"product_tag-garde-boue","11":"product_tag-lumiere","12":"product_tag-phare","13":"product_tag-spanninga","14":"product_tag-vena-xd","15":"marque-produit-spanninga","17":"first","18":"instock","19":"taxable","20":"shipping-taxable","21":"purchasable","22":"product-type-simple"},"acf":[],"yoast_head":"<!-- This site is optimized with the Yoast SEO plugin v24.3 - https:\/\/yoast.com\/wordpress\/plugins\/seo\/ -->\n<title>Lumi\u00e8re arr. dynamo Spanninga Vena XD sur garde-boue - Dumoulin Bicyclettes<\/title>\n<meta name=\"description\" content=\"Le Spanninga Vena XD est un feu arri\u00e8re aliment\u00e9 par une dynamo et mont\u00e9 sur votre garde-boue. Solide et compact, il est essentiel pour votre visibilit\u00e9.\" \/>\n<meta name=\"robots\" content=\"noindex, follow, max-snippet:-1, max-image-preview:large, max-video-preview:-1\" \/>\n<meta property=\"og:locale\" content=\"en_US\" \/>\n<meta property=\"og:type\" content=\"article\" \/>\n<meta property=\"og:title\" content=\"Lumi\u00e8re arr. dynamo Spanninga Vena XD sur garde-boue - Dumoulin Bicyclettes\" \/>\n<meta property=\"og:description\" content=\"Le Spanninga Vena XD est un feu arri\u00e8re aliment\u00e9 par une dynamo et mont\u00e9 sur votre garde-boue. Solide et compact, il est essentiel pour votre visibilit\u00e9.\" \/>\n<meta property=\"og:url\" content=\"https:\/\/dumoulin.absoludev.ca\/produit\/lumiere-arr-dynamo-spanninga-vena-xd-sur-garde-boue\/\" \/>\n<meta property=\"og:site_name\" content=\"Dumoulin Bicyclettes\" \/>\n<meta property=\"article:publisher\" content=\"https:\/\/www.facebook.com\/dumoulinbicyclettes\" \/>\n<meta property=\"article:modified_time\" content=\"2025-09-04T18:16:38+00:00\" \/>\n<meta property=\"og:image\" content=\"https:\/\/dumoulin.absoludev.ca\/wp-content\/uploads\/2024\/02\/lumiere-spanninga-arriere-vena-xdv-dynamo-dumoulin-bicyclettes-montreal.png\" \/>\n\t<meta property=\"og:image:width\" content=\"452\" \/>\n\t<meta property=\"og:image:height\" content=\"452\" \/>\n\t<meta property=\"og:image:type\" content=\"image\/png\" \/>\n<meta name=\"twitter:card\" content=\"summary_large_image\" \/>\n<meta name=\"twitter:label1\" content=\"Est. reading time\" \/>\n\t<meta name=\"twitter:data1\" content=\"1 minute\" \/>\n<script type=\"application\/ld+json\" class=\"yoast-schema-graph\">{\"@context\":\"https:\/\/schema.org\",\"@graph\":[{\"@type\":\"WebPage\",\"@id\":\"https:\/\/dumoulin.absoludev.ca\/produit\/lumiere-arr-dynamo-spanninga-vena-xd-sur-garde-boue\/\",\"url\":\"https:\/\/dumoulin.absoludev.ca\/produit\/lumiere-arr-dynamo-spanninga-vena-xd-sur-garde-boue\/\",\"name\":\"Lumi\u00e8re arr. dynamo Spanninga Vena XD sur garde-boue - Dumoulin Bicyclettes\",\"isPartOf\":{\"@id\":\"https:\/\/dumoulin.absoludev.ca\/#website\"},\"primaryImageOfPage\":{\"@id\":\"https:\/\/dumoulin.absoludev.ca\/produit\/lumiere-arr-dynamo-spanninga-vena-xd-sur-garde-boue\/#primaryimage\"},\"image\":{\"@id\":\"https:\/\/dumoulin.absoludev.ca\/produit\/lumiere-arr-dynamo-spanninga-vena-xd-sur-garde-boue\/#primaryimage\"},\"thumbnailUrl\":\"https:\/\/dumoulin.absoludev.ca\/wp-content\/uploads\/2024\/02\/lumiere-spanninga-arriere-vena-xdv-dynamo-dumoulin-bicyclettes-montreal.png\",\"datePublished\":\"2024-02-15T17:07:21+00:00\",\"dateModified\":\"2025-09-04T18:16:38+00:00\",\"description\":\"Le Spanninga Vena XD est un feu arri\u00e8re aliment\u00e9 par une dynamo et mont\u00e9 sur votre garde-boue. Solide et compact, il est essentiel pour votre visibilit\u00e9.\",\"breadcrumb\":{\"@id\":\"https:\/\/dumoulin.absoludev.ca\/produit\/lumiere-arr-dynamo-spanninga-vena-xd-sur-garde-boue\/#breadcrumb\"},\"inLanguage\":\"en-US\",\"potentialAction\":[{\"@type\":\"ReadAction\",\"target\":[\"https:\/\/dumoulin.absoludev.ca\/produit\/lumiere-arr-dynamo-spanninga-vena-xd-sur-garde-boue\/\"]}]},{\"@type\":\"ImageObject\",\"inLanguage\":\"en-US\",\"@id\":\"https:\/\/dumoulin.absoludev.ca\/produit\/lumiere-arr-dynamo-spanninga-vena-xd-sur-garde-boue\/#primaryimage\",\"url\":\"https:\/\/dumoulin.absoludev.ca\/wp-content\/uploads\/2024\/02\/lumiere-spanninga-arriere-vena-xdv-dynamo-dumoulin-bicyclettes-montreal.png\",\"contentUrl\":\"https:\/\/dumoulin.absoludev.ca\/wp-content\/uploads\/2024\/02\/lumiere-spanninga-arriere-vena-xdv-dynamo-dumoulin-bicyclettes-montreal.png\",\"width\":452,\"height\":452},{\"@type\":\"BreadcrumbList\",\"@id\":\"https:\/\/dumoulin.absoludev.ca\/produit\/lumiere-arr-dynamo-spanninga-vena-xd-sur-garde-boue\/#breadcrumb\",\"itemListElement\":[{\"@type\":\"ListItem\",\"position\":1,\"name\":\"Home\",\"item\":\"https:\/\/dumoulin.absoludev.ca\/en\/\"},{\"@type\":\"ListItem\",\"position\":2,\"name\":\"Shop\",\"item\":\"https:\/\/dumoulin.absoludev.ca\/en\/shop\/\"},{\"@type\":\"ListItem\",\"position\":3,\"name\":\"Lumi\u00e8re arr. dynamo Spanninga Vena XD sur garde-boue\"}]},{\"@type\":\"WebSite\",\"@id\":\"https:\/\/dumoulin.absoludev.ca\/#website\",\"url\":\"https:\/\/dumoulin.absoludev.ca\/\",\"name\":\"Dumoulin Bicyclettes\",\"description\":\"\",\"publisher\":{\"@id\":\"https:\/\/dumoulin.absoludev.ca\/#organization\"},\"potentialAction\":[{\"@type\":\"SearchAction\",\"target\":{\"@type\":\"EntryPoint\",\"urlTemplate\":\"https:\/\/dumoulin.absoludev.ca\/?s={search_term_string}\"},\"query-input\":{\"@type\":\"PropertyValueSpecification\",\"valueRequired\":true,\"valueName\":\"search_term_string\"}}],\"inLanguage\":\"en-US\"},{\"@type\":\"Organization\",\"@id\":\"https:\/\/dumoulin.absoludev.ca\/#organization\",\"name\":\"Dumoulin Bicyclettes\",\"url\":\"https:\/\/dumoulin.absoludev.ca\/\",\"logo\":{\"@type\":\"ImageObject\",\"inLanguage\":\"en-US\",\"@id\":\"https:\/\/dumoulin.absoludev.ca\/#\/schema\/logo\/image\/\",\"url\":\"https:\/\/www.dumoulinbicyclettes.com\/wp-content\/uploads\/2021\/04\/Logo.svg\",\"contentUrl\":\"https:\/\/www.dumoulinbicyclettes.com\/wp-content\/uploads\/2021\/04\/Logo.svg\",\"width\":254,\"height\":86,\"caption\":\"Dumoulin Bicyclettes\"},\"image\":{\"@id\":\"https:\/\/dumoulin.absoludev.ca\/#\/schema\/logo\/image\/\"},\"sameAs\":[\"https:\/\/www.facebook.com\/dumoulinbicyclettes\",\"https:\/\/www.instagram.com\/dumoulin.ca\/\",\"https:\/\/www.youtube.com\/user\/dumoulinbicyclettes\"]}]}<\/script>\n<!-- \/ Yoast SEO plugin. -->","yoast_head_json":{"title":"Lumi\u00e8re arr. dynamo Spanninga Vena XD sur garde-boue - Dumoulin Bicyclettes","description":"Le Spanninga Vena XD est un feu arri\u00e8re aliment\u00e9 par une dynamo et mont\u00e9 sur votre garde-boue. Solide et compact, il est essentiel pour votre visibilit\u00e9.","robots":{"index":"noindex","follow":"follow","max-snippet":"max-snippet:-1","max-image-preview":"max-image-preview:large","max-video-preview":"max-video-preview:-1"},"og_locale":"en_US","og_type":"article","og_title":"Lumi\u00e8re arr. dynamo Spanninga Vena XD sur garde-boue - Dumoulin Bicyclettes","og_description":"Le Spanninga Vena XD est un feu arri\u00e8re aliment\u00e9 par une dynamo et mont\u00e9 sur votre garde-boue. Solide et compact, il est essentiel pour votre visibilit\u00e9.","og_url":"https:\/\/dumoulin.absoludev.ca\/produit\/lumiere-arr-dynamo-spanninga-vena-xd-sur-garde-boue\/","og_site_name":"Dumoulin Bicyclettes","article_publisher":"https:\/\/www.facebook.com\/dumoulinbicyclettes","article_modified_time":"2025-09-04T18:16:38+00:00","og_image":[{"width":452,"height":452,"url":"https:\/\/dumoulin.absoludev.ca\/wp-content\/uploads\/2024\/02\/lumiere-spanninga-arriere-vena-xdv-dynamo-dumoulin-bicyclettes-montreal.png","type":"image\/png"}],"twitter_card":"summary_large_image","twitter_misc":{"Est. reading time":"1 minute"},"schema":{"@context":"https:\/\/schema.org","@graph":[{"@type":"WebPage","@id":"https:\/\/dumoulin.absoludev.ca\/produit\/lumiere-arr-dynamo-spanninga-vena-xd-sur-garde-boue\/","url":"https:\/\/dumoulin.absoludev.ca\/produit\/lumiere-arr-dynamo-spanninga-vena-xd-sur-garde-boue\/","name":"Lumi\u00e8re arr. dynamo Spanninga Vena XD sur garde-boue - Dumoulin Bicyclettes","isPartOf":{"@id":"https:\/\/dumoulin.absoludev.ca\/#website"},"primaryImageOfPage":{"@id":"https:\/\/dumoulin.absoludev.ca\/produit\/lumiere-arr-dynamo-spanninga-vena-xd-sur-garde-boue\/#primaryimage"},"image":{"@id":"https:\/\/dumoulin.absoludev.ca\/produit\/lumiere-arr-dynamo-spanninga-vena-xd-sur-garde-boue\/#primaryimage"},"thumbnailUrl":"https:\/\/dumoulin.absoludev.ca\/wp-content\/uploads\/2024\/02\/lumiere-spanninga-arriere-vena-xdv-dynamo-dumoulin-bicyclettes-montreal.png","datePublished":"2024-02-15T17:07:21+00:00","dateModified":"2025-09-04T18:16:38+00:00","description":"Le Spanninga Vena XD est un feu arri\u00e8re aliment\u00e9 par une dynamo et mont\u00e9 sur votre garde-boue. Solide et compact, il est essentiel pour votre visibilit\u00e9.","breadcrumb":{"@id":"https:\/\/dumoulin.absoludev.ca\/produit\/lumiere-arr-dynamo-spanninga-vena-xd-sur-garde-boue\/#breadcrumb"},"inLanguage":"en-US","potentialAction":[{"@type":"ReadAction","target":["https:\/\/dumoulin.absoludev.ca\/produit\/lumiere-arr-dynamo-spanninga-vena-xd-sur-garde-boue\/"]}]},{"@type":"ImageObject","inLanguage":"en-US","@id":"https:\/\/dumoulin.absoludev.ca\/produit\/lumiere-arr-dynamo-spanninga-vena-xd-sur-garde-boue\/#primaryimage","url":"https:\/\/dumoulin.absoludev.ca\/wp-content\/uploads\/2024\/02\/lumiere-spanninga-arriere-vena-xdv-dynamo-dumoulin-bicyclettes-montreal.png","contentUrl":"https:\/\/dumoulin.absoludev.ca\/wp-content\/uploads\/2024\/02\/lumiere-spanninga-arriere-vena-xdv-dynamo-dumoulin-bicyclettes-montreal.png","width":452,"height":452},{"@type":"BreadcrumbList","@id":"https:\/\/dumoulin.absoludev.ca\/produit\/lumiere-arr-dynamo-spanninga-vena-xd-sur-garde-boue\/#breadcrumb","itemListElement":[{"@type":"ListItem","position":1,"name":"Home","item":"https:\/\/dumoulin.absoludev.ca\/en\/"},{"@type":"ListItem","position":2,"name":"Shop","item":"https:\/\/dumoulin.absoludev.ca\/en\/shop\/"},{"@type":"ListItem","position":3,"name":"Lumi\u00e8re arr. dynamo Spanninga Vena XD sur garde-boue"}]},{"@type":"WebSite","@id":"https:\/\/dumoulin.absoludev.ca\/#website","url":"https:\/\/dumoulin.absoludev.ca\/","name":"Dumoulin Bicyclettes","description":"","publisher":{"@id":"https:\/\/dumoulin.absoludev.ca\/#organization"},"potentialAction":[{"@type":"SearchAction","target":{"@type":"EntryPoint","urlTemplate":"https:\/\/dumoulin.absoludev.ca\/?s={search_term_string}"},"query-input":{"@type":"PropertyValueSpecification","valueRequired":true,"valueName":"search_term_string"}}],"inLanguage":"en-US"},{"@type":"Organization","@id":"https:\/\/dumoulin.absoludev.ca\/#organization","name":"Dumoulin Bicyclettes","url":"https:\/\/dumoulin.absoludev.ca\/","logo":{"@type":"ImageObject","inLanguage":"en-US","@id":"https:\/\/dumoulin.absoludev.ca\/#\/schema\/logo\/image\/","url":"https:\/\/www.dumoulinbicyclettes.com\/wp-content\/uploads\/2021\/04\/Logo.svg","contentUrl":"https:\/\/www.dumoulinbicyclettes.com\/wp-content\/uploads\/2021\/04\/Logo.svg","width":254,"height":86,"caption":"Dumoulin Bicyclettes"},"image":{"@id":"https:\/\/dumoulin.absoludev.ca\/#\/schema\/logo\/image\/"},"sameAs":["https:\/\/www.facebook.com\/dumoulinbicyclettes","https:\/\/www.instagram.com\/dumoulin.ca\/","https:\/\/www.youtube.com\/user\/dumoulinbicyclettes"]}]}},"_links":{"self":[{"href":"https:\/\/dumoulin.absoludev.ca\/en\/wp-json\/wp\/v2\/product\/362908","targetHints":{"allow":["GET"]}}],"collection":[{"href":"https:\/\/dumoulin.absoludev.ca\/en\/wp-json\/wp\/v2\/product"}],"about":[{"href":"https:\/\/dumoulin.absoludev.ca\/en\/wp-json\/wp\/v2\/types\/product"}],"wp:featuredmedia":[{"embeddable":true,"href":"https:\/\/dumoulin.absoludev.ca\/en\/wp-json\/wp\/v2\/media\/502967"}],"wp:attachment":[{"href":"https:\/\/dumoulin.absoludev.ca\/en\/wp-json\/wp\/v2\/media?parent=362908"}],"wp:term":[{"taxonomy":"product_brand","embeddable":true,"href":"https:\/\/dumoulin.absoludev.ca\/en\/wp-json\/wp\/v2\/product_brand?post=362908"},{"taxonomy":"product_cat","embeddable":true,"href":"https:\/\/dumoulin.absoludev.ca\/en\/wp-json\/wp\/v2\/product_cat?post=362908"},{"taxonomy":"product_tag","embeddable":true,"href":"https:\/\/dumoulin.absoludev.ca\/en\/wp-json\/wp\/v2\/product_tag?post=362908"},{"taxonomy":"marque-produit","embeddable":true,"href":"https:\/\/dumoulin.absoludev.ca\/en\/wp-json\/wp\/v2\/marque-produit?post=362908"},{"taxonomy":"collection-produit","embeddable":true,"href":"https:\/\/dumoulin.absoludev.ca\/en\/wp-json\/wp\/v2\/collection-produit?post=362908"},{"taxonomy":"type-surface-produit","embeddable":true,"href":"https:\/\/dumoulin.absoludev.ca\/en\/wp-json\/wp\/v2\/type-surface-produit?post=362908"},{"taxonomy":"type-velo-produit","embeddable":true,"href":"https:\/\/dumoulin.absoludev.ca\/en\/wp-json\/wp\/v2\/type-velo-produit?post=362908"},{"taxonomy":"vetement-produit","embeddable":true,"href":"https:\/\/dumoulin.absoludev.ca\/en\/wp-json\/wp\/v2\/vetement-produit?post=362908"},{"taxonomy":"thematique-produit","embeddable":true,"href":"https:\/\/dumoulin.absoludev.ca\/en\/wp-json\/wp\/v2\/thematique-produit?post=362908"},{"taxonomy":"position-sur-le-v\u00e9lo","embeddable":true,"href":"https:\/\/dumoulin.absoludev.ca\/en\/wp-json\/wp\/v2\/position-sur-le-v\u00e9lo?post=362908"}],"curies":[{"name":"wp","href":"https:\/\/api.w.org\/{rel}","templated":true}]}}