{"id":352329,"date":"2024-01-18T18:04:18","date_gmt":"2024-01-18T23:04:18","guid":{"rendered":"http:\/\/www.dumoulinbicyclettes.com\/?post_type=product&#038;p=352329"},"modified":"2025-09-04T14:18:22","modified_gmt":"2025-09-04T18:18:22","slug":"pneu-schwalbe-marathon-plus-700","status":"publish","type":"product","link":"https:\/\/dumoulin.absoludev.ca\/en\/produit\/pneu-schwalbe-marathon-plus-700\/","title":{"rendered":"PNEU SCHWALBE MARATHON PLUS 700"},"content":{"rendered":"<p>Depuis des ann\u00e9es, les cyclistes qui redoutent les crevaisons et qui veulent minimiser les risques de se retrouver \u00ab\u00e0 plat\u00bb choisissent le pneu de v\u00e9lo Schwalbe Marathon Plus.<\/p>\n<p>Avec sa bande de roulement \u00e9paisse et solide, vous aurez mis toutes les chances de votre c\u00f4t\u00e9 pour \u00e9viter les crevaisons dues aux broches, aux d\u00e9bris de verres, et autres petites surprises de nos routes.<\/p>\n<p>N&#8217;oubliez jamais : la premi\u00e8re des protections contre les crevaisons, c&#8217;est le <a href=\"https:\/\/www.dumoulinbicyclettes.com\/eviter-les-crevaisons-pompe\/\" rel=\"noopener\" target=\"_blank\">coup de pompe<\/a> !<\/p>\n","protected":false},"excerpt":{"rendered":"<p>Depuis des ann\u00e9es, les cyclistes qui redoutent les crevaisons et qui veulent minimiser les risques de se retrouver \u00ab\u00e0 plat\u00bb choisissent le pneu de v\u00e9lo Schwalbe Marathon Plus. Avec sa bande de roulement \u00e9paisse et solide, vous aurez mis toutes les chances de votre c\u00f4t\u00e9 pour \u00e9viter les crevaisons dues aux broches, aux d\u00e9bris de [&hellip;]<\/p>\n","protected":false},"featured_media":352340,"template":"","meta":{"_acf_changed":false},"product_brand":[],"product_cat":[226,232],"product_tag":[3044],"marque-produit":[1336],"collection-produit":[],"type-surface-produit":[],"type-velo-produit":[],"vetement-produit":[],"thematique-produit":[],"position-sur-le-v\u00e9lo":[],"class_list":{"0":"post-352329","1":"product","2":"type-product","3":"status-publish","4":"has-post-thumbnail","6":"product_cat-pneus","7":"product_cat-pneus-de-velo-hybride","8":"product_tag-schwalbe-marathon-plus","9":"marque-produit-schwalbe","11":"first","12":"instock","13":"taxable","14":"shipping-taxable","15":"purchasable","16":"product-type-variable"},"acf":[],"yoast_head":"<!-- This site is optimized with the Yoast SEO plugin v24.3 - https:\/\/yoast.com\/wordpress\/plugins\/seo\/ -->\n<title>Pneu de v\u00e9lo Schwalbe Marathon Plus | Protection contre les crevaisons<\/title>\n<meta name=\"description\" content=\"On n&#039;est jamais assur\u00e9 de ne pas faire de crevaison, mais avec les pneus Schwalbe Marathon Plus et une bonne gestion de la pression, on met toutes les chances de son c\u00f4t\u00e9.\" \/>\n<meta name=\"robots\" content=\"noindex, follow, max-snippet:-1, max-image-preview:large, max-video-preview:-1\" \/>\n<meta property=\"og:locale\" content=\"en_US\" \/>\n<meta property=\"og:type\" content=\"article\" \/>\n<meta property=\"og:title\" content=\"Pneu de v\u00e9lo Schwalbe Marathon Plus | Protection contre les crevaisons\" \/>\n<meta property=\"og:description\" content=\"On n&#039;est jamais assur\u00e9 de ne pas faire de crevaison, mais avec les pneus Schwalbe Marathon Plus et une bonne gestion de la pression, on met toutes les chances de son c\u00f4t\u00e9.\" \/>\n<meta property=\"og:url\" content=\"https:\/\/dumoulin.absoludev.ca\/produit\/pneu-schwalbe-marathon-plus-700\/\" \/>\n<meta property=\"og:site_name\" content=\"Dumoulin Bicyclettes\" \/>\n<meta property=\"article:publisher\" content=\"https:\/\/www.facebook.com\/dumoulinbicyclettes\" \/>\n<meta property=\"article:modified_time\" content=\"2025-09-04T18:18:22+00:00\" \/>\n<meta property=\"og:image\" content=\"https:\/\/dumoulin.absoludev.ca\/wp-content\/uploads\/2024\/01\/pneu-de-velo-schwalbe-marathon-plus-anticrevaison.jpeg\" \/>\n\t<meta property=\"og:image:width\" content=\"800\" \/>\n\t<meta property=\"og:image:height\" content=\"800\" \/>\n\t<meta property=\"og:image:type\" content=\"image\/jpeg\" \/>\n<meta name=\"twitter:card\" content=\"summary_large_image\" \/>\n<meta name=\"twitter:label1\" content=\"Est. reading time\" \/>\n\t<meta name=\"twitter:data1\" content=\"1 minute\" \/>\n<script type=\"application\/ld+json\" class=\"yoast-schema-graph\">{\"@context\":\"https:\/\/schema.org\",\"@graph\":[{\"@type\":\"WebPage\",\"@id\":\"https:\/\/dumoulin.absoludev.ca\/produit\/pneu-schwalbe-marathon-plus-700\/\",\"url\":\"https:\/\/dumoulin.absoludev.ca\/produit\/pneu-schwalbe-marathon-plus-700\/\",\"name\":\"Pneu de v\u00e9lo Schwalbe Marathon Plus | Protection contre les crevaisons\",\"isPartOf\":{\"@id\":\"https:\/\/dumoulin.absoludev.ca\/#website\"},\"primaryImageOfPage\":{\"@id\":\"https:\/\/dumoulin.absoludev.ca\/produit\/pneu-schwalbe-marathon-plus-700\/#primaryimage\"},\"image\":{\"@id\":\"https:\/\/dumoulin.absoludev.ca\/produit\/pneu-schwalbe-marathon-plus-700\/#primaryimage\"},\"thumbnailUrl\":\"https:\/\/dumoulin.absoludev.ca\/wp-content\/uploads\/2024\/01\/pneu-de-velo-schwalbe-marathon-plus-anticrevaison.jpeg\",\"datePublished\":\"2024-01-18T23:04:18+00:00\",\"dateModified\":\"2025-09-04T18:18:22+00:00\",\"description\":\"On n'est jamais assur\u00e9 de ne pas faire de crevaison, mais avec les pneus Schwalbe Marathon Plus et une bonne gestion de la pression, on met toutes les chances de son c\u00f4t\u00e9.\",\"breadcrumb\":{\"@id\":\"https:\/\/dumoulin.absoludev.ca\/produit\/pneu-schwalbe-marathon-plus-700\/#breadcrumb\"},\"inLanguage\":\"en-US\",\"potentialAction\":[{\"@type\":\"ReadAction\",\"target\":[\"https:\/\/dumoulin.absoludev.ca\/produit\/pneu-schwalbe-marathon-plus-700\/\"]}]},{\"@type\":\"ImageObject\",\"inLanguage\":\"en-US\",\"@id\":\"https:\/\/dumoulin.absoludev.ca\/produit\/pneu-schwalbe-marathon-plus-700\/#primaryimage\",\"url\":\"https:\/\/dumoulin.absoludev.ca\/wp-content\/uploads\/2024\/01\/pneu-de-velo-schwalbe-marathon-plus-anticrevaison.jpeg\",\"contentUrl\":\"https:\/\/dumoulin.absoludev.ca\/wp-content\/uploads\/2024\/01\/pneu-de-velo-schwalbe-marathon-plus-anticrevaison.jpeg\",\"width\":800,\"height\":800,\"caption\":\"pneu-de-velo-anticrevaison-Schwalbe-marathon_plus_hs440_schwalbe_marathon-plus_smartguard_standard-cut_400x400\"},{\"@type\":\"BreadcrumbList\",\"@id\":\"https:\/\/dumoulin.absoludev.ca\/produit\/pneu-schwalbe-marathon-plus-700\/#breadcrumb\",\"itemListElement\":[{\"@type\":\"ListItem\",\"position\":1,\"name\":\"Home\",\"item\":\"https:\/\/dumoulin.absoludev.ca\/en\/\"},{\"@type\":\"ListItem\",\"position\":2,\"name\":\"Shop\",\"item\":\"https:\/\/dumoulin.absoludev.ca\/en\/shop\/\"},{\"@type\":\"ListItem\",\"position\":3,\"name\":\"PNEU SCHWALBE MARATHON PLUS 700\"}]},{\"@type\":\"WebSite\",\"@id\":\"https:\/\/dumoulin.absoludev.ca\/#website\",\"url\":\"https:\/\/dumoulin.absoludev.ca\/\",\"name\":\"Dumoulin Bicyclettes\",\"description\":\"\",\"publisher\":{\"@id\":\"https:\/\/dumoulin.absoludev.ca\/#organization\"},\"potentialAction\":[{\"@type\":\"SearchAction\",\"target\":{\"@type\":\"EntryPoint\",\"urlTemplate\":\"https:\/\/dumoulin.absoludev.ca\/?s={search_term_string}\"},\"query-input\":{\"@type\":\"PropertyValueSpecification\",\"valueRequired\":true,\"valueName\":\"search_term_string\"}}],\"inLanguage\":\"en-US\"},{\"@type\":\"Organization\",\"@id\":\"https:\/\/dumoulin.absoludev.ca\/#organization\",\"name\":\"Dumoulin Bicyclettes\",\"url\":\"https:\/\/dumoulin.absoludev.ca\/\",\"logo\":{\"@type\":\"ImageObject\",\"inLanguage\":\"en-US\",\"@id\":\"https:\/\/dumoulin.absoludev.ca\/#\/schema\/logo\/image\/\",\"url\":\"https:\/\/www.dumoulinbicyclettes.com\/wp-content\/uploads\/2021\/04\/Logo.svg\",\"contentUrl\":\"https:\/\/www.dumoulinbicyclettes.com\/wp-content\/uploads\/2021\/04\/Logo.svg\",\"width\":254,\"height\":86,\"caption\":\"Dumoulin Bicyclettes\"},\"image\":{\"@id\":\"https:\/\/dumoulin.absoludev.ca\/#\/schema\/logo\/image\/\"},\"sameAs\":[\"https:\/\/www.facebook.com\/dumoulinbicyclettes\",\"https:\/\/www.instagram.com\/dumoulin.ca\/\",\"https:\/\/www.youtube.com\/user\/dumoulinbicyclettes\"]}]}<\/script>\n<!-- \/ Yoast SEO plugin. -->","yoast_head_json":{"title":"Pneu de v\u00e9lo Schwalbe Marathon Plus | Protection contre les crevaisons","description":"On n'est jamais assur\u00e9 de ne pas faire de crevaison, mais avec les pneus Schwalbe Marathon Plus et une bonne gestion de la pression, on met toutes les chances de son c\u00f4t\u00e9.","robots":{"index":"noindex","follow":"follow","max-snippet":"max-snippet:-1","max-image-preview":"max-image-preview:large","max-video-preview":"max-video-preview:-1"},"og_locale":"en_US","og_type":"article","og_title":"Pneu de v\u00e9lo Schwalbe Marathon Plus | Protection contre les crevaisons","og_description":"On n'est jamais assur\u00e9 de ne pas faire de crevaison, mais avec les pneus Schwalbe Marathon Plus et une bonne gestion de la pression, on met toutes les chances de son c\u00f4t\u00e9.","og_url":"https:\/\/dumoulin.absoludev.ca\/produit\/pneu-schwalbe-marathon-plus-700\/","og_site_name":"Dumoulin Bicyclettes","article_publisher":"https:\/\/www.facebook.com\/dumoulinbicyclettes","article_modified_time":"2025-09-04T18:18:22+00:00","og_image":[{"width":800,"height":800,"url":"https:\/\/dumoulin.absoludev.ca\/wp-content\/uploads\/2024\/01\/pneu-de-velo-schwalbe-marathon-plus-anticrevaison.jpeg","type":"image\/jpeg"}],"twitter_card":"summary_large_image","twitter_misc":{"Est. reading time":"1 minute"},"schema":{"@context":"https:\/\/schema.org","@graph":[{"@type":"WebPage","@id":"https:\/\/dumoulin.absoludev.ca\/produit\/pneu-schwalbe-marathon-plus-700\/","url":"https:\/\/dumoulin.absoludev.ca\/produit\/pneu-schwalbe-marathon-plus-700\/","name":"Pneu de v\u00e9lo Schwalbe Marathon Plus | Protection contre les crevaisons","isPartOf":{"@id":"https:\/\/dumoulin.absoludev.ca\/#website"},"primaryImageOfPage":{"@id":"https:\/\/dumoulin.absoludev.ca\/produit\/pneu-schwalbe-marathon-plus-700\/#primaryimage"},"image":{"@id":"https:\/\/dumoulin.absoludev.ca\/produit\/pneu-schwalbe-marathon-plus-700\/#primaryimage"},"thumbnailUrl":"https:\/\/dumoulin.absoludev.ca\/wp-content\/uploads\/2024\/01\/pneu-de-velo-schwalbe-marathon-plus-anticrevaison.jpeg","datePublished":"2024-01-18T23:04:18+00:00","dateModified":"2025-09-04T18:18:22+00:00","description":"On n'est jamais assur\u00e9 de ne pas faire de crevaison, mais avec les pneus Schwalbe Marathon Plus et une bonne gestion de la pression, on met toutes les chances de son c\u00f4t\u00e9.","breadcrumb":{"@id":"https:\/\/dumoulin.absoludev.ca\/produit\/pneu-schwalbe-marathon-plus-700\/#breadcrumb"},"inLanguage":"en-US","potentialAction":[{"@type":"ReadAction","target":["https:\/\/dumoulin.absoludev.ca\/produit\/pneu-schwalbe-marathon-plus-700\/"]}]},{"@type":"ImageObject","inLanguage":"en-US","@id":"https:\/\/dumoulin.absoludev.ca\/produit\/pneu-schwalbe-marathon-plus-700\/#primaryimage","url":"https:\/\/dumoulin.absoludev.ca\/wp-content\/uploads\/2024\/01\/pneu-de-velo-schwalbe-marathon-plus-anticrevaison.jpeg","contentUrl":"https:\/\/dumoulin.absoludev.ca\/wp-content\/uploads\/2024\/01\/pneu-de-velo-schwalbe-marathon-plus-anticrevaison.jpeg","width":800,"height":800,"caption":"pneu-de-velo-anticrevaison-Schwalbe-marathon_plus_hs440_schwalbe_marathon-plus_smartguard_standard-cut_400x400"},{"@type":"BreadcrumbList","@id":"https:\/\/dumoulin.absoludev.ca\/produit\/pneu-schwalbe-marathon-plus-700\/#breadcrumb","itemListElement":[{"@type":"ListItem","position":1,"name":"Home","item":"https:\/\/dumoulin.absoludev.ca\/en\/"},{"@type":"ListItem","position":2,"name":"Shop","item":"https:\/\/dumoulin.absoludev.ca\/en\/shop\/"},{"@type":"ListItem","position":3,"name":"PNEU SCHWALBE MARATHON PLUS 700"}]},{"@type":"WebSite","@id":"https:\/\/dumoulin.absoludev.ca\/#website","url":"https:\/\/dumoulin.absoludev.ca\/","name":"Dumoulin Bicyclettes","description":"","publisher":{"@id":"https:\/\/dumoulin.absoludev.ca\/#organization"},"potentialAction":[{"@type":"SearchAction","target":{"@type":"EntryPoint","urlTemplate":"https:\/\/dumoulin.absoludev.ca\/?s={search_term_string}"},"query-input":{"@type":"PropertyValueSpecification","valueRequired":true,"valueName":"search_term_string"}}],"inLanguage":"en-US"},{"@type":"Organization","@id":"https:\/\/dumoulin.absoludev.ca\/#organization","name":"Dumoulin Bicyclettes","url":"https:\/\/dumoulin.absoludev.ca\/","logo":{"@type":"ImageObject","inLanguage":"en-US","@id":"https:\/\/dumoulin.absoludev.ca\/#\/schema\/logo\/image\/","url":"https:\/\/www.dumoulinbicyclettes.com\/wp-content\/uploads\/2021\/04\/Logo.svg","contentUrl":"https:\/\/www.dumoulinbicyclettes.com\/wp-content\/uploads\/2021\/04\/Logo.svg","width":254,"height":86,"caption":"Dumoulin Bicyclettes"},"image":{"@id":"https:\/\/dumoulin.absoludev.ca\/#\/schema\/logo\/image\/"},"sameAs":["https:\/\/www.facebook.com\/dumoulinbicyclettes","https:\/\/www.instagram.com\/dumoulin.ca\/","https:\/\/www.youtube.com\/user\/dumoulinbicyclettes"]}]}},"_links":{"self":[{"href":"https:\/\/dumoulin.absoludev.ca\/en\/wp-json\/wp\/v2\/product\/352329","targetHints":{"allow":["GET"]}}],"collection":[{"href":"https:\/\/dumoulin.absoludev.ca\/en\/wp-json\/wp\/v2\/product"}],"about":[{"href":"https:\/\/dumoulin.absoludev.ca\/en\/wp-json\/wp\/v2\/types\/product"}],"wp:featuredmedia":[{"embeddable":true,"href":"https:\/\/dumoulin.absoludev.ca\/en\/wp-json\/wp\/v2\/media\/352340"}],"wp:attachment":[{"href":"https:\/\/dumoulin.absoludev.ca\/en\/wp-json\/wp\/v2\/media?parent=352329"}],"wp:term":[{"taxonomy":"product_brand","embeddable":true,"href":"https:\/\/dumoulin.absoludev.ca\/en\/wp-json\/wp\/v2\/product_brand?post=352329"},{"taxonomy":"product_cat","embeddable":true,"href":"https:\/\/dumoulin.absoludev.ca\/en\/wp-json\/wp\/v2\/product_cat?post=352329"},{"taxonomy":"product_tag","embeddable":true,"href":"https:\/\/dumoulin.absoludev.ca\/en\/wp-json\/wp\/v2\/product_tag?post=352329"},{"taxonomy":"marque-produit","embeddable":true,"href":"https:\/\/dumoulin.absoludev.ca\/en\/wp-json\/wp\/v2\/marque-produit?post=352329"},{"taxonomy":"collection-produit","embeddable":true,"href":"https:\/\/dumoulin.absoludev.ca\/en\/wp-json\/wp\/v2\/collection-produit?post=352329"},{"taxonomy":"type-surface-produit","embeddable":true,"href":"https:\/\/dumoulin.absoludev.ca\/en\/wp-json\/wp\/v2\/type-surface-produit?post=352329"},{"taxonomy":"type-velo-produit","embeddable":true,"href":"https:\/\/dumoulin.absoludev.ca\/en\/wp-json\/wp\/v2\/type-velo-produit?post=352329"},{"taxonomy":"vetement-produit","embeddable":true,"href":"https:\/\/dumoulin.absoludev.ca\/en\/wp-json\/wp\/v2\/vetement-produit?post=352329"},{"taxonomy":"thematique-produit","embeddable":true,"href":"https:\/\/dumoulin.absoludev.ca\/en\/wp-json\/wp\/v2\/thematique-produit?post=352329"},{"taxonomy":"position-sur-le-v\u00e9lo","embeddable":true,"href":"https:\/\/dumoulin.absoludev.ca\/en\/wp-json\/wp\/v2\/position-sur-le-v\u00e9lo?post=352329"}],"curies":[{"name":"wp","href":"https:\/\/api.w.org\/{rel}","templated":true}]}}