{"id":331755,"date":"2023-11-28T22:04:53","date_gmt":"2023-11-29T03:04:53","guid":{"rendered":"http:\/\/www.dumoulinbicyclettes.com\/?post_type=product&#038;p=331755"},"modified":"2025-09-04T14:15:58","modified_gmt":"2025-09-04T18:15:58","slug":"lumiere-de-velo-dynamo-busch-and-muller-iq-xs-friendly","status":"publish","type":"product","link":"https:\/\/dumoulin.absoludev.ca\/en\/produit\/lumiere-de-velo-dynamo-busch-and-muller-iq-xs-friendly\/","title":{"rendered":"Lumi\u00e8re Busch&#038;M\u00fcller IQ-XS \u00abFriendly\u00bb \u00e0 dynamo"},"content":{"rendered":"<p>Le phare avant Busch&amp;M\u00fcller IQ-XS est parmi les meilleurs de notre <a href=\"https:\/\/www.dumoulinbicyclettes.com\/lumiere-sur-les-dynamos\/\">offre de lumi\u00e8res<\/a> \u00e0 dynamo.<\/p>\n<p>Fix\u00e9 une bonne fois pour toute sur votre v\u00e9lo, vous pouvez l&#8217;oublier&#8230; il pensera toujours \u00e0 vous situer clairement. Ce sera votre alli\u00e9 s\u00e9curit\u00e9 sans soucis : toujours l\u00e0, jamais besoin d&#8217;\u00eatre recharg\u00e9, efficace.<\/p>\n","protected":false},"excerpt":{"rendered":"<p>Le phare avant Busch&amp;M\u00fcller IQ-XS est parmi les meilleurs de notre offre de lumi\u00e8res \u00e0 dynamo. Fix\u00e9 une bonne fois pour toute sur votre v\u00e9lo, vous pouvez l&#8217;oublier&#8230; il pensera toujours \u00e0 vous situer clairement. Ce sera votre alli\u00e9 s\u00e9curit\u00e9 sans soucis : toujours l\u00e0, jamais besoin d&#8217;\u00eatre recharg\u00e9, efficace.<\/p>\n","protected":false},"featured_media":331760,"template":"","meta":{"_acf_changed":false},"product_brand":[],"product_cat":[211,210],"product_tag":[3203,3205,2486,2262,3038,2294],"marque-produit":[1386],"collection-produit":[],"type-surface-produit":[],"type-velo-produit":[],"vetement-produit":[],"thematique-produit":[],"position-sur-le-v\u00e9lo":[],"class_list":{"0":"post-331755","1":"product","2":"type-product","3":"status-publish","4":"has-post-thumbnail","6":"product_cat-avant","7":"product_cat-dynamos-moyeux-et-lumieres","8":"product_tag-avant","9":"product_tag-busch-and-muller","10":"product_tag-buschmuller","11":"product_tag-dynamo","12":"product_tag-iq-xs","13":"product_tag-lumiere","14":"marque-produit-buschmuller","16":"first","17":"instock","18":"taxable","19":"shipping-taxable","20":"purchasable","21":"product-type-simple"},"acf":[],"yoast_head":"<!-- This site is optimized with the Yoast SEO plugin v24.3 - https:\/\/yoast.com\/wordpress\/plugins\/seo\/ -->\n<title>Lumi\u00e8re Busch and M\u00fcller IQ-XS Friendly | Dynamo | Montr\u00e9al | phare<\/title>\n<meta name=\"description\" content=\"La lumi\u00e8re de v\u00e9lo aliment\u00e9e par une dynamo Busch&amp;M\u00fcller IQ-XS friendly est efficace sur la route et dans son \u00e9co-conception.\" \/>\n<meta name=\"robots\" content=\"noindex, follow, max-snippet:-1, max-image-preview:large, max-video-preview:-1\" \/>\n<meta property=\"og:locale\" content=\"en_US\" \/>\n<meta property=\"og:type\" content=\"article\" \/>\n<meta property=\"og:title\" content=\"Lumi\u00e8re Busch and M\u00fcller IQ-XS Friendly | Dynamo | Montr\u00e9al | phare\" \/>\n<meta property=\"og:description\" content=\"La lumi\u00e8re de v\u00e9lo aliment\u00e9e par une dynamo Busch&amp;M\u00fcller IQ-XS friendly est efficace sur la route et dans son \u00e9co-conception.\" \/>\n<meta property=\"og:url\" content=\"https:\/\/dumoulin.absoludev.ca\/produit\/lumiere-de-velo-dynamo-busch-and-muller-iq-xs-friendly\/\" \/>\n<meta property=\"og:site_name\" content=\"Dumoulin Bicyclettes\" \/>\n<meta property=\"article:publisher\" content=\"https:\/\/www.facebook.com\/dumoulinbicyclettes\" \/>\n<meta property=\"article:modified_time\" content=\"2025-09-04T18:15:58+00:00\" \/>\n<meta property=\"og:image\" content=\"https:\/\/dumoulin.absoludev.ca\/wp-content\/uploads\/2023\/11\/lumiere-de-velo-Busch-Muller-IQ-XS-Friendly.jpg\" \/>\n\t<meta property=\"og:image:width\" content=\"1000\" \/>\n\t<meta property=\"og:image:height\" content=\"1000\" \/>\n\t<meta property=\"og:image:type\" content=\"image\/jpeg\" \/>\n<meta name=\"twitter:card\" content=\"summary_large_image\" \/>\n<meta name=\"twitter:label1\" content=\"Est. reading time\" \/>\n\t<meta name=\"twitter:data1\" content=\"1 minute\" \/>\n<script type=\"application\/ld+json\" class=\"yoast-schema-graph\">{\"@context\":\"https:\/\/schema.org\",\"@graph\":[{\"@type\":\"WebPage\",\"@id\":\"https:\/\/dumoulin.absoludev.ca\/produit\/lumiere-de-velo-dynamo-busch-and-muller-iq-xs-friendly\/\",\"url\":\"https:\/\/dumoulin.absoludev.ca\/produit\/lumiere-de-velo-dynamo-busch-and-muller-iq-xs-friendly\/\",\"name\":\"Lumi\u00e8re Busch and M\u00fcller IQ-XS Friendly | Dynamo | Montr\u00e9al | phare\",\"isPartOf\":{\"@id\":\"https:\/\/dumoulin.absoludev.ca\/#website\"},\"primaryImageOfPage\":{\"@id\":\"https:\/\/dumoulin.absoludev.ca\/produit\/lumiere-de-velo-dynamo-busch-and-muller-iq-xs-friendly\/#primaryimage\"},\"image\":{\"@id\":\"https:\/\/dumoulin.absoludev.ca\/produit\/lumiere-de-velo-dynamo-busch-and-muller-iq-xs-friendly\/#primaryimage\"},\"thumbnailUrl\":\"https:\/\/dumoulin.absoludev.ca\/wp-content\/uploads\/2023\/11\/lumiere-de-velo-Busch-Muller-IQ-XS-Friendly.jpg\",\"datePublished\":\"2023-11-29T03:04:53+00:00\",\"dateModified\":\"2025-09-04T18:15:58+00:00\",\"description\":\"La lumi\u00e8re de v\u00e9lo aliment\u00e9e par une dynamo Busch&M\u00fcller IQ-XS friendly est efficace sur la route et dans son \u00e9co-conception.\",\"breadcrumb\":{\"@id\":\"https:\/\/dumoulin.absoludev.ca\/produit\/lumiere-de-velo-dynamo-busch-and-muller-iq-xs-friendly\/#breadcrumb\"},\"inLanguage\":\"en-US\",\"potentialAction\":[{\"@type\":\"ReadAction\",\"target\":[\"https:\/\/dumoulin.absoludev.ca\/produit\/lumiere-de-velo-dynamo-busch-and-muller-iq-xs-friendly\/\"]}]},{\"@type\":\"ImageObject\",\"inLanguage\":\"en-US\",\"@id\":\"https:\/\/dumoulin.absoludev.ca\/produit\/lumiere-de-velo-dynamo-busch-and-muller-iq-xs-friendly\/#primaryimage\",\"url\":\"https:\/\/dumoulin.absoludev.ca\/wp-content\/uploads\/2023\/11\/lumiere-de-velo-Busch-Muller-IQ-XS-Friendly.jpg\",\"contentUrl\":\"https:\/\/dumoulin.absoludev.ca\/wp-content\/uploads\/2023\/11\/lumiere-de-velo-Busch-Muller-IQ-XS-Friendly.jpg\",\"width\":1000,\"height\":1000,\"caption\":\"lumiere-de-velo-Busch-Muller-IQ-XS-Friendly-12\"},{\"@type\":\"BreadcrumbList\",\"@id\":\"https:\/\/dumoulin.absoludev.ca\/produit\/lumiere-de-velo-dynamo-busch-and-muller-iq-xs-friendly\/#breadcrumb\",\"itemListElement\":[{\"@type\":\"ListItem\",\"position\":1,\"name\":\"Home\",\"item\":\"https:\/\/dumoulin.absoludev.ca\/en\/\"},{\"@type\":\"ListItem\",\"position\":2,\"name\":\"Shop\",\"item\":\"https:\/\/dumoulin.absoludev.ca\/en\/shop\/\"},{\"@type\":\"ListItem\",\"position\":3,\"name\":\"Lumi\u00e8re Busch&#038;M\u00fcller IQ-XS \u00abFriendly\u00bb \u00e0 dynamo\"}]},{\"@type\":\"WebSite\",\"@id\":\"https:\/\/dumoulin.absoludev.ca\/#website\",\"url\":\"https:\/\/dumoulin.absoludev.ca\/\",\"name\":\"Dumoulin Bicyclettes\",\"description\":\"\",\"publisher\":{\"@id\":\"https:\/\/dumoulin.absoludev.ca\/#organization\"},\"potentialAction\":[{\"@type\":\"SearchAction\",\"target\":{\"@type\":\"EntryPoint\",\"urlTemplate\":\"https:\/\/dumoulin.absoludev.ca\/?s={search_term_string}\"},\"query-input\":{\"@type\":\"PropertyValueSpecification\",\"valueRequired\":true,\"valueName\":\"search_term_string\"}}],\"inLanguage\":\"en-US\"},{\"@type\":\"Organization\",\"@id\":\"https:\/\/dumoulin.absoludev.ca\/#organization\",\"name\":\"Dumoulin Bicyclettes\",\"url\":\"https:\/\/dumoulin.absoludev.ca\/\",\"logo\":{\"@type\":\"ImageObject\",\"inLanguage\":\"en-US\",\"@id\":\"https:\/\/dumoulin.absoludev.ca\/#\/schema\/logo\/image\/\",\"url\":\"https:\/\/www.dumoulinbicyclettes.com\/wp-content\/uploads\/2021\/04\/Logo.svg\",\"contentUrl\":\"https:\/\/www.dumoulinbicyclettes.com\/wp-content\/uploads\/2021\/04\/Logo.svg\",\"width\":254,\"height\":86,\"caption\":\"Dumoulin Bicyclettes\"},\"image\":{\"@id\":\"https:\/\/dumoulin.absoludev.ca\/#\/schema\/logo\/image\/\"},\"sameAs\":[\"https:\/\/www.facebook.com\/dumoulinbicyclettes\",\"https:\/\/www.instagram.com\/dumoulin.ca\/\",\"https:\/\/www.youtube.com\/user\/dumoulinbicyclettes\"]}]}<\/script>\n<!-- \/ Yoast SEO plugin. -->","yoast_head_json":{"title":"Lumi\u00e8re Busch and M\u00fcller IQ-XS Friendly | Dynamo | Montr\u00e9al | phare","description":"La lumi\u00e8re de v\u00e9lo aliment\u00e9e par une dynamo Busch&M\u00fcller IQ-XS friendly est efficace sur la route et dans son \u00e9co-conception.","robots":{"index":"noindex","follow":"follow","max-snippet":"max-snippet:-1","max-image-preview":"max-image-preview:large","max-video-preview":"max-video-preview:-1"},"og_locale":"en_US","og_type":"article","og_title":"Lumi\u00e8re Busch and M\u00fcller IQ-XS Friendly | Dynamo | Montr\u00e9al | phare","og_description":"La lumi\u00e8re de v\u00e9lo aliment\u00e9e par une dynamo Busch&M\u00fcller IQ-XS friendly est efficace sur la route et dans son \u00e9co-conception.","og_url":"https:\/\/dumoulin.absoludev.ca\/produit\/lumiere-de-velo-dynamo-busch-and-muller-iq-xs-friendly\/","og_site_name":"Dumoulin Bicyclettes","article_publisher":"https:\/\/www.facebook.com\/dumoulinbicyclettes","article_modified_time":"2025-09-04T18:15:58+00:00","og_image":[{"width":1000,"height":1000,"url":"https:\/\/dumoulin.absoludev.ca\/wp-content\/uploads\/2023\/11\/lumiere-de-velo-Busch-Muller-IQ-XS-Friendly.jpg","type":"image\/jpeg"}],"twitter_card":"summary_large_image","twitter_misc":{"Est. reading time":"1 minute"},"schema":{"@context":"https:\/\/schema.org","@graph":[{"@type":"WebPage","@id":"https:\/\/dumoulin.absoludev.ca\/produit\/lumiere-de-velo-dynamo-busch-and-muller-iq-xs-friendly\/","url":"https:\/\/dumoulin.absoludev.ca\/produit\/lumiere-de-velo-dynamo-busch-and-muller-iq-xs-friendly\/","name":"Lumi\u00e8re Busch and M\u00fcller IQ-XS Friendly | Dynamo | Montr\u00e9al | phare","isPartOf":{"@id":"https:\/\/dumoulin.absoludev.ca\/#website"},"primaryImageOfPage":{"@id":"https:\/\/dumoulin.absoludev.ca\/produit\/lumiere-de-velo-dynamo-busch-and-muller-iq-xs-friendly\/#primaryimage"},"image":{"@id":"https:\/\/dumoulin.absoludev.ca\/produit\/lumiere-de-velo-dynamo-busch-and-muller-iq-xs-friendly\/#primaryimage"},"thumbnailUrl":"https:\/\/dumoulin.absoludev.ca\/wp-content\/uploads\/2023\/11\/lumiere-de-velo-Busch-Muller-IQ-XS-Friendly.jpg","datePublished":"2023-11-29T03:04:53+00:00","dateModified":"2025-09-04T18:15:58+00:00","description":"La lumi\u00e8re de v\u00e9lo aliment\u00e9e par une dynamo Busch&M\u00fcller IQ-XS friendly est efficace sur la route et dans son \u00e9co-conception.","breadcrumb":{"@id":"https:\/\/dumoulin.absoludev.ca\/produit\/lumiere-de-velo-dynamo-busch-and-muller-iq-xs-friendly\/#breadcrumb"},"inLanguage":"en-US","potentialAction":[{"@type":"ReadAction","target":["https:\/\/dumoulin.absoludev.ca\/produit\/lumiere-de-velo-dynamo-busch-and-muller-iq-xs-friendly\/"]}]},{"@type":"ImageObject","inLanguage":"en-US","@id":"https:\/\/dumoulin.absoludev.ca\/produit\/lumiere-de-velo-dynamo-busch-and-muller-iq-xs-friendly\/#primaryimage","url":"https:\/\/dumoulin.absoludev.ca\/wp-content\/uploads\/2023\/11\/lumiere-de-velo-Busch-Muller-IQ-XS-Friendly.jpg","contentUrl":"https:\/\/dumoulin.absoludev.ca\/wp-content\/uploads\/2023\/11\/lumiere-de-velo-Busch-Muller-IQ-XS-Friendly.jpg","width":1000,"height":1000,"caption":"lumiere-de-velo-Busch-Muller-IQ-XS-Friendly-12"},{"@type":"BreadcrumbList","@id":"https:\/\/dumoulin.absoludev.ca\/produit\/lumiere-de-velo-dynamo-busch-and-muller-iq-xs-friendly\/#breadcrumb","itemListElement":[{"@type":"ListItem","position":1,"name":"Home","item":"https:\/\/dumoulin.absoludev.ca\/en\/"},{"@type":"ListItem","position":2,"name":"Shop","item":"https:\/\/dumoulin.absoludev.ca\/en\/shop\/"},{"@type":"ListItem","position":3,"name":"Lumi\u00e8re Busch&#038;M\u00fcller IQ-XS \u00abFriendly\u00bb \u00e0 dynamo"}]},{"@type":"WebSite","@id":"https:\/\/dumoulin.absoludev.ca\/#website","url":"https:\/\/dumoulin.absoludev.ca\/","name":"Dumoulin Bicyclettes","description":"","publisher":{"@id":"https:\/\/dumoulin.absoludev.ca\/#organization"},"potentialAction":[{"@type":"SearchAction","target":{"@type":"EntryPoint","urlTemplate":"https:\/\/dumoulin.absoludev.ca\/?s={search_term_string}"},"query-input":{"@type":"PropertyValueSpecification","valueRequired":true,"valueName":"search_term_string"}}],"inLanguage":"en-US"},{"@type":"Organization","@id":"https:\/\/dumoulin.absoludev.ca\/#organization","name":"Dumoulin Bicyclettes","url":"https:\/\/dumoulin.absoludev.ca\/","logo":{"@type":"ImageObject","inLanguage":"en-US","@id":"https:\/\/dumoulin.absoludev.ca\/#\/schema\/logo\/image\/","url":"https:\/\/www.dumoulinbicyclettes.com\/wp-content\/uploads\/2021\/04\/Logo.svg","contentUrl":"https:\/\/www.dumoulinbicyclettes.com\/wp-content\/uploads\/2021\/04\/Logo.svg","width":254,"height":86,"caption":"Dumoulin Bicyclettes"},"image":{"@id":"https:\/\/dumoulin.absoludev.ca\/#\/schema\/logo\/image\/"},"sameAs":["https:\/\/www.facebook.com\/dumoulinbicyclettes","https:\/\/www.instagram.com\/dumoulin.ca\/","https:\/\/www.youtube.com\/user\/dumoulinbicyclettes"]}]}},"_links":{"self":[{"href":"https:\/\/dumoulin.absoludev.ca\/en\/wp-json\/wp\/v2\/product\/331755","targetHints":{"allow":["GET"]}}],"collection":[{"href":"https:\/\/dumoulin.absoludev.ca\/en\/wp-json\/wp\/v2\/product"}],"about":[{"href":"https:\/\/dumoulin.absoludev.ca\/en\/wp-json\/wp\/v2\/types\/product"}],"wp:featuredmedia":[{"embeddable":true,"href":"https:\/\/dumoulin.absoludev.ca\/en\/wp-json\/wp\/v2\/media\/331760"}],"wp:attachment":[{"href":"https:\/\/dumoulin.absoludev.ca\/en\/wp-json\/wp\/v2\/media?parent=331755"}],"wp:term":[{"taxonomy":"product_brand","embeddable":true,"href":"https:\/\/dumoulin.absoludev.ca\/en\/wp-json\/wp\/v2\/product_brand?post=331755"},{"taxonomy":"product_cat","embeddable":true,"href":"https:\/\/dumoulin.absoludev.ca\/en\/wp-json\/wp\/v2\/product_cat?post=331755"},{"taxonomy":"product_tag","embeddable":true,"href":"https:\/\/dumoulin.absoludev.ca\/en\/wp-json\/wp\/v2\/product_tag?post=331755"},{"taxonomy":"marque-produit","embeddable":true,"href":"https:\/\/dumoulin.absoludev.ca\/en\/wp-json\/wp\/v2\/marque-produit?post=331755"},{"taxonomy":"collection-produit","embeddable":true,"href":"https:\/\/dumoulin.absoludev.ca\/en\/wp-json\/wp\/v2\/collection-produit?post=331755"},{"taxonomy":"type-surface-produit","embeddable":true,"href":"https:\/\/dumoulin.absoludev.ca\/en\/wp-json\/wp\/v2\/type-surface-produit?post=331755"},{"taxonomy":"type-velo-produit","embeddable":true,"href":"https:\/\/dumoulin.absoludev.ca\/en\/wp-json\/wp\/v2\/type-velo-produit?post=331755"},{"taxonomy":"vetement-produit","embeddable":true,"href":"https:\/\/dumoulin.absoludev.ca\/en\/wp-json\/wp\/v2\/vetement-produit?post=331755"},{"taxonomy":"thematique-produit","embeddable":true,"href":"https:\/\/dumoulin.absoludev.ca\/en\/wp-json\/wp\/v2\/thematique-produit?post=331755"},{"taxonomy":"position-sur-le-v\u00e9lo","embeddable":true,"href":"https:\/\/dumoulin.absoludev.ca\/en\/wp-json\/wp\/v2\/position-sur-le-v\u00e9lo?post=331755"}],"curies":[{"name":"wp","href":"https:\/\/api.w.org\/{rel}","templated":true}]}}