{"id":330619,"date":"2023-11-26T12:05:19","date_gmt":"2023-11-26T17:05:19","guid":{"rendered":"http:\/\/www.dumoulinbicyclettes.com\/?post_type=product&#038;p=330619"},"modified":"2025-09-04T14:14:35","modified_gmt":"2025-09-04T18:14:35","slug":"busch-and-muller-saddle-rail-mount","status":"publish","type":"product","link":"https:\/\/dumoulin.absoludev.ca\/en\/produit\/busch-and-muller-saddle-rail-mount\/","title":{"rendered":"Support pour feu arri\u00e8re sur rails de selle Busch&#038;M\u00fcller"},"content":{"rendered":"<p>Gr\u00e2ce \u00e0 ce support pour lumi\u00e8re arri\u00e8re de Busch&amp;M\u00fcller, vous pourrez installer un feu Toplight Line juste au-dessous de votre selle.<\/p>\n","protected":false},"excerpt":{"rendered":"<p>Gr\u00e2ce \u00e0 ce support pour lumi\u00e8re arri\u00e8re de Busch&amp;M\u00fcller, vous pourrez installer un feu Toplight Line juste au-dessous de votre selle.<\/p>\n","protected":false},"featured_media":330788,"template":"","meta":{"_acf_changed":false},"product_brand":[],"product_cat":[210],"product_tag":[2486,3035],"marque-produit":[1386],"collection-produit":[],"type-surface-produit":[],"type-velo-produit":[],"vetement-produit":[],"thematique-produit":[],"position-sur-le-v\u00e9lo":[],"class_list":{"0":"post-330619","1":"product","2":"type-product","3":"status-publish","4":"has-post-thumbnail","6":"product_cat-dynamos-moyeux-et-lumieres","7":"product_tag-buschmuller","8":"product_tag-support","9":"marque-produit-buschmuller","11":"first","12":"instock","13":"taxable","14":"shipping-taxable","15":"purchasable","16":"product-type-simple"},"acf":[],"yoast_head":"<!-- This site is optimized with the Yoast SEO plugin v24.3 - https:\/\/yoast.com\/wordpress\/plugins\/seo\/ -->\n<title>Support Busch&amp;M\u00fcller sur rails de selle | Dynamo\u00a0| Dumoulin Bicyclettes<\/title>\n<meta name=\"description\" content=\"Le support \u00e0 feu arri\u00e8re sur rails de selle Busch&amp;M\u00fcller permet d&#039;installer en-dessous de votre selle une lumi\u00e8re \u00e0 dynamo.\" \/>\n<meta name=\"robots\" content=\"noindex, follow, max-snippet:-1, max-image-preview:large, max-video-preview:-1\" \/>\n<meta property=\"og:locale\" content=\"en_US\" \/>\n<meta property=\"og:type\" content=\"article\" \/>\n<meta property=\"og:title\" content=\"Support Busch&amp;M\u00fcller sur rails de selle | Dynamo\u00a0| Dumoulin Bicyclettes\" \/>\n<meta property=\"og:description\" content=\"Le support \u00e0 feu arri\u00e8re sur rails de selle Busch&amp;M\u00fcller permet d&#039;installer en-dessous de votre selle une lumi\u00e8re \u00e0 dynamo.\" \/>\n<meta property=\"og:url\" content=\"https:\/\/dumoulin.absoludev.ca\/en\/produit\/busch-and-muller-saddle-rail-mount\/\" \/>\n<meta property=\"og:site_name\" content=\"Dumoulin Bicyclettes\" \/>\n<meta property=\"article:publisher\" content=\"https:\/\/www.facebook.com\/dumoulinbicyclettes\" \/>\n<meta property=\"article:modified_time\" content=\"2025-09-04T18:14:35+00:00\" \/>\n<meta property=\"og:image\" content=\"https:\/\/dumoulin.absoludev.ca\/wp-content\/uploads\/2023\/11\/support-pour-feu-arriere-dynamo-busch-and-muller-saddle-rail-mount.png\" \/>\n\t<meta property=\"og:image:width\" content=\"1920\" \/>\n\t<meta property=\"og:image:height\" content=\"1440\" \/>\n\t<meta property=\"og:image:type\" content=\"image\/png\" \/>\n<meta name=\"twitter:card\" content=\"summary_large_image\" \/>\n<meta name=\"twitter:label1\" content=\"Est. reading time\" \/>\n\t<meta name=\"twitter:data1\" content=\"1 minute\" \/>\n<script type=\"application\/ld+json\" class=\"yoast-schema-graph\">{\"@context\":\"https:\/\/schema.org\",\"@graph\":[{\"@type\":\"WebPage\",\"@id\":\"https:\/\/dumoulin.absoludev.ca\/en\/produit\/busch-and-muller-saddle-rail-mount\/\",\"url\":\"https:\/\/dumoulin.absoludev.ca\/en\/produit\/busch-and-muller-saddle-rail-mount\/\",\"name\":\"Support Busch&M\u00fcller sur rails de selle | Dynamo\u00a0| Dumoulin Bicyclettes\",\"isPartOf\":{\"@id\":\"https:\/\/dumoulin.absoludev.ca\/#website\"},\"primaryImageOfPage\":{\"@id\":\"https:\/\/dumoulin.absoludev.ca\/en\/produit\/busch-and-muller-saddle-rail-mount\/#primaryimage\"},\"image\":{\"@id\":\"https:\/\/dumoulin.absoludev.ca\/en\/produit\/busch-and-muller-saddle-rail-mount\/#primaryimage\"},\"thumbnailUrl\":\"https:\/\/dumoulin.absoludev.ca\/wp-content\/uploads\/2023\/11\/support-pour-feu-arriere-dynamo-busch-and-muller-saddle-rail-mount.png\",\"datePublished\":\"2023-11-26T17:05:19+00:00\",\"dateModified\":\"2025-09-04T18:14:35+00:00\",\"description\":\"Le support \u00e0 feu arri\u00e8re sur rails de selle Busch&M\u00fcller permet d'installer en-dessous de votre selle une lumi\u00e8re \u00e0 dynamo.\",\"breadcrumb\":{\"@id\":\"https:\/\/dumoulin.absoludev.ca\/en\/produit\/busch-and-muller-saddle-rail-mount\/#breadcrumb\"},\"inLanguage\":\"en-US\",\"potentialAction\":[{\"@type\":\"ReadAction\",\"target\":[\"https:\/\/dumoulin.absoludev.ca\/en\/produit\/busch-and-muller-saddle-rail-mount\/\"]}]},{\"@type\":\"ImageObject\",\"inLanguage\":\"en-US\",\"@id\":\"https:\/\/dumoulin.absoludev.ca\/en\/produit\/busch-and-muller-saddle-rail-mount\/#primaryimage\",\"url\":\"https:\/\/dumoulin.absoludev.ca\/wp-content\/uploads\/2023\/11\/support-pour-feu-arriere-dynamo-busch-and-muller-saddle-rail-mount.png\",\"contentUrl\":\"https:\/\/dumoulin.absoludev.ca\/wp-content\/uploads\/2023\/11\/support-pour-feu-arriere-dynamo-busch-and-muller-saddle-rail-mount.png\",\"width\":1920,\"height\":1440,\"caption\":\"support-pour-feu-arriere-dynamo-Busch_and-Muller_Saddle_Rail_Mount\"},{\"@type\":\"BreadcrumbList\",\"@id\":\"https:\/\/dumoulin.absoludev.ca\/en\/produit\/busch-and-muller-saddle-rail-mount\/#breadcrumb\",\"itemListElement\":[{\"@type\":\"ListItem\",\"position\":1,\"name\":\"Home\",\"item\":\"https:\/\/dumoulin.absoludev.ca\/en\/\"},{\"@type\":\"ListItem\",\"position\":2,\"name\":\"Shop\",\"item\":\"https:\/\/dumoulin.absoludev.ca\/en\/shop\/\"},{\"@type\":\"ListItem\",\"position\":3,\"name\":\"Support pour feu arri\u00e8re sur rails de selle Busch&#038;M\u00fcller\"}]},{\"@type\":\"WebSite\",\"@id\":\"https:\/\/dumoulin.absoludev.ca\/#website\",\"url\":\"https:\/\/dumoulin.absoludev.ca\/\",\"name\":\"Dumoulin Bicyclettes\",\"description\":\"\",\"publisher\":{\"@id\":\"https:\/\/dumoulin.absoludev.ca\/#organization\"},\"potentialAction\":[{\"@type\":\"SearchAction\",\"target\":{\"@type\":\"EntryPoint\",\"urlTemplate\":\"https:\/\/dumoulin.absoludev.ca\/?s={search_term_string}\"},\"query-input\":{\"@type\":\"PropertyValueSpecification\",\"valueRequired\":true,\"valueName\":\"search_term_string\"}}],\"inLanguage\":\"en-US\"},{\"@type\":\"Organization\",\"@id\":\"https:\/\/dumoulin.absoludev.ca\/#organization\",\"name\":\"Dumoulin Bicyclettes\",\"url\":\"https:\/\/dumoulin.absoludev.ca\/\",\"logo\":{\"@type\":\"ImageObject\",\"inLanguage\":\"en-US\",\"@id\":\"https:\/\/dumoulin.absoludev.ca\/#\/schema\/logo\/image\/\",\"url\":\"https:\/\/www.dumoulinbicyclettes.com\/wp-content\/uploads\/2021\/04\/Logo.svg\",\"contentUrl\":\"https:\/\/www.dumoulinbicyclettes.com\/wp-content\/uploads\/2021\/04\/Logo.svg\",\"width\":254,\"height\":86,\"caption\":\"Dumoulin Bicyclettes\"},\"image\":{\"@id\":\"https:\/\/dumoulin.absoludev.ca\/#\/schema\/logo\/image\/\"},\"sameAs\":[\"https:\/\/www.facebook.com\/dumoulinbicyclettes\",\"https:\/\/www.instagram.com\/dumoulin.ca\/\",\"https:\/\/www.youtube.com\/user\/dumoulinbicyclettes\"]}]}<\/script>\n<!-- \/ Yoast SEO plugin. -->","yoast_head_json":{"title":"Support Busch&M\u00fcller sur rails de selle | Dynamo\u00a0| Dumoulin Bicyclettes","description":"Le support \u00e0 feu arri\u00e8re sur rails de selle Busch&M\u00fcller permet d'installer en-dessous de votre selle une lumi\u00e8re \u00e0 dynamo.","robots":{"index":"noindex","follow":"follow","max-snippet":"max-snippet:-1","max-image-preview":"max-image-preview:large","max-video-preview":"max-video-preview:-1"},"og_locale":"en_US","og_type":"article","og_title":"Support Busch&M\u00fcller sur rails de selle | Dynamo\u00a0| Dumoulin Bicyclettes","og_description":"Le support \u00e0 feu arri\u00e8re sur rails de selle Busch&M\u00fcller permet d'installer en-dessous de votre selle une lumi\u00e8re \u00e0 dynamo.","og_url":"https:\/\/dumoulin.absoludev.ca\/en\/produit\/busch-and-muller-saddle-rail-mount\/","og_site_name":"Dumoulin Bicyclettes","article_publisher":"https:\/\/www.facebook.com\/dumoulinbicyclettes","article_modified_time":"2025-09-04T18:14:35+00:00","og_image":[{"width":1920,"height":1440,"url":"https:\/\/dumoulin.absoludev.ca\/wp-content\/uploads\/2023\/11\/support-pour-feu-arriere-dynamo-busch-and-muller-saddle-rail-mount.png","type":"image\/png"}],"twitter_card":"summary_large_image","twitter_misc":{"Est. reading time":"1 minute"},"schema":{"@context":"https:\/\/schema.org","@graph":[{"@type":"WebPage","@id":"https:\/\/dumoulin.absoludev.ca\/en\/produit\/busch-and-muller-saddle-rail-mount\/","url":"https:\/\/dumoulin.absoludev.ca\/en\/produit\/busch-and-muller-saddle-rail-mount\/","name":"Support Busch&M\u00fcller sur rails de selle | Dynamo\u00a0| Dumoulin Bicyclettes","isPartOf":{"@id":"https:\/\/dumoulin.absoludev.ca\/#website"},"primaryImageOfPage":{"@id":"https:\/\/dumoulin.absoludev.ca\/en\/produit\/busch-and-muller-saddle-rail-mount\/#primaryimage"},"image":{"@id":"https:\/\/dumoulin.absoludev.ca\/en\/produit\/busch-and-muller-saddle-rail-mount\/#primaryimage"},"thumbnailUrl":"https:\/\/dumoulin.absoludev.ca\/wp-content\/uploads\/2023\/11\/support-pour-feu-arriere-dynamo-busch-and-muller-saddle-rail-mount.png","datePublished":"2023-11-26T17:05:19+00:00","dateModified":"2025-09-04T18:14:35+00:00","description":"Le support \u00e0 feu arri\u00e8re sur rails de selle Busch&M\u00fcller permet d'installer en-dessous de votre selle une lumi\u00e8re \u00e0 dynamo.","breadcrumb":{"@id":"https:\/\/dumoulin.absoludev.ca\/en\/produit\/busch-and-muller-saddle-rail-mount\/#breadcrumb"},"inLanguage":"en-US","potentialAction":[{"@type":"ReadAction","target":["https:\/\/dumoulin.absoludev.ca\/en\/produit\/busch-and-muller-saddle-rail-mount\/"]}]},{"@type":"ImageObject","inLanguage":"en-US","@id":"https:\/\/dumoulin.absoludev.ca\/en\/produit\/busch-and-muller-saddle-rail-mount\/#primaryimage","url":"https:\/\/dumoulin.absoludev.ca\/wp-content\/uploads\/2023\/11\/support-pour-feu-arriere-dynamo-busch-and-muller-saddle-rail-mount.png","contentUrl":"https:\/\/dumoulin.absoludev.ca\/wp-content\/uploads\/2023\/11\/support-pour-feu-arriere-dynamo-busch-and-muller-saddle-rail-mount.png","width":1920,"height":1440,"caption":"support-pour-feu-arriere-dynamo-Busch_and-Muller_Saddle_Rail_Mount"},{"@type":"BreadcrumbList","@id":"https:\/\/dumoulin.absoludev.ca\/en\/produit\/busch-and-muller-saddle-rail-mount\/#breadcrumb","itemListElement":[{"@type":"ListItem","position":1,"name":"Home","item":"https:\/\/dumoulin.absoludev.ca\/en\/"},{"@type":"ListItem","position":2,"name":"Shop","item":"https:\/\/dumoulin.absoludev.ca\/en\/shop\/"},{"@type":"ListItem","position":3,"name":"Support pour feu arri\u00e8re sur rails de selle Busch&#038;M\u00fcller"}]},{"@type":"WebSite","@id":"https:\/\/dumoulin.absoludev.ca\/#website","url":"https:\/\/dumoulin.absoludev.ca\/","name":"Dumoulin Bicyclettes","description":"","publisher":{"@id":"https:\/\/dumoulin.absoludev.ca\/#organization"},"potentialAction":[{"@type":"SearchAction","target":{"@type":"EntryPoint","urlTemplate":"https:\/\/dumoulin.absoludev.ca\/?s={search_term_string}"},"query-input":{"@type":"PropertyValueSpecification","valueRequired":true,"valueName":"search_term_string"}}],"inLanguage":"en-US"},{"@type":"Organization","@id":"https:\/\/dumoulin.absoludev.ca\/#organization","name":"Dumoulin Bicyclettes","url":"https:\/\/dumoulin.absoludev.ca\/","logo":{"@type":"ImageObject","inLanguage":"en-US","@id":"https:\/\/dumoulin.absoludev.ca\/#\/schema\/logo\/image\/","url":"https:\/\/www.dumoulinbicyclettes.com\/wp-content\/uploads\/2021\/04\/Logo.svg","contentUrl":"https:\/\/www.dumoulinbicyclettes.com\/wp-content\/uploads\/2021\/04\/Logo.svg","width":254,"height":86,"caption":"Dumoulin Bicyclettes"},"image":{"@id":"https:\/\/dumoulin.absoludev.ca\/#\/schema\/logo\/image\/"},"sameAs":["https:\/\/www.facebook.com\/dumoulinbicyclettes","https:\/\/www.instagram.com\/dumoulin.ca\/","https:\/\/www.youtube.com\/user\/dumoulinbicyclettes"]}]}},"_links":{"self":[{"href":"https:\/\/dumoulin.absoludev.ca\/en\/wp-json\/wp\/v2\/product\/330619","targetHints":{"allow":["GET"]}}],"collection":[{"href":"https:\/\/dumoulin.absoludev.ca\/en\/wp-json\/wp\/v2\/product"}],"about":[{"href":"https:\/\/dumoulin.absoludev.ca\/en\/wp-json\/wp\/v2\/types\/product"}],"wp:featuredmedia":[{"embeddable":true,"href":"https:\/\/dumoulin.absoludev.ca\/en\/wp-json\/wp\/v2\/media\/330788"}],"wp:attachment":[{"href":"https:\/\/dumoulin.absoludev.ca\/en\/wp-json\/wp\/v2\/media?parent=330619"}],"wp:term":[{"taxonomy":"product_brand","embeddable":true,"href":"https:\/\/dumoulin.absoludev.ca\/en\/wp-json\/wp\/v2\/product_brand?post=330619"},{"taxonomy":"product_cat","embeddable":true,"href":"https:\/\/dumoulin.absoludev.ca\/en\/wp-json\/wp\/v2\/product_cat?post=330619"},{"taxonomy":"product_tag","embeddable":true,"href":"https:\/\/dumoulin.absoludev.ca\/en\/wp-json\/wp\/v2\/product_tag?post=330619"},{"taxonomy":"marque-produit","embeddable":true,"href":"https:\/\/dumoulin.absoludev.ca\/en\/wp-json\/wp\/v2\/marque-produit?post=330619"},{"taxonomy":"collection-produit","embeddable":true,"href":"https:\/\/dumoulin.absoludev.ca\/en\/wp-json\/wp\/v2\/collection-produit?post=330619"},{"taxonomy":"type-surface-produit","embeddable":true,"href":"https:\/\/dumoulin.absoludev.ca\/en\/wp-json\/wp\/v2\/type-surface-produit?post=330619"},{"taxonomy":"type-velo-produit","embeddable":true,"href":"https:\/\/dumoulin.absoludev.ca\/en\/wp-json\/wp\/v2\/type-velo-produit?post=330619"},{"taxonomy":"vetement-produit","embeddable":true,"href":"https:\/\/dumoulin.absoludev.ca\/en\/wp-json\/wp\/v2\/vetement-produit?post=330619"},{"taxonomy":"thematique-produit","embeddable":true,"href":"https:\/\/dumoulin.absoludev.ca\/en\/wp-json\/wp\/v2\/thematique-produit?post=330619"},{"taxonomy":"position-sur-le-v\u00e9lo","embeddable":true,"href":"https:\/\/dumoulin.absoludev.ca\/en\/wp-json\/wp\/v2\/position-sur-le-v\u00e9lo?post=330619"}],"curies":[{"name":"wp","href":"https:\/\/api.w.org\/{rel}","templated":true}]}}