{"id":329024,"date":"2023-11-22T21:03:30","date_gmt":"2023-11-23T02:03:30","guid":{"rendered":"http:\/\/www.dumoulinbicyclettes.com\/?post_type=product&#038;p=329024"},"modified":"2025-09-04T14:18:45","modified_gmt":"2025-09-04T18:18:45","slug":"casque-electra-go-mips","status":"publish","type":"product","link":"https:\/\/dumoulin.absoludev.ca\/en\/produit\/casque-electra-go-mips\/","title":{"rendered":"Casque Electra Go !"},"content":{"rendered":"<p>Le casque Electra Go! est urbain et original. Ses coloris sont classiques mais travaill\u00e9s, rendant cet \u00e9quipement cycliste charmant.<\/p>\n<p>Gr\u00e2ce \u00e0 la membrane de protection <a href=\"https:\/\/www.dumoulinbicyclettes.com\/mips-des-casques-plus-protecteurs\/\" target=\"_blank\" rel=\"noopener\">MIPS<\/a>, il ajoute de la s\u00e9curit\u00e9 pour vos d\u00e9placements.<\/p>\n","protected":false},"excerpt":{"rendered":"<p>Le casque Electra Go! est urbain et original. Ses coloris sont classiques mais travaill\u00e9s, rendant cet \u00e9quipement cycliste charmant. Gr\u00e2ce \u00e0 la membrane de protection MIPS, il ajoute de la s\u00e9curit\u00e9 pour vos d\u00e9placements.<\/p>\n","protected":false},"featured_media":329070,"template":"","meta":{"_acf_changed":false},"product_brand":[],"product_cat":[186],"product_tag":[2395,2290,3029,3032],"marque-produit":[1328],"collection-produit":[3013],"type-surface-produit":[],"type-velo-produit":[],"vetement-produit":[],"thematique-produit":[],"position-sur-le-v\u00e9lo":[],"class_list":{"0":"post-329024","1":"product","2":"type-product","3":"status-publish","4":"has-post-thumbnail","6":"product_cat-adultes","7":"product_tag-casque","8":"product_tag-electra","9":"product_tag-go","10":"product_tag-mips","11":"marque-produit-electra","12":"collection-produit-urbains","14":"first","15":"instock","16":"sale","17":"taxable","18":"shipping-taxable","19":"purchasable","20":"product-type-variable"},"acf":[],"yoast_head":"<!-- This site is optimized with the Yoast SEO plugin v24.3 - https:\/\/yoast.com\/wordpress\/plugins\/seo\/ -->\n<title>Casque de v\u00e9lo Electra Go ! MIPS | Dumoulin Bicyclettes |\u00a0Montr\u00e9al |<\/title>\n<meta name=\"description\" content=\"Le casque Electra Go! est \u00e9l\u00e9gant et vous prot\u00e8ge au quotidien lors de vos trajets en v\u00e9lo. Go v\u00e9lo ! Ce casque de v\u00e9lo est \u00e9quip\u00e9 du MIPS.\" \/>\n<meta name=\"robots\" content=\"noindex, follow, max-snippet:-1, max-image-preview:large, max-video-preview:-1\" \/>\n<meta property=\"og:locale\" content=\"en_US\" \/>\n<meta property=\"og:type\" content=\"article\" \/>\n<meta property=\"og:title\" content=\"Casque de v\u00e9lo Electra Go ! MIPS | Dumoulin Bicyclettes |\u00a0Montr\u00e9al |\" \/>\n<meta property=\"og:description\" content=\"Le casque Electra Go! est \u00e9l\u00e9gant et vous prot\u00e8ge au quotidien lors de vos trajets en v\u00e9lo. Go v\u00e9lo ! Ce casque de v\u00e9lo est \u00e9quip\u00e9 du MIPS.\" \/>\n<meta property=\"og:url\" content=\"https:\/\/dumoulin.absoludev.ca\/produit\/casque-electra-go-mips\/\" \/>\n<meta property=\"og:site_name\" content=\"Dumoulin Bicyclettes\" \/>\n<meta property=\"article:publisher\" content=\"https:\/\/www.facebook.com\/dumoulinbicyclettes\" \/>\n<meta property=\"article:modified_time\" content=\"2025-09-04T18:18:45+00:00\" \/>\n<meta property=\"og:image\" content=\"https:\/\/dumoulin.absoludev.ca\/wp-content\/uploads\/2023\/11\/go-mips-helmets-carousel-1.png\" \/>\n\t<meta property=\"og:image:width\" content=\"1200\" \/>\n\t<meta property=\"og:image:height\" content=\"675\" \/>\n\t<meta property=\"og:image:type\" content=\"image\/png\" \/>\n<meta name=\"twitter:card\" content=\"summary_large_image\" \/>\n<meta name=\"twitter:label1\" content=\"Est. reading time\" \/>\n\t<meta name=\"twitter:data1\" content=\"1 minute\" \/>\n<script type=\"application\/ld+json\" class=\"yoast-schema-graph\">{\"@context\":\"https:\/\/schema.org\",\"@graph\":[{\"@type\":\"WebPage\",\"@id\":\"https:\/\/dumoulin.absoludev.ca\/produit\/casque-electra-go-mips\/\",\"url\":\"https:\/\/dumoulin.absoludev.ca\/produit\/casque-electra-go-mips\/\",\"name\":\"Casque de v\u00e9lo Electra Go ! MIPS | Dumoulin Bicyclettes |\u00a0Montr\u00e9al |\",\"isPartOf\":{\"@id\":\"https:\/\/dumoulin.absoludev.ca\/#website\"},\"primaryImageOfPage\":{\"@id\":\"https:\/\/dumoulin.absoludev.ca\/produit\/casque-electra-go-mips\/#primaryimage\"},\"image\":{\"@id\":\"https:\/\/dumoulin.absoludev.ca\/produit\/casque-electra-go-mips\/#primaryimage\"},\"thumbnailUrl\":\"https:\/\/dumoulin.absoludev.ca\/wp-content\/uploads\/2023\/11\/go-mips-helmets-carousel-1.png\",\"datePublished\":\"2023-11-23T02:03:30+00:00\",\"dateModified\":\"2025-09-04T18:18:45+00:00\",\"description\":\"Le casque Electra Go! est \u00e9l\u00e9gant et vous prot\u00e8ge au quotidien lors de vos trajets en v\u00e9lo. Go v\u00e9lo ! Ce casque de v\u00e9lo est \u00e9quip\u00e9 du MIPS.\",\"breadcrumb\":{\"@id\":\"https:\/\/dumoulin.absoludev.ca\/produit\/casque-electra-go-mips\/#breadcrumb\"},\"inLanguage\":\"en-US\",\"potentialAction\":[{\"@type\":\"ReadAction\",\"target\":[\"https:\/\/dumoulin.absoludev.ca\/produit\/casque-electra-go-mips\/\"]}]},{\"@type\":\"ImageObject\",\"inLanguage\":\"en-US\",\"@id\":\"https:\/\/dumoulin.absoludev.ca\/produit\/casque-electra-go-mips\/#primaryimage\",\"url\":\"https:\/\/dumoulin.absoludev.ca\/wp-content\/uploads\/2023\/11\/go-mips-helmets-carousel-1.png\",\"contentUrl\":\"https:\/\/dumoulin.absoludev.ca\/wp-content\/uploads\/2023\/11\/go-mips-helmets-carousel-1.png\",\"width\":1200,\"height\":675,\"caption\":\"casque-de-velo-electra-go-mips\"},{\"@type\":\"BreadcrumbList\",\"@id\":\"https:\/\/dumoulin.absoludev.ca\/produit\/casque-electra-go-mips\/#breadcrumb\",\"itemListElement\":[{\"@type\":\"ListItem\",\"position\":1,\"name\":\"Home\",\"item\":\"https:\/\/dumoulin.absoludev.ca\/en\/\"},{\"@type\":\"ListItem\",\"position\":2,\"name\":\"Shop\",\"item\":\"https:\/\/dumoulin.absoludev.ca\/en\/shop\/\"},{\"@type\":\"ListItem\",\"position\":3,\"name\":\"Casque Electra Go !\"}]},{\"@type\":\"WebSite\",\"@id\":\"https:\/\/dumoulin.absoludev.ca\/#website\",\"url\":\"https:\/\/dumoulin.absoludev.ca\/\",\"name\":\"Dumoulin Bicyclettes\",\"description\":\"\",\"publisher\":{\"@id\":\"https:\/\/dumoulin.absoludev.ca\/#organization\"},\"potentialAction\":[{\"@type\":\"SearchAction\",\"target\":{\"@type\":\"EntryPoint\",\"urlTemplate\":\"https:\/\/dumoulin.absoludev.ca\/?s={search_term_string}\"},\"query-input\":{\"@type\":\"PropertyValueSpecification\",\"valueRequired\":true,\"valueName\":\"search_term_string\"}}],\"inLanguage\":\"en-US\"},{\"@type\":\"Organization\",\"@id\":\"https:\/\/dumoulin.absoludev.ca\/#organization\",\"name\":\"Dumoulin Bicyclettes\",\"url\":\"https:\/\/dumoulin.absoludev.ca\/\",\"logo\":{\"@type\":\"ImageObject\",\"inLanguage\":\"en-US\",\"@id\":\"https:\/\/dumoulin.absoludev.ca\/#\/schema\/logo\/image\/\",\"url\":\"https:\/\/www.dumoulinbicyclettes.com\/wp-content\/uploads\/2021\/04\/Logo.svg\",\"contentUrl\":\"https:\/\/www.dumoulinbicyclettes.com\/wp-content\/uploads\/2021\/04\/Logo.svg\",\"width\":254,\"height\":86,\"caption\":\"Dumoulin Bicyclettes\"},\"image\":{\"@id\":\"https:\/\/dumoulin.absoludev.ca\/#\/schema\/logo\/image\/\"},\"sameAs\":[\"https:\/\/www.facebook.com\/dumoulinbicyclettes\",\"https:\/\/www.instagram.com\/dumoulin.ca\/\",\"https:\/\/www.youtube.com\/user\/dumoulinbicyclettes\"]}]}<\/script>\n<!-- \/ Yoast SEO plugin. -->","yoast_head_json":{"title":"Casque de v\u00e9lo Electra Go ! MIPS | Dumoulin Bicyclettes |\u00a0Montr\u00e9al |","description":"Le casque Electra Go! est \u00e9l\u00e9gant et vous prot\u00e8ge au quotidien lors de vos trajets en v\u00e9lo. Go v\u00e9lo ! Ce casque de v\u00e9lo est \u00e9quip\u00e9 du MIPS.","robots":{"index":"noindex","follow":"follow","max-snippet":"max-snippet:-1","max-image-preview":"max-image-preview:large","max-video-preview":"max-video-preview:-1"},"og_locale":"en_US","og_type":"article","og_title":"Casque de v\u00e9lo Electra Go ! MIPS | Dumoulin Bicyclettes |\u00a0Montr\u00e9al |","og_description":"Le casque Electra Go! est \u00e9l\u00e9gant et vous prot\u00e8ge au quotidien lors de vos trajets en v\u00e9lo. Go v\u00e9lo ! Ce casque de v\u00e9lo est \u00e9quip\u00e9 du MIPS.","og_url":"https:\/\/dumoulin.absoludev.ca\/produit\/casque-electra-go-mips\/","og_site_name":"Dumoulin Bicyclettes","article_publisher":"https:\/\/www.facebook.com\/dumoulinbicyclettes","article_modified_time":"2025-09-04T18:18:45+00:00","og_image":[{"width":1200,"height":675,"url":"https:\/\/dumoulin.absoludev.ca\/wp-content\/uploads\/2023\/11\/go-mips-helmets-carousel-1.png","type":"image\/png"}],"twitter_card":"summary_large_image","twitter_misc":{"Est. reading time":"1 minute"},"schema":{"@context":"https:\/\/schema.org","@graph":[{"@type":"WebPage","@id":"https:\/\/dumoulin.absoludev.ca\/produit\/casque-electra-go-mips\/","url":"https:\/\/dumoulin.absoludev.ca\/produit\/casque-electra-go-mips\/","name":"Casque de v\u00e9lo Electra Go ! MIPS | Dumoulin Bicyclettes |\u00a0Montr\u00e9al |","isPartOf":{"@id":"https:\/\/dumoulin.absoludev.ca\/#website"},"primaryImageOfPage":{"@id":"https:\/\/dumoulin.absoludev.ca\/produit\/casque-electra-go-mips\/#primaryimage"},"image":{"@id":"https:\/\/dumoulin.absoludev.ca\/produit\/casque-electra-go-mips\/#primaryimage"},"thumbnailUrl":"https:\/\/dumoulin.absoludev.ca\/wp-content\/uploads\/2023\/11\/go-mips-helmets-carousel-1.png","datePublished":"2023-11-23T02:03:30+00:00","dateModified":"2025-09-04T18:18:45+00:00","description":"Le casque Electra Go! est \u00e9l\u00e9gant et vous prot\u00e8ge au quotidien lors de vos trajets en v\u00e9lo. Go v\u00e9lo ! Ce casque de v\u00e9lo est \u00e9quip\u00e9 du MIPS.","breadcrumb":{"@id":"https:\/\/dumoulin.absoludev.ca\/produit\/casque-electra-go-mips\/#breadcrumb"},"inLanguage":"en-US","potentialAction":[{"@type":"ReadAction","target":["https:\/\/dumoulin.absoludev.ca\/produit\/casque-electra-go-mips\/"]}]},{"@type":"ImageObject","inLanguage":"en-US","@id":"https:\/\/dumoulin.absoludev.ca\/produit\/casque-electra-go-mips\/#primaryimage","url":"https:\/\/dumoulin.absoludev.ca\/wp-content\/uploads\/2023\/11\/go-mips-helmets-carousel-1.png","contentUrl":"https:\/\/dumoulin.absoludev.ca\/wp-content\/uploads\/2023\/11\/go-mips-helmets-carousel-1.png","width":1200,"height":675,"caption":"casque-de-velo-electra-go-mips"},{"@type":"BreadcrumbList","@id":"https:\/\/dumoulin.absoludev.ca\/produit\/casque-electra-go-mips\/#breadcrumb","itemListElement":[{"@type":"ListItem","position":1,"name":"Home","item":"https:\/\/dumoulin.absoludev.ca\/en\/"},{"@type":"ListItem","position":2,"name":"Shop","item":"https:\/\/dumoulin.absoludev.ca\/en\/shop\/"},{"@type":"ListItem","position":3,"name":"Casque Electra Go !"}]},{"@type":"WebSite","@id":"https:\/\/dumoulin.absoludev.ca\/#website","url":"https:\/\/dumoulin.absoludev.ca\/","name":"Dumoulin Bicyclettes","description":"","publisher":{"@id":"https:\/\/dumoulin.absoludev.ca\/#organization"},"potentialAction":[{"@type":"SearchAction","target":{"@type":"EntryPoint","urlTemplate":"https:\/\/dumoulin.absoludev.ca\/?s={search_term_string}"},"query-input":{"@type":"PropertyValueSpecification","valueRequired":true,"valueName":"search_term_string"}}],"inLanguage":"en-US"},{"@type":"Organization","@id":"https:\/\/dumoulin.absoludev.ca\/#organization","name":"Dumoulin Bicyclettes","url":"https:\/\/dumoulin.absoludev.ca\/","logo":{"@type":"ImageObject","inLanguage":"en-US","@id":"https:\/\/dumoulin.absoludev.ca\/#\/schema\/logo\/image\/","url":"https:\/\/www.dumoulinbicyclettes.com\/wp-content\/uploads\/2021\/04\/Logo.svg","contentUrl":"https:\/\/www.dumoulinbicyclettes.com\/wp-content\/uploads\/2021\/04\/Logo.svg","width":254,"height":86,"caption":"Dumoulin Bicyclettes"},"image":{"@id":"https:\/\/dumoulin.absoludev.ca\/#\/schema\/logo\/image\/"},"sameAs":["https:\/\/www.facebook.com\/dumoulinbicyclettes","https:\/\/www.instagram.com\/dumoulin.ca\/","https:\/\/www.youtube.com\/user\/dumoulinbicyclettes"]}]}},"_links":{"self":[{"href":"https:\/\/dumoulin.absoludev.ca\/en\/wp-json\/wp\/v2\/product\/329024","targetHints":{"allow":["GET"]}}],"collection":[{"href":"https:\/\/dumoulin.absoludev.ca\/en\/wp-json\/wp\/v2\/product"}],"about":[{"href":"https:\/\/dumoulin.absoludev.ca\/en\/wp-json\/wp\/v2\/types\/product"}],"wp:featuredmedia":[{"embeddable":true,"href":"https:\/\/dumoulin.absoludev.ca\/en\/wp-json\/wp\/v2\/media\/329070"}],"wp:attachment":[{"href":"https:\/\/dumoulin.absoludev.ca\/en\/wp-json\/wp\/v2\/media?parent=329024"}],"wp:term":[{"taxonomy":"product_brand","embeddable":true,"href":"https:\/\/dumoulin.absoludev.ca\/en\/wp-json\/wp\/v2\/product_brand?post=329024"},{"taxonomy":"product_cat","embeddable":true,"href":"https:\/\/dumoulin.absoludev.ca\/en\/wp-json\/wp\/v2\/product_cat?post=329024"},{"taxonomy":"product_tag","embeddable":true,"href":"https:\/\/dumoulin.absoludev.ca\/en\/wp-json\/wp\/v2\/product_tag?post=329024"},{"taxonomy":"marque-produit","embeddable":true,"href":"https:\/\/dumoulin.absoludev.ca\/en\/wp-json\/wp\/v2\/marque-produit?post=329024"},{"taxonomy":"collection-produit","embeddable":true,"href":"https:\/\/dumoulin.absoludev.ca\/en\/wp-json\/wp\/v2\/collection-produit?post=329024"},{"taxonomy":"type-surface-produit","embeddable":true,"href":"https:\/\/dumoulin.absoludev.ca\/en\/wp-json\/wp\/v2\/type-surface-produit?post=329024"},{"taxonomy":"type-velo-produit","embeddable":true,"href":"https:\/\/dumoulin.absoludev.ca\/en\/wp-json\/wp\/v2\/type-velo-produit?post=329024"},{"taxonomy":"vetement-produit","embeddable":true,"href":"https:\/\/dumoulin.absoludev.ca\/en\/wp-json\/wp\/v2\/vetement-produit?post=329024"},{"taxonomy":"thematique-produit","embeddable":true,"href":"https:\/\/dumoulin.absoludev.ca\/en\/wp-json\/wp\/v2\/thematique-produit?post=329024"},{"taxonomy":"position-sur-le-v\u00e9lo","embeddable":true,"href":"https:\/\/dumoulin.absoludev.ca\/en\/wp-json\/wp\/v2\/position-sur-le-v\u00e9lo?post=329024"}],"curies":[{"name":"wp","href":"https:\/\/api.w.org\/{rel}","templated":true}]}}