{"id":323252,"date":"2023-11-09T16:04:47","date_gmt":"2023-11-09T21:04:47","guid":{"rendered":"http:\/\/www.dumoulinbicyclettes.com\/?post_type=product&#038;p=323252"},"modified":"2025-09-04T14:15:09","modified_gmt":"2025-09-04T18:15:09","slug":"pneu-pour-velo-pliable-brompton-schwalbe-marathon","status":"publish","type":"product","link":"https:\/\/dumoulin.absoludev.ca\/en\/produit\/pneu-pour-velo-pliable-brompton-schwalbe-marathon\/","title":{"rendered":"Pneu Schwalbe Marathon, pour Brompton"},"content":{"rendered":"<p>Le pneu Schwalbe Marathon est durable et prot\u00e8ge tr\u00e8s bien contre les crevaisons. C&#8217;est un classique pour les utilisateurs de v\u00e9los pliables et pour tous les cyclistes urbains en g\u00e9n\u00e9ral.<\/p>\n<p>Dot\u00e9 de bandes r\u00e9fl\u00e9chissantes et d&#8217;une bonne bande de roulement, vous pourrez l&#8217;installer en toute confiance sur votre Brompton!<\/p>\n","protected":false},"excerpt":{"rendered":"<p>Le pneu Schwalbe Marathon est durable et prot\u00e8ge tr\u00e8s bien contre les crevaisons. C&#8217;est un classique pour les utilisateurs de v\u00e9los pliables et pour tous les cyclistes urbains en g\u00e9n\u00e9ral. Dot\u00e9 de bandes r\u00e9fl\u00e9chissantes et d&#8217;une bonne bande de roulement, vous pourrez l&#8217;installer en toute confiance sur votre Brompton!<\/p>\n","protected":false},"featured_media":323253,"template":"","meta":{"_acf_changed":false},"product_brand":[],"product_cat":[226,230],"product_tag":[2242,2253],"marque-produit":[1336],"collection-produit":[2885],"type-surface-produit":[],"type-velo-produit":[1253],"vetement-produit":[],"thematique-produit":[],"position-sur-le-v\u00e9lo":[],"class_list":{"0":"post-323252","1":"product","2":"type-product","3":"status-publish","4":"has-post-thumbnail","6":"product_cat-pneus","7":"product_cat-pneus-de-velo-pliable","8":"product_tag-brompton","9":"product_tag-marathon","10":"marque-produit-schwalbe","11":"collection-produit-pieces-et-composantes","12":"type-velo-produit-pliables","14":"first","15":"instock","16":"taxable","17":"shipping-taxable","18":"purchasable","19":"product-type-simple"},"acf":[],"yoast_head":"<!-- This site is optimized with the Yoast SEO plugin v24.3 - https:\/\/yoast.com\/wordpress\/plugins\/seo\/ -->\n<title>Pneu de v\u00e9lo Schwalbe Marathon | Brompton | 349 | V\u00e9lo pliable | Qu\u00e9bec<\/title>\n<meta name=\"description\" content=\"Le Schwalbe Marathon est LE pneu durable et fiable. Cette taille est sp\u00e9cialement destin\u00e9e aux v\u00e9los pliables Brompton (16x1-3\/8 ou 349 mm)\" \/>\n<meta name=\"robots\" content=\"noindex, follow, max-snippet:-1, max-image-preview:large, max-video-preview:-1\" \/>\n<meta property=\"og:locale\" content=\"en_US\" \/>\n<meta property=\"og:type\" content=\"article\" \/>\n<meta property=\"og:title\" content=\"Pneu de v\u00e9lo Schwalbe Marathon | Brompton | 349 | V\u00e9lo pliable | Qu\u00e9bec\" \/>\n<meta property=\"og:description\" content=\"Le Schwalbe Marathon est LE pneu durable et fiable. Cette taille est sp\u00e9cialement destin\u00e9e aux v\u00e9los pliables Brompton (16x1-3\/8 ou 349 mm)\" \/>\n<meta property=\"og:url\" content=\"https:\/\/dumoulin.absoludev.ca\/en\/produit\/pneu-pour-velo-pliable-brompton-schwalbe-marathon\/\" \/>\n<meta property=\"og:site_name\" content=\"Dumoulin Bicyclettes\" \/>\n<meta property=\"article:publisher\" content=\"https:\/\/www.facebook.com\/dumoulinbicyclettes\" \/>\n<meta property=\"article:modified_time\" content=\"2025-09-04T18:15:09+00:00\" \/>\n<meta property=\"og:image\" content=\"https:\/\/dumoulin.absoludev.ca\/wp-content\/uploads\/2023\/11\/Schwalbe_Marathon_The_Green_addix-eco-1.png\" \/>\n\t<meta property=\"og:image:width\" content=\"800\" \/>\n\t<meta property=\"og:image:height\" content=\"800\" \/>\n\t<meta property=\"og:image:type\" content=\"image\/png\" \/>\n<meta name=\"twitter:card\" content=\"summary_large_image\" \/>\n<script type=\"application\/ld+json\" class=\"yoast-schema-graph\">{\"@context\":\"https:\/\/schema.org\",\"@graph\":[{\"@type\":\"WebPage\",\"@id\":\"https:\/\/dumoulin.absoludev.ca\/en\/produit\/pneu-pour-velo-pliable-brompton-schwalbe-marathon\/\",\"url\":\"https:\/\/dumoulin.absoludev.ca\/en\/produit\/pneu-pour-velo-pliable-brompton-schwalbe-marathon\/\",\"name\":\"Pneu de v\u00e9lo Schwalbe Marathon | Brompton | 349 | V\u00e9lo pliable | Qu\u00e9bec\",\"isPartOf\":{\"@id\":\"https:\/\/dumoulin.absoludev.ca\/#website\"},\"primaryImageOfPage\":{\"@id\":\"https:\/\/dumoulin.absoludev.ca\/en\/produit\/pneu-pour-velo-pliable-brompton-schwalbe-marathon\/#primaryimage\"},\"image\":{\"@id\":\"https:\/\/dumoulin.absoludev.ca\/en\/produit\/pneu-pour-velo-pliable-brompton-schwalbe-marathon\/#primaryimage\"},\"thumbnailUrl\":\"https:\/\/dumoulin.absoludev.ca\/wp-content\/uploads\/2023\/11\/Schwalbe_Marathon_The_Green_addix-eco-1.png\",\"datePublished\":\"2023-11-09T21:04:47+00:00\",\"dateModified\":\"2025-09-04T18:15:09+00:00\",\"description\":\"Le Schwalbe Marathon est LE pneu durable et fiable. Cette taille est sp\u00e9cialement destin\u00e9e aux v\u00e9los pliables Brompton (16x1-3\/8 ou 349 mm)\",\"breadcrumb\":{\"@id\":\"https:\/\/dumoulin.absoludev.ca\/en\/produit\/pneu-pour-velo-pliable-brompton-schwalbe-marathon\/#breadcrumb\"},\"inLanguage\":\"en-US\",\"potentialAction\":[{\"@type\":\"ReadAction\",\"target\":[\"https:\/\/dumoulin.absoludev.ca\/en\/produit\/pneu-pour-velo-pliable-brompton-schwalbe-marathon\/\"]}]},{\"@type\":\"ImageObject\",\"inLanguage\":\"en-US\",\"@id\":\"https:\/\/dumoulin.absoludev.ca\/en\/produit\/pneu-pour-velo-pliable-brompton-schwalbe-marathon\/#primaryimage\",\"url\":\"https:\/\/dumoulin.absoludev.ca\/wp-content\/uploads\/2023\/11\/Schwalbe_Marathon_The_Green_addix-eco-1.png\",\"contentUrl\":\"https:\/\/dumoulin.absoludev.ca\/wp-content\/uploads\/2023\/11\/Schwalbe_Marathon_The_Green_addix-eco-1.png\",\"width\":800,\"height\":800,\"caption\":\"Schwalbe_Marathon_The_Green_addix-eco-1\"},{\"@type\":\"BreadcrumbList\",\"@id\":\"https:\/\/dumoulin.absoludev.ca\/en\/produit\/pneu-pour-velo-pliable-brompton-schwalbe-marathon\/#breadcrumb\",\"itemListElement\":[{\"@type\":\"ListItem\",\"position\":1,\"name\":\"Home\",\"item\":\"https:\/\/dumoulin.absoludev.ca\/en\/\"},{\"@type\":\"ListItem\",\"position\":2,\"name\":\"Shop\",\"item\":\"https:\/\/dumoulin.absoludev.ca\/en\/shop\/\"},{\"@type\":\"ListItem\",\"position\":3,\"name\":\"Pneu Schwalbe Marathon, pour Brompton\"}]},{\"@type\":\"WebSite\",\"@id\":\"https:\/\/dumoulin.absoludev.ca\/#website\",\"url\":\"https:\/\/dumoulin.absoludev.ca\/\",\"name\":\"Dumoulin Bicyclettes\",\"description\":\"\",\"publisher\":{\"@id\":\"https:\/\/dumoulin.absoludev.ca\/#organization\"},\"potentialAction\":[{\"@type\":\"SearchAction\",\"target\":{\"@type\":\"EntryPoint\",\"urlTemplate\":\"https:\/\/dumoulin.absoludev.ca\/?s={search_term_string}\"},\"query-input\":{\"@type\":\"PropertyValueSpecification\",\"valueRequired\":true,\"valueName\":\"search_term_string\"}}],\"inLanguage\":\"en-US\"},{\"@type\":\"Organization\",\"@id\":\"https:\/\/dumoulin.absoludev.ca\/#organization\",\"name\":\"Dumoulin Bicyclettes\",\"url\":\"https:\/\/dumoulin.absoludev.ca\/\",\"logo\":{\"@type\":\"ImageObject\",\"inLanguage\":\"en-US\",\"@id\":\"https:\/\/dumoulin.absoludev.ca\/#\/schema\/logo\/image\/\",\"url\":\"https:\/\/www.dumoulinbicyclettes.com\/wp-content\/uploads\/2021\/04\/Logo.svg\",\"contentUrl\":\"https:\/\/www.dumoulinbicyclettes.com\/wp-content\/uploads\/2021\/04\/Logo.svg\",\"width\":254,\"height\":86,\"caption\":\"Dumoulin Bicyclettes\"},\"image\":{\"@id\":\"https:\/\/dumoulin.absoludev.ca\/#\/schema\/logo\/image\/\"},\"sameAs\":[\"https:\/\/www.facebook.com\/dumoulinbicyclettes\",\"https:\/\/www.instagram.com\/dumoulin.ca\/\",\"https:\/\/www.youtube.com\/user\/dumoulinbicyclettes\"]}]}<\/script>\n<!-- \/ Yoast SEO plugin. -->","yoast_head_json":{"title":"Pneu de v\u00e9lo Schwalbe Marathon | Brompton | 349 | V\u00e9lo pliable | Qu\u00e9bec","description":"Le Schwalbe Marathon est LE pneu durable et fiable. Cette taille est sp\u00e9cialement destin\u00e9e aux v\u00e9los pliables Brompton (16x1-3\/8 ou 349 mm)","robots":{"index":"noindex","follow":"follow","max-snippet":"max-snippet:-1","max-image-preview":"max-image-preview:large","max-video-preview":"max-video-preview:-1"},"og_locale":"en_US","og_type":"article","og_title":"Pneu de v\u00e9lo Schwalbe Marathon | Brompton | 349 | V\u00e9lo pliable | Qu\u00e9bec","og_description":"Le Schwalbe Marathon est LE pneu durable et fiable. Cette taille est sp\u00e9cialement destin\u00e9e aux v\u00e9los pliables Brompton (16x1-3\/8 ou 349 mm)","og_url":"https:\/\/dumoulin.absoludev.ca\/en\/produit\/pneu-pour-velo-pliable-brompton-schwalbe-marathon\/","og_site_name":"Dumoulin Bicyclettes","article_publisher":"https:\/\/www.facebook.com\/dumoulinbicyclettes","article_modified_time":"2025-09-04T18:15:09+00:00","og_image":[{"width":800,"height":800,"url":"https:\/\/dumoulin.absoludev.ca\/wp-content\/uploads\/2023\/11\/Schwalbe_Marathon_The_Green_addix-eco-1.png","type":"image\/png"}],"twitter_card":"summary_large_image","schema":{"@context":"https:\/\/schema.org","@graph":[{"@type":"WebPage","@id":"https:\/\/dumoulin.absoludev.ca\/en\/produit\/pneu-pour-velo-pliable-brompton-schwalbe-marathon\/","url":"https:\/\/dumoulin.absoludev.ca\/en\/produit\/pneu-pour-velo-pliable-brompton-schwalbe-marathon\/","name":"Pneu de v\u00e9lo Schwalbe Marathon | Brompton | 349 | V\u00e9lo pliable | Qu\u00e9bec","isPartOf":{"@id":"https:\/\/dumoulin.absoludev.ca\/#website"},"primaryImageOfPage":{"@id":"https:\/\/dumoulin.absoludev.ca\/en\/produit\/pneu-pour-velo-pliable-brompton-schwalbe-marathon\/#primaryimage"},"image":{"@id":"https:\/\/dumoulin.absoludev.ca\/en\/produit\/pneu-pour-velo-pliable-brompton-schwalbe-marathon\/#primaryimage"},"thumbnailUrl":"https:\/\/dumoulin.absoludev.ca\/wp-content\/uploads\/2023\/11\/Schwalbe_Marathon_The_Green_addix-eco-1.png","datePublished":"2023-11-09T21:04:47+00:00","dateModified":"2025-09-04T18:15:09+00:00","description":"Le Schwalbe Marathon est LE pneu durable et fiable. Cette taille est sp\u00e9cialement destin\u00e9e aux v\u00e9los pliables Brompton (16x1-3\/8 ou 349 mm)","breadcrumb":{"@id":"https:\/\/dumoulin.absoludev.ca\/en\/produit\/pneu-pour-velo-pliable-brompton-schwalbe-marathon\/#breadcrumb"},"inLanguage":"en-US","potentialAction":[{"@type":"ReadAction","target":["https:\/\/dumoulin.absoludev.ca\/en\/produit\/pneu-pour-velo-pliable-brompton-schwalbe-marathon\/"]}]},{"@type":"ImageObject","inLanguage":"en-US","@id":"https:\/\/dumoulin.absoludev.ca\/en\/produit\/pneu-pour-velo-pliable-brompton-schwalbe-marathon\/#primaryimage","url":"https:\/\/dumoulin.absoludev.ca\/wp-content\/uploads\/2023\/11\/Schwalbe_Marathon_The_Green_addix-eco-1.png","contentUrl":"https:\/\/dumoulin.absoludev.ca\/wp-content\/uploads\/2023\/11\/Schwalbe_Marathon_The_Green_addix-eco-1.png","width":800,"height":800,"caption":"Schwalbe_Marathon_The_Green_addix-eco-1"},{"@type":"BreadcrumbList","@id":"https:\/\/dumoulin.absoludev.ca\/en\/produit\/pneu-pour-velo-pliable-brompton-schwalbe-marathon\/#breadcrumb","itemListElement":[{"@type":"ListItem","position":1,"name":"Home","item":"https:\/\/dumoulin.absoludev.ca\/en\/"},{"@type":"ListItem","position":2,"name":"Shop","item":"https:\/\/dumoulin.absoludev.ca\/en\/shop\/"},{"@type":"ListItem","position":3,"name":"Pneu Schwalbe Marathon, pour Brompton"}]},{"@type":"WebSite","@id":"https:\/\/dumoulin.absoludev.ca\/#website","url":"https:\/\/dumoulin.absoludev.ca\/","name":"Dumoulin Bicyclettes","description":"","publisher":{"@id":"https:\/\/dumoulin.absoludev.ca\/#organization"},"potentialAction":[{"@type":"SearchAction","target":{"@type":"EntryPoint","urlTemplate":"https:\/\/dumoulin.absoludev.ca\/?s={search_term_string}"},"query-input":{"@type":"PropertyValueSpecification","valueRequired":true,"valueName":"search_term_string"}}],"inLanguage":"en-US"},{"@type":"Organization","@id":"https:\/\/dumoulin.absoludev.ca\/#organization","name":"Dumoulin Bicyclettes","url":"https:\/\/dumoulin.absoludev.ca\/","logo":{"@type":"ImageObject","inLanguage":"en-US","@id":"https:\/\/dumoulin.absoludev.ca\/#\/schema\/logo\/image\/","url":"https:\/\/www.dumoulinbicyclettes.com\/wp-content\/uploads\/2021\/04\/Logo.svg","contentUrl":"https:\/\/www.dumoulinbicyclettes.com\/wp-content\/uploads\/2021\/04\/Logo.svg","width":254,"height":86,"caption":"Dumoulin Bicyclettes"},"image":{"@id":"https:\/\/dumoulin.absoludev.ca\/#\/schema\/logo\/image\/"},"sameAs":["https:\/\/www.facebook.com\/dumoulinbicyclettes","https:\/\/www.instagram.com\/dumoulin.ca\/","https:\/\/www.youtube.com\/user\/dumoulinbicyclettes"]}]}},"_links":{"self":[{"href":"https:\/\/dumoulin.absoludev.ca\/en\/wp-json\/wp\/v2\/product\/323252","targetHints":{"allow":["GET"]}}],"collection":[{"href":"https:\/\/dumoulin.absoludev.ca\/en\/wp-json\/wp\/v2\/product"}],"about":[{"href":"https:\/\/dumoulin.absoludev.ca\/en\/wp-json\/wp\/v2\/types\/product"}],"wp:featuredmedia":[{"embeddable":true,"href":"https:\/\/dumoulin.absoludev.ca\/en\/wp-json\/wp\/v2\/media\/323253"}],"wp:attachment":[{"href":"https:\/\/dumoulin.absoludev.ca\/en\/wp-json\/wp\/v2\/media?parent=323252"}],"wp:term":[{"taxonomy":"product_brand","embeddable":true,"href":"https:\/\/dumoulin.absoludev.ca\/en\/wp-json\/wp\/v2\/product_brand?post=323252"},{"taxonomy":"product_cat","embeddable":true,"href":"https:\/\/dumoulin.absoludev.ca\/en\/wp-json\/wp\/v2\/product_cat?post=323252"},{"taxonomy":"product_tag","embeddable":true,"href":"https:\/\/dumoulin.absoludev.ca\/en\/wp-json\/wp\/v2\/product_tag?post=323252"},{"taxonomy":"marque-produit","embeddable":true,"href":"https:\/\/dumoulin.absoludev.ca\/en\/wp-json\/wp\/v2\/marque-produit?post=323252"},{"taxonomy":"collection-produit","embeddable":true,"href":"https:\/\/dumoulin.absoludev.ca\/en\/wp-json\/wp\/v2\/collection-produit?post=323252"},{"taxonomy":"type-surface-produit","embeddable":true,"href":"https:\/\/dumoulin.absoludev.ca\/en\/wp-json\/wp\/v2\/type-surface-produit?post=323252"},{"taxonomy":"type-velo-produit","embeddable":true,"href":"https:\/\/dumoulin.absoludev.ca\/en\/wp-json\/wp\/v2\/type-velo-produit?post=323252"},{"taxonomy":"vetement-produit","embeddable":true,"href":"https:\/\/dumoulin.absoludev.ca\/en\/wp-json\/wp\/v2\/vetement-produit?post=323252"},{"taxonomy":"thematique-produit","embeddable":true,"href":"https:\/\/dumoulin.absoludev.ca\/en\/wp-json\/wp\/v2\/thematique-produit?post=323252"},{"taxonomy":"position-sur-le-v\u00e9lo","embeddable":true,"href":"https:\/\/dumoulin.absoludev.ca\/en\/wp-json\/wp\/v2\/position-sur-le-v\u00e9lo?post=323252"}],"curies":[{"name":"wp","href":"https:\/\/api.w.org\/{rel}","templated":true}]}}