{"id":321989,"date":"2023-11-07T15:05:43","date_gmt":"2023-11-07T20:05:43","guid":{"rendered":"http:\/\/www.dumoulinbicyclettes.com\/?post_type=product&#038;p=321989"},"modified":"2025-09-04T14:21:21","modified_gmt":"2025-09-04T18:21:21","slug":"casque-de-velo-enfant-thousand-jr","status":"publish","type":"product","link":"https:\/\/dumoulin.absoludev.ca\/en\/produit\/casque-de-velo-enfant-thousand-jr\/","title":{"rendered":"Casque Thousand \u00abJr.\u00bb"},"content":{"rendered":"<p>On vous l&#8217;avoue, un casque joli, fourni avec des autocollants r\u00e9fl\u00e9chissants, \u00e7a nous fait craquer !<\/p>\n<p>Non seulement ce casque Thousand est-il mignon et tout \u00e0 fait s\u00e9curitaire pour vos jeunes enfants, mais en plus, ils pourront le personnaliser avec une s\u00e9rie de \u00abstickers\u00bb r\u00e9fl\u00e9chissants, \u00e0 ajouter sur le casque, le cadre du v\u00e9lo ou tout autre support ad\u00e9quat.<\/p>\n<p>Coeur coeur love!<\/p>\n","protected":false},"excerpt":{"rendered":"<p>On vous l&#8217;avoue, un casque joli, fourni avec des autocollants r\u00e9fl\u00e9chissants, \u00e7a nous fait craquer ! Non seulement ce casque Thousand est-il mignon et tout \u00e0 fait s\u00e9curitaire pour vos jeunes enfants, mais en plus, ils pourront le personnaliser avec une s\u00e9rie de \u00abstickers\u00bb r\u00e9fl\u00e9chissants, \u00e0 ajouter sur le casque, le cadre du v\u00e9lo ou [&hellip;]<\/p>\n","protected":false},"featured_media":325832,"template":"","meta":{"_acf_changed":false},"product_brand":[],"product_cat":[187],"product_tag":[2395,2764,3350,3023],"marque-produit":[3022],"collection-produit":[3016],"type-surface-produit":[],"type-velo-produit":[],"vetement-produit":[],"thematique-produit":[],"position-sur-le-v\u00e9lo":[],"class_list":{"0":"post-321989","1":"product","2":"type-product","3":"status-publish","4":"has-post-thumbnail","6":"product_cat-enfants","7":"product_tag-casque","8":"product_tag-enfant","9":"product_tag-jr","10":"product_tag-thousand","11":"marque-produit-thousand","12":"collection-produit-enfants","14":"first","15":"instock","16":"sale","17":"taxable","18":"shipping-taxable","19":"purchasable","20":"product-type-variable"},"acf":[],"yoast_head":"<!-- This site is optimized with the Yoast SEO plugin v24.3 - https:\/\/yoast.com\/wordpress\/plugins\/seo\/ -->\n<title>Casque Thousand \u00abJr.\u00bb - Dumoulin Bicyclettes<\/title>\n<meta name=\"description\" content=\"Le casque de v\u00e9lo pour enfant Thousand Jr est magnifique ! Avec sa s\u00e9rie d&#039;autocollants r\u00e9fl\u00e9chissants, il assure la s\u00e9curit\u00e9 de votre enfant.\" \/>\n<meta name=\"robots\" content=\"noindex, follow, max-snippet:-1, max-image-preview:large, max-video-preview:-1\" \/>\n<meta property=\"og:locale\" content=\"en_US\" \/>\n<meta property=\"og:type\" content=\"article\" \/>\n<meta property=\"og:title\" content=\"Casque Thousand \u00abJr.\u00bb - Dumoulin Bicyclettes\" \/>\n<meta property=\"og:description\" content=\"Le casque de v\u00e9lo pour enfant Thousand Jr est magnifique ! Avec sa s\u00e9rie d&#039;autocollants r\u00e9fl\u00e9chissants, il assure la s\u00e9curit\u00e9 de votre enfant.\" \/>\n<meta property=\"og:url\" content=\"https:\/\/dumoulin.absoludev.ca\/produit\/casque-de-velo-enfant-thousand-jr\/\" \/>\n<meta property=\"og:site_name\" content=\"Dumoulin Bicyclettes\" \/>\n<meta property=\"article:publisher\" content=\"https:\/\/www.facebook.com\/dumoulinbicyclettes\" \/>\n<meta property=\"article:modified_time\" content=\"2025-09-04T18:21:21+00:00\" \/>\n<meta property=\"og:image\" content=\"https:\/\/dumoulin.absoludev.ca\/wp-content\/uploads\/2023\/11\/casque-de-velo-enfant-thousand-jr-thsd-thsdjr-floating-radred-221019-800x.png\" \/>\n\t<meta property=\"og:image:width\" content=\"800\" \/>\n\t<meta property=\"og:image:height\" content=\"512\" \/>\n\t<meta property=\"og:image:type\" content=\"image\/png\" \/>\n<meta name=\"twitter:card\" content=\"summary_large_image\" \/>\n<meta name=\"twitter:label1\" content=\"Est. reading time\" \/>\n\t<meta name=\"twitter:data1\" content=\"1 minute\" \/>\n<script type=\"application\/ld+json\" class=\"yoast-schema-graph\">{\"@context\":\"https:\/\/schema.org\",\"@graph\":[{\"@type\":\"WebPage\",\"@id\":\"https:\/\/dumoulin.absoludev.ca\/produit\/casque-de-velo-enfant-thousand-jr\/\",\"url\":\"https:\/\/dumoulin.absoludev.ca\/produit\/casque-de-velo-enfant-thousand-jr\/\",\"name\":\"Casque Thousand \u00abJr.\u00bb - Dumoulin Bicyclettes\",\"isPartOf\":{\"@id\":\"https:\/\/dumoulin.absoludev.ca\/#website\"},\"primaryImageOfPage\":{\"@id\":\"https:\/\/dumoulin.absoludev.ca\/produit\/casque-de-velo-enfant-thousand-jr\/#primaryimage\"},\"image\":{\"@id\":\"https:\/\/dumoulin.absoludev.ca\/produit\/casque-de-velo-enfant-thousand-jr\/#primaryimage\"},\"thumbnailUrl\":\"https:\/\/dumoulin.absoludev.ca\/wp-content\/uploads\/2023\/11\/casque-de-velo-enfant-thousand-jr-thsd-thsdjr-floating-radred-221019-800x.png\",\"datePublished\":\"2023-11-07T20:05:43+00:00\",\"dateModified\":\"2025-09-04T18:21:21+00:00\",\"description\":\"Le casque de v\u00e9lo pour enfant Thousand Jr est magnifique ! Avec sa s\u00e9rie d'autocollants r\u00e9fl\u00e9chissants, il assure la s\u00e9curit\u00e9 de votre enfant.\",\"breadcrumb\":{\"@id\":\"https:\/\/dumoulin.absoludev.ca\/produit\/casque-de-velo-enfant-thousand-jr\/#breadcrumb\"},\"inLanguage\":\"en-US\",\"potentialAction\":[{\"@type\":\"ReadAction\",\"target\":[\"https:\/\/dumoulin.absoludev.ca\/produit\/casque-de-velo-enfant-thousand-jr\/\"]}]},{\"@type\":\"ImageObject\",\"inLanguage\":\"en-US\",\"@id\":\"https:\/\/dumoulin.absoludev.ca\/produit\/casque-de-velo-enfant-thousand-jr\/#primaryimage\",\"url\":\"https:\/\/dumoulin.absoludev.ca\/wp-content\/uploads\/2023\/11\/casque-de-velo-enfant-thousand-jr-thsd-thsdjr-floating-radred-221019-800x.png\",\"contentUrl\":\"https:\/\/dumoulin.absoludev.ca\/wp-content\/uploads\/2023\/11\/casque-de-velo-enfant-thousand-jr-thsd-thsdjr-floating-radred-221019-800x.png\",\"width\":800,\"height\":512,\"caption\":\"casque-de-velo-enfant-thousand-jr-ThsdJR-helmet-speedwaycreme-2_800x\"},{\"@type\":\"BreadcrumbList\",\"@id\":\"https:\/\/dumoulin.absoludev.ca\/produit\/casque-de-velo-enfant-thousand-jr\/#breadcrumb\",\"itemListElement\":[{\"@type\":\"ListItem\",\"position\":1,\"name\":\"Home\",\"item\":\"https:\/\/dumoulin.absoludev.ca\/en\/\"},{\"@type\":\"ListItem\",\"position\":2,\"name\":\"Shop\",\"item\":\"https:\/\/dumoulin.absoludev.ca\/en\/shop\/\"},{\"@type\":\"ListItem\",\"position\":3,\"name\":\"Casque Thousand \u00abJr.\u00bb\"}]},{\"@type\":\"WebSite\",\"@id\":\"https:\/\/dumoulin.absoludev.ca\/#website\",\"url\":\"https:\/\/dumoulin.absoludev.ca\/\",\"name\":\"Dumoulin Bicyclettes\",\"description\":\"\",\"publisher\":{\"@id\":\"https:\/\/dumoulin.absoludev.ca\/#organization\"},\"potentialAction\":[{\"@type\":\"SearchAction\",\"target\":{\"@type\":\"EntryPoint\",\"urlTemplate\":\"https:\/\/dumoulin.absoludev.ca\/?s={search_term_string}\"},\"query-input\":{\"@type\":\"PropertyValueSpecification\",\"valueRequired\":true,\"valueName\":\"search_term_string\"}}],\"inLanguage\":\"en-US\"},{\"@type\":\"Organization\",\"@id\":\"https:\/\/dumoulin.absoludev.ca\/#organization\",\"name\":\"Dumoulin Bicyclettes\",\"url\":\"https:\/\/dumoulin.absoludev.ca\/\",\"logo\":{\"@type\":\"ImageObject\",\"inLanguage\":\"en-US\",\"@id\":\"https:\/\/dumoulin.absoludev.ca\/#\/schema\/logo\/image\/\",\"url\":\"https:\/\/www.dumoulinbicyclettes.com\/wp-content\/uploads\/2021\/04\/Logo.svg\",\"contentUrl\":\"https:\/\/www.dumoulinbicyclettes.com\/wp-content\/uploads\/2021\/04\/Logo.svg\",\"width\":254,\"height\":86,\"caption\":\"Dumoulin Bicyclettes\"},\"image\":{\"@id\":\"https:\/\/dumoulin.absoludev.ca\/#\/schema\/logo\/image\/\"},\"sameAs\":[\"https:\/\/www.facebook.com\/dumoulinbicyclettes\",\"https:\/\/www.instagram.com\/dumoulin.ca\/\",\"https:\/\/www.youtube.com\/user\/dumoulinbicyclettes\"]}]}<\/script>\n<!-- \/ Yoast SEO plugin. -->","yoast_head_json":{"title":"Casque Thousand \u00abJr.\u00bb - Dumoulin Bicyclettes","description":"Le casque de v\u00e9lo pour enfant Thousand Jr est magnifique ! Avec sa s\u00e9rie d'autocollants r\u00e9fl\u00e9chissants, il assure la s\u00e9curit\u00e9 de votre enfant.","robots":{"index":"noindex","follow":"follow","max-snippet":"max-snippet:-1","max-image-preview":"max-image-preview:large","max-video-preview":"max-video-preview:-1"},"og_locale":"en_US","og_type":"article","og_title":"Casque Thousand \u00abJr.\u00bb - Dumoulin Bicyclettes","og_description":"Le casque de v\u00e9lo pour enfant Thousand Jr est magnifique ! Avec sa s\u00e9rie d'autocollants r\u00e9fl\u00e9chissants, il assure la s\u00e9curit\u00e9 de votre enfant.","og_url":"https:\/\/dumoulin.absoludev.ca\/produit\/casque-de-velo-enfant-thousand-jr\/","og_site_name":"Dumoulin Bicyclettes","article_publisher":"https:\/\/www.facebook.com\/dumoulinbicyclettes","article_modified_time":"2025-09-04T18:21:21+00:00","og_image":[{"width":800,"height":512,"url":"https:\/\/dumoulin.absoludev.ca\/wp-content\/uploads\/2023\/11\/casque-de-velo-enfant-thousand-jr-thsd-thsdjr-floating-radred-221019-800x.png","type":"image\/png"}],"twitter_card":"summary_large_image","twitter_misc":{"Est. reading time":"1 minute"},"schema":{"@context":"https:\/\/schema.org","@graph":[{"@type":"WebPage","@id":"https:\/\/dumoulin.absoludev.ca\/produit\/casque-de-velo-enfant-thousand-jr\/","url":"https:\/\/dumoulin.absoludev.ca\/produit\/casque-de-velo-enfant-thousand-jr\/","name":"Casque Thousand \u00abJr.\u00bb - Dumoulin Bicyclettes","isPartOf":{"@id":"https:\/\/dumoulin.absoludev.ca\/#website"},"primaryImageOfPage":{"@id":"https:\/\/dumoulin.absoludev.ca\/produit\/casque-de-velo-enfant-thousand-jr\/#primaryimage"},"image":{"@id":"https:\/\/dumoulin.absoludev.ca\/produit\/casque-de-velo-enfant-thousand-jr\/#primaryimage"},"thumbnailUrl":"https:\/\/dumoulin.absoludev.ca\/wp-content\/uploads\/2023\/11\/casque-de-velo-enfant-thousand-jr-thsd-thsdjr-floating-radred-221019-800x.png","datePublished":"2023-11-07T20:05:43+00:00","dateModified":"2025-09-04T18:21:21+00:00","description":"Le casque de v\u00e9lo pour enfant Thousand Jr est magnifique ! Avec sa s\u00e9rie d'autocollants r\u00e9fl\u00e9chissants, il assure la s\u00e9curit\u00e9 de votre enfant.","breadcrumb":{"@id":"https:\/\/dumoulin.absoludev.ca\/produit\/casque-de-velo-enfant-thousand-jr\/#breadcrumb"},"inLanguage":"en-US","potentialAction":[{"@type":"ReadAction","target":["https:\/\/dumoulin.absoludev.ca\/produit\/casque-de-velo-enfant-thousand-jr\/"]}]},{"@type":"ImageObject","inLanguage":"en-US","@id":"https:\/\/dumoulin.absoludev.ca\/produit\/casque-de-velo-enfant-thousand-jr\/#primaryimage","url":"https:\/\/dumoulin.absoludev.ca\/wp-content\/uploads\/2023\/11\/casque-de-velo-enfant-thousand-jr-thsd-thsdjr-floating-radred-221019-800x.png","contentUrl":"https:\/\/dumoulin.absoludev.ca\/wp-content\/uploads\/2023\/11\/casque-de-velo-enfant-thousand-jr-thsd-thsdjr-floating-radred-221019-800x.png","width":800,"height":512,"caption":"casque-de-velo-enfant-thousand-jr-ThsdJR-helmet-speedwaycreme-2_800x"},{"@type":"BreadcrumbList","@id":"https:\/\/dumoulin.absoludev.ca\/produit\/casque-de-velo-enfant-thousand-jr\/#breadcrumb","itemListElement":[{"@type":"ListItem","position":1,"name":"Home","item":"https:\/\/dumoulin.absoludev.ca\/en\/"},{"@type":"ListItem","position":2,"name":"Shop","item":"https:\/\/dumoulin.absoludev.ca\/en\/shop\/"},{"@type":"ListItem","position":3,"name":"Casque Thousand \u00abJr.\u00bb"}]},{"@type":"WebSite","@id":"https:\/\/dumoulin.absoludev.ca\/#website","url":"https:\/\/dumoulin.absoludev.ca\/","name":"Dumoulin Bicyclettes","description":"","publisher":{"@id":"https:\/\/dumoulin.absoludev.ca\/#organization"},"potentialAction":[{"@type":"SearchAction","target":{"@type":"EntryPoint","urlTemplate":"https:\/\/dumoulin.absoludev.ca\/?s={search_term_string}"},"query-input":{"@type":"PropertyValueSpecification","valueRequired":true,"valueName":"search_term_string"}}],"inLanguage":"en-US"},{"@type":"Organization","@id":"https:\/\/dumoulin.absoludev.ca\/#organization","name":"Dumoulin Bicyclettes","url":"https:\/\/dumoulin.absoludev.ca\/","logo":{"@type":"ImageObject","inLanguage":"en-US","@id":"https:\/\/dumoulin.absoludev.ca\/#\/schema\/logo\/image\/","url":"https:\/\/www.dumoulinbicyclettes.com\/wp-content\/uploads\/2021\/04\/Logo.svg","contentUrl":"https:\/\/www.dumoulinbicyclettes.com\/wp-content\/uploads\/2021\/04\/Logo.svg","width":254,"height":86,"caption":"Dumoulin Bicyclettes"},"image":{"@id":"https:\/\/dumoulin.absoludev.ca\/#\/schema\/logo\/image\/"},"sameAs":["https:\/\/www.facebook.com\/dumoulinbicyclettes","https:\/\/www.instagram.com\/dumoulin.ca\/","https:\/\/www.youtube.com\/user\/dumoulinbicyclettes"]}]}},"_links":{"self":[{"href":"https:\/\/dumoulin.absoludev.ca\/en\/wp-json\/wp\/v2\/product\/321989","targetHints":{"allow":["GET"]}}],"collection":[{"href":"https:\/\/dumoulin.absoludev.ca\/en\/wp-json\/wp\/v2\/product"}],"about":[{"href":"https:\/\/dumoulin.absoludev.ca\/en\/wp-json\/wp\/v2\/types\/product"}],"wp:featuredmedia":[{"embeddable":true,"href":"https:\/\/dumoulin.absoludev.ca\/en\/wp-json\/wp\/v2\/media\/325832"}],"wp:attachment":[{"href":"https:\/\/dumoulin.absoludev.ca\/en\/wp-json\/wp\/v2\/media?parent=321989"}],"wp:term":[{"taxonomy":"product_brand","embeddable":true,"href":"https:\/\/dumoulin.absoludev.ca\/en\/wp-json\/wp\/v2\/product_brand?post=321989"},{"taxonomy":"product_cat","embeddable":true,"href":"https:\/\/dumoulin.absoludev.ca\/en\/wp-json\/wp\/v2\/product_cat?post=321989"},{"taxonomy":"product_tag","embeddable":true,"href":"https:\/\/dumoulin.absoludev.ca\/en\/wp-json\/wp\/v2\/product_tag?post=321989"},{"taxonomy":"marque-produit","embeddable":true,"href":"https:\/\/dumoulin.absoludev.ca\/en\/wp-json\/wp\/v2\/marque-produit?post=321989"},{"taxonomy":"collection-produit","embeddable":true,"href":"https:\/\/dumoulin.absoludev.ca\/en\/wp-json\/wp\/v2\/collection-produit?post=321989"},{"taxonomy":"type-surface-produit","embeddable":true,"href":"https:\/\/dumoulin.absoludev.ca\/en\/wp-json\/wp\/v2\/type-surface-produit?post=321989"},{"taxonomy":"type-velo-produit","embeddable":true,"href":"https:\/\/dumoulin.absoludev.ca\/en\/wp-json\/wp\/v2\/type-velo-produit?post=321989"},{"taxonomy":"vetement-produit","embeddable":true,"href":"https:\/\/dumoulin.absoludev.ca\/en\/wp-json\/wp\/v2\/vetement-produit?post=321989"},{"taxonomy":"thematique-produit","embeddable":true,"href":"https:\/\/dumoulin.absoludev.ca\/en\/wp-json\/wp\/v2\/thematique-produit?post=321989"},{"taxonomy":"position-sur-le-v\u00e9lo","embeddable":true,"href":"https:\/\/dumoulin.absoludev.ca\/en\/wp-json\/wp\/v2\/position-sur-le-v\u00e9lo?post=321989"}],"curies":[{"name":"wp","href":"https:\/\/api.w.org\/{rel}","templated":true}]}}