{"id":321973,"date":"2023-11-07T15:05:38","date_gmt":"2023-11-07T20:05:38","guid":{"rendered":"http:\/\/www.dumoulinbicyclettes.com\/?post_type=product&#038;p=321973"},"modified":"2025-09-04T14:21:21","modified_gmt":"2025-09-04T18:21:21","slug":"casque-de-velo-thousand-chapter","status":"publish","type":"product","link":"https:\/\/dumoulin.absoludev.ca\/en\/produit\/casque-de-velo-thousand-chapter\/","title":{"rendered":"Casque Thousand Chapter"},"content":{"rendered":"<p>Casque \u00e9l\u00e9gant, le \u00abThousand Chapter\u00bb offre les lignes raffin\u00e9es d&#8217;un casque de v\u00e9lo urbain, en apportant une touche \u00abtechno\u00bb gr\u00e2ce \u00e0 un feu arri\u00e8re magn\u00e9tique.<\/p>\n<p>\u00c9quip\u00e9 de la membrane de r\u00e9duction des risques de commotion \u00abMIPS\u00bb, vous trouverez dans ce casque la s\u00e9curit\u00e9 pour vos trajets \u00e0 v\u00e9lo, tout en \u00e9l\u00e9gance.<\/p>\n","protected":false},"excerpt":{"rendered":"<p>Casque \u00e9l\u00e9gant, le \u00abThousand Chapter\u00bb offre les lignes raffin\u00e9es d&#8217;un casque de v\u00e9lo urbain, en apportant une touche \u00abtechno\u00bb gr\u00e2ce \u00e0 un feu arri\u00e8re magn\u00e9tique. \u00c9quip\u00e9 de la membrane de r\u00e9duction des risques de commotion \u00abMIPS\u00bb, vous trouverez dans ce casque la s\u00e9curit\u00e9 pour vos trajets \u00e0 v\u00e9lo, tout en \u00e9l\u00e9gance.<\/p>\n","protected":false},"featured_media":325694,"template":"","meta":{"_acf_changed":false},"product_brand":[],"product_cat":[186],"product_tag":[2395,3025,3023],"marque-produit":[3022],"collection-produit":[3013],"type-surface-produit":[],"type-velo-produit":[],"vetement-produit":[],"thematique-produit":[],"position-sur-le-v\u00e9lo":[],"class_list":{"0":"post-321973","1":"product","2":"type-product","3":"status-publish","4":"has-post-thumbnail","6":"product_cat-adultes","7":"product_tag-casque","8":"product_tag-chapter","9":"product_tag-thousand","10":"marque-produit-thousand","11":"collection-produit-urbains","13":"first","14":"instock","15":"sale","16":"taxable","17":"shipping-taxable","18":"purchasable","19":"product-type-variable"},"acf":[],"yoast_head":"<!-- This site is optimized with the Yoast SEO plugin v24.3 - https:\/\/yoast.com\/wordpress\/plugins\/seo\/ -->\n<title>Casque de v\u00e9lo Thousand Chapter | Dumoulin Bicyclettes |\u00a0Montr\u00e9al<\/title>\n<meta name=\"description\" content=\"Le port du casque de v\u00e9lo Thousand Chapter ne vous enl\u00e8ve rien : il augmente votre s\u00e9curit\u00e9 et ajoute du style \u00e0 votre quotidien.\" \/>\n<meta name=\"robots\" content=\"noindex, follow, max-snippet:-1, max-image-preview:large, max-video-preview:-1\" \/>\n<meta property=\"og:locale\" content=\"en_US\" \/>\n<meta property=\"og:type\" content=\"article\" \/>\n<meta property=\"og:title\" content=\"Casque de v\u00e9lo Thousand Chapter | Dumoulin Bicyclettes |\u00a0Montr\u00e9al\" \/>\n<meta property=\"og:description\" content=\"Le port du casque de v\u00e9lo Thousand Chapter ne vous enl\u00e8ve rien : il augmente votre s\u00e9curit\u00e9 et ajoute du style \u00e0 votre quotidien.\" \/>\n<meta property=\"og:url\" content=\"https:\/\/dumoulin.absoludev.ca\/produit\/casque-de-velo-thousand-chapter\/\" \/>\n<meta property=\"og:site_name\" content=\"Dumoulin Bicyclettes\" \/>\n<meta property=\"article:publisher\" content=\"https:\/\/www.facebook.com\/dumoulinbicyclettes\" \/>\n<meta property=\"article:modified_time\" content=\"2025-09-04T18:21:21+00:00\" \/>\n<meta property=\"og:image\" content=\"https:\/\/dumoulin.absoludev.ca\/wp-content\/uploads\/2023\/11\/casque-de-velo-thousand-chapter-mips-3.jpg\" \/>\n\t<meta property=\"og:image:width\" content=\"600\" \/>\n\t<meta property=\"og:image:height\" content=\"384\" \/>\n\t<meta property=\"og:image:type\" content=\"image\/jpeg\" \/>\n<meta name=\"twitter:card\" content=\"summary_large_image\" \/>\n<meta name=\"twitter:label1\" content=\"Est. reading time\" \/>\n\t<meta name=\"twitter:data1\" content=\"1 minute\" \/>\n<script type=\"application\/ld+json\" class=\"yoast-schema-graph\">{\"@context\":\"https:\/\/schema.org\",\"@graph\":[{\"@type\":\"WebPage\",\"@id\":\"https:\/\/dumoulin.absoludev.ca\/produit\/casque-de-velo-thousand-chapter\/\",\"url\":\"https:\/\/dumoulin.absoludev.ca\/produit\/casque-de-velo-thousand-chapter\/\",\"name\":\"Casque de v\u00e9lo Thousand Chapter | Dumoulin Bicyclettes |\u00a0Montr\u00e9al\",\"isPartOf\":{\"@id\":\"https:\/\/dumoulin.absoludev.ca\/#website\"},\"primaryImageOfPage\":{\"@id\":\"https:\/\/dumoulin.absoludev.ca\/produit\/casque-de-velo-thousand-chapter\/#primaryimage\"},\"image\":{\"@id\":\"https:\/\/dumoulin.absoludev.ca\/produit\/casque-de-velo-thousand-chapter\/#primaryimage\"},\"thumbnailUrl\":\"https:\/\/dumoulin.absoludev.ca\/wp-content\/uploads\/2023\/11\/casque-de-velo-thousand-chapter-mips-3.jpg\",\"datePublished\":\"2023-11-07T20:05:38+00:00\",\"dateModified\":\"2025-09-04T18:21:21+00:00\",\"description\":\"Le port du casque de v\u00e9lo Thousand Chapter ne vous enl\u00e8ve rien : il augmente votre s\u00e9curit\u00e9 et ajoute du style \u00e0 votre quotidien.\",\"breadcrumb\":{\"@id\":\"https:\/\/dumoulin.absoludev.ca\/produit\/casque-de-velo-thousand-chapter\/#breadcrumb\"},\"inLanguage\":\"en-US\",\"potentialAction\":[{\"@type\":\"ReadAction\",\"target\":[\"https:\/\/dumoulin.absoludev.ca\/produit\/casque-de-velo-thousand-chapter\/\"]}]},{\"@type\":\"ImageObject\",\"inLanguage\":\"en-US\",\"@id\":\"https:\/\/dumoulin.absoludev.ca\/produit\/casque-de-velo-thousand-chapter\/#primaryimage\",\"url\":\"https:\/\/dumoulin.absoludev.ca\/wp-content\/uploads\/2023\/11\/casque-de-velo-thousand-chapter-mips-3.jpg\",\"contentUrl\":\"https:\/\/dumoulin.absoludev.ca\/wp-content\/uploads\/2023\/11\/casque-de-velo-thousand-chapter-mips-3.jpg\",\"width\":600,\"height\":384,\"caption\":\"Casque-de-velo-thousand-chapter\"},{\"@type\":\"BreadcrumbList\",\"@id\":\"https:\/\/dumoulin.absoludev.ca\/produit\/casque-de-velo-thousand-chapter\/#breadcrumb\",\"itemListElement\":[{\"@type\":\"ListItem\",\"position\":1,\"name\":\"Home\",\"item\":\"https:\/\/dumoulin.absoludev.ca\/en\/\"},{\"@type\":\"ListItem\",\"position\":2,\"name\":\"Shop\",\"item\":\"https:\/\/dumoulin.absoludev.ca\/en\/shop\/\"},{\"@type\":\"ListItem\",\"position\":3,\"name\":\"Casque Thousand Chapter\"}]},{\"@type\":\"WebSite\",\"@id\":\"https:\/\/dumoulin.absoludev.ca\/#website\",\"url\":\"https:\/\/dumoulin.absoludev.ca\/\",\"name\":\"Dumoulin Bicyclettes\",\"description\":\"\",\"publisher\":{\"@id\":\"https:\/\/dumoulin.absoludev.ca\/#organization\"},\"potentialAction\":[{\"@type\":\"SearchAction\",\"target\":{\"@type\":\"EntryPoint\",\"urlTemplate\":\"https:\/\/dumoulin.absoludev.ca\/?s={search_term_string}\"},\"query-input\":{\"@type\":\"PropertyValueSpecification\",\"valueRequired\":true,\"valueName\":\"search_term_string\"}}],\"inLanguage\":\"en-US\"},{\"@type\":\"Organization\",\"@id\":\"https:\/\/dumoulin.absoludev.ca\/#organization\",\"name\":\"Dumoulin Bicyclettes\",\"url\":\"https:\/\/dumoulin.absoludev.ca\/\",\"logo\":{\"@type\":\"ImageObject\",\"inLanguage\":\"en-US\",\"@id\":\"https:\/\/dumoulin.absoludev.ca\/#\/schema\/logo\/image\/\",\"url\":\"https:\/\/www.dumoulinbicyclettes.com\/wp-content\/uploads\/2021\/04\/Logo.svg\",\"contentUrl\":\"https:\/\/www.dumoulinbicyclettes.com\/wp-content\/uploads\/2021\/04\/Logo.svg\",\"width\":254,\"height\":86,\"caption\":\"Dumoulin Bicyclettes\"},\"image\":{\"@id\":\"https:\/\/dumoulin.absoludev.ca\/#\/schema\/logo\/image\/\"},\"sameAs\":[\"https:\/\/www.facebook.com\/dumoulinbicyclettes\",\"https:\/\/www.instagram.com\/dumoulin.ca\/\",\"https:\/\/www.youtube.com\/user\/dumoulinbicyclettes\"]}]}<\/script>\n<!-- \/ Yoast SEO plugin. -->","yoast_head_json":{"title":"Casque de v\u00e9lo Thousand Chapter | Dumoulin Bicyclettes |\u00a0Montr\u00e9al","description":"Le port du casque de v\u00e9lo Thousand Chapter ne vous enl\u00e8ve rien : il augmente votre s\u00e9curit\u00e9 et ajoute du style \u00e0 votre quotidien.","robots":{"index":"noindex","follow":"follow","max-snippet":"max-snippet:-1","max-image-preview":"max-image-preview:large","max-video-preview":"max-video-preview:-1"},"og_locale":"en_US","og_type":"article","og_title":"Casque de v\u00e9lo Thousand Chapter | Dumoulin Bicyclettes |\u00a0Montr\u00e9al","og_description":"Le port du casque de v\u00e9lo Thousand Chapter ne vous enl\u00e8ve rien : il augmente votre s\u00e9curit\u00e9 et ajoute du style \u00e0 votre quotidien.","og_url":"https:\/\/dumoulin.absoludev.ca\/produit\/casque-de-velo-thousand-chapter\/","og_site_name":"Dumoulin Bicyclettes","article_publisher":"https:\/\/www.facebook.com\/dumoulinbicyclettes","article_modified_time":"2025-09-04T18:21:21+00:00","og_image":[{"width":600,"height":384,"url":"https:\/\/dumoulin.absoludev.ca\/wp-content\/uploads\/2023\/11\/casque-de-velo-thousand-chapter-mips-3.jpg","type":"image\/jpeg"}],"twitter_card":"summary_large_image","twitter_misc":{"Est. reading time":"1 minute"},"schema":{"@context":"https:\/\/schema.org","@graph":[{"@type":"WebPage","@id":"https:\/\/dumoulin.absoludev.ca\/produit\/casque-de-velo-thousand-chapter\/","url":"https:\/\/dumoulin.absoludev.ca\/produit\/casque-de-velo-thousand-chapter\/","name":"Casque de v\u00e9lo Thousand Chapter | Dumoulin Bicyclettes |\u00a0Montr\u00e9al","isPartOf":{"@id":"https:\/\/dumoulin.absoludev.ca\/#website"},"primaryImageOfPage":{"@id":"https:\/\/dumoulin.absoludev.ca\/produit\/casque-de-velo-thousand-chapter\/#primaryimage"},"image":{"@id":"https:\/\/dumoulin.absoludev.ca\/produit\/casque-de-velo-thousand-chapter\/#primaryimage"},"thumbnailUrl":"https:\/\/dumoulin.absoludev.ca\/wp-content\/uploads\/2023\/11\/casque-de-velo-thousand-chapter-mips-3.jpg","datePublished":"2023-11-07T20:05:38+00:00","dateModified":"2025-09-04T18:21:21+00:00","description":"Le port du casque de v\u00e9lo Thousand Chapter ne vous enl\u00e8ve rien : il augmente votre s\u00e9curit\u00e9 et ajoute du style \u00e0 votre quotidien.","breadcrumb":{"@id":"https:\/\/dumoulin.absoludev.ca\/produit\/casque-de-velo-thousand-chapter\/#breadcrumb"},"inLanguage":"en-US","potentialAction":[{"@type":"ReadAction","target":["https:\/\/dumoulin.absoludev.ca\/produit\/casque-de-velo-thousand-chapter\/"]}]},{"@type":"ImageObject","inLanguage":"en-US","@id":"https:\/\/dumoulin.absoludev.ca\/produit\/casque-de-velo-thousand-chapter\/#primaryimage","url":"https:\/\/dumoulin.absoludev.ca\/wp-content\/uploads\/2023\/11\/casque-de-velo-thousand-chapter-mips-3.jpg","contentUrl":"https:\/\/dumoulin.absoludev.ca\/wp-content\/uploads\/2023\/11\/casque-de-velo-thousand-chapter-mips-3.jpg","width":600,"height":384,"caption":"Casque-de-velo-thousand-chapter"},{"@type":"BreadcrumbList","@id":"https:\/\/dumoulin.absoludev.ca\/produit\/casque-de-velo-thousand-chapter\/#breadcrumb","itemListElement":[{"@type":"ListItem","position":1,"name":"Home","item":"https:\/\/dumoulin.absoludev.ca\/en\/"},{"@type":"ListItem","position":2,"name":"Shop","item":"https:\/\/dumoulin.absoludev.ca\/en\/shop\/"},{"@type":"ListItem","position":3,"name":"Casque Thousand Chapter"}]},{"@type":"WebSite","@id":"https:\/\/dumoulin.absoludev.ca\/#website","url":"https:\/\/dumoulin.absoludev.ca\/","name":"Dumoulin Bicyclettes","description":"","publisher":{"@id":"https:\/\/dumoulin.absoludev.ca\/#organization"},"potentialAction":[{"@type":"SearchAction","target":{"@type":"EntryPoint","urlTemplate":"https:\/\/dumoulin.absoludev.ca\/?s={search_term_string}"},"query-input":{"@type":"PropertyValueSpecification","valueRequired":true,"valueName":"search_term_string"}}],"inLanguage":"en-US"},{"@type":"Organization","@id":"https:\/\/dumoulin.absoludev.ca\/#organization","name":"Dumoulin Bicyclettes","url":"https:\/\/dumoulin.absoludev.ca\/","logo":{"@type":"ImageObject","inLanguage":"en-US","@id":"https:\/\/dumoulin.absoludev.ca\/#\/schema\/logo\/image\/","url":"https:\/\/www.dumoulinbicyclettes.com\/wp-content\/uploads\/2021\/04\/Logo.svg","contentUrl":"https:\/\/www.dumoulinbicyclettes.com\/wp-content\/uploads\/2021\/04\/Logo.svg","width":254,"height":86,"caption":"Dumoulin Bicyclettes"},"image":{"@id":"https:\/\/dumoulin.absoludev.ca\/#\/schema\/logo\/image\/"},"sameAs":["https:\/\/www.facebook.com\/dumoulinbicyclettes","https:\/\/www.instagram.com\/dumoulin.ca\/","https:\/\/www.youtube.com\/user\/dumoulinbicyclettes"]}]}},"_links":{"self":[{"href":"https:\/\/dumoulin.absoludev.ca\/en\/wp-json\/wp\/v2\/product\/321973","targetHints":{"allow":["GET"]}}],"collection":[{"href":"https:\/\/dumoulin.absoludev.ca\/en\/wp-json\/wp\/v2\/product"}],"about":[{"href":"https:\/\/dumoulin.absoludev.ca\/en\/wp-json\/wp\/v2\/types\/product"}],"wp:featuredmedia":[{"embeddable":true,"href":"https:\/\/dumoulin.absoludev.ca\/en\/wp-json\/wp\/v2\/media\/325694"}],"wp:attachment":[{"href":"https:\/\/dumoulin.absoludev.ca\/en\/wp-json\/wp\/v2\/media?parent=321973"}],"wp:term":[{"taxonomy":"product_brand","embeddable":true,"href":"https:\/\/dumoulin.absoludev.ca\/en\/wp-json\/wp\/v2\/product_brand?post=321973"},{"taxonomy":"product_cat","embeddable":true,"href":"https:\/\/dumoulin.absoludev.ca\/en\/wp-json\/wp\/v2\/product_cat?post=321973"},{"taxonomy":"product_tag","embeddable":true,"href":"https:\/\/dumoulin.absoludev.ca\/en\/wp-json\/wp\/v2\/product_tag?post=321973"},{"taxonomy":"marque-produit","embeddable":true,"href":"https:\/\/dumoulin.absoludev.ca\/en\/wp-json\/wp\/v2\/marque-produit?post=321973"},{"taxonomy":"collection-produit","embeddable":true,"href":"https:\/\/dumoulin.absoludev.ca\/en\/wp-json\/wp\/v2\/collection-produit?post=321973"},{"taxonomy":"type-surface-produit","embeddable":true,"href":"https:\/\/dumoulin.absoludev.ca\/en\/wp-json\/wp\/v2\/type-surface-produit?post=321973"},{"taxonomy":"type-velo-produit","embeddable":true,"href":"https:\/\/dumoulin.absoludev.ca\/en\/wp-json\/wp\/v2\/type-velo-produit?post=321973"},{"taxonomy":"vetement-produit","embeddable":true,"href":"https:\/\/dumoulin.absoludev.ca\/en\/wp-json\/wp\/v2\/vetement-produit?post=321973"},{"taxonomy":"thematique-produit","embeddable":true,"href":"https:\/\/dumoulin.absoludev.ca\/en\/wp-json\/wp\/v2\/thematique-produit?post=321973"},{"taxonomy":"position-sur-le-v\u00e9lo","embeddable":true,"href":"https:\/\/dumoulin.absoludev.ca\/en\/wp-json\/wp\/v2\/position-sur-le-v\u00e9lo?post=321973"}],"curies":[{"name":"wp","href":"https:\/\/api.w.org\/{rel}","templated":true}]}}