{"id":321936,"date":"2023-11-07T15:05:24","date_gmt":"2023-11-07T20:05:24","guid":{"rendered":"http:\/\/www.dumoulinbicyclettes.com\/?post_type=product&#038;p=321936"},"modified":"2025-09-04T14:21:21","modified_gmt":"2025-09-04T18:21:21","slug":"casque-de-velo-thousand-heritage-2-0","status":"publish","type":"product","link":"https:\/\/dumoulin.absoludev.ca\/en\/produit\/casque-de-velo-thousand-heritage-2-0\/","title":{"rendered":"Casque Thousand \u00abHeritage 2.0\u00bb"},"content":{"rendered":"<p>Casque de v\u00e9lo original et avec de la personnalit\u00e9, le joli Thousand H\u00e9ritage provoque des r\u00e9actions positives.<\/p>\n<p>Une option pour toutes celles et ceux qui h\u00e9sitent \u00e0 adopter le casque de v\u00e9lo classique !<\/p>\n","protected":false},"excerpt":{"rendered":"<p>Casque de v\u00e9lo original et avec de la personnalit\u00e9, le joli Thousand H\u00e9ritage provoque des r\u00e9actions positives. Une option pour toutes celles et ceux qui h\u00e9sitent \u00e0 adopter le casque de v\u00e9lo classique !<\/p>\n","protected":false},"featured_media":325145,"template":"","meta":{"_acf_changed":false},"product_brand":[],"product_cat":[186,185],"product_tag":[2395,3024,3023],"marque-produit":[3022],"collection-produit":[3012,3013],"type-surface-produit":[],"type-velo-produit":[],"vetement-produit":[],"thematique-produit":[],"position-sur-le-v\u00e9lo":[],"class_list":{"0":"post-321936","1":"product","2":"type-product","3":"status-publish","4":"has-post-thumbnail","6":"product_cat-adultes","7":"product_cat-casques","8":"product_tag-casque","9":"product_tag-heritage","10":"product_tag-thousand","11":"marque-produit-thousand","12":"collection-produit-casques-2","13":"collection-produit-urbains","15":"first","16":"instock","17":"sale","18":"taxable","19":"shipping-taxable","20":"purchasable","21":"product-type-variable"},"acf":[],"yoast_head":"<!-- This site is optimized with the Yoast SEO plugin v24.3 - https:\/\/yoast.com\/wordpress\/plugins\/seo\/ -->\n<title>Casque Thousand \u00abHeritage 2.0\u00bb - Dumoulin Bicyclettes | casque de v\u00e9lo |<\/title>\n<meta name=\"description\" content=\"Joli casque de v\u00e9lo Thousand Heritage : une belle option, originale et avec de la personnalit\u00e9, pour augmenter votre s\u00e9curit\u00e9 \u00e0 v\u00e9lo.\" \/>\n<meta name=\"robots\" content=\"noindex, follow, max-snippet:-1, max-image-preview:large, max-video-preview:-1\" \/>\n<meta property=\"og:locale\" content=\"en_US\" \/>\n<meta property=\"og:type\" content=\"article\" \/>\n<meta property=\"og:title\" content=\"Casque Thousand \u00abHeritage 2.0\u00bb - Dumoulin Bicyclettes | casque de v\u00e9lo |\" \/>\n<meta property=\"og:description\" content=\"Joli casque de v\u00e9lo Thousand Heritage : une belle option, originale et avec de la personnalit\u00e9, pour augmenter votre s\u00e9curit\u00e9 \u00e0 v\u00e9lo.\" \/>\n<meta property=\"og:url\" content=\"https:\/\/dumoulin.absoludev.ca\/produit\/casque-de-velo-thousand-heritage-2-0\/\" \/>\n<meta property=\"og:site_name\" content=\"Dumoulin Bicyclettes\" \/>\n<meta property=\"article:publisher\" content=\"https:\/\/www.facebook.com\/dumoulinbicyclettes\" \/>\n<meta property=\"article:modified_time\" content=\"2025-09-04T18:21:21+00:00\" \/>\n<meta property=\"og:image\" content=\"https:\/\/dumoulin.absoludev.ca\/wp-content\/uploads\/2023\/11\/casque-de-velo-thousand-heritage-20-4-1.png\" \/>\n\t<meta property=\"og:image:width\" content=\"800\" \/>\n\t<meta property=\"og:image:height\" content=\"512\" \/>\n\t<meta property=\"og:image:type\" content=\"image\/png\" \/>\n<meta name=\"twitter:card\" content=\"summary_large_image\" \/>\n<meta name=\"twitter:label1\" content=\"Est. reading time\" \/>\n\t<meta name=\"twitter:data1\" content=\"1 minute\" \/>\n<script type=\"application\/ld+json\" class=\"yoast-schema-graph\">{\"@context\":\"https:\/\/schema.org\",\"@graph\":[{\"@type\":\"WebPage\",\"@id\":\"https:\/\/dumoulin.absoludev.ca\/produit\/casque-de-velo-thousand-heritage-2-0\/\",\"url\":\"https:\/\/dumoulin.absoludev.ca\/produit\/casque-de-velo-thousand-heritage-2-0\/\",\"name\":\"Casque Thousand \u00abHeritage 2.0\u00bb - Dumoulin Bicyclettes | casque de v\u00e9lo |\",\"isPartOf\":{\"@id\":\"https:\/\/dumoulin.absoludev.ca\/#website\"},\"primaryImageOfPage\":{\"@id\":\"https:\/\/dumoulin.absoludev.ca\/produit\/casque-de-velo-thousand-heritage-2-0\/#primaryimage\"},\"image\":{\"@id\":\"https:\/\/dumoulin.absoludev.ca\/produit\/casque-de-velo-thousand-heritage-2-0\/#primaryimage\"},\"thumbnailUrl\":\"https:\/\/dumoulin.absoludev.ca\/wp-content\/uploads\/2023\/11\/casque-de-velo-thousand-heritage-20-4-1.png\",\"datePublished\":\"2023-11-07T20:05:24+00:00\",\"dateModified\":\"2025-09-04T18:21:21+00:00\",\"description\":\"Joli casque de v\u00e9lo Thousand Heritage : une belle option, originale et avec de la personnalit\u00e9, pour augmenter votre s\u00e9curit\u00e9 \u00e0 v\u00e9lo.\",\"breadcrumb\":{\"@id\":\"https:\/\/dumoulin.absoludev.ca\/produit\/casque-de-velo-thousand-heritage-2-0\/#breadcrumb\"},\"inLanguage\":\"en-US\",\"potentialAction\":[{\"@type\":\"ReadAction\",\"target\":[\"https:\/\/dumoulin.absoludev.ca\/produit\/casque-de-velo-thousand-heritage-2-0\/\"]}]},{\"@type\":\"ImageObject\",\"inLanguage\":\"en-US\",\"@id\":\"https:\/\/dumoulin.absoludev.ca\/produit\/casque-de-velo-thousand-heritage-2-0\/#primaryimage\",\"url\":\"https:\/\/dumoulin.absoludev.ca\/wp-content\/uploads\/2023\/11\/casque-de-velo-thousand-heritage-20-4-1.png\",\"contentUrl\":\"https:\/\/dumoulin.absoludev.ca\/wp-content\/uploads\/2023\/11\/casque-de-velo-thousand-heritage-20-4-1.png\",\"width\":800,\"height\":512,\"caption\":\"casque-de-velo-Thousand-heritage-2.0-11\"},{\"@type\":\"BreadcrumbList\",\"@id\":\"https:\/\/dumoulin.absoludev.ca\/produit\/casque-de-velo-thousand-heritage-2-0\/#breadcrumb\",\"itemListElement\":[{\"@type\":\"ListItem\",\"position\":1,\"name\":\"Home\",\"item\":\"https:\/\/dumoulin.absoludev.ca\/en\/\"},{\"@type\":\"ListItem\",\"position\":2,\"name\":\"Shop\",\"item\":\"https:\/\/dumoulin.absoludev.ca\/en\/shop\/\"},{\"@type\":\"ListItem\",\"position\":3,\"name\":\"Casque Thousand \u00abHeritage 2.0\u00bb\"}]},{\"@type\":\"WebSite\",\"@id\":\"https:\/\/dumoulin.absoludev.ca\/#website\",\"url\":\"https:\/\/dumoulin.absoludev.ca\/\",\"name\":\"Dumoulin Bicyclettes\",\"description\":\"\",\"publisher\":{\"@id\":\"https:\/\/dumoulin.absoludev.ca\/#organization\"},\"potentialAction\":[{\"@type\":\"SearchAction\",\"target\":{\"@type\":\"EntryPoint\",\"urlTemplate\":\"https:\/\/dumoulin.absoludev.ca\/?s={search_term_string}\"},\"query-input\":{\"@type\":\"PropertyValueSpecification\",\"valueRequired\":true,\"valueName\":\"search_term_string\"}}],\"inLanguage\":\"en-US\"},{\"@type\":\"Organization\",\"@id\":\"https:\/\/dumoulin.absoludev.ca\/#organization\",\"name\":\"Dumoulin Bicyclettes\",\"url\":\"https:\/\/dumoulin.absoludev.ca\/\",\"logo\":{\"@type\":\"ImageObject\",\"inLanguage\":\"en-US\",\"@id\":\"https:\/\/dumoulin.absoludev.ca\/#\/schema\/logo\/image\/\",\"url\":\"https:\/\/www.dumoulinbicyclettes.com\/wp-content\/uploads\/2021\/04\/Logo.svg\",\"contentUrl\":\"https:\/\/www.dumoulinbicyclettes.com\/wp-content\/uploads\/2021\/04\/Logo.svg\",\"width\":254,\"height\":86,\"caption\":\"Dumoulin Bicyclettes\"},\"image\":{\"@id\":\"https:\/\/dumoulin.absoludev.ca\/#\/schema\/logo\/image\/\"},\"sameAs\":[\"https:\/\/www.facebook.com\/dumoulinbicyclettes\",\"https:\/\/www.instagram.com\/dumoulin.ca\/\",\"https:\/\/www.youtube.com\/user\/dumoulinbicyclettes\"]}]}<\/script>\n<!-- \/ Yoast SEO plugin. -->","yoast_head_json":{"title":"Casque Thousand \u00abHeritage 2.0\u00bb - Dumoulin Bicyclettes | casque de v\u00e9lo |","description":"Joli casque de v\u00e9lo Thousand Heritage : une belle option, originale et avec de la personnalit\u00e9, pour augmenter votre s\u00e9curit\u00e9 \u00e0 v\u00e9lo.","robots":{"index":"noindex","follow":"follow","max-snippet":"max-snippet:-1","max-image-preview":"max-image-preview:large","max-video-preview":"max-video-preview:-1"},"og_locale":"en_US","og_type":"article","og_title":"Casque Thousand \u00abHeritage 2.0\u00bb - Dumoulin Bicyclettes | casque de v\u00e9lo |","og_description":"Joli casque de v\u00e9lo Thousand Heritage : une belle option, originale et avec de la personnalit\u00e9, pour augmenter votre s\u00e9curit\u00e9 \u00e0 v\u00e9lo.","og_url":"https:\/\/dumoulin.absoludev.ca\/produit\/casque-de-velo-thousand-heritage-2-0\/","og_site_name":"Dumoulin Bicyclettes","article_publisher":"https:\/\/www.facebook.com\/dumoulinbicyclettes","article_modified_time":"2025-09-04T18:21:21+00:00","og_image":[{"width":800,"height":512,"url":"https:\/\/dumoulin.absoludev.ca\/wp-content\/uploads\/2023\/11\/casque-de-velo-thousand-heritage-20-4-1.png","type":"image\/png"}],"twitter_card":"summary_large_image","twitter_misc":{"Est. reading time":"1 minute"},"schema":{"@context":"https:\/\/schema.org","@graph":[{"@type":"WebPage","@id":"https:\/\/dumoulin.absoludev.ca\/produit\/casque-de-velo-thousand-heritage-2-0\/","url":"https:\/\/dumoulin.absoludev.ca\/produit\/casque-de-velo-thousand-heritage-2-0\/","name":"Casque Thousand \u00abHeritage 2.0\u00bb - Dumoulin Bicyclettes | casque de v\u00e9lo |","isPartOf":{"@id":"https:\/\/dumoulin.absoludev.ca\/#website"},"primaryImageOfPage":{"@id":"https:\/\/dumoulin.absoludev.ca\/produit\/casque-de-velo-thousand-heritage-2-0\/#primaryimage"},"image":{"@id":"https:\/\/dumoulin.absoludev.ca\/produit\/casque-de-velo-thousand-heritage-2-0\/#primaryimage"},"thumbnailUrl":"https:\/\/dumoulin.absoludev.ca\/wp-content\/uploads\/2023\/11\/casque-de-velo-thousand-heritage-20-4-1.png","datePublished":"2023-11-07T20:05:24+00:00","dateModified":"2025-09-04T18:21:21+00:00","description":"Joli casque de v\u00e9lo Thousand Heritage : une belle option, originale et avec de la personnalit\u00e9, pour augmenter votre s\u00e9curit\u00e9 \u00e0 v\u00e9lo.","breadcrumb":{"@id":"https:\/\/dumoulin.absoludev.ca\/produit\/casque-de-velo-thousand-heritage-2-0\/#breadcrumb"},"inLanguage":"en-US","potentialAction":[{"@type":"ReadAction","target":["https:\/\/dumoulin.absoludev.ca\/produit\/casque-de-velo-thousand-heritage-2-0\/"]}]},{"@type":"ImageObject","inLanguage":"en-US","@id":"https:\/\/dumoulin.absoludev.ca\/produit\/casque-de-velo-thousand-heritage-2-0\/#primaryimage","url":"https:\/\/dumoulin.absoludev.ca\/wp-content\/uploads\/2023\/11\/casque-de-velo-thousand-heritage-20-4-1.png","contentUrl":"https:\/\/dumoulin.absoludev.ca\/wp-content\/uploads\/2023\/11\/casque-de-velo-thousand-heritage-20-4-1.png","width":800,"height":512,"caption":"casque-de-velo-Thousand-heritage-2.0-11"},{"@type":"BreadcrumbList","@id":"https:\/\/dumoulin.absoludev.ca\/produit\/casque-de-velo-thousand-heritage-2-0\/#breadcrumb","itemListElement":[{"@type":"ListItem","position":1,"name":"Home","item":"https:\/\/dumoulin.absoludev.ca\/en\/"},{"@type":"ListItem","position":2,"name":"Shop","item":"https:\/\/dumoulin.absoludev.ca\/en\/shop\/"},{"@type":"ListItem","position":3,"name":"Casque Thousand \u00abHeritage 2.0\u00bb"}]},{"@type":"WebSite","@id":"https:\/\/dumoulin.absoludev.ca\/#website","url":"https:\/\/dumoulin.absoludev.ca\/","name":"Dumoulin Bicyclettes","description":"","publisher":{"@id":"https:\/\/dumoulin.absoludev.ca\/#organization"},"potentialAction":[{"@type":"SearchAction","target":{"@type":"EntryPoint","urlTemplate":"https:\/\/dumoulin.absoludev.ca\/?s={search_term_string}"},"query-input":{"@type":"PropertyValueSpecification","valueRequired":true,"valueName":"search_term_string"}}],"inLanguage":"en-US"},{"@type":"Organization","@id":"https:\/\/dumoulin.absoludev.ca\/#organization","name":"Dumoulin Bicyclettes","url":"https:\/\/dumoulin.absoludev.ca\/","logo":{"@type":"ImageObject","inLanguage":"en-US","@id":"https:\/\/dumoulin.absoludev.ca\/#\/schema\/logo\/image\/","url":"https:\/\/www.dumoulinbicyclettes.com\/wp-content\/uploads\/2021\/04\/Logo.svg","contentUrl":"https:\/\/www.dumoulinbicyclettes.com\/wp-content\/uploads\/2021\/04\/Logo.svg","width":254,"height":86,"caption":"Dumoulin Bicyclettes"},"image":{"@id":"https:\/\/dumoulin.absoludev.ca\/#\/schema\/logo\/image\/"},"sameAs":["https:\/\/www.facebook.com\/dumoulinbicyclettes","https:\/\/www.instagram.com\/dumoulin.ca\/","https:\/\/www.youtube.com\/user\/dumoulinbicyclettes"]}]}},"_links":{"self":[{"href":"https:\/\/dumoulin.absoludev.ca\/en\/wp-json\/wp\/v2\/product\/321936","targetHints":{"allow":["GET"]}}],"collection":[{"href":"https:\/\/dumoulin.absoludev.ca\/en\/wp-json\/wp\/v2\/product"}],"about":[{"href":"https:\/\/dumoulin.absoludev.ca\/en\/wp-json\/wp\/v2\/types\/product"}],"wp:featuredmedia":[{"embeddable":true,"href":"https:\/\/dumoulin.absoludev.ca\/en\/wp-json\/wp\/v2\/media\/325145"}],"wp:attachment":[{"href":"https:\/\/dumoulin.absoludev.ca\/en\/wp-json\/wp\/v2\/media?parent=321936"}],"wp:term":[{"taxonomy":"product_brand","embeddable":true,"href":"https:\/\/dumoulin.absoludev.ca\/en\/wp-json\/wp\/v2\/product_brand?post=321936"},{"taxonomy":"product_cat","embeddable":true,"href":"https:\/\/dumoulin.absoludev.ca\/en\/wp-json\/wp\/v2\/product_cat?post=321936"},{"taxonomy":"product_tag","embeddable":true,"href":"https:\/\/dumoulin.absoludev.ca\/en\/wp-json\/wp\/v2\/product_tag?post=321936"},{"taxonomy":"marque-produit","embeddable":true,"href":"https:\/\/dumoulin.absoludev.ca\/en\/wp-json\/wp\/v2\/marque-produit?post=321936"},{"taxonomy":"collection-produit","embeddable":true,"href":"https:\/\/dumoulin.absoludev.ca\/en\/wp-json\/wp\/v2\/collection-produit?post=321936"},{"taxonomy":"type-surface-produit","embeddable":true,"href":"https:\/\/dumoulin.absoludev.ca\/en\/wp-json\/wp\/v2\/type-surface-produit?post=321936"},{"taxonomy":"type-velo-produit","embeddable":true,"href":"https:\/\/dumoulin.absoludev.ca\/en\/wp-json\/wp\/v2\/type-velo-produit?post=321936"},{"taxonomy":"vetement-produit","embeddable":true,"href":"https:\/\/dumoulin.absoludev.ca\/en\/wp-json\/wp\/v2\/vetement-produit?post=321936"},{"taxonomy":"thematique-produit","embeddable":true,"href":"https:\/\/dumoulin.absoludev.ca\/en\/wp-json\/wp\/v2\/thematique-produit?post=321936"},{"taxonomy":"position-sur-le-v\u00e9lo","embeddable":true,"href":"https:\/\/dumoulin.absoludev.ca\/en\/wp-json\/wp\/v2\/position-sur-le-v\u00e9lo?post=321936"}],"curies":[{"name":"wp","href":"https:\/\/api.w.org\/{rel}","templated":true}]}}