{"id":321893,"date":"2023-11-07T15:04:46","date_gmt":"2023-11-07T20:04:46","guid":{"rendered":"http:\/\/www.dumoulinbicyclettes.com\/?post_type=product&#038;p=321893"},"modified":"2025-09-04T14:21:11","modified_gmt":"2025-09-04T18:21:11","slug":"casque-velo-trek-solstice-mips","status":"publish","type":"product","link":"https:\/\/dumoulin.absoludev.ca\/en\/produit\/casque-velo-trek-solstice-mips\/","title":{"rendered":"Casque de v\u00e9lo Trek Solstice MIPS"},"content":{"rendered":"<p>Le casque de v\u00e9lo Trek Solstice MIPS offre une protection de pointe pour les cyclistes. Dot\u00e9 de la technologie MIPS (Syst\u00e8me de Protection contre les Impacts Multidirectionnels), il r\u00e9duit le risque de blessures \u00e0 la t\u00eate en dissipant les forces d&#8217;impact. Confortable et ajustable, ce casque pr\u00e9sente une ventilation efficace pour un port agr\u00e9able lors de vos sorties \u00e0 v\u00e9lo. La s\u00e9curit\u00e9 et le style se rejoignent dans ce mod\u00e8le de Trek.<\/p>\n","protected":false},"excerpt":{"rendered":"<p>Le casque de v\u00e9lo Trek Solstice MIPS offre une protection de pointe pour les cyclistes. Dot\u00e9 de la technologie MIPS (Syst\u00e8me de Protection contre les Impacts Multidirectionnels), il r\u00e9duit le risque de blessures \u00e0 la t\u00eate en dissipant les forces d&#8217;impact. Confortable et ajustable, ce casque pr\u00e9sente une ventilation efficace pour un port agr\u00e9able lors [&hellip;]<\/p>\n","protected":false},"featured_media":321904,"template":"","meta":{"_acf_changed":false},"product_brand":[],"product_cat":[182,186,185],"product_tag":[2777,2395,3017,2194],"marque-produit":[1277],"collection-produit":[3012,3014],"type-surface-produit":[],"type-velo-produit":[],"vetement-produit":[],"thematique-produit":[],"position-sur-le-v\u00e9lo":[],"class_list":{"0":"post-321893","1":"product","2":"type-product","3":"status-publish","4":"has-post-thumbnail","6":"product_cat-accessoires","7":"product_cat-adultes","8":"product_cat-casques","9":"product_tag-adultes","10":"product_tag-casque","11":"product_tag-securite","12":"product_tag-trek","13":"marque-produit-trek","14":"collection-produit-casques-2","15":"collection-produit-hybrides","17":"first","18":"instock","19":"taxable","20":"shipping-taxable","21":"purchasable","22":"product-type-variable"},"acf":[],"yoast_head":"<!-- This site is optimized with the Yoast SEO plugin v24.3 - https:\/\/yoast.com\/wordpress\/plugins\/seo\/ -->\n<title>Casque de v\u00e9lo Trek Solstice MIPS | Protection avanc\u00e9e pour cyclistes<\/title>\n<meta name=\"description\" content=\"Le casque de v\u00e9lo Trek Solstice MIPS : une protection avanc\u00e9e pour vos sorties. Confort et s\u00e9curit\u00e9 imbattables. D\u00e9couvrez-le d\u00e8s aujourd&#039;hui !\" \/>\n<meta name=\"robots\" content=\"noindex, follow, max-snippet:-1, max-image-preview:large, max-video-preview:-1\" \/>\n<meta property=\"og:locale\" content=\"en_US\" \/>\n<meta property=\"og:type\" content=\"article\" \/>\n<meta property=\"og:title\" content=\"Casque de v\u00e9lo Trek Solstice MIPS | Protection avanc\u00e9e pour cyclistes\" \/>\n<meta property=\"og:description\" content=\"Le casque de v\u00e9lo Trek Solstice MIPS : une protection avanc\u00e9e pour vos sorties. Confort et s\u00e9curit\u00e9 imbattables. D\u00e9couvrez-le d\u00e8s aujourd&#039;hui !\" \/>\n<meta property=\"og:url\" content=\"https:\/\/dumoulin.absoludev.ca\/produit\/casque-velo-trek-solstice-mips\/\" \/>\n<meta property=\"og:site_name\" content=\"Dumoulin Bicyclettes\" \/>\n<meta property=\"article:publisher\" content=\"https:\/\/www.facebook.com\/dumoulinbicyclettes\" \/>\n<meta property=\"article:modified_time\" content=\"2025-09-04T18:21:11+00:00\" \/>\n<meta property=\"og:image\" content=\"https:\/\/dumoulin.absoludev.ca\/wp-content\/uploads\/2023\/11\/casque-de-velo-trek-solstice-MIPS-0-1.png\" \/>\n\t<meta property=\"og:image:width\" content=\"1920\" \/>\n\t<meta property=\"og:image:height\" content=\"1440\" \/>\n\t<meta property=\"og:image:type\" content=\"image\/png\" \/>\n<meta name=\"twitter:card\" content=\"summary_large_image\" \/>\n<meta name=\"twitter:label1\" content=\"Est. reading time\" \/>\n\t<meta name=\"twitter:data1\" content=\"1 minute\" \/>\n<script type=\"application\/ld+json\" class=\"yoast-schema-graph\">{\"@context\":\"https:\/\/schema.org\",\"@graph\":[{\"@type\":\"WebPage\",\"@id\":\"https:\/\/dumoulin.absoludev.ca\/produit\/casque-velo-trek-solstice-mips\/\",\"url\":\"https:\/\/dumoulin.absoludev.ca\/produit\/casque-velo-trek-solstice-mips\/\",\"name\":\"Casque de v\u00e9lo Trek Solstice MIPS | Protection avanc\u00e9e pour cyclistes\",\"isPartOf\":{\"@id\":\"https:\/\/dumoulin.absoludev.ca\/#website\"},\"primaryImageOfPage\":{\"@id\":\"https:\/\/dumoulin.absoludev.ca\/produit\/casque-velo-trek-solstice-mips\/#primaryimage\"},\"image\":{\"@id\":\"https:\/\/dumoulin.absoludev.ca\/produit\/casque-velo-trek-solstice-mips\/#primaryimage\"},\"thumbnailUrl\":\"https:\/\/dumoulin.absoludev.ca\/wp-content\/uploads\/2023\/11\/casque-de-velo-trek-solstice-MIPS-0-1.png\",\"datePublished\":\"2023-11-07T20:04:46+00:00\",\"dateModified\":\"2025-09-04T18:21:11+00:00\",\"description\":\"Le casque de v\u00e9lo Trek Solstice MIPS : une protection avanc\u00e9e pour vos sorties. Confort et s\u00e9curit\u00e9 imbattables. D\u00e9couvrez-le d\u00e8s aujourd'hui !\",\"breadcrumb\":{\"@id\":\"https:\/\/dumoulin.absoludev.ca\/produit\/casque-velo-trek-solstice-mips\/#breadcrumb\"},\"inLanguage\":\"en-US\",\"potentialAction\":[{\"@type\":\"ReadAction\",\"target\":[\"https:\/\/dumoulin.absoludev.ca\/produit\/casque-velo-trek-solstice-mips\/\"]}]},{\"@type\":\"ImageObject\",\"inLanguage\":\"en-US\",\"@id\":\"https:\/\/dumoulin.absoludev.ca\/produit\/casque-velo-trek-solstice-mips\/#primaryimage\",\"url\":\"https:\/\/dumoulin.absoludev.ca\/wp-content\/uploads\/2023\/11\/casque-de-velo-trek-solstice-MIPS-0-1.png\",\"contentUrl\":\"https:\/\/dumoulin.absoludev.ca\/wp-content\/uploads\/2023\/11\/casque-de-velo-trek-solstice-MIPS-0-1.png\",\"width\":1920,\"height\":1440},{\"@type\":\"BreadcrumbList\",\"@id\":\"https:\/\/dumoulin.absoludev.ca\/produit\/casque-velo-trek-solstice-mips\/#breadcrumb\",\"itemListElement\":[{\"@type\":\"ListItem\",\"position\":1,\"name\":\"Home\",\"item\":\"https:\/\/dumoulin.absoludev.ca\/en\/\"},{\"@type\":\"ListItem\",\"position\":2,\"name\":\"Shop\",\"item\":\"https:\/\/dumoulin.absoludev.ca\/en\/shop\/\"},{\"@type\":\"ListItem\",\"position\":3,\"name\":\"Casque de v\u00e9lo Trek Solstice MIPS\"}]},{\"@type\":\"WebSite\",\"@id\":\"https:\/\/dumoulin.absoludev.ca\/#website\",\"url\":\"https:\/\/dumoulin.absoludev.ca\/\",\"name\":\"Dumoulin Bicyclettes\",\"description\":\"\",\"publisher\":{\"@id\":\"https:\/\/dumoulin.absoludev.ca\/#organization\"},\"potentialAction\":[{\"@type\":\"SearchAction\",\"target\":{\"@type\":\"EntryPoint\",\"urlTemplate\":\"https:\/\/dumoulin.absoludev.ca\/?s={search_term_string}\"},\"query-input\":{\"@type\":\"PropertyValueSpecification\",\"valueRequired\":true,\"valueName\":\"search_term_string\"}}],\"inLanguage\":\"en-US\"},{\"@type\":\"Organization\",\"@id\":\"https:\/\/dumoulin.absoludev.ca\/#organization\",\"name\":\"Dumoulin Bicyclettes\",\"url\":\"https:\/\/dumoulin.absoludev.ca\/\",\"logo\":{\"@type\":\"ImageObject\",\"inLanguage\":\"en-US\",\"@id\":\"https:\/\/dumoulin.absoludev.ca\/#\/schema\/logo\/image\/\",\"url\":\"https:\/\/www.dumoulinbicyclettes.com\/wp-content\/uploads\/2021\/04\/Logo.svg\",\"contentUrl\":\"https:\/\/www.dumoulinbicyclettes.com\/wp-content\/uploads\/2021\/04\/Logo.svg\",\"width\":254,\"height\":86,\"caption\":\"Dumoulin Bicyclettes\"},\"image\":{\"@id\":\"https:\/\/dumoulin.absoludev.ca\/#\/schema\/logo\/image\/\"},\"sameAs\":[\"https:\/\/www.facebook.com\/dumoulinbicyclettes\",\"https:\/\/www.instagram.com\/dumoulin.ca\/\",\"https:\/\/www.youtube.com\/user\/dumoulinbicyclettes\"]}]}<\/script>\n<!-- \/ Yoast SEO plugin. -->","yoast_head_json":{"title":"Casque de v\u00e9lo Trek Solstice MIPS | Protection avanc\u00e9e pour cyclistes","description":"Le casque de v\u00e9lo Trek Solstice MIPS : une protection avanc\u00e9e pour vos sorties. Confort et s\u00e9curit\u00e9 imbattables. D\u00e9couvrez-le d\u00e8s aujourd'hui !","robots":{"index":"noindex","follow":"follow","max-snippet":"max-snippet:-1","max-image-preview":"max-image-preview:large","max-video-preview":"max-video-preview:-1"},"og_locale":"en_US","og_type":"article","og_title":"Casque de v\u00e9lo Trek Solstice MIPS | Protection avanc\u00e9e pour cyclistes","og_description":"Le casque de v\u00e9lo Trek Solstice MIPS : une protection avanc\u00e9e pour vos sorties. Confort et s\u00e9curit\u00e9 imbattables. D\u00e9couvrez-le d\u00e8s aujourd'hui !","og_url":"https:\/\/dumoulin.absoludev.ca\/produit\/casque-velo-trek-solstice-mips\/","og_site_name":"Dumoulin Bicyclettes","article_publisher":"https:\/\/www.facebook.com\/dumoulinbicyclettes","article_modified_time":"2025-09-04T18:21:11+00:00","og_image":[{"width":1920,"height":1440,"url":"https:\/\/dumoulin.absoludev.ca\/wp-content\/uploads\/2023\/11\/casque-de-velo-trek-solstice-MIPS-0-1.png","type":"image\/png"}],"twitter_card":"summary_large_image","twitter_misc":{"Est. reading time":"1 minute"},"schema":{"@context":"https:\/\/schema.org","@graph":[{"@type":"WebPage","@id":"https:\/\/dumoulin.absoludev.ca\/produit\/casque-velo-trek-solstice-mips\/","url":"https:\/\/dumoulin.absoludev.ca\/produit\/casque-velo-trek-solstice-mips\/","name":"Casque de v\u00e9lo Trek Solstice MIPS | Protection avanc\u00e9e pour cyclistes","isPartOf":{"@id":"https:\/\/dumoulin.absoludev.ca\/#website"},"primaryImageOfPage":{"@id":"https:\/\/dumoulin.absoludev.ca\/produit\/casque-velo-trek-solstice-mips\/#primaryimage"},"image":{"@id":"https:\/\/dumoulin.absoludev.ca\/produit\/casque-velo-trek-solstice-mips\/#primaryimage"},"thumbnailUrl":"https:\/\/dumoulin.absoludev.ca\/wp-content\/uploads\/2023\/11\/casque-de-velo-trek-solstice-MIPS-0-1.png","datePublished":"2023-11-07T20:04:46+00:00","dateModified":"2025-09-04T18:21:11+00:00","description":"Le casque de v\u00e9lo Trek Solstice MIPS : une protection avanc\u00e9e pour vos sorties. Confort et s\u00e9curit\u00e9 imbattables. D\u00e9couvrez-le d\u00e8s aujourd'hui !","breadcrumb":{"@id":"https:\/\/dumoulin.absoludev.ca\/produit\/casque-velo-trek-solstice-mips\/#breadcrumb"},"inLanguage":"en-US","potentialAction":[{"@type":"ReadAction","target":["https:\/\/dumoulin.absoludev.ca\/produit\/casque-velo-trek-solstice-mips\/"]}]},{"@type":"ImageObject","inLanguage":"en-US","@id":"https:\/\/dumoulin.absoludev.ca\/produit\/casque-velo-trek-solstice-mips\/#primaryimage","url":"https:\/\/dumoulin.absoludev.ca\/wp-content\/uploads\/2023\/11\/casque-de-velo-trek-solstice-MIPS-0-1.png","contentUrl":"https:\/\/dumoulin.absoludev.ca\/wp-content\/uploads\/2023\/11\/casque-de-velo-trek-solstice-MIPS-0-1.png","width":1920,"height":1440},{"@type":"BreadcrumbList","@id":"https:\/\/dumoulin.absoludev.ca\/produit\/casque-velo-trek-solstice-mips\/#breadcrumb","itemListElement":[{"@type":"ListItem","position":1,"name":"Home","item":"https:\/\/dumoulin.absoludev.ca\/en\/"},{"@type":"ListItem","position":2,"name":"Shop","item":"https:\/\/dumoulin.absoludev.ca\/en\/shop\/"},{"@type":"ListItem","position":3,"name":"Casque de v\u00e9lo Trek Solstice MIPS"}]},{"@type":"WebSite","@id":"https:\/\/dumoulin.absoludev.ca\/#website","url":"https:\/\/dumoulin.absoludev.ca\/","name":"Dumoulin Bicyclettes","description":"","publisher":{"@id":"https:\/\/dumoulin.absoludev.ca\/#organization"},"potentialAction":[{"@type":"SearchAction","target":{"@type":"EntryPoint","urlTemplate":"https:\/\/dumoulin.absoludev.ca\/?s={search_term_string}"},"query-input":{"@type":"PropertyValueSpecification","valueRequired":true,"valueName":"search_term_string"}}],"inLanguage":"en-US"},{"@type":"Organization","@id":"https:\/\/dumoulin.absoludev.ca\/#organization","name":"Dumoulin Bicyclettes","url":"https:\/\/dumoulin.absoludev.ca\/","logo":{"@type":"ImageObject","inLanguage":"en-US","@id":"https:\/\/dumoulin.absoludev.ca\/#\/schema\/logo\/image\/","url":"https:\/\/www.dumoulinbicyclettes.com\/wp-content\/uploads\/2021\/04\/Logo.svg","contentUrl":"https:\/\/www.dumoulinbicyclettes.com\/wp-content\/uploads\/2021\/04\/Logo.svg","width":254,"height":86,"caption":"Dumoulin Bicyclettes"},"image":{"@id":"https:\/\/dumoulin.absoludev.ca\/#\/schema\/logo\/image\/"},"sameAs":["https:\/\/www.facebook.com\/dumoulinbicyclettes","https:\/\/www.instagram.com\/dumoulin.ca\/","https:\/\/www.youtube.com\/user\/dumoulinbicyclettes"]}]}},"_links":{"self":[{"href":"https:\/\/dumoulin.absoludev.ca\/en\/wp-json\/wp\/v2\/product\/321893","targetHints":{"allow":["GET"]}}],"collection":[{"href":"https:\/\/dumoulin.absoludev.ca\/en\/wp-json\/wp\/v2\/product"}],"about":[{"href":"https:\/\/dumoulin.absoludev.ca\/en\/wp-json\/wp\/v2\/types\/product"}],"wp:featuredmedia":[{"embeddable":true,"href":"https:\/\/dumoulin.absoludev.ca\/en\/wp-json\/wp\/v2\/media\/321904"}],"wp:attachment":[{"href":"https:\/\/dumoulin.absoludev.ca\/en\/wp-json\/wp\/v2\/media?parent=321893"}],"wp:term":[{"taxonomy":"product_brand","embeddable":true,"href":"https:\/\/dumoulin.absoludev.ca\/en\/wp-json\/wp\/v2\/product_brand?post=321893"},{"taxonomy":"product_cat","embeddable":true,"href":"https:\/\/dumoulin.absoludev.ca\/en\/wp-json\/wp\/v2\/product_cat?post=321893"},{"taxonomy":"product_tag","embeddable":true,"href":"https:\/\/dumoulin.absoludev.ca\/en\/wp-json\/wp\/v2\/product_tag?post=321893"},{"taxonomy":"marque-produit","embeddable":true,"href":"https:\/\/dumoulin.absoludev.ca\/en\/wp-json\/wp\/v2\/marque-produit?post=321893"},{"taxonomy":"collection-produit","embeddable":true,"href":"https:\/\/dumoulin.absoludev.ca\/en\/wp-json\/wp\/v2\/collection-produit?post=321893"},{"taxonomy":"type-surface-produit","embeddable":true,"href":"https:\/\/dumoulin.absoludev.ca\/en\/wp-json\/wp\/v2\/type-surface-produit?post=321893"},{"taxonomy":"type-velo-produit","embeddable":true,"href":"https:\/\/dumoulin.absoludev.ca\/en\/wp-json\/wp\/v2\/type-velo-produit?post=321893"},{"taxonomy":"vetement-produit","embeddable":true,"href":"https:\/\/dumoulin.absoludev.ca\/en\/wp-json\/wp\/v2\/vetement-produit?post=321893"},{"taxonomy":"thematique-produit","embeddable":true,"href":"https:\/\/dumoulin.absoludev.ca\/en\/wp-json\/wp\/v2\/thematique-produit?post=321893"},{"taxonomy":"position-sur-le-v\u00e9lo","embeddable":true,"href":"https:\/\/dumoulin.absoludev.ca\/en\/wp-json\/wp\/v2\/position-sur-le-v\u00e9lo?post=321893"}],"curies":[{"name":"wp","href":"https:\/\/api.w.org\/{rel}","templated":true}]}}