{"id":321278,"date":"2023-11-06T15:05:09","date_gmt":"2023-11-06T20:05:09","guid":{"rendered":"http:\/\/www.dumoulinbicyclettes.com\/?post_type=product&#038;p=321278"},"modified":"2025-09-04T14:13:38","modified_gmt":"2025-09-04T18:13:38","slug":"sangles-utilitaire-yuba-cargo-straps","status":"publish","type":"product","link":"https:\/\/dumoulin.absoludev.ca\/en\/produit\/sangles-utilitaire-yuba-cargo-straps\/","title":{"rendered":"Sangle utilitaire Yuba \u00abCargo strap\u00bb"},"content":{"rendered":"<p>Indispensable au mode de vie du v\u00e9lo cargo, la sangle utilitaire Yuba facilite la s\u00e9curisation de vos plus gros chargements.<\/p>\n<p>Simple et efficace, c&#8217;est un accessoire que vous souhaitez toujours \u00e0 port\u00e9e de main.<\/p>\n","protected":false},"excerpt":{"rendered":"<p>Indispensable au mode de vie du v\u00e9lo cargo, la sangle utilitaire Yuba facilite la s\u00e9curisation de vos plus gros chargements. Simple et efficace, c&#8217;est un accessoire que vous souhaitez toujours \u00e0 port\u00e9e de main.<\/p>\n","protected":false},"featured_media":515941,"template":"","meta":{"_acf_changed":false},"product_brand":[],"product_cat":[194,183,2506],"product_tag":[3036,2179],"marque-produit":[1201],"collection-produit":[2848],"type-surface-produit":[],"type-velo-produit":[],"vetement-produit":[],"thematique-produit":[],"position-sur-le-v\u00e9lo":[],"class_list":{"0":"post-321278","1":"product","2":"type-product","3":"status-publish","4":"has-post-thumbnail","6":"product_cat-accessoires-divers","7":"product_cat-accessoires-pour-velo-cargo","8":"product_cat-yuba","9":"product_tag-sangle","10":"product_tag-yuba","11":"marque-produit-yuba","12":"collection-produit-yuba","14":"first","15":"instock","16":"sale","17":"taxable","18":"shipping-taxable","19":"purchasable","20":"product-type-simple"},"acf":[],"yoast_head":"<!-- This site is optimized with the Yoast SEO plugin v24.3 - https:\/\/yoast.com\/wordpress\/plugins\/seo\/ -->\n<title>Sangles Cargo | mode de vie v\u00e9lo cargo | Yuba | Dumoulin Bicyclettes<\/title>\n<meta name=\"description\" content=\"Une sangle parfaitement adapt\u00e9e au mode de vie \u00abv\u00e9lo cargo\u00bb. S\u00e9curisez vos chargements gr\u00e2ce \u00e0 ces sangles Yuba solides et pratiques.\" \/>\n<meta name=\"robots\" content=\"noindex, follow, max-snippet:-1, max-image-preview:large, max-video-preview:-1\" \/>\n<meta property=\"og:locale\" content=\"en_US\" \/>\n<meta property=\"og:type\" content=\"article\" \/>\n<meta property=\"og:title\" content=\"Sangles Cargo | mode de vie v\u00e9lo cargo | Yuba | Dumoulin Bicyclettes\" \/>\n<meta property=\"og:description\" content=\"Une sangle parfaitement adapt\u00e9e au mode de vie \u00abv\u00e9lo cargo\u00bb. S\u00e9curisez vos chargements gr\u00e2ce \u00e0 ces sangles Yuba solides et pratiques.\" \/>\n<meta property=\"og:url\" content=\"https:\/\/dumoulin.absoludev.ca\/en\/produit\/sangles-utilitaire-yuba-cargo-straps\/\" \/>\n<meta property=\"og:site_name\" content=\"Dumoulin Bicyclettes\" \/>\n<meta property=\"article:publisher\" content=\"https:\/\/www.facebook.com\/dumoulinbicyclettes\" \/>\n<meta property=\"article:modified_time\" content=\"2025-09-04T18:13:38+00:00\" \/>\n<meta property=\"og:image\" content=\"https:\/\/dumoulin.absoludev.ca\/wp-content\/uploads\/2023\/11\/yuba-cargo-bike-fastrack-grey-straps-top-veggies.jpg\" \/>\n\t<meta property=\"og:image:width\" content=\"960\" \/>\n\t<meta property=\"og:image:height\" content=\"725\" \/>\n\t<meta property=\"og:image:type\" content=\"image\/jpeg\" \/>\n<meta name=\"twitter:card\" content=\"summary_large_image\" \/>\n<meta name=\"twitter:label1\" content=\"Est. reading time\" \/>\n\t<meta name=\"twitter:data1\" content=\"1 minute\" \/>\n<script type=\"application\/ld+json\" class=\"yoast-schema-graph\">{\"@context\":\"https:\/\/schema.org\",\"@graph\":[{\"@type\":\"WebPage\",\"@id\":\"https:\/\/dumoulin.absoludev.ca\/en\/produit\/sangles-utilitaire-yuba-cargo-straps\/\",\"url\":\"https:\/\/dumoulin.absoludev.ca\/en\/produit\/sangles-utilitaire-yuba-cargo-straps\/\",\"name\":\"Sangles Cargo | mode de vie v\u00e9lo cargo | Yuba | Dumoulin Bicyclettes\",\"isPartOf\":{\"@id\":\"https:\/\/dumoulin.absoludev.ca\/#website\"},\"primaryImageOfPage\":{\"@id\":\"https:\/\/dumoulin.absoludev.ca\/en\/produit\/sangles-utilitaire-yuba-cargo-straps\/#primaryimage\"},\"image\":{\"@id\":\"https:\/\/dumoulin.absoludev.ca\/en\/produit\/sangles-utilitaire-yuba-cargo-straps\/#primaryimage\"},\"thumbnailUrl\":\"https:\/\/dumoulin.absoludev.ca\/wp-content\/uploads\/2023\/11\/yuba-cargo-bike-fastrack-grey-straps-top-veggies.jpg\",\"datePublished\":\"2023-11-06T20:05:09+00:00\",\"dateModified\":\"2025-09-04T18:13:38+00:00\",\"description\":\"Une sangle parfaitement adapt\u00e9e au mode de vie \u00abv\u00e9lo cargo\u00bb. S\u00e9curisez vos chargements gr\u00e2ce \u00e0 ces sangles Yuba solides et pratiques.\",\"breadcrumb\":{\"@id\":\"https:\/\/dumoulin.absoludev.ca\/en\/produit\/sangles-utilitaire-yuba-cargo-straps\/#breadcrumb\"},\"inLanguage\":\"en-US\",\"potentialAction\":[{\"@type\":\"ReadAction\",\"target\":[\"https:\/\/dumoulin.absoludev.ca\/en\/produit\/sangles-utilitaire-yuba-cargo-straps\/\"]}]},{\"@type\":\"ImageObject\",\"inLanguage\":\"en-US\",\"@id\":\"https:\/\/dumoulin.absoludev.ca\/en\/produit\/sangles-utilitaire-yuba-cargo-straps\/#primaryimage\",\"url\":\"https:\/\/dumoulin.absoludev.ca\/wp-content\/uploads\/2023\/11\/yuba-cargo-bike-fastrack-grey-straps-top-veggies.jpg\",\"contentUrl\":\"https:\/\/dumoulin.absoludev.ca\/wp-content\/uploads\/2023\/11\/yuba-cargo-bike-fastrack-grey-straps-top-veggies.jpg\",\"width\":960,\"height\":725},{\"@type\":\"BreadcrumbList\",\"@id\":\"https:\/\/dumoulin.absoludev.ca\/en\/produit\/sangles-utilitaire-yuba-cargo-straps\/#breadcrumb\",\"itemListElement\":[{\"@type\":\"ListItem\",\"position\":1,\"name\":\"Home\",\"item\":\"https:\/\/dumoulin.absoludev.ca\/en\/\"},{\"@type\":\"ListItem\",\"position\":2,\"name\":\"Shop\",\"item\":\"https:\/\/dumoulin.absoludev.ca\/en\/shop\/\"},{\"@type\":\"ListItem\",\"position\":3,\"name\":\"Sangle utilitaire Yuba \u00abCargo strap\u00bb\"}]},{\"@type\":\"WebSite\",\"@id\":\"https:\/\/dumoulin.absoludev.ca\/#website\",\"url\":\"https:\/\/dumoulin.absoludev.ca\/\",\"name\":\"Dumoulin Bicyclettes\",\"description\":\"\",\"publisher\":{\"@id\":\"https:\/\/dumoulin.absoludev.ca\/#organization\"},\"potentialAction\":[{\"@type\":\"SearchAction\",\"target\":{\"@type\":\"EntryPoint\",\"urlTemplate\":\"https:\/\/dumoulin.absoludev.ca\/?s={search_term_string}\"},\"query-input\":{\"@type\":\"PropertyValueSpecification\",\"valueRequired\":true,\"valueName\":\"search_term_string\"}}],\"inLanguage\":\"en-US\"},{\"@type\":\"Organization\",\"@id\":\"https:\/\/dumoulin.absoludev.ca\/#organization\",\"name\":\"Dumoulin Bicyclettes\",\"url\":\"https:\/\/dumoulin.absoludev.ca\/\",\"logo\":{\"@type\":\"ImageObject\",\"inLanguage\":\"en-US\",\"@id\":\"https:\/\/dumoulin.absoludev.ca\/#\/schema\/logo\/image\/\",\"url\":\"https:\/\/www.dumoulinbicyclettes.com\/wp-content\/uploads\/2021\/04\/Logo.svg\",\"contentUrl\":\"https:\/\/www.dumoulinbicyclettes.com\/wp-content\/uploads\/2021\/04\/Logo.svg\",\"width\":254,\"height\":86,\"caption\":\"Dumoulin Bicyclettes\"},\"image\":{\"@id\":\"https:\/\/dumoulin.absoludev.ca\/#\/schema\/logo\/image\/\"},\"sameAs\":[\"https:\/\/www.facebook.com\/dumoulinbicyclettes\",\"https:\/\/www.instagram.com\/dumoulin.ca\/\",\"https:\/\/www.youtube.com\/user\/dumoulinbicyclettes\"]}]}<\/script>\n<!-- \/ Yoast SEO plugin. -->","yoast_head_json":{"title":"Sangles Cargo | mode de vie v\u00e9lo cargo | Yuba | Dumoulin Bicyclettes","description":"Une sangle parfaitement adapt\u00e9e au mode de vie \u00abv\u00e9lo cargo\u00bb. S\u00e9curisez vos chargements gr\u00e2ce \u00e0 ces sangles Yuba solides et pratiques.","robots":{"index":"noindex","follow":"follow","max-snippet":"max-snippet:-1","max-image-preview":"max-image-preview:large","max-video-preview":"max-video-preview:-1"},"og_locale":"en_US","og_type":"article","og_title":"Sangles Cargo | mode de vie v\u00e9lo cargo | Yuba | Dumoulin Bicyclettes","og_description":"Une sangle parfaitement adapt\u00e9e au mode de vie \u00abv\u00e9lo cargo\u00bb. S\u00e9curisez vos chargements gr\u00e2ce \u00e0 ces sangles Yuba solides et pratiques.","og_url":"https:\/\/dumoulin.absoludev.ca\/en\/produit\/sangles-utilitaire-yuba-cargo-straps\/","og_site_name":"Dumoulin Bicyclettes","article_publisher":"https:\/\/www.facebook.com\/dumoulinbicyclettes","article_modified_time":"2025-09-04T18:13:38+00:00","og_image":[{"width":960,"height":725,"url":"https:\/\/dumoulin.absoludev.ca\/wp-content\/uploads\/2023\/11\/yuba-cargo-bike-fastrack-grey-straps-top-veggies.jpg","type":"image\/jpeg"}],"twitter_card":"summary_large_image","twitter_misc":{"Est. reading time":"1 minute"},"schema":{"@context":"https:\/\/schema.org","@graph":[{"@type":"WebPage","@id":"https:\/\/dumoulin.absoludev.ca\/en\/produit\/sangles-utilitaire-yuba-cargo-straps\/","url":"https:\/\/dumoulin.absoludev.ca\/en\/produit\/sangles-utilitaire-yuba-cargo-straps\/","name":"Sangles Cargo | mode de vie v\u00e9lo cargo | Yuba | Dumoulin Bicyclettes","isPartOf":{"@id":"https:\/\/dumoulin.absoludev.ca\/#website"},"primaryImageOfPage":{"@id":"https:\/\/dumoulin.absoludev.ca\/en\/produit\/sangles-utilitaire-yuba-cargo-straps\/#primaryimage"},"image":{"@id":"https:\/\/dumoulin.absoludev.ca\/en\/produit\/sangles-utilitaire-yuba-cargo-straps\/#primaryimage"},"thumbnailUrl":"https:\/\/dumoulin.absoludev.ca\/wp-content\/uploads\/2023\/11\/yuba-cargo-bike-fastrack-grey-straps-top-veggies.jpg","datePublished":"2023-11-06T20:05:09+00:00","dateModified":"2025-09-04T18:13:38+00:00","description":"Une sangle parfaitement adapt\u00e9e au mode de vie \u00abv\u00e9lo cargo\u00bb. S\u00e9curisez vos chargements gr\u00e2ce \u00e0 ces sangles Yuba solides et pratiques.","breadcrumb":{"@id":"https:\/\/dumoulin.absoludev.ca\/en\/produit\/sangles-utilitaire-yuba-cargo-straps\/#breadcrumb"},"inLanguage":"en-US","potentialAction":[{"@type":"ReadAction","target":["https:\/\/dumoulin.absoludev.ca\/en\/produit\/sangles-utilitaire-yuba-cargo-straps\/"]}]},{"@type":"ImageObject","inLanguage":"en-US","@id":"https:\/\/dumoulin.absoludev.ca\/en\/produit\/sangles-utilitaire-yuba-cargo-straps\/#primaryimage","url":"https:\/\/dumoulin.absoludev.ca\/wp-content\/uploads\/2023\/11\/yuba-cargo-bike-fastrack-grey-straps-top-veggies.jpg","contentUrl":"https:\/\/dumoulin.absoludev.ca\/wp-content\/uploads\/2023\/11\/yuba-cargo-bike-fastrack-grey-straps-top-veggies.jpg","width":960,"height":725},{"@type":"BreadcrumbList","@id":"https:\/\/dumoulin.absoludev.ca\/en\/produit\/sangles-utilitaire-yuba-cargo-straps\/#breadcrumb","itemListElement":[{"@type":"ListItem","position":1,"name":"Home","item":"https:\/\/dumoulin.absoludev.ca\/en\/"},{"@type":"ListItem","position":2,"name":"Shop","item":"https:\/\/dumoulin.absoludev.ca\/en\/shop\/"},{"@type":"ListItem","position":3,"name":"Sangle utilitaire Yuba \u00abCargo strap\u00bb"}]},{"@type":"WebSite","@id":"https:\/\/dumoulin.absoludev.ca\/#website","url":"https:\/\/dumoulin.absoludev.ca\/","name":"Dumoulin Bicyclettes","description":"","publisher":{"@id":"https:\/\/dumoulin.absoludev.ca\/#organization"},"potentialAction":[{"@type":"SearchAction","target":{"@type":"EntryPoint","urlTemplate":"https:\/\/dumoulin.absoludev.ca\/?s={search_term_string}"},"query-input":{"@type":"PropertyValueSpecification","valueRequired":true,"valueName":"search_term_string"}}],"inLanguage":"en-US"},{"@type":"Organization","@id":"https:\/\/dumoulin.absoludev.ca\/#organization","name":"Dumoulin Bicyclettes","url":"https:\/\/dumoulin.absoludev.ca\/","logo":{"@type":"ImageObject","inLanguage":"en-US","@id":"https:\/\/dumoulin.absoludev.ca\/#\/schema\/logo\/image\/","url":"https:\/\/www.dumoulinbicyclettes.com\/wp-content\/uploads\/2021\/04\/Logo.svg","contentUrl":"https:\/\/www.dumoulinbicyclettes.com\/wp-content\/uploads\/2021\/04\/Logo.svg","width":254,"height":86,"caption":"Dumoulin Bicyclettes"},"image":{"@id":"https:\/\/dumoulin.absoludev.ca\/#\/schema\/logo\/image\/"},"sameAs":["https:\/\/www.facebook.com\/dumoulinbicyclettes","https:\/\/www.instagram.com\/dumoulin.ca\/","https:\/\/www.youtube.com\/user\/dumoulinbicyclettes"]}]}},"_links":{"self":[{"href":"https:\/\/dumoulin.absoludev.ca\/en\/wp-json\/wp\/v2\/product\/321278","targetHints":{"allow":["GET"]}}],"collection":[{"href":"https:\/\/dumoulin.absoludev.ca\/en\/wp-json\/wp\/v2\/product"}],"about":[{"href":"https:\/\/dumoulin.absoludev.ca\/en\/wp-json\/wp\/v2\/types\/product"}],"wp:featuredmedia":[{"embeddable":true,"href":"https:\/\/dumoulin.absoludev.ca\/en\/wp-json\/wp\/v2\/media\/515941"}],"wp:attachment":[{"href":"https:\/\/dumoulin.absoludev.ca\/en\/wp-json\/wp\/v2\/media?parent=321278"}],"wp:term":[{"taxonomy":"product_brand","embeddable":true,"href":"https:\/\/dumoulin.absoludev.ca\/en\/wp-json\/wp\/v2\/product_brand?post=321278"},{"taxonomy":"product_cat","embeddable":true,"href":"https:\/\/dumoulin.absoludev.ca\/en\/wp-json\/wp\/v2\/product_cat?post=321278"},{"taxonomy":"product_tag","embeddable":true,"href":"https:\/\/dumoulin.absoludev.ca\/en\/wp-json\/wp\/v2\/product_tag?post=321278"},{"taxonomy":"marque-produit","embeddable":true,"href":"https:\/\/dumoulin.absoludev.ca\/en\/wp-json\/wp\/v2\/marque-produit?post=321278"},{"taxonomy":"collection-produit","embeddable":true,"href":"https:\/\/dumoulin.absoludev.ca\/en\/wp-json\/wp\/v2\/collection-produit?post=321278"},{"taxonomy":"type-surface-produit","embeddable":true,"href":"https:\/\/dumoulin.absoludev.ca\/en\/wp-json\/wp\/v2\/type-surface-produit?post=321278"},{"taxonomy":"type-velo-produit","embeddable":true,"href":"https:\/\/dumoulin.absoludev.ca\/en\/wp-json\/wp\/v2\/type-velo-produit?post=321278"},{"taxonomy":"vetement-produit","embeddable":true,"href":"https:\/\/dumoulin.absoludev.ca\/en\/wp-json\/wp\/v2\/vetement-produit?post=321278"},{"taxonomy":"thematique-produit","embeddable":true,"href":"https:\/\/dumoulin.absoludev.ca\/en\/wp-json\/wp\/v2\/thematique-produit?post=321278"},{"taxonomy":"position-sur-le-v\u00e9lo","embeddable":true,"href":"https:\/\/dumoulin.absoludev.ca\/en\/wp-json\/wp\/v2\/position-sur-le-v\u00e9lo?post=321278"}],"curies":[{"name":"wp","href":"https:\/\/api.w.org\/{rel}","templated":true}]}}