{"id":319984,"date":"2023-11-03T16:04:24","date_gmt":"2023-11-03T20:04:24","guid":{"rendered":"http:\/\/www.dumoulinbicyclettes.com\/?post_type=product&#038;p=319984"},"modified":"2025-09-04T14:21:20","modified_gmt":"2025-09-04T18:21:20","slug":"casque-velo-abus-hyban-2-0-del","status":"publish","type":"product","link":"https:\/\/dumoulin.absoludev.ca\/en\/produit\/casque-velo-abus-hyban-2-0-del\/","title":{"rendered":"Casque de v\u00e9lo Abus Hyban 2.0 DEL"},"content":{"rendered":"<p>Le casque de v\u00e9lo Abus Hyban 2.0 DEL brille litt\u00e9ralement en mati\u00e8re de s\u00e9curit\u00e9. Ses DEL avant et arri\u00e8re int\u00e9gr\u00e9es font briller votre trajet, augmentant votre visibilit\u00e9 sur la route. Que ce soit en ville ou en dehors, vous serez clairement vu par les autres usagers de la route, renfor\u00e7ant ainsi votre s\u00e9curit\u00e9. De plus, ce casque associe cette fonctionnalit\u00e9 lumineuse \u00e0 un design \u00e9l\u00e9gant, pour que vous puissiez rouler en toute confiance, de jour comme de nuit. Le casque Abus Hyban 2.0 DEL offre une protection optimale et un style in\u00e9gal\u00e9.<\/p>\n","protected":false},"excerpt":{"rendered":"<p>Le casque de v\u00e9lo Abus Hyban 2.0 DEL brille litt\u00e9ralement en mati\u00e8re de s\u00e9curit\u00e9. Ses DEL avant et arri\u00e8re int\u00e9gr\u00e9es font briller votre trajet, augmentant votre visibilit\u00e9 sur la route. Que ce soit en ville ou en dehors, vous serez clairement vu par les autres usagers de la route, renfor\u00e7ant ainsi votre s\u00e9curit\u00e9. De plus, [&hellip;]<\/p>\n","protected":false},"featured_media":320169,"template":"","meta":{"_acf_changed":false},"product_brand":[],"product_cat":[182,186,185],"product_tag":[2478,2777,2395,3328,2300,3327,3017],"marque-produit":[1417],"collection-produit":[3012,3013],"type-surface-produit":[],"type-velo-produit":[],"vetement-produit":[],"thematique-produit":[],"position-sur-le-v\u00e9lo":[],"class_list":{"0":"post-319984","1":"product","2":"type-product","3":"status-publish","4":"has-post-thumbnail","6":"product_cat-accessoires","7":"product_cat-adultes","8":"product_cat-casques","9":"product_tag-abus","10":"product_tag-adultes","11":"product_tag-casque","12":"product_tag-del","13":"product_tag-eclairage","14":"product_tag-hyban-2-0","15":"product_tag-securite","16":"marque-produit-abus","17":"collection-produit-casques-2","18":"collection-produit-urbains","20":"first","21":"instock","22":"sale","23":"taxable","24":"shipping-taxable","25":"purchasable","26":"product-type-variable"},"acf":[],"yoast_head":"<!-- This site is optimized with the Yoast SEO plugin v24.3 - https:\/\/yoast.com\/wordpress\/plugins\/seo\/ -->\n<title>Casque de v\u00e9lo Abus Hyban 2.0 DEL - Dumoulin Bicyclettes<\/title>\n<meta name=\"description\" content=\"D\u00e9couvrez le casque de v\u00e9lo Abus Hyban 2.0 DEL. Augmentez votre visibilit\u00e9 sur la route avec des DELs int\u00e9gr\u00e9es. Une protection optimale et un style in\u00e9gal\u00e9\" \/>\n<meta name=\"robots\" content=\"noindex, follow, max-snippet:-1, max-image-preview:large, max-video-preview:-1\" \/>\n<meta property=\"og:locale\" content=\"en_US\" \/>\n<meta property=\"og:type\" content=\"article\" \/>\n<meta property=\"og:title\" content=\"Casque de v\u00e9lo Abus Hyban 2.0 DEL - Dumoulin Bicyclettes\" \/>\n<meta property=\"og:description\" content=\"D\u00e9couvrez le casque de v\u00e9lo Abus Hyban 2.0 DEL. Augmentez votre visibilit\u00e9 sur la route avec des DELs int\u00e9gr\u00e9es. Une protection optimale et un style in\u00e9gal\u00e9\" \/>\n<meta property=\"og:url\" content=\"https:\/\/dumoulin.absoludev.ca\/produit\/casque-velo-abus-hyban-2-0-del\/\" \/>\n<meta property=\"og:site_name\" content=\"Dumoulin Bicyclettes\" \/>\n<meta property=\"article:publisher\" content=\"https:\/\/www.facebook.com\/dumoulinbicyclettes\" \/>\n<meta property=\"article:modified_time\" content=\"2025-09-04T18:21:20+00:00\" \/>\n<meta property=\"og:image\" content=\"https:\/\/dumoulin.absoludev.ca\/wp-content\/uploads\/2023\/11\/4003318614583-hyban-20-led-signal-black-side-cmyk-abus-640.jpg\" \/>\n\t<meta property=\"og:image:width\" content=\"640\" \/>\n\t<meta property=\"og:image:height\" content=\"639\" \/>\n\t<meta property=\"og:image:type\" content=\"image\/jpeg\" \/>\n<meta name=\"twitter:card\" content=\"summary_large_image\" \/>\n<meta name=\"twitter:label1\" content=\"Est. reading time\" \/>\n\t<meta name=\"twitter:data1\" content=\"1 minute\" \/>\n<script type=\"application\/ld+json\" class=\"yoast-schema-graph\">{\"@context\":\"https:\/\/schema.org\",\"@graph\":[{\"@type\":\"WebPage\",\"@id\":\"https:\/\/dumoulin.absoludev.ca\/produit\/casque-velo-abus-hyban-2-0-del\/\",\"url\":\"https:\/\/dumoulin.absoludev.ca\/produit\/casque-velo-abus-hyban-2-0-del\/\",\"name\":\"Casque de v\u00e9lo Abus Hyban 2.0 DEL - Dumoulin Bicyclettes\",\"isPartOf\":{\"@id\":\"https:\/\/dumoulin.absoludev.ca\/#website\"},\"primaryImageOfPage\":{\"@id\":\"https:\/\/dumoulin.absoludev.ca\/produit\/casque-velo-abus-hyban-2-0-del\/#primaryimage\"},\"image\":{\"@id\":\"https:\/\/dumoulin.absoludev.ca\/produit\/casque-velo-abus-hyban-2-0-del\/#primaryimage\"},\"thumbnailUrl\":\"https:\/\/dumoulin.absoludev.ca\/wp-content\/uploads\/2023\/11\/4003318614583-hyban-20-led-signal-black-side-cmyk-abus-640.jpg\",\"datePublished\":\"2023-11-03T20:04:24+00:00\",\"dateModified\":\"2025-09-04T18:21:20+00:00\",\"description\":\"D\u00e9couvrez le casque de v\u00e9lo Abus Hyban 2.0 DEL. Augmentez votre visibilit\u00e9 sur la route avec des DELs int\u00e9gr\u00e9es. Une protection optimale et un style in\u00e9gal\u00e9\",\"breadcrumb\":{\"@id\":\"https:\/\/dumoulin.absoludev.ca\/produit\/casque-velo-abus-hyban-2-0-del\/#breadcrumb\"},\"inLanguage\":\"en-US\",\"potentialAction\":[{\"@type\":\"ReadAction\",\"target\":[\"https:\/\/dumoulin.absoludev.ca\/produit\/casque-velo-abus-hyban-2-0-del\/\"]}]},{\"@type\":\"ImageObject\",\"inLanguage\":\"en-US\",\"@id\":\"https:\/\/dumoulin.absoludev.ca\/produit\/casque-velo-abus-hyban-2-0-del\/#primaryimage\",\"url\":\"https:\/\/dumoulin.absoludev.ca\/wp-content\/uploads\/2023\/11\/4003318614583-hyban-20-led-signal-black-side-cmyk-abus-640.jpg\",\"contentUrl\":\"https:\/\/dumoulin.absoludev.ca\/wp-content\/uploads\/2023\/11\/4003318614583-hyban-20-led-signal-black-side-cmyk-abus-640.jpg\",\"width\":640,\"height\":639},{\"@type\":\"BreadcrumbList\",\"@id\":\"https:\/\/dumoulin.absoludev.ca\/produit\/casque-velo-abus-hyban-2-0-del\/#breadcrumb\",\"itemListElement\":[{\"@type\":\"ListItem\",\"position\":1,\"name\":\"Home\",\"item\":\"https:\/\/dumoulin.absoludev.ca\/en\/\"},{\"@type\":\"ListItem\",\"position\":2,\"name\":\"Shop\",\"item\":\"https:\/\/dumoulin.absoludev.ca\/en\/shop\/\"},{\"@type\":\"ListItem\",\"position\":3,\"name\":\"Casque de v\u00e9lo Abus Hyban 2.0 DEL\"}]},{\"@type\":\"WebSite\",\"@id\":\"https:\/\/dumoulin.absoludev.ca\/#website\",\"url\":\"https:\/\/dumoulin.absoludev.ca\/\",\"name\":\"Dumoulin Bicyclettes\",\"description\":\"\",\"publisher\":{\"@id\":\"https:\/\/dumoulin.absoludev.ca\/#organization\"},\"potentialAction\":[{\"@type\":\"SearchAction\",\"target\":{\"@type\":\"EntryPoint\",\"urlTemplate\":\"https:\/\/dumoulin.absoludev.ca\/?s={search_term_string}\"},\"query-input\":{\"@type\":\"PropertyValueSpecification\",\"valueRequired\":true,\"valueName\":\"search_term_string\"}}],\"inLanguage\":\"en-US\"},{\"@type\":\"Organization\",\"@id\":\"https:\/\/dumoulin.absoludev.ca\/#organization\",\"name\":\"Dumoulin Bicyclettes\",\"url\":\"https:\/\/dumoulin.absoludev.ca\/\",\"logo\":{\"@type\":\"ImageObject\",\"inLanguage\":\"en-US\",\"@id\":\"https:\/\/dumoulin.absoludev.ca\/#\/schema\/logo\/image\/\",\"url\":\"https:\/\/www.dumoulinbicyclettes.com\/wp-content\/uploads\/2021\/04\/Logo.svg\",\"contentUrl\":\"https:\/\/www.dumoulinbicyclettes.com\/wp-content\/uploads\/2021\/04\/Logo.svg\",\"width\":254,\"height\":86,\"caption\":\"Dumoulin Bicyclettes\"},\"image\":{\"@id\":\"https:\/\/dumoulin.absoludev.ca\/#\/schema\/logo\/image\/\"},\"sameAs\":[\"https:\/\/www.facebook.com\/dumoulinbicyclettes\",\"https:\/\/www.instagram.com\/dumoulin.ca\/\",\"https:\/\/www.youtube.com\/user\/dumoulinbicyclettes\"]}]}<\/script>\n<!-- \/ Yoast SEO plugin. -->","yoast_head_json":{"title":"Casque de v\u00e9lo Abus Hyban 2.0 DEL - Dumoulin Bicyclettes","description":"D\u00e9couvrez le casque de v\u00e9lo Abus Hyban 2.0 DEL. Augmentez votre visibilit\u00e9 sur la route avec des DELs int\u00e9gr\u00e9es. Une protection optimale et un style in\u00e9gal\u00e9","robots":{"index":"noindex","follow":"follow","max-snippet":"max-snippet:-1","max-image-preview":"max-image-preview:large","max-video-preview":"max-video-preview:-1"},"og_locale":"en_US","og_type":"article","og_title":"Casque de v\u00e9lo Abus Hyban 2.0 DEL - Dumoulin Bicyclettes","og_description":"D\u00e9couvrez le casque de v\u00e9lo Abus Hyban 2.0 DEL. Augmentez votre visibilit\u00e9 sur la route avec des DELs int\u00e9gr\u00e9es. Une protection optimale et un style in\u00e9gal\u00e9","og_url":"https:\/\/dumoulin.absoludev.ca\/produit\/casque-velo-abus-hyban-2-0-del\/","og_site_name":"Dumoulin Bicyclettes","article_publisher":"https:\/\/www.facebook.com\/dumoulinbicyclettes","article_modified_time":"2025-09-04T18:21:20+00:00","og_image":[{"width":640,"height":639,"url":"https:\/\/dumoulin.absoludev.ca\/wp-content\/uploads\/2023\/11\/4003318614583-hyban-20-led-signal-black-side-cmyk-abus-640.jpg","type":"image\/jpeg"}],"twitter_card":"summary_large_image","twitter_misc":{"Est. reading time":"1 minute"},"schema":{"@context":"https:\/\/schema.org","@graph":[{"@type":"WebPage","@id":"https:\/\/dumoulin.absoludev.ca\/produit\/casque-velo-abus-hyban-2-0-del\/","url":"https:\/\/dumoulin.absoludev.ca\/produit\/casque-velo-abus-hyban-2-0-del\/","name":"Casque de v\u00e9lo Abus Hyban 2.0 DEL - Dumoulin Bicyclettes","isPartOf":{"@id":"https:\/\/dumoulin.absoludev.ca\/#website"},"primaryImageOfPage":{"@id":"https:\/\/dumoulin.absoludev.ca\/produit\/casque-velo-abus-hyban-2-0-del\/#primaryimage"},"image":{"@id":"https:\/\/dumoulin.absoludev.ca\/produit\/casque-velo-abus-hyban-2-0-del\/#primaryimage"},"thumbnailUrl":"https:\/\/dumoulin.absoludev.ca\/wp-content\/uploads\/2023\/11\/4003318614583-hyban-20-led-signal-black-side-cmyk-abus-640.jpg","datePublished":"2023-11-03T20:04:24+00:00","dateModified":"2025-09-04T18:21:20+00:00","description":"D\u00e9couvrez le casque de v\u00e9lo Abus Hyban 2.0 DEL. Augmentez votre visibilit\u00e9 sur la route avec des DELs int\u00e9gr\u00e9es. Une protection optimale et un style in\u00e9gal\u00e9","breadcrumb":{"@id":"https:\/\/dumoulin.absoludev.ca\/produit\/casque-velo-abus-hyban-2-0-del\/#breadcrumb"},"inLanguage":"en-US","potentialAction":[{"@type":"ReadAction","target":["https:\/\/dumoulin.absoludev.ca\/produit\/casque-velo-abus-hyban-2-0-del\/"]}]},{"@type":"ImageObject","inLanguage":"en-US","@id":"https:\/\/dumoulin.absoludev.ca\/produit\/casque-velo-abus-hyban-2-0-del\/#primaryimage","url":"https:\/\/dumoulin.absoludev.ca\/wp-content\/uploads\/2023\/11\/4003318614583-hyban-20-led-signal-black-side-cmyk-abus-640.jpg","contentUrl":"https:\/\/dumoulin.absoludev.ca\/wp-content\/uploads\/2023\/11\/4003318614583-hyban-20-led-signal-black-side-cmyk-abus-640.jpg","width":640,"height":639},{"@type":"BreadcrumbList","@id":"https:\/\/dumoulin.absoludev.ca\/produit\/casque-velo-abus-hyban-2-0-del\/#breadcrumb","itemListElement":[{"@type":"ListItem","position":1,"name":"Home","item":"https:\/\/dumoulin.absoludev.ca\/en\/"},{"@type":"ListItem","position":2,"name":"Shop","item":"https:\/\/dumoulin.absoludev.ca\/en\/shop\/"},{"@type":"ListItem","position":3,"name":"Casque de v\u00e9lo Abus Hyban 2.0 DEL"}]},{"@type":"WebSite","@id":"https:\/\/dumoulin.absoludev.ca\/#website","url":"https:\/\/dumoulin.absoludev.ca\/","name":"Dumoulin Bicyclettes","description":"","publisher":{"@id":"https:\/\/dumoulin.absoludev.ca\/#organization"},"potentialAction":[{"@type":"SearchAction","target":{"@type":"EntryPoint","urlTemplate":"https:\/\/dumoulin.absoludev.ca\/?s={search_term_string}"},"query-input":{"@type":"PropertyValueSpecification","valueRequired":true,"valueName":"search_term_string"}}],"inLanguage":"en-US"},{"@type":"Organization","@id":"https:\/\/dumoulin.absoludev.ca\/#organization","name":"Dumoulin Bicyclettes","url":"https:\/\/dumoulin.absoludev.ca\/","logo":{"@type":"ImageObject","inLanguage":"en-US","@id":"https:\/\/dumoulin.absoludev.ca\/#\/schema\/logo\/image\/","url":"https:\/\/www.dumoulinbicyclettes.com\/wp-content\/uploads\/2021\/04\/Logo.svg","contentUrl":"https:\/\/www.dumoulinbicyclettes.com\/wp-content\/uploads\/2021\/04\/Logo.svg","width":254,"height":86,"caption":"Dumoulin Bicyclettes"},"image":{"@id":"https:\/\/dumoulin.absoludev.ca\/#\/schema\/logo\/image\/"},"sameAs":["https:\/\/www.facebook.com\/dumoulinbicyclettes","https:\/\/www.instagram.com\/dumoulin.ca\/","https:\/\/www.youtube.com\/user\/dumoulinbicyclettes"]}]}},"_links":{"self":[{"href":"https:\/\/dumoulin.absoludev.ca\/en\/wp-json\/wp\/v2\/product\/319984","targetHints":{"allow":["GET"]}}],"collection":[{"href":"https:\/\/dumoulin.absoludev.ca\/en\/wp-json\/wp\/v2\/product"}],"about":[{"href":"https:\/\/dumoulin.absoludev.ca\/en\/wp-json\/wp\/v2\/types\/product"}],"wp:featuredmedia":[{"embeddable":true,"href":"https:\/\/dumoulin.absoludev.ca\/en\/wp-json\/wp\/v2\/media\/320169"}],"wp:attachment":[{"href":"https:\/\/dumoulin.absoludev.ca\/en\/wp-json\/wp\/v2\/media?parent=319984"}],"wp:term":[{"taxonomy":"product_brand","embeddable":true,"href":"https:\/\/dumoulin.absoludev.ca\/en\/wp-json\/wp\/v2\/product_brand?post=319984"},{"taxonomy":"product_cat","embeddable":true,"href":"https:\/\/dumoulin.absoludev.ca\/en\/wp-json\/wp\/v2\/product_cat?post=319984"},{"taxonomy":"product_tag","embeddable":true,"href":"https:\/\/dumoulin.absoludev.ca\/en\/wp-json\/wp\/v2\/product_tag?post=319984"},{"taxonomy":"marque-produit","embeddable":true,"href":"https:\/\/dumoulin.absoludev.ca\/en\/wp-json\/wp\/v2\/marque-produit?post=319984"},{"taxonomy":"collection-produit","embeddable":true,"href":"https:\/\/dumoulin.absoludev.ca\/en\/wp-json\/wp\/v2\/collection-produit?post=319984"},{"taxonomy":"type-surface-produit","embeddable":true,"href":"https:\/\/dumoulin.absoludev.ca\/en\/wp-json\/wp\/v2\/type-surface-produit?post=319984"},{"taxonomy":"type-velo-produit","embeddable":true,"href":"https:\/\/dumoulin.absoludev.ca\/en\/wp-json\/wp\/v2\/type-velo-produit?post=319984"},{"taxonomy":"vetement-produit","embeddable":true,"href":"https:\/\/dumoulin.absoludev.ca\/en\/wp-json\/wp\/v2\/vetement-produit?post=319984"},{"taxonomy":"thematique-produit","embeddable":true,"href":"https:\/\/dumoulin.absoludev.ca\/en\/wp-json\/wp\/v2\/thematique-produit?post=319984"},{"taxonomy":"position-sur-le-v\u00e9lo","embeddable":true,"href":"https:\/\/dumoulin.absoludev.ca\/en\/wp-json\/wp\/v2\/position-sur-le-v\u00e9lo?post=319984"}],"curies":[{"name":"wp","href":"https:\/\/api.w.org\/{rel}","templated":true}]}}