{"id":319233,"date":"2023-11-02T15:04:26","date_gmt":"2023-11-02T19:04:26","guid":{"rendered":"http:\/\/www.dumoulinbicyclettes.com\/?post_type=product&#038;p=319233"},"modified":"2025-09-04T14:16:53","modified_gmt":"2025-09-04T18:16:53","slug":"cadenas-en-u-hiplok-dxf-support","status":"publish","type":"product","link":"https:\/\/dumoulin.absoludev.ca\/en\/produit\/cadenas-en-u-hiplok-dxf-support\/","title":{"rendered":"Cadenas en U Hiplok DXF (avec support)"},"content":{"rendered":"<p>Le DXF comprend le cadenas en U prim\u00e9 <a href=\"https:\/\/www.dumoulinbicyclettes.com\/produit\/cadenas-en-u-hiplok-dx\/\">Hiplok DX<\/a> avec un support de cadre \u00e0 chargement rapide sp\u00e9cialement con\u00e7u pour faciliter le montage du cadenas sur le v\u00e9lo. Dot\u00e9 de la certification Gold Sold Secure, le Hiplok DX b\u00e9n\u00e9ficie d&#8217;une conception unique et l\u00e9g\u00e8re et utilise le syst\u00e8me brevet\u00e9 CLIP + RIDE.<\/p>\n","protected":false},"excerpt":{"rendered":"<p>Le DXF comprend le cadenas en U prim\u00e9 Hiplok DX avec un support de cadre \u00e0 chargement rapide sp\u00e9cialement con\u00e7u pour faciliter le montage du cadenas sur le v\u00e9lo. Dot\u00e9 de la certification Gold Sold Secure, le Hiplok DX b\u00e9n\u00e9ficie d&#8217;une conception unique et l\u00e9g\u00e8re et utilise le syst\u00e8me brevet\u00e9 CLIP + RIDE.<\/p>\n","protected":false},"featured_media":516047,"template":"","meta":{"_acf_changed":false},"product_brand":[],"product_cat":[190,204],"product_tag":[2321,3310,3068,3035,3260],"marque-produit":[1438],"collection-produit":[],"type-surface-produit":[],"type-velo-produit":[],"vetement-produit":[],"thematique-produit":[],"position-sur-le-v\u00e9lo":[],"class_list":{"0":"post-319233","1":"product","2":"type-product","3":"status-publish","4":"has-post-thumbnail","6":"product_cat-cadenas","7":"product_cat-cadenas-en-u","8":"product_tag-cadenas","9":"product_tag-dxf","10":"product_tag-hiplok","11":"product_tag-support","12":"product_tag-u","13":"marque-produit-hiplok","15":"first","16":"outofstock","17":"taxable","18":"shipping-taxable","19":"purchasable","20":"product-type-simple"},"acf":[],"yoast_head":"<!-- This site is optimized with the Yoast SEO plugin v24.3 - https:\/\/yoast.com\/wordpress\/plugins\/seo\/ -->\n<title>Cadenas en U Hiplok DXF (avec support) - Dumoulin Bicyclettes<\/title>\n<meta name=\"description\" content=\"Le DXF comprend le cadenas en U prim\u00e9 Hiplok DX avec un support de cadre \u00e0 chargement rapide con\u00e7u pour faciliter le montage du cadenas sur le v\u00e9lo.\" \/>\n<meta name=\"robots\" content=\"noindex, follow, max-snippet:-1, max-image-preview:large, max-video-preview:-1\" \/>\n<meta property=\"og:locale\" content=\"en_US\" \/>\n<meta property=\"og:type\" content=\"article\" \/>\n<meta property=\"og:title\" content=\"Cadenas en U Hiplok DXF (avec support) - Dumoulin Bicyclettes\" \/>\n<meta property=\"og:description\" content=\"Le DXF comprend le cadenas en U prim\u00e9 Hiplok DX avec un support de cadre \u00e0 chargement rapide con\u00e7u pour faciliter le montage du cadenas sur le v\u00e9lo.\" \/>\n<meta property=\"og:url\" content=\"https:\/\/dumoulin.absoludev.ca\/produit\/cadenas-en-u-hiplok-dxf-support\/\" \/>\n<meta property=\"og:site_name\" content=\"Dumoulin Bicyclettes\" \/>\n<meta property=\"article:publisher\" content=\"https:\/\/www.facebook.com\/dumoulinbicyclettes\" \/>\n<meta property=\"article:modified_time\" content=\"2025-09-04T18:16:53+00:00\" \/>\n<meta property=\"og:image\" content=\"https:\/\/dumoulin.absoludev.ca\/wp-content\/uploads\/2023\/11\/Cadenas-en-U-Hiplok-DXF-avec-support-dumoulin-bicyclettes-montreal.webp\" \/>\n\t<meta property=\"og:image:width\" content=\"1200\" \/>\n\t<meta property=\"og:image:height\" content=\"1200\" \/>\n\t<meta property=\"og:image:type\" content=\"image\/webp\" \/>\n<meta name=\"twitter:card\" content=\"summary_large_image\" \/>\n<meta name=\"twitter:label1\" content=\"Est. reading time\" \/>\n\t<meta name=\"twitter:data1\" content=\"1 minute\" \/>\n<script type=\"application\/ld+json\" class=\"yoast-schema-graph\">{\"@context\":\"https:\/\/schema.org\",\"@graph\":[{\"@type\":\"WebPage\",\"@id\":\"https:\/\/dumoulin.absoludev.ca\/produit\/cadenas-en-u-hiplok-dxf-support\/\",\"url\":\"https:\/\/dumoulin.absoludev.ca\/produit\/cadenas-en-u-hiplok-dxf-support\/\",\"name\":\"Cadenas en U Hiplok DXF (avec support) - Dumoulin Bicyclettes\",\"isPartOf\":{\"@id\":\"https:\/\/dumoulin.absoludev.ca\/#website\"},\"primaryImageOfPage\":{\"@id\":\"https:\/\/dumoulin.absoludev.ca\/produit\/cadenas-en-u-hiplok-dxf-support\/#primaryimage\"},\"image\":{\"@id\":\"https:\/\/dumoulin.absoludev.ca\/produit\/cadenas-en-u-hiplok-dxf-support\/#primaryimage\"},\"thumbnailUrl\":\"https:\/\/dumoulin.absoludev.ca\/wp-content\/uploads\/2023\/11\/Cadenas-en-U-Hiplok-DXF-avec-support-dumoulin-bicyclettes-montreal.webp\",\"datePublished\":\"2023-11-02T19:04:26+00:00\",\"dateModified\":\"2025-09-04T18:16:53+00:00\",\"description\":\"Le DXF comprend le cadenas en U prim\u00e9 Hiplok DX avec un support de cadre \u00e0 chargement rapide con\u00e7u pour faciliter le montage du cadenas sur le v\u00e9lo.\",\"breadcrumb\":{\"@id\":\"https:\/\/dumoulin.absoludev.ca\/produit\/cadenas-en-u-hiplok-dxf-support\/#breadcrumb\"},\"inLanguage\":\"en-US\",\"potentialAction\":[{\"@type\":\"ReadAction\",\"target\":[\"https:\/\/dumoulin.absoludev.ca\/produit\/cadenas-en-u-hiplok-dxf-support\/\"]}]},{\"@type\":\"ImageObject\",\"inLanguage\":\"en-US\",\"@id\":\"https:\/\/dumoulin.absoludev.ca\/produit\/cadenas-en-u-hiplok-dxf-support\/#primaryimage\",\"url\":\"https:\/\/dumoulin.absoludev.ca\/wp-content\/uploads\/2023\/11\/Cadenas-en-U-Hiplok-DXF-avec-support-dumoulin-bicyclettes-montreal.webp\",\"contentUrl\":\"https:\/\/dumoulin.absoludev.ca\/wp-content\/uploads\/2023\/11\/Cadenas-en-U-Hiplok-DXF-avec-support-dumoulin-bicyclettes-montreal.webp\",\"width\":1200,\"height\":1200},{\"@type\":\"BreadcrumbList\",\"@id\":\"https:\/\/dumoulin.absoludev.ca\/produit\/cadenas-en-u-hiplok-dxf-support\/#breadcrumb\",\"itemListElement\":[{\"@type\":\"ListItem\",\"position\":1,\"name\":\"Home\",\"item\":\"https:\/\/dumoulin.absoludev.ca\/en\/\"},{\"@type\":\"ListItem\",\"position\":2,\"name\":\"Shop\",\"item\":\"https:\/\/dumoulin.absoludev.ca\/en\/shop\/\"},{\"@type\":\"ListItem\",\"position\":3,\"name\":\"Cadenas en U Hiplok DXF (avec support)\"}]},{\"@type\":\"WebSite\",\"@id\":\"https:\/\/dumoulin.absoludev.ca\/#website\",\"url\":\"https:\/\/dumoulin.absoludev.ca\/\",\"name\":\"Dumoulin Bicyclettes\",\"description\":\"\",\"publisher\":{\"@id\":\"https:\/\/dumoulin.absoludev.ca\/#organization\"},\"potentialAction\":[{\"@type\":\"SearchAction\",\"target\":{\"@type\":\"EntryPoint\",\"urlTemplate\":\"https:\/\/dumoulin.absoludev.ca\/?s={search_term_string}\"},\"query-input\":{\"@type\":\"PropertyValueSpecification\",\"valueRequired\":true,\"valueName\":\"search_term_string\"}}],\"inLanguage\":\"en-US\"},{\"@type\":\"Organization\",\"@id\":\"https:\/\/dumoulin.absoludev.ca\/#organization\",\"name\":\"Dumoulin Bicyclettes\",\"url\":\"https:\/\/dumoulin.absoludev.ca\/\",\"logo\":{\"@type\":\"ImageObject\",\"inLanguage\":\"en-US\",\"@id\":\"https:\/\/dumoulin.absoludev.ca\/#\/schema\/logo\/image\/\",\"url\":\"https:\/\/www.dumoulinbicyclettes.com\/wp-content\/uploads\/2021\/04\/Logo.svg\",\"contentUrl\":\"https:\/\/www.dumoulinbicyclettes.com\/wp-content\/uploads\/2021\/04\/Logo.svg\",\"width\":254,\"height\":86,\"caption\":\"Dumoulin Bicyclettes\"},\"image\":{\"@id\":\"https:\/\/dumoulin.absoludev.ca\/#\/schema\/logo\/image\/\"},\"sameAs\":[\"https:\/\/www.facebook.com\/dumoulinbicyclettes\",\"https:\/\/www.instagram.com\/dumoulin.ca\/\",\"https:\/\/www.youtube.com\/user\/dumoulinbicyclettes\"]}]}<\/script>\n<!-- \/ Yoast SEO plugin. -->","yoast_head_json":{"title":"Cadenas en U Hiplok DXF (avec support) - Dumoulin Bicyclettes","description":"Le DXF comprend le cadenas en U prim\u00e9 Hiplok DX avec un support de cadre \u00e0 chargement rapide con\u00e7u pour faciliter le montage du cadenas sur le v\u00e9lo.","robots":{"index":"noindex","follow":"follow","max-snippet":"max-snippet:-1","max-image-preview":"max-image-preview:large","max-video-preview":"max-video-preview:-1"},"og_locale":"en_US","og_type":"article","og_title":"Cadenas en U Hiplok DXF (avec support) - Dumoulin Bicyclettes","og_description":"Le DXF comprend le cadenas en U prim\u00e9 Hiplok DX avec un support de cadre \u00e0 chargement rapide con\u00e7u pour faciliter le montage du cadenas sur le v\u00e9lo.","og_url":"https:\/\/dumoulin.absoludev.ca\/produit\/cadenas-en-u-hiplok-dxf-support\/","og_site_name":"Dumoulin Bicyclettes","article_publisher":"https:\/\/www.facebook.com\/dumoulinbicyclettes","article_modified_time":"2025-09-04T18:16:53+00:00","og_image":[{"width":1200,"height":1200,"url":"https:\/\/dumoulin.absoludev.ca\/wp-content\/uploads\/2023\/11\/Cadenas-en-U-Hiplok-DXF-avec-support-dumoulin-bicyclettes-montreal.webp","type":"image\/webp"}],"twitter_card":"summary_large_image","twitter_misc":{"Est. reading time":"1 minute"},"schema":{"@context":"https:\/\/schema.org","@graph":[{"@type":"WebPage","@id":"https:\/\/dumoulin.absoludev.ca\/produit\/cadenas-en-u-hiplok-dxf-support\/","url":"https:\/\/dumoulin.absoludev.ca\/produit\/cadenas-en-u-hiplok-dxf-support\/","name":"Cadenas en U Hiplok DXF (avec support) - Dumoulin Bicyclettes","isPartOf":{"@id":"https:\/\/dumoulin.absoludev.ca\/#website"},"primaryImageOfPage":{"@id":"https:\/\/dumoulin.absoludev.ca\/produit\/cadenas-en-u-hiplok-dxf-support\/#primaryimage"},"image":{"@id":"https:\/\/dumoulin.absoludev.ca\/produit\/cadenas-en-u-hiplok-dxf-support\/#primaryimage"},"thumbnailUrl":"https:\/\/dumoulin.absoludev.ca\/wp-content\/uploads\/2023\/11\/Cadenas-en-U-Hiplok-DXF-avec-support-dumoulin-bicyclettes-montreal.webp","datePublished":"2023-11-02T19:04:26+00:00","dateModified":"2025-09-04T18:16:53+00:00","description":"Le DXF comprend le cadenas en U prim\u00e9 Hiplok DX avec un support de cadre \u00e0 chargement rapide con\u00e7u pour faciliter le montage du cadenas sur le v\u00e9lo.","breadcrumb":{"@id":"https:\/\/dumoulin.absoludev.ca\/produit\/cadenas-en-u-hiplok-dxf-support\/#breadcrumb"},"inLanguage":"en-US","potentialAction":[{"@type":"ReadAction","target":["https:\/\/dumoulin.absoludev.ca\/produit\/cadenas-en-u-hiplok-dxf-support\/"]}]},{"@type":"ImageObject","inLanguage":"en-US","@id":"https:\/\/dumoulin.absoludev.ca\/produit\/cadenas-en-u-hiplok-dxf-support\/#primaryimage","url":"https:\/\/dumoulin.absoludev.ca\/wp-content\/uploads\/2023\/11\/Cadenas-en-U-Hiplok-DXF-avec-support-dumoulin-bicyclettes-montreal.webp","contentUrl":"https:\/\/dumoulin.absoludev.ca\/wp-content\/uploads\/2023\/11\/Cadenas-en-U-Hiplok-DXF-avec-support-dumoulin-bicyclettes-montreal.webp","width":1200,"height":1200},{"@type":"BreadcrumbList","@id":"https:\/\/dumoulin.absoludev.ca\/produit\/cadenas-en-u-hiplok-dxf-support\/#breadcrumb","itemListElement":[{"@type":"ListItem","position":1,"name":"Home","item":"https:\/\/dumoulin.absoludev.ca\/en\/"},{"@type":"ListItem","position":2,"name":"Shop","item":"https:\/\/dumoulin.absoludev.ca\/en\/shop\/"},{"@type":"ListItem","position":3,"name":"Cadenas en U Hiplok DXF (avec support)"}]},{"@type":"WebSite","@id":"https:\/\/dumoulin.absoludev.ca\/#website","url":"https:\/\/dumoulin.absoludev.ca\/","name":"Dumoulin Bicyclettes","description":"","publisher":{"@id":"https:\/\/dumoulin.absoludev.ca\/#organization"},"potentialAction":[{"@type":"SearchAction","target":{"@type":"EntryPoint","urlTemplate":"https:\/\/dumoulin.absoludev.ca\/?s={search_term_string}"},"query-input":{"@type":"PropertyValueSpecification","valueRequired":true,"valueName":"search_term_string"}}],"inLanguage":"en-US"},{"@type":"Organization","@id":"https:\/\/dumoulin.absoludev.ca\/#organization","name":"Dumoulin Bicyclettes","url":"https:\/\/dumoulin.absoludev.ca\/","logo":{"@type":"ImageObject","inLanguage":"en-US","@id":"https:\/\/dumoulin.absoludev.ca\/#\/schema\/logo\/image\/","url":"https:\/\/www.dumoulinbicyclettes.com\/wp-content\/uploads\/2021\/04\/Logo.svg","contentUrl":"https:\/\/www.dumoulinbicyclettes.com\/wp-content\/uploads\/2021\/04\/Logo.svg","width":254,"height":86,"caption":"Dumoulin Bicyclettes"},"image":{"@id":"https:\/\/dumoulin.absoludev.ca\/#\/schema\/logo\/image\/"},"sameAs":["https:\/\/www.facebook.com\/dumoulinbicyclettes","https:\/\/www.instagram.com\/dumoulin.ca\/","https:\/\/www.youtube.com\/user\/dumoulinbicyclettes"]}]}},"_links":{"self":[{"href":"https:\/\/dumoulin.absoludev.ca\/en\/wp-json\/wp\/v2\/product\/319233","targetHints":{"allow":["GET"]}}],"collection":[{"href":"https:\/\/dumoulin.absoludev.ca\/en\/wp-json\/wp\/v2\/product"}],"about":[{"href":"https:\/\/dumoulin.absoludev.ca\/en\/wp-json\/wp\/v2\/types\/product"}],"wp:featuredmedia":[{"embeddable":true,"href":"https:\/\/dumoulin.absoludev.ca\/en\/wp-json\/wp\/v2\/media\/516047"}],"wp:attachment":[{"href":"https:\/\/dumoulin.absoludev.ca\/en\/wp-json\/wp\/v2\/media?parent=319233"}],"wp:term":[{"taxonomy":"product_brand","embeddable":true,"href":"https:\/\/dumoulin.absoludev.ca\/en\/wp-json\/wp\/v2\/product_brand?post=319233"},{"taxonomy":"product_cat","embeddable":true,"href":"https:\/\/dumoulin.absoludev.ca\/en\/wp-json\/wp\/v2\/product_cat?post=319233"},{"taxonomy":"product_tag","embeddable":true,"href":"https:\/\/dumoulin.absoludev.ca\/en\/wp-json\/wp\/v2\/product_tag?post=319233"},{"taxonomy":"marque-produit","embeddable":true,"href":"https:\/\/dumoulin.absoludev.ca\/en\/wp-json\/wp\/v2\/marque-produit?post=319233"},{"taxonomy":"collection-produit","embeddable":true,"href":"https:\/\/dumoulin.absoludev.ca\/en\/wp-json\/wp\/v2\/collection-produit?post=319233"},{"taxonomy":"type-surface-produit","embeddable":true,"href":"https:\/\/dumoulin.absoludev.ca\/en\/wp-json\/wp\/v2\/type-surface-produit?post=319233"},{"taxonomy":"type-velo-produit","embeddable":true,"href":"https:\/\/dumoulin.absoludev.ca\/en\/wp-json\/wp\/v2\/type-velo-produit?post=319233"},{"taxonomy":"vetement-produit","embeddable":true,"href":"https:\/\/dumoulin.absoludev.ca\/en\/wp-json\/wp\/v2\/vetement-produit?post=319233"},{"taxonomy":"thematique-produit","embeddable":true,"href":"https:\/\/dumoulin.absoludev.ca\/en\/wp-json\/wp\/v2\/thematique-produit?post=319233"},{"taxonomy":"position-sur-le-v\u00e9lo","embeddable":true,"href":"https:\/\/dumoulin.absoludev.ca\/en\/wp-json\/wp\/v2\/position-sur-le-v\u00e9lo?post=319233"}],"curies":[{"name":"wp","href":"https:\/\/api.w.org\/{rel}","templated":true}]}}