{"id":319230,"date":"2023-11-02T15:04:20","date_gmt":"2023-11-02T19:04:20","guid":{"rendered":"http:\/\/www.dumoulinbicyclettes.com\/?post_type=product&#038;p=319230"},"modified":"2025-09-04T14:16:52","modified_gmt":"2025-09-04T18:16:52","slug":"cadenas-en-u-hiplok-d1000","status":"publish","type":"product","link":"https:\/\/dumoulin.absoludev.ca\/en\/produit\/cadenas-en-u-hiplok-d1000\/","title":{"rendered":"Cadenas en U Hiplok d1000"},"content":{"rendered":"<p>Quand on investit dans son moyen de transport, on aime le sentir en s\u00e9curit\u00e9. Le cadenas en U D1000 de Hiplok est certainement le meilleur cadenas que nous ayons vu.<\/p>\n<p>D\u00e9frayant la chronique sur les r\u00e9seaux sociaux, on peut y voir que cette armure r\u00e9siste admirablement aux disqueuses portatives. Est-ce utile de mentionner que la r\u00e9sistance aux forces de leviers est \u00e0 la hauteur ?<\/p>\n<p>Pour les utilisateurs de v\u00e9los \u00e9lectriques, de v\u00e9los cargos ou de tout v\u00e9lo de d\u00e9placement, il n&#8217;est pas de meilleur cadenas \u00e0 proposer au Qu\u00e9bec.<\/p>\n","protected":false},"excerpt":{"rendered":"<p>Quand on investit dans son moyen de transport, on aime le sentir en s\u00e9curit\u00e9. Le cadenas en U D1000 de Hiplok est certainement le meilleur cadenas que nous ayons vu. D\u00e9frayant la chronique sur les r\u00e9seaux sociaux, on peut y voir que cette armure r\u00e9siste admirablement aux disqueuses portatives. Est-ce utile de mentionner que la [&hellip;]<\/p>\n","protected":false},"featured_media":319231,"template":"","meta":{"_acf_changed":false},"product_brand":[],"product_cat":[204],"product_tag":[2321,3259,3069,3068,3260],"marque-produit":[1438],"collection-produit":[],"type-surface-produit":[],"type-velo-produit":[],"vetement-produit":[],"thematique-produit":[],"position-sur-le-v\u00e9lo":[],"class_list":{"0":"post-319230","1":"product","2":"type-product","3":"status-publish","4":"has-post-thumbnail","6":"product_cat-cadenas-en-u","7":"product_tag-cadenas","8":"product_tag-cadenas-en-u","9":"product_tag-d1000","10":"product_tag-hiplok","11":"product_tag-u","12":"marque-produit-hiplok","14":"first","15":"instock","16":"taxable","17":"shipping-taxable","18":"purchasable","19":"product-type-simple"},"acf":[],"yoast_head":"<!-- This site is optimized with the Yoast SEO plugin v24.3 - https:\/\/yoast.com\/wordpress\/plugins\/seo\/ -->\n<title>Cadenas en U Hiplok d1000 - Dumoulin Bicyclettes<\/title>\n<meta name=\"description\" content=\"Avec 20 mm d&#039;\u00e9paisseur, \u00e9labor\u00e9 dans un mat\u00e9riau hyper solide, le cadenas en U Hiplok D1000 est le plus robuste et solide des cadenas.\" \/>\n<meta name=\"robots\" content=\"noindex, follow, max-snippet:-1, max-image-preview:large, max-video-preview:-1\" \/>\n<meta property=\"og:locale\" content=\"en_US\" \/>\n<meta property=\"og:type\" content=\"article\" \/>\n<meta property=\"og:title\" content=\"Cadenas en U Hiplok d1000 - Dumoulin Bicyclettes\" \/>\n<meta property=\"og:description\" content=\"Avec 20 mm d&#039;\u00e9paisseur, \u00e9labor\u00e9 dans un mat\u00e9riau hyper solide, le cadenas en U Hiplok D1000 est le plus robuste et solide des cadenas.\" \/>\n<meta property=\"og:url\" content=\"https:\/\/dumoulin.absoludev.ca\/produit\/cadenas-en-u-hiplok-d1000\/\" \/>\n<meta property=\"og:site_name\" content=\"Dumoulin Bicyclettes\" \/>\n<meta property=\"article:publisher\" content=\"https:\/\/www.facebook.com\/dumoulinbicyclettes\" \/>\n<meta property=\"article:modified_time\" content=\"2025-09-04T18:16:52+00:00\" \/>\n<meta property=\"og:image\" content=\"https:\/\/dumoulin.absoludev.ca\/wp-content\/uploads\/2023\/11\/cadenas-u-lock-Hiplok-D1000-Studio-Image.jpg\" \/>\n\t<meta property=\"og:image:width\" content=\"2000\" \/>\n\t<meta property=\"og:image:height\" content=\"2000\" \/>\n\t<meta property=\"og:image:type\" content=\"image\/jpeg\" \/>\n<meta name=\"twitter:card\" content=\"summary_large_image\" \/>\n<meta name=\"twitter:label1\" content=\"Est. reading time\" \/>\n\t<meta name=\"twitter:data1\" content=\"1 minute\" \/>\n<script type=\"application\/ld+json\" class=\"yoast-schema-graph\">{\"@context\":\"https:\/\/schema.org\",\"@graph\":[{\"@type\":\"WebPage\",\"@id\":\"https:\/\/dumoulin.absoludev.ca\/produit\/cadenas-en-u-hiplok-d1000\/\",\"url\":\"https:\/\/dumoulin.absoludev.ca\/produit\/cadenas-en-u-hiplok-d1000\/\",\"name\":\"Cadenas en U Hiplok d1000 - Dumoulin Bicyclettes\",\"isPartOf\":{\"@id\":\"https:\/\/dumoulin.absoludev.ca\/#website\"},\"primaryImageOfPage\":{\"@id\":\"https:\/\/dumoulin.absoludev.ca\/produit\/cadenas-en-u-hiplok-d1000\/#primaryimage\"},\"image\":{\"@id\":\"https:\/\/dumoulin.absoludev.ca\/produit\/cadenas-en-u-hiplok-d1000\/#primaryimage\"},\"thumbnailUrl\":\"https:\/\/dumoulin.absoludev.ca\/wp-content\/uploads\/2023\/11\/cadenas-u-lock-Hiplok-D1000-Studio-Image.jpg\",\"datePublished\":\"2023-11-02T19:04:20+00:00\",\"dateModified\":\"2025-09-04T18:16:52+00:00\",\"description\":\"Avec 20 mm d'\u00e9paisseur, \u00e9labor\u00e9 dans un mat\u00e9riau hyper solide, le cadenas en U Hiplok D1000 est le plus robuste et solide des cadenas.\",\"breadcrumb\":{\"@id\":\"https:\/\/dumoulin.absoludev.ca\/produit\/cadenas-en-u-hiplok-d1000\/#breadcrumb\"},\"inLanguage\":\"en-US\",\"potentialAction\":[{\"@type\":\"ReadAction\",\"target\":[\"https:\/\/dumoulin.absoludev.ca\/produit\/cadenas-en-u-hiplok-d1000\/\"]}]},{\"@type\":\"ImageObject\",\"inLanguage\":\"en-US\",\"@id\":\"https:\/\/dumoulin.absoludev.ca\/produit\/cadenas-en-u-hiplok-d1000\/#primaryimage\",\"url\":\"https:\/\/dumoulin.absoludev.ca\/wp-content\/uploads\/2023\/11\/cadenas-u-lock-Hiplok-D1000-Studio-Image.jpg\",\"contentUrl\":\"https:\/\/dumoulin.absoludev.ca\/wp-content\/uploads\/2023\/11\/cadenas-u-lock-Hiplok-D1000-Studio-Image.jpg\",\"width\":2000,\"height\":2000,\"caption\":\"cadenas-en-u-hiplok-d1000-antivol-solution-contre-le-vol-de-velo\"},{\"@type\":\"BreadcrumbList\",\"@id\":\"https:\/\/dumoulin.absoludev.ca\/produit\/cadenas-en-u-hiplok-d1000\/#breadcrumb\",\"itemListElement\":[{\"@type\":\"ListItem\",\"position\":1,\"name\":\"Home\",\"item\":\"https:\/\/dumoulin.absoludev.ca\/en\/\"},{\"@type\":\"ListItem\",\"position\":2,\"name\":\"Shop\",\"item\":\"https:\/\/dumoulin.absoludev.ca\/en\/shop\/\"},{\"@type\":\"ListItem\",\"position\":3,\"name\":\"Cadenas en U Hiplok d1000\"}]},{\"@type\":\"WebSite\",\"@id\":\"https:\/\/dumoulin.absoludev.ca\/#website\",\"url\":\"https:\/\/dumoulin.absoludev.ca\/\",\"name\":\"Dumoulin Bicyclettes\",\"description\":\"\",\"publisher\":{\"@id\":\"https:\/\/dumoulin.absoludev.ca\/#organization\"},\"potentialAction\":[{\"@type\":\"SearchAction\",\"target\":{\"@type\":\"EntryPoint\",\"urlTemplate\":\"https:\/\/dumoulin.absoludev.ca\/?s={search_term_string}\"},\"query-input\":{\"@type\":\"PropertyValueSpecification\",\"valueRequired\":true,\"valueName\":\"search_term_string\"}}],\"inLanguage\":\"en-US\"},{\"@type\":\"Organization\",\"@id\":\"https:\/\/dumoulin.absoludev.ca\/#organization\",\"name\":\"Dumoulin Bicyclettes\",\"url\":\"https:\/\/dumoulin.absoludev.ca\/\",\"logo\":{\"@type\":\"ImageObject\",\"inLanguage\":\"en-US\",\"@id\":\"https:\/\/dumoulin.absoludev.ca\/#\/schema\/logo\/image\/\",\"url\":\"https:\/\/www.dumoulinbicyclettes.com\/wp-content\/uploads\/2021\/04\/Logo.svg\",\"contentUrl\":\"https:\/\/www.dumoulinbicyclettes.com\/wp-content\/uploads\/2021\/04\/Logo.svg\",\"width\":254,\"height\":86,\"caption\":\"Dumoulin Bicyclettes\"},\"image\":{\"@id\":\"https:\/\/dumoulin.absoludev.ca\/#\/schema\/logo\/image\/\"},\"sameAs\":[\"https:\/\/www.facebook.com\/dumoulinbicyclettes\",\"https:\/\/www.instagram.com\/dumoulin.ca\/\",\"https:\/\/www.youtube.com\/user\/dumoulinbicyclettes\"]}]}<\/script>\n<!-- \/ Yoast SEO plugin. -->","yoast_head_json":{"title":"Cadenas en U Hiplok d1000 - Dumoulin Bicyclettes","description":"Avec 20 mm d'\u00e9paisseur, \u00e9labor\u00e9 dans un mat\u00e9riau hyper solide, le cadenas en U Hiplok D1000 est le plus robuste et solide des cadenas.","robots":{"index":"noindex","follow":"follow","max-snippet":"max-snippet:-1","max-image-preview":"max-image-preview:large","max-video-preview":"max-video-preview:-1"},"og_locale":"en_US","og_type":"article","og_title":"Cadenas en U Hiplok d1000 - Dumoulin Bicyclettes","og_description":"Avec 20 mm d'\u00e9paisseur, \u00e9labor\u00e9 dans un mat\u00e9riau hyper solide, le cadenas en U Hiplok D1000 est le plus robuste et solide des cadenas.","og_url":"https:\/\/dumoulin.absoludev.ca\/produit\/cadenas-en-u-hiplok-d1000\/","og_site_name":"Dumoulin Bicyclettes","article_publisher":"https:\/\/www.facebook.com\/dumoulinbicyclettes","article_modified_time":"2025-09-04T18:16:52+00:00","og_image":[{"width":2000,"height":2000,"url":"https:\/\/dumoulin.absoludev.ca\/wp-content\/uploads\/2023\/11\/cadenas-u-lock-Hiplok-D1000-Studio-Image.jpg","type":"image\/jpeg"}],"twitter_card":"summary_large_image","twitter_misc":{"Est. reading time":"1 minute"},"schema":{"@context":"https:\/\/schema.org","@graph":[{"@type":"WebPage","@id":"https:\/\/dumoulin.absoludev.ca\/produit\/cadenas-en-u-hiplok-d1000\/","url":"https:\/\/dumoulin.absoludev.ca\/produit\/cadenas-en-u-hiplok-d1000\/","name":"Cadenas en U Hiplok d1000 - Dumoulin Bicyclettes","isPartOf":{"@id":"https:\/\/dumoulin.absoludev.ca\/#website"},"primaryImageOfPage":{"@id":"https:\/\/dumoulin.absoludev.ca\/produit\/cadenas-en-u-hiplok-d1000\/#primaryimage"},"image":{"@id":"https:\/\/dumoulin.absoludev.ca\/produit\/cadenas-en-u-hiplok-d1000\/#primaryimage"},"thumbnailUrl":"https:\/\/dumoulin.absoludev.ca\/wp-content\/uploads\/2023\/11\/cadenas-u-lock-Hiplok-D1000-Studio-Image.jpg","datePublished":"2023-11-02T19:04:20+00:00","dateModified":"2025-09-04T18:16:52+00:00","description":"Avec 20 mm d'\u00e9paisseur, \u00e9labor\u00e9 dans un mat\u00e9riau hyper solide, le cadenas en U Hiplok D1000 est le plus robuste et solide des cadenas.","breadcrumb":{"@id":"https:\/\/dumoulin.absoludev.ca\/produit\/cadenas-en-u-hiplok-d1000\/#breadcrumb"},"inLanguage":"en-US","potentialAction":[{"@type":"ReadAction","target":["https:\/\/dumoulin.absoludev.ca\/produit\/cadenas-en-u-hiplok-d1000\/"]}]},{"@type":"ImageObject","inLanguage":"en-US","@id":"https:\/\/dumoulin.absoludev.ca\/produit\/cadenas-en-u-hiplok-d1000\/#primaryimage","url":"https:\/\/dumoulin.absoludev.ca\/wp-content\/uploads\/2023\/11\/cadenas-u-lock-Hiplok-D1000-Studio-Image.jpg","contentUrl":"https:\/\/dumoulin.absoludev.ca\/wp-content\/uploads\/2023\/11\/cadenas-u-lock-Hiplok-D1000-Studio-Image.jpg","width":2000,"height":2000,"caption":"cadenas-en-u-hiplok-d1000-antivol-solution-contre-le-vol-de-velo"},{"@type":"BreadcrumbList","@id":"https:\/\/dumoulin.absoludev.ca\/produit\/cadenas-en-u-hiplok-d1000\/#breadcrumb","itemListElement":[{"@type":"ListItem","position":1,"name":"Home","item":"https:\/\/dumoulin.absoludev.ca\/en\/"},{"@type":"ListItem","position":2,"name":"Shop","item":"https:\/\/dumoulin.absoludev.ca\/en\/shop\/"},{"@type":"ListItem","position":3,"name":"Cadenas en U Hiplok d1000"}]},{"@type":"WebSite","@id":"https:\/\/dumoulin.absoludev.ca\/#website","url":"https:\/\/dumoulin.absoludev.ca\/","name":"Dumoulin Bicyclettes","description":"","publisher":{"@id":"https:\/\/dumoulin.absoludev.ca\/#organization"},"potentialAction":[{"@type":"SearchAction","target":{"@type":"EntryPoint","urlTemplate":"https:\/\/dumoulin.absoludev.ca\/?s={search_term_string}"},"query-input":{"@type":"PropertyValueSpecification","valueRequired":true,"valueName":"search_term_string"}}],"inLanguage":"en-US"},{"@type":"Organization","@id":"https:\/\/dumoulin.absoludev.ca\/#organization","name":"Dumoulin Bicyclettes","url":"https:\/\/dumoulin.absoludev.ca\/","logo":{"@type":"ImageObject","inLanguage":"en-US","@id":"https:\/\/dumoulin.absoludev.ca\/#\/schema\/logo\/image\/","url":"https:\/\/www.dumoulinbicyclettes.com\/wp-content\/uploads\/2021\/04\/Logo.svg","contentUrl":"https:\/\/www.dumoulinbicyclettes.com\/wp-content\/uploads\/2021\/04\/Logo.svg","width":254,"height":86,"caption":"Dumoulin Bicyclettes"},"image":{"@id":"https:\/\/dumoulin.absoludev.ca\/#\/schema\/logo\/image\/"},"sameAs":["https:\/\/www.facebook.com\/dumoulinbicyclettes","https:\/\/www.instagram.com\/dumoulin.ca\/","https:\/\/www.youtube.com\/user\/dumoulinbicyclettes"]}]}},"_links":{"self":[{"href":"https:\/\/dumoulin.absoludev.ca\/en\/wp-json\/wp\/v2\/product\/319230","targetHints":{"allow":["GET"]}}],"collection":[{"href":"https:\/\/dumoulin.absoludev.ca\/en\/wp-json\/wp\/v2\/product"}],"about":[{"href":"https:\/\/dumoulin.absoludev.ca\/en\/wp-json\/wp\/v2\/types\/product"}],"wp:featuredmedia":[{"embeddable":true,"href":"https:\/\/dumoulin.absoludev.ca\/en\/wp-json\/wp\/v2\/media\/319231"}],"wp:attachment":[{"href":"https:\/\/dumoulin.absoludev.ca\/en\/wp-json\/wp\/v2\/media?parent=319230"}],"wp:term":[{"taxonomy":"product_brand","embeddable":true,"href":"https:\/\/dumoulin.absoludev.ca\/en\/wp-json\/wp\/v2\/product_brand?post=319230"},{"taxonomy":"product_cat","embeddable":true,"href":"https:\/\/dumoulin.absoludev.ca\/en\/wp-json\/wp\/v2\/product_cat?post=319230"},{"taxonomy":"product_tag","embeddable":true,"href":"https:\/\/dumoulin.absoludev.ca\/en\/wp-json\/wp\/v2\/product_tag?post=319230"},{"taxonomy":"marque-produit","embeddable":true,"href":"https:\/\/dumoulin.absoludev.ca\/en\/wp-json\/wp\/v2\/marque-produit?post=319230"},{"taxonomy":"collection-produit","embeddable":true,"href":"https:\/\/dumoulin.absoludev.ca\/en\/wp-json\/wp\/v2\/collection-produit?post=319230"},{"taxonomy":"type-surface-produit","embeddable":true,"href":"https:\/\/dumoulin.absoludev.ca\/en\/wp-json\/wp\/v2\/type-surface-produit?post=319230"},{"taxonomy":"type-velo-produit","embeddable":true,"href":"https:\/\/dumoulin.absoludev.ca\/en\/wp-json\/wp\/v2\/type-velo-produit?post=319230"},{"taxonomy":"vetement-produit","embeddable":true,"href":"https:\/\/dumoulin.absoludev.ca\/en\/wp-json\/wp\/v2\/vetement-produit?post=319230"},{"taxonomy":"thematique-produit","embeddable":true,"href":"https:\/\/dumoulin.absoludev.ca\/en\/wp-json\/wp\/v2\/thematique-produit?post=319230"},{"taxonomy":"position-sur-le-v\u00e9lo","embeddable":true,"href":"https:\/\/dumoulin.absoludev.ca\/en\/wp-json\/wp\/v2\/position-sur-le-v\u00e9lo?post=319230"}],"curies":[{"name":"wp","href":"https:\/\/api.w.org\/{rel}","templated":true}]}}