{"id":318011,"date":"2023-10-31T12:04:03","date_gmt":"2023-10-31T16:04:03","guid":{"rendered":"http:\/\/www.dumoulinbicyclettes.com\/?post_type=product&#038;p=318011"},"modified":"2025-09-04T14:14:47","modified_gmt":"2025-09-04T18:14:47","slug":"fixation-de-lumiere-de-velo-sur-fourche-cateye-cfb-100","status":"publish","type":"product","link":"https:\/\/dumoulin.absoludev.ca\/en\/produit\/fixation-de-lumiere-de-velo-sur-fourche-cateye-cfb-100\/","title":{"rendered":"Fixation de lumi\u00e8re Cateye sur fourche CFB-100"},"content":{"rendered":"<p>Pour installer un phare de v\u00e9lo <a href=\"https:\/\/www.dumoulinbicyclettes.com\/categorie-produit\/accessoires\/visibilite\/lumieres-de-velo\/?swoof=1&amp;marque-produit=cateye&amp;really_curr_tax=208-product_cat\" target=\"_blank\" rel=\"noopener\">Cateye<\/a> \u00e0 la position optimale, discr\u00e8te et efficace, employez ce support CFB-100.<\/p>\n<p>Compatible uniquement avec les phares Cateye.<\/p>\n","protected":false},"excerpt":{"rendered":"<p>Pour installer un phare de v\u00e9lo Cateye \u00e0 la position optimale, discr\u00e8te et efficace, employez ce support CFB-100. Compatible uniquement avec les phares Cateye.<\/p>\n","protected":false},"featured_media":318012,"template":"","meta":{"_acf_changed":false},"product_brand":[],"product_cat":[194,211,192],"product_tag":[2295,3247,3245,3246],"marque-produit":[1388],"collection-produit":[],"type-surface-produit":[],"type-velo-produit":[],"vetement-produit":[],"thematique-produit":[],"position-sur-le-v\u00e9lo":[],"class_list":{"0":"post-318011","1":"product","2":"type-product","3":"status-publish","4":"has-post-thumbnail","6":"product_cat-accessoires-divers","7":"product_cat-avant","8":"product_cat-visibilite","9":"product_tag-cateye","10":"product_tag-cfb-100","11":"product_tag-fixation-de-lumiere","12":"product_tag-sur-fourche","13":"marque-produit-cateye","15":"first","16":"instock","17":"taxable","18":"shipping-taxable","19":"purchasable","20":"product-type-simple"},"acf":[],"yoast_head":"<!-- This site is optimized with the Yoast SEO plugin v24.3 - https:\/\/yoast.com\/wordpress\/plugins\/seo\/ -->\n<title>Lumi\u00e8re de v\u00e9lo | Cateye CFB-100 | Fixation sur fourche | S\u00e9curit\u00e9 | Dumoulin<\/title>\n<meta name=\"description\" content=\"Installez \u00e0 la position parfaite votre lumi\u00e8re de v\u00e9lo Cateye gr\u00e2ce \u00e0 ce support sur fourche Cateye CFB-100. Compatible uniquement avec les phares Cateye.\" \/>\n<meta name=\"robots\" content=\"noindex, follow, max-snippet:-1, max-image-preview:large, max-video-preview:-1\" \/>\n<meta property=\"og:locale\" content=\"en_US\" \/>\n<meta property=\"og:type\" content=\"article\" \/>\n<meta property=\"og:title\" content=\"Lumi\u00e8re de v\u00e9lo | Cateye CFB-100 | Fixation sur fourche | S\u00e9curit\u00e9 | Dumoulin\" \/>\n<meta property=\"og:description\" content=\"Installez \u00e0 la position parfaite votre lumi\u00e8re de v\u00e9lo Cateye gr\u00e2ce \u00e0 ce support sur fourche Cateye CFB-100. Compatible uniquement avec les phares Cateye.\" \/>\n<meta property=\"og:url\" content=\"https:\/\/dumoulin.absoludev.ca\/produit\/fixation-de-lumiere-de-velo-sur-fourche-cateye-cfb-100\/\" \/>\n<meta property=\"og:site_name\" content=\"Dumoulin Bicyclettes\" \/>\n<meta property=\"article:publisher\" content=\"https:\/\/www.facebook.com\/dumoulinbicyclettes\" \/>\n<meta property=\"article:modified_time\" content=\"2025-09-04T18:14:47+00:00\" \/>\n<meta property=\"og:image\" content=\"https:\/\/dumoulin.absoludev.ca\/wp-content\/uploads\/2023\/10\/Support-Sur-fourche_Cateye_CF-100_620262-01_1.jpg\" \/>\n\t<meta property=\"og:image:width\" content=\"900\" \/>\n\t<meta property=\"og:image:height\" content=\"900\" \/>\n\t<meta property=\"og:image:type\" content=\"image\/jpeg\" \/>\n<meta name=\"twitter:card\" content=\"summary_large_image\" \/>\n<meta name=\"twitter:label1\" content=\"Est. reading time\" \/>\n\t<meta name=\"twitter:data1\" content=\"1 minute\" \/>\n<script type=\"application\/ld+json\" class=\"yoast-schema-graph\">{\"@context\":\"https:\/\/schema.org\",\"@graph\":[{\"@type\":\"WebPage\",\"@id\":\"https:\/\/dumoulin.absoludev.ca\/produit\/fixation-de-lumiere-de-velo-sur-fourche-cateye-cfb-100\/\",\"url\":\"https:\/\/dumoulin.absoludev.ca\/produit\/fixation-de-lumiere-de-velo-sur-fourche-cateye-cfb-100\/\",\"name\":\"Lumi\u00e8re de v\u00e9lo | Cateye CFB-100 | Fixation sur fourche | S\u00e9curit\u00e9 | Dumoulin\",\"isPartOf\":{\"@id\":\"https:\/\/dumoulin.absoludev.ca\/#website\"},\"primaryImageOfPage\":{\"@id\":\"https:\/\/dumoulin.absoludev.ca\/produit\/fixation-de-lumiere-de-velo-sur-fourche-cateye-cfb-100\/#primaryimage\"},\"image\":{\"@id\":\"https:\/\/dumoulin.absoludev.ca\/produit\/fixation-de-lumiere-de-velo-sur-fourche-cateye-cfb-100\/#primaryimage\"},\"thumbnailUrl\":\"https:\/\/dumoulin.absoludev.ca\/wp-content\/uploads\/2023\/10\/Support-Sur-fourche_Cateye_CF-100_620262-01_1.jpg\",\"datePublished\":\"2023-10-31T16:04:03+00:00\",\"dateModified\":\"2025-09-04T18:14:47+00:00\",\"description\":\"Installez \u00e0 la position parfaite votre lumi\u00e8re de v\u00e9lo Cateye gr\u00e2ce \u00e0 ce support sur fourche Cateye CFB-100. Compatible uniquement avec les phares Cateye.\",\"breadcrumb\":{\"@id\":\"https:\/\/dumoulin.absoludev.ca\/produit\/fixation-de-lumiere-de-velo-sur-fourche-cateye-cfb-100\/#breadcrumb\"},\"inLanguage\":\"en-US\",\"potentialAction\":[{\"@type\":\"ReadAction\",\"target\":[\"https:\/\/dumoulin.absoludev.ca\/produit\/fixation-de-lumiere-de-velo-sur-fourche-cateye-cfb-100\/\"]}]},{\"@type\":\"ImageObject\",\"inLanguage\":\"en-US\",\"@id\":\"https:\/\/dumoulin.absoludev.ca\/produit\/fixation-de-lumiere-de-velo-sur-fourche-cateye-cfb-100\/#primaryimage\",\"url\":\"https:\/\/dumoulin.absoludev.ca\/wp-content\/uploads\/2023\/10\/Support-Sur-fourche_Cateye_CF-100_620262-01_1.jpg\",\"contentUrl\":\"https:\/\/dumoulin.absoludev.ca\/wp-content\/uploads\/2023\/10\/Support-Sur-fourche_Cateye_CF-100_620262-01_1.jpg\",\"width\":900,\"height\":900},{\"@type\":\"BreadcrumbList\",\"@id\":\"https:\/\/dumoulin.absoludev.ca\/produit\/fixation-de-lumiere-de-velo-sur-fourche-cateye-cfb-100\/#breadcrumb\",\"itemListElement\":[{\"@type\":\"ListItem\",\"position\":1,\"name\":\"Home\",\"item\":\"https:\/\/dumoulin.absoludev.ca\/en\/\"},{\"@type\":\"ListItem\",\"position\":2,\"name\":\"Shop\",\"item\":\"https:\/\/dumoulin.absoludev.ca\/en\/shop\/\"},{\"@type\":\"ListItem\",\"position\":3,\"name\":\"Fixation de lumi\u00e8re Cateye sur fourche CFB-100\"}]},{\"@type\":\"WebSite\",\"@id\":\"https:\/\/dumoulin.absoludev.ca\/#website\",\"url\":\"https:\/\/dumoulin.absoludev.ca\/\",\"name\":\"Dumoulin Bicyclettes\",\"description\":\"\",\"publisher\":{\"@id\":\"https:\/\/dumoulin.absoludev.ca\/#organization\"},\"potentialAction\":[{\"@type\":\"SearchAction\",\"target\":{\"@type\":\"EntryPoint\",\"urlTemplate\":\"https:\/\/dumoulin.absoludev.ca\/?s={search_term_string}\"},\"query-input\":{\"@type\":\"PropertyValueSpecification\",\"valueRequired\":true,\"valueName\":\"search_term_string\"}}],\"inLanguage\":\"en-US\"},{\"@type\":\"Organization\",\"@id\":\"https:\/\/dumoulin.absoludev.ca\/#organization\",\"name\":\"Dumoulin Bicyclettes\",\"url\":\"https:\/\/dumoulin.absoludev.ca\/\",\"logo\":{\"@type\":\"ImageObject\",\"inLanguage\":\"en-US\",\"@id\":\"https:\/\/dumoulin.absoludev.ca\/#\/schema\/logo\/image\/\",\"url\":\"https:\/\/www.dumoulinbicyclettes.com\/wp-content\/uploads\/2021\/04\/Logo.svg\",\"contentUrl\":\"https:\/\/www.dumoulinbicyclettes.com\/wp-content\/uploads\/2021\/04\/Logo.svg\",\"width\":254,\"height\":86,\"caption\":\"Dumoulin Bicyclettes\"},\"image\":{\"@id\":\"https:\/\/dumoulin.absoludev.ca\/#\/schema\/logo\/image\/\"},\"sameAs\":[\"https:\/\/www.facebook.com\/dumoulinbicyclettes\",\"https:\/\/www.instagram.com\/dumoulin.ca\/\",\"https:\/\/www.youtube.com\/user\/dumoulinbicyclettes\"]}]}<\/script>\n<!-- \/ Yoast SEO plugin. -->","yoast_head_json":{"title":"Lumi\u00e8re de v\u00e9lo | Cateye CFB-100 | Fixation sur fourche | S\u00e9curit\u00e9 | Dumoulin","description":"Installez \u00e0 la position parfaite votre lumi\u00e8re de v\u00e9lo Cateye gr\u00e2ce \u00e0 ce support sur fourche Cateye CFB-100. Compatible uniquement avec les phares Cateye.","robots":{"index":"noindex","follow":"follow","max-snippet":"max-snippet:-1","max-image-preview":"max-image-preview:large","max-video-preview":"max-video-preview:-1"},"og_locale":"en_US","og_type":"article","og_title":"Lumi\u00e8re de v\u00e9lo | Cateye CFB-100 | Fixation sur fourche | S\u00e9curit\u00e9 | Dumoulin","og_description":"Installez \u00e0 la position parfaite votre lumi\u00e8re de v\u00e9lo Cateye gr\u00e2ce \u00e0 ce support sur fourche Cateye CFB-100. Compatible uniquement avec les phares Cateye.","og_url":"https:\/\/dumoulin.absoludev.ca\/produit\/fixation-de-lumiere-de-velo-sur-fourche-cateye-cfb-100\/","og_site_name":"Dumoulin Bicyclettes","article_publisher":"https:\/\/www.facebook.com\/dumoulinbicyclettes","article_modified_time":"2025-09-04T18:14:47+00:00","og_image":[{"width":900,"height":900,"url":"https:\/\/dumoulin.absoludev.ca\/wp-content\/uploads\/2023\/10\/Support-Sur-fourche_Cateye_CF-100_620262-01_1.jpg","type":"image\/jpeg"}],"twitter_card":"summary_large_image","twitter_misc":{"Est. reading time":"1 minute"},"schema":{"@context":"https:\/\/schema.org","@graph":[{"@type":"WebPage","@id":"https:\/\/dumoulin.absoludev.ca\/produit\/fixation-de-lumiere-de-velo-sur-fourche-cateye-cfb-100\/","url":"https:\/\/dumoulin.absoludev.ca\/produit\/fixation-de-lumiere-de-velo-sur-fourche-cateye-cfb-100\/","name":"Lumi\u00e8re de v\u00e9lo | Cateye CFB-100 | Fixation sur fourche | S\u00e9curit\u00e9 | Dumoulin","isPartOf":{"@id":"https:\/\/dumoulin.absoludev.ca\/#website"},"primaryImageOfPage":{"@id":"https:\/\/dumoulin.absoludev.ca\/produit\/fixation-de-lumiere-de-velo-sur-fourche-cateye-cfb-100\/#primaryimage"},"image":{"@id":"https:\/\/dumoulin.absoludev.ca\/produit\/fixation-de-lumiere-de-velo-sur-fourche-cateye-cfb-100\/#primaryimage"},"thumbnailUrl":"https:\/\/dumoulin.absoludev.ca\/wp-content\/uploads\/2023\/10\/Support-Sur-fourche_Cateye_CF-100_620262-01_1.jpg","datePublished":"2023-10-31T16:04:03+00:00","dateModified":"2025-09-04T18:14:47+00:00","description":"Installez \u00e0 la position parfaite votre lumi\u00e8re de v\u00e9lo Cateye gr\u00e2ce \u00e0 ce support sur fourche Cateye CFB-100. Compatible uniquement avec les phares Cateye.","breadcrumb":{"@id":"https:\/\/dumoulin.absoludev.ca\/produit\/fixation-de-lumiere-de-velo-sur-fourche-cateye-cfb-100\/#breadcrumb"},"inLanguage":"en-US","potentialAction":[{"@type":"ReadAction","target":["https:\/\/dumoulin.absoludev.ca\/produit\/fixation-de-lumiere-de-velo-sur-fourche-cateye-cfb-100\/"]}]},{"@type":"ImageObject","inLanguage":"en-US","@id":"https:\/\/dumoulin.absoludev.ca\/produit\/fixation-de-lumiere-de-velo-sur-fourche-cateye-cfb-100\/#primaryimage","url":"https:\/\/dumoulin.absoludev.ca\/wp-content\/uploads\/2023\/10\/Support-Sur-fourche_Cateye_CF-100_620262-01_1.jpg","contentUrl":"https:\/\/dumoulin.absoludev.ca\/wp-content\/uploads\/2023\/10\/Support-Sur-fourche_Cateye_CF-100_620262-01_1.jpg","width":900,"height":900},{"@type":"BreadcrumbList","@id":"https:\/\/dumoulin.absoludev.ca\/produit\/fixation-de-lumiere-de-velo-sur-fourche-cateye-cfb-100\/#breadcrumb","itemListElement":[{"@type":"ListItem","position":1,"name":"Home","item":"https:\/\/dumoulin.absoludev.ca\/en\/"},{"@type":"ListItem","position":2,"name":"Shop","item":"https:\/\/dumoulin.absoludev.ca\/en\/shop\/"},{"@type":"ListItem","position":3,"name":"Fixation de lumi\u00e8re Cateye sur fourche CFB-100"}]},{"@type":"WebSite","@id":"https:\/\/dumoulin.absoludev.ca\/#website","url":"https:\/\/dumoulin.absoludev.ca\/","name":"Dumoulin Bicyclettes","description":"","publisher":{"@id":"https:\/\/dumoulin.absoludev.ca\/#organization"},"potentialAction":[{"@type":"SearchAction","target":{"@type":"EntryPoint","urlTemplate":"https:\/\/dumoulin.absoludev.ca\/?s={search_term_string}"},"query-input":{"@type":"PropertyValueSpecification","valueRequired":true,"valueName":"search_term_string"}}],"inLanguage":"en-US"},{"@type":"Organization","@id":"https:\/\/dumoulin.absoludev.ca\/#organization","name":"Dumoulin Bicyclettes","url":"https:\/\/dumoulin.absoludev.ca\/","logo":{"@type":"ImageObject","inLanguage":"en-US","@id":"https:\/\/dumoulin.absoludev.ca\/#\/schema\/logo\/image\/","url":"https:\/\/www.dumoulinbicyclettes.com\/wp-content\/uploads\/2021\/04\/Logo.svg","contentUrl":"https:\/\/www.dumoulinbicyclettes.com\/wp-content\/uploads\/2021\/04\/Logo.svg","width":254,"height":86,"caption":"Dumoulin Bicyclettes"},"image":{"@id":"https:\/\/dumoulin.absoludev.ca\/#\/schema\/logo\/image\/"},"sameAs":["https:\/\/www.facebook.com\/dumoulinbicyclettes","https:\/\/www.instagram.com\/dumoulin.ca\/","https:\/\/www.youtube.com\/user\/dumoulinbicyclettes"]}]}},"_links":{"self":[{"href":"https:\/\/dumoulin.absoludev.ca\/en\/wp-json\/wp\/v2\/product\/318011","targetHints":{"allow":["GET"]}}],"collection":[{"href":"https:\/\/dumoulin.absoludev.ca\/en\/wp-json\/wp\/v2\/product"}],"about":[{"href":"https:\/\/dumoulin.absoludev.ca\/en\/wp-json\/wp\/v2\/types\/product"}],"wp:featuredmedia":[{"embeddable":true,"href":"https:\/\/dumoulin.absoludev.ca\/en\/wp-json\/wp\/v2\/media\/318012"}],"wp:attachment":[{"href":"https:\/\/dumoulin.absoludev.ca\/en\/wp-json\/wp\/v2\/media?parent=318011"}],"wp:term":[{"taxonomy":"product_brand","embeddable":true,"href":"https:\/\/dumoulin.absoludev.ca\/en\/wp-json\/wp\/v2\/product_brand?post=318011"},{"taxonomy":"product_cat","embeddable":true,"href":"https:\/\/dumoulin.absoludev.ca\/en\/wp-json\/wp\/v2\/product_cat?post=318011"},{"taxonomy":"product_tag","embeddable":true,"href":"https:\/\/dumoulin.absoludev.ca\/en\/wp-json\/wp\/v2\/product_tag?post=318011"},{"taxonomy":"marque-produit","embeddable":true,"href":"https:\/\/dumoulin.absoludev.ca\/en\/wp-json\/wp\/v2\/marque-produit?post=318011"},{"taxonomy":"collection-produit","embeddable":true,"href":"https:\/\/dumoulin.absoludev.ca\/en\/wp-json\/wp\/v2\/collection-produit?post=318011"},{"taxonomy":"type-surface-produit","embeddable":true,"href":"https:\/\/dumoulin.absoludev.ca\/en\/wp-json\/wp\/v2\/type-surface-produit?post=318011"},{"taxonomy":"type-velo-produit","embeddable":true,"href":"https:\/\/dumoulin.absoludev.ca\/en\/wp-json\/wp\/v2\/type-velo-produit?post=318011"},{"taxonomy":"vetement-produit","embeddable":true,"href":"https:\/\/dumoulin.absoludev.ca\/en\/wp-json\/wp\/v2\/vetement-produit?post=318011"},{"taxonomy":"thematique-produit","embeddable":true,"href":"https:\/\/dumoulin.absoludev.ca\/en\/wp-json\/wp\/v2\/thematique-produit?post=318011"},{"taxonomy":"position-sur-le-v\u00e9lo","embeddable":true,"href":"https:\/\/dumoulin.absoludev.ca\/en\/wp-json\/wp\/v2\/position-sur-le-v\u00e9lo?post=318011"}],"curies":[{"name":"wp","href":"https:\/\/api.w.org\/{rel}","templated":true}]}}