{"id":316414,"date":"2023-10-26T17:04:13","date_gmt":"2023-10-26T21:04:13","guid":{"rendered":"http:\/\/www.dumoulinbicyclettes.com\/?post_type=product&#038;p=316414"},"modified":"2025-09-04T14:16:49","modified_gmt":"2025-09-04T18:16:49","slug":"casquette-velo-d-hiver-bontrager-thermal-cycling-cap","status":"publish","type":"product","link":"https:\/\/dumoulin.absoludev.ca\/en\/produit\/casquette-velo-d-hiver-bontrager-thermal-cycling-cap\/","title":{"rendered":"Casquette de v\u00e9lo d&#8217;hiver Bontrager \u00abthermal cycling cap\u00bb"},"content":{"rendered":"<p>Employer cette casquette chaude sous votre casque pour rouler plus confortablement durant les mois froids !<\/p>\n<p>La casquette Bontrager \u00abthermal cycling cap\u00bb a une doublure suppl\u00e9mentaire pour couvrir les oreilles. Le tissu est technique : comprendre qu&#8217;il s\u00e8che rapidement et qu&#8217;il est con\u00e7u pour maximiser la \u00abrespirabilit\u00e9\u00bb tout en conservant un maximum de chaleur. Pour les cyclistes du quotidien, cela se traduit par une casquette plus chaude, facilement enfil\u00e9e sous un casque. Elle prot\u00e8gera id\u00e9alement les plus actifs durant toute l&#8217;ann\u00e9e, ou la plupart d&#8217;entre nous durant les mois d&#8217;automne et de printemps. En hiver, on pr\u00e9f\u00e8rera certainement le <a href=\"https:\/\/www.dumoulinbicyclettes.com\/produit\/cagoule-passe-montagne-bontrager-balaclava\/\" rel=\"noopener\" target=\"_blank\">passe-montagne<\/a> pour bien isoler notre cerveau !<\/p>\n<p>Le v\u00e9lo d&#8217;hiver, c&#8217;est moins fou qu&#8217;il n&#8217;y parait ! <a href=\"https:\/\/www.dumoulinbicyclettes.com\/velo-d-hiver\/\" rel=\"noopener\" target=\"_blank\">Consultez nos pages<\/a> compl\u00e8tes d\u00e9di\u00e9es \u00e0 la pratique du v\u00e9lo d&#8217;hiver.<\/p>\n","protected":false},"excerpt":{"rendered":"<p>Employer cette casquette chaude sous votre casque pour rouler plus confortablement durant les mois froids ! La casquette Bontrager \u00abthermal cycling cap\u00bb a une doublure suppl\u00e9mentaire pour couvrir les oreilles. Le tissu est technique : comprendre qu&#8217;il s\u00e8che rapidement et qu&#8217;il est con\u00e7u pour maximiser la \u00abrespirabilit\u00e9\u00bb tout en conservant un maximum de chaleur. Pour [&hellip;]<\/p>\n","protected":false},"featured_media":317979,"template":"","meta":{"_acf_changed":false},"product_brand":[],"product_cat":[203,189],"product_tag":[2298,2947,3011],"marque-produit":[1195],"collection-produit":[2900],"type-surface-produit":[],"type-velo-produit":[],"vetement-produit":[],"thematique-produit":[1238],"position-sur-le-v\u00e9lo":[],"class_list":{"0":"post-316414","1":"product","2":"type-product","3":"status-publish","4":"has-post-thumbnail","6":"product_cat-tuques-passe-montagne-et-casquettes","7":"product_cat-vetements","8":"product_tag-bontrager","9":"product_tag-casquette","10":"product_tag-velo-dhiver","11":"marque-produit-bontrager","12":"collection-produit-vetements","13":"thematique-produit-hiver","15":"first","16":"instock","17":"taxable","18":"shipping-taxable","19":"purchasable","20":"product-type-simple"},"acf":[],"yoast_head":"<!-- This site is optimized with the Yoast SEO plugin v24.3 - https:\/\/yoast.com\/wordpress\/plugins\/seo\/ -->\n<title>Casquette de v\u00e9lo d&#039;hiver Bontrager \u00abthermal cycling cap\u00bb - Montr\u00e9al - Qu\u00e9bec<\/title>\n<meta name=\"description\" content=\"La casquette Bontrager Thermal offre une doublure pour prot\u00e9ger votre t\u00eate des premiers ou derniers froids. Elle s&#039;enfile sous un casque.\" \/>\n<meta name=\"robots\" content=\"noindex, follow, max-snippet:-1, max-image-preview:large, max-video-preview:-1\" \/>\n<meta property=\"og:locale\" content=\"en_US\" \/>\n<meta property=\"og:type\" content=\"article\" \/>\n<meta property=\"og:title\" content=\"Casquette de v\u00e9lo d&#039;hiver Bontrager \u00abthermal cycling cap\u00bb - Montr\u00e9al - Qu\u00e9bec\" \/>\n<meta property=\"og:description\" content=\"La casquette Bontrager Thermal offre une doublure pour prot\u00e9ger votre t\u00eate des premiers ou derniers froids. Elle s&#039;enfile sous un casque.\" \/>\n<meta property=\"og:url\" content=\"https:\/\/dumoulin.absoludev.ca\/produit\/casquette-velo-d-hiver-bontrager-thermal-cycling-cap\/\" \/>\n<meta property=\"og:site_name\" content=\"Dumoulin Bicyclettes\" \/>\n<meta property=\"article:publisher\" content=\"https:\/\/www.facebook.com\/dumoulinbicyclettes\" \/>\n<meta property=\"article:modified_time\" content=\"2025-09-04T18:16:49+00:00\" \/>\n<meta property=\"og:image\" content=\"https:\/\/dumoulin.absoludev.ca\/wp-content\/uploads\/2023\/10\/thermalcyclingcap-25037-a-primary.jpg\" \/>\n\t<meta property=\"og:image:width\" content=\"1920\" \/>\n\t<meta property=\"og:image:height\" content=\"1440\" \/>\n\t<meta property=\"og:image:type\" content=\"image\/jpeg\" \/>\n<meta name=\"twitter:card\" content=\"summary_large_image\" \/>\n<meta name=\"twitter:label1\" content=\"Est. reading time\" \/>\n\t<meta name=\"twitter:data1\" content=\"1 minute\" \/>\n<script type=\"application\/ld+json\" class=\"yoast-schema-graph\">{\"@context\":\"https:\/\/schema.org\",\"@graph\":[{\"@type\":\"WebPage\",\"@id\":\"https:\/\/dumoulin.absoludev.ca\/produit\/casquette-velo-d-hiver-bontrager-thermal-cycling-cap\/\",\"url\":\"https:\/\/dumoulin.absoludev.ca\/produit\/casquette-velo-d-hiver-bontrager-thermal-cycling-cap\/\",\"name\":\"Casquette de v\u00e9lo d'hiver Bontrager \u00abthermal cycling cap\u00bb - Montr\u00e9al - Qu\u00e9bec\",\"isPartOf\":{\"@id\":\"https:\/\/dumoulin.absoludev.ca\/#website\"},\"primaryImageOfPage\":{\"@id\":\"https:\/\/dumoulin.absoludev.ca\/produit\/casquette-velo-d-hiver-bontrager-thermal-cycling-cap\/#primaryimage\"},\"image\":{\"@id\":\"https:\/\/dumoulin.absoludev.ca\/produit\/casquette-velo-d-hiver-bontrager-thermal-cycling-cap\/#primaryimage\"},\"thumbnailUrl\":\"https:\/\/dumoulin.absoludev.ca\/wp-content\/uploads\/2023\/10\/thermalcyclingcap-25037-a-primary.jpg\",\"datePublished\":\"2023-10-26T21:04:13+00:00\",\"dateModified\":\"2025-09-04T18:16:49+00:00\",\"description\":\"La casquette Bontrager Thermal offre une doublure pour prot\u00e9ger votre t\u00eate des premiers ou derniers froids. Elle s'enfile sous un casque.\",\"breadcrumb\":{\"@id\":\"https:\/\/dumoulin.absoludev.ca\/produit\/casquette-velo-d-hiver-bontrager-thermal-cycling-cap\/#breadcrumb\"},\"inLanguage\":\"en-US\",\"potentialAction\":[{\"@type\":\"ReadAction\",\"target\":[\"https:\/\/dumoulin.absoludev.ca\/produit\/casquette-velo-d-hiver-bontrager-thermal-cycling-cap\/\"]}]},{\"@type\":\"ImageObject\",\"inLanguage\":\"en-US\",\"@id\":\"https:\/\/dumoulin.absoludev.ca\/produit\/casquette-velo-d-hiver-bontrager-thermal-cycling-cap\/#primaryimage\",\"url\":\"https:\/\/dumoulin.absoludev.ca\/wp-content\/uploads\/2023\/10\/thermalcyclingcap-25037-a-primary.jpg\",\"contentUrl\":\"https:\/\/dumoulin.absoludev.ca\/wp-content\/uploads\/2023\/10\/thermalcyclingcap-25037-a-primary.jpg\",\"width\":1920,\"height\":1440,\"caption\":\"Casquette-velo-hiver-bontrager-thermal-cycling-cap\"},{\"@type\":\"BreadcrumbList\",\"@id\":\"https:\/\/dumoulin.absoludev.ca\/produit\/casquette-velo-d-hiver-bontrager-thermal-cycling-cap\/#breadcrumb\",\"itemListElement\":[{\"@type\":\"ListItem\",\"position\":1,\"name\":\"Home\",\"item\":\"https:\/\/dumoulin.absoludev.ca\/en\/\"},{\"@type\":\"ListItem\",\"position\":2,\"name\":\"Shop\",\"item\":\"https:\/\/dumoulin.absoludev.ca\/en\/shop\/\"},{\"@type\":\"ListItem\",\"position\":3,\"name\":\"Casquette de v\u00e9lo d&rsquo;hiver Bontrager \u00abthermal cycling cap\u00bb\"}]},{\"@type\":\"WebSite\",\"@id\":\"https:\/\/dumoulin.absoludev.ca\/#website\",\"url\":\"https:\/\/dumoulin.absoludev.ca\/\",\"name\":\"Dumoulin Bicyclettes\",\"description\":\"\",\"publisher\":{\"@id\":\"https:\/\/dumoulin.absoludev.ca\/#organization\"},\"potentialAction\":[{\"@type\":\"SearchAction\",\"target\":{\"@type\":\"EntryPoint\",\"urlTemplate\":\"https:\/\/dumoulin.absoludev.ca\/?s={search_term_string}\"},\"query-input\":{\"@type\":\"PropertyValueSpecification\",\"valueRequired\":true,\"valueName\":\"search_term_string\"}}],\"inLanguage\":\"en-US\"},{\"@type\":\"Organization\",\"@id\":\"https:\/\/dumoulin.absoludev.ca\/#organization\",\"name\":\"Dumoulin Bicyclettes\",\"url\":\"https:\/\/dumoulin.absoludev.ca\/\",\"logo\":{\"@type\":\"ImageObject\",\"inLanguage\":\"en-US\",\"@id\":\"https:\/\/dumoulin.absoludev.ca\/#\/schema\/logo\/image\/\",\"url\":\"https:\/\/www.dumoulinbicyclettes.com\/wp-content\/uploads\/2021\/04\/Logo.svg\",\"contentUrl\":\"https:\/\/www.dumoulinbicyclettes.com\/wp-content\/uploads\/2021\/04\/Logo.svg\",\"width\":254,\"height\":86,\"caption\":\"Dumoulin Bicyclettes\"},\"image\":{\"@id\":\"https:\/\/dumoulin.absoludev.ca\/#\/schema\/logo\/image\/\"},\"sameAs\":[\"https:\/\/www.facebook.com\/dumoulinbicyclettes\",\"https:\/\/www.instagram.com\/dumoulin.ca\/\",\"https:\/\/www.youtube.com\/user\/dumoulinbicyclettes\"]}]}<\/script>\n<!-- \/ Yoast SEO plugin. -->","yoast_head_json":{"title":"Casquette de v\u00e9lo d'hiver Bontrager \u00abthermal cycling cap\u00bb - Montr\u00e9al - Qu\u00e9bec","description":"La casquette Bontrager Thermal offre une doublure pour prot\u00e9ger votre t\u00eate des premiers ou derniers froids. Elle s'enfile sous un casque.","robots":{"index":"noindex","follow":"follow","max-snippet":"max-snippet:-1","max-image-preview":"max-image-preview:large","max-video-preview":"max-video-preview:-1"},"og_locale":"en_US","og_type":"article","og_title":"Casquette de v\u00e9lo d'hiver Bontrager \u00abthermal cycling cap\u00bb - Montr\u00e9al - Qu\u00e9bec","og_description":"La casquette Bontrager Thermal offre une doublure pour prot\u00e9ger votre t\u00eate des premiers ou derniers froids. Elle s'enfile sous un casque.","og_url":"https:\/\/dumoulin.absoludev.ca\/produit\/casquette-velo-d-hiver-bontrager-thermal-cycling-cap\/","og_site_name":"Dumoulin Bicyclettes","article_publisher":"https:\/\/www.facebook.com\/dumoulinbicyclettes","article_modified_time":"2025-09-04T18:16:49+00:00","og_image":[{"width":1920,"height":1440,"url":"https:\/\/dumoulin.absoludev.ca\/wp-content\/uploads\/2023\/10\/thermalcyclingcap-25037-a-primary.jpg","type":"image\/jpeg"}],"twitter_card":"summary_large_image","twitter_misc":{"Est. reading time":"1 minute"},"schema":{"@context":"https:\/\/schema.org","@graph":[{"@type":"WebPage","@id":"https:\/\/dumoulin.absoludev.ca\/produit\/casquette-velo-d-hiver-bontrager-thermal-cycling-cap\/","url":"https:\/\/dumoulin.absoludev.ca\/produit\/casquette-velo-d-hiver-bontrager-thermal-cycling-cap\/","name":"Casquette de v\u00e9lo d'hiver Bontrager \u00abthermal cycling cap\u00bb - Montr\u00e9al - Qu\u00e9bec","isPartOf":{"@id":"https:\/\/dumoulin.absoludev.ca\/#website"},"primaryImageOfPage":{"@id":"https:\/\/dumoulin.absoludev.ca\/produit\/casquette-velo-d-hiver-bontrager-thermal-cycling-cap\/#primaryimage"},"image":{"@id":"https:\/\/dumoulin.absoludev.ca\/produit\/casquette-velo-d-hiver-bontrager-thermal-cycling-cap\/#primaryimage"},"thumbnailUrl":"https:\/\/dumoulin.absoludev.ca\/wp-content\/uploads\/2023\/10\/thermalcyclingcap-25037-a-primary.jpg","datePublished":"2023-10-26T21:04:13+00:00","dateModified":"2025-09-04T18:16:49+00:00","description":"La casquette Bontrager Thermal offre une doublure pour prot\u00e9ger votre t\u00eate des premiers ou derniers froids. Elle s'enfile sous un casque.","breadcrumb":{"@id":"https:\/\/dumoulin.absoludev.ca\/produit\/casquette-velo-d-hiver-bontrager-thermal-cycling-cap\/#breadcrumb"},"inLanguage":"en-US","potentialAction":[{"@type":"ReadAction","target":["https:\/\/dumoulin.absoludev.ca\/produit\/casquette-velo-d-hiver-bontrager-thermal-cycling-cap\/"]}]},{"@type":"ImageObject","inLanguage":"en-US","@id":"https:\/\/dumoulin.absoludev.ca\/produit\/casquette-velo-d-hiver-bontrager-thermal-cycling-cap\/#primaryimage","url":"https:\/\/dumoulin.absoludev.ca\/wp-content\/uploads\/2023\/10\/thermalcyclingcap-25037-a-primary.jpg","contentUrl":"https:\/\/dumoulin.absoludev.ca\/wp-content\/uploads\/2023\/10\/thermalcyclingcap-25037-a-primary.jpg","width":1920,"height":1440,"caption":"Casquette-velo-hiver-bontrager-thermal-cycling-cap"},{"@type":"BreadcrumbList","@id":"https:\/\/dumoulin.absoludev.ca\/produit\/casquette-velo-d-hiver-bontrager-thermal-cycling-cap\/#breadcrumb","itemListElement":[{"@type":"ListItem","position":1,"name":"Home","item":"https:\/\/dumoulin.absoludev.ca\/en\/"},{"@type":"ListItem","position":2,"name":"Shop","item":"https:\/\/dumoulin.absoludev.ca\/en\/shop\/"},{"@type":"ListItem","position":3,"name":"Casquette de v\u00e9lo d&rsquo;hiver Bontrager \u00abthermal cycling cap\u00bb"}]},{"@type":"WebSite","@id":"https:\/\/dumoulin.absoludev.ca\/#website","url":"https:\/\/dumoulin.absoludev.ca\/","name":"Dumoulin Bicyclettes","description":"","publisher":{"@id":"https:\/\/dumoulin.absoludev.ca\/#organization"},"potentialAction":[{"@type":"SearchAction","target":{"@type":"EntryPoint","urlTemplate":"https:\/\/dumoulin.absoludev.ca\/?s={search_term_string}"},"query-input":{"@type":"PropertyValueSpecification","valueRequired":true,"valueName":"search_term_string"}}],"inLanguage":"en-US"},{"@type":"Organization","@id":"https:\/\/dumoulin.absoludev.ca\/#organization","name":"Dumoulin Bicyclettes","url":"https:\/\/dumoulin.absoludev.ca\/","logo":{"@type":"ImageObject","inLanguage":"en-US","@id":"https:\/\/dumoulin.absoludev.ca\/#\/schema\/logo\/image\/","url":"https:\/\/www.dumoulinbicyclettes.com\/wp-content\/uploads\/2021\/04\/Logo.svg","contentUrl":"https:\/\/www.dumoulinbicyclettes.com\/wp-content\/uploads\/2021\/04\/Logo.svg","width":254,"height":86,"caption":"Dumoulin Bicyclettes"},"image":{"@id":"https:\/\/dumoulin.absoludev.ca\/#\/schema\/logo\/image\/"},"sameAs":["https:\/\/www.facebook.com\/dumoulinbicyclettes","https:\/\/www.instagram.com\/dumoulin.ca\/","https:\/\/www.youtube.com\/user\/dumoulinbicyclettes"]}]}},"_links":{"self":[{"href":"https:\/\/dumoulin.absoludev.ca\/en\/wp-json\/wp\/v2\/product\/316414","targetHints":{"allow":["GET"]}}],"collection":[{"href":"https:\/\/dumoulin.absoludev.ca\/en\/wp-json\/wp\/v2\/product"}],"about":[{"href":"https:\/\/dumoulin.absoludev.ca\/en\/wp-json\/wp\/v2\/types\/product"}],"wp:featuredmedia":[{"embeddable":true,"href":"https:\/\/dumoulin.absoludev.ca\/en\/wp-json\/wp\/v2\/media\/317979"}],"wp:attachment":[{"href":"https:\/\/dumoulin.absoludev.ca\/en\/wp-json\/wp\/v2\/media?parent=316414"}],"wp:term":[{"taxonomy":"product_brand","embeddable":true,"href":"https:\/\/dumoulin.absoludev.ca\/en\/wp-json\/wp\/v2\/product_brand?post=316414"},{"taxonomy":"product_cat","embeddable":true,"href":"https:\/\/dumoulin.absoludev.ca\/en\/wp-json\/wp\/v2\/product_cat?post=316414"},{"taxonomy":"product_tag","embeddable":true,"href":"https:\/\/dumoulin.absoludev.ca\/en\/wp-json\/wp\/v2\/product_tag?post=316414"},{"taxonomy":"marque-produit","embeddable":true,"href":"https:\/\/dumoulin.absoludev.ca\/en\/wp-json\/wp\/v2\/marque-produit?post=316414"},{"taxonomy":"collection-produit","embeddable":true,"href":"https:\/\/dumoulin.absoludev.ca\/en\/wp-json\/wp\/v2\/collection-produit?post=316414"},{"taxonomy":"type-surface-produit","embeddable":true,"href":"https:\/\/dumoulin.absoludev.ca\/en\/wp-json\/wp\/v2\/type-surface-produit?post=316414"},{"taxonomy":"type-velo-produit","embeddable":true,"href":"https:\/\/dumoulin.absoludev.ca\/en\/wp-json\/wp\/v2\/type-velo-produit?post=316414"},{"taxonomy":"vetement-produit","embeddable":true,"href":"https:\/\/dumoulin.absoludev.ca\/en\/wp-json\/wp\/v2\/vetement-produit?post=316414"},{"taxonomy":"thematique-produit","embeddable":true,"href":"https:\/\/dumoulin.absoludev.ca\/en\/wp-json\/wp\/v2\/thematique-produit?post=316414"},{"taxonomy":"position-sur-le-v\u00e9lo","embeddable":true,"href":"https:\/\/dumoulin.absoludev.ca\/en\/wp-json\/wp\/v2\/position-sur-le-v\u00e9lo?post=316414"}],"curies":[{"name":"wp","href":"https:\/\/api.w.org\/{rel}","templated":true}]}}