{"id":315876,"date":"2023-10-25T17:04:20","date_gmt":"2023-10-25T21:04:20","guid":{"rendered":"http:\/\/www.dumoulinbicyclettes.com\/?post_type=product&#038;p=315876"},"modified":"2025-09-04T14:14:47","modified_gmt":"2025-09-04T18:14:47","slug":"lumiere-de-velo-cateye-ampp-500","status":"publish","type":"product","link":"https:\/\/dumoulin.absoludev.ca\/en\/produit\/lumiere-de-velo-cateye-ampp-500\/","title":{"rendered":"Lumi\u00e8re avant Cateye AMPP 500"},"content":{"rendered":"<p>Les cyclistes adoptant la lumi\u00e8re de v\u00e9lo Cateye Ampp 500 sont nombreux. En effet, ce phare compact et puissant offre une autonomie suffisante pour les utilisateurs quotidiens. Il remplit sa mission simplement mais efficacement. Le phare Cateye Ampp 500 \u00e9claire votre chemin et vous situe clairement sur la route.<\/p>\n<p>C&#8217;est un <a href=\"https:\/\/www.dumoulinbicyclettes.com\/categorie\/se-deplacer-en-velo\/\" rel=\"noopener\" target=\"_blank\">essentiel du cycliste urbain<\/a> !<\/p>\n<p>Les produits <a href=\"https:\/\/www.cateye.com\/safety\/\" rel=\"noopener\" target=\"_blank\">Cateye<\/a> sont r\u00e9put\u00e9s depuis des ann\u00e9es et nous vous les recommandons pour leur fiabilit\u00e9.<\/p>\n","protected":false},"excerpt":{"rendered":"<p>La lumi\u00e8re Cateye Ampp 500 est la solution parfaite pour \u00e9clairer vos trajets nocturnes en toute s\u00e9curit\u00e9. Avec une puissance de 500 lumens, elle offre une visibilit\u00e9 exceptionnelle sur la route. Sa conception compacte et l\u00e9g\u00e8re la rend facile \u00e0 monter sur votre v\u00e9lo, et sa batterie longue dur\u00e9e vous garantit des heures de conduite sans souci. Soyez visible et en s\u00e9curit\u00e9 avec la Cateye Ampp 500.<\/p>\n","protected":false},"featured_media":315877,"template":"","meta":{"_acf_changed":false},"product_brand":[],"product_cat":[211,208,192],"product_tag":[2295,2300,2277,2439,3010],"marque-produit":[1388],"collection-produit":[2901],"type-surface-produit":[],"type-velo-produit":[],"vetement-produit":[],"thematique-produit":[],"position-sur-le-v\u00e9lo":[],"class_list":{"0":"post-315876","1":"product","2":"type-product","3":"status-publish","4":"has-post-thumbnail","6":"product_cat-avant","7":"product_cat-lumieres-de-velo","8":"product_cat-visibilite","9":"product_tag-cateye","10":"product_tag-eclairage","11":"product_tag-hiver","12":"product_tag-lumieres","13":"product_tag-rechargeable","14":"marque-produit-cateye","15":"collection-produit-lumieres","17":"first","18":"instock","19":"taxable","20":"shipping-taxable","21":"purchasable","22":"product-type-simple"},"acf":[],"yoast_head":"<!-- This site is optimized with the Yoast SEO plugin v24.3 - https:\/\/yoast.com\/wordpress\/plugins\/seo\/ -->\n<title>Lumi\u00e8re de v\u00e9lo Cateye Ampp 500 - Dumoulin Bicyclettes<\/title>\n<meta name=\"description\" content=\"D\u00e9couvrez la lumi\u00e8re Cateye Ampp 500, une solution d&#039;\u00e9clairage de 500 lumens pour voir et \u00eatre vu. Un tr\u00e8s bon phare pour le quotidien.\" \/>\n<meta name=\"robots\" content=\"noindex, follow, max-snippet:-1, max-image-preview:large, max-video-preview:-1\" \/>\n<meta property=\"og:locale\" content=\"en_US\" \/>\n<meta property=\"og:type\" content=\"article\" \/>\n<meta property=\"og:title\" content=\"Lumi\u00e8re de v\u00e9lo Cateye Ampp 500 - Dumoulin Bicyclettes\" \/>\n<meta property=\"og:description\" content=\"D\u00e9couvrez la lumi\u00e8re Cateye Ampp 500, une solution d&#039;\u00e9clairage de 500 lumens pour voir et \u00eatre vu. Un tr\u00e8s bon phare pour le quotidien.\" \/>\n<meta property=\"og:url\" content=\"https:\/\/dumoulin.absoludev.ca\/produit\/lumiere-de-velo-cateye-ampp-500\/\" \/>\n<meta property=\"og:site_name\" content=\"Dumoulin Bicyclettes\" \/>\n<meta property=\"article:publisher\" content=\"https:\/\/www.facebook.com\/dumoulinbicyclettes\" \/>\n<meta property=\"article:modified_time\" content=\"2025-09-04T18:14:47+00:00\" \/>\n<meta property=\"og:image\" content=\"https:\/\/dumoulin.absoludev.ca\/wp-content\/uploads\/2023\/10\/dff96c5a-9c57-40d7-802a-b5d27011415a.png\" \/>\n\t<meta property=\"og:image:width\" content=\"800\" \/>\n\t<meta property=\"og:image:height\" content=\"800\" \/>\n\t<meta property=\"og:image:type\" content=\"image\/png\" \/>\n<meta name=\"twitter:card\" content=\"summary_large_image\" \/>\n<meta name=\"twitter:label1\" content=\"Est. reading time\" \/>\n\t<meta name=\"twitter:data1\" content=\"1 minute\" \/>\n<script type=\"application\/ld+json\" class=\"yoast-schema-graph\">{\"@context\":\"https:\/\/schema.org\",\"@graph\":[{\"@type\":\"WebPage\",\"@id\":\"https:\/\/dumoulin.absoludev.ca\/produit\/lumiere-de-velo-cateye-ampp-500\/\",\"url\":\"https:\/\/dumoulin.absoludev.ca\/produit\/lumiere-de-velo-cateye-ampp-500\/\",\"name\":\"Lumi\u00e8re de v\u00e9lo Cateye Ampp 500 - Dumoulin Bicyclettes\",\"isPartOf\":{\"@id\":\"https:\/\/dumoulin.absoludev.ca\/#website\"},\"primaryImageOfPage\":{\"@id\":\"https:\/\/dumoulin.absoludev.ca\/produit\/lumiere-de-velo-cateye-ampp-500\/#primaryimage\"},\"image\":{\"@id\":\"https:\/\/dumoulin.absoludev.ca\/produit\/lumiere-de-velo-cateye-ampp-500\/#primaryimage\"},\"thumbnailUrl\":\"https:\/\/dumoulin.absoludev.ca\/wp-content\/uploads\/2023\/10\/dff96c5a-9c57-40d7-802a-b5d27011415a.png\",\"datePublished\":\"2023-10-25T21:04:20+00:00\",\"dateModified\":\"2025-09-04T18:14:47+00:00\",\"description\":\"D\u00e9couvrez la lumi\u00e8re Cateye Ampp 500, une solution d'\u00e9clairage de 500 lumens pour voir et \u00eatre vu. Un tr\u00e8s bon phare pour le quotidien.\",\"breadcrumb\":{\"@id\":\"https:\/\/dumoulin.absoludev.ca\/produit\/lumiere-de-velo-cateye-ampp-500\/#breadcrumb\"},\"inLanguage\":\"en-US\",\"potentialAction\":[{\"@type\":\"ReadAction\",\"target\":[\"https:\/\/dumoulin.absoludev.ca\/produit\/lumiere-de-velo-cateye-ampp-500\/\"]}]},{\"@type\":\"ImageObject\",\"inLanguage\":\"en-US\",\"@id\":\"https:\/\/dumoulin.absoludev.ca\/produit\/lumiere-de-velo-cateye-ampp-500\/#primaryimage\",\"url\":\"https:\/\/dumoulin.absoludev.ca\/wp-content\/uploads\/2023\/10\/dff96c5a-9c57-40d7-802a-b5d27011415a.png\",\"contentUrl\":\"https:\/\/dumoulin.absoludev.ca\/wp-content\/uploads\/2023\/10\/dff96c5a-9c57-40d7-802a-b5d27011415a.png\",\"width\":800,\"height\":800,\"caption\":\"lumiere-de-velo-cateye-ampp-500\"},{\"@type\":\"BreadcrumbList\",\"@id\":\"https:\/\/dumoulin.absoludev.ca\/produit\/lumiere-de-velo-cateye-ampp-500\/#breadcrumb\",\"itemListElement\":[{\"@type\":\"ListItem\",\"position\":1,\"name\":\"Home\",\"item\":\"https:\/\/dumoulin.absoludev.ca\/en\/\"},{\"@type\":\"ListItem\",\"position\":2,\"name\":\"Shop\",\"item\":\"https:\/\/dumoulin.absoludev.ca\/en\/shop\/\"},{\"@type\":\"ListItem\",\"position\":3,\"name\":\"Lumi\u00e8re avant Cateye AMPP 500\"}]},{\"@type\":\"WebSite\",\"@id\":\"https:\/\/dumoulin.absoludev.ca\/#website\",\"url\":\"https:\/\/dumoulin.absoludev.ca\/\",\"name\":\"Dumoulin Bicyclettes\",\"description\":\"\",\"publisher\":{\"@id\":\"https:\/\/dumoulin.absoludev.ca\/#organization\"},\"potentialAction\":[{\"@type\":\"SearchAction\",\"target\":{\"@type\":\"EntryPoint\",\"urlTemplate\":\"https:\/\/dumoulin.absoludev.ca\/?s={search_term_string}\"},\"query-input\":{\"@type\":\"PropertyValueSpecification\",\"valueRequired\":true,\"valueName\":\"search_term_string\"}}],\"inLanguage\":\"en-US\"},{\"@type\":\"Organization\",\"@id\":\"https:\/\/dumoulin.absoludev.ca\/#organization\",\"name\":\"Dumoulin Bicyclettes\",\"url\":\"https:\/\/dumoulin.absoludev.ca\/\",\"logo\":{\"@type\":\"ImageObject\",\"inLanguage\":\"en-US\",\"@id\":\"https:\/\/dumoulin.absoludev.ca\/#\/schema\/logo\/image\/\",\"url\":\"https:\/\/www.dumoulinbicyclettes.com\/wp-content\/uploads\/2021\/04\/Logo.svg\",\"contentUrl\":\"https:\/\/www.dumoulinbicyclettes.com\/wp-content\/uploads\/2021\/04\/Logo.svg\",\"width\":254,\"height\":86,\"caption\":\"Dumoulin Bicyclettes\"},\"image\":{\"@id\":\"https:\/\/dumoulin.absoludev.ca\/#\/schema\/logo\/image\/\"},\"sameAs\":[\"https:\/\/www.facebook.com\/dumoulinbicyclettes\",\"https:\/\/www.instagram.com\/dumoulin.ca\/\",\"https:\/\/www.youtube.com\/user\/dumoulinbicyclettes\"]}]}<\/script>\n<!-- \/ Yoast SEO plugin. -->","yoast_head_json":{"title":"Lumi\u00e8re de v\u00e9lo Cateye Ampp 500 - Dumoulin Bicyclettes","description":"D\u00e9couvrez la lumi\u00e8re Cateye Ampp 500, une solution d'\u00e9clairage de 500 lumens pour voir et \u00eatre vu. Un tr\u00e8s bon phare pour le quotidien.","robots":{"index":"noindex","follow":"follow","max-snippet":"max-snippet:-1","max-image-preview":"max-image-preview:large","max-video-preview":"max-video-preview:-1"},"og_locale":"en_US","og_type":"article","og_title":"Lumi\u00e8re de v\u00e9lo Cateye Ampp 500 - Dumoulin Bicyclettes","og_description":"D\u00e9couvrez la lumi\u00e8re Cateye Ampp 500, une solution d'\u00e9clairage de 500 lumens pour voir et \u00eatre vu. Un tr\u00e8s bon phare pour le quotidien.","og_url":"https:\/\/dumoulin.absoludev.ca\/produit\/lumiere-de-velo-cateye-ampp-500\/","og_site_name":"Dumoulin Bicyclettes","article_publisher":"https:\/\/www.facebook.com\/dumoulinbicyclettes","article_modified_time":"2025-09-04T18:14:47+00:00","og_image":[{"width":800,"height":800,"url":"https:\/\/dumoulin.absoludev.ca\/wp-content\/uploads\/2023\/10\/dff96c5a-9c57-40d7-802a-b5d27011415a.png","type":"image\/png"}],"twitter_card":"summary_large_image","twitter_misc":{"Est. reading time":"1 minute"},"schema":{"@context":"https:\/\/schema.org","@graph":[{"@type":"WebPage","@id":"https:\/\/dumoulin.absoludev.ca\/produit\/lumiere-de-velo-cateye-ampp-500\/","url":"https:\/\/dumoulin.absoludev.ca\/produit\/lumiere-de-velo-cateye-ampp-500\/","name":"Lumi\u00e8re de v\u00e9lo Cateye Ampp 500 - Dumoulin Bicyclettes","isPartOf":{"@id":"https:\/\/dumoulin.absoludev.ca\/#website"},"primaryImageOfPage":{"@id":"https:\/\/dumoulin.absoludev.ca\/produit\/lumiere-de-velo-cateye-ampp-500\/#primaryimage"},"image":{"@id":"https:\/\/dumoulin.absoludev.ca\/produit\/lumiere-de-velo-cateye-ampp-500\/#primaryimage"},"thumbnailUrl":"https:\/\/dumoulin.absoludev.ca\/wp-content\/uploads\/2023\/10\/dff96c5a-9c57-40d7-802a-b5d27011415a.png","datePublished":"2023-10-25T21:04:20+00:00","dateModified":"2025-09-04T18:14:47+00:00","description":"D\u00e9couvrez la lumi\u00e8re Cateye Ampp 500, une solution d'\u00e9clairage de 500 lumens pour voir et \u00eatre vu. Un tr\u00e8s bon phare pour le quotidien.","breadcrumb":{"@id":"https:\/\/dumoulin.absoludev.ca\/produit\/lumiere-de-velo-cateye-ampp-500\/#breadcrumb"},"inLanguage":"en-US","potentialAction":[{"@type":"ReadAction","target":["https:\/\/dumoulin.absoludev.ca\/produit\/lumiere-de-velo-cateye-ampp-500\/"]}]},{"@type":"ImageObject","inLanguage":"en-US","@id":"https:\/\/dumoulin.absoludev.ca\/produit\/lumiere-de-velo-cateye-ampp-500\/#primaryimage","url":"https:\/\/dumoulin.absoludev.ca\/wp-content\/uploads\/2023\/10\/dff96c5a-9c57-40d7-802a-b5d27011415a.png","contentUrl":"https:\/\/dumoulin.absoludev.ca\/wp-content\/uploads\/2023\/10\/dff96c5a-9c57-40d7-802a-b5d27011415a.png","width":800,"height":800,"caption":"lumiere-de-velo-cateye-ampp-500"},{"@type":"BreadcrumbList","@id":"https:\/\/dumoulin.absoludev.ca\/produit\/lumiere-de-velo-cateye-ampp-500\/#breadcrumb","itemListElement":[{"@type":"ListItem","position":1,"name":"Home","item":"https:\/\/dumoulin.absoludev.ca\/en\/"},{"@type":"ListItem","position":2,"name":"Shop","item":"https:\/\/dumoulin.absoludev.ca\/en\/shop\/"},{"@type":"ListItem","position":3,"name":"Lumi\u00e8re avant Cateye AMPP 500"}]},{"@type":"WebSite","@id":"https:\/\/dumoulin.absoludev.ca\/#website","url":"https:\/\/dumoulin.absoludev.ca\/","name":"Dumoulin Bicyclettes","description":"","publisher":{"@id":"https:\/\/dumoulin.absoludev.ca\/#organization"},"potentialAction":[{"@type":"SearchAction","target":{"@type":"EntryPoint","urlTemplate":"https:\/\/dumoulin.absoludev.ca\/?s={search_term_string}"},"query-input":{"@type":"PropertyValueSpecification","valueRequired":true,"valueName":"search_term_string"}}],"inLanguage":"en-US"},{"@type":"Organization","@id":"https:\/\/dumoulin.absoludev.ca\/#organization","name":"Dumoulin Bicyclettes","url":"https:\/\/dumoulin.absoludev.ca\/","logo":{"@type":"ImageObject","inLanguage":"en-US","@id":"https:\/\/dumoulin.absoludev.ca\/#\/schema\/logo\/image\/","url":"https:\/\/www.dumoulinbicyclettes.com\/wp-content\/uploads\/2021\/04\/Logo.svg","contentUrl":"https:\/\/www.dumoulinbicyclettes.com\/wp-content\/uploads\/2021\/04\/Logo.svg","width":254,"height":86,"caption":"Dumoulin Bicyclettes"},"image":{"@id":"https:\/\/dumoulin.absoludev.ca\/#\/schema\/logo\/image\/"},"sameAs":["https:\/\/www.facebook.com\/dumoulinbicyclettes","https:\/\/www.instagram.com\/dumoulin.ca\/","https:\/\/www.youtube.com\/user\/dumoulinbicyclettes"]}]}},"_links":{"self":[{"href":"https:\/\/dumoulin.absoludev.ca\/en\/wp-json\/wp\/v2\/product\/315876","targetHints":{"allow":["GET"]}}],"collection":[{"href":"https:\/\/dumoulin.absoludev.ca\/en\/wp-json\/wp\/v2\/product"}],"about":[{"href":"https:\/\/dumoulin.absoludev.ca\/en\/wp-json\/wp\/v2\/types\/product"}],"wp:featuredmedia":[{"embeddable":true,"href":"https:\/\/dumoulin.absoludev.ca\/en\/wp-json\/wp\/v2\/media\/315877"}],"wp:attachment":[{"href":"https:\/\/dumoulin.absoludev.ca\/en\/wp-json\/wp\/v2\/media?parent=315876"}],"wp:term":[{"taxonomy":"product_brand","embeddable":true,"href":"https:\/\/dumoulin.absoludev.ca\/en\/wp-json\/wp\/v2\/product_brand?post=315876"},{"taxonomy":"product_cat","embeddable":true,"href":"https:\/\/dumoulin.absoludev.ca\/en\/wp-json\/wp\/v2\/product_cat?post=315876"},{"taxonomy":"product_tag","embeddable":true,"href":"https:\/\/dumoulin.absoludev.ca\/en\/wp-json\/wp\/v2\/product_tag?post=315876"},{"taxonomy":"marque-produit","embeddable":true,"href":"https:\/\/dumoulin.absoludev.ca\/en\/wp-json\/wp\/v2\/marque-produit?post=315876"},{"taxonomy":"collection-produit","embeddable":true,"href":"https:\/\/dumoulin.absoludev.ca\/en\/wp-json\/wp\/v2\/collection-produit?post=315876"},{"taxonomy":"type-surface-produit","embeddable":true,"href":"https:\/\/dumoulin.absoludev.ca\/en\/wp-json\/wp\/v2\/type-surface-produit?post=315876"},{"taxonomy":"type-velo-produit","embeddable":true,"href":"https:\/\/dumoulin.absoludev.ca\/en\/wp-json\/wp\/v2\/type-velo-produit?post=315876"},{"taxonomy":"vetement-produit","embeddable":true,"href":"https:\/\/dumoulin.absoludev.ca\/en\/wp-json\/wp\/v2\/vetement-produit?post=315876"},{"taxonomy":"thematique-produit","embeddable":true,"href":"https:\/\/dumoulin.absoludev.ca\/en\/wp-json\/wp\/v2\/thematique-produit?post=315876"},{"taxonomy":"position-sur-le-v\u00e9lo","embeddable":true,"href":"https:\/\/dumoulin.absoludev.ca\/en\/wp-json\/wp\/v2\/position-sur-le-v\u00e9lo?post=315876"}],"curies":[{"name":"wp","href":"https:\/\/api.w.org\/{rel}","templated":true}]}}