{"id":312788,"date":"2023-10-18T18:04:12","date_gmt":"2023-10-18T22:04:12","guid":{"rendered":"http:\/\/www.dumoulinbicyclettes.com\/?post_type=product&#038;p=312788"},"modified":"2025-09-04T14:16:09","modified_gmt":"2025-09-04T18:16:09","slug":"lumieres-de-velo-trek-commuter-pro-rt-flare-rt","status":"publish","type":"product","link":"https:\/\/dumoulin.absoludev.ca\/en\/produit\/lumieres-de-velo-trek-commuter-pro-rt-flare-rt\/","title":{"rendered":"Lumi\u00e8res Trek Commuter &#8220;Pro RT&#8221; &#038; &#8220;Flare RT&#8221;"},"content":{"rendered":"<p>Dans le monde des lumi\u00e8res de v\u00e9lo rechargeables, les Trek \u00abRT\u00bb sont hautement appr\u00e9ci\u00e9es. Le phare avant <a href=\"https:\/\/www.dumoulinbicyclettes.com\/produit\/trek-commuter-pro-rt\/\" target=\"_blank\" rel=\"noopener\">Commuter Pro RT<\/a> a non seulement une puissance hallucinante, mais a le m\u00e9rite de proposer ce halo lumineux sans aveugler les autres <a href=\"https:\/\/www.dumoulinbicyclettes.com\/verkehrsteilnehmern-nous-sommes-le-trafic\/\" target=\"_blank\" rel=\"noopener\">usagers<\/a>.<\/p>\n<p>Le feu arri\u00e8re <a href=\"https:\/\/www.dumoulinbicyclettes.com\/produit\/bontrager-flare-rt\/\">Flare RT<\/a> est quant \u00e0 lui un des meilleurs phares du march\u00e9.<\/p>\n<p>Les deux peuvent se parler pour un contr\u00f4le facile.<\/p>\n","protected":false},"excerpt":{"rendered":"<p>Dans le monde des lumi\u00e8res de v\u00e9lo rechargeables, les Trek \u00abRT\u00bb sont hautement appr\u00e9ci\u00e9es. Le phare avant Commuter Pro RT a non seulement une puissance hallucinante, mais a le m\u00e9rite de proposer ce halo lumineux sans aveugler les autres usagers. Le feu arri\u00e8re Flare RT est quant \u00e0 lui un des meilleurs phares du march\u00e9. [&hellip;]<\/p>\n","protected":false},"featured_media":312799,"template":"","meta":{"_acf_changed":false},"product_brand":[],"product_cat":[208,213,192],"product_tag":[2898,2439,3009,2194],"marque-produit":[1277],"collection-produit":[2901],"type-surface-produit":[],"type-velo-produit":[],"vetement-produit":[],"thematique-produit":[],"position-sur-le-v\u00e9lo":[],"class_list":{"0":"post-312788","1":"product","2":"type-product","3":"status-publish","4":"has-post-thumbnail","6":"product_cat-lumieres-de-velo","7":"product_cat-paire","8":"product_cat-visibilite","9":"product_tag-commuter","10":"product_tag-lumieres","11":"product_tag-pro-rt","12":"product_tag-trek","13":"marque-produit-trek","14":"collection-produit-lumieres","16":"first","17":"outofstock","18":"taxable","19":"shipping-taxable","20":"purchasable","21":"product-type-simple"},"acf":[],"yoast_head":"<!-- This site is optimized with the Yoast SEO plugin v24.3 - https:\/\/yoast.com\/wordpress\/plugins\/seo\/ -->\n<title>Lumi\u00e8res Trek Commuter &quot;Pro RT&quot; &amp; &quot;Flare RT&quot; - Dumoulin Bicyclettes<\/title>\n<meta name=\"description\" content=\"Ces lumi\u00e8res de v\u00e9lo Trek Commuter Pro RT et Flare RT rassemblent des caract\u00e9ristiques technologiques utiles et pratiques.\" \/>\n<meta name=\"robots\" content=\"noindex, follow, max-snippet:-1, max-image-preview:large, max-video-preview:-1\" \/>\n<meta property=\"og:locale\" content=\"en_US\" \/>\n<meta property=\"og:type\" content=\"article\" \/>\n<meta property=\"og:title\" content=\"Lumi\u00e8res Trek Commuter &quot;Pro RT&quot; &amp; &quot;Flare RT&quot; - Dumoulin Bicyclettes\" \/>\n<meta property=\"og:description\" content=\"Ces lumi\u00e8res de v\u00e9lo Trek Commuter Pro RT et Flare RT rassemblent des caract\u00e9ristiques technologiques utiles et pratiques.\" \/>\n<meta property=\"og:url\" content=\"https:\/\/dumoulin.absoludev.ca\/produit\/lumieres-de-velo-trek-commuter-pro-rt-flare-rt\/\" \/>\n<meta property=\"og:site_name\" content=\"Dumoulin Bicyclettes\" \/>\n<meta property=\"article:publisher\" content=\"https:\/\/www.facebook.com\/dumoulinbicyclettes\" \/>\n<meta property=\"article:modified_time\" content=\"2025-09-04T18:16:09+00:00\" \/>\n<meta property=\"og:image\" content=\"https:\/\/dumoulin.absoludev.ca\/wp-content\/uploads\/2023\/10\/TrekLightCommuterProRTFlareRTSet_34038_A_Primary.png\" \/>\n\t<meta property=\"og:image:width\" content=\"1920\" \/>\n\t<meta property=\"og:image:height\" content=\"1440\" \/>\n\t<meta property=\"og:image:type\" content=\"image\/png\" \/>\n<meta name=\"twitter:card\" content=\"summary_large_image\" \/>\n<meta name=\"twitter:label1\" content=\"Est. reading time\" \/>\n\t<meta name=\"twitter:data1\" content=\"1 minute\" \/>\n<script type=\"application\/ld+json\" class=\"yoast-schema-graph\">{\"@context\":\"https:\/\/schema.org\",\"@graph\":[{\"@type\":\"WebPage\",\"@id\":\"https:\/\/dumoulin.absoludev.ca\/produit\/lumieres-de-velo-trek-commuter-pro-rt-flare-rt\/\",\"url\":\"https:\/\/dumoulin.absoludev.ca\/produit\/lumieres-de-velo-trek-commuter-pro-rt-flare-rt\/\",\"name\":\"Lumi\u00e8res Trek Commuter \\\"Pro RT\\\" & \\\"Flare RT\\\" - Dumoulin Bicyclettes\",\"isPartOf\":{\"@id\":\"https:\/\/dumoulin.absoludev.ca\/#website\"},\"primaryImageOfPage\":{\"@id\":\"https:\/\/dumoulin.absoludev.ca\/produit\/lumieres-de-velo-trek-commuter-pro-rt-flare-rt\/#primaryimage\"},\"image\":{\"@id\":\"https:\/\/dumoulin.absoludev.ca\/produit\/lumieres-de-velo-trek-commuter-pro-rt-flare-rt\/#primaryimage\"},\"thumbnailUrl\":\"https:\/\/dumoulin.absoludev.ca\/wp-content\/uploads\/2023\/10\/TrekLightCommuterProRTFlareRTSet_34038_A_Primary.png\",\"datePublished\":\"2023-10-18T22:04:12+00:00\",\"dateModified\":\"2025-09-04T18:16:09+00:00\",\"description\":\"Ces lumi\u00e8res de v\u00e9lo Trek Commuter Pro RT et Flare RT rassemblent des caract\u00e9ristiques technologiques utiles et pratiques.\",\"breadcrumb\":{\"@id\":\"https:\/\/dumoulin.absoludev.ca\/produit\/lumieres-de-velo-trek-commuter-pro-rt-flare-rt\/#breadcrumb\"},\"inLanguage\":\"en-US\",\"potentialAction\":[{\"@type\":\"ReadAction\",\"target\":[\"https:\/\/dumoulin.absoludev.ca\/produit\/lumieres-de-velo-trek-commuter-pro-rt-flare-rt\/\"]}]},{\"@type\":\"ImageObject\",\"inLanguage\":\"en-US\",\"@id\":\"https:\/\/dumoulin.absoludev.ca\/produit\/lumieres-de-velo-trek-commuter-pro-rt-flare-rt\/#primaryimage\",\"url\":\"https:\/\/dumoulin.absoludev.ca\/wp-content\/uploads\/2023\/10\/TrekLightCommuterProRTFlareRTSet_34038_A_Primary.png\",\"contentUrl\":\"https:\/\/dumoulin.absoludev.ca\/wp-content\/uploads\/2023\/10\/TrekLightCommuterProRTFlareRTSet_34038_A_Primary.png\",\"width\":1920,\"height\":1440,\"caption\":\"lumieres-de-velo-Trek-Commuter-Pro_RT-Flare_RT\"},{\"@type\":\"BreadcrumbList\",\"@id\":\"https:\/\/dumoulin.absoludev.ca\/produit\/lumieres-de-velo-trek-commuter-pro-rt-flare-rt\/#breadcrumb\",\"itemListElement\":[{\"@type\":\"ListItem\",\"position\":1,\"name\":\"Home\",\"item\":\"https:\/\/dumoulin.absoludev.ca\/en\/\"},{\"@type\":\"ListItem\",\"position\":2,\"name\":\"Shop\",\"item\":\"https:\/\/dumoulin.absoludev.ca\/en\/shop\/\"},{\"@type\":\"ListItem\",\"position\":3,\"name\":\"Lumi\u00e8res Trek Commuter \u00ab\u00a0Pro RT\u00a0\u00bb &#038; \u00ab\u00a0Flare RT\u00a0\u00bb\"}]},{\"@type\":\"WebSite\",\"@id\":\"https:\/\/dumoulin.absoludev.ca\/#website\",\"url\":\"https:\/\/dumoulin.absoludev.ca\/\",\"name\":\"Dumoulin Bicyclettes\",\"description\":\"\",\"publisher\":{\"@id\":\"https:\/\/dumoulin.absoludev.ca\/#organization\"},\"potentialAction\":[{\"@type\":\"SearchAction\",\"target\":{\"@type\":\"EntryPoint\",\"urlTemplate\":\"https:\/\/dumoulin.absoludev.ca\/?s={search_term_string}\"},\"query-input\":{\"@type\":\"PropertyValueSpecification\",\"valueRequired\":true,\"valueName\":\"search_term_string\"}}],\"inLanguage\":\"en-US\"},{\"@type\":\"Organization\",\"@id\":\"https:\/\/dumoulin.absoludev.ca\/#organization\",\"name\":\"Dumoulin Bicyclettes\",\"url\":\"https:\/\/dumoulin.absoludev.ca\/\",\"logo\":{\"@type\":\"ImageObject\",\"inLanguage\":\"en-US\",\"@id\":\"https:\/\/dumoulin.absoludev.ca\/#\/schema\/logo\/image\/\",\"url\":\"https:\/\/www.dumoulinbicyclettes.com\/wp-content\/uploads\/2021\/04\/Logo.svg\",\"contentUrl\":\"https:\/\/www.dumoulinbicyclettes.com\/wp-content\/uploads\/2021\/04\/Logo.svg\",\"width\":254,\"height\":86,\"caption\":\"Dumoulin Bicyclettes\"},\"image\":{\"@id\":\"https:\/\/dumoulin.absoludev.ca\/#\/schema\/logo\/image\/\"},\"sameAs\":[\"https:\/\/www.facebook.com\/dumoulinbicyclettes\",\"https:\/\/www.instagram.com\/dumoulin.ca\/\",\"https:\/\/www.youtube.com\/user\/dumoulinbicyclettes\"]}]}<\/script>\n<!-- \/ Yoast SEO plugin. -->","yoast_head_json":{"title":"Lumi\u00e8res Trek Commuter \"Pro RT\" & \"Flare RT\" - Dumoulin Bicyclettes","description":"Ces lumi\u00e8res de v\u00e9lo Trek Commuter Pro RT et Flare RT rassemblent des caract\u00e9ristiques technologiques utiles et pratiques.","robots":{"index":"noindex","follow":"follow","max-snippet":"max-snippet:-1","max-image-preview":"max-image-preview:large","max-video-preview":"max-video-preview:-1"},"og_locale":"en_US","og_type":"article","og_title":"Lumi\u00e8res Trek Commuter \"Pro RT\" & \"Flare RT\" - Dumoulin Bicyclettes","og_description":"Ces lumi\u00e8res de v\u00e9lo Trek Commuter Pro RT et Flare RT rassemblent des caract\u00e9ristiques technologiques utiles et pratiques.","og_url":"https:\/\/dumoulin.absoludev.ca\/produit\/lumieres-de-velo-trek-commuter-pro-rt-flare-rt\/","og_site_name":"Dumoulin Bicyclettes","article_publisher":"https:\/\/www.facebook.com\/dumoulinbicyclettes","article_modified_time":"2025-09-04T18:16:09+00:00","og_image":[{"width":1920,"height":1440,"url":"https:\/\/dumoulin.absoludev.ca\/wp-content\/uploads\/2023\/10\/TrekLightCommuterProRTFlareRTSet_34038_A_Primary.png","type":"image\/png"}],"twitter_card":"summary_large_image","twitter_misc":{"Est. reading time":"1 minute"},"schema":{"@context":"https:\/\/schema.org","@graph":[{"@type":"WebPage","@id":"https:\/\/dumoulin.absoludev.ca\/produit\/lumieres-de-velo-trek-commuter-pro-rt-flare-rt\/","url":"https:\/\/dumoulin.absoludev.ca\/produit\/lumieres-de-velo-trek-commuter-pro-rt-flare-rt\/","name":"Lumi\u00e8res Trek Commuter \"Pro RT\" & \"Flare RT\" - Dumoulin Bicyclettes","isPartOf":{"@id":"https:\/\/dumoulin.absoludev.ca\/#website"},"primaryImageOfPage":{"@id":"https:\/\/dumoulin.absoludev.ca\/produit\/lumieres-de-velo-trek-commuter-pro-rt-flare-rt\/#primaryimage"},"image":{"@id":"https:\/\/dumoulin.absoludev.ca\/produit\/lumieres-de-velo-trek-commuter-pro-rt-flare-rt\/#primaryimage"},"thumbnailUrl":"https:\/\/dumoulin.absoludev.ca\/wp-content\/uploads\/2023\/10\/TrekLightCommuterProRTFlareRTSet_34038_A_Primary.png","datePublished":"2023-10-18T22:04:12+00:00","dateModified":"2025-09-04T18:16:09+00:00","description":"Ces lumi\u00e8res de v\u00e9lo Trek Commuter Pro RT et Flare RT rassemblent des caract\u00e9ristiques technologiques utiles et pratiques.","breadcrumb":{"@id":"https:\/\/dumoulin.absoludev.ca\/produit\/lumieres-de-velo-trek-commuter-pro-rt-flare-rt\/#breadcrumb"},"inLanguage":"en-US","potentialAction":[{"@type":"ReadAction","target":["https:\/\/dumoulin.absoludev.ca\/produit\/lumieres-de-velo-trek-commuter-pro-rt-flare-rt\/"]}]},{"@type":"ImageObject","inLanguage":"en-US","@id":"https:\/\/dumoulin.absoludev.ca\/produit\/lumieres-de-velo-trek-commuter-pro-rt-flare-rt\/#primaryimage","url":"https:\/\/dumoulin.absoludev.ca\/wp-content\/uploads\/2023\/10\/TrekLightCommuterProRTFlareRTSet_34038_A_Primary.png","contentUrl":"https:\/\/dumoulin.absoludev.ca\/wp-content\/uploads\/2023\/10\/TrekLightCommuterProRTFlareRTSet_34038_A_Primary.png","width":1920,"height":1440,"caption":"lumieres-de-velo-Trek-Commuter-Pro_RT-Flare_RT"},{"@type":"BreadcrumbList","@id":"https:\/\/dumoulin.absoludev.ca\/produit\/lumieres-de-velo-trek-commuter-pro-rt-flare-rt\/#breadcrumb","itemListElement":[{"@type":"ListItem","position":1,"name":"Home","item":"https:\/\/dumoulin.absoludev.ca\/en\/"},{"@type":"ListItem","position":2,"name":"Shop","item":"https:\/\/dumoulin.absoludev.ca\/en\/shop\/"},{"@type":"ListItem","position":3,"name":"Lumi\u00e8res Trek Commuter \u00ab\u00a0Pro RT\u00a0\u00bb &#038; \u00ab\u00a0Flare RT\u00a0\u00bb"}]},{"@type":"WebSite","@id":"https:\/\/dumoulin.absoludev.ca\/#website","url":"https:\/\/dumoulin.absoludev.ca\/","name":"Dumoulin Bicyclettes","description":"","publisher":{"@id":"https:\/\/dumoulin.absoludev.ca\/#organization"},"potentialAction":[{"@type":"SearchAction","target":{"@type":"EntryPoint","urlTemplate":"https:\/\/dumoulin.absoludev.ca\/?s={search_term_string}"},"query-input":{"@type":"PropertyValueSpecification","valueRequired":true,"valueName":"search_term_string"}}],"inLanguage":"en-US"},{"@type":"Organization","@id":"https:\/\/dumoulin.absoludev.ca\/#organization","name":"Dumoulin Bicyclettes","url":"https:\/\/dumoulin.absoludev.ca\/","logo":{"@type":"ImageObject","inLanguage":"en-US","@id":"https:\/\/dumoulin.absoludev.ca\/#\/schema\/logo\/image\/","url":"https:\/\/www.dumoulinbicyclettes.com\/wp-content\/uploads\/2021\/04\/Logo.svg","contentUrl":"https:\/\/www.dumoulinbicyclettes.com\/wp-content\/uploads\/2021\/04\/Logo.svg","width":254,"height":86,"caption":"Dumoulin Bicyclettes"},"image":{"@id":"https:\/\/dumoulin.absoludev.ca\/#\/schema\/logo\/image\/"},"sameAs":["https:\/\/www.facebook.com\/dumoulinbicyclettes","https:\/\/www.instagram.com\/dumoulin.ca\/","https:\/\/www.youtube.com\/user\/dumoulinbicyclettes"]}]}},"_links":{"self":[{"href":"https:\/\/dumoulin.absoludev.ca\/en\/wp-json\/wp\/v2\/product\/312788","targetHints":{"allow":["GET"]}}],"collection":[{"href":"https:\/\/dumoulin.absoludev.ca\/en\/wp-json\/wp\/v2\/product"}],"about":[{"href":"https:\/\/dumoulin.absoludev.ca\/en\/wp-json\/wp\/v2\/types\/product"}],"wp:featuredmedia":[{"embeddable":true,"href":"https:\/\/dumoulin.absoludev.ca\/en\/wp-json\/wp\/v2\/media\/312799"}],"wp:attachment":[{"href":"https:\/\/dumoulin.absoludev.ca\/en\/wp-json\/wp\/v2\/media?parent=312788"}],"wp:term":[{"taxonomy":"product_brand","embeddable":true,"href":"https:\/\/dumoulin.absoludev.ca\/en\/wp-json\/wp\/v2\/product_brand?post=312788"},{"taxonomy":"product_cat","embeddable":true,"href":"https:\/\/dumoulin.absoludev.ca\/en\/wp-json\/wp\/v2\/product_cat?post=312788"},{"taxonomy":"product_tag","embeddable":true,"href":"https:\/\/dumoulin.absoludev.ca\/en\/wp-json\/wp\/v2\/product_tag?post=312788"},{"taxonomy":"marque-produit","embeddable":true,"href":"https:\/\/dumoulin.absoludev.ca\/en\/wp-json\/wp\/v2\/marque-produit?post=312788"},{"taxonomy":"collection-produit","embeddable":true,"href":"https:\/\/dumoulin.absoludev.ca\/en\/wp-json\/wp\/v2\/collection-produit?post=312788"},{"taxonomy":"type-surface-produit","embeddable":true,"href":"https:\/\/dumoulin.absoludev.ca\/en\/wp-json\/wp\/v2\/type-surface-produit?post=312788"},{"taxonomy":"type-velo-produit","embeddable":true,"href":"https:\/\/dumoulin.absoludev.ca\/en\/wp-json\/wp\/v2\/type-velo-produit?post=312788"},{"taxonomy":"vetement-produit","embeddable":true,"href":"https:\/\/dumoulin.absoludev.ca\/en\/wp-json\/wp\/v2\/vetement-produit?post=312788"},{"taxonomy":"thematique-produit","embeddable":true,"href":"https:\/\/dumoulin.absoludev.ca\/en\/wp-json\/wp\/v2\/thematique-produit?post=312788"},{"taxonomy":"position-sur-le-v\u00e9lo","embeddable":true,"href":"https:\/\/dumoulin.absoludev.ca\/en\/wp-json\/wp\/v2\/position-sur-le-v\u00e9lo?post=312788"}],"curies":[{"name":"wp","href":"https:\/\/api.w.org\/{rel}","templated":true}]}}