{"id":312783,"date":"2023-10-18T18:03:44","date_gmt":"2023-10-18T22:03:44","guid":{"rendered":"http:\/\/www.dumoulinbicyclettes.com\/?post_type=product&#038;p=312783"},"modified":"2025-09-04T14:13:52","modified_gmt":"2025-09-04T18:13:52","slug":"lumiere-de-velo-bontrager-ion-120-piles-aaa","status":"publish","type":"product","link":"https:\/\/dumoulin.absoludev.ca\/en\/produit\/lumiere-de-velo-bontrager-ion-120-piles-aaa\/","title":{"rendered":"Lumi\u00e8re avant Bontrager Ion 120"},"content":{"rendered":"<p>Simple \u00e0 utiliser, simple \u00e0 installer, cette lumi\u00e8re de v\u00e9lo Bontrager Ion 120 est un classique de Dumoulin.<\/p>\n<p>Aliment\u00e9e par des piles AAA, elle se r\u00e9v\u00e8le pr\u00e9cieuse \u00e0 bien des \u00e9gards.<\/p>\n","protected":false},"excerpt":{"rendered":"<p>Simple \u00e0 utiliser, simple \u00e0 installer, cette lumi\u00e8re de v\u00e9lo Bontrager Ion 120 est un classique de Dumoulin. Aliment\u00e9e par des piles AAA, elle se r\u00e9v\u00e8le pr\u00e9cieuse \u00e0 bien des \u00e9gards.<\/p>\n","protected":false},"featured_media":312786,"template":"","meta":{"_acf_changed":false},"product_brand":[],"product_cat":[211,208],"product_tag":[3203,2298,3005,2294],"marque-produit":[1195],"collection-produit":[2901],"type-surface-produit":[],"type-velo-produit":[],"vetement-produit":[],"thematique-produit":[],"position-sur-le-v\u00e9lo":[],"class_list":{"0":"post-312783","1":"product","2":"type-product","3":"status-publish","4":"has-post-thumbnail","6":"product_cat-avant","7":"product_cat-lumieres-de-velo","8":"product_tag-avant","9":"product_tag-bontrager","10":"product_tag-ion-120","11":"product_tag-lumiere","12":"marque-produit-bontrager","13":"collection-produit-lumieres","15":"first","16":"instock","17":"taxable","18":"shipping-taxable","19":"purchasable","20":"product-type-simple"},"acf":[],"yoast_head":"<!-- This site is optimized with the Yoast SEO plugin v24.3 - https:\/\/yoast.com\/wordpress\/plugins\/seo\/ -->\n<title>Lumi\u00e8re avant Bontrager Ion 120 - Dumoulin Bicyclettes<\/title>\n<meta name=\"description\" content=\"Cette lumi\u00e8re avant est simple \u00e0 utiliser. Aliment\u00e9e par 3 piles AAA, elle n&#039;en demeure pas moins fiable et efficace pour vous signaler sur la route.\" \/>\n<meta name=\"robots\" content=\"noindex, follow, max-snippet:-1, max-image-preview:large, max-video-preview:-1\" \/>\n<meta property=\"og:locale\" content=\"en_US\" \/>\n<meta property=\"og:type\" content=\"article\" \/>\n<meta property=\"og:title\" content=\"Lumi\u00e8re avant Bontrager Ion 120 - Dumoulin Bicyclettes\" \/>\n<meta property=\"og:description\" content=\"Cette lumi\u00e8re avant est simple \u00e0 utiliser. Aliment\u00e9e par 3 piles AAA, elle n&#039;en demeure pas moins fiable et efficace pour vous signaler sur la route.\" \/>\n<meta property=\"og:url\" content=\"https:\/\/dumoulin.absoludev.ca\/en\/produit\/lumiere-de-velo-bontrager-ion-120-piles-aaa\/\" \/>\n<meta property=\"og:site_name\" content=\"Dumoulin Bicyclettes\" \/>\n<meta property=\"article:publisher\" content=\"https:\/\/www.facebook.com\/dumoulinbicyclettes\" \/>\n<meta property=\"article:modified_time\" content=\"2025-09-04T18:13:52+00:00\" \/>\n<meta property=\"og:image\" content=\"https:\/\/dumoulin.absoludev.ca\/wp-content\/uploads\/2023\/10\/314f190e-4194-40af-ac5d-50fff8535cac.png\" \/>\n\t<meta property=\"og:image:width\" content=\"720\" \/>\n\t<meta property=\"og:image:height\" content=\"720\" \/>\n\t<meta property=\"og:image:type\" content=\"image\/png\" \/>\n<meta name=\"twitter:card\" content=\"summary_large_image\" \/>\n<meta name=\"twitter:label1\" content=\"Est. reading time\" \/>\n\t<meta name=\"twitter:data1\" content=\"1 minute\" \/>\n<script type=\"application\/ld+json\" class=\"yoast-schema-graph\">{\"@context\":\"https:\/\/schema.org\",\"@graph\":[{\"@type\":\"WebPage\",\"@id\":\"https:\/\/dumoulin.absoludev.ca\/en\/produit\/lumiere-de-velo-bontrager-ion-120-piles-aaa\/\",\"url\":\"https:\/\/dumoulin.absoludev.ca\/en\/produit\/lumiere-de-velo-bontrager-ion-120-piles-aaa\/\",\"name\":\"Lumi\u00e8re avant Bontrager Ion 120 - Dumoulin Bicyclettes\",\"isPartOf\":{\"@id\":\"https:\/\/dumoulin.absoludev.ca\/#website\"},\"primaryImageOfPage\":{\"@id\":\"https:\/\/dumoulin.absoludev.ca\/en\/produit\/lumiere-de-velo-bontrager-ion-120-piles-aaa\/#primaryimage\"},\"image\":{\"@id\":\"https:\/\/dumoulin.absoludev.ca\/en\/produit\/lumiere-de-velo-bontrager-ion-120-piles-aaa\/#primaryimage\"},\"thumbnailUrl\":\"https:\/\/dumoulin.absoludev.ca\/wp-content\/uploads\/2023\/10\/314f190e-4194-40af-ac5d-50fff8535cac.png\",\"datePublished\":\"2023-10-18T22:03:44+00:00\",\"dateModified\":\"2025-09-04T18:13:52+00:00\",\"description\":\"Cette lumi\u00e8re avant est simple \u00e0 utiliser. Aliment\u00e9e par 3 piles AAA, elle n'en demeure pas moins fiable et efficace pour vous signaler sur la route.\",\"breadcrumb\":{\"@id\":\"https:\/\/dumoulin.absoludev.ca\/en\/produit\/lumiere-de-velo-bontrager-ion-120-piles-aaa\/#breadcrumb\"},\"inLanguage\":\"en-US\",\"potentialAction\":[{\"@type\":\"ReadAction\",\"target\":[\"https:\/\/dumoulin.absoludev.ca\/en\/produit\/lumiere-de-velo-bontrager-ion-120-piles-aaa\/\"]}]},{\"@type\":\"ImageObject\",\"inLanguage\":\"en-US\",\"@id\":\"https:\/\/dumoulin.absoludev.ca\/en\/produit\/lumiere-de-velo-bontrager-ion-120-piles-aaa\/#primaryimage\",\"url\":\"https:\/\/dumoulin.absoludev.ca\/wp-content\/uploads\/2023\/10\/314f190e-4194-40af-ac5d-50fff8535cac.png\",\"contentUrl\":\"https:\/\/dumoulin.absoludev.ca\/wp-content\/uploads\/2023\/10\/314f190e-4194-40af-ac5d-50fff8535cac.png\",\"width\":720,\"height\":720,\"caption\":\"lumi\u00e8re-de-velo-bontrager-ion-120\"},{\"@type\":\"BreadcrumbList\",\"@id\":\"https:\/\/dumoulin.absoludev.ca\/en\/produit\/lumiere-de-velo-bontrager-ion-120-piles-aaa\/#breadcrumb\",\"itemListElement\":[{\"@type\":\"ListItem\",\"position\":1,\"name\":\"Home\",\"item\":\"https:\/\/dumoulin.absoludev.ca\/en\/\"},{\"@type\":\"ListItem\",\"position\":2,\"name\":\"Shop\",\"item\":\"https:\/\/dumoulin.absoludev.ca\/en\/shop\/\"},{\"@type\":\"ListItem\",\"position\":3,\"name\":\"Lumi\u00e8re avant Bontrager Ion 120\"}]},{\"@type\":\"WebSite\",\"@id\":\"https:\/\/dumoulin.absoludev.ca\/#website\",\"url\":\"https:\/\/dumoulin.absoludev.ca\/\",\"name\":\"Dumoulin Bicyclettes\",\"description\":\"\",\"publisher\":{\"@id\":\"https:\/\/dumoulin.absoludev.ca\/#organization\"},\"potentialAction\":[{\"@type\":\"SearchAction\",\"target\":{\"@type\":\"EntryPoint\",\"urlTemplate\":\"https:\/\/dumoulin.absoludev.ca\/?s={search_term_string}\"},\"query-input\":{\"@type\":\"PropertyValueSpecification\",\"valueRequired\":true,\"valueName\":\"search_term_string\"}}],\"inLanguage\":\"en-US\"},{\"@type\":\"Organization\",\"@id\":\"https:\/\/dumoulin.absoludev.ca\/#organization\",\"name\":\"Dumoulin Bicyclettes\",\"url\":\"https:\/\/dumoulin.absoludev.ca\/\",\"logo\":{\"@type\":\"ImageObject\",\"inLanguage\":\"en-US\",\"@id\":\"https:\/\/dumoulin.absoludev.ca\/#\/schema\/logo\/image\/\",\"url\":\"https:\/\/www.dumoulinbicyclettes.com\/wp-content\/uploads\/2021\/04\/Logo.svg\",\"contentUrl\":\"https:\/\/www.dumoulinbicyclettes.com\/wp-content\/uploads\/2021\/04\/Logo.svg\",\"width\":254,\"height\":86,\"caption\":\"Dumoulin Bicyclettes\"},\"image\":{\"@id\":\"https:\/\/dumoulin.absoludev.ca\/#\/schema\/logo\/image\/\"},\"sameAs\":[\"https:\/\/www.facebook.com\/dumoulinbicyclettes\",\"https:\/\/www.instagram.com\/dumoulin.ca\/\",\"https:\/\/www.youtube.com\/user\/dumoulinbicyclettes\"]}]}<\/script>\n<!-- \/ Yoast SEO plugin. -->","yoast_head_json":{"title":"Lumi\u00e8re avant Bontrager Ion 120 - Dumoulin Bicyclettes","description":"Cette lumi\u00e8re avant est simple \u00e0 utiliser. Aliment\u00e9e par 3 piles AAA, elle n'en demeure pas moins fiable et efficace pour vous signaler sur la route.","robots":{"index":"noindex","follow":"follow","max-snippet":"max-snippet:-1","max-image-preview":"max-image-preview:large","max-video-preview":"max-video-preview:-1"},"og_locale":"en_US","og_type":"article","og_title":"Lumi\u00e8re avant Bontrager Ion 120 - Dumoulin Bicyclettes","og_description":"Cette lumi\u00e8re avant est simple \u00e0 utiliser. Aliment\u00e9e par 3 piles AAA, elle n'en demeure pas moins fiable et efficace pour vous signaler sur la route.","og_url":"https:\/\/dumoulin.absoludev.ca\/en\/produit\/lumiere-de-velo-bontrager-ion-120-piles-aaa\/","og_site_name":"Dumoulin Bicyclettes","article_publisher":"https:\/\/www.facebook.com\/dumoulinbicyclettes","article_modified_time":"2025-09-04T18:13:52+00:00","og_image":[{"width":720,"height":720,"url":"https:\/\/dumoulin.absoludev.ca\/wp-content\/uploads\/2023\/10\/314f190e-4194-40af-ac5d-50fff8535cac.png","type":"image\/png"}],"twitter_card":"summary_large_image","twitter_misc":{"Est. reading time":"1 minute"},"schema":{"@context":"https:\/\/schema.org","@graph":[{"@type":"WebPage","@id":"https:\/\/dumoulin.absoludev.ca\/en\/produit\/lumiere-de-velo-bontrager-ion-120-piles-aaa\/","url":"https:\/\/dumoulin.absoludev.ca\/en\/produit\/lumiere-de-velo-bontrager-ion-120-piles-aaa\/","name":"Lumi\u00e8re avant Bontrager Ion 120 - Dumoulin Bicyclettes","isPartOf":{"@id":"https:\/\/dumoulin.absoludev.ca\/#website"},"primaryImageOfPage":{"@id":"https:\/\/dumoulin.absoludev.ca\/en\/produit\/lumiere-de-velo-bontrager-ion-120-piles-aaa\/#primaryimage"},"image":{"@id":"https:\/\/dumoulin.absoludev.ca\/en\/produit\/lumiere-de-velo-bontrager-ion-120-piles-aaa\/#primaryimage"},"thumbnailUrl":"https:\/\/dumoulin.absoludev.ca\/wp-content\/uploads\/2023\/10\/314f190e-4194-40af-ac5d-50fff8535cac.png","datePublished":"2023-10-18T22:03:44+00:00","dateModified":"2025-09-04T18:13:52+00:00","description":"Cette lumi\u00e8re avant est simple \u00e0 utiliser. Aliment\u00e9e par 3 piles AAA, elle n'en demeure pas moins fiable et efficace pour vous signaler sur la route.","breadcrumb":{"@id":"https:\/\/dumoulin.absoludev.ca\/en\/produit\/lumiere-de-velo-bontrager-ion-120-piles-aaa\/#breadcrumb"},"inLanguage":"en-US","potentialAction":[{"@type":"ReadAction","target":["https:\/\/dumoulin.absoludev.ca\/en\/produit\/lumiere-de-velo-bontrager-ion-120-piles-aaa\/"]}]},{"@type":"ImageObject","inLanguage":"en-US","@id":"https:\/\/dumoulin.absoludev.ca\/en\/produit\/lumiere-de-velo-bontrager-ion-120-piles-aaa\/#primaryimage","url":"https:\/\/dumoulin.absoludev.ca\/wp-content\/uploads\/2023\/10\/314f190e-4194-40af-ac5d-50fff8535cac.png","contentUrl":"https:\/\/dumoulin.absoludev.ca\/wp-content\/uploads\/2023\/10\/314f190e-4194-40af-ac5d-50fff8535cac.png","width":720,"height":720,"caption":"lumi\u00e8re-de-velo-bontrager-ion-120"},{"@type":"BreadcrumbList","@id":"https:\/\/dumoulin.absoludev.ca\/en\/produit\/lumiere-de-velo-bontrager-ion-120-piles-aaa\/#breadcrumb","itemListElement":[{"@type":"ListItem","position":1,"name":"Home","item":"https:\/\/dumoulin.absoludev.ca\/en\/"},{"@type":"ListItem","position":2,"name":"Shop","item":"https:\/\/dumoulin.absoludev.ca\/en\/shop\/"},{"@type":"ListItem","position":3,"name":"Lumi\u00e8re avant Bontrager Ion 120"}]},{"@type":"WebSite","@id":"https:\/\/dumoulin.absoludev.ca\/#website","url":"https:\/\/dumoulin.absoludev.ca\/","name":"Dumoulin Bicyclettes","description":"","publisher":{"@id":"https:\/\/dumoulin.absoludev.ca\/#organization"},"potentialAction":[{"@type":"SearchAction","target":{"@type":"EntryPoint","urlTemplate":"https:\/\/dumoulin.absoludev.ca\/?s={search_term_string}"},"query-input":{"@type":"PropertyValueSpecification","valueRequired":true,"valueName":"search_term_string"}}],"inLanguage":"en-US"},{"@type":"Organization","@id":"https:\/\/dumoulin.absoludev.ca\/#organization","name":"Dumoulin Bicyclettes","url":"https:\/\/dumoulin.absoludev.ca\/","logo":{"@type":"ImageObject","inLanguage":"en-US","@id":"https:\/\/dumoulin.absoludev.ca\/#\/schema\/logo\/image\/","url":"https:\/\/www.dumoulinbicyclettes.com\/wp-content\/uploads\/2021\/04\/Logo.svg","contentUrl":"https:\/\/www.dumoulinbicyclettes.com\/wp-content\/uploads\/2021\/04\/Logo.svg","width":254,"height":86,"caption":"Dumoulin Bicyclettes"},"image":{"@id":"https:\/\/dumoulin.absoludev.ca\/#\/schema\/logo\/image\/"},"sameAs":["https:\/\/www.facebook.com\/dumoulinbicyclettes","https:\/\/www.instagram.com\/dumoulin.ca\/","https:\/\/www.youtube.com\/user\/dumoulinbicyclettes"]}]}},"_links":{"self":[{"href":"https:\/\/dumoulin.absoludev.ca\/en\/wp-json\/wp\/v2\/product\/312783","targetHints":{"allow":["GET"]}}],"collection":[{"href":"https:\/\/dumoulin.absoludev.ca\/en\/wp-json\/wp\/v2\/product"}],"about":[{"href":"https:\/\/dumoulin.absoludev.ca\/en\/wp-json\/wp\/v2\/types\/product"}],"wp:featuredmedia":[{"embeddable":true,"href":"https:\/\/dumoulin.absoludev.ca\/en\/wp-json\/wp\/v2\/media\/312786"}],"wp:attachment":[{"href":"https:\/\/dumoulin.absoludev.ca\/en\/wp-json\/wp\/v2\/media?parent=312783"}],"wp:term":[{"taxonomy":"product_brand","embeddable":true,"href":"https:\/\/dumoulin.absoludev.ca\/en\/wp-json\/wp\/v2\/product_brand?post=312783"},{"taxonomy":"product_cat","embeddable":true,"href":"https:\/\/dumoulin.absoludev.ca\/en\/wp-json\/wp\/v2\/product_cat?post=312783"},{"taxonomy":"product_tag","embeddable":true,"href":"https:\/\/dumoulin.absoludev.ca\/en\/wp-json\/wp\/v2\/product_tag?post=312783"},{"taxonomy":"marque-produit","embeddable":true,"href":"https:\/\/dumoulin.absoludev.ca\/en\/wp-json\/wp\/v2\/marque-produit?post=312783"},{"taxonomy":"collection-produit","embeddable":true,"href":"https:\/\/dumoulin.absoludev.ca\/en\/wp-json\/wp\/v2\/collection-produit?post=312783"},{"taxonomy":"type-surface-produit","embeddable":true,"href":"https:\/\/dumoulin.absoludev.ca\/en\/wp-json\/wp\/v2\/type-surface-produit?post=312783"},{"taxonomy":"type-velo-produit","embeddable":true,"href":"https:\/\/dumoulin.absoludev.ca\/en\/wp-json\/wp\/v2\/type-velo-produit?post=312783"},{"taxonomy":"vetement-produit","embeddable":true,"href":"https:\/\/dumoulin.absoludev.ca\/en\/wp-json\/wp\/v2\/vetement-produit?post=312783"},{"taxonomy":"thematique-produit","embeddable":true,"href":"https:\/\/dumoulin.absoludev.ca\/en\/wp-json\/wp\/v2\/thematique-produit?post=312783"},{"taxonomy":"position-sur-le-v\u00e9lo","embeddable":true,"href":"https:\/\/dumoulin.absoludev.ca\/en\/wp-json\/wp\/v2\/position-sur-le-v\u00e9lo?post=312783"}],"curies":[{"name":"wp","href":"https:\/\/api.w.org\/{rel}","templated":true}]}}