{"id":310326,"date":"2023-10-11T16:04:16","date_gmt":"2023-10-11T20:04:16","guid":{"rendered":"http:\/\/www.dumoulinbicyclettes.com\/?post_type=product&#038;p=310326"},"modified":"2025-09-04T14:16:44","modified_gmt":"2025-09-04T18:16:44","slug":"lumiere-cateye-sync-wearable","status":"publish","type":"product","link":"https:\/\/dumoulin.absoludev.ca\/en\/produit\/lumiere-cateye-sync-wearable\/","title":{"rendered":"Lumi\u00e8re arri\u00e8re Cateye \u00abSync Wearable\u00bb"},"content":{"rendered":"<p>Ce petit feu arri\u00e8re vous permet de vous situer clairement sur la route. Super pratique, il s&#8217;agrippe \u00e0 un <a href=\"https:\/\/www.dumoulinbicyclettes.com\/categorie-produit\/accessoires\/sacs-et-porte-bagages\/sac-a-dos-et-sacs-de-messagers\/\" target=\"_blank\" rel=\"noopener\">sac \u00e0 dos<\/a>, un casque ou des v\u00eatements.<\/p>\n<p>Une mani\u00e8re comme une autre de ne jamais oublier son feu arri\u00e8re !<\/p>\n<p>En outre, il dispose de la technologie \u00ab<a href=\"https:\/\/www.cateye.com\/safety\/\" target=\"_blank\" rel=\"noopener\">Sync<\/a>\u00bb de Cateye, vous permettant de le contr\u00f4ler facilement avec les autres <a href=\"https:\/\/www.dumoulinbicyclettes.com\/produit\/lumieres-de-velo-cateye-sync-core-sync-kinetic\/\" target=\"_blank\" rel=\"noopener\">lumi\u00e8res<\/a> de cette gamme.<\/p>\n","protected":false},"excerpt":{"rendered":"<p>Ce petit feu arri\u00e8re vous permet de vous situer clairement sur la route. Super pratique, il s&#8217;agrippe \u00e0 un sac \u00e0 dos, un casque ou des v\u00eatements. Une mani\u00e8re comme une autre de ne jamais oublier son feu arri\u00e8re ! En outre, il dispose de la technologie \u00abSync\u00bb de Cateye, vous permettant de le contr\u00f4ler [&hellip;]<\/p>\n","protected":false},"featured_media":310327,"template":"","meta":{"_acf_changed":false},"product_brand":[],"product_cat":[212,192],"product_tag":[2295,3217,2301,3006,3253],"marque-produit":[1388],"collection-produit":[2901],"type-surface-produit":[],"type-velo-produit":[],"vetement-produit":[],"thematique-produit":[],"position-sur-le-v\u00e9lo":[],"class_list":{"0":"post-310326","1":"product","2":"type-product","3":"status-publish","4":"has-post-thumbnail","6":"product_cat-arriere","7":"product_cat-visibilite","8":"product_tag-cateye","9":"product_tag-lumiere-arriere","10":"product_tag-phare","11":"product_tag-sync","12":"product_tag-wearable","13":"marque-produit-cateye","14":"collection-produit-lumieres","16":"first","17":"instock","18":"taxable","19":"shipping-taxable","20":"purchasable","21":"product-type-simple"},"acf":[],"yoast_head":"<!-- This site is optimized with the Yoast SEO plugin v24.3 - https:\/\/yoast.com\/wordpress\/plugins\/seo\/ -->\n<title>Lumi\u00e8re arri\u00e8re Cateye \u00abSync Wearable\u00bb - Dumoulin Bicyclettes<\/title>\n<meta name=\"description\" content=\"La lumi\u00e8re arri\u00e8re Cateye Sync Wearable s&#039;installe facilement sur votre sac \u00e0 dos, un v\u00eatement ou sur votre casque. Pratique !\" \/>\n<meta name=\"robots\" content=\"noindex, follow, max-snippet:-1, max-image-preview:large, max-video-preview:-1\" \/>\n<meta property=\"og:locale\" content=\"en_US\" \/>\n<meta property=\"og:type\" content=\"article\" \/>\n<meta property=\"og:title\" content=\"Lumi\u00e8re arri\u00e8re Cateye \u00abSync Wearable\u00bb - Dumoulin Bicyclettes\" \/>\n<meta property=\"og:description\" content=\"La lumi\u00e8re arri\u00e8re Cateye Sync Wearable s&#039;installe facilement sur votre sac \u00e0 dos, un v\u00eatement ou sur votre casque. Pratique !\" \/>\n<meta property=\"og:url\" content=\"https:\/\/dumoulin.absoludev.ca\/produit\/lumiere-cateye-sync-wearable\/\" \/>\n<meta property=\"og:site_name\" content=\"Dumoulin Bicyclettes\" \/>\n<meta property=\"article:publisher\" content=\"https:\/\/www.facebook.com\/dumoulinbicyclettes\" \/>\n<meta property=\"article:modified_time\" content=\"2025-09-04T18:16:44+00:00\" \/>\n<meta property=\"og:image\" content=\"https:\/\/dumoulin.absoludev.ca\/wp-content\/uploads\/2023\/10\/lumiere-de-velo-cateye-sync-wearable.jpg\" \/>\n\t<meta property=\"og:image:width\" content=\"900\" \/>\n\t<meta property=\"og:image:height\" content=\"900\" \/>\n\t<meta property=\"og:image:type\" content=\"image\/jpeg\" \/>\n<meta name=\"twitter:card\" content=\"summary_large_image\" \/>\n<meta name=\"twitter:label1\" content=\"Est. reading time\" \/>\n\t<meta name=\"twitter:data1\" content=\"1 minute\" \/>\n<script type=\"application\/ld+json\" class=\"yoast-schema-graph\">{\"@context\":\"https:\/\/schema.org\",\"@graph\":[{\"@type\":\"WebPage\",\"@id\":\"https:\/\/dumoulin.absoludev.ca\/produit\/lumiere-cateye-sync-wearable\/\",\"url\":\"https:\/\/dumoulin.absoludev.ca\/produit\/lumiere-cateye-sync-wearable\/\",\"name\":\"Lumi\u00e8re arri\u00e8re Cateye \u00abSync Wearable\u00bb - Dumoulin Bicyclettes\",\"isPartOf\":{\"@id\":\"https:\/\/dumoulin.absoludev.ca\/#website\"},\"primaryImageOfPage\":{\"@id\":\"https:\/\/dumoulin.absoludev.ca\/produit\/lumiere-cateye-sync-wearable\/#primaryimage\"},\"image\":{\"@id\":\"https:\/\/dumoulin.absoludev.ca\/produit\/lumiere-cateye-sync-wearable\/#primaryimage\"},\"thumbnailUrl\":\"https:\/\/dumoulin.absoludev.ca\/wp-content\/uploads\/2023\/10\/lumiere-de-velo-cateye-sync-wearable.jpg\",\"datePublished\":\"2023-10-11T20:04:16+00:00\",\"dateModified\":\"2025-09-04T18:16:44+00:00\",\"description\":\"La lumi\u00e8re arri\u00e8re Cateye Sync Wearable s'installe facilement sur votre sac \u00e0 dos, un v\u00eatement ou sur votre casque. Pratique !\",\"breadcrumb\":{\"@id\":\"https:\/\/dumoulin.absoludev.ca\/produit\/lumiere-cateye-sync-wearable\/#breadcrumb\"},\"inLanguage\":\"en-US\",\"potentialAction\":[{\"@type\":\"ReadAction\",\"target\":[\"https:\/\/dumoulin.absoludev.ca\/produit\/lumiere-cateye-sync-wearable\/\"]}]},{\"@type\":\"ImageObject\",\"inLanguage\":\"en-US\",\"@id\":\"https:\/\/dumoulin.absoludev.ca\/produit\/lumiere-cateye-sync-wearable\/#primaryimage\",\"url\":\"https:\/\/dumoulin.absoludev.ca\/wp-content\/uploads\/2023\/10\/lumiere-de-velo-cateye-sync-wearable.jpg\",\"contentUrl\":\"https:\/\/dumoulin.absoludev.ca\/wp-content\/uploads\/2023\/10\/lumiere-de-velo-cateye-sync-wearable.jpg\",\"width\":900,\"height\":900},{\"@type\":\"BreadcrumbList\",\"@id\":\"https:\/\/dumoulin.absoludev.ca\/produit\/lumiere-cateye-sync-wearable\/#breadcrumb\",\"itemListElement\":[{\"@type\":\"ListItem\",\"position\":1,\"name\":\"Home\",\"item\":\"https:\/\/dumoulin.absoludev.ca\/en\/\"},{\"@type\":\"ListItem\",\"position\":2,\"name\":\"Shop\",\"item\":\"https:\/\/dumoulin.absoludev.ca\/en\/shop\/\"},{\"@type\":\"ListItem\",\"position\":3,\"name\":\"Lumi\u00e8re arri\u00e8re Cateye \u00abSync Wearable\u00bb\"}]},{\"@type\":\"WebSite\",\"@id\":\"https:\/\/dumoulin.absoludev.ca\/#website\",\"url\":\"https:\/\/dumoulin.absoludev.ca\/\",\"name\":\"Dumoulin Bicyclettes\",\"description\":\"\",\"publisher\":{\"@id\":\"https:\/\/dumoulin.absoludev.ca\/#organization\"},\"potentialAction\":[{\"@type\":\"SearchAction\",\"target\":{\"@type\":\"EntryPoint\",\"urlTemplate\":\"https:\/\/dumoulin.absoludev.ca\/?s={search_term_string}\"},\"query-input\":{\"@type\":\"PropertyValueSpecification\",\"valueRequired\":true,\"valueName\":\"search_term_string\"}}],\"inLanguage\":\"en-US\"},{\"@type\":\"Organization\",\"@id\":\"https:\/\/dumoulin.absoludev.ca\/#organization\",\"name\":\"Dumoulin Bicyclettes\",\"url\":\"https:\/\/dumoulin.absoludev.ca\/\",\"logo\":{\"@type\":\"ImageObject\",\"inLanguage\":\"en-US\",\"@id\":\"https:\/\/dumoulin.absoludev.ca\/#\/schema\/logo\/image\/\",\"url\":\"https:\/\/www.dumoulinbicyclettes.com\/wp-content\/uploads\/2021\/04\/Logo.svg\",\"contentUrl\":\"https:\/\/www.dumoulinbicyclettes.com\/wp-content\/uploads\/2021\/04\/Logo.svg\",\"width\":254,\"height\":86,\"caption\":\"Dumoulin Bicyclettes\"},\"image\":{\"@id\":\"https:\/\/dumoulin.absoludev.ca\/#\/schema\/logo\/image\/\"},\"sameAs\":[\"https:\/\/www.facebook.com\/dumoulinbicyclettes\",\"https:\/\/www.instagram.com\/dumoulin.ca\/\",\"https:\/\/www.youtube.com\/user\/dumoulinbicyclettes\"]}]}<\/script>\n<!-- \/ Yoast SEO plugin. -->","yoast_head_json":{"title":"Lumi\u00e8re arri\u00e8re Cateye \u00abSync Wearable\u00bb - Dumoulin Bicyclettes","description":"La lumi\u00e8re arri\u00e8re Cateye Sync Wearable s'installe facilement sur votre sac \u00e0 dos, un v\u00eatement ou sur votre casque. Pratique !","robots":{"index":"noindex","follow":"follow","max-snippet":"max-snippet:-1","max-image-preview":"max-image-preview:large","max-video-preview":"max-video-preview:-1"},"og_locale":"en_US","og_type":"article","og_title":"Lumi\u00e8re arri\u00e8re Cateye \u00abSync Wearable\u00bb - Dumoulin Bicyclettes","og_description":"La lumi\u00e8re arri\u00e8re Cateye Sync Wearable s'installe facilement sur votre sac \u00e0 dos, un v\u00eatement ou sur votre casque. Pratique !","og_url":"https:\/\/dumoulin.absoludev.ca\/produit\/lumiere-cateye-sync-wearable\/","og_site_name":"Dumoulin Bicyclettes","article_publisher":"https:\/\/www.facebook.com\/dumoulinbicyclettes","article_modified_time":"2025-09-04T18:16:44+00:00","og_image":[{"width":900,"height":900,"url":"https:\/\/dumoulin.absoludev.ca\/wp-content\/uploads\/2023\/10\/lumiere-de-velo-cateye-sync-wearable.jpg","type":"image\/jpeg"}],"twitter_card":"summary_large_image","twitter_misc":{"Est. reading time":"1 minute"},"schema":{"@context":"https:\/\/schema.org","@graph":[{"@type":"WebPage","@id":"https:\/\/dumoulin.absoludev.ca\/produit\/lumiere-cateye-sync-wearable\/","url":"https:\/\/dumoulin.absoludev.ca\/produit\/lumiere-cateye-sync-wearable\/","name":"Lumi\u00e8re arri\u00e8re Cateye \u00abSync Wearable\u00bb - Dumoulin Bicyclettes","isPartOf":{"@id":"https:\/\/dumoulin.absoludev.ca\/#website"},"primaryImageOfPage":{"@id":"https:\/\/dumoulin.absoludev.ca\/produit\/lumiere-cateye-sync-wearable\/#primaryimage"},"image":{"@id":"https:\/\/dumoulin.absoludev.ca\/produit\/lumiere-cateye-sync-wearable\/#primaryimage"},"thumbnailUrl":"https:\/\/dumoulin.absoludev.ca\/wp-content\/uploads\/2023\/10\/lumiere-de-velo-cateye-sync-wearable.jpg","datePublished":"2023-10-11T20:04:16+00:00","dateModified":"2025-09-04T18:16:44+00:00","description":"La lumi\u00e8re arri\u00e8re Cateye Sync Wearable s'installe facilement sur votre sac \u00e0 dos, un v\u00eatement ou sur votre casque. Pratique !","breadcrumb":{"@id":"https:\/\/dumoulin.absoludev.ca\/produit\/lumiere-cateye-sync-wearable\/#breadcrumb"},"inLanguage":"en-US","potentialAction":[{"@type":"ReadAction","target":["https:\/\/dumoulin.absoludev.ca\/produit\/lumiere-cateye-sync-wearable\/"]}]},{"@type":"ImageObject","inLanguage":"en-US","@id":"https:\/\/dumoulin.absoludev.ca\/produit\/lumiere-cateye-sync-wearable\/#primaryimage","url":"https:\/\/dumoulin.absoludev.ca\/wp-content\/uploads\/2023\/10\/lumiere-de-velo-cateye-sync-wearable.jpg","contentUrl":"https:\/\/dumoulin.absoludev.ca\/wp-content\/uploads\/2023\/10\/lumiere-de-velo-cateye-sync-wearable.jpg","width":900,"height":900},{"@type":"BreadcrumbList","@id":"https:\/\/dumoulin.absoludev.ca\/produit\/lumiere-cateye-sync-wearable\/#breadcrumb","itemListElement":[{"@type":"ListItem","position":1,"name":"Home","item":"https:\/\/dumoulin.absoludev.ca\/en\/"},{"@type":"ListItem","position":2,"name":"Shop","item":"https:\/\/dumoulin.absoludev.ca\/en\/shop\/"},{"@type":"ListItem","position":3,"name":"Lumi\u00e8re arri\u00e8re Cateye \u00abSync Wearable\u00bb"}]},{"@type":"WebSite","@id":"https:\/\/dumoulin.absoludev.ca\/#website","url":"https:\/\/dumoulin.absoludev.ca\/","name":"Dumoulin Bicyclettes","description":"","publisher":{"@id":"https:\/\/dumoulin.absoludev.ca\/#organization"},"potentialAction":[{"@type":"SearchAction","target":{"@type":"EntryPoint","urlTemplate":"https:\/\/dumoulin.absoludev.ca\/?s={search_term_string}"},"query-input":{"@type":"PropertyValueSpecification","valueRequired":true,"valueName":"search_term_string"}}],"inLanguage":"en-US"},{"@type":"Organization","@id":"https:\/\/dumoulin.absoludev.ca\/#organization","name":"Dumoulin Bicyclettes","url":"https:\/\/dumoulin.absoludev.ca\/","logo":{"@type":"ImageObject","inLanguage":"en-US","@id":"https:\/\/dumoulin.absoludev.ca\/#\/schema\/logo\/image\/","url":"https:\/\/www.dumoulinbicyclettes.com\/wp-content\/uploads\/2021\/04\/Logo.svg","contentUrl":"https:\/\/www.dumoulinbicyclettes.com\/wp-content\/uploads\/2021\/04\/Logo.svg","width":254,"height":86,"caption":"Dumoulin Bicyclettes"},"image":{"@id":"https:\/\/dumoulin.absoludev.ca\/#\/schema\/logo\/image\/"},"sameAs":["https:\/\/www.facebook.com\/dumoulinbicyclettes","https:\/\/www.instagram.com\/dumoulin.ca\/","https:\/\/www.youtube.com\/user\/dumoulinbicyclettes"]}]}},"_links":{"self":[{"href":"https:\/\/dumoulin.absoludev.ca\/en\/wp-json\/wp\/v2\/product\/310326","targetHints":{"allow":["GET"]}}],"collection":[{"href":"https:\/\/dumoulin.absoludev.ca\/en\/wp-json\/wp\/v2\/product"}],"about":[{"href":"https:\/\/dumoulin.absoludev.ca\/en\/wp-json\/wp\/v2\/types\/product"}],"wp:featuredmedia":[{"embeddable":true,"href":"https:\/\/dumoulin.absoludev.ca\/en\/wp-json\/wp\/v2\/media\/310327"}],"wp:attachment":[{"href":"https:\/\/dumoulin.absoludev.ca\/en\/wp-json\/wp\/v2\/media?parent=310326"}],"wp:term":[{"taxonomy":"product_brand","embeddable":true,"href":"https:\/\/dumoulin.absoludev.ca\/en\/wp-json\/wp\/v2\/product_brand?post=310326"},{"taxonomy":"product_cat","embeddable":true,"href":"https:\/\/dumoulin.absoludev.ca\/en\/wp-json\/wp\/v2\/product_cat?post=310326"},{"taxonomy":"product_tag","embeddable":true,"href":"https:\/\/dumoulin.absoludev.ca\/en\/wp-json\/wp\/v2\/product_tag?post=310326"},{"taxonomy":"marque-produit","embeddable":true,"href":"https:\/\/dumoulin.absoludev.ca\/en\/wp-json\/wp\/v2\/marque-produit?post=310326"},{"taxonomy":"collection-produit","embeddable":true,"href":"https:\/\/dumoulin.absoludev.ca\/en\/wp-json\/wp\/v2\/collection-produit?post=310326"},{"taxonomy":"type-surface-produit","embeddable":true,"href":"https:\/\/dumoulin.absoludev.ca\/en\/wp-json\/wp\/v2\/type-surface-produit?post=310326"},{"taxonomy":"type-velo-produit","embeddable":true,"href":"https:\/\/dumoulin.absoludev.ca\/en\/wp-json\/wp\/v2\/type-velo-produit?post=310326"},{"taxonomy":"vetement-produit","embeddable":true,"href":"https:\/\/dumoulin.absoludev.ca\/en\/wp-json\/wp\/v2\/vetement-produit?post=310326"},{"taxonomy":"thematique-produit","embeddable":true,"href":"https:\/\/dumoulin.absoludev.ca\/en\/wp-json\/wp\/v2\/thematique-produit?post=310326"},{"taxonomy":"position-sur-le-v\u00e9lo","embeddable":true,"href":"https:\/\/dumoulin.absoludev.ca\/en\/wp-json\/wp\/v2\/position-sur-le-v\u00e9lo?post=310326"}],"curies":[{"name":"wp","href":"https:\/\/api.w.org\/{rel}","templated":true}]}}