{"id":310188,"date":"2023-10-11T10:04:17","date_gmt":"2023-10-11T14:04:17","guid":{"rendered":"http:\/\/www.dumoulinbicyclettes.com\/?post_type=product&#038;p=310188"},"modified":"2025-09-04T14:16:43","modified_gmt":"2025-09-04T18:16:43","slug":"lumieres-de-velo-cateye-sync-core-sync-kinetic","status":"publish","type":"product","link":"https:\/\/dumoulin.absoludev.ca\/en\/produit\/lumieres-de-velo-cateye-sync-core-sync-kinetic\/","title":{"rendered":"Lumi\u00e8res Cateye Sync Core &#038; Sync Kinetic"},"content":{"rendered":"<p>Voici une paire de lumi\u00e8res qui comblera les navetteurs quotidiens !<\/p>\n<p>Les lumi\u00e8res de v\u00e9lo Cateye Sync Core et Sync Kinetic se d\u00e9marquent du reste de <a href=\"https:\/\/www.dumoulinbicyclettes.com\/categorie-produit\/accessoires\/visibilite\/\" rel=\"noopener\" target=\"_blank\">notre offre<\/a> par leurs technologies.<\/p>\n","protected":false},"excerpt":{"rendered":"<p>Voici une paire de lumi\u00e8res qui comblera les navetteurs quotidiens ! Les lumi\u00e8res de v\u00e9lo Cateye Sync Core et Sync Kinetic se d\u00e9marquent du reste de notre offre par leurs technologies.<\/p>\n","protected":false},"featured_media":310189,"template":"","meta":{"_acf_changed":false},"product_brand":[],"product_cat":[208,213,192],"product_tag":[2295,3006],"marque-produit":[1388],"collection-produit":[2901],"type-surface-produit":[],"type-velo-produit":[],"vetement-produit":[],"thematique-produit":[],"position-sur-le-v\u00e9lo":[],"class_list":{"0":"post-310188","1":"product","2":"type-product","3":"status-publish","4":"has-post-thumbnail","6":"product_cat-lumieres-de-velo","7":"product_cat-paire","8":"product_cat-visibilite","9":"product_tag-cateye","10":"product_tag-sync","11":"marque-produit-cateye","12":"collection-produit-lumieres","14":"first","15":"instock","16":"taxable","17":"shipping-taxable","18":"purchasable","19":"product-type-simple"},"acf":[],"yoast_head":"<!-- This site is optimized with the Yoast SEO plugin v24.3 - https:\/\/yoast.com\/wordpress\/plugins\/seo\/ -->\n<title>Lumi\u00e8res Cateye Sync Core &amp; Sync Kinetic - Dumoulin Bicyclettes Qu\u00e9bec<\/title>\n<meta name=\"description\" content=\"Les lumi\u00e8res de v\u00e9lo Cateye Sync se d\u00e9marquent en ajoutant une pointe de technologie \u00e0 votre \u00e9clairage du quotidien. Voir et se faire voir, c&#039;est facile !\" \/>\n<meta name=\"robots\" content=\"noindex, follow, max-snippet:-1, max-image-preview:large, max-video-preview:-1\" \/>\n<meta property=\"og:locale\" content=\"en_US\" \/>\n<meta property=\"og:type\" content=\"article\" \/>\n<meta property=\"og:title\" content=\"Lumi\u00e8res Cateye Sync Core &amp; Sync Kinetic - Dumoulin Bicyclettes Qu\u00e9bec\" \/>\n<meta property=\"og:description\" content=\"Les lumi\u00e8res de v\u00e9lo Cateye Sync se d\u00e9marquent en ajoutant une pointe de technologie \u00e0 votre \u00e9clairage du quotidien. Voir et se faire voir, c&#039;est facile !\" \/>\n<meta property=\"og:url\" content=\"https:\/\/dumoulin.absoludev.ca\/produit\/lumieres-de-velo-cateye-sync-core-sync-kinetic\/\" \/>\n<meta property=\"og:site_name\" content=\"Dumoulin Bicyclettes\" \/>\n<meta property=\"article:publisher\" content=\"https:\/\/www.facebook.com\/dumoulinbicyclettes\" \/>\n<meta property=\"article:modified_time\" content=\"2025-09-04T18:16:43+00:00\" \/>\n<meta property=\"og:image\" content=\"https:\/\/dumoulin.absoludev.ca\/wp-content\/uploads\/2023\/10\/Ensemble-de-lumieres-de-velo-cateye-sync-core-sync-kinetic.jpg\" \/>\n\t<meta property=\"og:image:width\" content=\"900\" \/>\n\t<meta property=\"og:image:height\" content=\"900\" \/>\n\t<meta property=\"og:image:type\" content=\"image\/jpeg\" \/>\n<meta name=\"twitter:card\" content=\"summary_large_image\" \/>\n<script type=\"application\/ld+json\" class=\"yoast-schema-graph\">{\"@context\":\"https:\/\/schema.org\",\"@graph\":[{\"@type\":\"WebPage\",\"@id\":\"https:\/\/dumoulin.absoludev.ca\/produit\/lumieres-de-velo-cateye-sync-core-sync-kinetic\/\",\"url\":\"https:\/\/dumoulin.absoludev.ca\/produit\/lumieres-de-velo-cateye-sync-core-sync-kinetic\/\",\"name\":\"Lumi\u00e8res Cateye Sync Core & Sync Kinetic - Dumoulin Bicyclettes Qu\u00e9bec\",\"isPartOf\":{\"@id\":\"https:\/\/dumoulin.absoludev.ca\/#website\"},\"primaryImageOfPage\":{\"@id\":\"https:\/\/dumoulin.absoludev.ca\/produit\/lumieres-de-velo-cateye-sync-core-sync-kinetic\/#primaryimage\"},\"image\":{\"@id\":\"https:\/\/dumoulin.absoludev.ca\/produit\/lumieres-de-velo-cateye-sync-core-sync-kinetic\/#primaryimage\"},\"thumbnailUrl\":\"https:\/\/dumoulin.absoludev.ca\/wp-content\/uploads\/2023\/10\/Ensemble-de-lumieres-de-velo-cateye-sync-core-sync-kinetic.jpg\",\"datePublished\":\"2023-10-11T14:04:17+00:00\",\"dateModified\":\"2025-09-04T18:16:43+00:00\",\"description\":\"Les lumi\u00e8res de v\u00e9lo Cateye Sync se d\u00e9marquent en ajoutant une pointe de technologie \u00e0 votre \u00e9clairage du quotidien. Voir et se faire voir, c'est facile !\",\"breadcrumb\":{\"@id\":\"https:\/\/dumoulin.absoludev.ca\/produit\/lumieres-de-velo-cateye-sync-core-sync-kinetic\/#breadcrumb\"},\"inLanguage\":\"en-US\",\"potentialAction\":[{\"@type\":\"ReadAction\",\"target\":[\"https:\/\/dumoulin.absoludev.ca\/produit\/lumieres-de-velo-cateye-sync-core-sync-kinetic\/\"]}]},{\"@type\":\"ImageObject\",\"inLanguage\":\"en-US\",\"@id\":\"https:\/\/dumoulin.absoludev.ca\/produit\/lumieres-de-velo-cateye-sync-core-sync-kinetic\/#primaryimage\",\"url\":\"https:\/\/dumoulin.absoludev.ca\/wp-content\/uploads\/2023\/10\/Ensemble-de-lumieres-de-velo-cateye-sync-core-sync-kinetic.jpg\",\"contentUrl\":\"https:\/\/dumoulin.absoludev.ca\/wp-content\/uploads\/2023\/10\/Ensemble-de-lumieres-de-velo-cateye-sync-core-sync-kinetic.jpg\",\"width\":900,\"height\":900},{\"@type\":\"BreadcrumbList\",\"@id\":\"https:\/\/dumoulin.absoludev.ca\/produit\/lumieres-de-velo-cateye-sync-core-sync-kinetic\/#breadcrumb\",\"itemListElement\":[{\"@type\":\"ListItem\",\"position\":1,\"name\":\"Home\",\"item\":\"https:\/\/dumoulin.absoludev.ca\/en\/\"},{\"@type\":\"ListItem\",\"position\":2,\"name\":\"Shop\",\"item\":\"https:\/\/dumoulin.absoludev.ca\/en\/shop\/\"},{\"@type\":\"ListItem\",\"position\":3,\"name\":\"Lumi\u00e8res Cateye Sync Core &#038; Sync Kinetic\"}]},{\"@type\":\"WebSite\",\"@id\":\"https:\/\/dumoulin.absoludev.ca\/#website\",\"url\":\"https:\/\/dumoulin.absoludev.ca\/\",\"name\":\"Dumoulin Bicyclettes\",\"description\":\"\",\"publisher\":{\"@id\":\"https:\/\/dumoulin.absoludev.ca\/#organization\"},\"potentialAction\":[{\"@type\":\"SearchAction\",\"target\":{\"@type\":\"EntryPoint\",\"urlTemplate\":\"https:\/\/dumoulin.absoludev.ca\/?s={search_term_string}\"},\"query-input\":{\"@type\":\"PropertyValueSpecification\",\"valueRequired\":true,\"valueName\":\"search_term_string\"}}],\"inLanguage\":\"en-US\"},{\"@type\":\"Organization\",\"@id\":\"https:\/\/dumoulin.absoludev.ca\/#organization\",\"name\":\"Dumoulin Bicyclettes\",\"url\":\"https:\/\/dumoulin.absoludev.ca\/\",\"logo\":{\"@type\":\"ImageObject\",\"inLanguage\":\"en-US\",\"@id\":\"https:\/\/dumoulin.absoludev.ca\/#\/schema\/logo\/image\/\",\"url\":\"https:\/\/www.dumoulinbicyclettes.com\/wp-content\/uploads\/2021\/04\/Logo.svg\",\"contentUrl\":\"https:\/\/www.dumoulinbicyclettes.com\/wp-content\/uploads\/2021\/04\/Logo.svg\",\"width\":254,\"height\":86,\"caption\":\"Dumoulin Bicyclettes\"},\"image\":{\"@id\":\"https:\/\/dumoulin.absoludev.ca\/#\/schema\/logo\/image\/\"},\"sameAs\":[\"https:\/\/www.facebook.com\/dumoulinbicyclettes\",\"https:\/\/www.instagram.com\/dumoulin.ca\/\",\"https:\/\/www.youtube.com\/user\/dumoulinbicyclettes\"]}]}<\/script>\n<!-- \/ Yoast SEO plugin. -->","yoast_head_json":{"title":"Lumi\u00e8res Cateye Sync Core & Sync Kinetic - Dumoulin Bicyclettes Qu\u00e9bec","description":"Les lumi\u00e8res de v\u00e9lo Cateye Sync se d\u00e9marquent en ajoutant une pointe de technologie \u00e0 votre \u00e9clairage du quotidien. Voir et se faire voir, c'est facile !","robots":{"index":"noindex","follow":"follow","max-snippet":"max-snippet:-1","max-image-preview":"max-image-preview:large","max-video-preview":"max-video-preview:-1"},"og_locale":"en_US","og_type":"article","og_title":"Lumi\u00e8res Cateye Sync Core & Sync Kinetic - Dumoulin Bicyclettes Qu\u00e9bec","og_description":"Les lumi\u00e8res de v\u00e9lo Cateye Sync se d\u00e9marquent en ajoutant une pointe de technologie \u00e0 votre \u00e9clairage du quotidien. Voir et se faire voir, c'est facile !","og_url":"https:\/\/dumoulin.absoludev.ca\/produit\/lumieres-de-velo-cateye-sync-core-sync-kinetic\/","og_site_name":"Dumoulin Bicyclettes","article_publisher":"https:\/\/www.facebook.com\/dumoulinbicyclettes","article_modified_time":"2025-09-04T18:16:43+00:00","og_image":[{"width":900,"height":900,"url":"https:\/\/dumoulin.absoludev.ca\/wp-content\/uploads\/2023\/10\/Ensemble-de-lumieres-de-velo-cateye-sync-core-sync-kinetic.jpg","type":"image\/jpeg"}],"twitter_card":"summary_large_image","schema":{"@context":"https:\/\/schema.org","@graph":[{"@type":"WebPage","@id":"https:\/\/dumoulin.absoludev.ca\/produit\/lumieres-de-velo-cateye-sync-core-sync-kinetic\/","url":"https:\/\/dumoulin.absoludev.ca\/produit\/lumieres-de-velo-cateye-sync-core-sync-kinetic\/","name":"Lumi\u00e8res Cateye Sync Core & Sync Kinetic - Dumoulin Bicyclettes Qu\u00e9bec","isPartOf":{"@id":"https:\/\/dumoulin.absoludev.ca\/#website"},"primaryImageOfPage":{"@id":"https:\/\/dumoulin.absoludev.ca\/produit\/lumieres-de-velo-cateye-sync-core-sync-kinetic\/#primaryimage"},"image":{"@id":"https:\/\/dumoulin.absoludev.ca\/produit\/lumieres-de-velo-cateye-sync-core-sync-kinetic\/#primaryimage"},"thumbnailUrl":"https:\/\/dumoulin.absoludev.ca\/wp-content\/uploads\/2023\/10\/Ensemble-de-lumieres-de-velo-cateye-sync-core-sync-kinetic.jpg","datePublished":"2023-10-11T14:04:17+00:00","dateModified":"2025-09-04T18:16:43+00:00","description":"Les lumi\u00e8res de v\u00e9lo Cateye Sync se d\u00e9marquent en ajoutant une pointe de technologie \u00e0 votre \u00e9clairage du quotidien. Voir et se faire voir, c'est facile !","breadcrumb":{"@id":"https:\/\/dumoulin.absoludev.ca\/produit\/lumieres-de-velo-cateye-sync-core-sync-kinetic\/#breadcrumb"},"inLanguage":"en-US","potentialAction":[{"@type":"ReadAction","target":["https:\/\/dumoulin.absoludev.ca\/produit\/lumieres-de-velo-cateye-sync-core-sync-kinetic\/"]}]},{"@type":"ImageObject","inLanguage":"en-US","@id":"https:\/\/dumoulin.absoludev.ca\/produit\/lumieres-de-velo-cateye-sync-core-sync-kinetic\/#primaryimage","url":"https:\/\/dumoulin.absoludev.ca\/wp-content\/uploads\/2023\/10\/Ensemble-de-lumieres-de-velo-cateye-sync-core-sync-kinetic.jpg","contentUrl":"https:\/\/dumoulin.absoludev.ca\/wp-content\/uploads\/2023\/10\/Ensemble-de-lumieres-de-velo-cateye-sync-core-sync-kinetic.jpg","width":900,"height":900},{"@type":"BreadcrumbList","@id":"https:\/\/dumoulin.absoludev.ca\/produit\/lumieres-de-velo-cateye-sync-core-sync-kinetic\/#breadcrumb","itemListElement":[{"@type":"ListItem","position":1,"name":"Home","item":"https:\/\/dumoulin.absoludev.ca\/en\/"},{"@type":"ListItem","position":2,"name":"Shop","item":"https:\/\/dumoulin.absoludev.ca\/en\/shop\/"},{"@type":"ListItem","position":3,"name":"Lumi\u00e8res Cateye Sync Core &#038; Sync Kinetic"}]},{"@type":"WebSite","@id":"https:\/\/dumoulin.absoludev.ca\/#website","url":"https:\/\/dumoulin.absoludev.ca\/","name":"Dumoulin Bicyclettes","description":"","publisher":{"@id":"https:\/\/dumoulin.absoludev.ca\/#organization"},"potentialAction":[{"@type":"SearchAction","target":{"@type":"EntryPoint","urlTemplate":"https:\/\/dumoulin.absoludev.ca\/?s={search_term_string}"},"query-input":{"@type":"PropertyValueSpecification","valueRequired":true,"valueName":"search_term_string"}}],"inLanguage":"en-US"},{"@type":"Organization","@id":"https:\/\/dumoulin.absoludev.ca\/#organization","name":"Dumoulin Bicyclettes","url":"https:\/\/dumoulin.absoludev.ca\/","logo":{"@type":"ImageObject","inLanguage":"en-US","@id":"https:\/\/dumoulin.absoludev.ca\/#\/schema\/logo\/image\/","url":"https:\/\/www.dumoulinbicyclettes.com\/wp-content\/uploads\/2021\/04\/Logo.svg","contentUrl":"https:\/\/www.dumoulinbicyclettes.com\/wp-content\/uploads\/2021\/04\/Logo.svg","width":254,"height":86,"caption":"Dumoulin Bicyclettes"},"image":{"@id":"https:\/\/dumoulin.absoludev.ca\/#\/schema\/logo\/image\/"},"sameAs":["https:\/\/www.facebook.com\/dumoulinbicyclettes","https:\/\/www.instagram.com\/dumoulin.ca\/","https:\/\/www.youtube.com\/user\/dumoulinbicyclettes"]}]}},"_links":{"self":[{"href":"https:\/\/dumoulin.absoludev.ca\/en\/wp-json\/wp\/v2\/product\/310188","targetHints":{"allow":["GET"]}}],"collection":[{"href":"https:\/\/dumoulin.absoludev.ca\/en\/wp-json\/wp\/v2\/product"}],"about":[{"href":"https:\/\/dumoulin.absoludev.ca\/en\/wp-json\/wp\/v2\/types\/product"}],"wp:featuredmedia":[{"embeddable":true,"href":"https:\/\/dumoulin.absoludev.ca\/en\/wp-json\/wp\/v2\/media\/310189"}],"wp:attachment":[{"href":"https:\/\/dumoulin.absoludev.ca\/en\/wp-json\/wp\/v2\/media?parent=310188"}],"wp:term":[{"taxonomy":"product_brand","embeddable":true,"href":"https:\/\/dumoulin.absoludev.ca\/en\/wp-json\/wp\/v2\/product_brand?post=310188"},{"taxonomy":"product_cat","embeddable":true,"href":"https:\/\/dumoulin.absoludev.ca\/en\/wp-json\/wp\/v2\/product_cat?post=310188"},{"taxonomy":"product_tag","embeddable":true,"href":"https:\/\/dumoulin.absoludev.ca\/en\/wp-json\/wp\/v2\/product_tag?post=310188"},{"taxonomy":"marque-produit","embeddable":true,"href":"https:\/\/dumoulin.absoludev.ca\/en\/wp-json\/wp\/v2\/marque-produit?post=310188"},{"taxonomy":"collection-produit","embeddable":true,"href":"https:\/\/dumoulin.absoludev.ca\/en\/wp-json\/wp\/v2\/collection-produit?post=310188"},{"taxonomy":"type-surface-produit","embeddable":true,"href":"https:\/\/dumoulin.absoludev.ca\/en\/wp-json\/wp\/v2\/type-surface-produit?post=310188"},{"taxonomy":"type-velo-produit","embeddable":true,"href":"https:\/\/dumoulin.absoludev.ca\/en\/wp-json\/wp\/v2\/type-velo-produit?post=310188"},{"taxonomy":"vetement-produit","embeddable":true,"href":"https:\/\/dumoulin.absoludev.ca\/en\/wp-json\/wp\/v2\/vetement-produit?post=310188"},{"taxonomy":"thematique-produit","embeddable":true,"href":"https:\/\/dumoulin.absoludev.ca\/en\/wp-json\/wp\/v2\/thematique-produit?post=310188"},{"taxonomy":"position-sur-le-v\u00e9lo","embeddable":true,"href":"https:\/\/dumoulin.absoludev.ca\/en\/wp-json\/wp\/v2\/position-sur-le-v\u00e9lo?post=310188"}],"curies":[{"name":"wp","href":"https:\/\/api.w.org\/{rel}","templated":true}]}}