{"id":305383,"date":"2023-09-27T11:03:15","date_gmt":"2023-09-27T15:03:15","guid":{"rendered":"http:\/\/www.dumoulinbicyclettes.com\/?post_type=product&#038;p=305383"},"modified":"2025-09-04T14:19:23","modified_gmt":"2025-09-04T18:19:23","slug":"continental-spike-240-velo-d-hiver-pneus-a-clous","status":"publish","type":"product","link":"https:\/\/dumoulin.absoludev.ca\/en\/produit\/continental-spike-240-velo-d-hiver-pneus-a-clous\/","title":{"rendered":"Pneu d&#8217;hiver Continental Spike 240"},"content":{"rendered":"<p>Les pneus \u00e0 clous Continental Spike vous aide \u00e0 pratiquer le <a href=\"https:\/\/www.dumoulinbicyclettes.com\/velo-d-hiver\/\" rel=\"noopener\" target=\"_blank\">v\u00e9lo d&#8217;hiver<\/a>. Gr\u00e2ce \u00e0 deux rang\u00e9es de clous, vous pourrez rouler avec confiance cet hiver.<\/p>\n<p>Disponibles uniquement en taille \u00ab<a href=\"https:\/\/www.dumoulinbicyclettes.com\/au-sujet-des-tailles-de-pneus\/\" rel=\"noopener\" target=\"_blank\">700<\/a>\u00bb<\/p>\n","protected":false},"excerpt":{"rendered":"<p>Les pneus \u00e0 clous Continental Spike vous aide \u00e0 pratiquer le v\u00e9lo d&#8217;hiver. Gr\u00e2ce \u00e0 deux rang\u00e9es de clous, vous pourrez rouler avec confiance cet hiver. Disponibles uniquement en taille \u00ab700\u00bb<\/p>\n","protected":false},"featured_media":19578,"template":"","meta":{"_acf_changed":false},"product_brand":[],"product_cat":[226],"product_tag":[2278,2279],"marque-produit":[1362],"collection-produit":[2886,2887],"type-surface-produit":[1244],"type-velo-produit":[],"vetement-produit":[],"thematique-produit":[1238],"position-sur-le-v\u00e9lo":[],"class_list":{"0":"post-305383","1":"product","2":"type-product","3":"status-publish","4":"has-post-thumbnail","6":"product_cat-pneus","7":"product_tag-continental","8":"product_tag-spike","9":"marque-produit-continental","10":"collection-produit-hiver","11":"collection-produit-pneu","12":"type-surface-produit-hiver","13":"thematique-produit-hiver","15":"first","16":"instock","17":"taxable","18":"shipping-taxable","19":"purchasable","20":"product-type-variable"},"acf":[],"yoast_head":"<!-- This site is optimized with the Yoast SEO plugin v24.3 - https:\/\/yoast.com\/wordpress\/plugins\/seo\/ -->\n<title>V\u00e9lo d&#039;hiver - Pneus \u00e0 clous Continental Spike | 240 clous |\u00a0Montr\u00e9al<\/title>\n<meta name=\"description\" content=\"Les pneus \u00e0 clous Continental Spike vous aide \u00e0 pratiquer le v\u00e9lo d&#039;hiver avec un maximum de s\u00e9curit\u00e9. Uniquement disponibles en 622 mm.\" \/>\n<meta name=\"robots\" content=\"noindex, follow, max-snippet:-1, max-image-preview:large, max-video-preview:-1\" \/>\n<meta property=\"og:locale\" content=\"en_US\" \/>\n<meta property=\"og:type\" content=\"article\" \/>\n<meta property=\"og:title\" content=\"V\u00e9lo d&#039;hiver - Pneus \u00e0 clous Continental Spike | 240 clous |\u00a0Montr\u00e9al\" \/>\n<meta property=\"og:description\" content=\"Les pneus \u00e0 clous Continental Spike vous aide \u00e0 pratiquer le v\u00e9lo d&#039;hiver avec un maximum de s\u00e9curit\u00e9. Uniquement disponibles en 622 mm.\" \/>\n<meta property=\"og:url\" content=\"https:\/\/dumoulin.absoludev.ca\/en\/produit\/continental-spike-240-velo-d-hiver-pneus-a-clous\/\" \/>\n<meta property=\"og:site_name\" content=\"Dumoulin Bicyclettes\" \/>\n<meta property=\"article:publisher\" content=\"https:\/\/www.facebook.com\/dumoulinbicyclettes\" \/>\n<meta property=\"article:modified_time\" content=\"2025-09-04T18:19:23+00:00\" \/>\n<meta property=\"og:image\" content=\"https:\/\/dumoulin.absoludev.ca\/wp-content\/uploads\/2021\/09\/contact-spike.png\" \/>\n\t<meta property=\"og:image:width\" content=\"570\" \/>\n\t<meta property=\"og:image:height\" content=\"460\" \/>\n\t<meta property=\"og:image:type\" content=\"image\/png\" \/>\n<meta name=\"twitter:card\" content=\"summary_large_image\" \/>\n<meta name=\"twitter:label1\" content=\"Est. reading time\" \/>\n\t<meta name=\"twitter:data1\" content=\"1 minute\" \/>\n<script type=\"application\/ld+json\" class=\"yoast-schema-graph\">{\"@context\":\"https:\/\/schema.org\",\"@graph\":[{\"@type\":\"WebPage\",\"@id\":\"https:\/\/dumoulin.absoludev.ca\/en\/produit\/continental-spike-240-velo-d-hiver-pneus-a-clous\/\",\"url\":\"https:\/\/dumoulin.absoludev.ca\/en\/produit\/continental-spike-240-velo-d-hiver-pneus-a-clous\/\",\"name\":\"V\u00e9lo d'hiver - Pneus \u00e0 clous Continental Spike | 240 clous |\u00a0Montr\u00e9al\",\"isPartOf\":{\"@id\":\"https:\/\/dumoulin.absoludev.ca\/#website\"},\"primaryImageOfPage\":{\"@id\":\"https:\/\/dumoulin.absoludev.ca\/en\/produit\/continental-spike-240-velo-d-hiver-pneus-a-clous\/#primaryimage\"},\"image\":{\"@id\":\"https:\/\/dumoulin.absoludev.ca\/en\/produit\/continental-spike-240-velo-d-hiver-pneus-a-clous\/#primaryimage\"},\"thumbnailUrl\":\"https:\/\/dumoulin.absoludev.ca\/wp-content\/uploads\/2021\/09\/contact-spike.png\",\"datePublished\":\"2023-09-27T15:03:15+00:00\",\"dateModified\":\"2025-09-04T18:19:23+00:00\",\"description\":\"Les pneus \u00e0 clous Continental Spike vous aide \u00e0 pratiquer le v\u00e9lo d'hiver avec un maximum de s\u00e9curit\u00e9. Uniquement disponibles en 622 mm.\",\"breadcrumb\":{\"@id\":\"https:\/\/dumoulin.absoludev.ca\/en\/produit\/continental-spike-240-velo-d-hiver-pneus-a-clous\/#breadcrumb\"},\"inLanguage\":\"en-US\",\"potentialAction\":[{\"@type\":\"ReadAction\",\"target\":[\"https:\/\/dumoulin.absoludev.ca\/en\/produit\/continental-spike-240-velo-d-hiver-pneus-a-clous\/\"]}]},{\"@type\":\"ImageObject\",\"inLanguage\":\"en-US\",\"@id\":\"https:\/\/dumoulin.absoludev.ca\/en\/produit\/continental-spike-240-velo-d-hiver-pneus-a-clous\/#primaryimage\",\"url\":\"https:\/\/dumoulin.absoludev.ca\/wp-content\/uploads\/2021\/09\/contact-spike.png\",\"contentUrl\":\"https:\/\/dumoulin.absoludev.ca\/wp-content\/uploads\/2021\/09\/contact-spike.png\",\"width\":570,\"height\":460,\"caption\":\"Pneu Continental Contact Spike-velo-d-hiver\"},{\"@type\":\"BreadcrumbList\",\"@id\":\"https:\/\/dumoulin.absoludev.ca\/en\/produit\/continental-spike-240-velo-d-hiver-pneus-a-clous\/#breadcrumb\",\"itemListElement\":[{\"@type\":\"ListItem\",\"position\":1,\"name\":\"Home\",\"item\":\"https:\/\/dumoulin.absoludev.ca\/en\/\"},{\"@type\":\"ListItem\",\"position\":2,\"name\":\"Shop\",\"item\":\"https:\/\/dumoulin.absoludev.ca\/en\/shop\/\"},{\"@type\":\"ListItem\",\"position\":3,\"name\":\"Pneu d&#8217;hiver Continental Spike 240\"}]},{\"@type\":\"WebSite\",\"@id\":\"https:\/\/dumoulin.absoludev.ca\/#website\",\"url\":\"https:\/\/dumoulin.absoludev.ca\/\",\"name\":\"Dumoulin Bicyclettes\",\"description\":\"\",\"publisher\":{\"@id\":\"https:\/\/dumoulin.absoludev.ca\/#organization\"},\"potentialAction\":[{\"@type\":\"SearchAction\",\"target\":{\"@type\":\"EntryPoint\",\"urlTemplate\":\"https:\/\/dumoulin.absoludev.ca\/?s={search_term_string}\"},\"query-input\":{\"@type\":\"PropertyValueSpecification\",\"valueRequired\":true,\"valueName\":\"search_term_string\"}}],\"inLanguage\":\"en-US\"},{\"@type\":\"Organization\",\"@id\":\"https:\/\/dumoulin.absoludev.ca\/#organization\",\"name\":\"Dumoulin Bicyclettes\",\"url\":\"https:\/\/dumoulin.absoludev.ca\/\",\"logo\":{\"@type\":\"ImageObject\",\"inLanguage\":\"en-US\",\"@id\":\"https:\/\/dumoulin.absoludev.ca\/#\/schema\/logo\/image\/\",\"url\":\"https:\/\/www.dumoulinbicyclettes.com\/wp-content\/uploads\/2021\/04\/Logo.svg\",\"contentUrl\":\"https:\/\/www.dumoulinbicyclettes.com\/wp-content\/uploads\/2021\/04\/Logo.svg\",\"width\":254,\"height\":86,\"caption\":\"Dumoulin Bicyclettes\"},\"image\":{\"@id\":\"https:\/\/dumoulin.absoludev.ca\/#\/schema\/logo\/image\/\"},\"sameAs\":[\"https:\/\/www.facebook.com\/dumoulinbicyclettes\",\"https:\/\/www.instagram.com\/dumoulin.ca\/\",\"https:\/\/www.youtube.com\/user\/dumoulinbicyclettes\"]}]}<\/script>\n<!-- \/ Yoast SEO plugin. -->","yoast_head_json":{"title":"V\u00e9lo d'hiver - Pneus \u00e0 clous Continental Spike | 240 clous |\u00a0Montr\u00e9al","description":"Les pneus \u00e0 clous Continental Spike vous aide \u00e0 pratiquer le v\u00e9lo d'hiver avec un maximum de s\u00e9curit\u00e9. Uniquement disponibles en 622 mm.","robots":{"index":"noindex","follow":"follow","max-snippet":"max-snippet:-1","max-image-preview":"max-image-preview:large","max-video-preview":"max-video-preview:-1"},"og_locale":"en_US","og_type":"article","og_title":"V\u00e9lo d'hiver - Pneus \u00e0 clous Continental Spike | 240 clous |\u00a0Montr\u00e9al","og_description":"Les pneus \u00e0 clous Continental Spike vous aide \u00e0 pratiquer le v\u00e9lo d'hiver avec un maximum de s\u00e9curit\u00e9. Uniquement disponibles en 622 mm.","og_url":"https:\/\/dumoulin.absoludev.ca\/en\/produit\/continental-spike-240-velo-d-hiver-pneus-a-clous\/","og_site_name":"Dumoulin Bicyclettes","article_publisher":"https:\/\/www.facebook.com\/dumoulinbicyclettes","article_modified_time":"2025-09-04T18:19:23+00:00","og_image":[{"width":570,"height":460,"url":"https:\/\/dumoulin.absoludev.ca\/wp-content\/uploads\/2021\/09\/contact-spike.png","type":"image\/png"}],"twitter_card":"summary_large_image","twitter_misc":{"Est. reading time":"1 minute"},"schema":{"@context":"https:\/\/schema.org","@graph":[{"@type":"WebPage","@id":"https:\/\/dumoulin.absoludev.ca\/en\/produit\/continental-spike-240-velo-d-hiver-pneus-a-clous\/","url":"https:\/\/dumoulin.absoludev.ca\/en\/produit\/continental-spike-240-velo-d-hiver-pneus-a-clous\/","name":"V\u00e9lo d'hiver - Pneus \u00e0 clous Continental Spike | 240 clous |\u00a0Montr\u00e9al","isPartOf":{"@id":"https:\/\/dumoulin.absoludev.ca\/#website"},"primaryImageOfPage":{"@id":"https:\/\/dumoulin.absoludev.ca\/en\/produit\/continental-spike-240-velo-d-hiver-pneus-a-clous\/#primaryimage"},"image":{"@id":"https:\/\/dumoulin.absoludev.ca\/en\/produit\/continental-spike-240-velo-d-hiver-pneus-a-clous\/#primaryimage"},"thumbnailUrl":"https:\/\/dumoulin.absoludev.ca\/wp-content\/uploads\/2021\/09\/contact-spike.png","datePublished":"2023-09-27T15:03:15+00:00","dateModified":"2025-09-04T18:19:23+00:00","description":"Les pneus \u00e0 clous Continental Spike vous aide \u00e0 pratiquer le v\u00e9lo d'hiver avec un maximum de s\u00e9curit\u00e9. Uniquement disponibles en 622 mm.","breadcrumb":{"@id":"https:\/\/dumoulin.absoludev.ca\/en\/produit\/continental-spike-240-velo-d-hiver-pneus-a-clous\/#breadcrumb"},"inLanguage":"en-US","potentialAction":[{"@type":"ReadAction","target":["https:\/\/dumoulin.absoludev.ca\/en\/produit\/continental-spike-240-velo-d-hiver-pneus-a-clous\/"]}]},{"@type":"ImageObject","inLanguage":"en-US","@id":"https:\/\/dumoulin.absoludev.ca\/en\/produit\/continental-spike-240-velo-d-hiver-pneus-a-clous\/#primaryimage","url":"https:\/\/dumoulin.absoludev.ca\/wp-content\/uploads\/2021\/09\/contact-spike.png","contentUrl":"https:\/\/dumoulin.absoludev.ca\/wp-content\/uploads\/2021\/09\/contact-spike.png","width":570,"height":460,"caption":"Pneu Continental Contact Spike-velo-d-hiver"},{"@type":"BreadcrumbList","@id":"https:\/\/dumoulin.absoludev.ca\/en\/produit\/continental-spike-240-velo-d-hiver-pneus-a-clous\/#breadcrumb","itemListElement":[{"@type":"ListItem","position":1,"name":"Home","item":"https:\/\/dumoulin.absoludev.ca\/en\/"},{"@type":"ListItem","position":2,"name":"Shop","item":"https:\/\/dumoulin.absoludev.ca\/en\/shop\/"},{"@type":"ListItem","position":3,"name":"Pneu d&#8217;hiver Continental Spike 240"}]},{"@type":"WebSite","@id":"https:\/\/dumoulin.absoludev.ca\/#website","url":"https:\/\/dumoulin.absoludev.ca\/","name":"Dumoulin Bicyclettes","description":"","publisher":{"@id":"https:\/\/dumoulin.absoludev.ca\/#organization"},"potentialAction":[{"@type":"SearchAction","target":{"@type":"EntryPoint","urlTemplate":"https:\/\/dumoulin.absoludev.ca\/?s={search_term_string}"},"query-input":{"@type":"PropertyValueSpecification","valueRequired":true,"valueName":"search_term_string"}}],"inLanguage":"en-US"},{"@type":"Organization","@id":"https:\/\/dumoulin.absoludev.ca\/#organization","name":"Dumoulin Bicyclettes","url":"https:\/\/dumoulin.absoludev.ca\/","logo":{"@type":"ImageObject","inLanguage":"en-US","@id":"https:\/\/dumoulin.absoludev.ca\/#\/schema\/logo\/image\/","url":"https:\/\/www.dumoulinbicyclettes.com\/wp-content\/uploads\/2021\/04\/Logo.svg","contentUrl":"https:\/\/www.dumoulinbicyclettes.com\/wp-content\/uploads\/2021\/04\/Logo.svg","width":254,"height":86,"caption":"Dumoulin Bicyclettes"},"image":{"@id":"https:\/\/dumoulin.absoludev.ca\/#\/schema\/logo\/image\/"},"sameAs":["https:\/\/www.facebook.com\/dumoulinbicyclettes","https:\/\/www.instagram.com\/dumoulin.ca\/","https:\/\/www.youtube.com\/user\/dumoulinbicyclettes"]}]}},"_links":{"self":[{"href":"https:\/\/dumoulin.absoludev.ca\/en\/wp-json\/wp\/v2\/product\/305383","targetHints":{"allow":["GET"]}}],"collection":[{"href":"https:\/\/dumoulin.absoludev.ca\/en\/wp-json\/wp\/v2\/product"}],"about":[{"href":"https:\/\/dumoulin.absoludev.ca\/en\/wp-json\/wp\/v2\/types\/product"}],"wp:featuredmedia":[{"embeddable":true,"href":"https:\/\/dumoulin.absoludev.ca\/en\/wp-json\/wp\/v2\/media\/19578"}],"wp:attachment":[{"href":"https:\/\/dumoulin.absoludev.ca\/en\/wp-json\/wp\/v2\/media?parent=305383"}],"wp:term":[{"taxonomy":"product_brand","embeddable":true,"href":"https:\/\/dumoulin.absoludev.ca\/en\/wp-json\/wp\/v2\/product_brand?post=305383"},{"taxonomy":"product_cat","embeddable":true,"href":"https:\/\/dumoulin.absoludev.ca\/en\/wp-json\/wp\/v2\/product_cat?post=305383"},{"taxonomy":"product_tag","embeddable":true,"href":"https:\/\/dumoulin.absoludev.ca\/en\/wp-json\/wp\/v2\/product_tag?post=305383"},{"taxonomy":"marque-produit","embeddable":true,"href":"https:\/\/dumoulin.absoludev.ca\/en\/wp-json\/wp\/v2\/marque-produit?post=305383"},{"taxonomy":"collection-produit","embeddable":true,"href":"https:\/\/dumoulin.absoludev.ca\/en\/wp-json\/wp\/v2\/collection-produit?post=305383"},{"taxonomy":"type-surface-produit","embeddable":true,"href":"https:\/\/dumoulin.absoludev.ca\/en\/wp-json\/wp\/v2\/type-surface-produit?post=305383"},{"taxonomy":"type-velo-produit","embeddable":true,"href":"https:\/\/dumoulin.absoludev.ca\/en\/wp-json\/wp\/v2\/type-velo-produit?post=305383"},{"taxonomy":"vetement-produit","embeddable":true,"href":"https:\/\/dumoulin.absoludev.ca\/en\/wp-json\/wp\/v2\/vetement-produit?post=305383"},{"taxonomy":"thematique-produit","embeddable":true,"href":"https:\/\/dumoulin.absoludev.ca\/en\/wp-json\/wp\/v2\/thematique-produit?post=305383"},{"taxonomy":"position-sur-le-v\u00e9lo","embeddable":true,"href":"https:\/\/dumoulin.absoludev.ca\/en\/wp-json\/wp\/v2\/position-sur-le-v\u00e9lo?post=305383"}],"curies":[{"name":"wp","href":"https:\/\/api.w.org\/{rel}","templated":true}]}}