{"id":295187,"date":"2023-09-08T10:02:38","date_gmt":"2023-09-08T14:02:38","guid":{"rendered":"http:\/\/www.dumoulinbicyclettes.com\/?post_type=product&#038;p=295187"},"modified":"2025-09-04T14:18:12","modified_gmt":"2025-09-04T18:18:12","slug":"moyeu-dynamo-son28-thru-axle-15x100mm","status":"publish","type":"product","link":"https:\/\/dumoulin.absoludev.ca\/en\/produit\/moyeu-dynamo-son28-thru-axle-15x100mm\/","title":{"rendered":"Moyeu SON 28, axe traversant 15x100mm"},"content":{"rendered":"<p>Le moyeu Son 28 est la r\u00e9f\u00e9rence mondiale en ce qui a trait aux dynamos.<\/p>\n<p>Avec une r\u00e9sistance au roulement minime, vous pouvez commencer \u00e0 produire de l&#8217;\u00e9lectricit\u00e9 \u00e0 faible allure. De quoi vous \u00e9clairer mais \u00e9galement utiliser des chargeurs pour vos \u00e9quipements \u00e9lectroniques.<\/p>\n","protected":false},"excerpt":{"rendered":"<p>Le moyeu Son 28 est la r\u00e9f\u00e9rence mondiale en ce qui a trait aux dynamos. Avec une r\u00e9sistance au roulement minime, vous pouvez commencer \u00e0 produire de l&#8217;\u00e9lectricit\u00e9 \u00e0 faible allure. De quoi vous \u00e9clairer mais \u00e9galement utiliser des chargeurs pour vos \u00e9quipements \u00e9lectroniques.<\/p>\n","protected":false},"featured_media":295189,"template":"","meta":{"_acf_changed":false},"product_brand":[],"product_cat":[210,229],"product_tag":[],"marque-produit":[1286],"collection-produit":[],"type-surface-produit":[],"type-velo-produit":[],"vetement-produit":[],"thematique-produit":[],"position-sur-le-v\u00e9lo":[],"class_list":{"0":"post-295187","1":"product","2":"type-product","3":"status-publish","4":"has-post-thumbnail","6":"product_cat-dynamos-moyeux-et-lumieres","7":"product_cat-moyeux-dynamos","8":"marque-produit-son-schmidt-original-nabendynamo","10":"first","11":"outofstock","12":"sale","13":"taxable","14":"shipping-taxable","15":"purchasable","16":"product-type-variable"},"acf":[],"yoast_head":"<!-- This site is optimized with the Yoast SEO plugin v24.3 - https:\/\/yoast.com\/wordpress\/plugins\/seo\/ -->\n<title>Moyeu SON 28, axe traversant 15x100mm - Dumoulin Bicyclettes<\/title>\n<meta name=\"description\" content=\"Moyeu \u00e0 dynamo SON28, pour axes traversant 15mm. La r\u00e9f\u00e9rence mondial pour les dynamo, SON est fabriqu\u00e9 en Allemagne, pour vous \u00e9clairer longtemps.\" \/>\n<meta name=\"robots\" content=\"noindex, follow, max-snippet:-1, max-image-preview:large, max-video-preview:-1\" \/>\n<meta property=\"og:locale\" content=\"en_US\" \/>\n<meta property=\"og:type\" content=\"article\" \/>\n<meta property=\"og:title\" content=\"Moyeu SON 28, axe traversant 15x100mm - Dumoulin Bicyclettes\" \/>\n<meta property=\"og:description\" content=\"Moyeu \u00e0 dynamo SON28, pour axes traversant 15mm. La r\u00e9f\u00e9rence mondial pour les dynamo, SON est fabriqu\u00e9 en Allemagne, pour vous \u00e9clairer longtemps.\" \/>\n<meta property=\"og:url\" content=\"https:\/\/dumoulin.absoludev.ca\/produit\/moyeu-dynamo-son28-thru-axle-15x100mm\/\" \/>\n<meta property=\"og:site_name\" content=\"Dumoulin Bicyclettes\" \/>\n<meta property=\"article:publisher\" content=\"https:\/\/www.facebook.com\/dumoulinbicyclettes\" \/>\n<meta property=\"article:modified_time\" content=\"2025-09-04T18:18:12+00:00\" \/>\n<meta property=\"og:image\" content=\"https:\/\/dumoulin.absoludev.ca\/wp-content\/uploads\/2023\/09\/Moyeu_SON28-15-disc_silber_web.jpg\" \/>\n\t<meta property=\"og:image:width\" content=\"1000\" \/>\n\t<meta property=\"og:image:height\" content=\"763\" \/>\n\t<meta property=\"og:image:type\" content=\"image\/jpeg\" \/>\n<meta name=\"twitter:card\" content=\"summary_large_image\" \/>\n<meta name=\"twitter:label1\" content=\"Est. reading time\" \/>\n\t<meta name=\"twitter:data1\" content=\"1 minute\" \/>\n<script type=\"application\/ld+json\" class=\"yoast-schema-graph\">{\"@context\":\"https:\/\/schema.org\",\"@graph\":[{\"@type\":\"WebPage\",\"@id\":\"https:\/\/dumoulin.absoludev.ca\/produit\/moyeu-dynamo-son28-thru-axle-15x100mm\/\",\"url\":\"https:\/\/dumoulin.absoludev.ca\/produit\/moyeu-dynamo-son28-thru-axle-15x100mm\/\",\"name\":\"Moyeu SON 28, axe traversant 15x100mm - Dumoulin Bicyclettes\",\"isPartOf\":{\"@id\":\"https:\/\/dumoulin.absoludev.ca\/#website\"},\"primaryImageOfPage\":{\"@id\":\"https:\/\/dumoulin.absoludev.ca\/produit\/moyeu-dynamo-son28-thru-axle-15x100mm\/#primaryimage\"},\"image\":{\"@id\":\"https:\/\/dumoulin.absoludev.ca\/produit\/moyeu-dynamo-son28-thru-axle-15x100mm\/#primaryimage\"},\"thumbnailUrl\":\"https:\/\/dumoulin.absoludev.ca\/wp-content\/uploads\/2023\/09\/Moyeu_SON28-15-disc_silber_web.jpg\",\"datePublished\":\"2023-09-08T14:02:38+00:00\",\"dateModified\":\"2025-09-04T18:18:12+00:00\",\"description\":\"Moyeu \u00e0 dynamo SON28, pour axes traversant 15mm. La r\u00e9f\u00e9rence mondial pour les dynamo, SON est fabriqu\u00e9 en Allemagne, pour vous \u00e9clairer longtemps.\",\"breadcrumb\":{\"@id\":\"https:\/\/dumoulin.absoludev.ca\/produit\/moyeu-dynamo-son28-thru-axle-15x100mm\/#breadcrumb\"},\"inLanguage\":\"en-US\",\"potentialAction\":[{\"@type\":\"ReadAction\",\"target\":[\"https:\/\/dumoulin.absoludev.ca\/produit\/moyeu-dynamo-son28-thru-axle-15x100mm\/\"]}]},{\"@type\":\"ImageObject\",\"inLanguage\":\"en-US\",\"@id\":\"https:\/\/dumoulin.absoludev.ca\/produit\/moyeu-dynamo-son28-thru-axle-15x100mm\/#primaryimage\",\"url\":\"https:\/\/dumoulin.absoludev.ca\/wp-content\/uploads\/2023\/09\/Moyeu_SON28-15-disc_silber_web.jpg\",\"contentUrl\":\"https:\/\/dumoulin.absoludev.ca\/wp-content\/uploads\/2023\/09\/Moyeu_SON28-15-disc_silber_web.jpg\",\"width\":1000,\"height\":763},{\"@type\":\"BreadcrumbList\",\"@id\":\"https:\/\/dumoulin.absoludev.ca\/produit\/moyeu-dynamo-son28-thru-axle-15x100mm\/#breadcrumb\",\"itemListElement\":[{\"@type\":\"ListItem\",\"position\":1,\"name\":\"Home\",\"item\":\"https:\/\/dumoulin.absoludev.ca\/en\/\"},{\"@type\":\"ListItem\",\"position\":2,\"name\":\"Shop\",\"item\":\"https:\/\/dumoulin.absoludev.ca\/en\/shop\/\"},{\"@type\":\"ListItem\",\"position\":3,\"name\":\"Moyeu SON 28, axe traversant 15x100mm\"}]},{\"@type\":\"WebSite\",\"@id\":\"https:\/\/dumoulin.absoludev.ca\/#website\",\"url\":\"https:\/\/dumoulin.absoludev.ca\/\",\"name\":\"Dumoulin Bicyclettes\",\"description\":\"\",\"publisher\":{\"@id\":\"https:\/\/dumoulin.absoludev.ca\/#organization\"},\"potentialAction\":[{\"@type\":\"SearchAction\",\"target\":{\"@type\":\"EntryPoint\",\"urlTemplate\":\"https:\/\/dumoulin.absoludev.ca\/?s={search_term_string}\"},\"query-input\":{\"@type\":\"PropertyValueSpecification\",\"valueRequired\":true,\"valueName\":\"search_term_string\"}}],\"inLanguage\":\"en-US\"},{\"@type\":\"Organization\",\"@id\":\"https:\/\/dumoulin.absoludev.ca\/#organization\",\"name\":\"Dumoulin Bicyclettes\",\"url\":\"https:\/\/dumoulin.absoludev.ca\/\",\"logo\":{\"@type\":\"ImageObject\",\"inLanguage\":\"en-US\",\"@id\":\"https:\/\/dumoulin.absoludev.ca\/#\/schema\/logo\/image\/\",\"url\":\"https:\/\/www.dumoulinbicyclettes.com\/wp-content\/uploads\/2021\/04\/Logo.svg\",\"contentUrl\":\"https:\/\/www.dumoulinbicyclettes.com\/wp-content\/uploads\/2021\/04\/Logo.svg\",\"width\":254,\"height\":86,\"caption\":\"Dumoulin Bicyclettes\"},\"image\":{\"@id\":\"https:\/\/dumoulin.absoludev.ca\/#\/schema\/logo\/image\/\"},\"sameAs\":[\"https:\/\/www.facebook.com\/dumoulinbicyclettes\",\"https:\/\/www.instagram.com\/dumoulin.ca\/\",\"https:\/\/www.youtube.com\/user\/dumoulinbicyclettes\"]}]}<\/script>\n<!-- \/ Yoast SEO plugin. -->","yoast_head_json":{"title":"Moyeu SON 28, axe traversant 15x100mm - Dumoulin Bicyclettes","description":"Moyeu \u00e0 dynamo SON28, pour axes traversant 15mm. La r\u00e9f\u00e9rence mondial pour les dynamo, SON est fabriqu\u00e9 en Allemagne, pour vous \u00e9clairer longtemps.","robots":{"index":"noindex","follow":"follow","max-snippet":"max-snippet:-1","max-image-preview":"max-image-preview:large","max-video-preview":"max-video-preview:-1"},"og_locale":"en_US","og_type":"article","og_title":"Moyeu SON 28, axe traversant 15x100mm - Dumoulin Bicyclettes","og_description":"Moyeu \u00e0 dynamo SON28, pour axes traversant 15mm. La r\u00e9f\u00e9rence mondial pour les dynamo, SON est fabriqu\u00e9 en Allemagne, pour vous \u00e9clairer longtemps.","og_url":"https:\/\/dumoulin.absoludev.ca\/produit\/moyeu-dynamo-son28-thru-axle-15x100mm\/","og_site_name":"Dumoulin Bicyclettes","article_publisher":"https:\/\/www.facebook.com\/dumoulinbicyclettes","article_modified_time":"2025-09-04T18:18:12+00:00","og_image":[{"width":1000,"height":763,"url":"https:\/\/dumoulin.absoludev.ca\/wp-content\/uploads\/2023\/09\/Moyeu_SON28-15-disc_silber_web.jpg","type":"image\/jpeg"}],"twitter_card":"summary_large_image","twitter_misc":{"Est. reading time":"1 minute"},"schema":{"@context":"https:\/\/schema.org","@graph":[{"@type":"WebPage","@id":"https:\/\/dumoulin.absoludev.ca\/produit\/moyeu-dynamo-son28-thru-axle-15x100mm\/","url":"https:\/\/dumoulin.absoludev.ca\/produit\/moyeu-dynamo-son28-thru-axle-15x100mm\/","name":"Moyeu SON 28, axe traversant 15x100mm - Dumoulin Bicyclettes","isPartOf":{"@id":"https:\/\/dumoulin.absoludev.ca\/#website"},"primaryImageOfPage":{"@id":"https:\/\/dumoulin.absoludev.ca\/produit\/moyeu-dynamo-son28-thru-axle-15x100mm\/#primaryimage"},"image":{"@id":"https:\/\/dumoulin.absoludev.ca\/produit\/moyeu-dynamo-son28-thru-axle-15x100mm\/#primaryimage"},"thumbnailUrl":"https:\/\/dumoulin.absoludev.ca\/wp-content\/uploads\/2023\/09\/Moyeu_SON28-15-disc_silber_web.jpg","datePublished":"2023-09-08T14:02:38+00:00","dateModified":"2025-09-04T18:18:12+00:00","description":"Moyeu \u00e0 dynamo SON28, pour axes traversant 15mm. La r\u00e9f\u00e9rence mondial pour les dynamo, SON est fabriqu\u00e9 en Allemagne, pour vous \u00e9clairer longtemps.","breadcrumb":{"@id":"https:\/\/dumoulin.absoludev.ca\/produit\/moyeu-dynamo-son28-thru-axle-15x100mm\/#breadcrumb"},"inLanguage":"en-US","potentialAction":[{"@type":"ReadAction","target":["https:\/\/dumoulin.absoludev.ca\/produit\/moyeu-dynamo-son28-thru-axle-15x100mm\/"]}]},{"@type":"ImageObject","inLanguage":"en-US","@id":"https:\/\/dumoulin.absoludev.ca\/produit\/moyeu-dynamo-son28-thru-axle-15x100mm\/#primaryimage","url":"https:\/\/dumoulin.absoludev.ca\/wp-content\/uploads\/2023\/09\/Moyeu_SON28-15-disc_silber_web.jpg","contentUrl":"https:\/\/dumoulin.absoludev.ca\/wp-content\/uploads\/2023\/09\/Moyeu_SON28-15-disc_silber_web.jpg","width":1000,"height":763},{"@type":"BreadcrumbList","@id":"https:\/\/dumoulin.absoludev.ca\/produit\/moyeu-dynamo-son28-thru-axle-15x100mm\/#breadcrumb","itemListElement":[{"@type":"ListItem","position":1,"name":"Home","item":"https:\/\/dumoulin.absoludev.ca\/en\/"},{"@type":"ListItem","position":2,"name":"Shop","item":"https:\/\/dumoulin.absoludev.ca\/en\/shop\/"},{"@type":"ListItem","position":3,"name":"Moyeu SON 28, axe traversant 15x100mm"}]},{"@type":"WebSite","@id":"https:\/\/dumoulin.absoludev.ca\/#website","url":"https:\/\/dumoulin.absoludev.ca\/","name":"Dumoulin Bicyclettes","description":"","publisher":{"@id":"https:\/\/dumoulin.absoludev.ca\/#organization"},"potentialAction":[{"@type":"SearchAction","target":{"@type":"EntryPoint","urlTemplate":"https:\/\/dumoulin.absoludev.ca\/?s={search_term_string}"},"query-input":{"@type":"PropertyValueSpecification","valueRequired":true,"valueName":"search_term_string"}}],"inLanguage":"en-US"},{"@type":"Organization","@id":"https:\/\/dumoulin.absoludev.ca\/#organization","name":"Dumoulin Bicyclettes","url":"https:\/\/dumoulin.absoludev.ca\/","logo":{"@type":"ImageObject","inLanguage":"en-US","@id":"https:\/\/dumoulin.absoludev.ca\/#\/schema\/logo\/image\/","url":"https:\/\/www.dumoulinbicyclettes.com\/wp-content\/uploads\/2021\/04\/Logo.svg","contentUrl":"https:\/\/www.dumoulinbicyclettes.com\/wp-content\/uploads\/2021\/04\/Logo.svg","width":254,"height":86,"caption":"Dumoulin Bicyclettes"},"image":{"@id":"https:\/\/dumoulin.absoludev.ca\/#\/schema\/logo\/image\/"},"sameAs":["https:\/\/www.facebook.com\/dumoulinbicyclettes","https:\/\/www.instagram.com\/dumoulin.ca\/","https:\/\/www.youtube.com\/user\/dumoulinbicyclettes"]}]}},"_links":{"self":[{"href":"https:\/\/dumoulin.absoludev.ca\/en\/wp-json\/wp\/v2\/product\/295187","targetHints":{"allow":["GET"]}}],"collection":[{"href":"https:\/\/dumoulin.absoludev.ca\/en\/wp-json\/wp\/v2\/product"}],"about":[{"href":"https:\/\/dumoulin.absoludev.ca\/en\/wp-json\/wp\/v2\/types\/product"}],"wp:featuredmedia":[{"embeddable":true,"href":"https:\/\/dumoulin.absoludev.ca\/en\/wp-json\/wp\/v2\/media\/295189"}],"wp:attachment":[{"href":"https:\/\/dumoulin.absoludev.ca\/en\/wp-json\/wp\/v2\/media?parent=295187"}],"wp:term":[{"taxonomy":"product_brand","embeddable":true,"href":"https:\/\/dumoulin.absoludev.ca\/en\/wp-json\/wp\/v2\/product_brand?post=295187"},{"taxonomy":"product_cat","embeddable":true,"href":"https:\/\/dumoulin.absoludev.ca\/en\/wp-json\/wp\/v2\/product_cat?post=295187"},{"taxonomy":"product_tag","embeddable":true,"href":"https:\/\/dumoulin.absoludev.ca\/en\/wp-json\/wp\/v2\/product_tag?post=295187"},{"taxonomy":"marque-produit","embeddable":true,"href":"https:\/\/dumoulin.absoludev.ca\/en\/wp-json\/wp\/v2\/marque-produit?post=295187"},{"taxonomy":"collection-produit","embeddable":true,"href":"https:\/\/dumoulin.absoludev.ca\/en\/wp-json\/wp\/v2\/collection-produit?post=295187"},{"taxonomy":"type-surface-produit","embeddable":true,"href":"https:\/\/dumoulin.absoludev.ca\/en\/wp-json\/wp\/v2\/type-surface-produit?post=295187"},{"taxonomy":"type-velo-produit","embeddable":true,"href":"https:\/\/dumoulin.absoludev.ca\/en\/wp-json\/wp\/v2\/type-velo-produit?post=295187"},{"taxonomy":"vetement-produit","embeddable":true,"href":"https:\/\/dumoulin.absoludev.ca\/en\/wp-json\/wp\/v2\/vetement-produit?post=295187"},{"taxonomy":"thematique-produit","embeddable":true,"href":"https:\/\/dumoulin.absoludev.ca\/en\/wp-json\/wp\/v2\/thematique-produit?post=295187"},{"taxonomy":"position-sur-le-v\u00e9lo","embeddable":true,"href":"https:\/\/dumoulin.absoludev.ca\/en\/wp-json\/wp\/v2\/position-sur-le-v\u00e9lo?post=295187"}],"curies":[{"name":"wp","href":"https:\/\/api.w.org\/{rel}","templated":true}]}}