{"id":294662,"date":"2023-09-07T12:03:49","date_gmt":"2023-09-07T16:03:49","guid":{"rendered":"http:\/\/www.dumoulinbicyclettes.com\/?post_type=product&#038;p=294662"},"modified":"2025-09-04T14:13:48","modified_gmt":"2025-09-04T18:13:48","slug":"miroir-mirrycle-pour-guidon-isozone-de-bontrager","status":"publish","type":"product","link":"https:\/\/dumoulin.absoludev.ca\/en\/produit\/miroir-mirrycle-pour-guidon-isozone-de-bontrager\/","title":{"rendered":"R\u00e9troviseur Mirrycle pour guidon Bontrager"},"content":{"rendered":"<p>Le miroir Mirrycle adapt\u00e9 aux guidons des <a href=\"https:\/\/www.dumoulinbicyclettes.com\/categorie-produit\/velos\/?swoof=1&#038;marque-produit=trek&#038;really_curr_tax=161-product_cat\" rel=\"noopener\" target=\"_blank\">v\u00e9los Trek<\/a> et notamment aux poign\u00e9es \u00abIsozone\u00bb<\/p>\n<p>Ce r\u00e9troviseur Mirrycle est un classique. Il se replie pour \u00e9viter les bris lorsque vous barrez votre v\u00e9lo. Le miroir en lui-m\u00eame offre une bonne vision de ce qui s&#8217;en vient derri\u00e8re vous.<\/p>\n<p>Notez que vous pouvez changer le miroir si jamais ce dernier se cassait.<\/p>\n","protected":false},"excerpt":{"rendered":"<p>Le miroir Mirrycle adapt\u00e9 aux guidons des v\u00e9los Trek et notamment aux poign\u00e9es \u00abIsozone\u00bb Ce r\u00e9troviseur Mirrycle est un classique. Il se replie pour \u00e9viter les bris lorsque vous barrez votre v\u00e9lo. Le miroir en lui-m\u00eame offre une bonne vision de ce qui s&#8217;en vient derri\u00e8re vous. Notez que vous pouvez changer le miroir si [&hellip;]<\/p>\n","protected":false},"featured_media":294663,"template":"","meta":{"_acf_changed":false},"product_brand":[],"product_cat":[2993],"product_tag":[2996,2874],"marque-produit":[2872],"collection-produit":[],"type-surface-produit":[],"type-velo-produit":[],"vetement-produit":[],"thematique-produit":[],"position-sur-le-v\u00e9lo":[],"class_list":{"0":"post-294662","1":"product","2":"type-product","3":"status-publish","4":"has-post-thumbnail","6":"product_cat-retroviseurs","7":"product_tag-isozone","8":"product_tag-mirrycle","9":"marque-produit-mirrycle","11":"first","12":"instock","13":"taxable","14":"shipping-taxable","15":"purchasable","16":"product-type-simple"},"acf":[],"yoast_head":"<!-- This site is optimized with the Yoast SEO plugin v24.3 - https:\/\/yoast.com\/wordpress\/plugins\/seo\/ -->\n<title>Miroir Mirrycle poign\u00e9es Isozone | Dumoulin Bicyclettes | r\u00e9troviseurs |<\/title>\n<meta name=\"description\" content=\"Le miroir Mirrycle est un classique. Cette version est adapt\u00e9e aux guidons des v\u00e9los Trek (Isozone). Un \u00e9quipement de v\u00e9lo urbain.\" \/>\n<meta name=\"robots\" content=\"noindex, follow, max-snippet:-1, max-image-preview:large, max-video-preview:-1\" \/>\n<meta property=\"og:locale\" content=\"en_US\" \/>\n<meta property=\"og:type\" content=\"article\" \/>\n<meta property=\"og:title\" content=\"Miroir Mirrycle poign\u00e9es Isozone | Dumoulin Bicyclettes | r\u00e9troviseurs |\" \/>\n<meta property=\"og:description\" content=\"Le miroir Mirrycle est un classique. Cette version est adapt\u00e9e aux guidons des v\u00e9los Trek (Isozone). Un \u00e9quipement de v\u00e9lo urbain.\" \/>\n<meta property=\"og:url\" content=\"https:\/\/dumoulin.absoludev.ca\/en\/produit\/miroir-mirrycle-pour-guidon-isozone-de-bontrager\/\" \/>\n<meta property=\"og:site_name\" content=\"Dumoulin Bicyclettes\" \/>\n<meta property=\"article:publisher\" content=\"https:\/\/www.facebook.com\/dumoulinbicyclettes\" \/>\n<meta property=\"article:modified_time\" content=\"2025-09-04T18:13:48+00:00\" \/>\n<meta property=\"og:image\" content=\"https:\/\/dumoulin.absoludev.ca\/wp-content\/uploads\/2023\/09\/15ce2e89-e429-469b-9428-e875ab9421d1.png\" \/>\n\t<meta property=\"og:image:width\" content=\"180\" \/>\n\t<meta property=\"og:image:height\" content=\"180\" \/>\n\t<meta property=\"og:image:type\" content=\"image\/png\" \/>\n<meta name=\"twitter:card\" content=\"summary_large_image\" \/>\n<script type=\"application\/ld+json\" class=\"yoast-schema-graph\">{\"@context\":\"https:\/\/schema.org\",\"@graph\":[{\"@type\":\"WebPage\",\"@id\":\"https:\/\/dumoulin.absoludev.ca\/en\/produit\/miroir-mirrycle-pour-guidon-isozone-de-bontrager\/\",\"url\":\"https:\/\/dumoulin.absoludev.ca\/en\/produit\/miroir-mirrycle-pour-guidon-isozone-de-bontrager\/\",\"name\":\"Miroir Mirrycle poign\u00e9es Isozone | Dumoulin Bicyclettes | r\u00e9troviseurs |\",\"isPartOf\":{\"@id\":\"https:\/\/dumoulin.absoludev.ca\/#website\"},\"primaryImageOfPage\":{\"@id\":\"https:\/\/dumoulin.absoludev.ca\/en\/produit\/miroir-mirrycle-pour-guidon-isozone-de-bontrager\/#primaryimage\"},\"image\":{\"@id\":\"https:\/\/dumoulin.absoludev.ca\/en\/produit\/miroir-mirrycle-pour-guidon-isozone-de-bontrager\/#primaryimage\"},\"thumbnailUrl\":\"https:\/\/dumoulin.absoludev.ca\/wp-content\/uploads\/2023\/09\/15ce2e89-e429-469b-9428-e875ab9421d1.png\",\"datePublished\":\"2023-09-07T16:03:49+00:00\",\"dateModified\":\"2025-09-04T18:13:48+00:00\",\"description\":\"Le miroir Mirrycle est un classique. Cette version est adapt\u00e9e aux guidons des v\u00e9los Trek (Isozone). Un \u00e9quipement de v\u00e9lo urbain.\",\"breadcrumb\":{\"@id\":\"https:\/\/dumoulin.absoludev.ca\/en\/produit\/miroir-mirrycle-pour-guidon-isozone-de-bontrager\/#breadcrumb\"},\"inLanguage\":\"en-US\",\"potentialAction\":[{\"@type\":\"ReadAction\",\"target\":[\"https:\/\/dumoulin.absoludev.ca\/en\/produit\/miroir-mirrycle-pour-guidon-isozone-de-bontrager\/\"]}]},{\"@type\":\"ImageObject\",\"inLanguage\":\"en-US\",\"@id\":\"https:\/\/dumoulin.absoludev.ca\/en\/produit\/miroir-mirrycle-pour-guidon-isozone-de-bontrager\/#primaryimage\",\"url\":\"https:\/\/dumoulin.absoludev.ca\/wp-content\/uploads\/2023\/09\/15ce2e89-e429-469b-9428-e875ab9421d1.png\",\"contentUrl\":\"https:\/\/dumoulin.absoludev.ca\/wp-content\/uploads\/2023\/09\/15ce2e89-e429-469b-9428-e875ab9421d1.png\",\"width\":180,\"height\":180},{\"@type\":\"BreadcrumbList\",\"@id\":\"https:\/\/dumoulin.absoludev.ca\/en\/produit\/miroir-mirrycle-pour-guidon-isozone-de-bontrager\/#breadcrumb\",\"itemListElement\":[{\"@type\":\"ListItem\",\"position\":1,\"name\":\"Home\",\"item\":\"https:\/\/dumoulin.absoludev.ca\/en\/\"},{\"@type\":\"ListItem\",\"position\":2,\"name\":\"Shop\",\"item\":\"https:\/\/dumoulin.absoludev.ca\/en\/shop\/\"},{\"@type\":\"ListItem\",\"position\":3,\"name\":\"R\u00e9troviseur Mirrycle pour guidon Bontrager\"}]},{\"@type\":\"WebSite\",\"@id\":\"https:\/\/dumoulin.absoludev.ca\/#website\",\"url\":\"https:\/\/dumoulin.absoludev.ca\/\",\"name\":\"Dumoulin Bicyclettes\",\"description\":\"\",\"publisher\":{\"@id\":\"https:\/\/dumoulin.absoludev.ca\/#organization\"},\"potentialAction\":[{\"@type\":\"SearchAction\",\"target\":{\"@type\":\"EntryPoint\",\"urlTemplate\":\"https:\/\/dumoulin.absoludev.ca\/?s={search_term_string}\"},\"query-input\":{\"@type\":\"PropertyValueSpecification\",\"valueRequired\":true,\"valueName\":\"search_term_string\"}}],\"inLanguage\":\"en-US\"},{\"@type\":\"Organization\",\"@id\":\"https:\/\/dumoulin.absoludev.ca\/#organization\",\"name\":\"Dumoulin Bicyclettes\",\"url\":\"https:\/\/dumoulin.absoludev.ca\/\",\"logo\":{\"@type\":\"ImageObject\",\"inLanguage\":\"en-US\",\"@id\":\"https:\/\/dumoulin.absoludev.ca\/#\/schema\/logo\/image\/\",\"url\":\"https:\/\/www.dumoulinbicyclettes.com\/wp-content\/uploads\/2021\/04\/Logo.svg\",\"contentUrl\":\"https:\/\/www.dumoulinbicyclettes.com\/wp-content\/uploads\/2021\/04\/Logo.svg\",\"width\":254,\"height\":86,\"caption\":\"Dumoulin Bicyclettes\"},\"image\":{\"@id\":\"https:\/\/dumoulin.absoludev.ca\/#\/schema\/logo\/image\/\"},\"sameAs\":[\"https:\/\/www.facebook.com\/dumoulinbicyclettes\",\"https:\/\/www.instagram.com\/dumoulin.ca\/\",\"https:\/\/www.youtube.com\/user\/dumoulinbicyclettes\"]}]}<\/script>\n<!-- \/ Yoast SEO plugin. -->","yoast_head_json":{"title":"Miroir Mirrycle poign\u00e9es Isozone | Dumoulin Bicyclettes | r\u00e9troviseurs |","description":"Le miroir Mirrycle est un classique. Cette version est adapt\u00e9e aux guidons des v\u00e9los Trek (Isozone). Un \u00e9quipement de v\u00e9lo urbain.","robots":{"index":"noindex","follow":"follow","max-snippet":"max-snippet:-1","max-image-preview":"max-image-preview:large","max-video-preview":"max-video-preview:-1"},"og_locale":"en_US","og_type":"article","og_title":"Miroir Mirrycle poign\u00e9es Isozone | Dumoulin Bicyclettes | r\u00e9troviseurs |","og_description":"Le miroir Mirrycle est un classique. Cette version est adapt\u00e9e aux guidons des v\u00e9los Trek (Isozone). Un \u00e9quipement de v\u00e9lo urbain.","og_url":"https:\/\/dumoulin.absoludev.ca\/en\/produit\/miroir-mirrycle-pour-guidon-isozone-de-bontrager\/","og_site_name":"Dumoulin Bicyclettes","article_publisher":"https:\/\/www.facebook.com\/dumoulinbicyclettes","article_modified_time":"2025-09-04T18:13:48+00:00","og_image":[{"width":180,"height":180,"url":"https:\/\/dumoulin.absoludev.ca\/wp-content\/uploads\/2023\/09\/15ce2e89-e429-469b-9428-e875ab9421d1.png","type":"image\/png"}],"twitter_card":"summary_large_image","schema":{"@context":"https:\/\/schema.org","@graph":[{"@type":"WebPage","@id":"https:\/\/dumoulin.absoludev.ca\/en\/produit\/miroir-mirrycle-pour-guidon-isozone-de-bontrager\/","url":"https:\/\/dumoulin.absoludev.ca\/en\/produit\/miroir-mirrycle-pour-guidon-isozone-de-bontrager\/","name":"Miroir Mirrycle poign\u00e9es Isozone | Dumoulin Bicyclettes | r\u00e9troviseurs |","isPartOf":{"@id":"https:\/\/dumoulin.absoludev.ca\/#website"},"primaryImageOfPage":{"@id":"https:\/\/dumoulin.absoludev.ca\/en\/produit\/miroir-mirrycle-pour-guidon-isozone-de-bontrager\/#primaryimage"},"image":{"@id":"https:\/\/dumoulin.absoludev.ca\/en\/produit\/miroir-mirrycle-pour-guidon-isozone-de-bontrager\/#primaryimage"},"thumbnailUrl":"https:\/\/dumoulin.absoludev.ca\/wp-content\/uploads\/2023\/09\/15ce2e89-e429-469b-9428-e875ab9421d1.png","datePublished":"2023-09-07T16:03:49+00:00","dateModified":"2025-09-04T18:13:48+00:00","description":"Le miroir Mirrycle est un classique. Cette version est adapt\u00e9e aux guidons des v\u00e9los Trek (Isozone). Un \u00e9quipement de v\u00e9lo urbain.","breadcrumb":{"@id":"https:\/\/dumoulin.absoludev.ca\/en\/produit\/miroir-mirrycle-pour-guidon-isozone-de-bontrager\/#breadcrumb"},"inLanguage":"en-US","potentialAction":[{"@type":"ReadAction","target":["https:\/\/dumoulin.absoludev.ca\/en\/produit\/miroir-mirrycle-pour-guidon-isozone-de-bontrager\/"]}]},{"@type":"ImageObject","inLanguage":"en-US","@id":"https:\/\/dumoulin.absoludev.ca\/en\/produit\/miroir-mirrycle-pour-guidon-isozone-de-bontrager\/#primaryimage","url":"https:\/\/dumoulin.absoludev.ca\/wp-content\/uploads\/2023\/09\/15ce2e89-e429-469b-9428-e875ab9421d1.png","contentUrl":"https:\/\/dumoulin.absoludev.ca\/wp-content\/uploads\/2023\/09\/15ce2e89-e429-469b-9428-e875ab9421d1.png","width":180,"height":180},{"@type":"BreadcrumbList","@id":"https:\/\/dumoulin.absoludev.ca\/en\/produit\/miroir-mirrycle-pour-guidon-isozone-de-bontrager\/#breadcrumb","itemListElement":[{"@type":"ListItem","position":1,"name":"Home","item":"https:\/\/dumoulin.absoludev.ca\/en\/"},{"@type":"ListItem","position":2,"name":"Shop","item":"https:\/\/dumoulin.absoludev.ca\/en\/shop\/"},{"@type":"ListItem","position":3,"name":"R\u00e9troviseur Mirrycle pour guidon Bontrager"}]},{"@type":"WebSite","@id":"https:\/\/dumoulin.absoludev.ca\/#website","url":"https:\/\/dumoulin.absoludev.ca\/","name":"Dumoulin Bicyclettes","description":"","publisher":{"@id":"https:\/\/dumoulin.absoludev.ca\/#organization"},"potentialAction":[{"@type":"SearchAction","target":{"@type":"EntryPoint","urlTemplate":"https:\/\/dumoulin.absoludev.ca\/?s={search_term_string}"},"query-input":{"@type":"PropertyValueSpecification","valueRequired":true,"valueName":"search_term_string"}}],"inLanguage":"en-US"},{"@type":"Organization","@id":"https:\/\/dumoulin.absoludev.ca\/#organization","name":"Dumoulin Bicyclettes","url":"https:\/\/dumoulin.absoludev.ca\/","logo":{"@type":"ImageObject","inLanguage":"en-US","@id":"https:\/\/dumoulin.absoludev.ca\/#\/schema\/logo\/image\/","url":"https:\/\/www.dumoulinbicyclettes.com\/wp-content\/uploads\/2021\/04\/Logo.svg","contentUrl":"https:\/\/www.dumoulinbicyclettes.com\/wp-content\/uploads\/2021\/04\/Logo.svg","width":254,"height":86,"caption":"Dumoulin Bicyclettes"},"image":{"@id":"https:\/\/dumoulin.absoludev.ca\/#\/schema\/logo\/image\/"},"sameAs":["https:\/\/www.facebook.com\/dumoulinbicyclettes","https:\/\/www.instagram.com\/dumoulin.ca\/","https:\/\/www.youtube.com\/user\/dumoulinbicyclettes"]}]}},"_links":{"self":[{"href":"https:\/\/dumoulin.absoludev.ca\/en\/wp-json\/wp\/v2\/product\/294662","targetHints":{"allow":["GET"]}}],"collection":[{"href":"https:\/\/dumoulin.absoludev.ca\/en\/wp-json\/wp\/v2\/product"}],"about":[{"href":"https:\/\/dumoulin.absoludev.ca\/en\/wp-json\/wp\/v2\/types\/product"}],"wp:featuredmedia":[{"embeddable":true,"href":"https:\/\/dumoulin.absoludev.ca\/en\/wp-json\/wp\/v2\/media\/294663"}],"wp:attachment":[{"href":"https:\/\/dumoulin.absoludev.ca\/en\/wp-json\/wp\/v2\/media?parent=294662"}],"wp:term":[{"taxonomy":"product_brand","embeddable":true,"href":"https:\/\/dumoulin.absoludev.ca\/en\/wp-json\/wp\/v2\/product_brand?post=294662"},{"taxonomy":"product_cat","embeddable":true,"href":"https:\/\/dumoulin.absoludev.ca\/en\/wp-json\/wp\/v2\/product_cat?post=294662"},{"taxonomy":"product_tag","embeddable":true,"href":"https:\/\/dumoulin.absoludev.ca\/en\/wp-json\/wp\/v2\/product_tag?post=294662"},{"taxonomy":"marque-produit","embeddable":true,"href":"https:\/\/dumoulin.absoludev.ca\/en\/wp-json\/wp\/v2\/marque-produit?post=294662"},{"taxonomy":"collection-produit","embeddable":true,"href":"https:\/\/dumoulin.absoludev.ca\/en\/wp-json\/wp\/v2\/collection-produit?post=294662"},{"taxonomy":"type-surface-produit","embeddable":true,"href":"https:\/\/dumoulin.absoludev.ca\/en\/wp-json\/wp\/v2\/type-surface-produit?post=294662"},{"taxonomy":"type-velo-produit","embeddable":true,"href":"https:\/\/dumoulin.absoludev.ca\/en\/wp-json\/wp\/v2\/type-velo-produit?post=294662"},{"taxonomy":"vetement-produit","embeddable":true,"href":"https:\/\/dumoulin.absoludev.ca\/en\/wp-json\/wp\/v2\/vetement-produit?post=294662"},{"taxonomy":"thematique-produit","embeddable":true,"href":"https:\/\/dumoulin.absoludev.ca\/en\/wp-json\/wp\/v2\/thematique-produit?post=294662"},{"taxonomy":"position-sur-le-v\u00e9lo","embeddable":true,"href":"https:\/\/dumoulin.absoludev.ca\/en\/wp-json\/wp\/v2\/position-sur-le-v\u00e9lo?post=294662"}],"curies":[{"name":"wp","href":"https:\/\/api.w.org\/{rel}","templated":true}]}}