{"id":278825,"date":"2023-07-24T16:04:38","date_gmt":"2023-07-24T20:04:38","guid":{"rendered":"http:\/\/www.dumoulinbicyclettes.com\/?post_type=product&#038;p=278825"},"modified":"2025-09-04T14:16:31","modified_gmt":"2025-09-04T18:16:31","slug":"retroviseur-buschmuller-cycle-star-e","status":"publish","type":"product","link":"https:\/\/dumoulin.absoludev.ca\/en\/produit\/retroviseur-buschmuller-cycle-star-e\/","title":{"rendered":"R\u00e9troviseur Busch&#038;M\u00fcller Cycle Star E"},"content":{"rendered":"<p>Ce mod\u00e8le de r\u00e9troviseur offre un miroir large et pentagonal.<\/p>\n<p>Son miroir s&#8217;ajuste aux angles n\u00e9cessaires. Le r\u00e9troviseur \u00abCycle Star E\u00bb est homologu\u00e9 pour les v\u00e9los \u00e9lectriques et s&#8217;installe sur la plupart des guidons droits.<\/p>\n<p>Utile partout, sur les pistes cyclables comme pour bien se placer dans un <a href=\"https:\/\/www.dumoulinbicyclettes.com\/amenagements-cyclistes-connaissez-vous-les-sas-velo\/\" rel=\"noopener\" target=\"_blank\">sas v\u00e9lo<\/a> par exemple.<\/p>\n","protected":false},"excerpt":{"rendered":"<p>Ce mod\u00e8le de r\u00e9troviseur offre un miroir large et pentagonal. Son miroir s&#8217;ajuste aux angles n\u00e9cessaires. Le r\u00e9troviseur \u00abCycle Star E\u00bb est homologu\u00e9 pour les v\u00e9los \u00e9lectriques et s&#8217;installe sur la plupart des guidons droits. Utile partout, sur les pistes cyclables comme pour bien se placer dans un sas v\u00e9lo par exemple.<\/p>\n","protected":false},"featured_media":278826,"template":"","meta":{"_acf_changed":false},"product_brand":[],"product_cat":[2993],"product_tag":[2994,2995,2487],"marque-produit":[1386],"collection-produit":[],"type-surface-produit":[],"type-velo-produit":[],"vetement-produit":[],"thematique-produit":[],"position-sur-le-v\u00e9lo":[],"class_list":{"0":"post-278825","1":"product","2":"type-product","3":"status-publish","4":"has-post-thumbnail","6":"product_cat-retroviseurs","7":"product_tag-bumm","8":"product_tag-cycle-star-e","9":"product_tag-retroviseur","10":"marque-produit-buschmuller","12":"first","13":"outofstock","14":"taxable","15":"shipping-taxable","16":"purchasable","17":"product-type-simple"},"acf":[],"yoast_head":"<!-- This site is optimized with the Yoast SEO plugin v24.3 - https:\/\/yoast.com\/wordpress\/plugins\/seo\/ -->\n<title>R\u00e9troviseur Busch&amp;M\u00fcller Cycle Star E - Dumoulin Bicyclettes<\/title>\n<meta name=\"description\" content=\"R\u00e9troviseur ajustable et avec un large miroir pour faciliter la vision de ce qui est derri\u00e8re vous, le Cycle Star E est homologu\u00e9 pour les VAE.\" \/>\n<meta name=\"robots\" content=\"noindex, follow, max-snippet:-1, max-image-preview:large, max-video-preview:-1\" \/>\n<meta property=\"og:locale\" content=\"en_US\" \/>\n<meta property=\"og:type\" content=\"article\" \/>\n<meta property=\"og:title\" content=\"R\u00e9troviseur Busch&amp;M\u00fcller Cycle Star E - Dumoulin Bicyclettes\" \/>\n<meta property=\"og:description\" content=\"R\u00e9troviseur ajustable et avec un large miroir pour faciliter la vision de ce qui est derri\u00e8re vous, le Cycle Star E est homologu\u00e9 pour les VAE.\" \/>\n<meta property=\"og:url\" content=\"https:\/\/dumoulin.absoludev.ca\/produit\/retroviseur-buschmuller-cycle-star-e\/\" \/>\n<meta property=\"og:site_name\" content=\"Dumoulin Bicyclettes\" \/>\n<meta property=\"article:publisher\" content=\"https:\/\/www.facebook.com\/dumoulinbicyclettes\" \/>\n<meta property=\"article:modified_time\" content=\"2025-09-04T18:16:31+00:00\" \/>\n<meta property=\"og:image\" content=\"https:\/\/dumoulin.absoludev.ca\/wp-content\/uploads\/2023\/07\/913-6-Cycle-Star-Rueckspiegel-BuschMueller-Bild1.jpg\" \/>\n\t<meta property=\"og:image:width\" content=\"1000\" \/>\n\t<meta property=\"og:image:height\" content=\"1000\" \/>\n\t<meta property=\"og:image:type\" content=\"image\/jpeg\" \/>\n<meta name=\"twitter:card\" content=\"summary_large_image\" \/>\n<script type=\"application\/ld+json\" class=\"yoast-schema-graph\">{\"@context\":\"https:\/\/schema.org\",\"@graph\":[{\"@type\":\"WebPage\",\"@id\":\"https:\/\/dumoulin.absoludev.ca\/produit\/retroviseur-buschmuller-cycle-star-e\/\",\"url\":\"https:\/\/dumoulin.absoludev.ca\/produit\/retroviseur-buschmuller-cycle-star-e\/\",\"name\":\"R\u00e9troviseur Busch&M\u00fcller Cycle Star E - Dumoulin Bicyclettes\",\"isPartOf\":{\"@id\":\"https:\/\/dumoulin.absoludev.ca\/#website\"},\"primaryImageOfPage\":{\"@id\":\"https:\/\/dumoulin.absoludev.ca\/produit\/retroviseur-buschmuller-cycle-star-e\/#primaryimage\"},\"image\":{\"@id\":\"https:\/\/dumoulin.absoludev.ca\/produit\/retroviseur-buschmuller-cycle-star-e\/#primaryimage\"},\"thumbnailUrl\":\"https:\/\/dumoulin.absoludev.ca\/wp-content\/uploads\/2023\/07\/913-6-Cycle-Star-Rueckspiegel-BuschMueller-Bild1.jpg\",\"datePublished\":\"2023-07-24T20:04:38+00:00\",\"dateModified\":\"2025-09-04T18:16:31+00:00\",\"description\":\"R\u00e9troviseur ajustable et avec un large miroir pour faciliter la vision de ce qui est derri\u00e8re vous, le Cycle Star E est homologu\u00e9 pour les VAE.\",\"breadcrumb\":{\"@id\":\"https:\/\/dumoulin.absoludev.ca\/produit\/retroviseur-buschmuller-cycle-star-e\/#breadcrumb\"},\"inLanguage\":\"en-US\",\"potentialAction\":[{\"@type\":\"ReadAction\",\"target\":[\"https:\/\/dumoulin.absoludev.ca\/produit\/retroviseur-buschmuller-cycle-star-e\/\"]}]},{\"@type\":\"ImageObject\",\"inLanguage\":\"en-US\",\"@id\":\"https:\/\/dumoulin.absoludev.ca\/produit\/retroviseur-buschmuller-cycle-star-e\/#primaryimage\",\"url\":\"https:\/\/dumoulin.absoludev.ca\/wp-content\/uploads\/2023\/07\/913-6-Cycle-Star-Rueckspiegel-BuschMueller-Bild1.jpg\",\"contentUrl\":\"https:\/\/dumoulin.absoludev.ca\/wp-content\/uploads\/2023\/07\/913-6-Cycle-Star-Rueckspiegel-BuschMueller-Bild1.jpg\",\"width\":1000,\"height\":1000,\"caption\":\"Busch_And_M\u00fcller_r\u00e9troviseur-cycle-star-e\"},{\"@type\":\"BreadcrumbList\",\"@id\":\"https:\/\/dumoulin.absoludev.ca\/produit\/retroviseur-buschmuller-cycle-star-e\/#breadcrumb\",\"itemListElement\":[{\"@type\":\"ListItem\",\"position\":1,\"name\":\"Home\",\"item\":\"https:\/\/dumoulin.absoludev.ca\/en\/\"},{\"@type\":\"ListItem\",\"position\":2,\"name\":\"Shop\",\"item\":\"https:\/\/dumoulin.absoludev.ca\/en\/shop\/\"},{\"@type\":\"ListItem\",\"position\":3,\"name\":\"R\u00e9troviseur Busch&#038;M\u00fcller Cycle Star E\"}]},{\"@type\":\"WebSite\",\"@id\":\"https:\/\/dumoulin.absoludev.ca\/#website\",\"url\":\"https:\/\/dumoulin.absoludev.ca\/\",\"name\":\"Dumoulin Bicyclettes\",\"description\":\"\",\"publisher\":{\"@id\":\"https:\/\/dumoulin.absoludev.ca\/#organization\"},\"potentialAction\":[{\"@type\":\"SearchAction\",\"target\":{\"@type\":\"EntryPoint\",\"urlTemplate\":\"https:\/\/dumoulin.absoludev.ca\/?s={search_term_string}\"},\"query-input\":{\"@type\":\"PropertyValueSpecification\",\"valueRequired\":true,\"valueName\":\"search_term_string\"}}],\"inLanguage\":\"en-US\"},{\"@type\":\"Organization\",\"@id\":\"https:\/\/dumoulin.absoludev.ca\/#organization\",\"name\":\"Dumoulin Bicyclettes\",\"url\":\"https:\/\/dumoulin.absoludev.ca\/\",\"logo\":{\"@type\":\"ImageObject\",\"inLanguage\":\"en-US\",\"@id\":\"https:\/\/dumoulin.absoludev.ca\/#\/schema\/logo\/image\/\",\"url\":\"https:\/\/www.dumoulinbicyclettes.com\/wp-content\/uploads\/2021\/04\/Logo.svg\",\"contentUrl\":\"https:\/\/www.dumoulinbicyclettes.com\/wp-content\/uploads\/2021\/04\/Logo.svg\",\"width\":254,\"height\":86,\"caption\":\"Dumoulin Bicyclettes\"},\"image\":{\"@id\":\"https:\/\/dumoulin.absoludev.ca\/#\/schema\/logo\/image\/\"},\"sameAs\":[\"https:\/\/www.facebook.com\/dumoulinbicyclettes\",\"https:\/\/www.instagram.com\/dumoulin.ca\/\",\"https:\/\/www.youtube.com\/user\/dumoulinbicyclettes\"]}]}<\/script>\n<!-- \/ Yoast SEO plugin. -->","yoast_head_json":{"title":"R\u00e9troviseur Busch&M\u00fcller Cycle Star E - Dumoulin Bicyclettes","description":"R\u00e9troviseur ajustable et avec un large miroir pour faciliter la vision de ce qui est derri\u00e8re vous, le Cycle Star E est homologu\u00e9 pour les VAE.","robots":{"index":"noindex","follow":"follow","max-snippet":"max-snippet:-1","max-image-preview":"max-image-preview:large","max-video-preview":"max-video-preview:-1"},"og_locale":"en_US","og_type":"article","og_title":"R\u00e9troviseur Busch&M\u00fcller Cycle Star E - Dumoulin Bicyclettes","og_description":"R\u00e9troviseur ajustable et avec un large miroir pour faciliter la vision de ce qui est derri\u00e8re vous, le Cycle Star E est homologu\u00e9 pour les VAE.","og_url":"https:\/\/dumoulin.absoludev.ca\/produit\/retroviseur-buschmuller-cycle-star-e\/","og_site_name":"Dumoulin Bicyclettes","article_publisher":"https:\/\/www.facebook.com\/dumoulinbicyclettes","article_modified_time":"2025-09-04T18:16:31+00:00","og_image":[{"width":1000,"height":1000,"url":"https:\/\/dumoulin.absoludev.ca\/wp-content\/uploads\/2023\/07\/913-6-Cycle-Star-Rueckspiegel-BuschMueller-Bild1.jpg","type":"image\/jpeg"}],"twitter_card":"summary_large_image","schema":{"@context":"https:\/\/schema.org","@graph":[{"@type":"WebPage","@id":"https:\/\/dumoulin.absoludev.ca\/produit\/retroviseur-buschmuller-cycle-star-e\/","url":"https:\/\/dumoulin.absoludev.ca\/produit\/retroviseur-buschmuller-cycle-star-e\/","name":"R\u00e9troviseur Busch&M\u00fcller Cycle Star E - Dumoulin Bicyclettes","isPartOf":{"@id":"https:\/\/dumoulin.absoludev.ca\/#website"},"primaryImageOfPage":{"@id":"https:\/\/dumoulin.absoludev.ca\/produit\/retroviseur-buschmuller-cycle-star-e\/#primaryimage"},"image":{"@id":"https:\/\/dumoulin.absoludev.ca\/produit\/retroviseur-buschmuller-cycle-star-e\/#primaryimage"},"thumbnailUrl":"https:\/\/dumoulin.absoludev.ca\/wp-content\/uploads\/2023\/07\/913-6-Cycle-Star-Rueckspiegel-BuschMueller-Bild1.jpg","datePublished":"2023-07-24T20:04:38+00:00","dateModified":"2025-09-04T18:16:31+00:00","description":"R\u00e9troviseur ajustable et avec un large miroir pour faciliter la vision de ce qui est derri\u00e8re vous, le Cycle Star E est homologu\u00e9 pour les VAE.","breadcrumb":{"@id":"https:\/\/dumoulin.absoludev.ca\/produit\/retroviseur-buschmuller-cycle-star-e\/#breadcrumb"},"inLanguage":"en-US","potentialAction":[{"@type":"ReadAction","target":["https:\/\/dumoulin.absoludev.ca\/produit\/retroviseur-buschmuller-cycle-star-e\/"]}]},{"@type":"ImageObject","inLanguage":"en-US","@id":"https:\/\/dumoulin.absoludev.ca\/produit\/retroviseur-buschmuller-cycle-star-e\/#primaryimage","url":"https:\/\/dumoulin.absoludev.ca\/wp-content\/uploads\/2023\/07\/913-6-Cycle-Star-Rueckspiegel-BuschMueller-Bild1.jpg","contentUrl":"https:\/\/dumoulin.absoludev.ca\/wp-content\/uploads\/2023\/07\/913-6-Cycle-Star-Rueckspiegel-BuschMueller-Bild1.jpg","width":1000,"height":1000,"caption":"Busch_And_M\u00fcller_r\u00e9troviseur-cycle-star-e"},{"@type":"BreadcrumbList","@id":"https:\/\/dumoulin.absoludev.ca\/produit\/retroviseur-buschmuller-cycle-star-e\/#breadcrumb","itemListElement":[{"@type":"ListItem","position":1,"name":"Home","item":"https:\/\/dumoulin.absoludev.ca\/en\/"},{"@type":"ListItem","position":2,"name":"Shop","item":"https:\/\/dumoulin.absoludev.ca\/en\/shop\/"},{"@type":"ListItem","position":3,"name":"R\u00e9troviseur Busch&#038;M\u00fcller Cycle Star E"}]},{"@type":"WebSite","@id":"https:\/\/dumoulin.absoludev.ca\/#website","url":"https:\/\/dumoulin.absoludev.ca\/","name":"Dumoulin Bicyclettes","description":"","publisher":{"@id":"https:\/\/dumoulin.absoludev.ca\/#organization"},"potentialAction":[{"@type":"SearchAction","target":{"@type":"EntryPoint","urlTemplate":"https:\/\/dumoulin.absoludev.ca\/?s={search_term_string}"},"query-input":{"@type":"PropertyValueSpecification","valueRequired":true,"valueName":"search_term_string"}}],"inLanguage":"en-US"},{"@type":"Organization","@id":"https:\/\/dumoulin.absoludev.ca\/#organization","name":"Dumoulin Bicyclettes","url":"https:\/\/dumoulin.absoludev.ca\/","logo":{"@type":"ImageObject","inLanguage":"en-US","@id":"https:\/\/dumoulin.absoludev.ca\/#\/schema\/logo\/image\/","url":"https:\/\/www.dumoulinbicyclettes.com\/wp-content\/uploads\/2021\/04\/Logo.svg","contentUrl":"https:\/\/www.dumoulinbicyclettes.com\/wp-content\/uploads\/2021\/04\/Logo.svg","width":254,"height":86,"caption":"Dumoulin Bicyclettes"},"image":{"@id":"https:\/\/dumoulin.absoludev.ca\/#\/schema\/logo\/image\/"},"sameAs":["https:\/\/www.facebook.com\/dumoulinbicyclettes","https:\/\/www.instagram.com\/dumoulin.ca\/","https:\/\/www.youtube.com\/user\/dumoulinbicyclettes"]}]}},"_links":{"self":[{"href":"https:\/\/dumoulin.absoludev.ca\/en\/wp-json\/wp\/v2\/product\/278825","targetHints":{"allow":["GET"]}}],"collection":[{"href":"https:\/\/dumoulin.absoludev.ca\/en\/wp-json\/wp\/v2\/product"}],"about":[{"href":"https:\/\/dumoulin.absoludev.ca\/en\/wp-json\/wp\/v2\/types\/product"}],"wp:featuredmedia":[{"embeddable":true,"href":"https:\/\/dumoulin.absoludev.ca\/en\/wp-json\/wp\/v2\/media\/278826"}],"wp:attachment":[{"href":"https:\/\/dumoulin.absoludev.ca\/en\/wp-json\/wp\/v2\/media?parent=278825"}],"wp:term":[{"taxonomy":"product_brand","embeddable":true,"href":"https:\/\/dumoulin.absoludev.ca\/en\/wp-json\/wp\/v2\/product_brand?post=278825"},{"taxonomy":"product_cat","embeddable":true,"href":"https:\/\/dumoulin.absoludev.ca\/en\/wp-json\/wp\/v2\/product_cat?post=278825"},{"taxonomy":"product_tag","embeddable":true,"href":"https:\/\/dumoulin.absoludev.ca\/en\/wp-json\/wp\/v2\/product_tag?post=278825"},{"taxonomy":"marque-produit","embeddable":true,"href":"https:\/\/dumoulin.absoludev.ca\/en\/wp-json\/wp\/v2\/marque-produit?post=278825"},{"taxonomy":"collection-produit","embeddable":true,"href":"https:\/\/dumoulin.absoludev.ca\/en\/wp-json\/wp\/v2\/collection-produit?post=278825"},{"taxonomy":"type-surface-produit","embeddable":true,"href":"https:\/\/dumoulin.absoludev.ca\/en\/wp-json\/wp\/v2\/type-surface-produit?post=278825"},{"taxonomy":"type-velo-produit","embeddable":true,"href":"https:\/\/dumoulin.absoludev.ca\/en\/wp-json\/wp\/v2\/type-velo-produit?post=278825"},{"taxonomy":"vetement-produit","embeddable":true,"href":"https:\/\/dumoulin.absoludev.ca\/en\/wp-json\/wp\/v2\/vetement-produit?post=278825"},{"taxonomy":"thematique-produit","embeddable":true,"href":"https:\/\/dumoulin.absoludev.ca\/en\/wp-json\/wp\/v2\/thematique-produit?post=278825"},{"taxonomy":"position-sur-le-v\u00e9lo","embeddable":true,"href":"https:\/\/dumoulin.absoludev.ca\/en\/wp-json\/wp\/v2\/position-sur-le-v\u00e9lo?post=278825"}],"curies":[{"name":"wp","href":"https:\/\/api.w.org\/{rel}","templated":true}]}}