{"id":250963,"date":"2023-05-17T15:04:24","date_gmt":"2023-05-17T19:04:24","guid":{"rendered":"http:\/\/www.dumoulinbicyclettes.com\/?post_type=product&#038;p=250963"},"modified":"2025-02-12T23:18:36","modified_gmt":"2025-02-13T04:18:36","slug":"riese-and-muller-multitinker","status":"publish","type":"product","link":"https:\/\/dumoulin.absoludev.ca\/en\/produit\/riese-and-muller-multitinker\/","title":{"rendered":"Riese&#038;M\u00fcller Multitinker"},"content":{"rendered":"<p>Superbe v\u00e9lo cargo \u00ablongtail\u00bb, le Multitinker est con\u00e7u pour les familles.<\/p>\n<p>S\u00fbr et simple \u00e0 prendre en main, il se conduit tr\u00e8s bien et permet de se d\u00e9placer efficacement au quotidien avec un ou deux enfants.<\/p>\n<p>Agr\u00e9able \u00e0 utiliser, c&#8217;est un v\u00e9lo longtail de grande qualit\u00e9, \u00e0 <a href=\"https:\/\/www.dumoulinbicyclettes.com\/nous-contacter\/\" target=\"_blank\">essayer<\/a>!<\/p>\n","protected":false},"excerpt":{"rendered":"<p>Superbe v\u00e9lo cargo \u00ablongtail\u00bb, le Multitinker est con\u00e7u pour les familles. S\u00fbr et simple \u00e0 prendre en main, il se conduit tr\u00e8s bien et permet de se d\u00e9placer efficacement au quotidien avec un ou deux enfants. Agr\u00e9able \u00e0 utiliser, c&#8217;est un v\u00e9lo longtail de grande qualit\u00e9, \u00e0 essayer!<\/p>\n","protected":false},"featured_media":321737,"template":"","meta":{"_acf_changed":false},"product_brand":[],"product_cat":[1566,169,163],"product_tag":[2978,2752],"marque-produit":[2747],"collection-produit":[3348],"type-surface-produit":[],"type-velo-produit":[1248],"vetement-produit":[],"thematique-produit":[],"position-sur-le-v\u00e9lo":[],"class_list":{"0":"post-250963","1":"product","2":"type-product","3":"status-publish","4":"has-post-thumbnail","6":"product_cat-cargo","7":"product_cat-transport-denfant","8":"product_cat-velos-cargo","9":"product_tag-multitinker","10":"product_tag-riesemuller","11":"marque-produit-riese-and-muller","12":"collection-produit-longtails","13":"type-velo-produit-cargo","15":"first","16":"onbackorder","17":"taxable","18":"shipping-taxable","19":"purchasable","20":"product-type-variable"},"acf":[],"yoast_head":"<!-- This site is optimized with the Yoast SEO plugin v24.3 - https:\/\/yoast.com\/wordpress\/plugins\/seo\/ -->\n<title>Riese&amp;M\u00fcller Multitinker - Dumoulin Bicyclettes -Montr\u00e9al-Qu\u00e9bec<\/title>\n<meta name=\"description\" content=\"Le v\u00e9lo cargo Riese&amp;M\u00fcller Multitinker est compact et polyvalent. Il est un moyen de transport exceptionnel pour la famille.\" \/>\n<meta name=\"robots\" content=\"noindex, follow, max-snippet:-1, max-image-preview:large, max-video-preview:-1\" \/>\n<meta property=\"og:locale\" content=\"en_US\" \/>\n<meta property=\"og:type\" content=\"article\" \/>\n<meta property=\"og:title\" content=\"Riese&amp;M\u00fcller Multitinker - Dumoulin Bicyclettes -Montr\u00e9al-Qu\u00e9bec\" \/>\n<meta property=\"og:description\" content=\"Le v\u00e9lo cargo Riese&amp;M\u00fcller Multitinker est compact et polyvalent. Il est un moyen de transport exceptionnel pour la famille.\" \/>\n<meta property=\"og:url\" content=\"https:\/\/dumoulin.absoludev.ca\/en\/produit\/riese-and-muller-multitinker\/\" \/>\n<meta property=\"og:site_name\" content=\"Dumoulin Bicyclettes\" \/>\n<meta property=\"article:publisher\" content=\"https:\/\/www.facebook.com\/dumoulinbicyclettes\" \/>\n<meta property=\"article:modified_time\" content=\"2025-02-13T04:18:36+00:00\" \/>\n<meta property=\"og:image\" content=\"https:\/\/dumoulin.absoludev.ca\/wp-content\/uploads\/2023\/11\/velo-cargo-longtail-riese-and-muller-multitinker-touring_bleu.jpg\" \/>\n\t<meta property=\"og:image:width\" content=\"1500\" \/>\n\t<meta property=\"og:image:height\" content=\"1000\" \/>\n\t<meta property=\"og:image:type\" content=\"image\/jpeg\" \/>\n<meta name=\"twitter:card\" content=\"summary_large_image\" \/>\n<meta name=\"twitter:label1\" content=\"Est. reading time\" \/>\n\t<meta name=\"twitter:data1\" content=\"1 minute\" \/>\n<script type=\"application\/ld+json\" class=\"yoast-schema-graph\">{\"@context\":\"https:\/\/schema.org\",\"@graph\":[{\"@type\":\"WebPage\",\"@id\":\"https:\/\/dumoulin.absoludev.ca\/en\/produit\/riese-and-muller-multitinker\/\",\"url\":\"https:\/\/dumoulin.absoludev.ca\/en\/produit\/riese-and-muller-multitinker\/\",\"name\":\"Riese&M\u00fcller Multitinker - Dumoulin Bicyclettes -Montr\u00e9al-Qu\u00e9bec\",\"isPartOf\":{\"@id\":\"https:\/\/dumoulin.absoludev.ca\/#website\"},\"primaryImageOfPage\":{\"@id\":\"https:\/\/dumoulin.absoludev.ca\/en\/produit\/riese-and-muller-multitinker\/#primaryimage\"},\"image\":{\"@id\":\"https:\/\/dumoulin.absoludev.ca\/en\/produit\/riese-and-muller-multitinker\/#primaryimage\"},\"thumbnailUrl\":\"https:\/\/dumoulin.absoludev.ca\/wp-content\/uploads\/2023\/11\/velo-cargo-longtail-riese-and-muller-multitinker-touring_bleu.jpg\",\"datePublished\":\"2023-05-17T19:04:24+00:00\",\"dateModified\":\"2025-02-13T04:18:36+00:00\",\"description\":\"Le v\u00e9lo cargo Riese&M\u00fcller Multitinker est compact et polyvalent. Il est un moyen de transport exceptionnel pour la famille.\",\"breadcrumb\":{\"@id\":\"https:\/\/dumoulin.absoludev.ca\/en\/produit\/riese-and-muller-multitinker\/#breadcrumb\"},\"inLanguage\":\"en-US\",\"potentialAction\":[{\"@type\":\"ReadAction\",\"target\":[\"https:\/\/dumoulin.absoludev.ca\/en\/produit\/riese-and-muller-multitinker\/\"]}]},{\"@type\":\"ImageObject\",\"inLanguage\":\"en-US\",\"@id\":\"https:\/\/dumoulin.absoludev.ca\/en\/produit\/riese-and-muller-multitinker\/#primaryimage\",\"url\":\"https:\/\/dumoulin.absoludev.ca\/wp-content\/uploads\/2023\/11\/velo-cargo-longtail-riese-and-muller-multitinker-touring_bleu.jpg\",\"contentUrl\":\"https:\/\/dumoulin.absoludev.ca\/wp-content\/uploads\/2023\/11\/velo-cargo-longtail-riese-and-muller-multitinker-touring_bleu.jpg\",\"width\":1500,\"height\":1000,\"caption\":\"velo-cargo-longtail-riese-and-muller-multitinker-touring_bleu\"},{\"@type\":\"BreadcrumbList\",\"@id\":\"https:\/\/dumoulin.absoludev.ca\/en\/produit\/riese-and-muller-multitinker\/#breadcrumb\",\"itemListElement\":[{\"@type\":\"ListItem\",\"position\":1,\"name\":\"Home\",\"item\":\"https:\/\/dumoulin.absoludev.ca\/en\/\"},{\"@type\":\"ListItem\",\"position\":2,\"name\":\"Shop\",\"item\":\"https:\/\/dumoulin.absoludev.ca\/en\/shop\/\"},{\"@type\":\"ListItem\",\"position\":3,\"name\":\"Riese&#038;M\u00fcller Multitinker\"}]},{\"@type\":\"WebSite\",\"@id\":\"https:\/\/dumoulin.absoludev.ca\/#website\",\"url\":\"https:\/\/dumoulin.absoludev.ca\/\",\"name\":\"Dumoulin Bicyclettes\",\"description\":\"\",\"publisher\":{\"@id\":\"https:\/\/dumoulin.absoludev.ca\/#organization\"},\"potentialAction\":[{\"@type\":\"SearchAction\",\"target\":{\"@type\":\"EntryPoint\",\"urlTemplate\":\"https:\/\/dumoulin.absoludev.ca\/?s={search_term_string}\"},\"query-input\":{\"@type\":\"PropertyValueSpecification\",\"valueRequired\":true,\"valueName\":\"search_term_string\"}}],\"inLanguage\":\"en-US\"},{\"@type\":\"Organization\",\"@id\":\"https:\/\/dumoulin.absoludev.ca\/#organization\",\"name\":\"Dumoulin Bicyclettes\",\"url\":\"https:\/\/dumoulin.absoludev.ca\/\",\"logo\":{\"@type\":\"ImageObject\",\"inLanguage\":\"en-US\",\"@id\":\"https:\/\/dumoulin.absoludev.ca\/#\/schema\/logo\/image\/\",\"url\":\"https:\/\/www.dumoulinbicyclettes.com\/wp-content\/uploads\/2021\/04\/Logo.svg\",\"contentUrl\":\"https:\/\/www.dumoulinbicyclettes.com\/wp-content\/uploads\/2021\/04\/Logo.svg\",\"width\":254,\"height\":86,\"caption\":\"Dumoulin Bicyclettes\"},\"image\":{\"@id\":\"https:\/\/dumoulin.absoludev.ca\/#\/schema\/logo\/image\/\"},\"sameAs\":[\"https:\/\/www.facebook.com\/dumoulinbicyclettes\",\"https:\/\/www.instagram.com\/dumoulin.ca\/\",\"https:\/\/www.youtube.com\/user\/dumoulinbicyclettes\"]}]}<\/script>\n<!-- \/ Yoast SEO plugin. -->","yoast_head_json":{"title":"Riese&M\u00fcller Multitinker - Dumoulin Bicyclettes -Montr\u00e9al-Qu\u00e9bec","description":"Le v\u00e9lo cargo Riese&M\u00fcller Multitinker est compact et polyvalent. Il est un moyen de transport exceptionnel pour la famille.","robots":{"index":"noindex","follow":"follow","max-snippet":"max-snippet:-1","max-image-preview":"max-image-preview:large","max-video-preview":"max-video-preview:-1"},"og_locale":"en_US","og_type":"article","og_title":"Riese&M\u00fcller Multitinker - Dumoulin Bicyclettes -Montr\u00e9al-Qu\u00e9bec","og_description":"Le v\u00e9lo cargo Riese&M\u00fcller Multitinker est compact et polyvalent. Il est un moyen de transport exceptionnel pour la famille.","og_url":"https:\/\/dumoulin.absoludev.ca\/en\/produit\/riese-and-muller-multitinker\/","og_site_name":"Dumoulin Bicyclettes","article_publisher":"https:\/\/www.facebook.com\/dumoulinbicyclettes","article_modified_time":"2025-02-13T04:18:36+00:00","og_image":[{"width":1500,"height":1000,"url":"https:\/\/dumoulin.absoludev.ca\/wp-content\/uploads\/2023\/11\/velo-cargo-longtail-riese-and-muller-multitinker-touring_bleu.jpg","type":"image\/jpeg"}],"twitter_card":"summary_large_image","twitter_misc":{"Est. reading time":"1 minute"},"schema":{"@context":"https:\/\/schema.org","@graph":[{"@type":"WebPage","@id":"https:\/\/dumoulin.absoludev.ca\/en\/produit\/riese-and-muller-multitinker\/","url":"https:\/\/dumoulin.absoludev.ca\/en\/produit\/riese-and-muller-multitinker\/","name":"Riese&M\u00fcller Multitinker - Dumoulin Bicyclettes -Montr\u00e9al-Qu\u00e9bec","isPartOf":{"@id":"https:\/\/dumoulin.absoludev.ca\/#website"},"primaryImageOfPage":{"@id":"https:\/\/dumoulin.absoludev.ca\/en\/produit\/riese-and-muller-multitinker\/#primaryimage"},"image":{"@id":"https:\/\/dumoulin.absoludev.ca\/en\/produit\/riese-and-muller-multitinker\/#primaryimage"},"thumbnailUrl":"https:\/\/dumoulin.absoludev.ca\/wp-content\/uploads\/2023\/11\/velo-cargo-longtail-riese-and-muller-multitinker-touring_bleu.jpg","datePublished":"2023-05-17T19:04:24+00:00","dateModified":"2025-02-13T04:18:36+00:00","description":"Le v\u00e9lo cargo Riese&M\u00fcller Multitinker est compact et polyvalent. Il est un moyen de transport exceptionnel pour la famille.","breadcrumb":{"@id":"https:\/\/dumoulin.absoludev.ca\/en\/produit\/riese-and-muller-multitinker\/#breadcrumb"},"inLanguage":"en-US","potentialAction":[{"@type":"ReadAction","target":["https:\/\/dumoulin.absoludev.ca\/en\/produit\/riese-and-muller-multitinker\/"]}]},{"@type":"ImageObject","inLanguage":"en-US","@id":"https:\/\/dumoulin.absoludev.ca\/en\/produit\/riese-and-muller-multitinker\/#primaryimage","url":"https:\/\/dumoulin.absoludev.ca\/wp-content\/uploads\/2023\/11\/velo-cargo-longtail-riese-and-muller-multitinker-touring_bleu.jpg","contentUrl":"https:\/\/dumoulin.absoludev.ca\/wp-content\/uploads\/2023\/11\/velo-cargo-longtail-riese-and-muller-multitinker-touring_bleu.jpg","width":1500,"height":1000,"caption":"velo-cargo-longtail-riese-and-muller-multitinker-touring_bleu"},{"@type":"BreadcrumbList","@id":"https:\/\/dumoulin.absoludev.ca\/en\/produit\/riese-and-muller-multitinker\/#breadcrumb","itemListElement":[{"@type":"ListItem","position":1,"name":"Home","item":"https:\/\/dumoulin.absoludev.ca\/en\/"},{"@type":"ListItem","position":2,"name":"Shop","item":"https:\/\/dumoulin.absoludev.ca\/en\/shop\/"},{"@type":"ListItem","position":3,"name":"Riese&#038;M\u00fcller Multitinker"}]},{"@type":"WebSite","@id":"https:\/\/dumoulin.absoludev.ca\/#website","url":"https:\/\/dumoulin.absoludev.ca\/","name":"Dumoulin Bicyclettes","description":"","publisher":{"@id":"https:\/\/dumoulin.absoludev.ca\/#organization"},"potentialAction":[{"@type":"SearchAction","target":{"@type":"EntryPoint","urlTemplate":"https:\/\/dumoulin.absoludev.ca\/?s={search_term_string}"},"query-input":{"@type":"PropertyValueSpecification","valueRequired":true,"valueName":"search_term_string"}}],"inLanguage":"en-US"},{"@type":"Organization","@id":"https:\/\/dumoulin.absoludev.ca\/#organization","name":"Dumoulin Bicyclettes","url":"https:\/\/dumoulin.absoludev.ca\/","logo":{"@type":"ImageObject","inLanguage":"en-US","@id":"https:\/\/dumoulin.absoludev.ca\/#\/schema\/logo\/image\/","url":"https:\/\/www.dumoulinbicyclettes.com\/wp-content\/uploads\/2021\/04\/Logo.svg","contentUrl":"https:\/\/www.dumoulinbicyclettes.com\/wp-content\/uploads\/2021\/04\/Logo.svg","width":254,"height":86,"caption":"Dumoulin Bicyclettes"},"image":{"@id":"https:\/\/dumoulin.absoludev.ca\/#\/schema\/logo\/image\/"},"sameAs":["https:\/\/www.facebook.com\/dumoulinbicyclettes","https:\/\/www.instagram.com\/dumoulin.ca\/","https:\/\/www.youtube.com\/user\/dumoulinbicyclettes"]}]}},"_links":{"self":[{"href":"https:\/\/dumoulin.absoludev.ca\/en\/wp-json\/wp\/v2\/product\/250963","targetHints":{"allow":["GET"]}}],"collection":[{"href":"https:\/\/dumoulin.absoludev.ca\/en\/wp-json\/wp\/v2\/product"}],"about":[{"href":"https:\/\/dumoulin.absoludev.ca\/en\/wp-json\/wp\/v2\/types\/product"}],"wp:featuredmedia":[{"embeddable":true,"href":"https:\/\/dumoulin.absoludev.ca\/en\/wp-json\/wp\/v2\/media\/321737"}],"wp:attachment":[{"href":"https:\/\/dumoulin.absoludev.ca\/en\/wp-json\/wp\/v2\/media?parent=250963"}],"wp:term":[{"taxonomy":"product_brand","embeddable":true,"href":"https:\/\/dumoulin.absoludev.ca\/en\/wp-json\/wp\/v2\/product_brand?post=250963"},{"taxonomy":"product_cat","embeddable":true,"href":"https:\/\/dumoulin.absoludev.ca\/en\/wp-json\/wp\/v2\/product_cat?post=250963"},{"taxonomy":"product_tag","embeddable":true,"href":"https:\/\/dumoulin.absoludev.ca\/en\/wp-json\/wp\/v2\/product_tag?post=250963"},{"taxonomy":"marque-produit","embeddable":true,"href":"https:\/\/dumoulin.absoludev.ca\/en\/wp-json\/wp\/v2\/marque-produit?post=250963"},{"taxonomy":"collection-produit","embeddable":true,"href":"https:\/\/dumoulin.absoludev.ca\/en\/wp-json\/wp\/v2\/collection-produit?post=250963"},{"taxonomy":"type-surface-produit","embeddable":true,"href":"https:\/\/dumoulin.absoludev.ca\/en\/wp-json\/wp\/v2\/type-surface-produit?post=250963"},{"taxonomy":"type-velo-produit","embeddable":true,"href":"https:\/\/dumoulin.absoludev.ca\/en\/wp-json\/wp\/v2\/type-velo-produit?post=250963"},{"taxonomy":"vetement-produit","embeddable":true,"href":"https:\/\/dumoulin.absoludev.ca\/en\/wp-json\/wp\/v2\/vetement-produit?post=250963"},{"taxonomy":"thematique-produit","embeddable":true,"href":"https:\/\/dumoulin.absoludev.ca\/en\/wp-json\/wp\/v2\/thematique-produit?post=250963"},{"taxonomy":"position-sur-le-v\u00e9lo","embeddable":true,"href":"https:\/\/dumoulin.absoludev.ca\/en\/wp-json\/wp\/v2\/position-sur-le-v\u00e9lo?post=250963"}],"curies":[{"name":"wp","href":"https:\/\/api.w.org\/{rel}","templated":true}]}}