{"id":210335,"date":"2023-01-25T17:03:27","date_gmt":"2023-01-25T22:03:27","guid":{"rendered":"http:\/\/www.dumoulinbicyclettes.com\/?post_type=product&#038;p=210335"},"modified":"2025-09-04T14:14:58","modified_gmt":"2025-09-04T18:14:58","slug":"pedales-de-velo-shimano-pd-eh500-689228866317","status":"publish","type":"product","link":"https:\/\/dumoulin.absoludev.ca\/en\/produit\/pedales-de-velo-shimano-pd-eh500-689228866317\/","title":{"rendered":"P\u00e9dales Shimano PD-EH500"},"content":{"rendered":"<p>Paire de p\u00e9dales classique et iconique, les Shimano PD-EH500 sont pris\u00e9es par les cyclotouristes. D&#8217;un c\u00f4t\u00e9, la p\u00e9dale automatique SPD, de l&#8217;autre, une p\u00e9dale plate pour p\u00e9daler en Birk&#8217; !<\/p>\n","protected":false},"excerpt":{"rendered":"<p>Paire de p\u00e9dales classique et iconique, les Shimano PD-EH500 sont pris\u00e9es par les cyclotouristes. D&#8217;un c\u00f4t\u00e9, la p\u00e9dale automatique SPD, de l&#8217;autre, une p\u00e9dale plate pour p\u00e9daler en Birk&#8217; !<\/p>\n","protected":false},"featured_media":210336,"template":"","meta":{"_acf_changed":false},"product_brand":[],"product_cat":[220],"product_tag":[],"marque-produit":[1290],"collection-produit":[],"type-surface-produit":[],"type-velo-produit":[],"vetement-produit":[],"thematique-produit":[],"position-sur-le-v\u00e9lo":[],"class_list":{"0":"post-210335","1":"product","2":"type-product","3":"status-publish","4":"has-post-thumbnail","6":"product_cat-pedales","7":"marque-produit-shimano","9":"first","10":"outofstock","11":"taxable","12":"shipping-taxable","13":"purchasable","14":"product-type-simple"},"acf":[],"yoast_head":"<!-- This site is optimized with the Yoast SEO plugin v24.3 - https:\/\/yoast.com\/wordpress\/plugins\/seo\/ -->\n<title>P\u00e9dales Shimano PD-EH500 - Dumoulin Bicyclettes | Cyclotourisme | Montr\u00e9al | Shimano<\/title>\n<meta name=\"description\" content=\"P\u00e9dales hybrides Shimano PD-EH500 : classiques, elles jouissent d&#039;une r\u00e9putation enviable aupr\u00e8s des cyclotouristes. D&#039;un c\u00f4t\u00e9 SPD, de l&#039;autre plate, pour de nombreux usages.\" \/>\n<meta name=\"robots\" content=\"noindex, follow, max-snippet:-1, max-image-preview:large, max-video-preview:-1\" \/>\n<meta property=\"og:locale\" content=\"en_US\" \/>\n<meta property=\"og:type\" content=\"article\" \/>\n<meta property=\"og:title\" content=\"P\u00e9dales Shimano PD-EH500 - Dumoulin Bicyclettes | Cyclotourisme | Montr\u00e9al | Shimano\" \/>\n<meta property=\"og:description\" content=\"P\u00e9dales hybrides Shimano PD-EH500 : classiques, elles jouissent d&#039;une r\u00e9putation enviable aupr\u00e8s des cyclotouristes. D&#039;un c\u00f4t\u00e9 SPD, de l&#039;autre plate, pour de nombreux usages.\" \/>\n<meta property=\"og:url\" content=\"https:\/\/dumoulin.absoludev.ca\/produit\/pedales-de-velo-shimano-pd-eh500-689228866317\/\" \/>\n<meta property=\"og:site_name\" content=\"Dumoulin Bicyclettes\" \/>\n<meta property=\"article:publisher\" content=\"https:\/\/www.facebook.com\/dumoulinbicyclettes\" \/>\n<meta property=\"article:modified_time\" content=\"2025-09-04T18:14:58+00:00\" \/>\n<meta property=\"og:image\" content=\"https:\/\/dumoulin.absoludev.ca\/wp-content\/uploads\/2023\/01\/8054dc63-e219-43c9-8f3a-803f8bb0cc03.png\" \/>\n\t<meta property=\"og:image:width\" content=\"310\" \/>\n\t<meta property=\"og:image:height\" content=\"310\" \/>\n\t<meta property=\"og:image:type\" content=\"image\/png\" \/>\n<meta name=\"twitter:card\" content=\"summary_large_image\" \/>\n<script type=\"application\/ld+json\" class=\"yoast-schema-graph\">{\"@context\":\"https:\/\/schema.org\",\"@graph\":[{\"@type\":\"WebPage\",\"@id\":\"https:\/\/dumoulin.absoludev.ca\/produit\/pedales-de-velo-shimano-pd-eh500-689228866317\/\",\"url\":\"https:\/\/dumoulin.absoludev.ca\/produit\/pedales-de-velo-shimano-pd-eh500-689228866317\/\",\"name\":\"P\u00e9dales Shimano PD-EH500 - Dumoulin Bicyclettes | Cyclotourisme | Montr\u00e9al | Shimano\",\"isPartOf\":{\"@id\":\"https:\/\/dumoulin.absoludev.ca\/#website\"},\"primaryImageOfPage\":{\"@id\":\"https:\/\/dumoulin.absoludev.ca\/produit\/pedales-de-velo-shimano-pd-eh500-689228866317\/#primaryimage\"},\"image\":{\"@id\":\"https:\/\/dumoulin.absoludev.ca\/produit\/pedales-de-velo-shimano-pd-eh500-689228866317\/#primaryimage\"},\"thumbnailUrl\":\"https:\/\/dumoulin.absoludev.ca\/wp-content\/uploads\/2023\/01\/8054dc63-e219-43c9-8f3a-803f8bb0cc03.png\",\"datePublished\":\"2023-01-25T22:03:27+00:00\",\"dateModified\":\"2025-09-04T18:14:58+00:00\",\"description\":\"P\u00e9dales hybrides Shimano PD-EH500 : classiques, elles jouissent d'une r\u00e9putation enviable aupr\u00e8s des cyclotouristes. D'un c\u00f4t\u00e9 SPD, de l'autre plate, pour de nombreux usages.\",\"breadcrumb\":{\"@id\":\"https:\/\/dumoulin.absoludev.ca\/produit\/pedales-de-velo-shimano-pd-eh500-689228866317\/#breadcrumb\"},\"inLanguage\":\"en-US\",\"potentialAction\":[{\"@type\":\"ReadAction\",\"target\":[\"https:\/\/dumoulin.absoludev.ca\/produit\/pedales-de-velo-shimano-pd-eh500-689228866317\/\"]}]},{\"@type\":\"ImageObject\",\"inLanguage\":\"en-US\",\"@id\":\"https:\/\/dumoulin.absoludev.ca\/produit\/pedales-de-velo-shimano-pd-eh500-689228866317\/#primaryimage\",\"url\":\"https:\/\/dumoulin.absoludev.ca\/wp-content\/uploads\/2023\/01\/8054dc63-e219-43c9-8f3a-803f8bb0cc03.png\",\"contentUrl\":\"https:\/\/dumoulin.absoludev.ca\/wp-content\/uploads\/2023\/01\/8054dc63-e219-43c9-8f3a-803f8bb0cc03.png\",\"width\":310,\"height\":310,\"caption\":\"pedales-shimano-pd-500-689228866317\"},{\"@type\":\"BreadcrumbList\",\"@id\":\"https:\/\/dumoulin.absoludev.ca\/produit\/pedales-de-velo-shimano-pd-eh500-689228866317\/#breadcrumb\",\"itemListElement\":[{\"@type\":\"ListItem\",\"position\":1,\"name\":\"Home\",\"item\":\"https:\/\/dumoulin.absoludev.ca\/en\/\"},{\"@type\":\"ListItem\",\"position\":2,\"name\":\"Shop\",\"item\":\"https:\/\/dumoulin.absoludev.ca\/en\/shop\/\"},{\"@type\":\"ListItem\",\"position\":3,\"name\":\"P\u00e9dales Shimano PD-EH500\"}]},{\"@type\":\"WebSite\",\"@id\":\"https:\/\/dumoulin.absoludev.ca\/#website\",\"url\":\"https:\/\/dumoulin.absoludev.ca\/\",\"name\":\"Dumoulin Bicyclettes\",\"description\":\"\",\"publisher\":{\"@id\":\"https:\/\/dumoulin.absoludev.ca\/#organization\"},\"potentialAction\":[{\"@type\":\"SearchAction\",\"target\":{\"@type\":\"EntryPoint\",\"urlTemplate\":\"https:\/\/dumoulin.absoludev.ca\/?s={search_term_string}\"},\"query-input\":{\"@type\":\"PropertyValueSpecification\",\"valueRequired\":true,\"valueName\":\"search_term_string\"}}],\"inLanguage\":\"en-US\"},{\"@type\":\"Organization\",\"@id\":\"https:\/\/dumoulin.absoludev.ca\/#organization\",\"name\":\"Dumoulin Bicyclettes\",\"url\":\"https:\/\/dumoulin.absoludev.ca\/\",\"logo\":{\"@type\":\"ImageObject\",\"inLanguage\":\"en-US\",\"@id\":\"https:\/\/dumoulin.absoludev.ca\/#\/schema\/logo\/image\/\",\"url\":\"https:\/\/www.dumoulinbicyclettes.com\/wp-content\/uploads\/2021\/04\/Logo.svg\",\"contentUrl\":\"https:\/\/www.dumoulinbicyclettes.com\/wp-content\/uploads\/2021\/04\/Logo.svg\",\"width\":254,\"height\":86,\"caption\":\"Dumoulin Bicyclettes\"},\"image\":{\"@id\":\"https:\/\/dumoulin.absoludev.ca\/#\/schema\/logo\/image\/\"},\"sameAs\":[\"https:\/\/www.facebook.com\/dumoulinbicyclettes\",\"https:\/\/www.instagram.com\/dumoulin.ca\/\",\"https:\/\/www.youtube.com\/user\/dumoulinbicyclettes\"]}]}<\/script>\n<!-- \/ Yoast SEO plugin. -->","yoast_head_json":{"title":"P\u00e9dales Shimano PD-EH500 - Dumoulin Bicyclettes | Cyclotourisme | Montr\u00e9al | Shimano","description":"P\u00e9dales hybrides Shimano PD-EH500 : classiques, elles jouissent d'une r\u00e9putation enviable aupr\u00e8s des cyclotouristes. D'un c\u00f4t\u00e9 SPD, de l'autre plate, pour de nombreux usages.","robots":{"index":"noindex","follow":"follow","max-snippet":"max-snippet:-1","max-image-preview":"max-image-preview:large","max-video-preview":"max-video-preview:-1"},"og_locale":"en_US","og_type":"article","og_title":"P\u00e9dales Shimano PD-EH500 - Dumoulin Bicyclettes | Cyclotourisme | Montr\u00e9al | Shimano","og_description":"P\u00e9dales hybrides Shimano PD-EH500 : classiques, elles jouissent d'une r\u00e9putation enviable aupr\u00e8s des cyclotouristes. D'un c\u00f4t\u00e9 SPD, de l'autre plate, pour de nombreux usages.","og_url":"https:\/\/dumoulin.absoludev.ca\/produit\/pedales-de-velo-shimano-pd-eh500-689228866317\/","og_site_name":"Dumoulin Bicyclettes","article_publisher":"https:\/\/www.facebook.com\/dumoulinbicyclettes","article_modified_time":"2025-09-04T18:14:58+00:00","og_image":[{"width":310,"height":310,"url":"https:\/\/dumoulin.absoludev.ca\/wp-content\/uploads\/2023\/01\/8054dc63-e219-43c9-8f3a-803f8bb0cc03.png","type":"image\/png"}],"twitter_card":"summary_large_image","schema":{"@context":"https:\/\/schema.org","@graph":[{"@type":"WebPage","@id":"https:\/\/dumoulin.absoludev.ca\/produit\/pedales-de-velo-shimano-pd-eh500-689228866317\/","url":"https:\/\/dumoulin.absoludev.ca\/produit\/pedales-de-velo-shimano-pd-eh500-689228866317\/","name":"P\u00e9dales Shimano PD-EH500 - Dumoulin Bicyclettes | Cyclotourisme | Montr\u00e9al | Shimano","isPartOf":{"@id":"https:\/\/dumoulin.absoludev.ca\/#website"},"primaryImageOfPage":{"@id":"https:\/\/dumoulin.absoludev.ca\/produit\/pedales-de-velo-shimano-pd-eh500-689228866317\/#primaryimage"},"image":{"@id":"https:\/\/dumoulin.absoludev.ca\/produit\/pedales-de-velo-shimano-pd-eh500-689228866317\/#primaryimage"},"thumbnailUrl":"https:\/\/dumoulin.absoludev.ca\/wp-content\/uploads\/2023\/01\/8054dc63-e219-43c9-8f3a-803f8bb0cc03.png","datePublished":"2023-01-25T22:03:27+00:00","dateModified":"2025-09-04T18:14:58+00:00","description":"P\u00e9dales hybrides Shimano PD-EH500 : classiques, elles jouissent d'une r\u00e9putation enviable aupr\u00e8s des cyclotouristes. D'un c\u00f4t\u00e9 SPD, de l'autre plate, pour de nombreux usages.","breadcrumb":{"@id":"https:\/\/dumoulin.absoludev.ca\/produit\/pedales-de-velo-shimano-pd-eh500-689228866317\/#breadcrumb"},"inLanguage":"en-US","potentialAction":[{"@type":"ReadAction","target":["https:\/\/dumoulin.absoludev.ca\/produit\/pedales-de-velo-shimano-pd-eh500-689228866317\/"]}]},{"@type":"ImageObject","inLanguage":"en-US","@id":"https:\/\/dumoulin.absoludev.ca\/produit\/pedales-de-velo-shimano-pd-eh500-689228866317\/#primaryimage","url":"https:\/\/dumoulin.absoludev.ca\/wp-content\/uploads\/2023\/01\/8054dc63-e219-43c9-8f3a-803f8bb0cc03.png","contentUrl":"https:\/\/dumoulin.absoludev.ca\/wp-content\/uploads\/2023\/01\/8054dc63-e219-43c9-8f3a-803f8bb0cc03.png","width":310,"height":310,"caption":"pedales-shimano-pd-500-689228866317"},{"@type":"BreadcrumbList","@id":"https:\/\/dumoulin.absoludev.ca\/produit\/pedales-de-velo-shimano-pd-eh500-689228866317\/#breadcrumb","itemListElement":[{"@type":"ListItem","position":1,"name":"Home","item":"https:\/\/dumoulin.absoludev.ca\/en\/"},{"@type":"ListItem","position":2,"name":"Shop","item":"https:\/\/dumoulin.absoludev.ca\/en\/shop\/"},{"@type":"ListItem","position":3,"name":"P\u00e9dales Shimano PD-EH500"}]},{"@type":"WebSite","@id":"https:\/\/dumoulin.absoludev.ca\/#website","url":"https:\/\/dumoulin.absoludev.ca\/","name":"Dumoulin Bicyclettes","description":"","publisher":{"@id":"https:\/\/dumoulin.absoludev.ca\/#organization"},"potentialAction":[{"@type":"SearchAction","target":{"@type":"EntryPoint","urlTemplate":"https:\/\/dumoulin.absoludev.ca\/?s={search_term_string}"},"query-input":{"@type":"PropertyValueSpecification","valueRequired":true,"valueName":"search_term_string"}}],"inLanguage":"en-US"},{"@type":"Organization","@id":"https:\/\/dumoulin.absoludev.ca\/#organization","name":"Dumoulin Bicyclettes","url":"https:\/\/dumoulin.absoludev.ca\/","logo":{"@type":"ImageObject","inLanguage":"en-US","@id":"https:\/\/dumoulin.absoludev.ca\/#\/schema\/logo\/image\/","url":"https:\/\/www.dumoulinbicyclettes.com\/wp-content\/uploads\/2021\/04\/Logo.svg","contentUrl":"https:\/\/www.dumoulinbicyclettes.com\/wp-content\/uploads\/2021\/04\/Logo.svg","width":254,"height":86,"caption":"Dumoulin Bicyclettes"},"image":{"@id":"https:\/\/dumoulin.absoludev.ca\/#\/schema\/logo\/image\/"},"sameAs":["https:\/\/www.facebook.com\/dumoulinbicyclettes","https:\/\/www.instagram.com\/dumoulin.ca\/","https:\/\/www.youtube.com\/user\/dumoulinbicyclettes"]}]}},"_links":{"self":[{"href":"https:\/\/dumoulin.absoludev.ca\/en\/wp-json\/wp\/v2\/product\/210335","targetHints":{"allow":["GET"]}}],"collection":[{"href":"https:\/\/dumoulin.absoludev.ca\/en\/wp-json\/wp\/v2\/product"}],"about":[{"href":"https:\/\/dumoulin.absoludev.ca\/en\/wp-json\/wp\/v2\/types\/product"}],"wp:featuredmedia":[{"embeddable":true,"href":"https:\/\/dumoulin.absoludev.ca\/en\/wp-json\/wp\/v2\/media\/210336"}],"wp:attachment":[{"href":"https:\/\/dumoulin.absoludev.ca\/en\/wp-json\/wp\/v2\/media?parent=210335"}],"wp:term":[{"taxonomy":"product_brand","embeddable":true,"href":"https:\/\/dumoulin.absoludev.ca\/en\/wp-json\/wp\/v2\/product_brand?post=210335"},{"taxonomy":"product_cat","embeddable":true,"href":"https:\/\/dumoulin.absoludev.ca\/en\/wp-json\/wp\/v2\/product_cat?post=210335"},{"taxonomy":"product_tag","embeddable":true,"href":"https:\/\/dumoulin.absoludev.ca\/en\/wp-json\/wp\/v2\/product_tag?post=210335"},{"taxonomy":"marque-produit","embeddable":true,"href":"https:\/\/dumoulin.absoludev.ca\/en\/wp-json\/wp\/v2\/marque-produit?post=210335"},{"taxonomy":"collection-produit","embeddable":true,"href":"https:\/\/dumoulin.absoludev.ca\/en\/wp-json\/wp\/v2\/collection-produit?post=210335"},{"taxonomy":"type-surface-produit","embeddable":true,"href":"https:\/\/dumoulin.absoludev.ca\/en\/wp-json\/wp\/v2\/type-surface-produit?post=210335"},{"taxonomy":"type-velo-produit","embeddable":true,"href":"https:\/\/dumoulin.absoludev.ca\/en\/wp-json\/wp\/v2\/type-velo-produit?post=210335"},{"taxonomy":"vetement-produit","embeddable":true,"href":"https:\/\/dumoulin.absoludev.ca\/en\/wp-json\/wp\/v2\/vetement-produit?post=210335"},{"taxonomy":"thematique-produit","embeddable":true,"href":"https:\/\/dumoulin.absoludev.ca\/en\/wp-json\/wp\/v2\/thematique-produit?post=210335"},{"taxonomy":"position-sur-le-v\u00e9lo","embeddable":true,"href":"https:\/\/dumoulin.absoludev.ca\/en\/wp-json\/wp\/v2\/position-sur-le-v\u00e9lo?post=210335"}],"curies":[{"name":"wp","href":"https:\/\/api.w.org\/{rel}","templated":true}]}}